{"id":253075,"date":"2025-02-08T19:20:02","date_gmt":"2025-02-08T18:20:02","guid":{"rendered":"https:\/\/miomiorun.com\/?post_type=product&#038;p=253075"},"modified":"2025-04-03T17:04:23","modified_gmt":"2025-04-03T15:04:23","slug":"flex-stride-bottle-belt","status":"publish","type":"product","link":"https:\/\/www.miomiorun.com\/de\/produkt\/flex-stride-bottle-belt\/","title":{"rendered":"flex stride bottle belt"},"content":{"rendered":"<p>Der <strong>flex stride <\/strong>bottle belt ist ein G\u00fcrtel mit integriertem Trinkflaschenhalter, der sich perfekt f\u00fcr Langstreckenaktivit\u00e4ten eignet, sei es auf dem Trail, auf der Stra\u00dfe oder in der Wildnis. N\u00fctzlich und vielseitig, es verf\u00fcgt \u00fcber eine Tasche gro\u00df genug, um unser Wesentliches zu halten, mit einem vereinfachten Clip-Verschluss.<\/p>\n<p>MERKMALE :<\/p>\n<p>-Material<strong class=\"mr-2\">:<\/strong>60% Nylon, 40% Polyester<\/p>\n<p><strong>-Flasche<\/strong>: 375 ml Inhalt<\/p>\n<p>&nbsp;<\/p>\n","protected":false},"excerpt":{"rendered":"<ul>\n<li>Trinkflascheng\u00fcrtel<\/li>\n<li>leichter Komfort<\/li>\n<\/ul>\n","protected":false},"featured_media":256015,"template":"","meta":{"_acf_changed":false,"inline_featured_image":false},"product_brand":[],"product_cat":[6342,6396,6397],"product_tag":[17028,19359,19361],"class_list":{"0":"post-253075","1":"product","2":"type-product","3":"status-publish","4":"has-post-thumbnail","6":"product_cat-zubehoer","7":"product_cat-taschen-und-guertel-de","8":"product_cat-guertel-de","9":"product_tag-nike-de","10":"product_tag-nike-damen","11":"product_tag-nike-herren","12":"pa_attivita-gehen","13":"pa_attivita-running-de","14":"pa_marca-nike-de","15":"pa_sesso-damen","16":"pa_sesso-herren","18":"first","19":"instock","20":"sale","21":"taxable","22":"shipping-taxable","23":"purchasable","24":"product-type-simple"},"acf":[],"yoast_head":"<!-- This site is optimized with the Yoast SEO plugin v26.8 - https:\/\/yoast.com\/product\/yoast-seo-wordpress\/ -->\n<title>Nike flex stride bottle belt - Kolbenhalter MioMioRun.com<\/title>\n<meta name=\"description\" content=\"Der Flex Stride Bottle Belt ist ein G\u00fcrtel mit integrierter Trinkflasche, ideal f\u00fcr Aktivit\u00e4ten mit mittlerer Dauer auf der Stra\u00dfe oder auf dem Trail. Erfahren Sie mehr auf unserer Website\" \/>\n<meta name=\"robots\" content=\"index, follow, max-snippet:-1, max-image-preview:large, max-video-preview:-1\" \/>\n<link rel=\"canonical\" href=\"https:\/\/www.miomiorun.com\/de\/produkt\/flex-stride-bottle-belt\/\" \/>\n<meta property=\"og:locale\" content=\"de_DE\" \/>\n<meta property=\"og:type\" content=\"article\" \/>\n<meta property=\"og:title\" content=\"Nike flex stride bottle belt - Kolbenhalter MioMioRun.com\" \/>\n<meta property=\"og:description\" content=\"Der Flex Stride Bottle Belt ist ein G\u00fcrtel mit integrierter Trinkflasche, ideal f\u00fcr Aktivit\u00e4ten mit mittlerer Dauer auf der Stra\u00dfe oder auf dem Trail. Erfahren Sie mehr auf unserer Website\" \/>\n<meta property=\"og:url\" content=\"https:\/\/www.miomiorun.com\/de\/produkt\/flex-stride-bottle-belt\/\" \/>\n<meta property=\"og:site_name\" content=\"MioMioRun\" \/>\n<meta property=\"article:publisher\" content=\"https:\/\/www.facebook.com\/miomiorun\/\" \/>\n<meta property=\"article:modified_time\" content=\"2025-04-03T15:04:23+00:00\" \/>\n<meta property=\"og:image\" content=\"https:\/\/www.miomiorun.com\/app\/uploads\/2025\/02\/nike-flex-stride-bottle-belt-BK-BK-WH-N10034420820S.webp\" \/>\n\t<meta property=\"og:image:width\" content=\"600\" \/>\n\t<meta property=\"og:image:height\" content=\"600\" \/>\n\t<meta property=\"og:image:type\" content=\"image\/webp\" \/>\n<meta name=\"twitter:card\" content=\"summary_large_image\" \/>\n<script type=\"application\/ld+json\" class=\"yoast-schema-graph\">{\"@context\":\"https:\/\/schema.org\",\"@graph\":[{\"@type\":\"WebPage\",\"@id\":\"https:\/\/www.miomiorun.com\/de\/produkt\/flex-stride-bottle-belt\/\",\"url\":\"https:\/\/www.miomiorun.com\/de\/produkt\/flex-stride-bottle-belt\/\",\"name\":\"Nike flex stride bottle belt - Kolbenhalter MioMioRun.com\",\"isPartOf\":{\"@id\":\"https:\/\/www.miomiorun.com\/de\/#website\"},\"primaryImageOfPage\":{\"@id\":\"https:\/\/www.miomiorun.com\/de\/produkt\/flex-stride-bottle-belt\/#primaryimage\"},\"image\":{\"@id\":\"https:\/\/www.miomiorun.com\/de\/produkt\/flex-stride-bottle-belt\/#primaryimage\"},\"thumbnailUrl\":\"https:\/\/www.miomiorun.com\/app\/uploads\/2025\/02\/nike-flex-stride-bottle-belt-BK-BK-WH-N10034420820S.webp\",\"datePublished\":\"2025-02-08T18:20:02+00:00\",\"dateModified\":\"2025-04-03T15:04:23+00:00\",\"description\":\"Der Flex Stride Bottle Belt ist ein G\u00fcrtel mit integrierter Trinkflasche, ideal f\u00fcr Aktivit\u00e4ten mit mittlerer Dauer auf der Stra\u00dfe oder auf dem Trail. Erfahren Sie mehr auf unserer Website\",\"breadcrumb\":{\"@id\":\"https:\/\/www.miomiorun.com\/de\/produkt\/flex-stride-bottle-belt\/#breadcrumb\"},\"inLanguage\":\"de-DE\",\"potentialAction\":[{\"@type\":\"ReadAction\",\"target\":[\"https:\/\/www.miomiorun.com\/de\/produkt\/flex-stride-bottle-belt\/\"]}]},{\"@type\":\"ImageObject\",\"inLanguage\":\"de-DE\",\"@id\":\"https:\/\/www.miomiorun.com\/de\/produkt\/flex-stride-bottle-belt\/#primaryimage\",\"url\":\"https:\/\/www.miomiorun.com\/app\/uploads\/2025\/02\/nike-flex-stride-bottle-belt-BK-BK-WH-N10034420820S.webp\",\"contentUrl\":\"https:\/\/www.miomiorun.com\/app\/uploads\/2025\/02\/nike-flex-stride-bottle-belt-BK-BK-WH-N10034420820S.webp\",\"width\":600,\"height\":600,\"caption\":\"nike flex stride bottle belt BK BK WH N10034420820S\"},{\"@type\":\"BreadcrumbList\",\"@id\":\"https:\/\/www.miomiorun.com\/de\/produkt\/flex-stride-bottle-belt\/#breadcrumb\",\"itemListElement\":[{\"@type\":\"ListItem\",\"position\":1,\"name\":\"Home\",\"item\":\"https:\/\/www.miomiorun.com\/de\/\"},{\"@type\":\"ListItem\",\"position\":2,\"name\":\"Shop\",\"item\":\"https:\/\/www.miomiorun.com\/shop\/\"},{\"@type\":\"ListItem\",\"position\":3,\"name\":\"flex stride bottle belt\"}]},{\"@type\":\"WebSite\",\"@id\":\"https:\/\/www.miomiorun.com\/de\/#website\",\"url\":\"https:\/\/www.miomiorun.com\/de\/\",\"name\":\"MioMioRun\",\"description\":\"100% Lauf- und Trailshop\",\"publisher\":{\"@id\":\"https:\/\/www.miomiorun.com\/de\/#organization\"},\"potentialAction\":[{\"@type\":\"SearchAction\",\"target\":{\"@type\":\"EntryPoint\",\"urlTemplate\":\"https:\/\/www.miomiorun.com\/de\/?s={search_term_string}\"},\"query-input\":{\"@type\":\"PropertyValueSpecification\",\"valueRequired\":true,\"valueName\":\"search_term_string\"}}],\"inLanguage\":\"de-DE\"},{\"@type\":\"Organization\",\"@id\":\"https:\/\/www.miomiorun.com\/de\/#organization\",\"name\":\"MioMio Run\",\"url\":\"https:\/\/www.miomiorun.com\/de\/\",\"logo\":{\"@type\":\"ImageObject\",\"inLanguage\":\"de-DE\",\"@id\":\"https:\/\/www.miomiorun.com\/de\/#\/schema\/logo\/image\/\",\"url\":\"https:\/\/www.miomiorun.com\/app\/uploads\/2019\/12\/logomio.png\",\"contentUrl\":\"https:\/\/www.miomiorun.com\/app\/uploads\/2019\/12\/logomio.png\",\"width\":115,\"height\":82,\"caption\":\"MioMio Run\"},\"image\":{\"@id\":\"https:\/\/www.miomiorun.com\/de\/#\/schema\/logo\/image\/\"},\"sameAs\":[\"https:\/\/www.facebook.com\/miomiorun\/\",\"https:\/\/www.instagram.com\/miomiorun\/\"]}]}<\/script>\n<!-- \/ Yoast SEO plugin. -->","yoast_head_json":{"title":"Nike flex stride bottle belt - Kolbenhalter MioMioRun.com","description":"Der Flex Stride Bottle Belt ist ein G\u00fcrtel mit integrierter Trinkflasche, ideal f\u00fcr Aktivit\u00e4ten mit mittlerer Dauer auf der Stra\u00dfe oder auf dem Trail. Erfahren Sie mehr auf unserer Website","robots":{"index":"index","follow":"follow","max-snippet":"max-snippet:-1","max-image-preview":"max-image-preview:large","max-video-preview":"max-video-preview:-1"},"canonical":"https:\/\/www.miomiorun.com\/de\/produkt\/flex-stride-bottle-belt\/","og_locale":"de_DE","og_type":"article","og_title":"Nike flex stride bottle belt - Kolbenhalter MioMioRun.com","og_description":"Der Flex Stride Bottle Belt ist ein G\u00fcrtel mit integrierter Trinkflasche, ideal f\u00fcr Aktivit\u00e4ten mit mittlerer Dauer auf der Stra\u00dfe oder auf dem Trail. Erfahren Sie mehr auf unserer Website","og_url":"https:\/\/www.miomiorun.com\/de\/produkt\/flex-stride-bottle-belt\/","og_site_name":"MioMioRun","article_publisher":"https:\/\/www.facebook.com\/miomiorun\/","article_modified_time":"2025-04-03T15:04:23+00:00","og_image":[{"width":600,"height":600,"url":"https:\/\/www.miomiorun.com\/app\/uploads\/2025\/02\/nike-flex-stride-bottle-belt-BK-BK-WH-N10034420820S.webp","type":"image\/webp"}],"twitter_card":"summary_large_image","schema":{"@context":"https:\/\/schema.org","@graph":[{"@type":"WebPage","@id":"https:\/\/www.miomiorun.com\/de\/produkt\/flex-stride-bottle-belt\/","url":"https:\/\/www.miomiorun.com\/de\/produkt\/flex-stride-bottle-belt\/","name":"Nike flex stride bottle belt - Kolbenhalter MioMioRun.com","isPartOf":{"@id":"https:\/\/www.miomiorun.com\/de\/#website"},"primaryImageOfPage":{"@id":"https:\/\/www.miomiorun.com\/de\/produkt\/flex-stride-bottle-belt\/#primaryimage"},"image":{"@id":"https:\/\/www.miomiorun.com\/de\/produkt\/flex-stride-bottle-belt\/#primaryimage"},"thumbnailUrl":"https:\/\/www.miomiorun.com\/app\/uploads\/2025\/02\/nike-flex-stride-bottle-belt-BK-BK-WH-N10034420820S.webp","datePublished":"2025-02-08T18:20:02+00:00","dateModified":"2025-04-03T15:04:23+00:00","description":"Der Flex Stride Bottle Belt ist ein G\u00fcrtel mit integrierter Trinkflasche, ideal f\u00fcr Aktivit\u00e4ten mit mittlerer Dauer auf der Stra\u00dfe oder auf dem Trail. Erfahren Sie mehr auf unserer Website","breadcrumb":{"@id":"https:\/\/www.miomiorun.com\/de\/produkt\/flex-stride-bottle-belt\/#breadcrumb"},"inLanguage":"de-DE","potentialAction":[{"@type":"ReadAction","target":["https:\/\/www.miomiorun.com\/de\/produkt\/flex-stride-bottle-belt\/"]}]},{"@type":"ImageObject","inLanguage":"de-DE","@id":"https:\/\/www.miomiorun.com\/de\/produkt\/flex-stride-bottle-belt\/#primaryimage","url":"https:\/\/www.miomiorun.com\/app\/uploads\/2025\/02\/nike-flex-stride-bottle-belt-BK-BK-WH-N10034420820S.webp","contentUrl":"https:\/\/www.miomiorun.com\/app\/uploads\/2025\/02\/nike-flex-stride-bottle-belt-BK-BK-WH-N10034420820S.webp","width":600,"height":600,"caption":"nike flex stride bottle belt BK BK WH N10034420820S"},{"@type":"BreadcrumbList","@id":"https:\/\/www.miomiorun.com\/de\/produkt\/flex-stride-bottle-belt\/#breadcrumb","itemListElement":[{"@type":"ListItem","position":1,"name":"Home","item":"https:\/\/www.miomiorun.com\/de\/"},{"@type":"ListItem","position":2,"name":"Shop","item":"https:\/\/www.miomiorun.com\/shop\/"},{"@type":"ListItem","position":3,"name":"flex stride bottle belt"}]},{"@type":"WebSite","@id":"https:\/\/www.miomiorun.com\/de\/#website","url":"https:\/\/www.miomiorun.com\/de\/","name":"MioMioRun","description":"100% Lauf- und Trailshop","publisher":{"@id":"https:\/\/www.miomiorun.com\/de\/#organization"},"potentialAction":[{"@type":"SearchAction","target":{"@type":"EntryPoint","urlTemplate":"https:\/\/www.miomiorun.com\/de\/?s={search_term_string}"},"query-input":{"@type":"PropertyValueSpecification","valueRequired":true,"valueName":"search_term_string"}}],"inLanguage":"de-DE"},{"@type":"Organization","@id":"https:\/\/www.miomiorun.com\/de\/#organization","name":"MioMio Run","url":"https:\/\/www.miomiorun.com\/de\/","logo":{"@type":"ImageObject","inLanguage":"de-DE","@id":"https:\/\/www.miomiorun.com\/de\/#\/schema\/logo\/image\/","url":"https:\/\/www.miomiorun.com\/app\/uploads\/2019\/12\/logomio.png","contentUrl":"https:\/\/www.miomiorun.com\/app\/uploads\/2019\/12\/logomio.png","width":115,"height":82,"caption":"MioMio Run"},"image":{"@id":"https:\/\/www.miomiorun.com\/de\/#\/schema\/logo\/image\/"},"sameAs":["https:\/\/www.facebook.com\/miomiorun\/","https:\/\/www.instagram.com\/miomiorun\/"]}]}},"_links":{"self":[{"href":"https:\/\/www.miomiorun.com\/de\/wp-json\/wp\/v2\/product\/253075","targetHints":{"allow":["GET"]}}],"collection":[{"href":"https:\/\/www.miomiorun.com\/de\/wp-json\/wp\/v2\/product"}],"about":[{"href":"https:\/\/www.miomiorun.com\/de\/wp-json\/wp\/v2\/types\/product"}],"wp:featuredmedia":[{"embeddable":true,"href":"https:\/\/www.miomiorun.com\/de\/wp-json\/wp\/v2\/media\/256015"}],"wp:attachment":[{"href":"https:\/\/www.miomiorun.com\/de\/wp-json\/wp\/v2\/media?parent=253075"}],"wp:term":[{"taxonomy":"product_brand","embeddable":true,"href":"https:\/\/www.miomiorun.com\/de\/wp-json\/wp\/v2\/product_brand?post=253075"},{"taxonomy":"product_cat","embeddable":true,"href":"https:\/\/www.miomiorun.com\/de\/wp-json\/wp\/v2\/product_cat?post=253075"},{"taxonomy":"product_tag","embeddable":true,"href":"https:\/\/www.miomiorun.com\/de\/wp-json\/wp\/v2\/product_tag?post=253075"}],"curies":[{"name":"wp","href":"https:\/\/api.w.org\/{rel}","templated":true}]}}