{"id":252833,"date":"2025-02-08T11:10:47","date_gmt":"2025-02-08T10:10:47","guid":{"rendered":"https:\/\/miomiorun.com\/?post_type=product&#038;p=252833"},"modified":"2025-03-21T16:16:56","modified_gmt":"2025-03-21T15:16:56","slug":"laser-light-5k-belt-rx","status":"publish","type":"product","link":"https:\/\/www.miomiorun.com\/de\/produkt\/laser-light-5k-belt-rx\/","title":{"rendered":"Laser light 5K belt RX"},"content":{"rendered":"<p>Entdecken Sie den <strong>Laser Light 5K Belt RX<\/strong>, den perfekten G\u00fcrtel f\u00fcr L\u00e4ufer, die keine Kompromisse zwischen Komfort, Sicherheit und Leistung eingehen wollen. Dieser G\u00fcrtel aus ultraleichtem und atmungsaktivem Neoprenmaterial bietet Ihnen dank seiner 8-Lumen-LED-Beleuchtung und dem reflektierenden Logo eine au\u00dfergew\u00f6hnliche Sichtbarkeit. Egal ob du bei Sonnenuntergang oder an einem nebligen Morgen l\u00e4ufst, du wirst immer gesehen! Mit praktischen Rei\u00dfverschlusstaschen, in denen Sie Ihre Utensilien sicher aufbewahren k\u00f6nnen, und einem USB-C-Akku, der bis zu 7 Stunden Helligkeit bietet, ist die <strong>Laser Light 5K Belt RX<\/strong> das ideale Accessoire f\u00fcr Ihr Training und garantiert Ihnen jederzeit eine einwandfreie Leistung und einen stilvollen Look!<\/p>\n<p><strong>Merkmale:<\/strong><\/p>\n<ul>\n<li><strong>8 Lumen<\/strong> integriertes LED-Licht und reflektierendes Logo auf der Vordertasche f\u00fcr bessere Sichtbarkeit<\/li>\n<li><strong>Leichter<\/strong>, <strong>strapazierf\u00e4higer<\/strong> und <strong>verstellbarer<\/strong> Neopreng\u00fcrtel f\u00fcr optimalen Tragekomfort<\/li>\n<li><strong>Ein\/Aus-Schalter<\/strong> mit wiederaufladbarem Li-Ionen-Akku \u00fcber USB-C-Anschluss<\/li>\n<li><strong>C-zu-A-Ladekabel<\/strong> im Lieferumfang enthalten, mit einer Ladezeit von <strong>1,5 Stunden<\/strong><\/li>\n<li><strong>3 Leuchtmodi<\/strong>: Dauerlicht (3 Stunden) und zwei Blinkmodi (7 Stunden)<\/li>\n<li>Gro\u00dfe <strong>Rei\u00dfverschlusstasche<\/strong> mit Trennwand, in die die meisten gr\u00f6\u00dferen Smartphones passen<\/li>\n<li><strong>Vordere Rei\u00dfverschlusstasche<\/strong> zur Aufbewahrung kleinerer Wertsachen<\/li>\n<\/ul>\n<p>&nbsp;<\/p>\n<p>&nbsp;<\/p>\n<p dir=\"ltr\" data-placeholder=\"Traduzione\">\n","protected":false},"excerpt":{"rendered":"<ul>\n<li>Eng anliegender G\u00fcrtel zum Tragen bei sportlichen Aktivit\u00e4ten.<\/li>\n<li>Ideal zum Tragen von Schl\u00fcsseln, Telefon und Wasserflasche.<\/li>\n<li>hell<\/li>\n<\/ul>\n","protected":false},"featured_media":255839,"template":"","meta":{"_acf_changed":false,"inline_featured_image":false},"product_brand":[],"product_cat":[6342,6396,6397],"product_tag":[3383],"class_list":{"0":"post-252833","1":"product","2":"type-product","3":"status-publish","4":"has-post-thumbnail","6":"product_cat-zubehoer","7":"product_cat-taschen-und-guertel-de","8":"product_cat-guertel-de","9":"product_tag-nathan-de","10":"pa_attivita-gehen","11":"pa_attivita-outdoor-de","12":"pa_attivita-running-de","13":"pa_attivita-trail-de","14":"pa_marca-nathan-de","15":"pa_sesso-damen","16":"pa_sesso-herren","18":"first","19":"instock","20":"sale","21":"taxable","22":"shipping-taxable","23":"purchasable","24":"product-type-simple"},"acf":[],"yoast_head":"<!-- This site is optimized with the Yoast SEO plugin v26.8 - https:\/\/yoast.com\/product\/yoast-seo-wordpress\/ -->\n<title>Nathan Laser light 5K belt RX -LaufbandMioMioRun .com<\/title>\n<meta name=\"description\" content=\"Der Laser Light 5K Belt RX ist ein leichter G\u00fcrtel mit LED-Licht, ideal f\u00fcr sicheres Laufen im Dunkeln, mit zwei Taschen und USB-C-Akku.\" \/>\n<meta name=\"robots\" content=\"index, follow, max-snippet:-1, max-image-preview:large, max-video-preview:-1\" \/>\n<link rel=\"canonical\" href=\"https:\/\/www.miomiorun.com\/de\/produkt\/laser-light-5k-belt-rx\/\" \/>\n<meta property=\"og:locale\" content=\"de_DE\" \/>\n<meta property=\"og:type\" content=\"article\" \/>\n<meta property=\"og:title\" content=\"Nathan Laser light 5K belt RX -LaufbandMioMioRun .com\" \/>\n<meta property=\"og:description\" content=\"Der Laser Light 5K Belt RX ist ein leichter G\u00fcrtel mit LED-Licht, ideal f\u00fcr sicheres Laufen im Dunkeln, mit zwei Taschen und USB-C-Akku.\" \/>\n<meta property=\"og:url\" content=\"https:\/\/www.miomiorun.com\/de\/produkt\/laser-light-5k-belt-rx\/\" \/>\n<meta property=\"og:site_name\" content=\"MioMioRun\" \/>\n<meta property=\"article:publisher\" content=\"https:\/\/www.facebook.com\/miomiorun\/\" \/>\n<meta property=\"article:modified_time\" content=\"2025-03-21T15:16:56+00:00\" \/>\n<meta property=\"og:image\" content=\"https:\/\/www.miomiorun.com\/app\/uploads\/2025\/02\/nathan-Laser-light-5K-belt-RX-60440N.webp\" \/>\n\t<meta property=\"og:image:width\" content=\"600\" \/>\n\t<meta property=\"og:image:height\" content=\"600\" \/>\n\t<meta property=\"og:image:type\" content=\"image\/webp\" \/>\n<meta name=\"twitter:card\" content=\"summary_large_image\" \/>\n<meta name=\"twitter:label1\" content=\"Est. reading time\" \/>\n\t<meta name=\"twitter:data1\" content=\"1 minute\" \/>\n<script type=\"application\/ld+json\" class=\"yoast-schema-graph\">{\"@context\":\"https:\/\/schema.org\",\"@graph\":[{\"@type\":\"WebPage\",\"@id\":\"https:\/\/www.miomiorun.com\/de\/produkt\/laser-light-5k-belt-rx\/\",\"url\":\"https:\/\/www.miomiorun.com\/de\/produkt\/laser-light-5k-belt-rx\/\",\"name\":\"Nathan Laser light 5K belt RX -LaufbandMioMioRun .com\",\"isPartOf\":{\"@id\":\"https:\/\/www.miomiorun.com\/de\/#website\"},\"primaryImageOfPage\":{\"@id\":\"https:\/\/www.miomiorun.com\/de\/produkt\/laser-light-5k-belt-rx\/#primaryimage\"},\"image\":{\"@id\":\"https:\/\/www.miomiorun.com\/de\/produkt\/laser-light-5k-belt-rx\/#primaryimage\"},\"thumbnailUrl\":\"https:\/\/www.miomiorun.com\/app\/uploads\/2025\/02\/nathan-Laser-light-5K-belt-RX-60440N.webp\",\"datePublished\":\"2025-02-08T10:10:47+00:00\",\"dateModified\":\"2025-03-21T15:16:56+00:00\",\"description\":\"Der Laser Light 5K Belt RX ist ein leichter G\u00fcrtel mit LED-Licht, ideal f\u00fcr sicheres Laufen im Dunkeln, mit zwei Taschen und USB-C-Akku.\",\"breadcrumb\":{\"@id\":\"https:\/\/www.miomiorun.com\/de\/produkt\/laser-light-5k-belt-rx\/#breadcrumb\"},\"inLanguage\":\"de-DE\",\"potentialAction\":[{\"@type\":\"ReadAction\",\"target\":[\"https:\/\/www.miomiorun.com\/de\/produkt\/laser-light-5k-belt-rx\/\"]}]},{\"@type\":\"ImageObject\",\"inLanguage\":\"de-DE\",\"@id\":\"https:\/\/www.miomiorun.com\/de\/produkt\/laser-light-5k-belt-rx\/#primaryimage\",\"url\":\"https:\/\/www.miomiorun.com\/app\/uploads\/2025\/02\/nathan-Laser-light-5K-belt-RX-60440N.webp\",\"contentUrl\":\"https:\/\/www.miomiorun.com\/app\/uploads\/2025\/02\/nathan-Laser-light-5K-belt-RX-60440N.webp\",\"width\":600,\"height\":600,\"caption\":\"nathan Laser light 5K belt RX 60440N\"},{\"@type\":\"BreadcrumbList\",\"@id\":\"https:\/\/www.miomiorun.com\/de\/produkt\/laser-light-5k-belt-rx\/#breadcrumb\",\"itemListElement\":[{\"@type\":\"ListItem\",\"position\":1,\"name\":\"Home\",\"item\":\"https:\/\/www.miomiorun.com\/de\/\"},{\"@type\":\"ListItem\",\"position\":2,\"name\":\"Shop\",\"item\":\"https:\/\/www.miomiorun.com\/shop\/\"},{\"@type\":\"ListItem\",\"position\":3,\"name\":\"Laser light 5K belt RX\"}]},{\"@type\":\"WebSite\",\"@id\":\"https:\/\/www.miomiorun.com\/de\/#website\",\"url\":\"https:\/\/www.miomiorun.com\/de\/\",\"name\":\"MioMioRun\",\"description\":\"100% Lauf- und Trailshop\",\"publisher\":{\"@id\":\"https:\/\/www.miomiorun.com\/de\/#organization\"},\"potentialAction\":[{\"@type\":\"SearchAction\",\"target\":{\"@type\":\"EntryPoint\",\"urlTemplate\":\"https:\/\/www.miomiorun.com\/de\/?s={search_term_string}\"},\"query-input\":{\"@type\":\"PropertyValueSpecification\",\"valueRequired\":true,\"valueName\":\"search_term_string\"}}],\"inLanguage\":\"de-DE\"},{\"@type\":\"Organization\",\"@id\":\"https:\/\/www.miomiorun.com\/de\/#organization\",\"name\":\"MioMio Run\",\"url\":\"https:\/\/www.miomiorun.com\/de\/\",\"logo\":{\"@type\":\"ImageObject\",\"inLanguage\":\"de-DE\",\"@id\":\"https:\/\/www.miomiorun.com\/de\/#\/schema\/logo\/image\/\",\"url\":\"https:\/\/www.miomiorun.com\/app\/uploads\/2019\/12\/logomio.png\",\"contentUrl\":\"https:\/\/www.miomiorun.com\/app\/uploads\/2019\/12\/logomio.png\",\"width\":115,\"height\":82,\"caption\":\"MioMio Run\"},\"image\":{\"@id\":\"https:\/\/www.miomiorun.com\/de\/#\/schema\/logo\/image\/\"},\"sameAs\":[\"https:\/\/www.facebook.com\/miomiorun\/\",\"https:\/\/www.instagram.com\/miomiorun\/\"]}]}<\/script>\n<!-- \/ Yoast SEO plugin. -->","yoast_head_json":{"title":"Nathan Laser light 5K belt RX -LaufbandMioMioRun .com","description":"Der Laser Light 5K Belt RX ist ein leichter G\u00fcrtel mit LED-Licht, ideal f\u00fcr sicheres Laufen im Dunkeln, mit zwei Taschen und USB-C-Akku.","robots":{"index":"index","follow":"follow","max-snippet":"max-snippet:-1","max-image-preview":"max-image-preview:large","max-video-preview":"max-video-preview:-1"},"canonical":"https:\/\/www.miomiorun.com\/de\/produkt\/laser-light-5k-belt-rx\/","og_locale":"de_DE","og_type":"article","og_title":"Nathan Laser light 5K belt RX -LaufbandMioMioRun .com","og_description":"Der Laser Light 5K Belt RX ist ein leichter G\u00fcrtel mit LED-Licht, ideal f\u00fcr sicheres Laufen im Dunkeln, mit zwei Taschen und USB-C-Akku.","og_url":"https:\/\/www.miomiorun.com\/de\/produkt\/laser-light-5k-belt-rx\/","og_site_name":"MioMioRun","article_publisher":"https:\/\/www.facebook.com\/miomiorun\/","article_modified_time":"2025-03-21T15:16:56+00:00","og_image":[{"width":600,"height":600,"url":"https:\/\/www.miomiorun.com\/app\/uploads\/2025\/02\/nathan-Laser-light-5K-belt-RX-60440N.webp","type":"image\/webp"}],"twitter_card":"summary_large_image","twitter_misc":{"Est. reading time":"1 minute"},"schema":{"@context":"https:\/\/schema.org","@graph":[{"@type":"WebPage","@id":"https:\/\/www.miomiorun.com\/de\/produkt\/laser-light-5k-belt-rx\/","url":"https:\/\/www.miomiorun.com\/de\/produkt\/laser-light-5k-belt-rx\/","name":"Nathan Laser light 5K belt RX -LaufbandMioMioRun .com","isPartOf":{"@id":"https:\/\/www.miomiorun.com\/de\/#website"},"primaryImageOfPage":{"@id":"https:\/\/www.miomiorun.com\/de\/produkt\/laser-light-5k-belt-rx\/#primaryimage"},"image":{"@id":"https:\/\/www.miomiorun.com\/de\/produkt\/laser-light-5k-belt-rx\/#primaryimage"},"thumbnailUrl":"https:\/\/www.miomiorun.com\/app\/uploads\/2025\/02\/nathan-Laser-light-5K-belt-RX-60440N.webp","datePublished":"2025-02-08T10:10:47+00:00","dateModified":"2025-03-21T15:16:56+00:00","description":"Der Laser Light 5K Belt RX ist ein leichter G\u00fcrtel mit LED-Licht, ideal f\u00fcr sicheres Laufen im Dunkeln, mit zwei Taschen und USB-C-Akku.","breadcrumb":{"@id":"https:\/\/www.miomiorun.com\/de\/produkt\/laser-light-5k-belt-rx\/#breadcrumb"},"inLanguage":"de-DE","potentialAction":[{"@type":"ReadAction","target":["https:\/\/www.miomiorun.com\/de\/produkt\/laser-light-5k-belt-rx\/"]}]},{"@type":"ImageObject","inLanguage":"de-DE","@id":"https:\/\/www.miomiorun.com\/de\/produkt\/laser-light-5k-belt-rx\/#primaryimage","url":"https:\/\/www.miomiorun.com\/app\/uploads\/2025\/02\/nathan-Laser-light-5K-belt-RX-60440N.webp","contentUrl":"https:\/\/www.miomiorun.com\/app\/uploads\/2025\/02\/nathan-Laser-light-5K-belt-RX-60440N.webp","width":600,"height":600,"caption":"nathan Laser light 5K belt RX 60440N"},{"@type":"BreadcrumbList","@id":"https:\/\/www.miomiorun.com\/de\/produkt\/laser-light-5k-belt-rx\/#breadcrumb","itemListElement":[{"@type":"ListItem","position":1,"name":"Home","item":"https:\/\/www.miomiorun.com\/de\/"},{"@type":"ListItem","position":2,"name":"Shop","item":"https:\/\/www.miomiorun.com\/shop\/"},{"@type":"ListItem","position":3,"name":"Laser light 5K belt RX"}]},{"@type":"WebSite","@id":"https:\/\/www.miomiorun.com\/de\/#website","url":"https:\/\/www.miomiorun.com\/de\/","name":"MioMioRun","description":"100% Lauf- und Trailshop","publisher":{"@id":"https:\/\/www.miomiorun.com\/de\/#organization"},"potentialAction":[{"@type":"SearchAction","target":{"@type":"EntryPoint","urlTemplate":"https:\/\/www.miomiorun.com\/de\/?s={search_term_string}"},"query-input":{"@type":"PropertyValueSpecification","valueRequired":true,"valueName":"search_term_string"}}],"inLanguage":"de-DE"},{"@type":"Organization","@id":"https:\/\/www.miomiorun.com\/de\/#organization","name":"MioMio Run","url":"https:\/\/www.miomiorun.com\/de\/","logo":{"@type":"ImageObject","inLanguage":"de-DE","@id":"https:\/\/www.miomiorun.com\/de\/#\/schema\/logo\/image\/","url":"https:\/\/www.miomiorun.com\/app\/uploads\/2019\/12\/logomio.png","contentUrl":"https:\/\/www.miomiorun.com\/app\/uploads\/2019\/12\/logomio.png","width":115,"height":82,"caption":"MioMio Run"},"image":{"@id":"https:\/\/www.miomiorun.com\/de\/#\/schema\/logo\/image\/"},"sameAs":["https:\/\/www.facebook.com\/miomiorun\/","https:\/\/www.instagram.com\/miomiorun\/"]}]}},"_links":{"self":[{"href":"https:\/\/www.miomiorun.com\/de\/wp-json\/wp\/v2\/product\/252833","targetHints":{"allow":["GET"]}}],"collection":[{"href":"https:\/\/www.miomiorun.com\/de\/wp-json\/wp\/v2\/product"}],"about":[{"href":"https:\/\/www.miomiorun.com\/de\/wp-json\/wp\/v2\/types\/product"}],"wp:featuredmedia":[{"embeddable":true,"href":"https:\/\/www.miomiorun.com\/de\/wp-json\/wp\/v2\/media\/255839"}],"wp:attachment":[{"href":"https:\/\/www.miomiorun.com\/de\/wp-json\/wp\/v2\/media?parent=252833"}],"wp:term":[{"taxonomy":"product_brand","embeddable":true,"href":"https:\/\/www.miomiorun.com\/de\/wp-json\/wp\/v2\/product_brand?post=252833"},{"taxonomy":"product_cat","embeddable":true,"href":"https:\/\/www.miomiorun.com\/de\/wp-json\/wp\/v2\/product_cat?post=252833"},{"taxonomy":"product_tag","embeddable":true,"href":"https:\/\/www.miomiorun.com\/de\/wp-json\/wp\/v2\/product_tag?post=252833"}],"curies":[{"name":"wp","href":"https:\/\/api.w.org\/{rel}","templated":true}]}}