{"id":252755,"date":"2025-02-07T19:16:36","date_gmt":"2025-02-07T18:16:36","guid":{"rendered":"https:\/\/miomiorun.com\/?post_type=product&#038;p=252755"},"modified":"2025-03-21T16:17:40","modified_gmt":"2025-03-21T15:17:40","slug":"lightbender-mini-r","status":"publish","type":"product","link":"https:\/\/www.miomiorun.com\/de\/produkt\/lightbender-mini-r\/","title":{"rendered":"LightBender mini R"},"content":{"rendered":"<div class=\"dad65929\">\n<div class=\"f9bf7997 d7dc56a8 c05b5566\">\n<div class=\"ds-markdown ds-markdown--block\">\n<p>Mit der <strong>Lightbender Mini R<\/strong> von Nathan Sport werden Ihre n\u00e4chtlichen Fahrten zu einem hellen und adrenalingeladenen Erlebnis! Diese kompakte und superleichte Stirnlampe ist der perfekte Begleiter f\u00fcr alle, die auch im Dunkeln nicht aufh\u00f6ren wollen.<\/p>\n<p>LED<strong>:<\/strong> 2 LEDs &#8211; 6 Lumen maximale Leistung<br \/>\n<strong>Autonomie:<\/strong> 30 Stunden (Dauerlicht), 48 Stunden (Stroboskop)<br \/>\nWasserdichtigkeit<strong>:<\/strong> IPX4 wasserdicht<\/p>\n<p>&#8211; RGB-Licht: rote, gr\u00fcne und blaue LED-Optionen<br \/>\n&#8211; K\u00fcrzere Schlaufe f\u00fcr L\u00e4ufer mit kleineren Armen<br \/>\n&#8211; L\u00e4sst sich schnell und sicher am Arm oder Kn\u00f6chel befestigen<br \/>\n&#8211; Mehrere Einstellungen f\u00fcr Blink- oder Dauerlicht<br \/>\n&#8211; Geladene Batterie<\/p>\n<p>Mit dem <strong>Lightbender Mini R<\/strong> laufen Sie nicht nur im Dunkeln: Sie beherrschen die Nacht mit Stil und Sicherheit.<\/p>\n<p>&nbsp;<\/p>\n<\/div>\n<div class=\"ds-flex\">\n<div class=\"ds-flex abe97156\">\n<div class=\"ds-icon-button\" tabindex=\"0\">\n<div class=\"ds-icon\"><\/div>\n<\/div>\n<div class=\"ds-icon-button\" tabindex=\"0\">\n<div class=\"ds-icon\"><\/div>\n<\/div>\n<div class=\"ds-icon-button\" tabindex=\"0\">\n<div class=\"ds-icon\"><\/div>\n<\/div>\n<div class=\"ds-icon-button\" tabindex=\"0\">\n<div class=\"ds-icon\"><\/div>\n<\/div>\n<\/div>\n<div><\/div>\n<\/div>\n<\/div>\n<\/div>\n<div class=\"e886deb9\">\n<div class=\"e214291b\">\n<\/div>\n<\/div>\n","protected":false},"excerpt":{"rendered":"<ul>\n<li>verl\u00e4ngerte Nutzungsdauer<\/li>\n<li>wasserdicht<\/li>\n<\/ul>\n","protected":false},"featured_media":255833,"template":"","meta":{"_acf_changed":false,"inline_featured_image":false},"product_brand":[],"product_cat":[6342,6394],"product_tag":[3383],"class_list":{"0":"post-252755","1":"product","2":"type-product","3":"status-publish","4":"has-post-thumbnail","6":"product_cat-zubehoer","7":"product_cat-lichter-de","8":"product_tag-nathan-de","9":"pa_attivita-outdoor-de","10":"pa_attivita-running-de","11":"pa_attivita-trail-de","12":"pa_marca-nathan-de","13":"pa_sesso-damen","14":"pa_sesso-herren","16":"first","17":"instock","18":"sale","19":"taxable","20":"shipping-taxable","21":"purchasable","22":"product-type-simple"},"acf":[],"yoast_head":"<!-- This site is optimized with the Yoast SEO plugin v26.8 - https:\/\/yoast.com\/product\/yoast-seo-wordpress\/ -->\n<title>Nathan LightBender mini R -Lauflichter- MioMioRun<\/title>\n<meta name=\"description\" content=\"Kompakte und leichte Stirnlampe, wiederaufladbare Batterie und wasserdichtes Design, perfekt f\u00fcr Rennen und n\u00e4chtliche Abenteuer\" \/>\n<meta name=\"robots\" content=\"index, follow, max-snippet:-1, max-image-preview:large, max-video-preview:-1\" \/>\n<link rel=\"canonical\" href=\"https:\/\/www.miomiorun.com\/de\/produkt\/lightbender-mini-r\/\" \/>\n<meta property=\"og:locale\" content=\"de_DE\" \/>\n<meta property=\"og:type\" content=\"article\" \/>\n<meta property=\"og:title\" content=\"Nathan LightBender mini R -Lauflichter- MioMioRun\" \/>\n<meta property=\"og:description\" content=\"Kompakte und leichte Stirnlampe, wiederaufladbare Batterie und wasserdichtes Design, perfekt f\u00fcr Rennen und n\u00e4chtliche Abenteuer\" \/>\n<meta property=\"og:url\" content=\"https:\/\/www.miomiorun.com\/de\/produkt\/lightbender-mini-r\/\" \/>\n<meta property=\"og:site_name\" content=\"MioMioRun\" \/>\n<meta property=\"article:publisher\" content=\"https:\/\/www.facebook.com\/miomiorun\/\" \/>\n<meta property=\"article:modified_time\" content=\"2025-03-21T15:17:40+00:00\" \/>\n<meta property=\"og:image\" content=\"https:\/\/www.miomiorun.com\/app\/uploads\/2025\/02\/nathan-LightBender-mini-R-5061.webp\" \/>\n\t<meta property=\"og:image:width\" content=\"600\" \/>\n\t<meta property=\"og:image:height\" content=\"600\" \/>\n\t<meta property=\"og:image:type\" content=\"image\/webp\" \/>\n<meta name=\"twitter:card\" content=\"summary_large_image\" \/>\n<meta name=\"twitter:label1\" content=\"Est. reading time\" \/>\n\t<meta name=\"twitter:data1\" content=\"1 minute\" \/>\n<script type=\"application\/ld+json\" class=\"yoast-schema-graph\">{\"@context\":\"https:\/\/schema.org\",\"@graph\":[{\"@type\":\"WebPage\",\"@id\":\"https:\/\/www.miomiorun.com\/de\/produkt\/lightbender-mini-r\/\",\"url\":\"https:\/\/www.miomiorun.com\/de\/produkt\/lightbender-mini-r\/\",\"name\":\"Nathan LightBender mini R -Lauflichter- MioMioRun\",\"isPartOf\":{\"@id\":\"https:\/\/www.miomiorun.com\/de\/#website\"},\"primaryImageOfPage\":{\"@id\":\"https:\/\/www.miomiorun.com\/de\/produkt\/lightbender-mini-r\/#primaryimage\"},\"image\":{\"@id\":\"https:\/\/www.miomiorun.com\/de\/produkt\/lightbender-mini-r\/#primaryimage\"},\"thumbnailUrl\":\"https:\/\/www.miomiorun.com\/app\/uploads\/2025\/02\/nathan-LightBender-mini-R-5061.webp\",\"datePublished\":\"2025-02-07T18:16:36+00:00\",\"dateModified\":\"2025-03-21T15:17:40+00:00\",\"description\":\"Kompakte und leichte Stirnlampe, wiederaufladbare Batterie und wasserdichtes Design, perfekt f\u00fcr Rennen und n\u00e4chtliche Abenteuer\",\"breadcrumb\":{\"@id\":\"https:\/\/www.miomiorun.com\/de\/produkt\/lightbender-mini-r\/#breadcrumb\"},\"inLanguage\":\"de-DE\",\"potentialAction\":[{\"@type\":\"ReadAction\",\"target\":[\"https:\/\/www.miomiorun.com\/de\/produkt\/lightbender-mini-r\/\"]}]},{\"@type\":\"ImageObject\",\"inLanguage\":\"de-DE\",\"@id\":\"https:\/\/www.miomiorun.com\/de\/produkt\/lightbender-mini-r\/#primaryimage\",\"url\":\"https:\/\/www.miomiorun.com\/app\/uploads\/2025\/02\/nathan-LightBender-mini-R-5061.webp\",\"contentUrl\":\"https:\/\/www.miomiorun.com\/app\/uploads\/2025\/02\/nathan-LightBender-mini-R-5061.webp\",\"width\":600,\"height\":600,\"caption\":\"nathan LightBender mini R 5061\"},{\"@type\":\"BreadcrumbList\",\"@id\":\"https:\/\/www.miomiorun.com\/de\/produkt\/lightbender-mini-r\/#breadcrumb\",\"itemListElement\":[{\"@type\":\"ListItem\",\"position\":1,\"name\":\"Home\",\"item\":\"https:\/\/www.miomiorun.com\/de\/\"},{\"@type\":\"ListItem\",\"position\":2,\"name\":\"Shop\",\"item\":\"https:\/\/www.miomiorun.com\/shop\/\"},{\"@type\":\"ListItem\",\"position\":3,\"name\":\"LightBender mini R\"}]},{\"@type\":\"WebSite\",\"@id\":\"https:\/\/www.miomiorun.com\/de\/#website\",\"url\":\"https:\/\/www.miomiorun.com\/de\/\",\"name\":\"MioMioRun\",\"description\":\"100% Lauf- und Trailshop\",\"publisher\":{\"@id\":\"https:\/\/www.miomiorun.com\/de\/#organization\"},\"potentialAction\":[{\"@type\":\"SearchAction\",\"target\":{\"@type\":\"EntryPoint\",\"urlTemplate\":\"https:\/\/www.miomiorun.com\/de\/?s={search_term_string}\"},\"query-input\":{\"@type\":\"PropertyValueSpecification\",\"valueRequired\":true,\"valueName\":\"search_term_string\"}}],\"inLanguage\":\"de-DE\"},{\"@type\":\"Organization\",\"@id\":\"https:\/\/www.miomiorun.com\/de\/#organization\",\"name\":\"MioMio Run\",\"url\":\"https:\/\/www.miomiorun.com\/de\/\",\"logo\":{\"@type\":\"ImageObject\",\"inLanguage\":\"de-DE\",\"@id\":\"https:\/\/www.miomiorun.com\/de\/#\/schema\/logo\/image\/\",\"url\":\"https:\/\/www.miomiorun.com\/app\/uploads\/2019\/12\/logomio.png\",\"contentUrl\":\"https:\/\/www.miomiorun.com\/app\/uploads\/2019\/12\/logomio.png\",\"width\":115,\"height\":82,\"caption\":\"MioMio Run\"},\"image\":{\"@id\":\"https:\/\/www.miomiorun.com\/de\/#\/schema\/logo\/image\/\"},\"sameAs\":[\"https:\/\/www.facebook.com\/miomiorun\/\",\"https:\/\/www.instagram.com\/miomiorun\/\"]}]}<\/script>\n<!-- \/ Yoast SEO plugin. -->","yoast_head_json":{"title":"Nathan LightBender mini R -Lauflichter- MioMioRun","description":"Kompakte und leichte Stirnlampe, wiederaufladbare Batterie und wasserdichtes Design, perfekt f\u00fcr Rennen und n\u00e4chtliche Abenteuer","robots":{"index":"index","follow":"follow","max-snippet":"max-snippet:-1","max-image-preview":"max-image-preview:large","max-video-preview":"max-video-preview:-1"},"canonical":"https:\/\/www.miomiorun.com\/de\/produkt\/lightbender-mini-r\/","og_locale":"de_DE","og_type":"article","og_title":"Nathan LightBender mini R -Lauflichter- MioMioRun","og_description":"Kompakte und leichte Stirnlampe, wiederaufladbare Batterie und wasserdichtes Design, perfekt f\u00fcr Rennen und n\u00e4chtliche Abenteuer","og_url":"https:\/\/www.miomiorun.com\/de\/produkt\/lightbender-mini-r\/","og_site_name":"MioMioRun","article_publisher":"https:\/\/www.facebook.com\/miomiorun\/","article_modified_time":"2025-03-21T15:17:40+00:00","og_image":[{"width":600,"height":600,"url":"https:\/\/www.miomiorun.com\/app\/uploads\/2025\/02\/nathan-LightBender-mini-R-5061.webp","type":"image\/webp"}],"twitter_card":"summary_large_image","twitter_misc":{"Est. reading time":"1 minute"},"schema":{"@context":"https:\/\/schema.org","@graph":[{"@type":"WebPage","@id":"https:\/\/www.miomiorun.com\/de\/produkt\/lightbender-mini-r\/","url":"https:\/\/www.miomiorun.com\/de\/produkt\/lightbender-mini-r\/","name":"Nathan LightBender mini R -Lauflichter- MioMioRun","isPartOf":{"@id":"https:\/\/www.miomiorun.com\/de\/#website"},"primaryImageOfPage":{"@id":"https:\/\/www.miomiorun.com\/de\/produkt\/lightbender-mini-r\/#primaryimage"},"image":{"@id":"https:\/\/www.miomiorun.com\/de\/produkt\/lightbender-mini-r\/#primaryimage"},"thumbnailUrl":"https:\/\/www.miomiorun.com\/app\/uploads\/2025\/02\/nathan-LightBender-mini-R-5061.webp","datePublished":"2025-02-07T18:16:36+00:00","dateModified":"2025-03-21T15:17:40+00:00","description":"Kompakte und leichte Stirnlampe, wiederaufladbare Batterie und wasserdichtes Design, perfekt f\u00fcr Rennen und n\u00e4chtliche Abenteuer","breadcrumb":{"@id":"https:\/\/www.miomiorun.com\/de\/produkt\/lightbender-mini-r\/#breadcrumb"},"inLanguage":"de-DE","potentialAction":[{"@type":"ReadAction","target":["https:\/\/www.miomiorun.com\/de\/produkt\/lightbender-mini-r\/"]}]},{"@type":"ImageObject","inLanguage":"de-DE","@id":"https:\/\/www.miomiorun.com\/de\/produkt\/lightbender-mini-r\/#primaryimage","url":"https:\/\/www.miomiorun.com\/app\/uploads\/2025\/02\/nathan-LightBender-mini-R-5061.webp","contentUrl":"https:\/\/www.miomiorun.com\/app\/uploads\/2025\/02\/nathan-LightBender-mini-R-5061.webp","width":600,"height":600,"caption":"nathan LightBender mini R 5061"},{"@type":"BreadcrumbList","@id":"https:\/\/www.miomiorun.com\/de\/produkt\/lightbender-mini-r\/#breadcrumb","itemListElement":[{"@type":"ListItem","position":1,"name":"Home","item":"https:\/\/www.miomiorun.com\/de\/"},{"@type":"ListItem","position":2,"name":"Shop","item":"https:\/\/www.miomiorun.com\/shop\/"},{"@type":"ListItem","position":3,"name":"LightBender mini R"}]},{"@type":"WebSite","@id":"https:\/\/www.miomiorun.com\/de\/#website","url":"https:\/\/www.miomiorun.com\/de\/","name":"MioMioRun","description":"100% Lauf- und Trailshop","publisher":{"@id":"https:\/\/www.miomiorun.com\/de\/#organization"},"potentialAction":[{"@type":"SearchAction","target":{"@type":"EntryPoint","urlTemplate":"https:\/\/www.miomiorun.com\/de\/?s={search_term_string}"},"query-input":{"@type":"PropertyValueSpecification","valueRequired":true,"valueName":"search_term_string"}}],"inLanguage":"de-DE"},{"@type":"Organization","@id":"https:\/\/www.miomiorun.com\/de\/#organization","name":"MioMio Run","url":"https:\/\/www.miomiorun.com\/de\/","logo":{"@type":"ImageObject","inLanguage":"de-DE","@id":"https:\/\/www.miomiorun.com\/de\/#\/schema\/logo\/image\/","url":"https:\/\/www.miomiorun.com\/app\/uploads\/2019\/12\/logomio.png","contentUrl":"https:\/\/www.miomiorun.com\/app\/uploads\/2019\/12\/logomio.png","width":115,"height":82,"caption":"MioMio Run"},"image":{"@id":"https:\/\/www.miomiorun.com\/de\/#\/schema\/logo\/image\/"},"sameAs":["https:\/\/www.facebook.com\/miomiorun\/","https:\/\/www.instagram.com\/miomiorun\/"]}]}},"_links":{"self":[{"href":"https:\/\/www.miomiorun.com\/de\/wp-json\/wp\/v2\/product\/252755","targetHints":{"allow":["GET"]}}],"collection":[{"href":"https:\/\/www.miomiorun.com\/de\/wp-json\/wp\/v2\/product"}],"about":[{"href":"https:\/\/www.miomiorun.com\/de\/wp-json\/wp\/v2\/types\/product"}],"wp:featuredmedia":[{"embeddable":true,"href":"https:\/\/www.miomiorun.com\/de\/wp-json\/wp\/v2\/media\/255833"}],"wp:attachment":[{"href":"https:\/\/www.miomiorun.com\/de\/wp-json\/wp\/v2\/media?parent=252755"}],"wp:term":[{"taxonomy":"product_brand","embeddable":true,"href":"https:\/\/www.miomiorun.com\/de\/wp-json\/wp\/v2\/product_brand?post=252755"},{"taxonomy":"product_cat","embeddable":true,"href":"https:\/\/www.miomiorun.com\/de\/wp-json\/wp\/v2\/product_cat?post=252755"},{"taxonomy":"product_tag","embeddable":true,"href":"https:\/\/www.miomiorun.com\/de\/wp-json\/wp\/v2\/product_tag?post=252755"}],"curies":[{"name":"wp","href":"https:\/\/api.w.org\/{rel}","templated":true}]}}