{"id":252752,"date":"2025-02-07T19:01:18","date_gmt":"2025-02-07T18:01:18","guid":{"rendered":"https:\/\/miomiorun.com\/?post_type=product&#038;p=252752"},"modified":"2025-03-21T16:18:20","modified_gmt":"2025-03-21T15:18:20","slug":"strobelight-2-pack","status":"publish","type":"product","link":"https:\/\/www.miomiorun.com\/de\/produkt\/strobelight-2-pack\/","title":{"rendered":"Strobelight 2 pack"},"content":{"rendered":"<p><strong>Strobe Light 2 Pack: Erhellen Sie Ihre N\u00e4chte mit Stil und Sicherheit<\/strong><\/p>\n<p>Mit dem <strong>Strobe Light 2 Pack<\/strong> von Nathan Sport werden Ihre n\u00e4chtlichen Fahrten zu einem sicheren und stilvollen Erlebnis! Dieses Set enth\u00e4lt zwei superhelle, kompakte und ultraleichte Stroboskoplichter, mit denen du auch in den dunkelsten Stra\u00dfen auff\u00e4llst.<\/p>\n<ul>\n<li><strong>Intensive und anpassbare Lichter<\/strong>: W\u00e4hlen Sie aus verschiedenen Beleuchtungsmodi (Dauerlicht, Blinken oder Blinklicht), um jeder Situation gerecht zu werden.<\/li>\n<li><strong>Sofortige Befestigung<\/strong>: Die verstellbaren Clips lassen sich \u00fcberall befestigen: an der Kleidung, an den Schuhen, am Rucksack oder an der M\u00fctze, ohne dass Sie in Ihren Bewegungen behindert werden.<\/li>\n<li><strong>Langlebig und wasserdicht<\/strong>: Bereit f\u00fcr jede Bedingung, auch im Regen oder unwegsamen Gel\u00e4nde.<\/li>\n<li><strong>Langlebige Batterien<\/strong>: Mit austauschbaren Knopfbatterien haben Sie Licht f\u00fcr stundenlange Abenteuer.<\/li>\n<\/ul>\n<p>Mit dem <strong>Strobe Light 2 Pack<\/strong> bist du nicht nur sichtbar, sondern auch super trendy. Denn Sicherheit muss nie auf Kosten des Stils gehen!<\/p>\n<p>LED<strong>:<\/strong> 3 LEDs 8+ max Lumen<br \/>\n<strong>Batterie:<\/strong> 2 x 3V Lithium 2032 &#8211; austauschbare Knopfbatterie<br \/>\n<strong>Brenndauer:<\/strong> Dauerlicht = 57+ Stunden, Blitzlicht = 110+ Stunden<br \/>\n<strong>Wasserdicht:<\/strong> IPX3 &#8211; wetterfest<\/p>\n","protected":false},"excerpt":{"rendered":"<ul>\n<li>doppelter led-scheinwerfer<\/li>\n<li>verl\u00e4ngerte Lebensdauer<\/li>\n<li>wasserdicht<\/li>\n<\/ul>\n","protected":false},"featured_media":255823,"template":"","meta":{"_acf_changed":false,"inline_featured_image":false},"product_brand":[],"product_cat":[6342,6394],"product_tag":[3383],"class_list":{"0":"post-252752","1":"product","2":"type-product","3":"status-publish","4":"has-post-thumbnail","6":"product_cat-zubehoer","7":"product_cat-lichter-de","8":"product_tag-nathan-de","9":"pa_attivita-outdoor-de","10":"pa_attivita-running-de","11":"pa_attivita-trail-de","12":"pa_marca-nathan-de","13":"pa_sesso-damen","14":"pa_sesso-herren","16":"first","17":"instock","18":"sale","19":"taxable","20":"shipping-taxable","21":"purchasable","22":"product-type-simple"},"acf":[],"yoast_head":"<!-- This site is optimized with the Yoast SEO plugin v26.8 - https:\/\/yoast.com\/product\/yoast-seo-wordpress\/ -->\n<title>Nathan Strobelight 2 pack -Lauflichter - MioMioRun<\/title>\n<meta name=\"description\" content=\"Zwei leichte, verstellbare und langlebige Stroboskoplichter, die die Sichtbarkeit und Sicherheit bei Nachtl\u00e4ufen oder bei schlechten Lichtverh\u00e4ltnissen erh\u00f6hen.\" \/>\n<meta name=\"robots\" content=\"index, follow, max-snippet:-1, max-image-preview:large, max-video-preview:-1\" \/>\n<link rel=\"canonical\" href=\"https:\/\/www.miomiorun.com\/de\/produkt\/strobelight-2-pack\/\" \/>\n<meta property=\"og:locale\" content=\"de_DE\" \/>\n<meta property=\"og:type\" content=\"article\" \/>\n<meta property=\"og:title\" content=\"Nathan Strobelight 2 pack -Lauflichter - MioMioRun\" \/>\n<meta property=\"og:description\" content=\"Zwei leichte, verstellbare und langlebige Stroboskoplichter, die die Sichtbarkeit und Sicherheit bei Nachtl\u00e4ufen oder bei schlechten Lichtverh\u00e4ltnissen erh\u00f6hen.\" \/>\n<meta property=\"og:url\" content=\"https:\/\/www.miomiorun.com\/de\/produkt\/strobelight-2-pack\/\" \/>\n<meta property=\"og:site_name\" content=\"MioMioRun\" \/>\n<meta property=\"article:publisher\" content=\"https:\/\/www.facebook.com\/miomiorun\/\" \/>\n<meta property=\"article:modified_time\" content=\"2025-03-21T15:18:20+00:00\" \/>\n<meta property=\"og:image\" content=\"https:\/\/www.miomiorun.com\/app\/uploads\/2025\/02\/nathan-Strobelight-2-pack-5114.webp\" \/>\n\t<meta property=\"og:image:width\" content=\"600\" \/>\n\t<meta property=\"og:image:height\" content=\"600\" \/>\n\t<meta property=\"og:image:type\" content=\"image\/webp\" \/>\n<meta name=\"twitter:card\" content=\"summary_large_image\" \/>\n<meta name=\"twitter:label1\" content=\"Est. reading time\" \/>\n\t<meta name=\"twitter:data1\" content=\"1 minute\" \/>\n<script type=\"application\/ld+json\" class=\"yoast-schema-graph\">{\"@context\":\"https:\/\/schema.org\",\"@graph\":[{\"@type\":\"WebPage\",\"@id\":\"https:\/\/www.miomiorun.com\/de\/produkt\/strobelight-2-pack\/\",\"url\":\"https:\/\/www.miomiorun.com\/de\/produkt\/strobelight-2-pack\/\",\"name\":\"Nathan Strobelight 2 pack -Lauflichter - MioMioRun\",\"isPartOf\":{\"@id\":\"https:\/\/www.miomiorun.com\/de\/#website\"},\"primaryImageOfPage\":{\"@id\":\"https:\/\/www.miomiorun.com\/de\/produkt\/strobelight-2-pack\/#primaryimage\"},\"image\":{\"@id\":\"https:\/\/www.miomiorun.com\/de\/produkt\/strobelight-2-pack\/#primaryimage\"},\"thumbnailUrl\":\"https:\/\/www.miomiorun.com\/app\/uploads\/2025\/02\/nathan-Strobelight-2-pack-5114.webp\",\"datePublished\":\"2025-02-07T18:01:18+00:00\",\"dateModified\":\"2025-03-21T15:18:20+00:00\",\"description\":\"Zwei leichte, verstellbare und langlebige Stroboskoplichter, die die Sichtbarkeit und Sicherheit bei Nachtl\u00e4ufen oder bei schlechten Lichtverh\u00e4ltnissen erh\u00f6hen.\",\"breadcrumb\":{\"@id\":\"https:\/\/www.miomiorun.com\/de\/produkt\/strobelight-2-pack\/#breadcrumb\"},\"inLanguage\":\"de-DE\",\"potentialAction\":[{\"@type\":\"ReadAction\",\"target\":[\"https:\/\/www.miomiorun.com\/de\/produkt\/strobelight-2-pack\/\"]}]},{\"@type\":\"ImageObject\",\"inLanguage\":\"de-DE\",\"@id\":\"https:\/\/www.miomiorun.com\/de\/produkt\/strobelight-2-pack\/#primaryimage\",\"url\":\"https:\/\/www.miomiorun.com\/app\/uploads\/2025\/02\/nathan-Strobelight-2-pack-5114.webp\",\"contentUrl\":\"https:\/\/www.miomiorun.com\/app\/uploads\/2025\/02\/nathan-Strobelight-2-pack-5114.webp\",\"width\":600,\"height\":600,\"caption\":\"nathan Strobelight 2 pack 5114\"},{\"@type\":\"BreadcrumbList\",\"@id\":\"https:\/\/www.miomiorun.com\/de\/produkt\/strobelight-2-pack\/#breadcrumb\",\"itemListElement\":[{\"@type\":\"ListItem\",\"position\":1,\"name\":\"Home\",\"item\":\"https:\/\/www.miomiorun.com\/de\/\"},{\"@type\":\"ListItem\",\"position\":2,\"name\":\"Shop\",\"item\":\"https:\/\/www.miomiorun.com\/shop\/\"},{\"@type\":\"ListItem\",\"position\":3,\"name\":\"Strobelight 2 pack\"}]},{\"@type\":\"WebSite\",\"@id\":\"https:\/\/www.miomiorun.com\/de\/#website\",\"url\":\"https:\/\/www.miomiorun.com\/de\/\",\"name\":\"MioMioRun\",\"description\":\"100% Lauf- und Trailshop\",\"publisher\":{\"@id\":\"https:\/\/www.miomiorun.com\/de\/#organization\"},\"potentialAction\":[{\"@type\":\"SearchAction\",\"target\":{\"@type\":\"EntryPoint\",\"urlTemplate\":\"https:\/\/www.miomiorun.com\/de\/?s={search_term_string}\"},\"query-input\":{\"@type\":\"PropertyValueSpecification\",\"valueRequired\":true,\"valueName\":\"search_term_string\"}}],\"inLanguage\":\"de-DE\"},{\"@type\":\"Organization\",\"@id\":\"https:\/\/www.miomiorun.com\/de\/#organization\",\"name\":\"MioMio Run\",\"url\":\"https:\/\/www.miomiorun.com\/de\/\",\"logo\":{\"@type\":\"ImageObject\",\"inLanguage\":\"de-DE\",\"@id\":\"https:\/\/www.miomiorun.com\/de\/#\/schema\/logo\/image\/\",\"url\":\"https:\/\/www.miomiorun.com\/app\/uploads\/2019\/12\/logomio.png\",\"contentUrl\":\"https:\/\/www.miomiorun.com\/app\/uploads\/2019\/12\/logomio.png\",\"width\":115,\"height\":82,\"caption\":\"MioMio Run\"},\"image\":{\"@id\":\"https:\/\/www.miomiorun.com\/de\/#\/schema\/logo\/image\/\"},\"sameAs\":[\"https:\/\/www.facebook.com\/miomiorun\/\",\"https:\/\/www.instagram.com\/miomiorun\/\"]}]}<\/script>\n<!-- \/ Yoast SEO plugin. -->","yoast_head_json":{"title":"Nathan Strobelight 2 pack -Lauflichter - MioMioRun","description":"Zwei leichte, verstellbare und langlebige Stroboskoplichter, die die Sichtbarkeit und Sicherheit bei Nachtl\u00e4ufen oder bei schlechten Lichtverh\u00e4ltnissen erh\u00f6hen.","robots":{"index":"index","follow":"follow","max-snippet":"max-snippet:-1","max-image-preview":"max-image-preview:large","max-video-preview":"max-video-preview:-1"},"canonical":"https:\/\/www.miomiorun.com\/de\/produkt\/strobelight-2-pack\/","og_locale":"de_DE","og_type":"article","og_title":"Nathan Strobelight 2 pack -Lauflichter - MioMioRun","og_description":"Zwei leichte, verstellbare und langlebige Stroboskoplichter, die die Sichtbarkeit und Sicherheit bei Nachtl\u00e4ufen oder bei schlechten Lichtverh\u00e4ltnissen erh\u00f6hen.","og_url":"https:\/\/www.miomiorun.com\/de\/produkt\/strobelight-2-pack\/","og_site_name":"MioMioRun","article_publisher":"https:\/\/www.facebook.com\/miomiorun\/","article_modified_time":"2025-03-21T15:18:20+00:00","og_image":[{"width":600,"height":600,"url":"https:\/\/www.miomiorun.com\/app\/uploads\/2025\/02\/nathan-Strobelight-2-pack-5114.webp","type":"image\/webp"}],"twitter_card":"summary_large_image","twitter_misc":{"Est. reading time":"1 minute"},"schema":{"@context":"https:\/\/schema.org","@graph":[{"@type":"WebPage","@id":"https:\/\/www.miomiorun.com\/de\/produkt\/strobelight-2-pack\/","url":"https:\/\/www.miomiorun.com\/de\/produkt\/strobelight-2-pack\/","name":"Nathan Strobelight 2 pack -Lauflichter - MioMioRun","isPartOf":{"@id":"https:\/\/www.miomiorun.com\/de\/#website"},"primaryImageOfPage":{"@id":"https:\/\/www.miomiorun.com\/de\/produkt\/strobelight-2-pack\/#primaryimage"},"image":{"@id":"https:\/\/www.miomiorun.com\/de\/produkt\/strobelight-2-pack\/#primaryimage"},"thumbnailUrl":"https:\/\/www.miomiorun.com\/app\/uploads\/2025\/02\/nathan-Strobelight-2-pack-5114.webp","datePublished":"2025-02-07T18:01:18+00:00","dateModified":"2025-03-21T15:18:20+00:00","description":"Zwei leichte, verstellbare und langlebige Stroboskoplichter, die die Sichtbarkeit und Sicherheit bei Nachtl\u00e4ufen oder bei schlechten Lichtverh\u00e4ltnissen erh\u00f6hen.","breadcrumb":{"@id":"https:\/\/www.miomiorun.com\/de\/produkt\/strobelight-2-pack\/#breadcrumb"},"inLanguage":"de-DE","potentialAction":[{"@type":"ReadAction","target":["https:\/\/www.miomiorun.com\/de\/produkt\/strobelight-2-pack\/"]}]},{"@type":"ImageObject","inLanguage":"de-DE","@id":"https:\/\/www.miomiorun.com\/de\/produkt\/strobelight-2-pack\/#primaryimage","url":"https:\/\/www.miomiorun.com\/app\/uploads\/2025\/02\/nathan-Strobelight-2-pack-5114.webp","contentUrl":"https:\/\/www.miomiorun.com\/app\/uploads\/2025\/02\/nathan-Strobelight-2-pack-5114.webp","width":600,"height":600,"caption":"nathan Strobelight 2 pack 5114"},{"@type":"BreadcrumbList","@id":"https:\/\/www.miomiorun.com\/de\/produkt\/strobelight-2-pack\/#breadcrumb","itemListElement":[{"@type":"ListItem","position":1,"name":"Home","item":"https:\/\/www.miomiorun.com\/de\/"},{"@type":"ListItem","position":2,"name":"Shop","item":"https:\/\/www.miomiorun.com\/shop\/"},{"@type":"ListItem","position":3,"name":"Strobelight 2 pack"}]},{"@type":"WebSite","@id":"https:\/\/www.miomiorun.com\/de\/#website","url":"https:\/\/www.miomiorun.com\/de\/","name":"MioMioRun","description":"100% Lauf- und Trailshop","publisher":{"@id":"https:\/\/www.miomiorun.com\/de\/#organization"},"potentialAction":[{"@type":"SearchAction","target":{"@type":"EntryPoint","urlTemplate":"https:\/\/www.miomiorun.com\/de\/?s={search_term_string}"},"query-input":{"@type":"PropertyValueSpecification","valueRequired":true,"valueName":"search_term_string"}}],"inLanguage":"de-DE"},{"@type":"Organization","@id":"https:\/\/www.miomiorun.com\/de\/#organization","name":"MioMio Run","url":"https:\/\/www.miomiorun.com\/de\/","logo":{"@type":"ImageObject","inLanguage":"de-DE","@id":"https:\/\/www.miomiorun.com\/de\/#\/schema\/logo\/image\/","url":"https:\/\/www.miomiorun.com\/app\/uploads\/2019\/12\/logomio.png","contentUrl":"https:\/\/www.miomiorun.com\/app\/uploads\/2019\/12\/logomio.png","width":115,"height":82,"caption":"MioMio Run"},"image":{"@id":"https:\/\/www.miomiorun.com\/de\/#\/schema\/logo\/image\/"},"sameAs":["https:\/\/www.facebook.com\/miomiorun\/","https:\/\/www.instagram.com\/miomiorun\/"]}]}},"_links":{"self":[{"href":"https:\/\/www.miomiorun.com\/de\/wp-json\/wp\/v2\/product\/252752","targetHints":{"allow":["GET"]}}],"collection":[{"href":"https:\/\/www.miomiorun.com\/de\/wp-json\/wp\/v2\/product"}],"about":[{"href":"https:\/\/www.miomiorun.com\/de\/wp-json\/wp\/v2\/types\/product"}],"wp:featuredmedia":[{"embeddable":true,"href":"https:\/\/www.miomiorun.com\/de\/wp-json\/wp\/v2\/media\/255823"}],"wp:attachment":[{"href":"https:\/\/www.miomiorun.com\/de\/wp-json\/wp\/v2\/media?parent=252752"}],"wp:term":[{"taxonomy":"product_brand","embeddable":true,"href":"https:\/\/www.miomiorun.com\/de\/wp-json\/wp\/v2\/product_brand?post=252752"},{"taxonomy":"product_cat","embeddable":true,"href":"https:\/\/www.miomiorun.com\/de\/wp-json\/wp\/v2\/product_cat?post=252752"},{"taxonomy":"product_tag","embeddable":true,"href":"https:\/\/www.miomiorun.com\/de\/wp-json\/wp\/v2\/product_tag?post=252752"}],"curies":[{"name":"wp","href":"https:\/\/api.w.org\/{rel}","templated":true}]}}