{"id":252347,"date":"2025-02-07T15:53:42","date_gmt":"2025-02-07T14:53:42","guid":{"rendered":"https:\/\/miomiorun.com\/?post_type=product&#038;p=252347"},"modified":"2026-05-08T22:28:37","modified_gmt":"2026-05-08T20:28:37","slug":"ultra-distance-shorts-herren","status":"publish","type":"product","link":"https:\/\/www.miomiorun.com\/de\/produkt\/ultra-distance-shorts-herren\/","title":{"rendered":"Ultra distance shorts herren"},"content":{"rendered":"<p>Die La Sportiva <strong>Men&#8217;s Ultra Distance Shorts<\/strong> wurde f\u00fcr diejenigen entwickelt, die Komfort, Leichtigkeit und Bewegungsfreiheit bei den l\u00e4ngsten und intensivsten L\u00e4ufen suchen. Mit technischen Materialien und funktionellen Details ausgestattet, sind diese Shorts ideal, um extreme Distanzen in totalem Komfort zu bew\u00e4ltigen. Die Ultra distance Short ist eine kurze Rennhose, die auf die Bed\u00fcrfnisse von Ultral\u00e4ufern zugeschnitten ist, die Ultra-Marathon-Distanzen absolvieren. Sie hat einen eingearbeiteten Bund mit mehreren Stauf\u00e4chern und eine Ges\u00e4\u00dftasche mit Rei\u00dfverschluss. Der Innenbund ist aus Mesh-Gewebe gefertigt und erm\u00f6glicht eine schnelle und effektive Feuchtigkeitsregulierung. Die eng anliegenden Innenshorts halten die Hose sehr nah am Bein und bieten zus\u00e4tzlichen Komfort und Halt.<\/p>\n<div class=\"techinfo-icons\">\n<div class=\"techinfo-icon\"><a class=\"d-flex flex-column align-items-center text-center\"><img loading=\"lazy\" decoding=\"async\" class=\"lazyloaded\" src=\"https:\/\/www.lasportiva.com\/media\/techinfo_icons\/traspirabilita.png\" alt=\"La Sportiva\" width=\"75\" height=\"75\" data-src=\"https:\/\/www.lasportiva.com\/media\/techinfo_icons\/traspirabilita.png\" \/>Atmungsaktivit\u00e4t<\/a><\/div>\n<div class=\"techinfo-icon\"><a class=\"d-flex flex-column align-items-center text-center\"><img loading=\"lazy\" decoding=\"async\" class=\"lazyloaded\" src=\"https:\/\/www.lasportiva.com\/media\/techinfo_icons\/L2.png\" alt=\"La Sportiva\" width=\"75\" height=\"75\" data-src=\"https:\/\/www.lasportiva.com\/media\/techinfo_icons\/L2.png\" \/>L2 (mittlere und thermische Schicht)<\/a><\/div>\n<div class=\"techinfo-icon\"><a class=\"d-flex flex-column align-items-center text-center\"><img loading=\"lazy\" decoding=\"async\" class=\"lazyloaded\" src=\"https:\/\/www.lasportiva.com\/media\/techinfo_icons\/leggerezza.png\" alt=\"La Sportiva\" width=\"75\" height=\"75\" data-src=\"https:\/\/www.lasportiva.com\/media\/techinfo_icons\/leggerezza.png\" \/>Leichtes Gewicht<\/a><\/div>\n<div class=\"techinfo-icon\"><a class=\"d-flex flex-column align-items-center text-center\"><img loading=\"lazy\" decoding=\"async\" class=\"lazyloaded\" src=\"https:\/\/www.lasportiva.com\/media\/techinfo_icons\/regular-fit.png\" alt=\"La Sportiva\" width=\"75\" height=\"75\" data-src=\"https:\/\/www.lasportiva.com\/media\/techinfo_icons\/regular-fit.png\" \/>Normale Passform<\/a><\/div>\n<div><\/div>\n<\/div>\n<div>+ Strukturierter elastischer, atmungsaktiver Bund mit zahlreichen Netztaschen<br \/>\n+ 1 Ges\u00e4\u00dftasche mit Rei\u00dfverschluss<br \/>\n+ Bequeme und atmungsaktive Innenhose<br \/>\n+ Antibakterielle und geruchshemmende Behandlung<\/div>\n","protected":false},"excerpt":{"rendered":"<ul>\n<li>atmungsaktiv<\/li>\n<li>ultraleichtes Gewicht<\/li>\n<li>unterst\u00fctzend<\/li>\n<\/ul>\n","protected":false},"featured_media":255646,"template":"","meta":{"_acf_changed":false,"inline_featured_image":false},"product_brand":[],"product_cat":[6540,6510],"product_tag":[6248,6218],"class_list":{"0":"post-252347","1":"product","2":"type-product","3":"status-publish","4":"has-post-thumbnail","6":"product_cat-herrenbekleidung","7":"product_cat-shorts","8":"product_tag-la-sportiva-de","9":"product_tag-la-sportiva-herren-de","10":"pa_attivita-outdoor-de","11":"pa_attivita-trail-de","12":"pa_colore-ultra-distance-shorts-m-onyx-chalk-de","13":"pa_marca-la-sportiva-de","14":"pa_sesso-herren","15":"pa_size-small-de","16":"pa_size-medium-de","17":"pa_size-large-de","19":"first","20":"instock","21":"sale","22":"taxable","23":"shipping-taxable","24":"purchasable","25":"product-type-variable","26":"wvs-archive-product-wrapper"},"acf":[],"yoast_head":"<!-- This site is optimized with the Yoast SEO plugin v26.8 - https:\/\/yoast.com\/product\/yoast-seo-wordpress\/ -->\n<title>La Sportiva Ultra distance shorts herren - Shorts f\u00fcr herren - MioMioRun<\/title>\n<meta name=\"description\" content=\"Ultraleichte und atmungsaktive Shorts mit Stretchmaterial. Ausgestattet mit Rei\u00dfverschlusstaschen und reflektierenden Details, sind sie ideal f\u00fcr lange, intensive Fahrten.\" \/>\n<meta name=\"robots\" content=\"index, follow, max-snippet:-1, max-image-preview:large, max-video-preview:-1\" \/>\n<link rel=\"canonical\" href=\"https:\/\/www.miomiorun.com\/de\/produkt\/ultra-distance-shorts-herren\/\" \/>\n<meta property=\"og:locale\" content=\"de_DE\" \/>\n<meta property=\"og:type\" content=\"article\" \/>\n<meta property=\"og:title\" content=\"La Sportiva Ultra distance shorts herren - Shorts f\u00fcr herren - MioMioRun\" \/>\n<meta property=\"og:description\" content=\"Ultraleichte und atmungsaktive Shorts mit Stretchmaterial. Ausgestattet mit Rei\u00dfverschlusstaschen und reflektierenden Details, sind sie ideal f\u00fcr lange, intensive Fahrten.\" \/>\n<meta property=\"og:url\" content=\"https:\/\/www.miomiorun.com\/de\/produkt\/ultra-distance-shorts-herren\/\" \/>\n<meta property=\"og:site_name\" content=\"MioMioRun\" \/>\n<meta property=\"article:publisher\" content=\"https:\/\/www.facebook.com\/miomiorun\/\" \/>\n<meta property=\"article:modified_time\" content=\"2026-05-08T20:28:37+00:00\" \/>\n<meta property=\"og:image\" content=\"https:\/\/www.miomiorun.com\/app\/uploads\/2025\/02\/la-sportiva-Ultra-distance-shorts-M-onyx-chalk-P97919004.webp\" \/>\n\t<meta property=\"og:image:width\" content=\"600\" \/>\n\t<meta property=\"og:image:height\" content=\"600\" \/>\n\t<meta property=\"og:image:type\" content=\"image\/webp\" \/>\n<meta name=\"twitter:card\" content=\"summary_large_image\" \/>\n<meta name=\"twitter:label1\" content=\"Est. reading time\" \/>\n\t<meta name=\"twitter:data1\" content=\"1 minute\" \/>\n<script type=\"application\/ld+json\" class=\"yoast-schema-graph\">{\"@context\":\"https:\/\/schema.org\",\"@graph\":[{\"@type\":\"WebPage\",\"@id\":\"https:\/\/www.miomiorun.com\/de\/produkt\/ultra-distance-shorts-herren\/\",\"url\":\"https:\/\/www.miomiorun.com\/de\/produkt\/ultra-distance-shorts-herren\/\",\"name\":\"La Sportiva Ultra distance shorts herren - Shorts f\u00fcr herren - MioMioRun\",\"isPartOf\":{\"@id\":\"https:\/\/www.miomiorun.com\/de\/#website\"},\"primaryImageOfPage\":{\"@id\":\"https:\/\/www.miomiorun.com\/de\/produkt\/ultra-distance-shorts-herren\/#primaryimage\"},\"image\":{\"@id\":\"https:\/\/www.miomiorun.com\/de\/produkt\/ultra-distance-shorts-herren\/#primaryimage\"},\"thumbnailUrl\":\"https:\/\/www.miomiorun.com\/app\/uploads\/2025\/02\/la-sportiva-Ultra-distance-shorts-M-onyx-chalk-P97919004.webp\",\"datePublished\":\"2025-02-07T14:53:42+00:00\",\"dateModified\":\"2026-05-08T20:28:37+00:00\",\"description\":\"Ultraleichte und atmungsaktive Shorts mit Stretchmaterial. Ausgestattet mit Rei\u00dfverschlusstaschen und reflektierenden Details, sind sie ideal f\u00fcr lange, intensive Fahrten.\",\"breadcrumb\":{\"@id\":\"https:\/\/www.miomiorun.com\/de\/produkt\/ultra-distance-shorts-herren\/#breadcrumb\"},\"inLanguage\":\"de-DE\",\"potentialAction\":[{\"@type\":\"ReadAction\",\"target\":[\"https:\/\/www.miomiorun.com\/de\/produkt\/ultra-distance-shorts-herren\/\"]}]},{\"@type\":\"ImageObject\",\"inLanguage\":\"de-DE\",\"@id\":\"https:\/\/www.miomiorun.com\/de\/produkt\/ultra-distance-shorts-herren\/#primaryimage\",\"url\":\"https:\/\/www.miomiorun.com\/app\/uploads\/2025\/02\/la-sportiva-Ultra-distance-shorts-M-onyx-chalk-P97919004.webp\",\"contentUrl\":\"https:\/\/www.miomiorun.com\/app\/uploads\/2025\/02\/la-sportiva-Ultra-distance-shorts-M-onyx-chalk-P97919004.webp\",\"width\":600,\"height\":600,\"caption\":\"la sportiva Ultra distance shorts M onyx chalk P97919004\"},{\"@type\":\"BreadcrumbList\",\"@id\":\"https:\/\/www.miomiorun.com\/de\/produkt\/ultra-distance-shorts-herren\/#breadcrumb\",\"itemListElement\":[{\"@type\":\"ListItem\",\"position\":1,\"name\":\"Home\",\"item\":\"https:\/\/www.miomiorun.com\/de\/\"},{\"@type\":\"ListItem\",\"position\":2,\"name\":\"Shop\",\"item\":\"https:\/\/www.miomiorun.com\/shop\/\"},{\"@type\":\"ListItem\",\"position\":3,\"name\":\"Ultra distance shorts herren\"}]},{\"@type\":\"WebSite\",\"@id\":\"https:\/\/www.miomiorun.com\/de\/#website\",\"url\":\"https:\/\/www.miomiorun.com\/de\/\",\"name\":\"MioMioRun\",\"description\":\"100% Lauf- und Trailshop\",\"publisher\":{\"@id\":\"https:\/\/www.miomiorun.com\/de\/#organization\"},\"potentialAction\":[{\"@type\":\"SearchAction\",\"target\":{\"@type\":\"EntryPoint\",\"urlTemplate\":\"https:\/\/www.miomiorun.com\/de\/?s={search_term_string}\"},\"query-input\":{\"@type\":\"PropertyValueSpecification\",\"valueRequired\":true,\"valueName\":\"search_term_string\"}}],\"inLanguage\":\"de-DE\"},{\"@type\":\"Organization\",\"@id\":\"https:\/\/www.miomiorun.com\/de\/#organization\",\"name\":\"MioMio Run\",\"url\":\"https:\/\/www.miomiorun.com\/de\/\",\"logo\":{\"@type\":\"ImageObject\",\"inLanguage\":\"de-DE\",\"@id\":\"https:\/\/www.miomiorun.com\/de\/#\/schema\/logo\/image\/\",\"url\":\"https:\/\/www.miomiorun.com\/app\/uploads\/2019\/12\/logomio.png\",\"contentUrl\":\"https:\/\/www.miomiorun.com\/app\/uploads\/2019\/12\/logomio.png\",\"width\":115,\"height\":82,\"caption\":\"MioMio Run\"},\"image\":{\"@id\":\"https:\/\/www.miomiorun.com\/de\/#\/schema\/logo\/image\/\"},\"sameAs\":[\"https:\/\/www.facebook.com\/miomiorun\/\",\"https:\/\/www.instagram.com\/miomiorun\/\"]}]}<\/script>\n<!-- \/ Yoast SEO plugin. -->","yoast_head_json":{"title":"La Sportiva Ultra distance shorts herren - Shorts f\u00fcr herren - MioMioRun","description":"Ultraleichte und atmungsaktive Shorts mit Stretchmaterial. Ausgestattet mit Rei\u00dfverschlusstaschen und reflektierenden Details, sind sie ideal f\u00fcr lange, intensive Fahrten.","robots":{"index":"index","follow":"follow","max-snippet":"max-snippet:-1","max-image-preview":"max-image-preview:large","max-video-preview":"max-video-preview:-1"},"canonical":"https:\/\/www.miomiorun.com\/de\/produkt\/ultra-distance-shorts-herren\/","og_locale":"de_DE","og_type":"article","og_title":"La Sportiva Ultra distance shorts herren - Shorts f\u00fcr herren - MioMioRun","og_description":"Ultraleichte und atmungsaktive Shorts mit Stretchmaterial. Ausgestattet mit Rei\u00dfverschlusstaschen und reflektierenden Details, sind sie ideal f\u00fcr lange, intensive Fahrten.","og_url":"https:\/\/www.miomiorun.com\/de\/produkt\/ultra-distance-shorts-herren\/","og_site_name":"MioMioRun","article_publisher":"https:\/\/www.facebook.com\/miomiorun\/","article_modified_time":"2026-05-08T20:28:37+00:00","og_image":[{"width":600,"height":600,"url":"https:\/\/www.miomiorun.com\/app\/uploads\/2025\/02\/la-sportiva-Ultra-distance-shorts-M-onyx-chalk-P97919004.webp","type":"image\/webp"}],"twitter_card":"summary_large_image","twitter_misc":{"Est. reading time":"1 minute"},"schema":{"@context":"https:\/\/schema.org","@graph":[{"@type":"WebPage","@id":"https:\/\/www.miomiorun.com\/de\/produkt\/ultra-distance-shorts-herren\/","url":"https:\/\/www.miomiorun.com\/de\/produkt\/ultra-distance-shorts-herren\/","name":"La Sportiva Ultra distance shorts herren - Shorts f\u00fcr herren - MioMioRun","isPartOf":{"@id":"https:\/\/www.miomiorun.com\/de\/#website"},"primaryImageOfPage":{"@id":"https:\/\/www.miomiorun.com\/de\/produkt\/ultra-distance-shorts-herren\/#primaryimage"},"image":{"@id":"https:\/\/www.miomiorun.com\/de\/produkt\/ultra-distance-shorts-herren\/#primaryimage"},"thumbnailUrl":"https:\/\/www.miomiorun.com\/app\/uploads\/2025\/02\/la-sportiva-Ultra-distance-shorts-M-onyx-chalk-P97919004.webp","datePublished":"2025-02-07T14:53:42+00:00","dateModified":"2026-05-08T20:28:37+00:00","description":"Ultraleichte und atmungsaktive Shorts mit Stretchmaterial. Ausgestattet mit Rei\u00dfverschlusstaschen und reflektierenden Details, sind sie ideal f\u00fcr lange, intensive Fahrten.","breadcrumb":{"@id":"https:\/\/www.miomiorun.com\/de\/produkt\/ultra-distance-shorts-herren\/#breadcrumb"},"inLanguage":"de-DE","potentialAction":[{"@type":"ReadAction","target":["https:\/\/www.miomiorun.com\/de\/produkt\/ultra-distance-shorts-herren\/"]}]},{"@type":"ImageObject","inLanguage":"de-DE","@id":"https:\/\/www.miomiorun.com\/de\/produkt\/ultra-distance-shorts-herren\/#primaryimage","url":"https:\/\/www.miomiorun.com\/app\/uploads\/2025\/02\/la-sportiva-Ultra-distance-shorts-M-onyx-chalk-P97919004.webp","contentUrl":"https:\/\/www.miomiorun.com\/app\/uploads\/2025\/02\/la-sportiva-Ultra-distance-shorts-M-onyx-chalk-P97919004.webp","width":600,"height":600,"caption":"la sportiva Ultra distance shorts M onyx chalk P97919004"},{"@type":"BreadcrumbList","@id":"https:\/\/www.miomiorun.com\/de\/produkt\/ultra-distance-shorts-herren\/#breadcrumb","itemListElement":[{"@type":"ListItem","position":1,"name":"Home","item":"https:\/\/www.miomiorun.com\/de\/"},{"@type":"ListItem","position":2,"name":"Shop","item":"https:\/\/www.miomiorun.com\/shop\/"},{"@type":"ListItem","position":3,"name":"Ultra distance shorts herren"}]},{"@type":"WebSite","@id":"https:\/\/www.miomiorun.com\/de\/#website","url":"https:\/\/www.miomiorun.com\/de\/","name":"MioMioRun","description":"100% Lauf- und Trailshop","publisher":{"@id":"https:\/\/www.miomiorun.com\/de\/#organization"},"potentialAction":[{"@type":"SearchAction","target":{"@type":"EntryPoint","urlTemplate":"https:\/\/www.miomiorun.com\/de\/?s={search_term_string}"},"query-input":{"@type":"PropertyValueSpecification","valueRequired":true,"valueName":"search_term_string"}}],"inLanguage":"de-DE"},{"@type":"Organization","@id":"https:\/\/www.miomiorun.com\/de\/#organization","name":"MioMio Run","url":"https:\/\/www.miomiorun.com\/de\/","logo":{"@type":"ImageObject","inLanguage":"de-DE","@id":"https:\/\/www.miomiorun.com\/de\/#\/schema\/logo\/image\/","url":"https:\/\/www.miomiorun.com\/app\/uploads\/2019\/12\/logomio.png","contentUrl":"https:\/\/www.miomiorun.com\/app\/uploads\/2019\/12\/logomio.png","width":115,"height":82,"caption":"MioMio Run"},"image":{"@id":"https:\/\/www.miomiorun.com\/de\/#\/schema\/logo\/image\/"},"sameAs":["https:\/\/www.facebook.com\/miomiorun\/","https:\/\/www.instagram.com\/miomiorun\/"]}]}},"_links":{"self":[{"href":"https:\/\/www.miomiorun.com\/de\/wp-json\/wp\/v2\/product\/252347","targetHints":{"allow":["GET"]}}],"collection":[{"href":"https:\/\/www.miomiorun.com\/de\/wp-json\/wp\/v2\/product"}],"about":[{"href":"https:\/\/www.miomiorun.com\/de\/wp-json\/wp\/v2\/types\/product"}],"wp:featuredmedia":[{"embeddable":true,"href":"https:\/\/www.miomiorun.com\/de\/wp-json\/wp\/v2\/media\/255646"}],"wp:attachment":[{"href":"https:\/\/www.miomiorun.com\/de\/wp-json\/wp\/v2\/media?parent=252347"}],"wp:term":[{"taxonomy":"product_brand","embeddable":true,"href":"https:\/\/www.miomiorun.com\/de\/wp-json\/wp\/v2\/product_brand?post=252347"},{"taxonomy":"product_cat","embeddable":true,"href":"https:\/\/www.miomiorun.com\/de\/wp-json\/wp\/v2\/product_cat?post=252347"},{"taxonomy":"product_tag","embeddable":true,"href":"https:\/\/www.miomiorun.com\/de\/wp-json\/wp\/v2\/product_tag?post=252347"}],"curies":[{"name":"wp","href":"https:\/\/api.w.org\/{rel}","templated":true}]}}