{"id":251576,"date":"2025-02-07T10:17:38","date_gmt":"2025-02-07T09:17:38","guid":{"rendered":"https:\/\/miomiorun.com\/?post_type=product&#038;p=251576"},"modified":"2025-03-20T18:56:10","modified_gmt":"2025-03-20T17:56:10","slug":"launch-elite-tank-damen","status":"publish","type":"product","link":"https:\/\/www.miomiorun.com\/de\/produkt\/launch-elite-tank-damen\/","title":{"rendered":"Launch Elite tank damen"},"content":{"rendered":"<div id=\"acc-1\" class=\"g-accordion-content collapse show\">\n<div id=\"acc-3\" class=\"g-accordion-content collapse\">\n<p>Entdecken Sie das <strong>UA Launch Elite Women&#8217;s Tank Top<\/strong>, das perfekte Kleidungsst\u00fcck f\u00fcr alle, die Komfort, Leistung und modernes Design suchen. Hergestellt mit den technologischen Materialien von <strong>Under Armour<\/strong>, wurde dieses Tank Top entwickelt, um dich bei jedem Training zu begleiten und dir maximale Bewegungsfreiheit und Atmungsaktivit\u00e4t zu garantieren.<\/p>\n<p>Wir finden in dieser Version das <strong>Iso-Chill-Gewebe<\/strong>, das hilft, die K\u00f6rperw\u00e4rme zu zerstreuen, um dir ein Gef\u00fchl von maximaler K\u00fchle bei jedem Schritt zu geben. Dazu kommt ein <strong>4-Wege-Stretch-Material<\/strong>, ein <strong>geformter Saum mit Seitenschlitzen<\/strong>,<strong> Laserperforationen<\/strong> an strategischen Stellen f\u00fcr bessere Bel\u00fcftung und <strong>Schwei\u00dfabsorption mit Schnelltrocknung<\/strong> und ta-dan! Das Launch Elite Tank-Top wird vorgestellt<\/p>\n<p>Das mit dem Under Armour-Logo versehene UA Launch Elite Tank Top ist der ideale Verb\u00fcndete f\u00fcr alle, die Leistung und einen sportlichen Look kombinieren wollen. Egal, ob du im Fitnessstudio, auf der Rennstrecke oder einfach nur unterwegs bist, dieses Tank Top ist bereit, mit dir jedes Limit herauszufordern.<\/p>\n<\/div>\n<\/div>\n<p><strong>UA Launch Elite: Dein Verb\u00fcndeter, um jedes Ziel zu erreichen<\/strong><\/p>\n<p>&nbsp;<\/p>\n<ul class=\"t-tabs_data\">\n<li class=\"t-tabs_list\">Maschinenw\u00e4sche kalt mit \u00e4hnlichen Farben<\/li>\n<li class=\"t-tabs_list\">Verwenden Sie keine Weichsp\u00fcler<\/li>\n<li class=\"t-tabs_list\">Falls erforderlich, nur chlorfreies Bleichmittel verwenden<\/li>\n<li class=\"t-tabs_list\">Im W\u00e4schetrockner bei niedriger Temperatur trocknen<\/li>\n<li class=\"t-tabs_list\">Nicht b\u00fcgeln<\/li>\n<li class=\"t-tabs_list\">Nicht chemisch reinigen<\/li>\n<\/ul>\n","protected":false},"excerpt":{"rendered":"<ul class=\"feature-benefits_data\" role=\"list\">\n<li class=\"feature-benefits_list flex-grow \" role=\"listitem\">Maximale Frische<\/li>\n<li class=\"feature-benefits_list flex-grow \" role=\"listitem\">Reflektierende Details<\/li>\n<li class=\"feature-benefits_list flex-grow \" role=\"listitem\">Bel\u00fcftet<\/li>\n<li class=\"feature-benefits_list flex-grow \" role=\"listitem\">4-Wege-Stretch<\/li>\n<\/ul>\n","protected":false},"featured_media":253011,"template":"","meta":{"_acf_changed":false,"inline_featured_image":false},"product_brand":[],"product_cat":[6401,6403],"product_tag":[20482,20495],"class_list":{"0":"post-251576","1":"product","2":"type-product","3":"status-publish","4":"has-post-thumbnail","6":"product_cat-damenbekleidung","7":"product_cat-damentank-tops","8":"product_tag-under-armour-de","9":"product_tag-under-armour-damen","10":"pa_attivita-fitness-de","11":"pa_attivita-gehen","12":"pa_attivita-lifestyle-de","13":"pa_attivita-running-de","14":"pa_colore-launch-elite-tank-w-black-de","15":"pa_marca-under-armour-de","16":"pa_sesso-damen","17":"pa_size-extra-small-de","18":"pa_size-small-de","19":"pa_size-medium-de","20":"pa_size-large-de","22":"first","23":"instock","24":"sale","25":"taxable","26":"shipping-taxable","27":"purchasable","28":"product-type-variable","29":"wvs-archive-product-wrapper"},"acf":[],"yoast_head":"<!-- This site is optimized with the Yoast SEO plugin v26.8 - https:\/\/yoast.com\/product\/yoast-seo-wordpress\/ -->\n<title>Under Armour Launch Elite tank damen -Lauftank-Top- MioMioRun<\/title>\n<meta name=\"description\" content=\"Leicht, atmungsaktiv, mit schnelltrocknender Technologie, ausgestattet mit Fenstern f\u00fcr bessere Bel\u00fcftung und mit Laserperforationen. Alles in Launch Elite\" \/>\n<meta name=\"robots\" content=\"index, follow, max-snippet:-1, max-image-preview:large, max-video-preview:-1\" \/>\n<link rel=\"canonical\" href=\"https:\/\/www.miomiorun.com\/de\/produkt\/launch-elite-tank-damen\/\" \/>\n<meta property=\"og:locale\" content=\"de_DE\" \/>\n<meta property=\"og:type\" content=\"article\" \/>\n<meta property=\"og:title\" content=\"Under Armour Launch Elite tank damen -Lauftank-Top- MioMioRun\" \/>\n<meta property=\"og:description\" content=\"Leicht, atmungsaktiv, mit schnelltrocknender Technologie, ausgestattet mit Fenstern f\u00fcr bessere Bel\u00fcftung und mit Laserperforationen. Alles in Launch Elite\" \/>\n<meta property=\"og:url\" content=\"https:\/\/www.miomiorun.com\/de\/produkt\/launch-elite-tank-damen\/\" \/>\n<meta property=\"og:site_name\" content=\"MioMioRun\" \/>\n<meta property=\"article:publisher\" content=\"https:\/\/www.facebook.com\/miomiorun\/\" \/>\n<meta property=\"article:modified_time\" content=\"2025-03-20T17:56:10+00:00\" \/>\n<meta property=\"og:image\" content=\"https:\/\/www.miomiorun.com\/app\/uploads\/2025\/02\/under-armour-Launch-Elite-tank-W-black-1389563-0001.webp\" \/>\n\t<meta property=\"og:image:width\" content=\"600\" \/>\n\t<meta property=\"og:image:height\" content=\"600\" \/>\n\t<meta property=\"og:image:type\" content=\"image\/webp\" \/>\n<meta name=\"twitter:card\" content=\"summary_large_image\" \/>\n<meta name=\"twitter:label1\" content=\"Est. reading time\" \/>\n\t<meta name=\"twitter:data1\" content=\"2 minutes\" \/>\n<script type=\"application\/ld+json\" class=\"yoast-schema-graph\">{\"@context\":\"https:\/\/schema.org\",\"@graph\":[{\"@type\":\"WebPage\",\"@id\":\"https:\/\/www.miomiorun.com\/de\/produkt\/launch-elite-tank-damen\/\",\"url\":\"https:\/\/www.miomiorun.com\/de\/produkt\/launch-elite-tank-damen\/\",\"name\":\"Under Armour Launch Elite tank damen -Lauftank-Top- MioMioRun\",\"isPartOf\":{\"@id\":\"https:\/\/www.miomiorun.com\/de\/#website\"},\"primaryImageOfPage\":{\"@id\":\"https:\/\/www.miomiorun.com\/de\/produkt\/launch-elite-tank-damen\/#primaryimage\"},\"image\":{\"@id\":\"https:\/\/www.miomiorun.com\/de\/produkt\/launch-elite-tank-damen\/#primaryimage\"},\"thumbnailUrl\":\"https:\/\/www.miomiorun.com\/app\/uploads\/2025\/02\/under-armour-Launch-Elite-tank-W-black-1389563-0001.webp\",\"datePublished\":\"2025-02-07T09:17:38+00:00\",\"dateModified\":\"2025-03-20T17:56:10+00:00\",\"description\":\"Leicht, atmungsaktiv, mit schnelltrocknender Technologie, ausgestattet mit Fenstern f\u00fcr bessere Bel\u00fcftung und mit Laserperforationen. Alles in Launch Elite\",\"breadcrumb\":{\"@id\":\"https:\/\/www.miomiorun.com\/de\/produkt\/launch-elite-tank-damen\/#breadcrumb\"},\"inLanguage\":\"de-DE\",\"potentialAction\":[{\"@type\":\"ReadAction\",\"target\":[\"https:\/\/www.miomiorun.com\/de\/produkt\/launch-elite-tank-damen\/\"]}]},{\"@type\":\"ImageObject\",\"inLanguage\":\"de-DE\",\"@id\":\"https:\/\/www.miomiorun.com\/de\/produkt\/launch-elite-tank-damen\/#primaryimage\",\"url\":\"https:\/\/www.miomiorun.com\/app\/uploads\/2025\/02\/under-armour-Launch-Elite-tank-W-black-1389563-0001.webp\",\"contentUrl\":\"https:\/\/www.miomiorun.com\/app\/uploads\/2025\/02\/under-armour-Launch-Elite-tank-W-black-1389563-0001.webp\",\"width\":600,\"height\":600,\"caption\":\"under armour Launch Elite tank W black 1389563-0001\"},{\"@type\":\"BreadcrumbList\",\"@id\":\"https:\/\/www.miomiorun.com\/de\/produkt\/launch-elite-tank-damen\/#breadcrumb\",\"itemListElement\":[{\"@type\":\"ListItem\",\"position\":1,\"name\":\"Home\",\"item\":\"https:\/\/www.miomiorun.com\/de\/\"},{\"@type\":\"ListItem\",\"position\":2,\"name\":\"Shop\",\"item\":\"https:\/\/www.miomiorun.com\/shop\/\"},{\"@type\":\"ListItem\",\"position\":3,\"name\":\"Launch Elite tank damen\"}]},{\"@type\":\"WebSite\",\"@id\":\"https:\/\/www.miomiorun.com\/de\/#website\",\"url\":\"https:\/\/www.miomiorun.com\/de\/\",\"name\":\"MioMioRun\",\"description\":\"100% Lauf- und Trailshop\",\"publisher\":{\"@id\":\"https:\/\/www.miomiorun.com\/de\/#organization\"},\"potentialAction\":[{\"@type\":\"SearchAction\",\"target\":{\"@type\":\"EntryPoint\",\"urlTemplate\":\"https:\/\/www.miomiorun.com\/de\/?s={search_term_string}\"},\"query-input\":{\"@type\":\"PropertyValueSpecification\",\"valueRequired\":true,\"valueName\":\"search_term_string\"}}],\"inLanguage\":\"de-DE\"},{\"@type\":\"Organization\",\"@id\":\"https:\/\/www.miomiorun.com\/de\/#organization\",\"name\":\"MioMio Run\",\"url\":\"https:\/\/www.miomiorun.com\/de\/\",\"logo\":{\"@type\":\"ImageObject\",\"inLanguage\":\"de-DE\",\"@id\":\"https:\/\/www.miomiorun.com\/de\/#\/schema\/logo\/image\/\",\"url\":\"https:\/\/www.miomiorun.com\/app\/uploads\/2019\/12\/logomio.png\",\"contentUrl\":\"https:\/\/www.miomiorun.com\/app\/uploads\/2019\/12\/logomio.png\",\"width\":115,\"height\":82,\"caption\":\"MioMio Run\"},\"image\":{\"@id\":\"https:\/\/www.miomiorun.com\/de\/#\/schema\/logo\/image\/\"},\"sameAs\":[\"https:\/\/www.facebook.com\/miomiorun\/\",\"https:\/\/www.instagram.com\/miomiorun\/\"]}]}<\/script>\n<!-- \/ Yoast SEO plugin. -->","yoast_head_json":{"title":"Under Armour Launch Elite tank damen -Lauftank-Top- MioMioRun","description":"Leicht, atmungsaktiv, mit schnelltrocknender Technologie, ausgestattet mit Fenstern f\u00fcr bessere Bel\u00fcftung und mit Laserperforationen. Alles in Launch Elite","robots":{"index":"index","follow":"follow","max-snippet":"max-snippet:-1","max-image-preview":"max-image-preview:large","max-video-preview":"max-video-preview:-1"},"canonical":"https:\/\/www.miomiorun.com\/de\/produkt\/launch-elite-tank-damen\/","og_locale":"de_DE","og_type":"article","og_title":"Under Armour Launch Elite tank damen -Lauftank-Top- MioMioRun","og_description":"Leicht, atmungsaktiv, mit schnelltrocknender Technologie, ausgestattet mit Fenstern f\u00fcr bessere Bel\u00fcftung und mit Laserperforationen. Alles in Launch Elite","og_url":"https:\/\/www.miomiorun.com\/de\/produkt\/launch-elite-tank-damen\/","og_site_name":"MioMioRun","article_publisher":"https:\/\/www.facebook.com\/miomiorun\/","article_modified_time":"2025-03-20T17:56:10+00:00","og_image":[{"width":600,"height":600,"url":"https:\/\/www.miomiorun.com\/app\/uploads\/2025\/02\/under-armour-Launch-Elite-tank-W-black-1389563-0001.webp","type":"image\/webp"}],"twitter_card":"summary_large_image","twitter_misc":{"Est. reading time":"2 minutes"},"schema":{"@context":"https:\/\/schema.org","@graph":[{"@type":"WebPage","@id":"https:\/\/www.miomiorun.com\/de\/produkt\/launch-elite-tank-damen\/","url":"https:\/\/www.miomiorun.com\/de\/produkt\/launch-elite-tank-damen\/","name":"Under Armour Launch Elite tank damen -Lauftank-Top- MioMioRun","isPartOf":{"@id":"https:\/\/www.miomiorun.com\/de\/#website"},"primaryImageOfPage":{"@id":"https:\/\/www.miomiorun.com\/de\/produkt\/launch-elite-tank-damen\/#primaryimage"},"image":{"@id":"https:\/\/www.miomiorun.com\/de\/produkt\/launch-elite-tank-damen\/#primaryimage"},"thumbnailUrl":"https:\/\/www.miomiorun.com\/app\/uploads\/2025\/02\/under-armour-Launch-Elite-tank-W-black-1389563-0001.webp","datePublished":"2025-02-07T09:17:38+00:00","dateModified":"2025-03-20T17:56:10+00:00","description":"Leicht, atmungsaktiv, mit schnelltrocknender Technologie, ausgestattet mit Fenstern f\u00fcr bessere Bel\u00fcftung und mit Laserperforationen. Alles in Launch Elite","breadcrumb":{"@id":"https:\/\/www.miomiorun.com\/de\/produkt\/launch-elite-tank-damen\/#breadcrumb"},"inLanguage":"de-DE","potentialAction":[{"@type":"ReadAction","target":["https:\/\/www.miomiorun.com\/de\/produkt\/launch-elite-tank-damen\/"]}]},{"@type":"ImageObject","inLanguage":"de-DE","@id":"https:\/\/www.miomiorun.com\/de\/produkt\/launch-elite-tank-damen\/#primaryimage","url":"https:\/\/www.miomiorun.com\/app\/uploads\/2025\/02\/under-armour-Launch-Elite-tank-W-black-1389563-0001.webp","contentUrl":"https:\/\/www.miomiorun.com\/app\/uploads\/2025\/02\/under-armour-Launch-Elite-tank-W-black-1389563-0001.webp","width":600,"height":600,"caption":"under armour Launch Elite tank W black 1389563-0001"},{"@type":"BreadcrumbList","@id":"https:\/\/www.miomiorun.com\/de\/produkt\/launch-elite-tank-damen\/#breadcrumb","itemListElement":[{"@type":"ListItem","position":1,"name":"Home","item":"https:\/\/www.miomiorun.com\/de\/"},{"@type":"ListItem","position":2,"name":"Shop","item":"https:\/\/www.miomiorun.com\/shop\/"},{"@type":"ListItem","position":3,"name":"Launch Elite tank damen"}]},{"@type":"WebSite","@id":"https:\/\/www.miomiorun.com\/de\/#website","url":"https:\/\/www.miomiorun.com\/de\/","name":"MioMioRun","description":"100% Lauf- und Trailshop","publisher":{"@id":"https:\/\/www.miomiorun.com\/de\/#organization"},"potentialAction":[{"@type":"SearchAction","target":{"@type":"EntryPoint","urlTemplate":"https:\/\/www.miomiorun.com\/de\/?s={search_term_string}"},"query-input":{"@type":"PropertyValueSpecification","valueRequired":true,"valueName":"search_term_string"}}],"inLanguage":"de-DE"},{"@type":"Organization","@id":"https:\/\/www.miomiorun.com\/de\/#organization","name":"MioMio Run","url":"https:\/\/www.miomiorun.com\/de\/","logo":{"@type":"ImageObject","inLanguage":"de-DE","@id":"https:\/\/www.miomiorun.com\/de\/#\/schema\/logo\/image\/","url":"https:\/\/www.miomiorun.com\/app\/uploads\/2019\/12\/logomio.png","contentUrl":"https:\/\/www.miomiorun.com\/app\/uploads\/2019\/12\/logomio.png","width":115,"height":82,"caption":"MioMio Run"},"image":{"@id":"https:\/\/www.miomiorun.com\/de\/#\/schema\/logo\/image\/"},"sameAs":["https:\/\/www.facebook.com\/miomiorun\/","https:\/\/www.instagram.com\/miomiorun\/"]}]}},"_links":{"self":[{"href":"https:\/\/www.miomiorun.com\/de\/wp-json\/wp\/v2\/product\/251576","targetHints":{"allow":["GET"]}}],"collection":[{"href":"https:\/\/www.miomiorun.com\/de\/wp-json\/wp\/v2\/product"}],"about":[{"href":"https:\/\/www.miomiorun.com\/de\/wp-json\/wp\/v2\/types\/product"}],"wp:featuredmedia":[{"embeddable":true,"href":"https:\/\/www.miomiorun.com\/de\/wp-json\/wp\/v2\/media\/253011"}],"wp:attachment":[{"href":"https:\/\/www.miomiorun.com\/de\/wp-json\/wp\/v2\/media?parent=251576"}],"wp:term":[{"taxonomy":"product_brand","embeddable":true,"href":"https:\/\/www.miomiorun.com\/de\/wp-json\/wp\/v2\/product_brand?post=251576"},{"taxonomy":"product_cat","embeddable":true,"href":"https:\/\/www.miomiorun.com\/de\/wp-json\/wp\/v2\/product_cat?post=251576"},{"taxonomy":"product_tag","embeddable":true,"href":"https:\/\/www.miomiorun.com\/de\/wp-json\/wp\/v2\/product_tag?post=251576"}],"curies":[{"name":"wp","href":"https:\/\/api.w.org\/{rel}","templated":true}]}}