{"id":228449,"date":"2025-02-06T10:04:15","date_gmt":"2025-02-06T09:04:15","guid":{"rendered":"https:\/\/miomiorun.com\/?post_type=product&#038;p=228449"},"modified":"2026-05-08T22:29:00","modified_gmt":"2026-05-08T20:29:00","slug":"gel-nimbus-27-herren","status":"publish","type":"product","link":"https:\/\/www.miomiorun.com\/de\/produkt\/gel-nimbus-27-herren\/","title":{"rendered":"Gel-Nimbus 27 herren"},"content":{"rendered":"<div class=\"vc-row container\"><div class=\"vc-column\"><div class=\"vc-column-text\"><\/p>\n<h4>Technische Daten<\/h4>\n<p>Kategorie: super cushioned<br \/>\nVersatz: 8 mm<br \/>\nGewicht: 305 g<br \/>\nIdeal f\u00fcr: L\u00e4ufer, die einen Schuh mit maximalem Komfort suchen, dank der Verbesserungen am Obermaterial und der maximalen D\u00e4mpfung, um den Aufprall auf den Boden auf Null zu reduzieren<br \/>\nGewicht des Athleten: &gt; 80 kg<br \/>\nLauftempo: &gt; 5.30 min\/km<br \/>\n<a href=\"https:\/\/miomiorun.com\/de\/leitfaden-fuer-technische-spezifikationen\/\">Leitfaden zur Spezifikation<\/a><\/p>\n<p><\/div><\/div><div class=\"vc-column\"><div class=\"vc-column-text\">Der <strong>ASICS GEL-NIMBUS 27<\/strong> ist mehr als nur ein Laufschuh. Er wurde f\u00fcr diejenigen entwickelt, die nach ultimativem Komfort, D\u00e4mpfung und Reaktionsf\u00e4higkeit suchen. Wenn du den <strong>GEL-NIMBUS 26<\/strong> geliebt hast, mach dich bereit f\u00fcr ein noch geschmeidigeres, einh\u00fcllenderes und leistungsf\u00e4higeres Lauferlebnis. Diese neue Version beh\u00e4lt alles bei, was Sie am Vorg\u00e4ngermodell geliebt haben, aber mit Verbesserungen, die Ihnen das Gef\u00fchl geben, auf einer Wolke zu laufen.<\/p>\n<h3><strong>Was ist neu im Vergleich zum GEL-NIMBUS 26?<\/strong><\/h3>\n<ul>\n<li class=\"small-reg\">\n<div class=\"small-bold\">\n<p>Erneuerte PureGEL-Technologie an der Ferse<\/p>\n<p>Verbessert die Weichheit und Sto\u00dfd\u00e4mpfung, um den Aufprall zu reduzieren.<\/p>\n<\/div>\n<\/li>\n<li class=\"small-reg\">\n<div class=\"small-bold\">FF BLAST PLUS ECO-Schaumstoff<\/div>\n<p>Bietet unvergleichlichen Komfort.<\/li>\n<li class=\"small-reg\">\n<div class=\"small-bold\">Obermaterial aus verst\u00e4rktem Jacquard-Mesh<\/div>\n<p>Verbesserte Atmungsaktivit\u00e4t f\u00fcr mehr Frische und Komfort bei jedem Lauf<\/li>\n<li class=\"small-reg\">\n<div class=\"small-bold\">Gerippter Kragen<\/div>\n<p>Erh\u00f6ht den Komfort der Passform und erleichtert das Anziehen des Schuhs dank der integrierten Zunge.<\/li>\n<li class=\"small-reg\">\n<div class=\"small-bold\">ASICSGRIP-Hybrid-Laufsohle<\/div>\n<p>Verbessert Weichheit, Traktion und Haltbarkeit.<\/li>\n<li class=\"small-reg\">\n<div class=\"small-bold\">OrthoLite X-55 Einlegesohle<\/div>\n<p>Bietet erh\u00f6hten Komfort und verbessert die Feuchtigkeitsregulierung.<\/li>\n<li class=\"small-reg\">\n<div class=\"small-bold\">Faltenbalg-Zungensystem<\/div>\n<p>Sorgt f\u00fcr eine verstellbare und bequeme Passform und verhindert ein Verrutschen der Zunge.<\/li>\n<li class=\"small-reg\">\n<div class=\"small-bold\">Entwickelt mit Blick auf die Umwelt<\/div>\n<p>Das Obermaterial des Schuhs besteht zu 100 % aus recycelten Materialien und f\u00fcr die D\u00e4mpfung wurden biobasierte Materialien verwendet. Au\u00dferdem wurden der Wasserverbrauch und die Kohlendioxidemissionen bei der Herstellung der Einlegesohle des Schuhs reduziert. Besser f\u00fcr Sie, besser f\u00fcr die Umwelt.<\/li>\n<\/ul>\n<p>Wenn Sie den <strong>GEL-NIMBUS 26<\/strong> bereits ausprobiert haben, wissen Sie, dass es sich um einen Schuh handelt, der Komfort und Leistung auf au\u00dfergew\u00f6hnliche Weise verbindet. Der <strong>GEL-NIMBUS 27<\/strong> setzt all das fort und hebt es auf die n\u00e4chste Stufe. Er ist der perfekte Schuh f\u00fcr alle, die Folgendes suchen<\/p>\n<ul>\n<li><strong>Maximalen Komfort<\/strong><\/li>\n<li><strong>Verbesserte Reaktionsf\u00e4higkeit<\/strong><\/li>\n<li><strong>Langlebigkeit<\/strong><\/li>\n<li><strong>Stil ohne Kompromisse<\/strong><\/li>\n<\/ul>\n<h3>Die Zukunft des Komforts ist da<\/h3>\n<p>Der <strong>ASICS GEL-NIMBUS 27<\/strong> ist nicht nur eine Weiterentwicklung des GEL-NIMBUS 26: Er ist eine Revolution in der Welt der Laufschuhe. Mit signifikanten Verbesserungen in Sachen Komfort, Reaktionsf\u00e4higkeit und Anpassungsf\u00e4higkeit sind diese Schuhe der ideale Begleiter f\u00fcr alle, die sich noch mehr anstrengen wollen, ohne dabei auf das Vergn\u00fcgen eines reibungslosen, m\u00fchelosen Laufs zu verzichten.<\/p>\n<p>Wenn Sie auf der Suche nach einem Schuh sind, der Ihnen das Gef\u00fchl gibt, auf einer Wolke zu laufen, ist der <strong>GEL-NIMBUS 27<\/strong> die perfekte Wahl. Heben Sie ab und entdecken Sie die Zukunft des Laufens! \ud83d\ude80<\/div><\/div><\/div>\n","protected":false},"excerpt":{"rendered":"<ul>\n<li>Diejenigen, die den GEL-NIMBUS 26 lieben und ein noch raffinierteres Lauferlebnis w\u00fcnschen.<\/li>\n<li>Diejenigen, die einen vielseitigen Schuh suchen, der sowohl f\u00fcr das Training als auch f\u00fcr den t\u00e4glichen Gebrauch geeignet ist.<\/li>\n<li>Diejenigen, die eine erstklassige D\u00e4mpfung w\u00fcnschen, ohne auf Leichtigkeit verzichten zu m\u00fcssen.<\/li>\n<\/ul>\n","protected":false},"featured_media":352340,"template":"","meta":{"_acf_changed":false,"inline_featured_image":false},"product_brand":[],"product_cat":[6507,6506],"product_tag":[3404,6202],"class_list":{"0":"post-228449","1":"product","2":"type-product","3":"status-publish","4":"has-post-thumbnail","6":"product_cat-herren-schuhe-de","7":"product_cat-neutrale-herren-schuhe-de","8":"product_tag-asics-de","9":"product_tag-asics-herren-de","10":"pa_attivita-gehen","11":"pa_attivita-running-de","12":"pa_colore-nimbus-27-tokyo-cream-edo-purple-de","13":"pa_marca-asics-de","14":"pa_sesso-herren","15":"pa_size-44-5-de","17":"first","18":"instock","19":"taxable","20":"shipping-taxable","21":"purchasable","22":"product-type-variable","23":"wvs-archive-product-wrapper"},"acf":[],"yoast_head":"<!-- This site is optimized with the Yoast SEO plugin v26.8 - https:\/\/yoast.com\/product\/yoast-seo-wordpress\/ -->\n<title>Asics Gel-Nimbus 27 herren - Herren-Laufschuhe - MioMioRun .com<\/title>\n<meta name=\"description\" content=\"Der Herrenschuh GEL-NIMBUS 27 bietet Komfort, d\u00e4mpft den Aufprall und sorgt auch auf langen Strecken f\u00fcr ein stabiles, geschmeidiges Laufgef\u00fchl.\" \/>\n<meta name=\"robots\" content=\"index, follow, max-snippet:-1, max-image-preview:large, max-video-preview:-1\" \/>\n<link rel=\"canonical\" href=\"https:\/\/www.miomiorun.com\/de\/produkt\/gel-nimbus-27-herren\/\" \/>\n<meta property=\"og:locale\" content=\"de_DE\" \/>\n<meta property=\"og:type\" content=\"article\" \/>\n<meta property=\"og:title\" content=\"Asics Gel-Nimbus 27 herren - Herren-Laufschuhe - MioMioRun .com\" \/>\n<meta property=\"og:description\" content=\"Der Herrenschuh GEL-NIMBUS 27 bietet Komfort, d\u00e4mpft den Aufprall und sorgt auch auf langen Strecken f\u00fcr ein stabiles, geschmeidiges Laufgef\u00fchl.\" \/>\n<meta property=\"og:url\" content=\"https:\/\/www.miomiorun.com\/de\/produkt\/gel-nimbus-27-herren\/\" \/>\n<meta property=\"og:site_name\" content=\"MioMioRun\" \/>\n<meta property=\"article:publisher\" content=\"https:\/\/www.facebook.com\/miomiorun\/\" \/>\n<meta property=\"article:modified_time\" content=\"2026-05-08T20:29:00+00:00\" \/>\n<meta property=\"og:image\" content=\"https:\/\/www.miomiorun.com\/app\/uploads\/2025\/09\/asics-Nimbus-27-tokyo-cream-edo-purple-1011C120-500.webp\" \/>\n\t<meta property=\"og:image:width\" content=\"720\" \/>\n\t<meta property=\"og:image:height\" content=\"720\" \/>\n\t<meta property=\"og:image:type\" content=\"image\/webp\" \/>\n<meta name=\"twitter:card\" content=\"summary_large_image\" \/>\n<meta name=\"twitter:label1\" content=\"Est. reading time\" \/>\n\t<meta name=\"twitter:data1\" content=\"3 minutes\" \/>\n<script type=\"application\/ld+json\" class=\"yoast-schema-graph\">{\"@context\":\"https:\/\/schema.org\",\"@graph\":[{\"@type\":\"WebPage\",\"@id\":\"https:\/\/www.miomiorun.com\/de\/produkt\/gel-nimbus-27-herren\/\",\"url\":\"https:\/\/www.miomiorun.com\/de\/produkt\/gel-nimbus-27-herren\/\",\"name\":\"Asics Gel-Nimbus 27 herren - Herren-Laufschuhe - MioMioRun .com\",\"isPartOf\":{\"@id\":\"https:\/\/www.miomiorun.com\/de\/#website\"},\"primaryImageOfPage\":{\"@id\":\"https:\/\/www.miomiorun.com\/de\/produkt\/gel-nimbus-27-herren\/#primaryimage\"},\"image\":{\"@id\":\"https:\/\/www.miomiorun.com\/de\/produkt\/gel-nimbus-27-herren\/#primaryimage\"},\"thumbnailUrl\":\"https:\/\/www.miomiorun.com\/app\/uploads\/2025\/09\/asics-Nimbus-27-tokyo-cream-edo-purple-1011C120-500.webp\",\"datePublished\":\"2025-02-06T09:04:15+00:00\",\"dateModified\":\"2026-05-08T20:29:00+00:00\",\"description\":\"Der Herrenschuh GEL-NIMBUS 27 bietet Komfort, d\u00e4mpft den Aufprall und sorgt auch auf langen Strecken f\u00fcr ein stabiles, geschmeidiges Laufgef\u00fchl.\",\"breadcrumb\":{\"@id\":\"https:\/\/www.miomiorun.com\/de\/produkt\/gel-nimbus-27-herren\/#breadcrumb\"},\"inLanguage\":\"de-DE\",\"potentialAction\":[{\"@type\":\"ReadAction\",\"target\":[\"https:\/\/www.miomiorun.com\/de\/produkt\/gel-nimbus-27-herren\/\"]}]},{\"@type\":\"ImageObject\",\"inLanguage\":\"de-DE\",\"@id\":\"https:\/\/www.miomiorun.com\/de\/produkt\/gel-nimbus-27-herren\/#primaryimage\",\"url\":\"https:\/\/www.miomiorun.com\/app\/uploads\/2025\/09\/asics-Nimbus-27-tokyo-cream-edo-purple-1011C120-500.webp\",\"contentUrl\":\"https:\/\/www.miomiorun.com\/app\/uploads\/2025\/09\/asics-Nimbus-27-tokyo-cream-edo-purple-1011C120-500.webp\",\"width\":720,\"height\":720,\"caption\":\"asics Nimbus 27 tokyo cream edo purple 1011C120 500\"},{\"@type\":\"BreadcrumbList\",\"@id\":\"https:\/\/www.miomiorun.com\/de\/produkt\/gel-nimbus-27-herren\/#breadcrumb\",\"itemListElement\":[{\"@type\":\"ListItem\",\"position\":1,\"name\":\"Home\",\"item\":\"https:\/\/www.miomiorun.com\/de\/\"},{\"@type\":\"ListItem\",\"position\":2,\"name\":\"Shop\",\"item\":\"https:\/\/www.miomiorun.com\/shop\/\"},{\"@type\":\"ListItem\",\"position\":3,\"name\":\"Gel-Nimbus 27 herren\"}]},{\"@type\":\"WebSite\",\"@id\":\"https:\/\/www.miomiorun.com\/de\/#website\",\"url\":\"https:\/\/www.miomiorun.com\/de\/\",\"name\":\"MioMioRun\",\"description\":\"100% Lauf- und Trailshop\",\"publisher\":{\"@id\":\"https:\/\/www.miomiorun.com\/de\/#organization\"},\"potentialAction\":[{\"@type\":\"SearchAction\",\"target\":{\"@type\":\"EntryPoint\",\"urlTemplate\":\"https:\/\/www.miomiorun.com\/de\/?s={search_term_string}\"},\"query-input\":{\"@type\":\"PropertyValueSpecification\",\"valueRequired\":true,\"valueName\":\"search_term_string\"}}],\"inLanguage\":\"de-DE\"},{\"@type\":\"Organization\",\"@id\":\"https:\/\/www.miomiorun.com\/de\/#organization\",\"name\":\"MioMio Run\",\"url\":\"https:\/\/www.miomiorun.com\/de\/\",\"logo\":{\"@type\":\"ImageObject\",\"inLanguage\":\"de-DE\",\"@id\":\"https:\/\/www.miomiorun.com\/de\/#\/schema\/logo\/image\/\",\"url\":\"https:\/\/www.miomiorun.com\/app\/uploads\/2019\/12\/logomio.png\",\"contentUrl\":\"https:\/\/www.miomiorun.com\/app\/uploads\/2019\/12\/logomio.png\",\"width\":115,\"height\":82,\"caption\":\"MioMio Run\"},\"image\":{\"@id\":\"https:\/\/www.miomiorun.com\/de\/#\/schema\/logo\/image\/\"},\"sameAs\":[\"https:\/\/www.facebook.com\/miomiorun\/\",\"https:\/\/www.instagram.com\/miomiorun\/\"]}]}<\/script>\n<!-- \/ Yoast SEO plugin. -->","yoast_head_json":{"title":"Asics Gel-Nimbus 27 herren - Herren-Laufschuhe - MioMioRun .com","description":"Der Herrenschuh GEL-NIMBUS 27 bietet Komfort, d\u00e4mpft den Aufprall und sorgt auch auf langen Strecken f\u00fcr ein stabiles, geschmeidiges Laufgef\u00fchl.","robots":{"index":"index","follow":"follow","max-snippet":"max-snippet:-1","max-image-preview":"max-image-preview:large","max-video-preview":"max-video-preview:-1"},"canonical":"https:\/\/www.miomiorun.com\/de\/produkt\/gel-nimbus-27-herren\/","og_locale":"de_DE","og_type":"article","og_title":"Asics Gel-Nimbus 27 herren - Herren-Laufschuhe - MioMioRun .com","og_description":"Der Herrenschuh GEL-NIMBUS 27 bietet Komfort, d\u00e4mpft den Aufprall und sorgt auch auf langen Strecken f\u00fcr ein stabiles, geschmeidiges Laufgef\u00fchl.","og_url":"https:\/\/www.miomiorun.com\/de\/produkt\/gel-nimbus-27-herren\/","og_site_name":"MioMioRun","article_publisher":"https:\/\/www.facebook.com\/miomiorun\/","article_modified_time":"2026-05-08T20:29:00+00:00","og_image":[{"width":720,"height":720,"url":"https:\/\/www.miomiorun.com\/app\/uploads\/2025\/09\/asics-Nimbus-27-tokyo-cream-edo-purple-1011C120-500.webp","type":"image\/webp"}],"twitter_card":"summary_large_image","twitter_misc":{"Est. reading time":"3 minutes"},"schema":{"@context":"https:\/\/schema.org","@graph":[{"@type":"WebPage","@id":"https:\/\/www.miomiorun.com\/de\/produkt\/gel-nimbus-27-herren\/","url":"https:\/\/www.miomiorun.com\/de\/produkt\/gel-nimbus-27-herren\/","name":"Asics Gel-Nimbus 27 herren - Herren-Laufschuhe - MioMioRun .com","isPartOf":{"@id":"https:\/\/www.miomiorun.com\/de\/#website"},"primaryImageOfPage":{"@id":"https:\/\/www.miomiorun.com\/de\/produkt\/gel-nimbus-27-herren\/#primaryimage"},"image":{"@id":"https:\/\/www.miomiorun.com\/de\/produkt\/gel-nimbus-27-herren\/#primaryimage"},"thumbnailUrl":"https:\/\/www.miomiorun.com\/app\/uploads\/2025\/09\/asics-Nimbus-27-tokyo-cream-edo-purple-1011C120-500.webp","datePublished":"2025-02-06T09:04:15+00:00","dateModified":"2026-05-08T20:29:00+00:00","description":"Der Herrenschuh GEL-NIMBUS 27 bietet Komfort, d\u00e4mpft den Aufprall und sorgt auch auf langen Strecken f\u00fcr ein stabiles, geschmeidiges Laufgef\u00fchl.","breadcrumb":{"@id":"https:\/\/www.miomiorun.com\/de\/produkt\/gel-nimbus-27-herren\/#breadcrumb"},"inLanguage":"de-DE","potentialAction":[{"@type":"ReadAction","target":["https:\/\/www.miomiorun.com\/de\/produkt\/gel-nimbus-27-herren\/"]}]},{"@type":"ImageObject","inLanguage":"de-DE","@id":"https:\/\/www.miomiorun.com\/de\/produkt\/gel-nimbus-27-herren\/#primaryimage","url":"https:\/\/www.miomiorun.com\/app\/uploads\/2025\/09\/asics-Nimbus-27-tokyo-cream-edo-purple-1011C120-500.webp","contentUrl":"https:\/\/www.miomiorun.com\/app\/uploads\/2025\/09\/asics-Nimbus-27-tokyo-cream-edo-purple-1011C120-500.webp","width":720,"height":720,"caption":"asics Nimbus 27 tokyo cream edo purple 1011C120 500"},{"@type":"BreadcrumbList","@id":"https:\/\/www.miomiorun.com\/de\/produkt\/gel-nimbus-27-herren\/#breadcrumb","itemListElement":[{"@type":"ListItem","position":1,"name":"Home","item":"https:\/\/www.miomiorun.com\/de\/"},{"@type":"ListItem","position":2,"name":"Shop","item":"https:\/\/www.miomiorun.com\/shop\/"},{"@type":"ListItem","position":3,"name":"Gel-Nimbus 27 herren"}]},{"@type":"WebSite","@id":"https:\/\/www.miomiorun.com\/de\/#website","url":"https:\/\/www.miomiorun.com\/de\/","name":"MioMioRun","description":"100% Lauf- und Trailshop","publisher":{"@id":"https:\/\/www.miomiorun.com\/de\/#organization"},"potentialAction":[{"@type":"SearchAction","target":{"@type":"EntryPoint","urlTemplate":"https:\/\/www.miomiorun.com\/de\/?s={search_term_string}"},"query-input":{"@type":"PropertyValueSpecification","valueRequired":true,"valueName":"search_term_string"}}],"inLanguage":"de-DE"},{"@type":"Organization","@id":"https:\/\/www.miomiorun.com\/de\/#organization","name":"MioMio Run","url":"https:\/\/www.miomiorun.com\/de\/","logo":{"@type":"ImageObject","inLanguage":"de-DE","@id":"https:\/\/www.miomiorun.com\/de\/#\/schema\/logo\/image\/","url":"https:\/\/www.miomiorun.com\/app\/uploads\/2019\/12\/logomio.png","contentUrl":"https:\/\/www.miomiorun.com\/app\/uploads\/2019\/12\/logomio.png","width":115,"height":82,"caption":"MioMio Run"},"image":{"@id":"https:\/\/www.miomiorun.com\/de\/#\/schema\/logo\/image\/"},"sameAs":["https:\/\/www.facebook.com\/miomiorun\/","https:\/\/www.instagram.com\/miomiorun\/"]}]}},"_links":{"self":[{"href":"https:\/\/www.miomiorun.com\/de\/wp-json\/wp\/v2\/product\/228449","targetHints":{"allow":["GET"]}}],"collection":[{"href":"https:\/\/www.miomiorun.com\/de\/wp-json\/wp\/v2\/product"}],"about":[{"href":"https:\/\/www.miomiorun.com\/de\/wp-json\/wp\/v2\/types\/product"}],"wp:featuredmedia":[{"embeddable":true,"href":"https:\/\/www.miomiorun.com\/de\/wp-json\/wp\/v2\/media\/352340"}],"wp:attachment":[{"href":"https:\/\/www.miomiorun.com\/de\/wp-json\/wp\/v2\/media?parent=228449"}],"wp:term":[{"taxonomy":"product_brand","embeddable":true,"href":"https:\/\/www.miomiorun.com\/de\/wp-json\/wp\/v2\/product_brand?post=228449"},{"taxonomy":"product_cat","embeddable":true,"href":"https:\/\/www.miomiorun.com\/de\/wp-json\/wp\/v2\/product_cat?post=228449"},{"taxonomy":"product_tag","embeddable":true,"href":"https:\/\/www.miomiorun.com\/de\/wp-json\/wp\/v2\/product_tag?post=228449"}],"curies":[{"name":"wp","href":"https:\/\/api.w.org\/{rel}","templated":true}]}}