{"id":228415,"date":"2025-02-05T18:55:42","date_gmt":"2025-02-05T17:55:42","guid":{"rendered":"https:\/\/miomiorun.com\/?post_type=product&#038;p=228415"},"modified":"2026-05-08T22:29:06","modified_gmt":"2026-05-08T20:29:06","slug":"supernova-solution-2-0-damen","status":"publish","type":"product","link":"https:\/\/www.miomiorun.com\/de\/produkt\/supernova-solution-2-0-damen\/","title":{"rendered":"Supernova Solution 2.0 damen"},"content":{"rendered":"<div class=\"vc-row container\"><div class=\"vc-column\"><div class=\"vc-column-text\"><\/p>\n<h4>Technische Daten<\/h4>\n<p>Kategorie: Mittlere D\u00e4mpfung<br \/>\nVersatz: 9 mm<br \/>\nGewicht: 245 gr<br \/>\nIdeal f\u00fcr: L\u00e4ufer mit Pronation, die ein Modell suchen, das sie st\u00fctzt und sch\u00fctzt, ohne dass sie aufgrund des geringen Gewichts des Schuhs auf Leistung verzichten m\u00fcssen.<br \/>\nSportlergewicht: &gt; 65 kg<br \/>\nLauftempo: mittel (5-6 min\/km)<br \/>\n<a href=\"https:\/\/miomiorun.com\/de\/leitfaden-fuer-technische-spezifikationen\/\">Leitfaden f\u00fcr technische Spezifikationen<\/a><br \/>\n<\/div><\/div><div class=\"vc-column\"><div class=\"vc-column-text\"><\/p>\n<div class=\"text-content___13aRm\">\n<h2 class=\"subtitle___9ljbp\">Die Supernova Solution 2.0 in der Damenversion sind die ged\u00e4mpften und stabilen Laufschuhe f\u00fcr den t\u00e4glichen Lauf \u00fcber jede Distanz.<\/h2>\n<p class=\"gl-vspace\">Du kannst diese adidas Laufschuhe neben der Haust\u00fcr aufbewahren, damit sie f\u00fcr deinen morgendlichen Lauf bereit sind, oder sie in deinen Rucksack packen, um sie mitzunehmen, wenn du nach der Arbeit trainieren willst. Kein Zweifel, sie werden sich Tag f\u00fcr Tag als die ideale Wahl erweisen und dir konstanten Komfort und Unterst\u00fctzung bieten. Die <strong>Dreamstrike+<\/strong> Zwischensohle sorgt f\u00fcr eine optimale D\u00e4mpfung, w\u00e4hrend die stabilisierenden St\u00e4be einen reibungslosen \u00dcbergang von der Ferse zu den Zehen gew\u00e4hrleisten.<\/p>\n<\/div>\n<p><strong>Eigenschaften:<\/strong><\/p>\n<ul class=\"gl-list\">\n<li class=\"gl-vspace-bpall-small\">Normale Passform.<\/li>\n<li class=\"gl-vspace-bpall-small\">Geschn\u00fcrter Verschluss.<\/li>\n<li class=\"gl-vspace-bpall-small\">Obermaterial aus Stoff und Synthetik.<\/li>\n<li class=\"gl-vspace-bpall-small\">Futter aus Stoff.<\/li>\n<li class=\"gl-vspace-bpall-small\">Dreamstrike+ Zwischensohle.<\/li>\n<li class=\"gl-vspace-bpall-small\">Stabilisierende St\u00fctzst\u00e4be.<\/li>\n<li>adiwear-Laufsohle.<\/li>\n<\/ul>\n<div class=\"_cell_18qu3_18 _with-content_18qu3_27\" data-auto-id=\"bs-body\">\n<div class=\"_banner-split_18qu3_31 color-theme-black\">\n<h2 class=\"_banner-split-title_18qu3_68 _dynamic-alignment_18qu3_126\" style=\"text-align: center;\" data-auto-id=\"bs-title\">SUPERBEQUEME FERSE<\/h2>\n<p class=\"_banner-split-summary_18qu3_92 _dynamic-alignment_18qu3_126\" style=\"text-align: center;\" data-auto-id=\"bs-summary\">Eine perfekte Kombination aus der D\u00e4mpfung der Mischung und der Weichheit des Gewebes, die Ihnen maximalen Halt bietet, als w\u00fcrde sich der Schuh an Ihre Ferse schmiegen.<\/p>\n<div class=\"_cell_18qu3_18 _with-content_18qu3_27\" data-auto-id=\"bs-body\">\n<div class=\"_banner-split_18qu3_31 color-theme-black\">\n<h2 class=\"_banner-split-title_18qu3_68 _dynamic-alignment_18qu3_126\" style=\"text-align: center;\" data-auto-id=\"bs-title\">DREAMSTRIKE+<\/h2>\n<p class=\"_banner-split-summary_18qu3_92 _dynamic-alignment_18qu3_126\" style=\"text-align: center;\" data-auto-id=\"bs-summary\">Die neue Generation von Super Compound in der Zwischensohle d\u00e4mpft jeden Schritt und bietet die beste Balance aus Komfort und Stabilit\u00e4t, Kilometer f\u00fcr Kilometer.<\/p>\n<\/div>\n<\/div>\n<\/div>\n<\/div>\n<p><\/div><\/div><\/div>\n","protected":false},"excerpt":{"rendered":"<ul>\n<li>Laufschuh mit extra viel Halt.<\/li>\n<li>Perfekt f\u00fcr alle t\u00e4glichen Workouts.<\/li>\n<\/ul>\n","protected":false},"featured_media":228483,"template":"","meta":{"_acf_changed":false,"inline_featured_image":false},"product_brand":[],"product_cat":[6474,6490],"product_tag":[3403,6309],"class_list":{"0":"post-228415","1":"product","2":"type-product","3":"status-publish","4":"has-post-thumbnail","6":"product_cat-damenschuhe","7":"product_cat-stabilitaet","8":"product_tag-adidas-de","9":"product_tag-adidas-damen-de","10":"pa_attivita-gehen","11":"pa_attivita-running-de","12":"pa_colore-supernova-solution-2-w-aurink-wonqua-aur-de","13":"pa_colore-supernova-solution-2-w-ftwwht-flaaqu-powcor-de","14":"pa_colore-supernova-solution-2-w-halsil-zeromt-gre-de","15":"pa_colore-supernova-solution-w-cwhite-ftwwht-owhi-de","16":"pa_colore-supernova-solution-w-halmin-magrmt-minto-de","17":"pa_marca-adidas-de","18":"pa_sesso-damen","19":"pa_size-38-de","21":"pa_size-40-de","23":"pa_size-41-de","25":"first","26":"instock","27":"sale","28":"taxable","29":"shipping-taxable","30":"purchasable","31":"product-type-variable","32":"wvs-archive-product-wrapper"},"acf":[],"yoast_head":"<!-- This site is optimized with the Yoast SEO plugin v26.8 - https:\/\/yoast.com\/product\/yoast-seo-wordpress\/ -->\n<title>Adidas Supernova Solution 2.0 damen - Damen-Laufschuhe MioMioRun.com<\/title>\n<meta name=\"description\" content=\"Supernova Solution 2.0 in der Damenversion sind die ged\u00e4mpften und stabilen Laufschuhe f\u00fcr den t\u00e4glichen Lauf \u00fcber jede Distanz.\" \/>\n<meta name=\"robots\" content=\"index, follow, max-snippet:-1, max-image-preview:large, max-video-preview:-1\" \/>\n<link rel=\"canonical\" href=\"https:\/\/www.miomiorun.com\/de\/produkt\/supernova-solution-2-0-damen\/\" \/>\n<meta property=\"og:locale\" content=\"de_DE\" \/>\n<meta property=\"og:type\" content=\"article\" \/>\n<meta property=\"og:title\" content=\"Adidas Supernova Solution 2.0 damen - Damen-Laufschuhe MioMioRun.com\" \/>\n<meta property=\"og:description\" content=\"Supernova Solution 2.0 in der Damenversion sind die ged\u00e4mpften und stabilen Laufschuhe f\u00fcr den t\u00e4glichen Lauf \u00fcber jede Distanz.\" \/>\n<meta property=\"og:url\" content=\"https:\/\/www.miomiorun.com\/de\/produkt\/supernova-solution-2-0-damen\/\" \/>\n<meta property=\"og:site_name\" content=\"MioMioRun\" \/>\n<meta property=\"article:publisher\" content=\"https:\/\/www.facebook.com\/miomiorun\/\" \/>\n<meta property=\"article:modified_time\" content=\"2026-05-08T20:29:06+00:00\" \/>\n<meta property=\"og:image\" content=\"https:\/\/www.miomiorun.com\/app\/uploads\/2025\/02\/adidas-Supernova-solution-2-W-FTWWHT-FLAAQU-POWCOR-IH2510.webp\" \/>\n\t<meta property=\"og:image:width\" content=\"600\" \/>\n\t<meta property=\"og:image:height\" content=\"600\" \/>\n\t<meta property=\"og:image:type\" content=\"image\/webp\" \/>\n<meta name=\"twitter:card\" content=\"summary_large_image\" \/>\n<meta name=\"twitter:label1\" content=\"Est. reading time\" \/>\n\t<meta name=\"twitter:data1\" content=\"2 minutes\" \/>\n<script type=\"application\/ld+json\" class=\"yoast-schema-graph\">{\"@context\":\"https:\/\/schema.org\",\"@graph\":[{\"@type\":\"WebPage\",\"@id\":\"https:\/\/www.miomiorun.com\/de\/produkt\/supernova-solution-2-0-damen\/\",\"url\":\"https:\/\/www.miomiorun.com\/de\/produkt\/supernova-solution-2-0-damen\/\",\"name\":\"Adidas Supernova Solution 2.0 damen - Damen-Laufschuhe MioMioRun.com\",\"isPartOf\":{\"@id\":\"https:\/\/www.miomiorun.com\/de\/#website\"},\"primaryImageOfPage\":{\"@id\":\"https:\/\/www.miomiorun.com\/de\/produkt\/supernova-solution-2-0-damen\/#primaryimage\"},\"image\":{\"@id\":\"https:\/\/www.miomiorun.com\/de\/produkt\/supernova-solution-2-0-damen\/#primaryimage\"},\"thumbnailUrl\":\"https:\/\/www.miomiorun.com\/app\/uploads\/2025\/02\/adidas-Supernova-solution-2-W-FTWWHT-FLAAQU-POWCOR-IH2510.webp\",\"datePublished\":\"2025-02-05T17:55:42+00:00\",\"dateModified\":\"2026-05-08T20:29:06+00:00\",\"description\":\"Supernova Solution 2.0 in der Damenversion sind die ged\u00e4mpften und stabilen Laufschuhe f\u00fcr den t\u00e4glichen Lauf \u00fcber jede Distanz.\",\"breadcrumb\":{\"@id\":\"https:\/\/www.miomiorun.com\/de\/produkt\/supernova-solution-2-0-damen\/#breadcrumb\"},\"inLanguage\":\"de-DE\",\"potentialAction\":[{\"@type\":\"ReadAction\",\"target\":[\"https:\/\/www.miomiorun.com\/de\/produkt\/supernova-solution-2-0-damen\/\"]}]},{\"@type\":\"ImageObject\",\"inLanguage\":\"de-DE\",\"@id\":\"https:\/\/www.miomiorun.com\/de\/produkt\/supernova-solution-2-0-damen\/#primaryimage\",\"url\":\"https:\/\/www.miomiorun.com\/app\/uploads\/2025\/02\/adidas-Supernova-solution-2-W-FTWWHT-FLAAQU-POWCOR-IH2510.webp\",\"contentUrl\":\"https:\/\/www.miomiorun.com\/app\/uploads\/2025\/02\/adidas-Supernova-solution-2-W-FTWWHT-FLAAQU-POWCOR-IH2510.webp\",\"width\":600,\"height\":600,\"caption\":\"adidas Supernova solution 2 W FTWWHT FLAAQU POWCOR IH2510\"},{\"@type\":\"BreadcrumbList\",\"@id\":\"https:\/\/www.miomiorun.com\/de\/produkt\/supernova-solution-2-0-damen\/#breadcrumb\",\"itemListElement\":[{\"@type\":\"ListItem\",\"position\":1,\"name\":\"Home\",\"item\":\"https:\/\/www.miomiorun.com\/de\/\"},{\"@type\":\"ListItem\",\"position\":2,\"name\":\"Shop\",\"item\":\"https:\/\/www.miomiorun.com\/shop\/\"},{\"@type\":\"ListItem\",\"position\":3,\"name\":\"Supernova Solution 2.0 damen\"}]},{\"@type\":\"WebSite\",\"@id\":\"https:\/\/www.miomiorun.com\/de\/#website\",\"url\":\"https:\/\/www.miomiorun.com\/de\/\",\"name\":\"MioMioRun\",\"description\":\"100% Lauf- und Trailshop\",\"publisher\":{\"@id\":\"https:\/\/www.miomiorun.com\/de\/#organization\"},\"potentialAction\":[{\"@type\":\"SearchAction\",\"target\":{\"@type\":\"EntryPoint\",\"urlTemplate\":\"https:\/\/www.miomiorun.com\/de\/?s={search_term_string}\"},\"query-input\":{\"@type\":\"PropertyValueSpecification\",\"valueRequired\":true,\"valueName\":\"search_term_string\"}}],\"inLanguage\":\"de-DE\"},{\"@type\":\"Organization\",\"@id\":\"https:\/\/www.miomiorun.com\/de\/#organization\",\"name\":\"MioMio Run\",\"url\":\"https:\/\/www.miomiorun.com\/de\/\",\"logo\":{\"@type\":\"ImageObject\",\"inLanguage\":\"de-DE\",\"@id\":\"https:\/\/www.miomiorun.com\/de\/#\/schema\/logo\/image\/\",\"url\":\"https:\/\/www.miomiorun.com\/app\/uploads\/2019\/12\/logomio.png\",\"contentUrl\":\"https:\/\/www.miomiorun.com\/app\/uploads\/2019\/12\/logomio.png\",\"width\":115,\"height\":82,\"caption\":\"MioMio Run\"},\"image\":{\"@id\":\"https:\/\/www.miomiorun.com\/de\/#\/schema\/logo\/image\/\"},\"sameAs\":[\"https:\/\/www.facebook.com\/miomiorun\/\",\"https:\/\/www.instagram.com\/miomiorun\/\"]}]}<\/script>\n<!-- \/ Yoast SEO plugin. -->","yoast_head_json":{"title":"Adidas Supernova Solution 2.0 damen - Damen-Laufschuhe MioMioRun.com","description":"Supernova Solution 2.0 in der Damenversion sind die ged\u00e4mpften und stabilen Laufschuhe f\u00fcr den t\u00e4glichen Lauf \u00fcber jede Distanz.","robots":{"index":"index","follow":"follow","max-snippet":"max-snippet:-1","max-image-preview":"max-image-preview:large","max-video-preview":"max-video-preview:-1"},"canonical":"https:\/\/www.miomiorun.com\/de\/produkt\/supernova-solution-2-0-damen\/","og_locale":"de_DE","og_type":"article","og_title":"Adidas Supernova Solution 2.0 damen - Damen-Laufschuhe MioMioRun.com","og_description":"Supernova Solution 2.0 in der Damenversion sind die ged\u00e4mpften und stabilen Laufschuhe f\u00fcr den t\u00e4glichen Lauf \u00fcber jede Distanz.","og_url":"https:\/\/www.miomiorun.com\/de\/produkt\/supernova-solution-2-0-damen\/","og_site_name":"MioMioRun","article_publisher":"https:\/\/www.facebook.com\/miomiorun\/","article_modified_time":"2026-05-08T20:29:06+00:00","og_image":[{"width":600,"height":600,"url":"https:\/\/www.miomiorun.com\/app\/uploads\/2025\/02\/adidas-Supernova-solution-2-W-FTWWHT-FLAAQU-POWCOR-IH2510.webp","type":"image\/webp"}],"twitter_card":"summary_large_image","twitter_misc":{"Est. reading time":"2 minutes"},"schema":{"@context":"https:\/\/schema.org","@graph":[{"@type":"WebPage","@id":"https:\/\/www.miomiorun.com\/de\/produkt\/supernova-solution-2-0-damen\/","url":"https:\/\/www.miomiorun.com\/de\/produkt\/supernova-solution-2-0-damen\/","name":"Adidas Supernova Solution 2.0 damen - Damen-Laufschuhe MioMioRun.com","isPartOf":{"@id":"https:\/\/www.miomiorun.com\/de\/#website"},"primaryImageOfPage":{"@id":"https:\/\/www.miomiorun.com\/de\/produkt\/supernova-solution-2-0-damen\/#primaryimage"},"image":{"@id":"https:\/\/www.miomiorun.com\/de\/produkt\/supernova-solution-2-0-damen\/#primaryimage"},"thumbnailUrl":"https:\/\/www.miomiorun.com\/app\/uploads\/2025\/02\/adidas-Supernova-solution-2-W-FTWWHT-FLAAQU-POWCOR-IH2510.webp","datePublished":"2025-02-05T17:55:42+00:00","dateModified":"2026-05-08T20:29:06+00:00","description":"Supernova Solution 2.0 in der Damenversion sind die ged\u00e4mpften und stabilen Laufschuhe f\u00fcr den t\u00e4glichen Lauf \u00fcber jede Distanz.","breadcrumb":{"@id":"https:\/\/www.miomiorun.com\/de\/produkt\/supernova-solution-2-0-damen\/#breadcrumb"},"inLanguage":"de-DE","potentialAction":[{"@type":"ReadAction","target":["https:\/\/www.miomiorun.com\/de\/produkt\/supernova-solution-2-0-damen\/"]}]},{"@type":"ImageObject","inLanguage":"de-DE","@id":"https:\/\/www.miomiorun.com\/de\/produkt\/supernova-solution-2-0-damen\/#primaryimage","url":"https:\/\/www.miomiorun.com\/app\/uploads\/2025\/02\/adidas-Supernova-solution-2-W-FTWWHT-FLAAQU-POWCOR-IH2510.webp","contentUrl":"https:\/\/www.miomiorun.com\/app\/uploads\/2025\/02\/adidas-Supernova-solution-2-W-FTWWHT-FLAAQU-POWCOR-IH2510.webp","width":600,"height":600,"caption":"adidas Supernova solution 2 W FTWWHT FLAAQU POWCOR IH2510"},{"@type":"BreadcrumbList","@id":"https:\/\/www.miomiorun.com\/de\/produkt\/supernova-solution-2-0-damen\/#breadcrumb","itemListElement":[{"@type":"ListItem","position":1,"name":"Home","item":"https:\/\/www.miomiorun.com\/de\/"},{"@type":"ListItem","position":2,"name":"Shop","item":"https:\/\/www.miomiorun.com\/shop\/"},{"@type":"ListItem","position":3,"name":"Supernova Solution 2.0 damen"}]},{"@type":"WebSite","@id":"https:\/\/www.miomiorun.com\/de\/#website","url":"https:\/\/www.miomiorun.com\/de\/","name":"MioMioRun","description":"100% Lauf- und Trailshop","publisher":{"@id":"https:\/\/www.miomiorun.com\/de\/#organization"},"potentialAction":[{"@type":"SearchAction","target":{"@type":"EntryPoint","urlTemplate":"https:\/\/www.miomiorun.com\/de\/?s={search_term_string}"},"query-input":{"@type":"PropertyValueSpecification","valueRequired":true,"valueName":"search_term_string"}}],"inLanguage":"de-DE"},{"@type":"Organization","@id":"https:\/\/www.miomiorun.com\/de\/#organization","name":"MioMio Run","url":"https:\/\/www.miomiorun.com\/de\/","logo":{"@type":"ImageObject","inLanguage":"de-DE","@id":"https:\/\/www.miomiorun.com\/de\/#\/schema\/logo\/image\/","url":"https:\/\/www.miomiorun.com\/app\/uploads\/2019\/12\/logomio.png","contentUrl":"https:\/\/www.miomiorun.com\/app\/uploads\/2019\/12\/logomio.png","width":115,"height":82,"caption":"MioMio Run"},"image":{"@id":"https:\/\/www.miomiorun.com\/de\/#\/schema\/logo\/image\/"},"sameAs":["https:\/\/www.facebook.com\/miomiorun\/","https:\/\/www.instagram.com\/miomiorun\/"]}]}},"_links":{"self":[{"href":"https:\/\/www.miomiorun.com\/de\/wp-json\/wp\/v2\/product\/228415","targetHints":{"allow":["GET"]}}],"collection":[{"href":"https:\/\/www.miomiorun.com\/de\/wp-json\/wp\/v2\/product"}],"about":[{"href":"https:\/\/www.miomiorun.com\/de\/wp-json\/wp\/v2\/types\/product"}],"wp:featuredmedia":[{"embeddable":true,"href":"https:\/\/www.miomiorun.com\/de\/wp-json\/wp\/v2\/media\/228483"}],"wp:attachment":[{"href":"https:\/\/www.miomiorun.com\/de\/wp-json\/wp\/v2\/media?parent=228415"}],"wp:term":[{"taxonomy":"product_brand","embeddable":true,"href":"https:\/\/www.miomiorun.com\/de\/wp-json\/wp\/v2\/product_brand?post=228415"},{"taxonomy":"product_cat","embeddable":true,"href":"https:\/\/www.miomiorun.com\/de\/wp-json\/wp\/v2\/product_cat?post=228415"},{"taxonomy":"product_tag","embeddable":true,"href":"https:\/\/www.miomiorun.com\/de\/wp-json\/wp\/v2\/product_tag?post=228415"}],"curies":[{"name":"wp","href":"https:\/\/api.w.org\/{rel}","templated":true}]}}