{"id":227774,"date":"2025-02-03T17:00:20","date_gmt":"2025-02-03T16:00:20","guid":{"rendered":"https:\/\/miomiorun.com\/?post_type=product&#038;p=227774"},"modified":"2025-02-06T13:59:53","modified_gmt":"2025-02-06T12:59:53","slug":"velociti-4-herren","status":"publish","type":"product","link":"https:\/\/www.miomiorun.com\/de\/produkt\/velociti-4-herren\/","title":{"rendered":"Velociti 4 herren"},"content":{"rendered":"<div class=\"vc-row container\"><div class=\"vc-column\"><div class=\"vc-column-text\"><\/p>\n<p><strong>Technische Daten<\/strong><\/p>\n<p>Kategorie: Reaktive D\u00e4mpfung<br \/>\nVersatz: 8 mm<br \/>\nGewicht: 218 g<br \/>\nIdeal f\u00fcr: L\u00e4uferinnen und L\u00e4ufer mit neutralem Stand und mittlerer Sohle, die ein vielseitiges, leichtes und ultraschnelles Schuhmodell suchen, mit dem sie mittlere Distanzen und sogar Qualit\u00e4tstraining mit Leichtigkeit bew\u00e4ltigen k\u00f6nnen.<br \/>\nGewicht des Athleten: 60-75 kg<br \/>\nLauftempo: mittelschnell (4.00-5.30 min\/km)<br \/>\n<a href=\"https:\/\/miomiorun.com\/de\/leitfaden-fuer-technische-spezifikationen\/\">Leitfaden f\u00fcr technische Spezifikationen<\/a><\/p>\n<p><\/div><\/div><div class=\"vc-column\"><div class=\"vc-column-text\">Der brandneue <strong>Velociti 4<\/strong> f\u00fcr M\u00e4nner ist mit einer revolution\u00e4ren, leichten, gummifreien und langlebigen D\u00e4mpfung ausgestattet, die ein schnelles Laufgef\u00fchl und au\u00dfergew\u00f6hnliche Bodenhaftung bietet, w\u00e4hrend Sie trainieren, um Ihre beste Leistung zu erbringen.<\/p>\n<p><strong>Eigenschaften:<\/strong><\/p>\n<div id=\"acc-1\" class=\"g-accordion-content collapse show\">\n<ul class=\"t-tabs_data\">\n<li class=\"t-tabs_list\">Flachgestricktes Obermaterial bietet dynamische Dehnbarkeit, eine passgenaue Passform und Atmungsaktivit\u00e4t in den Bereichen, in denen sie am meisten ben\u00f6tigt wird<\/li>\n<li class=\"t-tabs_list\">Schaumstoffkragen mit verbesserter Struktur und Dicke f\u00fcr \u00fcberragenden Komfort und Stabilit\u00e4t beim Fersenauftritt<\/li>\n<li class=\"t-tabs_list\">Das EVA-Fu\u00dfbett sorgt f\u00fcr Elastizit\u00e4t und Sprungkraft bei jedem Schritt<\/li>\n<li class=\"t-tabs_list\">Die einteilige Flow-Zwischensohle ist weicher und leichter und bietet reaktionsfreudige, lang anhaltende D\u00e4mpfung<\/li>\n<li class=\"t-tabs_list\">Die Flow-Technologie macht die Gummi-Au\u00dfensohle \u00fcberfl\u00fcssig und sorgt f\u00fcr ein leichteres, fl\u00fcssigeres Laufgef\u00fchl auf jedem Untergrund<\/li>\n<li class=\"t-tabs_list\">Das Sohlenprofil ist sehr haltbar und griffig f\u00fcr einen fl\u00fcssigen und nat\u00fcrlichen Gang<\/li>\n<\/ul>\n<\/div>\n<p><\/div><\/div><\/div>\n","protected":false},"excerpt":{"rendered":"<ul>\n<li>Leichter Schuh.<\/li>\n<li>Perfekt f\u00fcr Ihre schnellen Trainingseinheiten.<\/li>\n<\/ul>\n","protected":false},"featured_media":227740,"template":"","meta":{"_acf_changed":false,"inline_featured_image":false},"product_brand":[],"product_cat":[6507,6506],"product_tag":[20482,20497],"class_list":{"0":"post-227774","1":"product","2":"type-product","3":"status-publish","4":"has-post-thumbnail","6":"product_cat-herren-schuhe-de","7":"product_cat-neutrale-herren-schuhe-de","8":"product_tag-under-armour-de","9":"product_tag-under-armour-herren","10":"pa_attivita-fitness-de","11":"pa_attivita-gehen","12":"pa_attivita-running-de","13":"pa_colore-velociti-4-white-de","14":"pa_marca-under-armour-de","15":"pa_sesso-herren","16":"pa_size-41-de","17":"pa_size-44-de","19":"first","20":"instock","21":"sale","22":"taxable","23":"shipping-taxable","24":"purchasable","25":"product-type-variable","26":"wvs-archive-product-wrapper"},"acf":[],"yoast_head":"<!-- This site is optimized with the Yoast SEO plugin v26.8 - https:\/\/yoast.com\/product\/yoast-seo-wordpress\/ -->\n<title>Under Armour Velociti 4 herren Laufschuhe - MioMioRun.com<\/title>\n<meta name=\"description\" content=\"Der brandneue Velociti 4 f\u00fcr Herren ist mit einer revolution\u00e4ren, leichten, gummifreien und langlebigen D\u00e4mpfung ausgestattet und bietet ein schnelles Laufgef\u00fchl.\" \/>\n<meta name=\"robots\" content=\"index, follow, max-snippet:-1, max-image-preview:large, max-video-preview:-1\" \/>\n<link rel=\"canonical\" href=\"https:\/\/www.miomiorun.com\/de\/produkt\/velociti-4-herren\/\" \/>\n<meta property=\"og:locale\" content=\"de_DE\" \/>\n<meta property=\"og:type\" content=\"article\" \/>\n<meta property=\"og:title\" content=\"Under Armour Velociti 4 herren Laufschuhe - MioMioRun.com\" \/>\n<meta property=\"og:description\" content=\"Der brandneue Velociti 4 f\u00fcr Herren ist mit einer revolution\u00e4ren, leichten, gummifreien und langlebigen D\u00e4mpfung ausgestattet und bietet ein schnelles Laufgef\u00fchl.\" \/>\n<meta property=\"og:url\" content=\"https:\/\/www.miomiorun.com\/de\/produkt\/velociti-4-herren\/\" \/>\n<meta property=\"og:site_name\" content=\"MioMioRun\" \/>\n<meta property=\"article:publisher\" content=\"https:\/\/www.facebook.com\/miomiorun\/\" \/>\n<meta property=\"article:modified_time\" content=\"2025-02-06T12:59:53+00:00\" \/>\n<meta property=\"og:image\" content=\"https:\/\/www.miomiorun.com\/app\/uploads\/2025\/02\/under-armour-Velociti-4-black-Anthracite-Ares-Red-3027585-0003.webp\" \/>\n\t<meta property=\"og:image:width\" content=\"600\" \/>\n\t<meta property=\"og:image:height\" content=\"600\" \/>\n\t<meta property=\"og:image:type\" content=\"image\/webp\" \/>\n<meta name=\"twitter:card\" content=\"summary_large_image\" \/>\n<meta name=\"twitter:label1\" content=\"Est. reading time\" \/>\n\t<meta name=\"twitter:data1\" content=\"2 minutes\" \/>\n<script type=\"application\/ld+json\" class=\"yoast-schema-graph\">{\"@context\":\"https:\/\/schema.org\",\"@graph\":[{\"@type\":\"WebPage\",\"@id\":\"https:\/\/www.miomiorun.com\/de\/produkt\/velociti-4-herren\/\",\"url\":\"https:\/\/www.miomiorun.com\/de\/produkt\/velociti-4-herren\/\",\"name\":\"Under Armour Velociti 4 herren Laufschuhe - MioMioRun.com\",\"isPartOf\":{\"@id\":\"https:\/\/www.miomiorun.com\/de\/#website\"},\"primaryImageOfPage\":{\"@id\":\"https:\/\/www.miomiorun.com\/de\/produkt\/velociti-4-herren\/#primaryimage\"},\"image\":{\"@id\":\"https:\/\/www.miomiorun.com\/de\/produkt\/velociti-4-herren\/#primaryimage\"},\"thumbnailUrl\":\"https:\/\/www.miomiorun.com\/app\/uploads\/2025\/02\/under-armour-Velociti-4-black-Anthracite-Ares-Red-3027585-0003.webp\",\"datePublished\":\"2025-02-03T16:00:20+00:00\",\"dateModified\":\"2025-02-06T12:59:53+00:00\",\"description\":\"Der brandneue Velociti 4 f\u00fcr Herren ist mit einer revolution\u00e4ren, leichten, gummifreien und langlebigen D\u00e4mpfung ausgestattet und bietet ein schnelles Laufgef\u00fchl.\",\"breadcrumb\":{\"@id\":\"https:\/\/www.miomiorun.com\/de\/produkt\/velociti-4-herren\/#breadcrumb\"},\"inLanguage\":\"de-DE\",\"potentialAction\":[{\"@type\":\"ReadAction\",\"target\":[\"https:\/\/www.miomiorun.com\/de\/produkt\/velociti-4-herren\/\"]}]},{\"@type\":\"ImageObject\",\"inLanguage\":\"de-DE\",\"@id\":\"https:\/\/www.miomiorun.com\/de\/produkt\/velociti-4-herren\/#primaryimage\",\"url\":\"https:\/\/www.miomiorun.com\/app\/uploads\/2025\/02\/under-armour-Velociti-4-black-Anthracite-Ares-Red-3027585-0003.webp\",\"contentUrl\":\"https:\/\/www.miomiorun.com\/app\/uploads\/2025\/02\/under-armour-Velociti-4-black-Anthracite-Ares-Red-3027585-0003.webp\",\"width\":600,\"height\":600,\"caption\":\"under armour Velociti 4 black Anthracite Ares Red 3027585 0003\"},{\"@type\":\"BreadcrumbList\",\"@id\":\"https:\/\/www.miomiorun.com\/de\/produkt\/velociti-4-herren\/#breadcrumb\",\"itemListElement\":[{\"@type\":\"ListItem\",\"position\":1,\"name\":\"Home\",\"item\":\"https:\/\/www.miomiorun.com\/de\/\"},{\"@type\":\"ListItem\",\"position\":2,\"name\":\"Shop\",\"item\":\"https:\/\/www.miomiorun.com\/shop\/\"},{\"@type\":\"ListItem\",\"position\":3,\"name\":\"Velociti 4 herren\"}]},{\"@type\":\"WebSite\",\"@id\":\"https:\/\/www.miomiorun.com\/de\/#website\",\"url\":\"https:\/\/www.miomiorun.com\/de\/\",\"name\":\"MioMioRun\",\"description\":\"100% Lauf- und Trailshop\",\"publisher\":{\"@id\":\"https:\/\/www.miomiorun.com\/de\/#organization\"},\"potentialAction\":[{\"@type\":\"SearchAction\",\"target\":{\"@type\":\"EntryPoint\",\"urlTemplate\":\"https:\/\/www.miomiorun.com\/de\/?s={search_term_string}\"},\"query-input\":{\"@type\":\"PropertyValueSpecification\",\"valueRequired\":true,\"valueName\":\"search_term_string\"}}],\"inLanguage\":\"de-DE\"},{\"@type\":\"Organization\",\"@id\":\"https:\/\/www.miomiorun.com\/de\/#organization\",\"name\":\"MioMio Run\",\"url\":\"https:\/\/www.miomiorun.com\/de\/\",\"logo\":{\"@type\":\"ImageObject\",\"inLanguage\":\"de-DE\",\"@id\":\"https:\/\/www.miomiorun.com\/de\/#\/schema\/logo\/image\/\",\"url\":\"https:\/\/www.miomiorun.com\/app\/uploads\/2019\/12\/logomio.png\",\"contentUrl\":\"https:\/\/www.miomiorun.com\/app\/uploads\/2019\/12\/logomio.png\",\"width\":115,\"height\":82,\"caption\":\"MioMio Run\"},\"image\":{\"@id\":\"https:\/\/www.miomiorun.com\/de\/#\/schema\/logo\/image\/\"},\"sameAs\":[\"https:\/\/www.facebook.com\/miomiorun\/\",\"https:\/\/www.instagram.com\/miomiorun\/\"]}]}<\/script>\n<!-- \/ Yoast SEO plugin. -->","yoast_head_json":{"title":"Under Armour Velociti 4 herren Laufschuhe - MioMioRun.com","description":"Der brandneue Velociti 4 f\u00fcr Herren ist mit einer revolution\u00e4ren, leichten, gummifreien und langlebigen D\u00e4mpfung ausgestattet und bietet ein schnelles Laufgef\u00fchl.","robots":{"index":"index","follow":"follow","max-snippet":"max-snippet:-1","max-image-preview":"max-image-preview:large","max-video-preview":"max-video-preview:-1"},"canonical":"https:\/\/www.miomiorun.com\/de\/produkt\/velociti-4-herren\/","og_locale":"de_DE","og_type":"article","og_title":"Under Armour Velociti 4 herren Laufschuhe - MioMioRun.com","og_description":"Der brandneue Velociti 4 f\u00fcr Herren ist mit einer revolution\u00e4ren, leichten, gummifreien und langlebigen D\u00e4mpfung ausgestattet und bietet ein schnelles Laufgef\u00fchl.","og_url":"https:\/\/www.miomiorun.com\/de\/produkt\/velociti-4-herren\/","og_site_name":"MioMioRun","article_publisher":"https:\/\/www.facebook.com\/miomiorun\/","article_modified_time":"2025-02-06T12:59:53+00:00","og_image":[{"width":600,"height":600,"url":"https:\/\/www.miomiorun.com\/app\/uploads\/2025\/02\/under-armour-Velociti-4-black-Anthracite-Ares-Red-3027585-0003.webp","type":"image\/webp"}],"twitter_card":"summary_large_image","twitter_misc":{"Est. reading time":"2 minutes"},"schema":{"@context":"https:\/\/schema.org","@graph":[{"@type":"WebPage","@id":"https:\/\/www.miomiorun.com\/de\/produkt\/velociti-4-herren\/","url":"https:\/\/www.miomiorun.com\/de\/produkt\/velociti-4-herren\/","name":"Under Armour Velociti 4 herren Laufschuhe - MioMioRun.com","isPartOf":{"@id":"https:\/\/www.miomiorun.com\/de\/#website"},"primaryImageOfPage":{"@id":"https:\/\/www.miomiorun.com\/de\/produkt\/velociti-4-herren\/#primaryimage"},"image":{"@id":"https:\/\/www.miomiorun.com\/de\/produkt\/velociti-4-herren\/#primaryimage"},"thumbnailUrl":"https:\/\/www.miomiorun.com\/app\/uploads\/2025\/02\/under-armour-Velociti-4-black-Anthracite-Ares-Red-3027585-0003.webp","datePublished":"2025-02-03T16:00:20+00:00","dateModified":"2025-02-06T12:59:53+00:00","description":"Der brandneue Velociti 4 f\u00fcr Herren ist mit einer revolution\u00e4ren, leichten, gummifreien und langlebigen D\u00e4mpfung ausgestattet und bietet ein schnelles Laufgef\u00fchl.","breadcrumb":{"@id":"https:\/\/www.miomiorun.com\/de\/produkt\/velociti-4-herren\/#breadcrumb"},"inLanguage":"de-DE","potentialAction":[{"@type":"ReadAction","target":["https:\/\/www.miomiorun.com\/de\/produkt\/velociti-4-herren\/"]}]},{"@type":"ImageObject","inLanguage":"de-DE","@id":"https:\/\/www.miomiorun.com\/de\/produkt\/velociti-4-herren\/#primaryimage","url":"https:\/\/www.miomiorun.com\/app\/uploads\/2025\/02\/under-armour-Velociti-4-black-Anthracite-Ares-Red-3027585-0003.webp","contentUrl":"https:\/\/www.miomiorun.com\/app\/uploads\/2025\/02\/under-armour-Velociti-4-black-Anthracite-Ares-Red-3027585-0003.webp","width":600,"height":600,"caption":"under armour Velociti 4 black Anthracite Ares Red 3027585 0003"},{"@type":"BreadcrumbList","@id":"https:\/\/www.miomiorun.com\/de\/produkt\/velociti-4-herren\/#breadcrumb","itemListElement":[{"@type":"ListItem","position":1,"name":"Home","item":"https:\/\/www.miomiorun.com\/de\/"},{"@type":"ListItem","position":2,"name":"Shop","item":"https:\/\/www.miomiorun.com\/shop\/"},{"@type":"ListItem","position":3,"name":"Velociti 4 herren"}]},{"@type":"WebSite","@id":"https:\/\/www.miomiorun.com\/de\/#website","url":"https:\/\/www.miomiorun.com\/de\/","name":"MioMioRun","description":"100% Lauf- und Trailshop","publisher":{"@id":"https:\/\/www.miomiorun.com\/de\/#organization"},"potentialAction":[{"@type":"SearchAction","target":{"@type":"EntryPoint","urlTemplate":"https:\/\/www.miomiorun.com\/de\/?s={search_term_string}"},"query-input":{"@type":"PropertyValueSpecification","valueRequired":true,"valueName":"search_term_string"}}],"inLanguage":"de-DE"},{"@type":"Organization","@id":"https:\/\/www.miomiorun.com\/de\/#organization","name":"MioMio Run","url":"https:\/\/www.miomiorun.com\/de\/","logo":{"@type":"ImageObject","inLanguage":"de-DE","@id":"https:\/\/www.miomiorun.com\/de\/#\/schema\/logo\/image\/","url":"https:\/\/www.miomiorun.com\/app\/uploads\/2019\/12\/logomio.png","contentUrl":"https:\/\/www.miomiorun.com\/app\/uploads\/2019\/12\/logomio.png","width":115,"height":82,"caption":"MioMio Run"},"image":{"@id":"https:\/\/www.miomiorun.com\/de\/#\/schema\/logo\/image\/"},"sameAs":["https:\/\/www.facebook.com\/miomiorun\/","https:\/\/www.instagram.com\/miomiorun\/"]}]}},"_links":{"self":[{"href":"https:\/\/www.miomiorun.com\/de\/wp-json\/wp\/v2\/product\/227774","targetHints":{"allow":["GET"]}}],"collection":[{"href":"https:\/\/www.miomiorun.com\/de\/wp-json\/wp\/v2\/product"}],"about":[{"href":"https:\/\/www.miomiorun.com\/de\/wp-json\/wp\/v2\/types\/product"}],"wp:featuredmedia":[{"embeddable":true,"href":"https:\/\/www.miomiorun.com\/de\/wp-json\/wp\/v2\/media\/227740"}],"wp:attachment":[{"href":"https:\/\/www.miomiorun.com\/de\/wp-json\/wp\/v2\/media?parent=227774"}],"wp:term":[{"taxonomy":"product_brand","embeddable":true,"href":"https:\/\/www.miomiorun.com\/de\/wp-json\/wp\/v2\/product_brand?post=227774"},{"taxonomy":"product_cat","embeddable":true,"href":"https:\/\/www.miomiorun.com\/de\/wp-json\/wp\/v2\/product_cat?post=227774"},{"taxonomy":"product_tag","embeddable":true,"href":"https:\/\/www.miomiorun.com\/de\/wp-json\/wp\/v2\/product_tag?post=227774"}],"curies":[{"name":"wp","href":"https:\/\/api.w.org\/{rel}","templated":true}]}}