{"id":227647,"date":"2025-02-01T16:01:54","date_gmt":"2025-02-01T15:01:54","guid":{"rendered":"https:\/\/miomiorun.com\/?post_type=product&#038;p=227647"},"modified":"2026-05-08T22:29:28","modified_gmt":"2026-05-08T20:29:28","slug":"infinite-elite-2-herren","status":"publish","type":"product","link":"https:\/\/www.miomiorun.com\/de\/produkt\/infinite-elite-2-herren\/","title":{"rendered":"Infinite Elite 2 herren"},"content":{"rendered":"<div class=\"vc-row container\"><div class=\"vc-column\"><div class=\"vc-column-text\"><\/p>\n<p><strong>Technische Daten<\/strong><\/p>\n<p>Kategorie: super ged\u00e4mpft<br \/>\nVersatz: 10 mm<br \/>\nGewicht: 277,8 g<br \/>\nIdeal f\u00fcr: Der supergepolsterte Schuh von Brooks ist immer ideal f\u00fcr diejenigen, die einen sch\u00fctzenden und weichen Schuh suchen. Wer ein h\u00f6heres Gewicht hat, ein etwas langsameres Tempo an den Tag legt oder auf der Suche nach einem exzellenten Tragekomfort f\u00fcr mittlere bis lange Strecken ist, ist mit dem Glycerin gut beraten. Schlie\u00dflich ist er auch f\u00fcr diejenigen geeignet, die einen bequemen Schuh f\u00fcr lange Spazierg\u00e4nge suchen.<br \/>\nGewicht des Athleten: &gt; 80 kg<br \/>\nLaufgeschwindigkeit: &gt; 5.30 min\/km<\/p>\n<p><a href=\"https:\/\/miomiorun.com\/de\/leitfaden-fuer-technische-spezifikationen\/\">Leitfaden f\u00fcr technische Spezifikationen<\/a><\/p>\n<p><\/div><\/div><div class=\"vc-column\"><div class=\"vc-column-text\">Die <strong>UA Infinite Elite 2 Herren-Laufschuhe<\/strong> stellen den Gipfel der Laufinnovation dar und wurden entwickelt, um ein unvergleichliches Lauferlebnis zu bieten. Das adaptive UA IntelliKnit-Obermaterial sorgt f\u00fcr eine individuelle Passform und umh\u00fcllt den Fu\u00df mit Mikrodetails und Texturen, die optimalen Komfort und Stabilit\u00e4t gew\u00e4hrleisten. Diese Technologie h\u00e4lt den Fu\u00df an Ort und Stelle und erm\u00f6glicht es dir, an deine Grenzen zu gehen.<\/p>\n<p>Die <strong>UA HOVR+<\/strong> D\u00e4mpfung wurde verbessert, um die Elastizit\u00e4t zu erh\u00f6hen und die Energie bei jedem Schritt zur\u00fcckzugeben, den Aufprall zu reduzieren und ein effizienteres Laufgef\u00fchl zu f\u00f6rdern. Das schr\u00e4ge Fersendesign reduziert nicht nur den Aufprall auf den Boden, sondern verbessert auch die Gesamtstabilit\u00e4t und bietet weichere, sicherere Landungen.<\/p>\n<p>Die leichte Thinweb-Gummi-Au\u00dfensohle ist so konzipiert, dass sie Haltbarkeit und Energier\u00fcckgabe bietet, wo Sie es brauchen, und bietet hervorragende Traktion auf einer Vielzahl von Oberfl\u00e4chen. Mit einem 8-mm-Unterschied und einem Gewicht von 326 g sind diese Schuhe ideal f\u00fcr L\u00e4ufer, die die richtige Balance zwischen Flexibilit\u00e4t und D\u00e4mpfung suchen.<\/p>\n<p>Dar\u00fcber hinaus umschlie\u00dft die 3D-geformte Einlegesohle den Fu\u00df f\u00fcr eine noch komfortablere Passform, w\u00e4hrend der TPU-Fersenclip zus\u00e4tzlichen Halt und Stabilit\u00e4t bietet und die Passform dank des asymmetrischen Pull-Ups erleichtert.<\/p>\n<p>Mit dem UA Infinite Elite 2 wird jeder Lauf zu einem \u00fcberragenden Erlebnis, das fortschrittliche Technologie und ergonomisches Design kombiniert, um deine Leistung zu unterst\u00fctzen.<\/div><\/div><\/div>\n","protected":false},"excerpt":{"rendered":"<ul>\n<li>UA HOVR+ D\u00e4mpfung f\u00fcr mehr Elastizit\u00e4t und Energier\u00fcckgabe.<\/li>\n<li>Adaptives UA IntelliKnit-Obermaterial f\u00fcr eine ma\u00dfgeschneiderte, stabile Passform.<\/li>\n<li>Abgeschr\u00e4gtes Fersendesign reduziert den Aufprall und verbessert die Stabilit\u00e4t.<\/li>\n<\/ul>\n","protected":false},"featured_media":227640,"template":"","meta":{"_acf_changed":false,"inline_featured_image":false},"product_brand":[],"product_cat":[6507,6506],"product_tag":[20482,20497],"class_list":{"0":"post-227647","1":"product","2":"type-product","3":"status-publish","4":"has-post-thumbnail","6":"product_cat-herren-schuhe-de","7":"product_cat-neutrale-herren-schuhe-de","8":"product_tag-under-armour-de","9":"product_tag-under-armour-herren","10":"pa_attivita-gehen","11":"pa_attivita-lifestyle-de","12":"pa_attivita-running-de","13":"pa_colore-infinite-elite-2-distant-gray-hyper-gree-de","14":"pa_colore-infinite-elite-2-white-hyper-green-black-de","15":"pa_marca-under-armour-de","16":"pa_sesso-herren","17":"pa_size-41-de","18":"pa_size-42-5-de","19":"pa_size-45-5-de","21":"first","22":"instock","23":"sale","24":"taxable","25":"shipping-taxable","26":"purchasable","27":"product-type-variable","28":"wvs-archive-product-wrapper"},"acf":[],"yoast_head":"<!-- This site is optimized with the Yoast SEO plugin v26.8 - https:\/\/yoast.com\/product\/yoast-seo-wordpress\/ -->\n<title>Under Armour Infinite Elite 2 herren Laufschuhe zu verkaufen MioMioRun .com<\/title>\n<meta name=\"description\" content=\"UA Infinite Elite 2 Laufschuh f\u00fcr Herren: UA HOVR+ D\u00e4mpfung, adaptives UA IntelliKnit Obermaterial, geneigtes Fersendesign f\u00fcr besseres Laufen.\" \/>\n<meta name=\"robots\" content=\"index, follow, max-snippet:-1, max-image-preview:large, max-video-preview:-1\" \/>\n<link rel=\"canonical\" href=\"https:\/\/www.miomiorun.com\/de\/produkt\/infinite-elite-2-herren\/\" \/>\n<meta property=\"og:locale\" content=\"de_DE\" \/>\n<meta property=\"og:type\" content=\"article\" \/>\n<meta property=\"og:title\" content=\"Under Armour Infinite Elite 2 herren Laufschuhe zu verkaufen MioMioRun .com\" \/>\n<meta property=\"og:description\" content=\"UA Infinite Elite 2 Laufschuh f\u00fcr Herren: UA HOVR+ D\u00e4mpfung, adaptives UA IntelliKnit Obermaterial, geneigtes Fersendesign f\u00fcr besseres Laufen.\" \/>\n<meta property=\"og:url\" content=\"https:\/\/www.miomiorun.com\/de\/produkt\/infinite-elite-2-herren\/\" \/>\n<meta property=\"og:site_name\" content=\"MioMioRun\" \/>\n<meta property=\"article:publisher\" content=\"https:\/\/www.facebook.com\/miomiorun\/\" \/>\n<meta property=\"article:modified_time\" content=\"2026-05-08T20:29:28+00:00\" \/>\n<meta property=\"og:image\" content=\"https:\/\/www.miomiorun.com\/app\/uploads\/2025\/02\/under-armour-Infinite-Elite-2-white-Hyper-Green-Black-3028169-0101.webp\" \/>\n\t<meta property=\"og:image:width\" content=\"600\" \/>\n\t<meta property=\"og:image:height\" content=\"600\" \/>\n\t<meta property=\"og:image:type\" content=\"image\/webp\" \/>\n<meta name=\"twitter:card\" content=\"summary_large_image\" \/>\n<meta name=\"twitter:label1\" content=\"Est. reading time\" \/>\n\t<meta name=\"twitter:data1\" content=\"3 minutes\" \/>\n<script type=\"application\/ld+json\" class=\"yoast-schema-graph\">{\"@context\":\"https:\/\/schema.org\",\"@graph\":[{\"@type\":\"WebPage\",\"@id\":\"https:\/\/www.miomiorun.com\/de\/produkt\/infinite-elite-2-herren\/\",\"url\":\"https:\/\/www.miomiorun.com\/de\/produkt\/infinite-elite-2-herren\/\",\"name\":\"Under Armour Infinite Elite 2 herren Laufschuhe zu verkaufen MioMioRun .com\",\"isPartOf\":{\"@id\":\"https:\/\/www.miomiorun.com\/de\/#website\"},\"primaryImageOfPage\":{\"@id\":\"https:\/\/www.miomiorun.com\/de\/produkt\/infinite-elite-2-herren\/#primaryimage\"},\"image\":{\"@id\":\"https:\/\/www.miomiorun.com\/de\/produkt\/infinite-elite-2-herren\/#primaryimage\"},\"thumbnailUrl\":\"https:\/\/www.miomiorun.com\/app\/uploads\/2025\/02\/under-armour-Infinite-Elite-2-white-Hyper-Green-Black-3028169-0101.webp\",\"datePublished\":\"2025-02-01T15:01:54+00:00\",\"dateModified\":\"2026-05-08T20:29:28+00:00\",\"description\":\"UA Infinite Elite 2 Laufschuh f\u00fcr Herren: UA HOVR+ D\u00e4mpfung, adaptives UA IntelliKnit Obermaterial, geneigtes Fersendesign f\u00fcr besseres Laufen.\",\"breadcrumb\":{\"@id\":\"https:\/\/www.miomiorun.com\/de\/produkt\/infinite-elite-2-herren\/#breadcrumb\"},\"inLanguage\":\"de-DE\",\"potentialAction\":[{\"@type\":\"ReadAction\",\"target\":[\"https:\/\/www.miomiorun.com\/de\/produkt\/infinite-elite-2-herren\/\"]}]},{\"@type\":\"ImageObject\",\"inLanguage\":\"de-DE\",\"@id\":\"https:\/\/www.miomiorun.com\/de\/produkt\/infinite-elite-2-herren\/#primaryimage\",\"url\":\"https:\/\/www.miomiorun.com\/app\/uploads\/2025\/02\/under-armour-Infinite-Elite-2-white-Hyper-Green-Black-3028169-0101.webp\",\"contentUrl\":\"https:\/\/www.miomiorun.com\/app\/uploads\/2025\/02\/under-armour-Infinite-Elite-2-white-Hyper-Green-Black-3028169-0101.webp\",\"width\":600,\"height\":600,\"caption\":\"under armour Infinite Elite 2 white Hyper Green Black 3028169 0101\"},{\"@type\":\"BreadcrumbList\",\"@id\":\"https:\/\/www.miomiorun.com\/de\/produkt\/infinite-elite-2-herren\/#breadcrumb\",\"itemListElement\":[{\"@type\":\"ListItem\",\"position\":1,\"name\":\"Home\",\"item\":\"https:\/\/www.miomiorun.com\/de\/\"},{\"@type\":\"ListItem\",\"position\":2,\"name\":\"Shop\",\"item\":\"https:\/\/www.miomiorun.com\/shop\/\"},{\"@type\":\"ListItem\",\"position\":3,\"name\":\"Infinite Elite 2 herren\"}]},{\"@type\":\"WebSite\",\"@id\":\"https:\/\/www.miomiorun.com\/de\/#website\",\"url\":\"https:\/\/www.miomiorun.com\/de\/\",\"name\":\"MioMioRun\",\"description\":\"100% Lauf- und Trailshop\",\"publisher\":{\"@id\":\"https:\/\/www.miomiorun.com\/de\/#organization\"},\"potentialAction\":[{\"@type\":\"SearchAction\",\"target\":{\"@type\":\"EntryPoint\",\"urlTemplate\":\"https:\/\/www.miomiorun.com\/de\/?s={search_term_string}\"},\"query-input\":{\"@type\":\"PropertyValueSpecification\",\"valueRequired\":true,\"valueName\":\"search_term_string\"}}],\"inLanguage\":\"de-DE\"},{\"@type\":\"Organization\",\"@id\":\"https:\/\/www.miomiorun.com\/de\/#organization\",\"name\":\"MioMio Run\",\"url\":\"https:\/\/www.miomiorun.com\/de\/\",\"logo\":{\"@type\":\"ImageObject\",\"inLanguage\":\"de-DE\",\"@id\":\"https:\/\/www.miomiorun.com\/de\/#\/schema\/logo\/image\/\",\"url\":\"https:\/\/www.miomiorun.com\/app\/uploads\/2019\/12\/logomio.png\",\"contentUrl\":\"https:\/\/www.miomiorun.com\/app\/uploads\/2019\/12\/logomio.png\",\"width\":115,\"height\":82,\"caption\":\"MioMio Run\"},\"image\":{\"@id\":\"https:\/\/www.miomiorun.com\/de\/#\/schema\/logo\/image\/\"},\"sameAs\":[\"https:\/\/www.facebook.com\/miomiorun\/\",\"https:\/\/www.instagram.com\/miomiorun\/\"]}]}<\/script>\n<!-- \/ Yoast SEO plugin. -->","yoast_head_json":{"title":"Under Armour Infinite Elite 2 herren Laufschuhe zu verkaufen MioMioRun .com","description":"UA Infinite Elite 2 Laufschuh f\u00fcr Herren: UA HOVR+ D\u00e4mpfung, adaptives UA IntelliKnit Obermaterial, geneigtes Fersendesign f\u00fcr besseres Laufen.","robots":{"index":"index","follow":"follow","max-snippet":"max-snippet:-1","max-image-preview":"max-image-preview:large","max-video-preview":"max-video-preview:-1"},"canonical":"https:\/\/www.miomiorun.com\/de\/produkt\/infinite-elite-2-herren\/","og_locale":"de_DE","og_type":"article","og_title":"Under Armour Infinite Elite 2 herren Laufschuhe zu verkaufen MioMioRun .com","og_description":"UA Infinite Elite 2 Laufschuh f\u00fcr Herren: UA HOVR+ D\u00e4mpfung, adaptives UA IntelliKnit Obermaterial, geneigtes Fersendesign f\u00fcr besseres Laufen.","og_url":"https:\/\/www.miomiorun.com\/de\/produkt\/infinite-elite-2-herren\/","og_site_name":"MioMioRun","article_publisher":"https:\/\/www.facebook.com\/miomiorun\/","article_modified_time":"2026-05-08T20:29:28+00:00","og_image":[{"width":600,"height":600,"url":"https:\/\/www.miomiorun.com\/app\/uploads\/2025\/02\/under-armour-Infinite-Elite-2-white-Hyper-Green-Black-3028169-0101.webp","type":"image\/webp"}],"twitter_card":"summary_large_image","twitter_misc":{"Est. reading time":"3 minutes"},"schema":{"@context":"https:\/\/schema.org","@graph":[{"@type":"WebPage","@id":"https:\/\/www.miomiorun.com\/de\/produkt\/infinite-elite-2-herren\/","url":"https:\/\/www.miomiorun.com\/de\/produkt\/infinite-elite-2-herren\/","name":"Under Armour Infinite Elite 2 herren Laufschuhe zu verkaufen MioMioRun .com","isPartOf":{"@id":"https:\/\/www.miomiorun.com\/de\/#website"},"primaryImageOfPage":{"@id":"https:\/\/www.miomiorun.com\/de\/produkt\/infinite-elite-2-herren\/#primaryimage"},"image":{"@id":"https:\/\/www.miomiorun.com\/de\/produkt\/infinite-elite-2-herren\/#primaryimage"},"thumbnailUrl":"https:\/\/www.miomiorun.com\/app\/uploads\/2025\/02\/under-armour-Infinite-Elite-2-white-Hyper-Green-Black-3028169-0101.webp","datePublished":"2025-02-01T15:01:54+00:00","dateModified":"2026-05-08T20:29:28+00:00","description":"UA Infinite Elite 2 Laufschuh f\u00fcr Herren: UA HOVR+ D\u00e4mpfung, adaptives UA IntelliKnit Obermaterial, geneigtes Fersendesign f\u00fcr besseres Laufen.","breadcrumb":{"@id":"https:\/\/www.miomiorun.com\/de\/produkt\/infinite-elite-2-herren\/#breadcrumb"},"inLanguage":"de-DE","potentialAction":[{"@type":"ReadAction","target":["https:\/\/www.miomiorun.com\/de\/produkt\/infinite-elite-2-herren\/"]}]},{"@type":"ImageObject","inLanguage":"de-DE","@id":"https:\/\/www.miomiorun.com\/de\/produkt\/infinite-elite-2-herren\/#primaryimage","url":"https:\/\/www.miomiorun.com\/app\/uploads\/2025\/02\/under-armour-Infinite-Elite-2-white-Hyper-Green-Black-3028169-0101.webp","contentUrl":"https:\/\/www.miomiorun.com\/app\/uploads\/2025\/02\/under-armour-Infinite-Elite-2-white-Hyper-Green-Black-3028169-0101.webp","width":600,"height":600,"caption":"under armour Infinite Elite 2 white Hyper Green Black 3028169 0101"},{"@type":"BreadcrumbList","@id":"https:\/\/www.miomiorun.com\/de\/produkt\/infinite-elite-2-herren\/#breadcrumb","itemListElement":[{"@type":"ListItem","position":1,"name":"Home","item":"https:\/\/www.miomiorun.com\/de\/"},{"@type":"ListItem","position":2,"name":"Shop","item":"https:\/\/www.miomiorun.com\/shop\/"},{"@type":"ListItem","position":3,"name":"Infinite Elite 2 herren"}]},{"@type":"WebSite","@id":"https:\/\/www.miomiorun.com\/de\/#website","url":"https:\/\/www.miomiorun.com\/de\/","name":"MioMioRun","description":"100% Lauf- und Trailshop","publisher":{"@id":"https:\/\/www.miomiorun.com\/de\/#organization"},"potentialAction":[{"@type":"SearchAction","target":{"@type":"EntryPoint","urlTemplate":"https:\/\/www.miomiorun.com\/de\/?s={search_term_string}"},"query-input":{"@type":"PropertyValueSpecification","valueRequired":true,"valueName":"search_term_string"}}],"inLanguage":"de-DE"},{"@type":"Organization","@id":"https:\/\/www.miomiorun.com\/de\/#organization","name":"MioMio Run","url":"https:\/\/www.miomiorun.com\/de\/","logo":{"@type":"ImageObject","inLanguage":"de-DE","@id":"https:\/\/www.miomiorun.com\/de\/#\/schema\/logo\/image\/","url":"https:\/\/www.miomiorun.com\/app\/uploads\/2019\/12\/logomio.png","contentUrl":"https:\/\/www.miomiorun.com\/app\/uploads\/2019\/12\/logomio.png","width":115,"height":82,"caption":"MioMio Run"},"image":{"@id":"https:\/\/www.miomiorun.com\/de\/#\/schema\/logo\/image\/"},"sameAs":["https:\/\/www.facebook.com\/miomiorun\/","https:\/\/www.instagram.com\/miomiorun\/"]}]}},"_links":{"self":[{"href":"https:\/\/www.miomiorun.com\/de\/wp-json\/wp\/v2\/product\/227647","targetHints":{"allow":["GET"]}}],"collection":[{"href":"https:\/\/www.miomiorun.com\/de\/wp-json\/wp\/v2\/product"}],"about":[{"href":"https:\/\/www.miomiorun.com\/de\/wp-json\/wp\/v2\/types\/product"}],"wp:featuredmedia":[{"embeddable":true,"href":"https:\/\/www.miomiorun.com\/de\/wp-json\/wp\/v2\/media\/227640"}],"wp:attachment":[{"href":"https:\/\/www.miomiorun.com\/de\/wp-json\/wp\/v2\/media?parent=227647"}],"wp:term":[{"taxonomy":"product_brand","embeddable":true,"href":"https:\/\/www.miomiorun.com\/de\/wp-json\/wp\/v2\/product_brand?post=227647"},{"taxonomy":"product_cat","embeddable":true,"href":"https:\/\/www.miomiorun.com\/de\/wp-json\/wp\/v2\/product_cat?post=227647"},{"taxonomy":"product_tag","embeddable":true,"href":"https:\/\/www.miomiorun.com\/de\/wp-json\/wp\/v2\/product_tag?post=227647"}],"curies":[{"name":"wp","href":"https:\/\/api.w.org\/{rel}","templated":true}]}}