{"id":226919,"date":"2025-01-30T16:37:32","date_gmt":"2025-01-30T15:37:32","guid":{"rendered":"https:\/\/miomiorun.com\/?post_type=product&#038;p=226919"},"modified":"2025-02-06T14:28:12","modified_gmt":"2025-02-06T13:28:12","slug":"trail-ultra-c-collector-nutrisocks","status":"publish","type":"product","link":"https:\/\/www.miomiorun.com\/de\/produkt\/trail-ultra-c-collector-nutrisocks\/","title":{"rendered":"TRAIL ULTRA-C Collector Nutrisocks"},"content":{"rendered":"<p><div class=\"vc-row container\"><div class=\"vc-column\"><div class=\"vc-column-text\"><\/p>\n<p><strong>TRAIL ULTRA COLLECTOR NUTRISOCKS<\/strong> &#8211; Wenn Trail-Innovation auf Cocktail-Eleganz trifft!<\/p>\n<p>Diese in Frankreich hergestellten Socken vereinen Technik, Komfort, Widerstandsf\u00e4higkeit und Stil f\u00fcr eine optimale Leistung auf jedem Terrain.<\/p>\n<p><strong>Ihre neue anatomische 3D-Sohle<\/strong> garantiert maximalen Halt und Schutz bei jedem Schritt.<\/p>\n<p>Die stabilisierende 360\u00b0-St\u00fctze umschlie\u00dft Fu\u00df und Kn\u00f6chel f\u00fcr einen perfekten Sitz, w\u00e4hrend gezielte Verst\u00e4rkungen die empfindlichen Bereiche vor den Herausforderungen der h\u00e4rtesten Trails sch\u00fctzen.<\/p>\n<p>Das <strong>atmungsaktive Mesh<\/strong> sorgt f\u00fcr einen effektiven Feuchtigkeitstransport und h\u00e4lt Sie w\u00e4hrend der Aktivit\u00e4t k\u00fchl und trocken.<\/p>\n<p>&nbsp;<\/p>\n<p><strong>\u00a0<\/strong><\/div><\/div><\/div><div class=\"vc-row container\"><div class=\"vc-column\"><div class=\"vc-column-text\"><\/p>\n<p>&nbsp;<\/p>\n<p>&nbsp;<\/p>\n<p>&nbsp;<\/p>\n<p><a href=\"https:\/\/miomiorun.com\/wp-content\/uploads\/2025\/01\/bv-sport-Trail-ultra.2-collector-nutri.webp\"><img loading=\"lazy\" decoding=\"async\" class=\"wp-image-226928 aligncenter\" src=\"https:\/\/miomiorun.com\/wp-content\/uploads\/2025\/01\/bv-sport-Trail-ultra.2-collector-nutri.webp\" alt=\"\" width=\"600\" height=\"600\" srcset=\"https:\/\/www.miomiorun.com\/app\/uploads\/2025\/01\/bv-sport-Trail-ultra.2-collector-nutri.webp 600w, https:\/\/www.miomiorun.com\/app\/uploads\/2025\/01\/bv-sport-Trail-ultra.2-collector-nutri-300x300.webp 300w, https:\/\/www.miomiorun.com\/app\/uploads\/2025\/01\/bv-sport-Trail-ultra.2-collector-nutri-100x100.webp 100w, https:\/\/www.miomiorun.com\/app\/uploads\/2025\/01\/bv-sport-Trail-ultra.2-collector-nutri-150x150.webp 150w, https:\/\/www.miomiorun.com\/app\/uploads\/2025\/01\/bv-sport-Trail-ultra.2-collector-nutri-400x400.webp 400w, https:\/\/www.miomiorun.com\/app\/uploads\/2025\/01\/bv-sport-Trail-ultra.2-collector-nutri-85x85.webp 85w, https:\/\/www.miomiorun.com\/app\/uploads\/2025\/01\/bv-sport-Trail-ultra.2-collector-nutri-50x50.webp 50w, https:\/\/www.miomiorun.com\/app\/uploads\/2025\/01\/bv-sport-Trail-ultra.2-collector-nutri-32x32.webp 32w, https:\/\/www.miomiorun.com\/app\/uploads\/2025\/01\/bv-sport-Trail-ultra.2-collector-nutri-480x480.webp 480w\" sizes=\"auto, (max-width: 600px) 100vw, 600px\" \/><\/a><\/p>\n<p>&nbsp;<\/p>\n<p><\/div><\/div><div class=\"vc-column\"><div class=\"vc-column-text\"><\/p>\n<p>&nbsp;<\/p>\n<p>&nbsp;<\/p>\n<h2>Technologien:<\/h2>\n<p><strong>1-Anatomische ultra-verst\u00e4rkte 3D-Sohle<\/strong><\/p>\n<p>Technik: Kombination von 2 Arten von Mesh (dick und d\u00fcnn).<\/p>\n<p>Wirkung: Sch\u00fctzt die Kontaktzonen, optimiert die Propriozeption und verbessert die Stabilisierung des Fu\u00dfes.<\/p>\n<p>Vorteile: Reduziert Reibung und \u00dcberhitzung der Sohle.<\/p>\n<p>&nbsp;<\/p>\n<p><strong>2-Allseitige Unterst\u00fctzung und Stabilisierung von Fu\u00df und Kn\u00f6chel<\/strong><\/p>\n<p>Technik: Rippenstrick auf H\u00f6he des Sprunggelenks.<\/p>\n<p>Wirkung: St\u00fctzt und stabilisiert den Kn\u00f6chel ohne Kompression.<\/p>\n<p>Vorteile: Optimale Unterst\u00fctzung des Kn\u00f6chels beim Laufen.<\/p>\n<p>&nbsp;<\/p>\n<p><strong>3-Schutz des Kn\u00f6chelknochens und der Achillessehne<\/strong><\/p>\n<p>Technik: Schwammgewebe auf H\u00f6he des Kn\u00f6chelknochens und der Achillessehne.<\/p>\n<p>Wirkung: Sch\u00fctzt die empfindlichen Bereiche und d\u00e4mpft St\u00f6\u00dfe.<\/p>\n<p>Vorteile: Bietet gezielten Schutz.<\/p>\n<p>&nbsp;<\/p>\n<p><strong>4-Atmungsaktives Mesh<\/strong><\/p>\n<p>Technik: Leichtes, wabenf\u00f6rmiges Gestrick auf der Oberseite des Fu\u00dfes.<\/p>\n<p>Wirkung: Beschleunigt die W\u00e4rmeregulierung. Optimale Bel\u00fcftung.<\/p>\n<p>Vorteile: Leitet Schwei\u00df effektiv nach au\u00dfen ab.<\/p>\n<p>&nbsp;<\/p>\n<p><strong>5-Verst\u00e4rkung an Ferse und Zehen<\/strong><\/p>\n<p>Technik: Schwammgewebe im Zehen- und Fersenbereich.<\/p>\n<p>Wirkung: Begrenzt \u00dcberhitzung und Reibung an den Fu\u00dfspitzen.<\/p>\n<p>Vorteile: Verbessert den Komfort und reduziert die Blasenbildung.<\/p>\n<p>&nbsp;<\/p>\n<p>&nbsp;<\/p>\n<p><strong>6-Verst\u00e4rkung im Bereich der Schn\u00fcrung<\/strong><\/p>\n<p>Technik: Schwammgewebe.<\/p>\n<p>Wirkung: Reduziert die \u00dcberhitzung des oberen Teils des Fu\u00dfes in Kontakt mit der Schn\u00fcrung und der Zunge des Schuhs.<\/p>\n<p>Vorteile: Verbessert den Komfort und begrenzt den Druck durch die Schn\u00fcrung.<\/p>\n<p>&nbsp;<\/p>\n<p><strong>7-Breite Rippe<\/strong><\/p>\n<p>Technik: Entlastungsband am oberen Rand der Socke.<\/p>\n<p>Wirkung: H\u00e4lt den Strumpf in Position, ohne abschn\u00fcrend zu wirken.<\/p>\n<p>Vorteile: Verbessert die Unterst\u00fctzung des Beins.<\/p>\n<p>&nbsp;<\/p>\n<p>&nbsp;<\/p>\n<p><\/div><\/div><\/div><\/p>\n<p><strong>TRAIL ULTRA COLLECTOR NUTRISOCKS &#8211; Wenn Aperitif auf Trail-Performance trifft<\/strong><\/p>\n<p>Entdecken Sie die neue Generation der technischen Socken <strong>TRAIL ULTRA COLLECTOR NUTRISOCKS<\/strong>, bei denen die Welt des Aperitifs zu k\u00fchnen Designs f\u00fcr Ihre Trail-Abenteuer inspiriert.<\/p>\n<p>Diese in Frankreich hergestellten Socken vereinen Technik, Komfort, Haltbarkeit und Stil f\u00fcr jede Strecke.<\/p>\n<p>Ausgestattet mit einer neuen, <strong>ultra-verst\u00e4rkten anatomischen 3D-Sohle,<\/strong> garantieren sie erh\u00f6hte Stabilit\u00e4t und optimalen Aufprallschutz auch in unwegsamem Gel\u00e4nde.<\/p>\n<p>Die stabilisierende 360\u00b0-St\u00fctze st\u00fctzt Kn\u00f6chel und Fu\u00df effektiv und erm\u00f6glicht einen sicheren und kontrollierten Schritt.<\/p>\n<p>Gezielte Verst\u00e4rkungen sch\u00fctzen empfindliche Bereiche wie Achillessehne, Kn\u00f6chel, Schn\u00fcrung, Ferse und Zehen und verhindern \u00dcberhitzung durch Reibung.<\/p>\n<p>Das atmungsaktive, leichte Gestrick sorgt f\u00fcr einen schnellen Feuchtigkeitstransport und h\u00e4lt Sie bei intensiver Anstrengung trocken.<\/p>\n<p>Das Design mit hohem Schaft bietet zus\u00e4tzlichen Schutz, w\u00e4hrend der breite gerippte Saum ein Einschn\u00fcren verhindert, indem er die Socke sicher an ihrem Platz h\u00e4lt.<\/p>\n<p>Flache N\u00e4hte reduzieren Reibung und Irritationen, w\u00e4hrend sich das asymmetrische Design perfekt an die Anatomie des Fu\u00dfes anpasst und so absoluten Komfort bietet.<\/p>\n<p>Eine <strong>\u00dcberbeanspruchung der NUTRISOCKS<\/strong> ist f\u00fcr das Wohlbefinden Ihrer F\u00fc\u00dfe sehr empfehlenswert &#8211; genie\u00dfen Sie sie ohne M\u00e4\u00dfigung auf allen Wegen!<\/p>\n<p>&nbsp;<\/p>\n<p><\/div><\/div><\/p>\n","protected":false},"excerpt":{"rendered":"<ul>\n<li><strong>Anatomisch geformte 3D-Sohle<\/strong> f\u00fcr maximalen Halt und Schutz.<\/li>\n<li><strong>360\u00b0 stabilisierende Unterst\u00fctzung<\/strong>, die den Fu\u00df und den Kn\u00f6chel umschlie\u00dft.<\/li>\n<li><strong>Gezielte Verst\u00e4rkungen an Kn\u00f6chel<\/strong>, Achillessehne, Ferse und Zehen f\u00fcr mehr Komfort.<\/li>\n<\/ul>\n","protected":false},"featured_media":226899,"template":"","meta":{"_acf_changed":false,"inline_featured_image":false},"product_brand":[],"product_cat":[6540,6514,6401,6402],"product_tag":[15504,15510,15507],"class_list":{"0":"post-226919","1":"product","2":"type-product","3":"status-publish","4":"has-post-thumbnail","6":"product_cat-herrenbekleidung","7":"product_cat-socken","8":"product_cat-damenbekleidung","9":"product_cat-damensocken-de","10":"product_tag-bv-sport-de","11":"product_tag-bv-sport-damen","12":"product_tag-bv-sport-herren","13":"pa_attivita-gehen","14":"pa_attivita-outdoor-de","15":"pa_attivita-running-de","16":"pa_attivita-trail-de","17":"pa_colore-trail-ultra-2-collector-blue-lagoon-de","18":"pa_colore-trail-ultra-2-collector-nutri-biere-blon-de","19":"pa_colore-trail-ultra-2-collector-nutri-mojito-de","20":"pa_colore-trail-ultra-2-collector-nutri-moscow-mul-de","21":"pa_colore-trail-ultra-2-collector-nutri-tequila-de","22":"pa_marca-bv-sport-de","23":"pa_sesso-damen","24":"pa_sesso-herren","25":"pa_size-36-38-de","26":"pa_size-39-41-de","27":"pa_size-42-44-de","28":"pa_size-45-47-de","30":"first","31":"instock","32":"sale","33":"taxable","34":"shipping-taxable","35":"purchasable","36":"product-type-variable","37":"wvs-archive-product-wrapper"},"acf":[],"yoast_head":"<!-- This site is optimized with the Yoast SEO plugin v26.8 - https:\/\/yoast.com\/product\/yoast-seo-wordpress\/ -->\n<title>Bv Sport TRAIL ULTRA-C Collector Nutrisocks - Laufende Socken - MioMioRun .com<\/title>\n<meta name=\"description\" content=\"Die TRAIL ULTRA NUTRISOCKS Socken bieten Halt, Schutz und eine rundum stabilisierende Unterst\u00fctzung f\u00fcr optimale Leistung.\" \/>\n<meta name=\"robots\" content=\"index, follow, max-snippet:-1, max-image-preview:large, max-video-preview:-1\" \/>\n<link rel=\"canonical\" href=\"https:\/\/www.miomiorun.com\/de\/produkt\/trail-ultra-c-collector-nutrisocks\/\" \/>\n<meta property=\"og:locale\" content=\"de_DE\" \/>\n<meta property=\"og:type\" content=\"article\" \/>\n<meta property=\"og:title\" content=\"Bv Sport TRAIL ULTRA-C Collector Nutrisocks - Laufende Socken - MioMioRun .com\" \/>\n<meta property=\"og:description\" content=\"Die TRAIL ULTRA NUTRISOCKS Socken bieten Halt, Schutz und eine rundum stabilisierende Unterst\u00fctzung f\u00fcr optimale Leistung.\" \/>\n<meta property=\"og:url\" content=\"https:\/\/www.miomiorun.com\/de\/produkt\/trail-ultra-c-collector-nutrisocks\/\" \/>\n<meta property=\"og:site_name\" content=\"MioMioRun\" \/>\n<meta property=\"article:publisher\" content=\"https:\/\/www.facebook.com\/miomiorun\/\" \/>\n<meta property=\"article:modified_time\" content=\"2025-02-06T13:28:12+00:00\" \/>\n<meta property=\"og:image\" content=\"https:\/\/www.miomiorun.com\/app\/uploads\/2025\/01\/bv-sport-Trail-ultra.2-collector-nutri-tequila-299-014.webp\" \/>\n\t<meta property=\"og:image:width\" content=\"600\" \/>\n\t<meta property=\"og:image:height\" content=\"600\" \/>\n\t<meta property=\"og:image:type\" content=\"image\/webp\" \/>\n<meta name=\"twitter:card\" content=\"summary_large_image\" \/>\n<meta name=\"twitter:label1\" content=\"Est. reading time\" \/>\n\t<meta name=\"twitter:data1\" content=\"3 minutes\" \/>\n<script type=\"application\/ld+json\" class=\"yoast-schema-graph\">{\"@context\":\"https:\/\/schema.org\",\"@graph\":[{\"@type\":\"WebPage\",\"@id\":\"https:\/\/www.miomiorun.com\/de\/produkt\/trail-ultra-c-collector-nutrisocks\/\",\"url\":\"https:\/\/www.miomiorun.com\/de\/produkt\/trail-ultra-c-collector-nutrisocks\/\",\"name\":\"Bv Sport TRAIL ULTRA-C Collector Nutrisocks - Laufende Socken - MioMioRun .com\",\"isPartOf\":{\"@id\":\"https:\/\/www.miomiorun.com\/de\/#website\"},\"primaryImageOfPage\":{\"@id\":\"https:\/\/www.miomiorun.com\/de\/produkt\/trail-ultra-c-collector-nutrisocks\/#primaryimage\"},\"image\":{\"@id\":\"https:\/\/www.miomiorun.com\/de\/produkt\/trail-ultra-c-collector-nutrisocks\/#primaryimage\"},\"thumbnailUrl\":\"https:\/\/www.miomiorun.com\/app\/uploads\/2025\/01\/bv-sport-Trail-ultra.2-collector-nutri-tequila-299-014.webp\",\"datePublished\":\"2025-01-30T15:37:32+00:00\",\"dateModified\":\"2025-02-06T13:28:12+00:00\",\"description\":\"Die TRAIL ULTRA NUTRISOCKS Socken bieten Halt, Schutz und eine rundum stabilisierende Unterst\u00fctzung f\u00fcr optimale Leistung.\",\"breadcrumb\":{\"@id\":\"https:\/\/www.miomiorun.com\/de\/produkt\/trail-ultra-c-collector-nutrisocks\/#breadcrumb\"},\"inLanguage\":\"de-DE\",\"potentialAction\":[{\"@type\":\"ReadAction\",\"target\":[\"https:\/\/www.miomiorun.com\/de\/produkt\/trail-ultra-c-collector-nutrisocks\/\"]}]},{\"@type\":\"ImageObject\",\"inLanguage\":\"de-DE\",\"@id\":\"https:\/\/www.miomiorun.com\/de\/produkt\/trail-ultra-c-collector-nutrisocks\/#primaryimage\",\"url\":\"https:\/\/www.miomiorun.com\/app\/uploads\/2025\/01\/bv-sport-Trail-ultra.2-collector-nutri-tequila-299-014.webp\",\"contentUrl\":\"https:\/\/www.miomiorun.com\/app\/uploads\/2025\/01\/bv-sport-Trail-ultra.2-collector-nutri-tequila-299-014.webp\",\"width\":600,\"height\":600,\"caption\":\"bv sport Trail ultra.2 collector nutri tequila 299 014\"},{\"@type\":\"BreadcrumbList\",\"@id\":\"https:\/\/www.miomiorun.com\/de\/produkt\/trail-ultra-c-collector-nutrisocks\/#breadcrumb\",\"itemListElement\":[{\"@type\":\"ListItem\",\"position\":1,\"name\":\"Home\",\"item\":\"https:\/\/www.miomiorun.com\/de\/\"},{\"@type\":\"ListItem\",\"position\":2,\"name\":\"Shop\",\"item\":\"https:\/\/www.miomiorun.com\/shop\/\"},{\"@type\":\"ListItem\",\"position\":3,\"name\":\"TRAIL ULTRA-C Collector Nutrisocks\"}]},{\"@type\":\"WebSite\",\"@id\":\"https:\/\/www.miomiorun.com\/de\/#website\",\"url\":\"https:\/\/www.miomiorun.com\/de\/\",\"name\":\"MioMioRun\",\"description\":\"100% Lauf- und Trailshop\",\"publisher\":{\"@id\":\"https:\/\/www.miomiorun.com\/de\/#organization\"},\"potentialAction\":[{\"@type\":\"SearchAction\",\"target\":{\"@type\":\"EntryPoint\",\"urlTemplate\":\"https:\/\/www.miomiorun.com\/de\/?s={search_term_string}\"},\"query-input\":{\"@type\":\"PropertyValueSpecification\",\"valueRequired\":true,\"valueName\":\"search_term_string\"}}],\"inLanguage\":\"de-DE\"},{\"@type\":\"Organization\",\"@id\":\"https:\/\/www.miomiorun.com\/de\/#organization\",\"name\":\"MioMio Run\",\"url\":\"https:\/\/www.miomiorun.com\/de\/\",\"logo\":{\"@type\":\"ImageObject\",\"inLanguage\":\"de-DE\",\"@id\":\"https:\/\/www.miomiorun.com\/de\/#\/schema\/logo\/image\/\",\"url\":\"https:\/\/www.miomiorun.com\/app\/uploads\/2019\/12\/logomio.png\",\"contentUrl\":\"https:\/\/www.miomiorun.com\/app\/uploads\/2019\/12\/logomio.png\",\"width\":115,\"height\":82,\"caption\":\"MioMio Run\"},\"image\":{\"@id\":\"https:\/\/www.miomiorun.com\/de\/#\/schema\/logo\/image\/\"},\"sameAs\":[\"https:\/\/www.facebook.com\/miomiorun\/\",\"https:\/\/www.instagram.com\/miomiorun\/\"]}]}<\/script>\n<!-- \/ Yoast SEO plugin. -->","yoast_head_json":{"title":"Bv Sport TRAIL ULTRA-C Collector Nutrisocks - Laufende Socken - MioMioRun .com","description":"Die TRAIL ULTRA NUTRISOCKS Socken bieten Halt, Schutz und eine rundum stabilisierende Unterst\u00fctzung f\u00fcr optimale Leistung.","robots":{"index":"index","follow":"follow","max-snippet":"max-snippet:-1","max-image-preview":"max-image-preview:large","max-video-preview":"max-video-preview:-1"},"canonical":"https:\/\/www.miomiorun.com\/de\/produkt\/trail-ultra-c-collector-nutrisocks\/","og_locale":"de_DE","og_type":"article","og_title":"Bv Sport TRAIL ULTRA-C Collector Nutrisocks - Laufende Socken - MioMioRun .com","og_description":"Die TRAIL ULTRA NUTRISOCKS Socken bieten Halt, Schutz und eine rundum stabilisierende Unterst\u00fctzung f\u00fcr optimale Leistung.","og_url":"https:\/\/www.miomiorun.com\/de\/produkt\/trail-ultra-c-collector-nutrisocks\/","og_site_name":"MioMioRun","article_publisher":"https:\/\/www.facebook.com\/miomiorun\/","article_modified_time":"2025-02-06T13:28:12+00:00","og_image":[{"width":600,"height":600,"url":"https:\/\/www.miomiorun.com\/app\/uploads\/2025\/01\/bv-sport-Trail-ultra.2-collector-nutri-tequila-299-014.webp","type":"image\/webp"}],"twitter_card":"summary_large_image","twitter_misc":{"Est. reading time":"3 minutes"},"schema":{"@context":"https:\/\/schema.org","@graph":[{"@type":"WebPage","@id":"https:\/\/www.miomiorun.com\/de\/produkt\/trail-ultra-c-collector-nutrisocks\/","url":"https:\/\/www.miomiorun.com\/de\/produkt\/trail-ultra-c-collector-nutrisocks\/","name":"Bv Sport TRAIL ULTRA-C Collector Nutrisocks - Laufende Socken - MioMioRun .com","isPartOf":{"@id":"https:\/\/www.miomiorun.com\/de\/#website"},"primaryImageOfPage":{"@id":"https:\/\/www.miomiorun.com\/de\/produkt\/trail-ultra-c-collector-nutrisocks\/#primaryimage"},"image":{"@id":"https:\/\/www.miomiorun.com\/de\/produkt\/trail-ultra-c-collector-nutrisocks\/#primaryimage"},"thumbnailUrl":"https:\/\/www.miomiorun.com\/app\/uploads\/2025\/01\/bv-sport-Trail-ultra.2-collector-nutri-tequila-299-014.webp","datePublished":"2025-01-30T15:37:32+00:00","dateModified":"2025-02-06T13:28:12+00:00","description":"Die TRAIL ULTRA NUTRISOCKS Socken bieten Halt, Schutz und eine rundum stabilisierende Unterst\u00fctzung f\u00fcr optimale Leistung.","breadcrumb":{"@id":"https:\/\/www.miomiorun.com\/de\/produkt\/trail-ultra-c-collector-nutrisocks\/#breadcrumb"},"inLanguage":"de-DE","potentialAction":[{"@type":"ReadAction","target":["https:\/\/www.miomiorun.com\/de\/produkt\/trail-ultra-c-collector-nutrisocks\/"]}]},{"@type":"ImageObject","inLanguage":"de-DE","@id":"https:\/\/www.miomiorun.com\/de\/produkt\/trail-ultra-c-collector-nutrisocks\/#primaryimage","url":"https:\/\/www.miomiorun.com\/app\/uploads\/2025\/01\/bv-sport-Trail-ultra.2-collector-nutri-tequila-299-014.webp","contentUrl":"https:\/\/www.miomiorun.com\/app\/uploads\/2025\/01\/bv-sport-Trail-ultra.2-collector-nutri-tequila-299-014.webp","width":600,"height":600,"caption":"bv sport Trail ultra.2 collector nutri tequila 299 014"},{"@type":"BreadcrumbList","@id":"https:\/\/www.miomiorun.com\/de\/produkt\/trail-ultra-c-collector-nutrisocks\/#breadcrumb","itemListElement":[{"@type":"ListItem","position":1,"name":"Home","item":"https:\/\/www.miomiorun.com\/de\/"},{"@type":"ListItem","position":2,"name":"Shop","item":"https:\/\/www.miomiorun.com\/shop\/"},{"@type":"ListItem","position":3,"name":"TRAIL ULTRA-C Collector Nutrisocks"}]},{"@type":"WebSite","@id":"https:\/\/www.miomiorun.com\/de\/#website","url":"https:\/\/www.miomiorun.com\/de\/","name":"MioMioRun","description":"100% Lauf- und Trailshop","publisher":{"@id":"https:\/\/www.miomiorun.com\/de\/#organization"},"potentialAction":[{"@type":"SearchAction","target":{"@type":"EntryPoint","urlTemplate":"https:\/\/www.miomiorun.com\/de\/?s={search_term_string}"},"query-input":{"@type":"PropertyValueSpecification","valueRequired":true,"valueName":"search_term_string"}}],"inLanguage":"de-DE"},{"@type":"Organization","@id":"https:\/\/www.miomiorun.com\/de\/#organization","name":"MioMio Run","url":"https:\/\/www.miomiorun.com\/de\/","logo":{"@type":"ImageObject","inLanguage":"de-DE","@id":"https:\/\/www.miomiorun.com\/de\/#\/schema\/logo\/image\/","url":"https:\/\/www.miomiorun.com\/app\/uploads\/2019\/12\/logomio.png","contentUrl":"https:\/\/www.miomiorun.com\/app\/uploads\/2019\/12\/logomio.png","width":115,"height":82,"caption":"MioMio Run"},"image":{"@id":"https:\/\/www.miomiorun.com\/de\/#\/schema\/logo\/image\/"},"sameAs":["https:\/\/www.facebook.com\/miomiorun\/","https:\/\/www.instagram.com\/miomiorun\/"]}]}},"_links":{"self":[{"href":"https:\/\/www.miomiorun.com\/de\/wp-json\/wp\/v2\/product\/226919","targetHints":{"allow":["GET"]}}],"collection":[{"href":"https:\/\/www.miomiorun.com\/de\/wp-json\/wp\/v2\/product"}],"about":[{"href":"https:\/\/www.miomiorun.com\/de\/wp-json\/wp\/v2\/types\/product"}],"wp:featuredmedia":[{"embeddable":true,"href":"https:\/\/www.miomiorun.com\/de\/wp-json\/wp\/v2\/media\/226899"}],"wp:attachment":[{"href":"https:\/\/www.miomiorun.com\/de\/wp-json\/wp\/v2\/media?parent=226919"}],"wp:term":[{"taxonomy":"product_brand","embeddable":true,"href":"https:\/\/www.miomiorun.com\/de\/wp-json\/wp\/v2\/product_brand?post=226919"},{"taxonomy":"product_cat","embeddable":true,"href":"https:\/\/www.miomiorun.com\/de\/wp-json\/wp\/v2\/product_cat?post=226919"},{"taxonomy":"product_tag","embeddable":true,"href":"https:\/\/www.miomiorun.com\/de\/wp-json\/wp\/v2\/product_tag?post=226919"}],"curies":[{"name":"wp","href":"https:\/\/api.w.org\/{rel}","templated":true}]}}