{"id":226802,"date":"2025-01-30T13:32:18","date_gmt":"2025-01-30T12:32:18","guid":{"rendered":"https:\/\/miomiorun.com\/?post_type=product&#038;p=226802"},"modified":"2025-02-06T15:01:49","modified_gmt":"2025-02-06T14:01:49","slug":"run-marathon-low","status":"publish","type":"product","link":"https:\/\/www.miomiorun.com\/de\/produkt\/run-marathon-low\/","title":{"rendered":"RUN MARATHON Low"},"content":{"rendered":"<p><div class=\"vc-row container\"><div class=\"vc-column\"><div class=\"vc-column-text\">Realizzate in Francia, questa gamma di calze resistenti e ultra-rinforzate risponde alle esigenze del Trail running su tutte le distanze.<\/p>\n<h2>Die neue Socke RUN MARATHON LOW ist die Exzellenz f\u00fcr L\u00e4ufer!<\/h2>\n<p><strong>Diese in Frankreich<\/strong> sorgf\u00e4ltig hergestellte Socke verf\u00fcgt \u00fcber eine neue, im Forschungs- und Entwicklungszentrum entwickelte, hochtechnische 3D-Sohle, die ideal f\u00fcr lange Strecken auf Asphalt ist.<\/p>\n<p><strong>Technologie, Leichtigkeit, Komfort und Widerstandsf\u00e4higkeit<\/strong> vereinen sich zu einem unvergleichlichen Erlebnis.<\/p>\n<p>Die gezielten Verst\u00e4rkungen garantieren einen optimalen Halt bei jedem Schritt, w\u00e4hrend das leichte und ergonomische Design es Ihnen erm\u00f6glicht, Kilometer zur\u00fcckzulegen, ohne auf Komfort zu verzichten.<\/p>\n<p>&nbsp;<\/p>\n<p>&nbsp;<\/p>\n<div class=\"col-sm-5 col-12\"><\/div>\n<div class=\"col-sm-5 col-12\"><\/div>\n<p>&nbsp;<\/p>\n<p><strong>\u00a0<\/strong><\/div><\/div><\/div><div class=\"vc-row container\"><div class=\"vc-column\"><div class=\"vc-column-text\"><\/p>\n<p>&nbsp;<\/p>\n<p>&nbsp;<\/p>\n<p><a href=\"https:\/\/miomiorun.com\/wp-content\/uploads\/2025\/01\/bv-sport-Run-marathon.2-low.webp\"><img loading=\"lazy\" decoding=\"async\" class=\"size-full wp-image-226885 aligncenter\" src=\"https:\/\/miomiorun.com\/wp-content\/uploads\/2025\/01\/bv-sport-Run-marathon.2-low.webp\" alt=\"\" width=\"600\" height=\"600\" srcset=\"https:\/\/www.miomiorun.com\/app\/uploads\/2025\/01\/bv-sport-Run-marathon.2-low.webp 600w, https:\/\/www.miomiorun.com\/app\/uploads\/2025\/01\/bv-sport-Run-marathon.2-low-300x300.webp 300w, https:\/\/www.miomiorun.com\/app\/uploads\/2025\/01\/bv-sport-Run-marathon.2-low-100x100.webp 100w, https:\/\/www.miomiorun.com\/app\/uploads\/2025\/01\/bv-sport-Run-marathon.2-low-150x150.webp 150w, https:\/\/www.miomiorun.com\/app\/uploads\/2025\/01\/bv-sport-Run-marathon.2-low-400x400.webp 400w, https:\/\/www.miomiorun.com\/app\/uploads\/2025\/01\/bv-sport-Run-marathon.2-low-85x85.webp 85w, https:\/\/www.miomiorun.com\/app\/uploads\/2025\/01\/bv-sport-Run-marathon.2-low-50x50.webp 50w, https:\/\/www.miomiorun.com\/app\/uploads\/2025\/01\/bv-sport-Run-marathon.2-low-32x32.webp 32w, https:\/\/www.miomiorun.com\/app\/uploads\/2025\/01\/bv-sport-Run-marathon.2-low-480x480.webp 480w\" sizes=\"auto, (max-width: 600px) 100vw, 600px\" \/><\/a><\/p>\n<p><\/div><\/div><div class=\"vc-column\"><div class=\"vc-column-text\"><\/p>\n<h2>Technologien:<\/h2>\n<p><strong>1-Anatomische 3D-verst\u00e4rkte Sohle<\/strong><\/p>\n<p>Technologie: Kombination von 2 Arten von Mesh (dick und d\u00fcnn) mit integrierten Ringen. Inspiriert von Autoprofilen.<\/p>\n<p>Wirkung: Sch\u00fctzt die Kontaktfl\u00e4chen, optimiert die Propriozeption und verbessert die Stabilisierung des Fu\u00dfes.<\/p>\n<p>Vorteile: Reduziert Reibung und \u00dcberhitzung der Sohle.<\/p>\n<p>&nbsp;<\/p>\n<p><strong>2 &#8211; Rundum-St\u00fctzung und Stabilisierung von Fu\u00df und Kn\u00f6chel<\/strong><\/p>\n<p>Technik: Rippenstrick im Bereich des Sprunggelenks.<\/p>\n<p>Wirkung: St\u00fctzt und stabilisiert den Kn\u00f6chel, ohne ihn zu belasten.<\/p>\n<p>Vorteile: Bietet optimale Unterst\u00fctzung des Kn\u00f6chels beim Laufen.<\/p>\n<p>&nbsp;<\/p>\n<p><strong>3-Schutz der Achillessehne<\/strong><\/p>\n<p>Technik: Schwammgewebe auf H\u00f6he der Achillessehne.<\/p>\n<p>Wirkung: Sch\u00fctzt die empfindlichen Strukturen und absorbiert St\u00f6\u00dfe.<\/p>\n<p>Vorteile: Bietet gezielten Schutz.<\/p>\n<p>&nbsp;<\/p>\n<p><strong>4-Atmungsaktives Netz<\/strong><\/p>\n<p>Technik: Leichtes, wabenf\u00f6rmiges Mesh auf der Oberseite des Fu\u00dfes.<\/p>\n<p>Wirkung: Beschleunigt die W\u00e4rmeregulierung. Optimale Bel\u00fcftung.<\/p>\n<p>Vorteile: Leitet Schwei\u00df effektiv nach au\u00dfen ab.<\/p>\n<p>&nbsp;<\/p>\n<p><strong>5-Verst\u00e4rkungen an Ferse und Zehen<\/strong><\/p>\n<p>Technik: Schwammgewebe im Zehen- und Fersenbereich.<\/p>\n<p>Wirkung: Reduziert \u00dcberhitzung und Reibung an den Fu\u00dfspitzen.<\/p>\n<p>Vorteile: Verbessert den Komfort und verringert die Bildung von Blasen.<\/p>\n<p>&nbsp;<\/p>\n<p><strong>6-Verst\u00e4rkung im Bereich der Schn\u00fcrung<\/strong><\/p>\n<p>Technik: Schwammgestrick.<\/p>\n<p>Wirkung: Verringert die \u00dcberhitzung des oberen Teils des Fu\u00dfes im Kontakt mit dem Schn\u00fcrbereich und der Zunge des Schuhs.<\/p>\n<p>Vorteile: Verbessert den Komfort und reduziert den Druck beim Schn\u00fcren.<\/p>\n<p>&nbsp;<\/p>\n<p><strong>7-Breiter Rahmen<\/strong><\/p>\n<p>Technik: Entlastungsband am oberen Rand der Socke.<\/p>\n<p>Wirkung: H\u00e4lt die Socke wirkungsvoll fest, ohne einzuengen.<\/p>\n<p>Vorteile: Verbessert den Halt am oberen Rand.<\/p>\n<p><\/div><\/div><\/div><\/p>\n<p>&nbsp;<\/p>\n","protected":false},"excerpt":{"rendered":"<ul>\n<li>Verst\u00e4rkte anatomische 3D-Sohle f\u00fcr hervorragenden Halt und D\u00e4mpfung.<\/li>\n<li>360\u00b0-St\u00fctzung, die den Kn\u00f6chel und den Fu\u00df f\u00fcr optimale Stabilit\u00e4t umschlie\u00dft.<\/li>\n<li>Atmungsaktives Mesh f\u00fcr hervorragende Schwei\u00dfableitung.<\/li>\n<\/ul>\n","protected":false},"featured_media":226875,"template":"","meta":{"_acf_changed":false,"inline_featured_image":false},"product_brand":[],"product_cat":[6540,6514,6401,6402],"product_tag":[15504,15510,15507],"class_list":{"0":"post-226802","1":"product","2":"type-product","3":"status-publish","4":"has-post-thumbnail","6":"product_cat-herrenbekleidung","7":"product_cat-socken","8":"product_cat-damenbekleidung","9":"product_cat-damensocken-de","10":"product_tag-bv-sport-de","11":"product_tag-bv-sport-damen","12":"product_tag-bv-sport-herren","13":"pa_attivita-gehen","14":"pa_attivita-outdoor-de","15":"pa_attivita-running-de","16":"pa_attivita-trail-de","17":"pa_colore-run-marathon-2-low-bleu-marine-de","18":"pa_colore-run-marathon-2-low-jaune-bleu-de","19":"pa_colore-run-marathon-2-low-noir-gris-de","20":"pa_colore-run-marathon-2-low-vert-bleu-de","21":"pa_marca-bv-sport-de","22":"pa_sesso-damen","23":"pa_sesso-herren","24":"pa_size-36-38-de","25":"pa_size-39-41-de","26":"pa_size-42-44-de","27":"pa_size-45-47-de","29":"first","30":"instock","31":"sale","32":"taxable","33":"shipping-taxable","34":"purchasable","35":"product-type-variable","36":"wvs-archive-product-wrapper"},"acf":[],"yoast_head":"<!-- This site is optimized with the Yoast SEO plugin v26.8 - https:\/\/yoast.com\/product\/yoast-seo-wordpress\/ -->\n<title>Bv Sport RUN MARATHON Low - Laufsocken f\u00fcr Herren - MioMioRun .com<\/title>\n<meta name=\"description\" content=\"RUN MARATHON Low socks: 3D-verst\u00e4rkte Sohle, 360\u00b0-Support f\u00fcr Stabilit\u00e4t und atmungsaktives Mesh f\u00fcr maximalen Komfort und Leistung.\" \/>\n<meta name=\"robots\" content=\"index, follow, max-snippet:-1, max-image-preview:large, max-video-preview:-1\" \/>\n<link rel=\"canonical\" href=\"https:\/\/www.miomiorun.com\/de\/produkt\/run-marathon-low\/\" \/>\n<meta property=\"og:locale\" content=\"de_DE\" \/>\n<meta property=\"og:type\" content=\"article\" \/>\n<meta property=\"og:title\" content=\"Bv Sport RUN MARATHON Low - Laufsocken f\u00fcr Herren - MioMioRun .com\" \/>\n<meta property=\"og:description\" content=\"RUN MARATHON Low socks: 3D-verst\u00e4rkte Sohle, 360\u00b0-Support f\u00fcr Stabilit\u00e4t und atmungsaktives Mesh f\u00fcr maximalen Komfort und Leistung.\" \/>\n<meta property=\"og:url\" content=\"https:\/\/www.miomiorun.com\/de\/produkt\/run-marathon-low\/\" \/>\n<meta property=\"og:site_name\" content=\"MioMioRun\" \/>\n<meta property=\"article:publisher\" content=\"https:\/\/www.facebook.com\/miomiorun\/\" \/>\n<meta property=\"article:modified_time\" content=\"2025-02-06T14:01:49+00:00\" \/>\n<meta property=\"og:image\" content=\"https:\/\/www.miomiorun.com\/app\/uploads\/2025\/01\/bv-sport-Trail-collector-DBDB-night-fever-292-042.webp\" \/>\n\t<meta property=\"og:image:width\" content=\"600\" \/>\n\t<meta property=\"og:image:height\" content=\"600\" \/>\n\t<meta property=\"og:image:type\" content=\"image\/webp\" \/>\n<meta name=\"twitter:card\" content=\"summary_large_image\" \/>\n<meta name=\"twitter:label1\" content=\"Est. reading time\" \/>\n\t<meta name=\"twitter:data1\" content=\"2 minutes\" \/>\n<script type=\"application\/ld+json\" class=\"yoast-schema-graph\">{\"@context\":\"https:\/\/schema.org\",\"@graph\":[{\"@type\":\"WebPage\",\"@id\":\"https:\/\/www.miomiorun.com\/de\/produkt\/run-marathon-low\/\",\"url\":\"https:\/\/www.miomiorun.com\/de\/produkt\/run-marathon-low\/\",\"name\":\"Bv Sport RUN MARATHON Low - Laufsocken f\u00fcr Herren - MioMioRun .com\",\"isPartOf\":{\"@id\":\"https:\/\/www.miomiorun.com\/de\/#website\"},\"primaryImageOfPage\":{\"@id\":\"https:\/\/www.miomiorun.com\/de\/produkt\/run-marathon-low\/#primaryimage\"},\"image\":{\"@id\":\"https:\/\/www.miomiorun.com\/de\/produkt\/run-marathon-low\/#primaryimage\"},\"thumbnailUrl\":\"https:\/\/www.miomiorun.com\/app\/uploads\/2025\/01\/bv-sport-Run-marathon.2-low-bleu-marine-293-016.webp\",\"datePublished\":\"2025-01-30T12:32:18+00:00\",\"dateModified\":\"2025-02-06T14:01:49+00:00\",\"description\":\"RUN MARATHON Low socks: 3D-verst\u00e4rkte Sohle, 360\u00b0-Support f\u00fcr Stabilit\u00e4t und atmungsaktives Mesh f\u00fcr maximalen Komfort und Leistung.\",\"breadcrumb\":{\"@id\":\"https:\/\/www.miomiorun.com\/de\/produkt\/run-marathon-low\/#breadcrumb\"},\"inLanguage\":\"de-DE\",\"potentialAction\":[{\"@type\":\"ReadAction\",\"target\":[\"https:\/\/www.miomiorun.com\/de\/produkt\/run-marathon-low\/\"]}]},{\"@type\":\"ImageObject\",\"inLanguage\":\"de-DE\",\"@id\":\"https:\/\/www.miomiorun.com\/de\/produkt\/run-marathon-low\/#primaryimage\",\"url\":\"https:\/\/www.miomiorun.com\/app\/uploads\/2025\/01\/bv-sport-Run-marathon.2-low-bleu-marine-293-016.webp\",\"contentUrl\":\"https:\/\/www.miomiorun.com\/app\/uploads\/2025\/01\/bv-sport-Run-marathon.2-low-bleu-marine-293-016.webp\",\"width\":600,\"height\":600,\"caption\":\"bv sport Run marathon.2 low bleu marine 293 016\"},{\"@type\":\"BreadcrumbList\",\"@id\":\"https:\/\/www.miomiorun.com\/de\/produkt\/run-marathon-low\/#breadcrumb\",\"itemListElement\":[{\"@type\":\"ListItem\",\"position\":1,\"name\":\"Home\",\"item\":\"https:\/\/www.miomiorun.com\/de\/\"},{\"@type\":\"ListItem\",\"position\":2,\"name\":\"Shop\",\"item\":\"https:\/\/www.miomiorun.com\/shop\/\"},{\"@type\":\"ListItem\",\"position\":3,\"name\":\"RUN MARATHON Low\"}]},{\"@type\":\"WebSite\",\"@id\":\"https:\/\/www.miomiorun.com\/de\/#website\",\"url\":\"https:\/\/www.miomiorun.com\/de\/\",\"name\":\"MioMioRun\",\"description\":\"100% Lauf- und Trailshop\",\"publisher\":{\"@id\":\"https:\/\/www.miomiorun.com\/de\/#organization\"},\"potentialAction\":[{\"@type\":\"SearchAction\",\"target\":{\"@type\":\"EntryPoint\",\"urlTemplate\":\"https:\/\/www.miomiorun.com\/de\/?s={search_term_string}\"},\"query-input\":{\"@type\":\"PropertyValueSpecification\",\"valueRequired\":true,\"valueName\":\"search_term_string\"}}],\"inLanguage\":\"de-DE\"},{\"@type\":\"Organization\",\"@id\":\"https:\/\/www.miomiorun.com\/de\/#organization\",\"name\":\"MioMio Run\",\"url\":\"https:\/\/www.miomiorun.com\/de\/\",\"logo\":{\"@type\":\"ImageObject\",\"inLanguage\":\"de-DE\",\"@id\":\"https:\/\/www.miomiorun.com\/de\/#\/schema\/logo\/image\/\",\"url\":\"https:\/\/www.miomiorun.com\/app\/uploads\/2019\/12\/logomio.png\",\"contentUrl\":\"https:\/\/www.miomiorun.com\/app\/uploads\/2019\/12\/logomio.png\",\"width\":115,\"height\":82,\"caption\":\"MioMio Run\"},\"image\":{\"@id\":\"https:\/\/www.miomiorun.com\/de\/#\/schema\/logo\/image\/\"},\"sameAs\":[\"https:\/\/www.facebook.com\/miomiorun\/\",\"https:\/\/www.instagram.com\/miomiorun\/\"]}]}<\/script>\n<!-- \/ Yoast SEO plugin. -->","yoast_head_json":{"title":"Bv Sport RUN MARATHON Low - Laufsocken f\u00fcr Herren - MioMioRun .com","description":"RUN MARATHON Low socks: 3D-verst\u00e4rkte Sohle, 360\u00b0-Support f\u00fcr Stabilit\u00e4t und atmungsaktives Mesh f\u00fcr maximalen Komfort und Leistung.","robots":{"index":"index","follow":"follow","max-snippet":"max-snippet:-1","max-image-preview":"max-image-preview:large","max-video-preview":"max-video-preview:-1"},"canonical":"https:\/\/www.miomiorun.com\/de\/produkt\/run-marathon-low\/","og_locale":"de_DE","og_type":"article","og_title":"Bv Sport RUN MARATHON Low - Laufsocken f\u00fcr Herren - MioMioRun .com","og_description":"RUN MARATHON Low socks: 3D-verst\u00e4rkte Sohle, 360\u00b0-Support f\u00fcr Stabilit\u00e4t und atmungsaktives Mesh f\u00fcr maximalen Komfort und Leistung.","og_url":"https:\/\/www.miomiorun.com\/de\/produkt\/run-marathon-low\/","og_site_name":"MioMioRun","article_publisher":"https:\/\/www.facebook.com\/miomiorun\/","article_modified_time":"2025-02-06T14:01:49+00:00","og_image":[{"width":600,"height":600,"url":"https:\/\/www.miomiorun.com\/app\/uploads\/2025\/01\/bv-sport-Trail-collector-DBDB-night-fever-292-042.webp","type":"image\/webp"}],"twitter_card":"summary_large_image","twitter_misc":{"Est. reading time":"2 minutes"},"schema":{"@context":"https:\/\/schema.org","@graph":[{"@type":"WebPage","@id":"https:\/\/www.miomiorun.com\/de\/produkt\/run-marathon-low\/","url":"https:\/\/www.miomiorun.com\/de\/produkt\/run-marathon-low\/","name":"Bv Sport RUN MARATHON Low - Laufsocken f\u00fcr Herren - MioMioRun .com","isPartOf":{"@id":"https:\/\/www.miomiorun.com\/de\/#website"},"primaryImageOfPage":{"@id":"https:\/\/www.miomiorun.com\/de\/produkt\/run-marathon-low\/#primaryimage"},"image":{"@id":"https:\/\/www.miomiorun.com\/de\/produkt\/run-marathon-low\/#primaryimage"},"thumbnailUrl":"https:\/\/www.miomiorun.com\/app\/uploads\/2025\/01\/bv-sport-Run-marathon.2-low-bleu-marine-293-016.webp","datePublished":"2025-01-30T12:32:18+00:00","dateModified":"2025-02-06T14:01:49+00:00","description":"RUN MARATHON Low socks: 3D-verst\u00e4rkte Sohle, 360\u00b0-Support f\u00fcr Stabilit\u00e4t und atmungsaktives Mesh f\u00fcr maximalen Komfort und Leistung.","breadcrumb":{"@id":"https:\/\/www.miomiorun.com\/de\/produkt\/run-marathon-low\/#breadcrumb"},"inLanguage":"de-DE","potentialAction":[{"@type":"ReadAction","target":["https:\/\/www.miomiorun.com\/de\/produkt\/run-marathon-low\/"]}]},{"@type":"ImageObject","inLanguage":"de-DE","@id":"https:\/\/www.miomiorun.com\/de\/produkt\/run-marathon-low\/#primaryimage","url":"https:\/\/www.miomiorun.com\/app\/uploads\/2025\/01\/bv-sport-Run-marathon.2-low-bleu-marine-293-016.webp","contentUrl":"https:\/\/www.miomiorun.com\/app\/uploads\/2025\/01\/bv-sport-Run-marathon.2-low-bleu-marine-293-016.webp","width":600,"height":600,"caption":"bv sport Run marathon.2 low bleu marine 293 016"},{"@type":"BreadcrumbList","@id":"https:\/\/www.miomiorun.com\/de\/produkt\/run-marathon-low\/#breadcrumb","itemListElement":[{"@type":"ListItem","position":1,"name":"Home","item":"https:\/\/www.miomiorun.com\/de\/"},{"@type":"ListItem","position":2,"name":"Shop","item":"https:\/\/www.miomiorun.com\/shop\/"},{"@type":"ListItem","position":3,"name":"RUN MARATHON Low"}]},{"@type":"WebSite","@id":"https:\/\/www.miomiorun.com\/de\/#website","url":"https:\/\/www.miomiorun.com\/de\/","name":"MioMioRun","description":"100% Lauf- und Trailshop","publisher":{"@id":"https:\/\/www.miomiorun.com\/de\/#organization"},"potentialAction":[{"@type":"SearchAction","target":{"@type":"EntryPoint","urlTemplate":"https:\/\/www.miomiorun.com\/de\/?s={search_term_string}"},"query-input":{"@type":"PropertyValueSpecification","valueRequired":true,"valueName":"search_term_string"}}],"inLanguage":"de-DE"},{"@type":"Organization","@id":"https:\/\/www.miomiorun.com\/de\/#organization","name":"MioMio Run","url":"https:\/\/www.miomiorun.com\/de\/","logo":{"@type":"ImageObject","inLanguage":"de-DE","@id":"https:\/\/www.miomiorun.com\/de\/#\/schema\/logo\/image\/","url":"https:\/\/www.miomiorun.com\/app\/uploads\/2019\/12\/logomio.png","contentUrl":"https:\/\/www.miomiorun.com\/app\/uploads\/2019\/12\/logomio.png","width":115,"height":82,"caption":"MioMio Run"},"image":{"@id":"https:\/\/www.miomiorun.com\/de\/#\/schema\/logo\/image\/"},"sameAs":["https:\/\/www.facebook.com\/miomiorun\/","https:\/\/www.instagram.com\/miomiorun\/"]}]}},"_links":{"self":[{"href":"https:\/\/www.miomiorun.com\/de\/wp-json\/wp\/v2\/product\/226802","targetHints":{"allow":["GET"]}}],"collection":[{"href":"https:\/\/www.miomiorun.com\/de\/wp-json\/wp\/v2\/product"}],"about":[{"href":"https:\/\/www.miomiorun.com\/de\/wp-json\/wp\/v2\/types\/product"}],"wp:featuredmedia":[{"embeddable":true,"href":"https:\/\/www.miomiorun.com\/de\/wp-json\/wp\/v2\/media\/226875"}],"wp:attachment":[{"href":"https:\/\/www.miomiorun.com\/de\/wp-json\/wp\/v2\/media?parent=226802"}],"wp:term":[{"taxonomy":"product_brand","embeddable":true,"href":"https:\/\/www.miomiorun.com\/de\/wp-json\/wp\/v2\/product_brand?post=226802"},{"taxonomy":"product_cat","embeddable":true,"href":"https:\/\/www.miomiorun.com\/de\/wp-json\/wp\/v2\/product_cat?post=226802"},{"taxonomy":"product_tag","embeddable":true,"href":"https:\/\/www.miomiorun.com\/de\/wp-json\/wp\/v2\/product_tag?post=226802"}],"curies":[{"name":"wp","href":"https:\/\/api.w.org\/{rel}","templated":true}]}}