{"id":226650,"date":"2025-01-30T10:05:37","date_gmt":"2025-01-30T09:05:37","guid":{"rendered":"https:\/\/miomiorun.com\/?post_type=product&#038;p=226650"},"modified":"2025-01-30T13:59:55","modified_gmt":"2025-01-30T12:59:55","slug":"trail-ultra-c-collector-dbdb","status":"publish","type":"product","link":"https:\/\/www.miomiorun.com\/de\/produkt\/trail-ultra-c-collector-dbdb\/","title":{"rendered":"TRAIL ULTRA-C Collector DBDB"},"content":{"rendered":"<p><div class=\"vc-row container\"><div class=\"vc-column\"><div class=\"vc-column-text\"><\/p>\n<p>Die neue <strong>TRAIL ULTRA DBDB<\/strong> Socke macht dank ihres reflektierenden Fadens Ihre n\u00e4chtlichen Ausritte noch mehr Spa\u00df und sorgt f\u00fcr Sichtbarkeit auf dunklen Wegen.<\/p>\n<p>Die <strong>TRAIL ULTRA-C Collector DBDB<\/strong> Laufsocken werden in Frankreich hergestellt und sind das Ergebnis einer exklusiven Zusammenarbeit mit Des Bosses et Des Bulles.<\/p>\n<p>Diese <strong>technischen, widerstandsf\u00e4higen, komfortablen<\/strong> und extrem verst\u00e4rkten Socken passen sich dem Berglauf auf allen Distanzen an.<\/p>\n<p>Sie verf\u00fcgen \u00fcber gezielte Verst\u00e4rkungen an strategischen Punkten des Fu\u00dfes und eine stabilisierende Kn\u00f6chelunterst\u00fctzung bei optimalem Komfort. Dank der atmungsaktiven, gestrickten Konstruktion leiten sie den Schwei\u00df schnell ab und halten Sie bei Ihren Ausfl\u00fcgen k\u00fchl und trocken.<\/p>\n<div class=\"col-sm-5 col-12\"><\/div>\n<div class=\"col-sm-5 col-12\"><\/div>\n<p>&nbsp;<\/p>\n<p><strong>\u00a0<\/strong><\/div><\/div><\/div><div class=\"vc-row container\"><div class=\"vc-column\"><div class=\"vc-column-text\"><a href=\"https:\/\/miomiorun.com\/wp-content\/uploads\/2024\/05\/bv-sport-Trail-nutri-caratteristiche.webp\"><img loading=\"lazy\" decoding=\"async\" class=\"aligncenter wp-image-170389 size-full\" src=\"https:\/\/miomiorun.com\/wp-content\/uploads\/2024\/05\/bv-sport-Trail-nutri-caratteristiche.webp\" alt=\"\" width=\"600\" height=\"600\" srcset=\"https:\/\/www.miomiorun.com\/app\/uploads\/2024\/05\/bv-sport-Trail-nutri-caratteristiche.webp 600w, https:\/\/www.miomiorun.com\/app\/uploads\/2024\/05\/bv-sport-Trail-nutri-caratteristiche-300x300.webp 300w, https:\/\/www.miomiorun.com\/app\/uploads\/2024\/05\/bv-sport-Trail-nutri-caratteristiche-100x100.webp 100w, https:\/\/www.miomiorun.com\/app\/uploads\/2024\/05\/bv-sport-Trail-nutri-caratteristiche-150x150.webp 150w, https:\/\/www.miomiorun.com\/app\/uploads\/2024\/05\/bv-sport-Trail-nutri-caratteristiche-400x400.webp 400w, https:\/\/www.miomiorun.com\/app\/uploads\/2024\/05\/bv-sport-Trail-nutri-caratteristiche-85x85.webp 85w, https:\/\/www.miomiorun.com\/app\/uploads\/2024\/05\/bv-sport-Trail-nutri-caratteristiche-50x50.webp 50w, https:\/\/www.miomiorun.com\/app\/uploads\/2024\/05\/bv-sport-Trail-nutri-caratteristiche-32x32.webp 32w, https:\/\/www.miomiorun.com\/app\/uploads\/2024\/05\/bv-sport-Trail-nutri-caratteristiche-480x480.webp 480w\" sizes=\"auto, (max-width: 600px) 100vw, 600px\" \/><\/a><\/div><\/div><div class=\"vc-column\"><div class=\"vc-column-text\"><\/p>\n<h2>Technologien:<\/h2>\n<h3>1-Anatomisch 3D-verst\u00e4rkt<\/h3>\n<p>Technik : Kombination aus 2 Arten von Mesh (dick und fein) mit integriertem Kr\u00e4uselband.<\/p>\n<p>Wirkung : Sch\u00fctzt die Kontaktfl\u00e4chen, optimiert die Propriozeption und verbessert die Stabilisierung des Fu\u00dfes.<\/p>\n<p>Vorteile : Reduziert Reibung und W\u00e4rmestau in der Sohle.<\/p>\n<h3>2-Allseitige Unterst\u00fctzung und Stabilisierung von Fu\u00df und Kn\u00f6chel<\/h3>\n<p>Technik : Rippenstrick im Bereich des Sprunggelenks.<\/p>\n<p>Wirkung : St\u00fctzt und stabilisiert den Kn\u00f6chel, ohne ihn zu belasten.<\/p>\n<p>Vorteile : Optimale Unterst\u00fctzung des Kn\u00f6chels w\u00e4hrend des Laufens.<\/p>\n<h3>3-Schutz des Kn\u00f6chelknochens und der Achillessehne<\/h3>\n<p>Technik : Ringgeflecht im Bereich des Kn\u00f6chels und der Achillessehne.<\/p>\n<p>Wirkung : Sch\u00fctzt die empfindlichen Strukturen und absorbiert St\u00f6\u00dfe.<\/p>\n<p>Vorteile : Bietet gezielten Schutz.<\/p>\n<h3>4- Bel\u00fcftetes Netz<\/h3>\n<p>Technik : Leichtes, wabenf\u00f6rmiges Netz auf der Oberseite des Fu\u00dfes.<\/p>\n<p>Wirkung : Beschleunigt die W\u00e4rmeregulierung. Optimale Bel\u00fcftung.<\/p>\n<p>Vorteile : Wirksamer Schwei\u00dftransport.<\/p>\n<h3>5-Fersen- und Zehenverst\u00e4rkung<\/h3>\n<p>Technik : Reibungsfreies Netz im Zehen- und Fersenbereich.<\/p>\n<p>Wirkung : Begrenzt Hitzestau und Reibung an den Fu\u00dfspitzen.<\/p>\n<p>Vorteile : Verbessert den Tragekomfort und verringert die Bildung von Blasen.<\/p>\n<h3>6-Verst\u00e4rkung im Bereich der Schn\u00fcrung<\/h3>\n<p>Technik : Gekr\u00e4useltes Geflecht.<\/p>\n<p>Wirkung: Begrenzt den W\u00e4rmestau auf dem Fu\u00dfr\u00fccken im Kontakt mit dem Schn\u00fcrbereich und der Zunge des Schuhs.<\/p>\n<p>Vorteile : Verbessert den Komfort und begrenzt den Druck durch die Schn\u00fcrung.<\/p>\n<h3>7-Breite Rippe<\/h3>\n<p>Technik : Entlastungsstreifen am oberen Rand der Socke.<\/p>\n<p>Wirkung: H\u00e4lt die Socke wirksam fest, ohne abschn\u00fcrend zu wirken.<\/p>\n<p>Vorteile : Verbessert den Halt des Strumpfes.<\/p>\n<h3>8-Reflektierendes Garn<\/h3>\n<p>Technik: Reflektierendes Garn, das an bestimmten Stellen der Socke eingestrickt ist.<\/p>\n<p>Wirkung: Sorgt f\u00fcr Sichtbarkeit bei n\u00e4chtlichen Fahrten.<\/p>\n<p>Vorteile: Sichtbarkeit und Sicherheit in der Dunkelheit.<\/p>\n<p>&nbsp;<\/p>\n<p><\/div><\/div><\/div><\/p>\n<p>Die <strong>TRAIL ULTRA &#8211; COLLECTOR DBDB<\/strong> Night Fever Socken, die in Frankreich in Zusammenarbeit mit \u201eDes Bosses Des Bulles\u201c hergestellt werden, sind technisch, bequem, widerstandsf\u00e4hig und verst\u00e4rkt und wurden f\u00fcr Trailrunning \u00fcber alle Distanzen entwickelt.<\/p>\n<p>Sie verf\u00fcgen \u00fcber eine ultraverst\u00e4rkte anatomische 3D-Sohle, die die Stabilit\u00e4t des Fu\u00dfes im Schuh verbessert, indem sie ihn vor St\u00f6\u00dfen auf dem Boden sch\u00fctzt.<\/p>\n<p>Die 360\u00b0-St\u00fctzung und Stabilisierung von Fu\u00df und Kn\u00f6chel erm\u00f6glicht es, den Kn\u00f6chel zu halten und gleichzeitig den Fu\u00df im Schuh zu stabilisieren.<\/p>\n<p>Der <strong>TRAIL ULTRA COLLECTOR x DBDB<\/strong> Night Fever verf\u00fcgt \u00fcber gezielte Verst\u00e4rkungen in Bereichen, die zu \u00dcberhitzung neigen oder an strategischen Kontaktpunkten, die in unwegsamem Gel\u00e4nde stark beansprucht werden: Kn\u00f6chel, Achillessehne, Schn\u00fcrung, Ferse und Zehen.<\/p>\n<p>Das leichte Noppengestrick l\u00e4sst den Schwei\u00df bei k\u00f6rperlicher Aktivit\u00e4t schnell abtransportieren, damit Sie m\u00f6glichst lange trocken bleiben.<\/p>\n<p>Der breite Rippenbund verhindert den Garrotteneffekt und h\u00e4lt die Socke effektiv an ihrem Platz.<\/p>\n<p>Die <strong>TRAIL ULTRA COLLECTOR x DBDB<\/strong> Night Fever High Socks haben flache N\u00e4hte, um Scheuerstellen und Fu\u00dfsohlenreizungen zu vermeiden. Sie sind au\u00dferdem asymmetrisch, um sich perfekt an die Anatomie des Fu\u00dfes anzupassen.<\/p>\n<p>Die Farben und die verschiedenen Muster machen sie zu einem idealen Begleiter f\u00fcr Ihren Lebensstil.<\/p>\n<p>Die DBDB Collector Night Fever Socken sind au\u00dferdem mit einem im Dunkeln leuchtenden Faden ausgestattet, der Sie bei Ihren n\u00e4chtlichen Ausfl\u00fcgen sichtbar macht.<\/p>\n<h3>BV SPORT x DBDB<\/h3>\n<p>Es gibt keinen Zufall, nur eine Verabredung.<\/p>\n<p>Die einer Marke aus Saint-Etienne, die sich seit mehr als zwanzig Jahren auf dem Planeten Trail etabliert hat, und eines Designers aus Lyon, Matthieu Forichon, der sie mit Humor und Leichtigkeit in seinen ber\u00fchmten Zeichnungen Des bosses et des bulles darstellt.<\/p>\n<p>Kein Glockengel\u00e4ut, in Trail werden Saint\u00e9 und Lyon mit einem Bindestrich geschrieben, und das nicht nur in einer kalten Dezembernacht!<\/p>\n<p>Diese Zusammenarbeit, die auch den Beginn der Produktion von BV Sport-Socken Made in France markiert, \u00fcbertr\u00e4gt das lustige und unkonventionelle Universum von Des bosses et des bulles auf technische Produkte, die f\u00fcr Trailers bei Rennen und Trainingseinheiten, aber auch im Alltag unverzichtbar sind.<\/p>\n<p>Ausgehend von einer wei\u00dfen Socke hat Matthieu alle Freiheiten, um eine erste Kollektion vorzuschlagen, und es ist ihm gelungen, sie technisch auf unsere Produkte zu \u00fcbertragen, ohne dass die Details und die Raffinesse der Merkmale verloren gingen.<\/p>\n<p>Ein gelungenes Gl\u00fccksspiel. Die Zusammenarbeit <strong>BV SPORT x DBDB<\/strong> ist geboren, und das Abenteuer hat gerade erst begonnen!<\/p>\n<p><\/div><\/div><\/p>\n","protected":false},"excerpt":{"rendered":"<ul>\n<li><strong>Ultra-verst\u00e4rkte anatomische 3D-Sohle:<\/strong> Inspiriert von Autoprofilen, bietet sie optimale Stabilit\u00e4t und Sto\u00dfd\u00e4mpfung.<\/li>\n<li><strong>Stabilisierende Rundum-Unterst\u00fctzung:<\/strong> Stabilisiert Kn\u00f6chel und Fu\u00df und sorgt f\u00fcr Sicherheit auf jedem Terrain.<\/li>\n<li><strong>Atmungsaktives Mesh:<\/strong> Sorgt f\u00fcr einen schnellen Abtransport von Feuchtigkeit und h\u00e4lt die F\u00fc\u00dfe w\u00e4hrend der Aktivit\u00e4t trocken und komfortabel.<\/li>\n<\/ul>\n","protected":false},"featured_media":226601,"template":"","meta":{"_acf_changed":false,"inline_featured_image":false},"product_brand":[],"product_cat":[6540,6514,6401,6402],"product_tag":[15504,15510,15507],"class_list":{"0":"post-226650","1":"product","2":"type-product","3":"status-publish","4":"has-post-thumbnail","6":"product_cat-herrenbekleidung","7":"product_cat-socken","8":"product_cat-damenbekleidung","9":"product_cat-damensocken-de","10":"product_tag-bv-sport-de","11":"product_tag-bv-sport-damen","12":"product_tag-bv-sport-herren","13":"pa_attivita-gehen","14":"pa_attivita-outdoor-de","15":"pa_attivita-running-de","16":"pa_attivita-trail-de","17":"pa_colore-trail-collector-dbdb-beebeer-bleu-de","18":"pa_colore-trail-collector-dbdb-night-fever-de","19":"pa_colore-trail-collector-dbdb-pop-corail-de","20":"pa_colore-trail-collector-dbdb-pop-jaune-de","21":"pa_colore-trail-ultra-2-collector-dbdb-finisher","22":"pa_colore-trail-ultra-2-collector-dbdb-night-fever-de","23":"pa_colore-trail-ultra-2-collector-dbdb-ravito","24":"pa_marca-bv-sport-de","25":"pa_sesso-damen","26":"pa_sesso-herren","27":"pa_size-36-38-de","28":"pa_size-39-41-de","29":"pa_size-42-44-de","30":"pa_size-45-47-de","32":"first","33":"instock","34":"sale","35":"taxable","36":"shipping-taxable","37":"purchasable","38":"product-type-variable","39":"wvs-archive-product-wrapper"},"acf":[],"yoast_head":"<!-- This site is optimized with the Yoast SEO plugin v26.8 - https:\/\/yoast.com\/product\/yoast-seo-wordpress\/ -->\n<title>Bv Sport TRAIL ULTRA-C Collector DBDB - Laufende Socken - MioMioRun .com<\/title>\n<meta name=\"description\" content=\"In Frankreich hergestellte Trailrunning-Socken mit verst\u00e4rkter 3D-Sohle, 360\u00b0 Halt und atmungsaktivem Mesh f\u00fcr optimalen Komfort und Leistung.\" \/>\n<meta name=\"robots\" content=\"index, follow, max-snippet:-1, max-image-preview:large, max-video-preview:-1\" \/>\n<link rel=\"canonical\" href=\"https:\/\/www.miomiorun.com\/de\/produkt\/trail-ultra-c-collector-dbdb\/\" \/>\n<meta property=\"og:locale\" content=\"de_DE\" \/>\n<meta property=\"og:type\" content=\"article\" \/>\n<meta property=\"og:title\" content=\"Bv Sport TRAIL ULTRA-C Collector DBDB - Laufende Socken - MioMioRun .com\" \/>\n<meta property=\"og:description\" content=\"In Frankreich hergestellte Trailrunning-Socken mit verst\u00e4rkter 3D-Sohle, 360\u00b0 Halt und atmungsaktivem Mesh f\u00fcr optimalen Komfort und Leistung.\" \/>\n<meta property=\"og:url\" content=\"https:\/\/www.miomiorun.com\/de\/produkt\/trail-ultra-c-collector-dbdb\/\" \/>\n<meta property=\"og:site_name\" content=\"MioMioRun\" \/>\n<meta property=\"article:publisher\" content=\"https:\/\/www.facebook.com\/miomiorun\/\" \/>\n<meta property=\"article:modified_time\" content=\"2025-01-30T12:59:55+00:00\" \/>\n<meta property=\"og:image\" content=\"https:\/\/www.miomiorun.com\/app\/uploads\/2025\/01\/bv-sport-Trail-collector-DBDB-night-fever-292-042.webp\" \/>\n\t<meta property=\"og:image:width\" content=\"600\" \/>\n\t<meta property=\"og:image:height\" content=\"600\" \/>\n\t<meta property=\"og:image:type\" content=\"image\/webp\" \/>\n<meta name=\"twitter:card\" content=\"summary_large_image\" \/>\n<meta name=\"twitter:label1\" content=\"Est. reading time\" \/>\n\t<meta name=\"twitter:data1\" content=\"4 minutes\" \/>\n<script type=\"application\/ld+json\" class=\"yoast-schema-graph\">{\"@context\":\"https:\/\/schema.org\",\"@graph\":[{\"@type\":\"WebPage\",\"@id\":\"https:\/\/www.miomiorun.com\/de\/produkt\/trail-ultra-c-collector-dbdb\/\",\"url\":\"https:\/\/www.miomiorun.com\/de\/produkt\/trail-ultra-c-collector-dbdb\/\",\"name\":\"Bv Sport TRAIL ULTRA-C Collector DBDB - Laufende Socken - MioMioRun .com\",\"isPartOf\":{\"@id\":\"https:\/\/www.miomiorun.com\/de\/#website\"},\"primaryImageOfPage\":{\"@id\":\"https:\/\/www.miomiorun.com\/de\/produkt\/trail-ultra-c-collector-dbdb\/#primaryimage\"},\"image\":{\"@id\":\"https:\/\/www.miomiorun.com\/de\/produkt\/trail-ultra-c-collector-dbdb\/#primaryimage\"},\"thumbnailUrl\":\"https:\/\/www.miomiorun.com\/app\/uploads\/2025\/01\/bv-sport-Trail-collector-DBDB-night-fever-292-042.webp\",\"datePublished\":\"2025-01-30T09:05:37+00:00\",\"dateModified\":\"2025-01-30T12:59:55+00:00\",\"description\":\"In Frankreich hergestellte Trailrunning-Socken mit verst\u00e4rkter 3D-Sohle, 360\u00b0 Halt und atmungsaktivem Mesh f\u00fcr optimalen Komfort und Leistung.\",\"breadcrumb\":{\"@id\":\"https:\/\/www.miomiorun.com\/de\/produkt\/trail-ultra-c-collector-dbdb\/#breadcrumb\"},\"inLanguage\":\"de-DE\",\"potentialAction\":[{\"@type\":\"ReadAction\",\"target\":[\"https:\/\/www.miomiorun.com\/de\/produkt\/trail-ultra-c-collector-dbdb\/\"]}]},{\"@type\":\"ImageObject\",\"inLanguage\":\"de-DE\",\"@id\":\"https:\/\/www.miomiorun.com\/de\/produkt\/trail-ultra-c-collector-dbdb\/#primaryimage\",\"url\":\"https:\/\/www.miomiorun.com\/app\/uploads\/2025\/01\/bv-sport-Trail-collector-DBDB-night-fever-292-042.webp\",\"contentUrl\":\"https:\/\/www.miomiorun.com\/app\/uploads\/2025\/01\/bv-sport-Trail-collector-DBDB-night-fever-292-042.webp\",\"width\":600,\"height\":600,\"caption\":\"bv sport Trail collector DBDB night fever 292 042\"},{\"@type\":\"BreadcrumbList\",\"@id\":\"https:\/\/www.miomiorun.com\/de\/produkt\/trail-ultra-c-collector-dbdb\/#breadcrumb\",\"itemListElement\":[{\"@type\":\"ListItem\",\"position\":1,\"name\":\"Home\",\"item\":\"https:\/\/www.miomiorun.com\/de\/\"},{\"@type\":\"ListItem\",\"position\":2,\"name\":\"Shop\",\"item\":\"https:\/\/www.miomiorun.com\/shop\/\"},{\"@type\":\"ListItem\",\"position\":3,\"name\":\"TRAIL ULTRA-C Collector DBDB\"}]},{\"@type\":\"WebSite\",\"@id\":\"https:\/\/www.miomiorun.com\/de\/#website\",\"url\":\"https:\/\/www.miomiorun.com\/de\/\",\"name\":\"MioMioRun\",\"description\":\"100% Lauf- und Trailshop\",\"publisher\":{\"@id\":\"https:\/\/www.miomiorun.com\/de\/#organization\"},\"potentialAction\":[{\"@type\":\"SearchAction\",\"target\":{\"@type\":\"EntryPoint\",\"urlTemplate\":\"https:\/\/www.miomiorun.com\/de\/?s={search_term_string}\"},\"query-input\":{\"@type\":\"PropertyValueSpecification\",\"valueRequired\":true,\"valueName\":\"search_term_string\"}}],\"inLanguage\":\"de-DE\"},{\"@type\":\"Organization\",\"@id\":\"https:\/\/www.miomiorun.com\/de\/#organization\",\"name\":\"MioMio Run\",\"url\":\"https:\/\/www.miomiorun.com\/de\/\",\"logo\":{\"@type\":\"ImageObject\",\"inLanguage\":\"de-DE\",\"@id\":\"https:\/\/www.miomiorun.com\/de\/#\/schema\/logo\/image\/\",\"url\":\"https:\/\/www.miomiorun.com\/app\/uploads\/2019\/12\/logomio.png\",\"contentUrl\":\"https:\/\/www.miomiorun.com\/app\/uploads\/2019\/12\/logomio.png\",\"width\":115,\"height\":82,\"caption\":\"MioMio Run\"},\"image\":{\"@id\":\"https:\/\/www.miomiorun.com\/de\/#\/schema\/logo\/image\/\"},\"sameAs\":[\"https:\/\/www.facebook.com\/miomiorun\/\",\"https:\/\/www.instagram.com\/miomiorun\/\"]}]}<\/script>\n<!-- \/ Yoast SEO plugin. -->","yoast_head_json":{"title":"Bv Sport TRAIL ULTRA-C Collector DBDB - Laufende Socken - MioMioRun .com","description":"In Frankreich hergestellte Trailrunning-Socken mit verst\u00e4rkter 3D-Sohle, 360\u00b0 Halt und atmungsaktivem Mesh f\u00fcr optimalen Komfort und Leistung.","robots":{"index":"index","follow":"follow","max-snippet":"max-snippet:-1","max-image-preview":"max-image-preview:large","max-video-preview":"max-video-preview:-1"},"canonical":"https:\/\/www.miomiorun.com\/de\/produkt\/trail-ultra-c-collector-dbdb\/","og_locale":"de_DE","og_type":"article","og_title":"Bv Sport TRAIL ULTRA-C Collector DBDB - Laufende Socken - MioMioRun .com","og_description":"In Frankreich hergestellte Trailrunning-Socken mit verst\u00e4rkter 3D-Sohle, 360\u00b0 Halt und atmungsaktivem Mesh f\u00fcr optimalen Komfort und Leistung.","og_url":"https:\/\/www.miomiorun.com\/de\/produkt\/trail-ultra-c-collector-dbdb\/","og_site_name":"MioMioRun","article_publisher":"https:\/\/www.facebook.com\/miomiorun\/","article_modified_time":"2025-01-30T12:59:55+00:00","og_image":[{"width":600,"height":600,"url":"https:\/\/www.miomiorun.com\/app\/uploads\/2025\/01\/bv-sport-Trail-collector-DBDB-night-fever-292-042.webp","type":"image\/webp"}],"twitter_card":"summary_large_image","twitter_misc":{"Est. reading time":"4 minutes"},"schema":{"@context":"https:\/\/schema.org","@graph":[{"@type":"WebPage","@id":"https:\/\/www.miomiorun.com\/de\/produkt\/trail-ultra-c-collector-dbdb\/","url":"https:\/\/www.miomiorun.com\/de\/produkt\/trail-ultra-c-collector-dbdb\/","name":"Bv Sport TRAIL ULTRA-C Collector DBDB - Laufende Socken - MioMioRun .com","isPartOf":{"@id":"https:\/\/www.miomiorun.com\/de\/#website"},"primaryImageOfPage":{"@id":"https:\/\/www.miomiorun.com\/de\/produkt\/trail-ultra-c-collector-dbdb\/#primaryimage"},"image":{"@id":"https:\/\/www.miomiorun.com\/de\/produkt\/trail-ultra-c-collector-dbdb\/#primaryimage"},"thumbnailUrl":"https:\/\/www.miomiorun.com\/app\/uploads\/2025\/01\/bv-sport-Trail-collector-DBDB-night-fever-292-042.webp","datePublished":"2025-01-30T09:05:37+00:00","dateModified":"2025-01-30T12:59:55+00:00","description":"In Frankreich hergestellte Trailrunning-Socken mit verst\u00e4rkter 3D-Sohle, 360\u00b0 Halt und atmungsaktivem Mesh f\u00fcr optimalen Komfort und Leistung.","breadcrumb":{"@id":"https:\/\/www.miomiorun.com\/de\/produkt\/trail-ultra-c-collector-dbdb\/#breadcrumb"},"inLanguage":"de-DE","potentialAction":[{"@type":"ReadAction","target":["https:\/\/www.miomiorun.com\/de\/produkt\/trail-ultra-c-collector-dbdb\/"]}]},{"@type":"ImageObject","inLanguage":"de-DE","@id":"https:\/\/www.miomiorun.com\/de\/produkt\/trail-ultra-c-collector-dbdb\/#primaryimage","url":"https:\/\/www.miomiorun.com\/app\/uploads\/2025\/01\/bv-sport-Trail-collector-DBDB-night-fever-292-042.webp","contentUrl":"https:\/\/www.miomiorun.com\/app\/uploads\/2025\/01\/bv-sport-Trail-collector-DBDB-night-fever-292-042.webp","width":600,"height":600,"caption":"bv sport Trail collector DBDB night fever 292 042"},{"@type":"BreadcrumbList","@id":"https:\/\/www.miomiorun.com\/de\/produkt\/trail-ultra-c-collector-dbdb\/#breadcrumb","itemListElement":[{"@type":"ListItem","position":1,"name":"Home","item":"https:\/\/www.miomiorun.com\/de\/"},{"@type":"ListItem","position":2,"name":"Shop","item":"https:\/\/www.miomiorun.com\/shop\/"},{"@type":"ListItem","position":3,"name":"TRAIL ULTRA-C Collector DBDB"}]},{"@type":"WebSite","@id":"https:\/\/www.miomiorun.com\/de\/#website","url":"https:\/\/www.miomiorun.com\/de\/","name":"MioMioRun","description":"100% Lauf- und Trailshop","publisher":{"@id":"https:\/\/www.miomiorun.com\/de\/#organization"},"potentialAction":[{"@type":"SearchAction","target":{"@type":"EntryPoint","urlTemplate":"https:\/\/www.miomiorun.com\/de\/?s={search_term_string}"},"query-input":{"@type":"PropertyValueSpecification","valueRequired":true,"valueName":"search_term_string"}}],"inLanguage":"de-DE"},{"@type":"Organization","@id":"https:\/\/www.miomiorun.com\/de\/#organization","name":"MioMio Run","url":"https:\/\/www.miomiorun.com\/de\/","logo":{"@type":"ImageObject","inLanguage":"de-DE","@id":"https:\/\/www.miomiorun.com\/de\/#\/schema\/logo\/image\/","url":"https:\/\/www.miomiorun.com\/app\/uploads\/2019\/12\/logomio.png","contentUrl":"https:\/\/www.miomiorun.com\/app\/uploads\/2019\/12\/logomio.png","width":115,"height":82,"caption":"MioMio Run"},"image":{"@id":"https:\/\/www.miomiorun.com\/de\/#\/schema\/logo\/image\/"},"sameAs":["https:\/\/www.facebook.com\/miomiorun\/","https:\/\/www.instagram.com\/miomiorun\/"]}]}},"_links":{"self":[{"href":"https:\/\/www.miomiorun.com\/de\/wp-json\/wp\/v2\/product\/226650","targetHints":{"allow":["GET"]}}],"collection":[{"href":"https:\/\/www.miomiorun.com\/de\/wp-json\/wp\/v2\/product"}],"about":[{"href":"https:\/\/www.miomiorun.com\/de\/wp-json\/wp\/v2\/types\/product"}],"wp:featuredmedia":[{"embeddable":true,"href":"https:\/\/www.miomiorun.com\/de\/wp-json\/wp\/v2\/media\/226601"}],"wp:attachment":[{"href":"https:\/\/www.miomiorun.com\/de\/wp-json\/wp\/v2\/media?parent=226650"}],"wp:term":[{"taxonomy":"product_brand","embeddable":true,"href":"https:\/\/www.miomiorun.com\/de\/wp-json\/wp\/v2\/product_brand?post=226650"},{"taxonomy":"product_cat","embeddable":true,"href":"https:\/\/www.miomiorun.com\/de\/wp-json\/wp\/v2\/product_cat?post=226650"},{"taxonomy":"product_tag","embeddable":true,"href":"https:\/\/www.miomiorun.com\/de\/wp-json\/wp\/v2\/product_tag?post=226650"}],"curies":[{"name":"wp","href":"https:\/\/api.w.org\/{rel}","templated":true}]}}