{"id":226289,"date":"2025-01-29T11:48:19","date_gmt":"2025-01-29T10:48:19","guid":{"rendered":"https:\/\/miomiorun.com\/?post_type=product&#038;p=226289"},"modified":"2026-02-22T12:33:29","modified_gmt":"2026-02-22T11:33:29","slug":"scr-one","status":"publish","type":"product","link":"https:\/\/www.miomiorun.com\/de\/produkt\/scr-one\/","title":{"rendered":"Scr One"},"content":{"rendered":"<p>Die <strong>SCR ONE SOCK<\/strong> ist ultraleicht und besteht aus atmungsaktivem, leichtem Mesh, das f\u00fcr eine optimale Bel\u00fcftung des Fu\u00dfes w\u00e4hrend des Sports sorgt und gleichzeitig eine sehr schnelle Trocknung gew\u00e4hrleistet.<\/p>\n<p>Die verst\u00e4rkte <strong>anatomische Sohle<\/strong> bietet hervorragenden <strong>Komfort<\/strong> in den Kontaktzonen der Sohle und<strong> Unterst\u00fctzung<\/strong> f\u00fcr die Plantarfaszie.<\/p>\n<p>Verst\u00e4rkungen im Fersen- und Zehenbereich verbessern die D\u00e4mpfung, verringern das Wundscheuern und beugen Blasen vor. Flachn\u00e4hte sorgen f\u00fcr zus\u00e4tzlichen Komfort.<\/p>\n<p>Schlie\u00dflich nimmt der <strong>SCR ONE<\/strong> eine <strong>asymmetrische<\/strong> Struktur an, um die Anatomie zu respektieren und den Komfort zu erh\u00f6hen.<\/p>\n","protected":false},"excerpt":{"rendered":"<p>Die SCR ONE Kurzsocke ist ultraleicht und hat ein atmungsaktives Mesh f\u00fcr optimale Bel\u00fcftung.<br \/>\nDie Fu\u00dfsohle ist anatomisch geformt.<br \/>\nDie Ferse und der Zeh sind verst\u00e4rkt.<\/p>\n","protected":false},"featured_media":226365,"template":"","meta":{"_acf_changed":false,"inline_featured_image":false},"product_brand":[],"product_cat":[6540,6514,6401,6402],"product_tag":[15504,15510,15507],"class_list":{"0":"post-226289","1":"product","2":"type-product","3":"status-publish","4":"has-post-thumbnail","6":"product_cat-herrenbekleidung","7":"product_cat-socken","8":"product_cat-damenbekleidung","9":"product_cat-damensocken-de","10":"product_tag-bv-sport-de","11":"product_tag-bv-sport-damen","12":"product_tag-bv-sport-herren","13":"pa_attivita-fitness-de","14":"pa_attivita-gehen","15":"pa_attivita-running-de","16":"pa_colore-scr-one-3-blanc-de","17":"pa_colore-scr-one-3-bleu-de","18":"pa_colore-scr-one-3-bleu-rose-de","19":"pa_colore-scr-one-3-jaune-de","20":"pa_colore-scr-one-3-noir-de","21":"pa_colore-scr-one-3-noir-bleu-de","22":"pa_colore-scr-one-3-rose-de","23":"pa_colore-scr-one-3-rouge-de","24":"pa_marca-bv-sport-de","25":"pa_sesso-damen","26":"pa_sesso-herren","27":"pa_size-36-38-de","28":"pa_size-39-41-de","29":"pa_size-42-44-de","30":"pa_size-45-47-de","32":"first","33":"instock","34":"sale","35":"taxable","36":"shipping-taxable","37":"purchasable","38":"product-type-variable","39":"wvs-archive-product-wrapper"},"acf":[],"yoast_head":"<!-- This site is optimized with the Yoast SEO plugin v26.8 - https:\/\/yoast.com\/product\/yoast-seo-wordpress\/ -->\n<title>Bv Sport Scr One - Laufsocken - MioMioRun.com<\/title>\n<meta name=\"description\" content=\"Von ganzt\u00e4gigem Komfort bis hin zu garantierter lebenslanger Haltbarkeit - halten Sie Ihre Ziele im Auge und fangen Sie ganz von vorne an.\" \/>\n<meta name=\"robots\" content=\"index, follow, max-snippet:-1, max-image-preview:large, max-video-preview:-1\" \/>\n<link rel=\"canonical\" href=\"https:\/\/www.miomiorun.com\/de\/produkt\/scr-one\/\" \/>\n<meta property=\"og:locale\" content=\"de_DE\" \/>\n<meta property=\"og:type\" content=\"article\" \/>\n<meta property=\"og:title\" content=\"Bv Sport Scr One - Laufsocken - MioMioRun.com\" \/>\n<meta property=\"og:description\" content=\"Von ganzt\u00e4gigem Komfort bis hin zu garantierter lebenslanger Haltbarkeit - halten Sie Ihre Ziele im Auge und fangen Sie ganz von vorne an.\" \/>\n<meta property=\"og:url\" content=\"https:\/\/www.miomiorun.com\/de\/produkt\/scr-one\/\" \/>\n<meta property=\"og:site_name\" content=\"MioMioRun\" \/>\n<meta property=\"article:publisher\" content=\"https:\/\/www.facebook.com\/miomiorun\/\" \/>\n<meta property=\"article:modified_time\" content=\"2026-02-22T11:33:29+00:00\" \/>\n<meta property=\"og:image\" content=\"https:\/\/www.miomiorun.com\/app\/uploads\/2025\/01\/bv-sport-SCR-One.3-noir-bleu-208-017.webp\" \/>\n\t<meta property=\"og:image:width\" content=\"600\" \/>\n\t<meta property=\"og:image:height\" content=\"600\" \/>\n\t<meta property=\"og:image:type\" content=\"image\/webp\" \/>\n<meta name=\"twitter:card\" content=\"summary_large_image\" \/>\n<meta name=\"twitter:label1\" content=\"Est. reading time\" \/>\n\t<meta name=\"twitter:data1\" content=\"1 minute\" \/>\n<script type=\"application\/ld+json\" class=\"yoast-schema-graph\">{\"@context\":\"https:\/\/schema.org\",\"@graph\":[{\"@type\":\"WebPage\",\"@id\":\"https:\/\/www.miomiorun.com\/de\/produkt\/scr-one\/\",\"url\":\"https:\/\/www.miomiorun.com\/de\/produkt\/scr-one\/\",\"name\":\"Bv Sport Scr One - Laufsocken - MioMioRun.com\",\"isPartOf\":{\"@id\":\"https:\/\/www.miomiorun.com\/de\/#website\"},\"primaryImageOfPage\":{\"@id\":\"https:\/\/www.miomiorun.com\/de\/produkt\/scr-one\/#primaryimage\"},\"image\":{\"@id\":\"https:\/\/www.miomiorun.com\/de\/produkt\/scr-one\/#primaryimage\"},\"thumbnailUrl\":\"https:\/\/www.miomiorun.com\/app\/uploads\/2025\/01\/bv-sport-SCR-One.3-noir-bleu-208-017.webp\",\"datePublished\":\"2025-01-29T10:48:19+00:00\",\"dateModified\":\"2026-02-22T11:33:29+00:00\",\"description\":\"Von ganzt\u00e4gigem Komfort bis hin zu garantierter lebenslanger Haltbarkeit - halten Sie Ihre Ziele im Auge und fangen Sie ganz von vorne an.\",\"breadcrumb\":{\"@id\":\"https:\/\/www.miomiorun.com\/de\/produkt\/scr-one\/#breadcrumb\"},\"inLanguage\":\"de-DE\",\"potentialAction\":[{\"@type\":\"ReadAction\",\"target\":[\"https:\/\/www.miomiorun.com\/de\/produkt\/scr-one\/\"]}]},{\"@type\":\"ImageObject\",\"inLanguage\":\"de-DE\",\"@id\":\"https:\/\/www.miomiorun.com\/de\/produkt\/scr-one\/#primaryimage\",\"url\":\"https:\/\/www.miomiorun.com\/app\/uploads\/2025\/01\/bv-sport-SCR-One.3-noir-bleu-208-017.webp\",\"contentUrl\":\"https:\/\/www.miomiorun.com\/app\/uploads\/2025\/01\/bv-sport-SCR-One.3-noir-bleu-208-017.webp\",\"width\":600,\"height\":600,\"caption\":\"bv sport SCR One.3 noir bleu 208 017\"},{\"@type\":\"BreadcrumbList\",\"@id\":\"https:\/\/www.miomiorun.com\/de\/produkt\/scr-one\/#breadcrumb\",\"itemListElement\":[{\"@type\":\"ListItem\",\"position\":1,\"name\":\"Home\",\"item\":\"https:\/\/www.miomiorun.com\/de\/\"},{\"@type\":\"ListItem\",\"position\":2,\"name\":\"Shop\",\"item\":\"https:\/\/www.miomiorun.com\/shop\/\"},{\"@type\":\"ListItem\",\"position\":3,\"name\":\"Scr One\"}]},{\"@type\":\"WebSite\",\"@id\":\"https:\/\/www.miomiorun.com\/de\/#website\",\"url\":\"https:\/\/www.miomiorun.com\/de\/\",\"name\":\"MioMioRun\",\"description\":\"100% Lauf- und Trailshop\",\"publisher\":{\"@id\":\"https:\/\/www.miomiorun.com\/de\/#organization\"},\"potentialAction\":[{\"@type\":\"SearchAction\",\"target\":{\"@type\":\"EntryPoint\",\"urlTemplate\":\"https:\/\/www.miomiorun.com\/de\/?s={search_term_string}\"},\"query-input\":{\"@type\":\"PropertyValueSpecification\",\"valueRequired\":true,\"valueName\":\"search_term_string\"}}],\"inLanguage\":\"de-DE\"},{\"@type\":\"Organization\",\"@id\":\"https:\/\/www.miomiorun.com\/de\/#organization\",\"name\":\"MioMio Run\",\"url\":\"https:\/\/www.miomiorun.com\/de\/\",\"logo\":{\"@type\":\"ImageObject\",\"inLanguage\":\"de-DE\",\"@id\":\"https:\/\/www.miomiorun.com\/de\/#\/schema\/logo\/image\/\",\"url\":\"https:\/\/www.miomiorun.com\/app\/uploads\/2019\/12\/logomio.png\",\"contentUrl\":\"https:\/\/www.miomiorun.com\/app\/uploads\/2019\/12\/logomio.png\",\"width\":115,\"height\":82,\"caption\":\"MioMio Run\"},\"image\":{\"@id\":\"https:\/\/www.miomiorun.com\/de\/#\/schema\/logo\/image\/\"},\"sameAs\":[\"https:\/\/www.facebook.com\/miomiorun\/\",\"https:\/\/www.instagram.com\/miomiorun\/\"]}]}<\/script>\n<!-- \/ Yoast SEO plugin. -->","yoast_head_json":{"title":"Bv Sport Scr One - Laufsocken - MioMioRun.com","description":"Von ganzt\u00e4gigem Komfort bis hin zu garantierter lebenslanger Haltbarkeit - halten Sie Ihre Ziele im Auge und fangen Sie ganz von vorne an.","robots":{"index":"index","follow":"follow","max-snippet":"max-snippet:-1","max-image-preview":"max-image-preview:large","max-video-preview":"max-video-preview:-1"},"canonical":"https:\/\/www.miomiorun.com\/de\/produkt\/scr-one\/","og_locale":"de_DE","og_type":"article","og_title":"Bv Sport Scr One - Laufsocken - MioMioRun.com","og_description":"Von ganzt\u00e4gigem Komfort bis hin zu garantierter lebenslanger Haltbarkeit - halten Sie Ihre Ziele im Auge und fangen Sie ganz von vorne an.","og_url":"https:\/\/www.miomiorun.com\/de\/produkt\/scr-one\/","og_site_name":"MioMioRun","article_publisher":"https:\/\/www.facebook.com\/miomiorun\/","article_modified_time":"2026-02-22T11:33:29+00:00","og_image":[{"width":600,"height":600,"url":"https:\/\/www.miomiorun.com\/app\/uploads\/2025\/01\/bv-sport-SCR-One.3-noir-bleu-208-017.webp","type":"image\/webp"}],"twitter_card":"summary_large_image","twitter_misc":{"Est. reading time":"1 minute"},"schema":{"@context":"https:\/\/schema.org","@graph":[{"@type":"WebPage","@id":"https:\/\/www.miomiorun.com\/de\/produkt\/scr-one\/","url":"https:\/\/www.miomiorun.com\/de\/produkt\/scr-one\/","name":"Bv Sport Scr One - Laufsocken - MioMioRun.com","isPartOf":{"@id":"https:\/\/www.miomiorun.com\/de\/#website"},"primaryImageOfPage":{"@id":"https:\/\/www.miomiorun.com\/de\/produkt\/scr-one\/#primaryimage"},"image":{"@id":"https:\/\/www.miomiorun.com\/de\/produkt\/scr-one\/#primaryimage"},"thumbnailUrl":"https:\/\/www.miomiorun.com\/app\/uploads\/2025\/01\/bv-sport-SCR-One.3-noir-bleu-208-017.webp","datePublished":"2025-01-29T10:48:19+00:00","dateModified":"2026-02-22T11:33:29+00:00","description":"Von ganzt\u00e4gigem Komfort bis hin zu garantierter lebenslanger Haltbarkeit - halten Sie Ihre Ziele im Auge und fangen Sie ganz von vorne an.","breadcrumb":{"@id":"https:\/\/www.miomiorun.com\/de\/produkt\/scr-one\/#breadcrumb"},"inLanguage":"de-DE","potentialAction":[{"@type":"ReadAction","target":["https:\/\/www.miomiorun.com\/de\/produkt\/scr-one\/"]}]},{"@type":"ImageObject","inLanguage":"de-DE","@id":"https:\/\/www.miomiorun.com\/de\/produkt\/scr-one\/#primaryimage","url":"https:\/\/www.miomiorun.com\/app\/uploads\/2025\/01\/bv-sport-SCR-One.3-noir-bleu-208-017.webp","contentUrl":"https:\/\/www.miomiorun.com\/app\/uploads\/2025\/01\/bv-sport-SCR-One.3-noir-bleu-208-017.webp","width":600,"height":600,"caption":"bv sport SCR One.3 noir bleu 208 017"},{"@type":"BreadcrumbList","@id":"https:\/\/www.miomiorun.com\/de\/produkt\/scr-one\/#breadcrumb","itemListElement":[{"@type":"ListItem","position":1,"name":"Home","item":"https:\/\/www.miomiorun.com\/de\/"},{"@type":"ListItem","position":2,"name":"Shop","item":"https:\/\/www.miomiorun.com\/shop\/"},{"@type":"ListItem","position":3,"name":"Scr One"}]},{"@type":"WebSite","@id":"https:\/\/www.miomiorun.com\/de\/#website","url":"https:\/\/www.miomiorun.com\/de\/","name":"MioMioRun","description":"100% Lauf- und Trailshop","publisher":{"@id":"https:\/\/www.miomiorun.com\/de\/#organization"},"potentialAction":[{"@type":"SearchAction","target":{"@type":"EntryPoint","urlTemplate":"https:\/\/www.miomiorun.com\/de\/?s={search_term_string}"},"query-input":{"@type":"PropertyValueSpecification","valueRequired":true,"valueName":"search_term_string"}}],"inLanguage":"de-DE"},{"@type":"Organization","@id":"https:\/\/www.miomiorun.com\/de\/#organization","name":"MioMio Run","url":"https:\/\/www.miomiorun.com\/de\/","logo":{"@type":"ImageObject","inLanguage":"de-DE","@id":"https:\/\/www.miomiorun.com\/de\/#\/schema\/logo\/image\/","url":"https:\/\/www.miomiorun.com\/app\/uploads\/2019\/12\/logomio.png","contentUrl":"https:\/\/www.miomiorun.com\/app\/uploads\/2019\/12\/logomio.png","width":115,"height":82,"caption":"MioMio Run"},"image":{"@id":"https:\/\/www.miomiorun.com\/de\/#\/schema\/logo\/image\/"},"sameAs":["https:\/\/www.facebook.com\/miomiorun\/","https:\/\/www.instagram.com\/miomiorun\/"]}]}},"_links":{"self":[{"href":"https:\/\/www.miomiorun.com\/de\/wp-json\/wp\/v2\/product\/226289","targetHints":{"allow":["GET"]}}],"collection":[{"href":"https:\/\/www.miomiorun.com\/de\/wp-json\/wp\/v2\/product"}],"about":[{"href":"https:\/\/www.miomiorun.com\/de\/wp-json\/wp\/v2\/types\/product"}],"wp:featuredmedia":[{"embeddable":true,"href":"https:\/\/www.miomiorun.com\/de\/wp-json\/wp\/v2\/media\/226365"}],"wp:attachment":[{"href":"https:\/\/www.miomiorun.com\/de\/wp-json\/wp\/v2\/media?parent=226289"}],"wp:term":[{"taxonomy":"product_brand","embeddable":true,"href":"https:\/\/www.miomiorun.com\/de\/wp-json\/wp\/v2\/product_brand?post=226289"},{"taxonomy":"product_cat","embeddable":true,"href":"https:\/\/www.miomiorun.com\/de\/wp-json\/wp\/v2\/product_cat?post=226289"},{"taxonomy":"product_tag","embeddable":true,"href":"https:\/\/www.miomiorun.com\/de\/wp-json\/wp\/v2\/product_tag?post=226289"}],"curies":[{"name":"wp","href":"https:\/\/api.w.org\/{rel}","templated":true}]}}