{"id":225232,"date":"2025-01-21T14:27:39","date_gmt":"2025-01-21T13:27:39","guid":{"rendered":"https:\/\/miomiorun.com\/?post_type=product&#038;p=225232"},"modified":"2026-05-08T22:30:09","modified_gmt":"2026-05-08T20:30:09","slug":"novablast-5-damen","status":"publish","type":"product","link":"https:\/\/www.miomiorun.com\/de\/produkt\/novablast-5-damen\/","title":{"rendered":"Novablast 5 damen"},"content":{"rendered":"<div class=\"vc-row container\"><div class=\"vc-column\"><div class=\"vc-column-text\"><\/p>\n<h4>Technische Daten<\/h4>\n<p>Kategorie: Reaktive D\u00e4mpfung<br \/>\nVersatz: 8 mm<br \/>\nGewicht: 225 g<br \/>\nIdeal f\u00fcr: L\u00e4uferinnen und L\u00e4ufer, die ein leichtes, vielseitiges und schnelles Modell suchen, das Reaktionsfreudigkeit mit Laufkomfort und Weichheit kombiniert, f\u00fcr Aktivit\u00e4ten auf mittleren Distanzen.<br \/>\nGewicht des Athleten: &gt; 50 kg<br \/>\nLauftempo: &gt; 4.30 min\/km<br \/>\n<a href=\"https:\/\/miomiorun.com\/de\/leitfaden-fuer-technische-spezifikationen\/\">Leitfaden f\u00fcr technische Spezifikationen<\/a><\/p>\n<p><\/div><\/div><div class=\"vc-column\"><div class=\"vc-column-text\"><\/p>\n<h2>Der NOVABLAST 5 f\u00fcr Damen ist eine gute Wahl f\u00fcr alle, die einen reaktionsfreudigen Schuh suchen.<\/h2>\n<p>Er wurde entwickelt, um schneller zu laufen, ist leicht und bietet eine bessere Energier\u00fcckgabe als die vorherige Version. Er gibt Ihnen bei jedem Schritt genau die richtige Menge an Energie. Kein Wunder, dass er der Lieblings-Trainingsschuh von Sportlern ist.<\/p>\n<p>Der <strong>FF BLAST MAX<\/strong> Schaumstoff sorgt f\u00fcr ein weicheres, energiegeladeneres Lauferlebnis und bietet dank seiner vom Trampolin inspirierten Laufsohle mehr Schwung. Sein einzigartiges Design, die perfekte Passform und die Zwischensohle sorgen f\u00fcr eine h\u00f6here Energier\u00fcckgabe w\u00e4hrend des Laufs.<\/p>\n<h3>Was macht den NOVABLAST 5 noch reaktionsfreudiger?<\/h3>\n<ul>\n<li>Der FF BLAST MAX-Schaumstoff sorgt f\u00fcr ein weicheres, dynamischeres Lauferlebnis.<\/li>\n<li>Das vom Trampolin inspirierte Laufsohlendesign sorgt f\u00fcr zus\u00e4tzlichen Schwung.<\/li>\n<li>Die Zwischensohle und das einzigartige geometrische Design sorgen f\u00fcr zus\u00e4tzliche Energier\u00fcckgabe.<\/li>\n<\/ul>\n<h3>Welche weiteren Eigenschaften machen den NOVABLAST 5 zur idealen Wahl?<\/h3>\n<p>Bei der Entwicklung dieses Schuhs stand die Energier\u00fcckgabe im Vordergrund. Der NOVABLAST 5 verf\u00fcgt \u00fcber zus\u00e4tzliche technische Eigenschaften, die Sie bei Ihrem Lauf unterst\u00fctzen.<\/p>\n<h2>Technologie und Eigenschaften<\/h2>\n<p><strong>FF BLAST MAX-Schaumstoff<\/strong><\/p>\n<p>Bietet eine leichte, hochwertige D\u00e4mpfung f\u00fcr verbesserten Komfort und energischen R\u00fcckprall bei jedem Schritt.<\/p>\n<p><strong>Trampolin-inspirierte Au\u00dfensohle<\/strong><\/p>\n<p>Sorgt f\u00fcr einen reaktionsfreudigeren R\u00fccksto\u00df.<\/p>\n<p><strong>Zwischensohle und exklusives geometrisches Design<\/strong><\/p>\n<p>Sorgt f\u00fcr zus\u00e4tzliche Energier\u00fcckgabe.<\/p>\n<p><strong>Einfach zu tragen<\/strong><\/p>\n<p>Fersenlaschen erleichtern das An- und Ausziehen der Schuhe.<\/p>\n<p><strong>Laufsohle aus AHAR LOW HARDNESS Material<\/strong><\/p>\n<p>Erh\u00f6ht die Verschlei\u00dffestigkeit.<\/p>\n<p><strong>Obermaterial aus verst\u00e4rktem Jacquard-Mesh<\/strong><\/p>\n<p>Verbessert die Atmungsaktivit\u00e4t f\u00fcr mehr Frische und Komfort bei jedem Lauf.<\/p>\n<p><strong>Zungenfalten-System<\/strong><\/p>\n<p>Verbessert die Stabilit\u00e4t im Mittelfu\u00dfbereich und verhindert ein Verrutschen der Zunge.<\/p>\n<p><strong>Kleine reflektierende Details<\/strong><\/p>\n<p>Verbessert die Sichtbarkeit bei schlechten Lichtverh\u00e4ltnissen.<\/p>\n<p><strong>Mit Blick auf die Umwelt entwickelt<\/strong><\/p>\n<p>Das Obermaterial des Schuhs besteht zu mindestens 79 % aus recycelten Materialien. Die Einlegesohle, die Zehenbox, die \u00d6sen, die Zunge und das Kragenfutter sind aus recycelten Materialien hergestellt.<\/div><\/div><\/div>\n","protected":false},"excerpt":{"rendered":"<ul>\n<li>Entwickelt, um schneller zu laufen.<\/li>\n<li>Ideal f\u00fcr schnelle L\u00e4ufer.<\/li>\n<li>Perfekt f\u00fcr das Training.<\/li>\n<\/ul>\n","protected":false},"featured_media":405980,"template":"","meta":{"_acf_changed":false,"inline_featured_image":false},"product_brand":[],"product_cat":[6474,6475],"product_tag":[3404,6201],"class_list":{"0":"post-225232","1":"product","2":"type-product","3":"status-publish","4":"has-post-thumbnail","6":"product_cat-damenschuhe","7":"product_cat-neutral","8":"product_tag-asics-de","9":"product_tag-asics-damen-de","10":"pa_attivita-running-de","11":"pa_colore-novablast-5-w-black-pearl-pink-de","12":"pa_colore-novablast-5-w-sky-digital-sakura","13":"pa_marca-asics-de","14":"pa_sesso-damen","15":"pa_size-37-5-de","16":"pa_size-39-de","17":"pa_size-39-5-de","18":"pa_size-40-de","19":"pa_size-40-5-de","20":"pa_size-41-5-de","22":"first","23":"instock","24":"sale","25":"taxable","26":"shipping-taxable","27":"purchasable","28":"product-type-variable","29":"wvs-archive-product-wrapper"},"acf":[],"yoast_head":"<!-- This site is optimized with the Yoast SEO plugin v26.8 - https:\/\/yoast.com\/product\/yoast-seo-wordpress\/ -->\n<title>Asics Novablast 5 damen - Laufschuhe - MioMioRun.com<\/title>\n<meta name=\"description\" content=\"Novablast 5 wurde entwickelt, um schneller zu laufen, ist leicht und bietet eine bessere Energier\u00fcckgabe als sein Vorg\u00e4nger.\" \/>\n<meta name=\"robots\" content=\"index, follow, max-snippet:-1, max-image-preview:large, max-video-preview:-1\" \/>\n<link rel=\"canonical\" href=\"https:\/\/www.miomiorun.com\/de\/produkt\/novablast-5-damen\/\" \/>\n<meta property=\"og:locale\" content=\"de_DE\" \/>\n<meta property=\"og:type\" content=\"article\" \/>\n<meta property=\"og:title\" content=\"Asics Novablast 5 damen - Laufschuhe - MioMioRun.com\" \/>\n<meta property=\"og:description\" content=\"Novablast 5 wurde entwickelt, um schneller zu laufen, ist leicht und bietet eine bessere Energier\u00fcckgabe als sein Vorg\u00e4nger.\" \/>\n<meta property=\"og:url\" content=\"https:\/\/www.miomiorun.com\/de\/produkt\/novablast-5-damen\/\" \/>\n<meta property=\"og:site_name\" content=\"MioMioRun\" \/>\n<meta property=\"article:publisher\" content=\"https:\/\/www.facebook.com\/miomiorun\/\" \/>\n<meta property=\"article:modified_time\" content=\"2026-05-08T20:30:09+00:00\" \/>\n<meta property=\"og:image\" content=\"https:\/\/www.miomiorun.com\/app\/uploads\/2026\/02\/asics-Novablast-5-W-sky-digital-sakura-1012B989-400.webp\" \/>\n\t<meta property=\"og:image:width\" content=\"720\" \/>\n\t<meta property=\"og:image:height\" content=\"720\" \/>\n\t<meta property=\"og:image:type\" content=\"image\/webp\" \/>\n<meta name=\"twitter:card\" content=\"summary_large_image\" \/>\n<meta name=\"twitter:label1\" content=\"Est. reading time\" \/>\n\t<meta name=\"twitter:data1\" content=\"2 minutes\" \/>\n<script type=\"application\/ld+json\" class=\"yoast-schema-graph\">{\"@context\":\"https:\/\/schema.org\",\"@graph\":[{\"@type\":\"WebPage\",\"@id\":\"https:\/\/www.miomiorun.com\/de\/produkt\/novablast-5-damen\/\",\"url\":\"https:\/\/www.miomiorun.com\/de\/produkt\/novablast-5-damen\/\",\"name\":\"Asics Novablast 5 damen - Laufschuhe - MioMioRun.com\",\"isPartOf\":{\"@id\":\"https:\/\/www.miomiorun.com\/de\/#website\"},\"primaryImageOfPage\":{\"@id\":\"https:\/\/www.miomiorun.com\/de\/produkt\/novablast-5-damen\/#primaryimage\"},\"image\":{\"@id\":\"https:\/\/www.miomiorun.com\/de\/produkt\/novablast-5-damen\/#primaryimage\"},\"thumbnailUrl\":\"https:\/\/www.miomiorun.com\/app\/uploads\/2026\/02\/asics-Novablast-5-W-sky-digital-sakura-1012B989-400.webp\",\"datePublished\":\"2025-01-21T13:27:39+00:00\",\"dateModified\":\"2026-05-08T20:30:09+00:00\",\"description\":\"Novablast 5 wurde entwickelt, um schneller zu laufen, ist leicht und bietet eine bessere Energier\u00fcckgabe als sein Vorg\u00e4nger.\",\"breadcrumb\":{\"@id\":\"https:\/\/www.miomiorun.com\/de\/produkt\/novablast-5-damen\/#breadcrumb\"},\"inLanguage\":\"de-DE\",\"potentialAction\":[{\"@type\":\"ReadAction\",\"target\":[\"https:\/\/www.miomiorun.com\/de\/produkt\/novablast-5-damen\/\"]}]},{\"@type\":\"ImageObject\",\"inLanguage\":\"de-DE\",\"@id\":\"https:\/\/www.miomiorun.com\/de\/produkt\/novablast-5-damen\/#primaryimage\",\"url\":\"https:\/\/www.miomiorun.com\/app\/uploads\/2026\/02\/asics-Novablast-5-W-sky-digital-sakura-1012B989-400.webp\",\"contentUrl\":\"https:\/\/www.miomiorun.com\/app\/uploads\/2026\/02\/asics-Novablast-5-W-sky-digital-sakura-1012B989-400.webp\",\"width\":720,\"height\":720,\"caption\":\"asics Novablast 5 W sky digital sakura 1012B989 400\"},{\"@type\":\"BreadcrumbList\",\"@id\":\"https:\/\/www.miomiorun.com\/de\/produkt\/novablast-5-damen\/#breadcrumb\",\"itemListElement\":[{\"@type\":\"ListItem\",\"position\":1,\"name\":\"Home\",\"item\":\"https:\/\/www.miomiorun.com\/de\/\"},{\"@type\":\"ListItem\",\"position\":2,\"name\":\"Shop\",\"item\":\"https:\/\/www.miomiorun.com\/shop\/\"},{\"@type\":\"ListItem\",\"position\":3,\"name\":\"Novablast 5 damen\"}]},{\"@type\":\"WebSite\",\"@id\":\"https:\/\/www.miomiorun.com\/de\/#website\",\"url\":\"https:\/\/www.miomiorun.com\/de\/\",\"name\":\"MioMioRun\",\"description\":\"100% Lauf- und Trailshop\",\"publisher\":{\"@id\":\"https:\/\/www.miomiorun.com\/de\/#organization\"},\"potentialAction\":[{\"@type\":\"SearchAction\",\"target\":{\"@type\":\"EntryPoint\",\"urlTemplate\":\"https:\/\/www.miomiorun.com\/de\/?s={search_term_string}\"},\"query-input\":{\"@type\":\"PropertyValueSpecification\",\"valueRequired\":true,\"valueName\":\"search_term_string\"}}],\"inLanguage\":\"de-DE\"},{\"@type\":\"Organization\",\"@id\":\"https:\/\/www.miomiorun.com\/de\/#organization\",\"name\":\"MioMio Run\",\"url\":\"https:\/\/www.miomiorun.com\/de\/\",\"logo\":{\"@type\":\"ImageObject\",\"inLanguage\":\"de-DE\",\"@id\":\"https:\/\/www.miomiorun.com\/de\/#\/schema\/logo\/image\/\",\"url\":\"https:\/\/www.miomiorun.com\/app\/uploads\/2019\/12\/logomio.png\",\"contentUrl\":\"https:\/\/www.miomiorun.com\/app\/uploads\/2019\/12\/logomio.png\",\"width\":115,\"height\":82,\"caption\":\"MioMio Run\"},\"image\":{\"@id\":\"https:\/\/www.miomiorun.com\/de\/#\/schema\/logo\/image\/\"},\"sameAs\":[\"https:\/\/www.facebook.com\/miomiorun\/\",\"https:\/\/www.instagram.com\/miomiorun\/\"]}]}<\/script>\n<!-- \/ Yoast SEO plugin. -->","yoast_head_json":{"title":"Asics Novablast 5 damen - Laufschuhe - MioMioRun.com","description":"Novablast 5 wurde entwickelt, um schneller zu laufen, ist leicht und bietet eine bessere Energier\u00fcckgabe als sein Vorg\u00e4nger.","robots":{"index":"index","follow":"follow","max-snippet":"max-snippet:-1","max-image-preview":"max-image-preview:large","max-video-preview":"max-video-preview:-1"},"canonical":"https:\/\/www.miomiorun.com\/de\/produkt\/novablast-5-damen\/","og_locale":"de_DE","og_type":"article","og_title":"Asics Novablast 5 damen - Laufschuhe - MioMioRun.com","og_description":"Novablast 5 wurde entwickelt, um schneller zu laufen, ist leicht und bietet eine bessere Energier\u00fcckgabe als sein Vorg\u00e4nger.","og_url":"https:\/\/www.miomiorun.com\/de\/produkt\/novablast-5-damen\/","og_site_name":"MioMioRun","article_publisher":"https:\/\/www.facebook.com\/miomiorun\/","article_modified_time":"2026-05-08T20:30:09+00:00","og_image":[{"width":720,"height":720,"url":"https:\/\/www.miomiorun.com\/app\/uploads\/2026\/02\/asics-Novablast-5-W-sky-digital-sakura-1012B989-400.webp","type":"image\/webp"}],"twitter_card":"summary_large_image","twitter_misc":{"Est. reading time":"2 minutes"},"schema":{"@context":"https:\/\/schema.org","@graph":[{"@type":"WebPage","@id":"https:\/\/www.miomiorun.com\/de\/produkt\/novablast-5-damen\/","url":"https:\/\/www.miomiorun.com\/de\/produkt\/novablast-5-damen\/","name":"Asics Novablast 5 damen - Laufschuhe - MioMioRun.com","isPartOf":{"@id":"https:\/\/www.miomiorun.com\/de\/#website"},"primaryImageOfPage":{"@id":"https:\/\/www.miomiorun.com\/de\/produkt\/novablast-5-damen\/#primaryimage"},"image":{"@id":"https:\/\/www.miomiorun.com\/de\/produkt\/novablast-5-damen\/#primaryimage"},"thumbnailUrl":"https:\/\/www.miomiorun.com\/app\/uploads\/2026\/02\/asics-Novablast-5-W-sky-digital-sakura-1012B989-400.webp","datePublished":"2025-01-21T13:27:39+00:00","dateModified":"2026-05-08T20:30:09+00:00","description":"Novablast 5 wurde entwickelt, um schneller zu laufen, ist leicht und bietet eine bessere Energier\u00fcckgabe als sein Vorg\u00e4nger.","breadcrumb":{"@id":"https:\/\/www.miomiorun.com\/de\/produkt\/novablast-5-damen\/#breadcrumb"},"inLanguage":"de-DE","potentialAction":[{"@type":"ReadAction","target":["https:\/\/www.miomiorun.com\/de\/produkt\/novablast-5-damen\/"]}]},{"@type":"ImageObject","inLanguage":"de-DE","@id":"https:\/\/www.miomiorun.com\/de\/produkt\/novablast-5-damen\/#primaryimage","url":"https:\/\/www.miomiorun.com\/app\/uploads\/2026\/02\/asics-Novablast-5-W-sky-digital-sakura-1012B989-400.webp","contentUrl":"https:\/\/www.miomiorun.com\/app\/uploads\/2026\/02\/asics-Novablast-5-W-sky-digital-sakura-1012B989-400.webp","width":720,"height":720,"caption":"asics Novablast 5 W sky digital sakura 1012B989 400"},{"@type":"BreadcrumbList","@id":"https:\/\/www.miomiorun.com\/de\/produkt\/novablast-5-damen\/#breadcrumb","itemListElement":[{"@type":"ListItem","position":1,"name":"Home","item":"https:\/\/www.miomiorun.com\/de\/"},{"@type":"ListItem","position":2,"name":"Shop","item":"https:\/\/www.miomiorun.com\/shop\/"},{"@type":"ListItem","position":3,"name":"Novablast 5 damen"}]},{"@type":"WebSite","@id":"https:\/\/www.miomiorun.com\/de\/#website","url":"https:\/\/www.miomiorun.com\/de\/","name":"MioMioRun","description":"100% Lauf- und Trailshop","publisher":{"@id":"https:\/\/www.miomiorun.com\/de\/#organization"},"potentialAction":[{"@type":"SearchAction","target":{"@type":"EntryPoint","urlTemplate":"https:\/\/www.miomiorun.com\/de\/?s={search_term_string}"},"query-input":{"@type":"PropertyValueSpecification","valueRequired":true,"valueName":"search_term_string"}}],"inLanguage":"de-DE"},{"@type":"Organization","@id":"https:\/\/www.miomiorun.com\/de\/#organization","name":"MioMio Run","url":"https:\/\/www.miomiorun.com\/de\/","logo":{"@type":"ImageObject","inLanguage":"de-DE","@id":"https:\/\/www.miomiorun.com\/de\/#\/schema\/logo\/image\/","url":"https:\/\/www.miomiorun.com\/app\/uploads\/2019\/12\/logomio.png","contentUrl":"https:\/\/www.miomiorun.com\/app\/uploads\/2019\/12\/logomio.png","width":115,"height":82,"caption":"MioMio Run"},"image":{"@id":"https:\/\/www.miomiorun.com\/de\/#\/schema\/logo\/image\/"},"sameAs":["https:\/\/www.facebook.com\/miomiorun\/","https:\/\/www.instagram.com\/miomiorun\/"]}]}},"_links":{"self":[{"href":"https:\/\/www.miomiorun.com\/de\/wp-json\/wp\/v2\/product\/225232","targetHints":{"allow":["GET"]}}],"collection":[{"href":"https:\/\/www.miomiorun.com\/de\/wp-json\/wp\/v2\/product"}],"about":[{"href":"https:\/\/www.miomiorun.com\/de\/wp-json\/wp\/v2\/types\/product"}],"wp:featuredmedia":[{"embeddable":true,"href":"https:\/\/www.miomiorun.com\/de\/wp-json\/wp\/v2\/media\/405980"}],"wp:attachment":[{"href":"https:\/\/www.miomiorun.com\/de\/wp-json\/wp\/v2\/media?parent=225232"}],"wp:term":[{"taxonomy":"product_brand","embeddable":true,"href":"https:\/\/www.miomiorun.com\/de\/wp-json\/wp\/v2\/product_brand?post=225232"},{"taxonomy":"product_cat","embeddable":true,"href":"https:\/\/www.miomiorun.com\/de\/wp-json\/wp\/v2\/product_cat?post=225232"},{"taxonomy":"product_tag","embeddable":true,"href":"https:\/\/www.miomiorun.com\/de\/wp-json\/wp\/v2\/product_tag?post=225232"}],"curies":[{"name":"wp","href":"https:\/\/api.w.org\/{rel}","templated":true}]}}