{"id":225173,"date":"2025-01-21T14:17:45","date_gmt":"2025-01-21T13:17:45","guid":{"rendered":"https:\/\/miomiorun.com\/?post_type=product&#038;p=225173"},"modified":"2025-04-03T17:01:42","modified_gmt":"2025-04-03T15:01:42","slug":"novablast-5-herren","status":"publish","type":"product","link":"https:\/\/www.miomiorun.com\/de\/produkt\/novablast-5-herren\/","title":{"rendered":"Novablast 5 herren"},"content":{"rendered":"<div class=\"vc-row container\"><div class=\"vc-column\"><div class=\"vc-column-text\"><\/p>\n<h4>Technische Daten<\/h4>\n<p>Kategorie: Reaktive D\u00e4mpfung<br \/>\nOffset: 8 mm<br \/>\nGewicht: 255 g<br \/>\nIdeal f\u00fcr: L\u00e4ufer, die ein leichtes, vielseitiges und schnelles Modell suchen, das Reaktivit\u00e4t mit Leichtigkeit und weichem Halt kombiniert, f\u00fcr Aktivit\u00e4ten auf mittleren Strecken.<br \/>\nGewicht des Athleten: &lt; 70 kg<br \/>\nLauftempo: &lt; 4,30 min\/km<br \/>\n<a href=\"https:\/\/miomiorun.com\/de\/leitfaden-fuer-technische-spezifikationen\/\">Spezifikation<\/a><\/p>\n<p><\/div><\/div><div class=\"vc-column\"><div class=\"vc-column-text\"><\/p>\n<h2 style=\"text-align: center;\"><strong>Der NOVABLAST 5 f\u00fcr Herren ist eine gute Wahl f\u00fcr alle, die einen reaktionsfreudigen Schuh suchen. <\/strong><\/h2>\n<p>Er wurde entwickelt, um schneller zu laufen, ist leicht und bietet eine bessere Energier\u00fcckgabe als die vorherige Version. Er gibt dir bei jedem Schritt die richtige Menge an Energie. Kein Wunder, dass er der Lieblings-Trainingsschuh von Sportlern ist.<\/p>\n<p>Der <strong>FF BLAST MAX<\/strong> Schaumstoff sorgt f\u00fcr ein weicheres, energiegeladeneres Lauferlebnis und bietet dank seiner vom Trampolin inspirierten Au\u00dfensohle mehr Schwung. Sein einzigartiges Design, die perfekte Passform und die Zwischensohle sorgen f\u00fcr eine bessere Energier\u00fcckgabe w\u00e4hrend des Laufs.<\/p>\n<h3>Was macht den NOVABLAST 5 reaktionsfreudiger?<\/h3>\n<ul>\n<li>Der FF BLAST MAX-Schaumstoff sorgt f\u00fcr ein weicheres, dynamischeres Lauferlebnis.<\/li>\n<li>Das vom Trampolin inspirierte Laufsohlendesign sorgt f\u00fcr zus\u00e4tzlichen Schwung.<\/li>\n<li>Die Zwischensohle und das einzigartige geometrische Design sorgen f\u00fcr zus\u00e4tzliche Energier\u00fcckgabe.<\/li>\n<\/ul>\n<h3><strong>Welche weiteren Eigenschaften machen den NOVABLAST 5 zur <\/strong> <strong>idealen Wahl?<\/strong><\/h3>\n<p>Bei der Entwicklung dieses Schuhs stand die Energier\u00fcckgabe im Vordergrund. Der NOVABLAST 5 verf\u00fcgt \u00fcber zus\u00e4tzliche technische Eigenschaften, die Sie bei Ihrem Lauf unterst\u00fctzen.<\/p>\n<h2 style=\"text-align: center;\">Technologie und Eigenschaften<\/h2>\n<div class=\"product-features-section\">\n<ul>\n<li class=\"small-reg\">\n<div class=\"small-bold\"><strong>FF BLAST MAX-Schaumstoff<\/strong><\/div>\n<p>Bietet hochwertige, leichte D\u00e4mpfung f\u00fcr verbesserten Komfort und energischen R\u00fcckprall bei jedem Schritt.<\/li>\n<li class=\"small-reg\">\n<div class=\"small-bold\"><strong>Trampolin-inspirierte Au\u00dfensohle<\/strong><\/div>\n<p>Sorgt f\u00fcr einen reaktionsfreudigeren R\u00fccksto\u00df.<\/li>\n<li class=\"small-reg\">\n<div class=\"small-bold\"><strong>Zwischensohle und exklusives geometrisches Design<\/strong><\/div>\n<p>Sorgt f\u00fcr zus\u00e4tzliche Energier\u00fcckgabe<\/li>\n<li class=\"small-reg\">\n<div class=\"small-bold\"><strong>Leichtes Anziehen<\/strong><\/div>\n<p>Laschen an der Ferse erleichtern das An- und Ausziehen der Schuhe.<\/li>\n<li class=\"small-reg\">\n<div class=\"small-bold\"><strong>Laufsohle aus AHAR LOW HARDNESS Material<\/strong><\/div>\n<p>Erh\u00f6ht die Verschlei\u00dffestigkeit.<\/li>\n<li class=\"small-reg\">\n<div class=\"small-bold\"><strong>Obermaterial aus verst\u00e4rktem Jacquard-Mesh<\/strong><\/div>\n<p>Verbessert die Atmungsaktivit\u00e4t f\u00fcr mehr Frische und Komfort bei jedem Lauf.<\/li>\n<li class=\"small-reg\">\n<div class=\"small-bold\"><strong>Zungenfalten-System<\/strong><\/div>\n<p>Verbessert die Stabilit\u00e4t des Mittelfu\u00dfes und verhindert ein Verrutschen der Zunge.<\/li>\n<li class=\"small-reg\">\n<div class=\"small-bold\"><strong>Kleine reflektierende Details<\/strong><\/div>\n<p>Sie verbessern die Sichtbarkeit bei schlechten Lichtverh\u00e4ltnissen.<\/li>\n<li class=\"small-reg\">\n<div class=\"small-bold\"><strong>Mit Blick auf die Umwelt entwickelt<\/strong><\/div>\n<p>Das Obermaterial des Schuhs besteht zu mindestens 79 % aus recycelten Materialien, die Einlegesohle, die Zehenbox, die \u00d6sen, die Zunge und das Kragenfutter sind ebenfalls aus recycelten Materialien hergestellt.<\/li>\n<\/ul>\n<\/div>\n<p><\/div><\/div><\/div>\n","protected":false},"excerpt":{"rendered":"<ul>\n<li>Entwickelt, um schneller zu laufen.<\/li>\n<li>Ideal f\u00fcr schnelle L\u00e4ufer.<\/li>\n<li>Perfekt f\u00fcr das Training.<\/li>\n<\/ul>\n","protected":false},"featured_media":377893,"template":"","meta":{"_acf_changed":false,"inline_featured_image":false},"product_brand":[],"product_cat":[6507,6506],"product_tag":[3404,6202],"class_list":{"0":"post-225173","1":"product","2":"type-product","3":"status-publish","4":"has-post-thumbnail","6":"product_cat-herren-schuhe-de","7":"product_cat-neutrale-herren-schuhe-de","8":"product_tag-asics-de","9":"product_tag-asics-herren-de","10":"pa_attivita-running-de","11":"pa_colore-novablast-5-gravel-white-de","12":"pa_colore-novablast-5-sky-lemon-spark","13":"pa_colore-novablast-5-vital-green-black","14":"pa_marca-asics-de","15":"pa_sesso-herren","16":"pa_size-41-5-de","17":"pa_size-42-de","18":"pa_size-42-5-de","19":"pa_size-43-5-de","20":"pa_size-44-de","21":"pa_size-44-5-de","22":"pa_size-45-de","23":"pa_size-46-de","24":"pa_size-46-5-de","26":"first","27":"instock","28":"sale","29":"taxable","30":"shipping-taxable","31":"purchasable","32":"product-type-variable","33":"wvs-archive-product-wrapper"},"acf":[],"yoast_head":"<!-- This site is optimized with the Yoast SEO plugin v26.8 - https:\/\/yoast.com\/product\/yoast-seo-wordpress\/ -->\n<title>AsicsNovablast 5 herren - Herren-Laufschuhe - MioMioRun.com<\/title>\n<meta name=\"description\" content=\"Novablast 5 wurde entwickelt, um schneller zu laufen, ist leicht und bietet eine bessere Energier\u00fcckgabe als sein Vorg\u00e4nger.\" \/>\n<meta name=\"robots\" content=\"index, follow, max-snippet:-1, max-image-preview:large, max-video-preview:-1\" \/>\n<link rel=\"canonical\" href=\"https:\/\/www.miomiorun.com\/de\/produkt\/novablast-5-herren\/\" \/>\n<meta property=\"og:locale\" content=\"de_DE\" \/>\n<meta property=\"og:type\" content=\"article\" \/>\n<meta property=\"og:title\" content=\"AsicsNovablast 5 herren - Herren-Laufschuhe - MioMioRun.com\" \/>\n<meta property=\"og:description\" content=\"Novablast 5 wurde entwickelt, um schneller zu laufen, ist leicht und bietet eine bessere Energier\u00fcckgabe als sein Vorg\u00e4nger.\" \/>\n<meta property=\"og:url\" content=\"https:\/\/www.miomiorun.com\/de\/produkt\/novablast-5-herren\/\" \/>\n<meta property=\"og:site_name\" content=\"MioMioRun\" \/>\n<meta property=\"article:publisher\" content=\"https:\/\/www.facebook.com\/miomiorun\/\" \/>\n<meta property=\"article:modified_time\" content=\"2025-04-03T15:01:42+00:00\" \/>\n<meta property=\"og:image\" content=\"https:\/\/www.miomiorun.com\/app\/uploads\/2025\/02\/asics-NOVABLAST-5-BLACK-WHITE-1011B974-001.webp\" \/>\n\t<meta property=\"og:image:width\" content=\"600\" \/>\n\t<meta property=\"og:image:height\" content=\"600\" \/>\n\t<meta property=\"og:image:type\" content=\"image\/webp\" \/>\n<meta name=\"twitter:card\" content=\"summary_large_image\" \/>\n<meta name=\"twitter:label1\" content=\"Est. reading time\" \/>\n\t<meta name=\"twitter:data1\" content=\"2 minutes\" \/>\n<script type=\"application\/ld+json\" class=\"yoast-schema-graph\">{\"@context\":\"https:\/\/schema.org\",\"@graph\":[{\"@type\":\"WebPage\",\"@id\":\"https:\/\/www.miomiorun.com\/de\/produkt\/novablast-5-herren\/\",\"url\":\"https:\/\/www.miomiorun.com\/de\/produkt\/novablast-5-herren\/\",\"name\":\"AsicsNovablast 5 herren - Herren-Laufschuhe - MioMioRun.com\",\"isPartOf\":{\"@id\":\"https:\/\/www.miomiorun.com\/de\/#website\"},\"primaryImageOfPage\":{\"@id\":\"https:\/\/www.miomiorun.com\/de\/produkt\/novablast-5-herren\/#primaryimage\"},\"image\":{\"@id\":\"https:\/\/www.miomiorun.com\/de\/produkt\/novablast-5-herren\/#primaryimage\"},\"thumbnailUrl\":\"https:\/\/www.miomiorun.com\/app\/uploads\/2025\/12\/asics-Novablast-5-gravel-white-1011B974-020.webp\",\"datePublished\":\"2025-01-21T13:17:45+00:00\",\"dateModified\":\"2025-04-03T15:01:42+00:00\",\"description\":\"Novablast 5 wurde entwickelt, um schneller zu laufen, ist leicht und bietet eine bessere Energier\u00fcckgabe als sein Vorg\u00e4nger.\",\"breadcrumb\":{\"@id\":\"https:\/\/www.miomiorun.com\/de\/produkt\/novablast-5-herren\/#breadcrumb\"},\"inLanguage\":\"de-DE\",\"potentialAction\":[{\"@type\":\"ReadAction\",\"target\":[\"https:\/\/www.miomiorun.com\/de\/produkt\/novablast-5-herren\/\"]}]},{\"@type\":\"ImageObject\",\"inLanguage\":\"de-DE\",\"@id\":\"https:\/\/www.miomiorun.com\/de\/produkt\/novablast-5-herren\/#primaryimage\",\"url\":\"https:\/\/www.miomiorun.com\/app\/uploads\/2025\/12\/asics-Novablast-5-gravel-white-1011B974-020.webp\",\"contentUrl\":\"https:\/\/www.miomiorun.com\/app\/uploads\/2025\/12\/asics-Novablast-5-gravel-white-1011B974-020.webp\",\"width\":720,\"height\":720,\"caption\":\"asics Novablast 5 gravel white 1011B974 020\"},{\"@type\":\"BreadcrumbList\",\"@id\":\"https:\/\/www.miomiorun.com\/de\/produkt\/novablast-5-herren\/#breadcrumb\",\"itemListElement\":[{\"@type\":\"ListItem\",\"position\":1,\"name\":\"Home\",\"item\":\"https:\/\/www.miomiorun.com\/de\/\"},{\"@type\":\"ListItem\",\"position\":2,\"name\":\"Shop\",\"item\":\"https:\/\/www.miomiorun.com\/shop\/\"},{\"@type\":\"ListItem\",\"position\":3,\"name\":\"Novablast 5 herren\"}]},{\"@type\":\"WebSite\",\"@id\":\"https:\/\/www.miomiorun.com\/de\/#website\",\"url\":\"https:\/\/www.miomiorun.com\/de\/\",\"name\":\"MioMioRun\",\"description\":\"100% Lauf- und Trailshop\",\"publisher\":{\"@id\":\"https:\/\/www.miomiorun.com\/de\/#organization\"},\"potentialAction\":[{\"@type\":\"SearchAction\",\"target\":{\"@type\":\"EntryPoint\",\"urlTemplate\":\"https:\/\/www.miomiorun.com\/de\/?s={search_term_string}\"},\"query-input\":{\"@type\":\"PropertyValueSpecification\",\"valueRequired\":true,\"valueName\":\"search_term_string\"}}],\"inLanguage\":\"de-DE\"},{\"@type\":\"Organization\",\"@id\":\"https:\/\/www.miomiorun.com\/de\/#organization\",\"name\":\"MioMio Run\",\"url\":\"https:\/\/www.miomiorun.com\/de\/\",\"logo\":{\"@type\":\"ImageObject\",\"inLanguage\":\"de-DE\",\"@id\":\"https:\/\/www.miomiorun.com\/de\/#\/schema\/logo\/image\/\",\"url\":\"https:\/\/www.miomiorun.com\/app\/uploads\/2019\/12\/logomio.png\",\"contentUrl\":\"https:\/\/www.miomiorun.com\/app\/uploads\/2019\/12\/logomio.png\",\"width\":115,\"height\":82,\"caption\":\"MioMio Run\"},\"image\":{\"@id\":\"https:\/\/www.miomiorun.com\/de\/#\/schema\/logo\/image\/\"},\"sameAs\":[\"https:\/\/www.facebook.com\/miomiorun\/\",\"https:\/\/www.instagram.com\/miomiorun\/\"]}]}<\/script>\n<!-- \/ Yoast SEO plugin. -->","yoast_head_json":{"title":"AsicsNovablast 5 herren - Herren-Laufschuhe - MioMioRun.com","description":"Novablast 5 wurde entwickelt, um schneller zu laufen, ist leicht und bietet eine bessere Energier\u00fcckgabe als sein Vorg\u00e4nger.","robots":{"index":"index","follow":"follow","max-snippet":"max-snippet:-1","max-image-preview":"max-image-preview:large","max-video-preview":"max-video-preview:-1"},"canonical":"https:\/\/www.miomiorun.com\/de\/produkt\/novablast-5-herren\/","og_locale":"de_DE","og_type":"article","og_title":"AsicsNovablast 5 herren - Herren-Laufschuhe - MioMioRun.com","og_description":"Novablast 5 wurde entwickelt, um schneller zu laufen, ist leicht und bietet eine bessere Energier\u00fcckgabe als sein Vorg\u00e4nger.","og_url":"https:\/\/www.miomiorun.com\/de\/produkt\/novablast-5-herren\/","og_site_name":"MioMioRun","article_publisher":"https:\/\/www.facebook.com\/miomiorun\/","article_modified_time":"2025-04-03T15:01:42+00:00","og_image":[{"width":600,"height":600,"url":"https:\/\/www.miomiorun.com\/app\/uploads\/2025\/02\/asics-NOVABLAST-5-BLACK-WHITE-1011B974-001.webp","type":"image\/webp"}],"twitter_card":"summary_large_image","twitter_misc":{"Est. reading time":"2 minutes"},"schema":{"@context":"https:\/\/schema.org","@graph":[{"@type":"WebPage","@id":"https:\/\/www.miomiorun.com\/de\/produkt\/novablast-5-herren\/","url":"https:\/\/www.miomiorun.com\/de\/produkt\/novablast-5-herren\/","name":"AsicsNovablast 5 herren - Herren-Laufschuhe - MioMioRun.com","isPartOf":{"@id":"https:\/\/www.miomiorun.com\/de\/#website"},"primaryImageOfPage":{"@id":"https:\/\/www.miomiorun.com\/de\/produkt\/novablast-5-herren\/#primaryimage"},"image":{"@id":"https:\/\/www.miomiorun.com\/de\/produkt\/novablast-5-herren\/#primaryimage"},"thumbnailUrl":"https:\/\/www.miomiorun.com\/app\/uploads\/2025\/12\/asics-Novablast-5-gravel-white-1011B974-020.webp","datePublished":"2025-01-21T13:17:45+00:00","dateModified":"2025-04-03T15:01:42+00:00","description":"Novablast 5 wurde entwickelt, um schneller zu laufen, ist leicht und bietet eine bessere Energier\u00fcckgabe als sein Vorg\u00e4nger.","breadcrumb":{"@id":"https:\/\/www.miomiorun.com\/de\/produkt\/novablast-5-herren\/#breadcrumb"},"inLanguage":"de-DE","potentialAction":[{"@type":"ReadAction","target":["https:\/\/www.miomiorun.com\/de\/produkt\/novablast-5-herren\/"]}]},{"@type":"ImageObject","inLanguage":"de-DE","@id":"https:\/\/www.miomiorun.com\/de\/produkt\/novablast-5-herren\/#primaryimage","url":"https:\/\/www.miomiorun.com\/app\/uploads\/2025\/12\/asics-Novablast-5-gravel-white-1011B974-020.webp","contentUrl":"https:\/\/www.miomiorun.com\/app\/uploads\/2025\/12\/asics-Novablast-5-gravel-white-1011B974-020.webp","width":720,"height":720,"caption":"asics Novablast 5 gravel white 1011B974 020"},{"@type":"BreadcrumbList","@id":"https:\/\/www.miomiorun.com\/de\/produkt\/novablast-5-herren\/#breadcrumb","itemListElement":[{"@type":"ListItem","position":1,"name":"Home","item":"https:\/\/www.miomiorun.com\/de\/"},{"@type":"ListItem","position":2,"name":"Shop","item":"https:\/\/www.miomiorun.com\/shop\/"},{"@type":"ListItem","position":3,"name":"Novablast 5 herren"}]},{"@type":"WebSite","@id":"https:\/\/www.miomiorun.com\/de\/#website","url":"https:\/\/www.miomiorun.com\/de\/","name":"MioMioRun","description":"100% Lauf- und Trailshop","publisher":{"@id":"https:\/\/www.miomiorun.com\/de\/#organization"},"potentialAction":[{"@type":"SearchAction","target":{"@type":"EntryPoint","urlTemplate":"https:\/\/www.miomiorun.com\/de\/?s={search_term_string}"},"query-input":{"@type":"PropertyValueSpecification","valueRequired":true,"valueName":"search_term_string"}}],"inLanguage":"de-DE"},{"@type":"Organization","@id":"https:\/\/www.miomiorun.com\/de\/#organization","name":"MioMio Run","url":"https:\/\/www.miomiorun.com\/de\/","logo":{"@type":"ImageObject","inLanguage":"de-DE","@id":"https:\/\/www.miomiorun.com\/de\/#\/schema\/logo\/image\/","url":"https:\/\/www.miomiorun.com\/app\/uploads\/2019\/12\/logomio.png","contentUrl":"https:\/\/www.miomiorun.com\/app\/uploads\/2019\/12\/logomio.png","width":115,"height":82,"caption":"MioMio Run"},"image":{"@id":"https:\/\/www.miomiorun.com\/de\/#\/schema\/logo\/image\/"},"sameAs":["https:\/\/www.facebook.com\/miomiorun\/","https:\/\/www.instagram.com\/miomiorun\/"]}]}},"_links":{"self":[{"href":"https:\/\/www.miomiorun.com\/de\/wp-json\/wp\/v2\/product\/225173","targetHints":{"allow":["GET"]}}],"collection":[{"href":"https:\/\/www.miomiorun.com\/de\/wp-json\/wp\/v2\/product"}],"about":[{"href":"https:\/\/www.miomiorun.com\/de\/wp-json\/wp\/v2\/types\/product"}],"wp:featuredmedia":[{"embeddable":true,"href":"https:\/\/www.miomiorun.com\/de\/wp-json\/wp\/v2\/media\/377893"}],"wp:attachment":[{"href":"https:\/\/www.miomiorun.com\/de\/wp-json\/wp\/v2\/media?parent=225173"}],"wp:term":[{"taxonomy":"product_brand","embeddable":true,"href":"https:\/\/www.miomiorun.com\/de\/wp-json\/wp\/v2\/product_brand?post=225173"},{"taxonomy":"product_cat","embeddable":true,"href":"https:\/\/www.miomiorun.com\/de\/wp-json\/wp\/v2\/product_cat?post=225173"},{"taxonomy":"product_tag","embeddable":true,"href":"https:\/\/www.miomiorun.com\/de\/wp-json\/wp\/v2\/product_tag?post=225173"}],"curies":[{"name":"wp","href":"https:\/\/api.w.org\/{rel}","templated":true}]}}