{"id":223441,"date":"2025-01-16T13:01:38","date_gmt":"2025-01-16T12:01:38","guid":{"rendered":"https:\/\/miomiorun.com\/?post_type=product&#038;p=223441"},"modified":"2025-01-30T14:27:34","modified_gmt":"2025-01-30T13:27:34","slug":"supernova-rise-2-damen","status":"publish","type":"product","link":"https:\/\/www.miomiorun.com\/de\/produkt\/supernova-rise-2-damen\/","title":{"rendered":"Supernova Rise 2 damen"},"content":{"rendered":"<div class=\"vc-row container\"><div class=\"vc-column\"><div class=\"vc-column-text\"><\/p>\n<h4>Technische Daten<\/h4>\n<p>Kategorie: Strukturierte D\u00e4mpfung<br \/>\nVersatz: 9 mm (34\/25)<br \/>\nGewicht: 230g<br \/>\nIdeal f\u00fcr : idealer Schuh f\u00fcr Athleten mit durchschnittlichem Gewicht und Schrittl\u00e4nge, die eine hervorragende D\u00e4mpfung f\u00fcr Mittel- und Langstreckentraining oder Rennen suchen, er erweist sich auch als hervorragender Wanderbegleiter<br \/>\nGewicht des Athleten: 55-70 kg<br \/>\nLaufgeschwindigkeit: 5 min\/kg<br \/>\n<a href=\"https:\/\/miomiorun.com\/de\/leitfaden-fuer-technische-spezifikationen\/\">Leitfaden f\u00fcr technische Spezifikationen<\/a><\/p>\n<p><\/div><\/div><div class=\"vc-column\"><div class=\"vc-column-text\"><\/p>\n<h2>SUPERKOMFORT. SUPERNOVA.<\/h2>\n<h2>Endlich stehen die ersten 5 km im Kalender.<\/h2>\n<p>Mit dem <strong>Supernova Rise 2<\/strong> in der Damenversion wirst du nie aufh\u00f6ren, Fortschritte zu machen. Die Dreamstrike+ Zwischensohle besteht aus einer leichten Super Foam-Mischung, die f\u00fcr maximalen Komfort sorgt. Das neue Obermaterial aus Sandwich-Mesh sorgt f\u00fcr optimale Atmungsaktivit\u00e4t und bietet eine flexible und bequeme Passform.<\/p>\n<h3>Eigenschaften:<\/h3>\n<ul>\n<li>Normale Passform<\/li>\n<li>Schn\u00fcrverschluss<\/li>\n<li>Obermaterial aus technischem Sandwich-Mesh<\/li>\n<li>Textilfutter<\/li>\n<li>Support Rods System<\/li>\n<li>Dreamstrike+ Zwischensohle<\/li>\n<\/ul>\n<h3>Supernova Rise 2<\/h3>\n<p>Komfort f\u00fcr Ihre t\u00e4glichen L\u00e4ufe.<\/p>\n<h3>Dreamstrike+<\/h3>\n<p>Die Dreamstrike+ Technologie d\u00e4mpft die Zwischensohle mit einer innovativen Mischung. Was macht sie so super? Die Ausgewogenheit von Komfort und Unterst\u00fctzung, die sie dir bietet, ist ideal f\u00fcr deinen Lauf, Kilometer f\u00fcr Kilometer.<\/p>\n<h3>St\u00fctzleisten<\/h3>\n<p>Ein St\u00fctzsystem aus dichten Verbundst\u00e4ben von der Ferse bis zu den Zehen sorgt f\u00fcr maximale Beweglichkeit bei jedem Ihrer L\u00e4ufe.<\/p>\n<h3>Superbequeme Ferse<\/h3>\n<p>Die weiche Mischung und das leichte Material st\u00fctzen die Ferse sanft.<\/div><\/div><\/div>\n","protected":false},"excerpt":{"rendered":"<ul>\n<li>Idealer Schuh f\u00fcr lange und mittlere Distanzen.<\/li>\n<li>Au\u00dfergew\u00f6hnlicher Komfort und Unterst\u00fctzung.<\/li>\n<\/ul>\n","protected":false},"featured_media":225756,"template":"","meta":{"_acf_changed":false,"inline_featured_image":false},"product_brand":[],"product_cat":[6474,6475],"product_tag":[3403,6309],"class_list":{"0":"post-223441","1":"product","2":"type-product","3":"status-publish","4":"has-post-thumbnail","6":"product_cat-damenschuhe","7":"product_cat-neutral","8":"product_tag-adidas-de","9":"product_tag-adidas-damen-de","10":"pa_attivita-fitness-de","11":"pa_attivita-gehen","12":"pa_attivita-lifestyle-de","13":"pa_attivita-running-de","14":"pa_colore-supernova-rise-2-w-ftwwht-lucp-de","15":"pa_colore-supernova-rise-2-w-prloin-msilve-prloin-de","16":"pa_colore-supernova-rise-2-w-shopnk-purbur-lucpnk-de","17":"pa_marca-adidas-de","18":"pa_sesso-damen","19":"pa_size-38-de","20":"pa_size-39-de","21":"pa_size-40-de","23":"pa_size-41-de","24":"pa_size-42-de","27":"first","28":"instock","29":"sale","30":"taxable","31":"shipping-taxable","32":"purchasable","33":"product-type-variable","34":"wvs-archive-product-wrapper"},"acf":[],"yoast_head":"<!-- This site is optimized with the Yoast SEO plugin v26.8 - https:\/\/yoast.com\/product\/yoast-seo-wordpress\/ -->\n<title>Saucony Supernova Rise 2 damen - Damen-Laufschuhe MioMioRun<\/title>\n<meta name=\"description\" content=\"Mit dem Supernova Rise 2 in der Damenversion wirst du nie aufh\u00f6ren, Fortschritte zu machen. Die Dreamstrike+ Zwischensohle besteht\" \/>\n<meta name=\"robots\" content=\"index, follow, max-snippet:-1, max-image-preview:large, max-video-preview:-1\" \/>\n<link rel=\"canonical\" href=\"https:\/\/www.miomiorun.com\/de\/produkt\/supernova-rise-2-damen\/\" \/>\n<meta property=\"og:locale\" content=\"de_DE\" \/>\n<meta property=\"og:type\" content=\"article\" \/>\n<meta property=\"og:title\" content=\"Saucony Supernova Rise 2 damen - Damen-Laufschuhe MioMioRun\" \/>\n<meta property=\"og:description\" content=\"Mit dem Supernova Rise 2 in der Damenversion wirst du nie aufh\u00f6ren, Fortschritte zu machen. Die Dreamstrike+ Zwischensohle besteht\" \/>\n<meta property=\"og:url\" content=\"https:\/\/www.miomiorun.com\/de\/produkt\/supernova-rise-2-damen\/\" \/>\n<meta property=\"og:site_name\" content=\"MioMioRun\" \/>\n<meta property=\"article:publisher\" content=\"https:\/\/www.facebook.com\/miomiorun\/\" \/>\n<meta property=\"article:modified_time\" content=\"2025-01-30T13:27:34+00:00\" \/>\n<meta property=\"og:image\" content=\"https:\/\/www.miomiorun.com\/app\/uploads\/2025\/01\/adidas-Supernova-Rise-2-W-ftwwht-lucp-IH8664.webp\" \/>\n\t<meta property=\"og:image:width\" content=\"600\" \/>\n\t<meta property=\"og:image:height\" content=\"600\" \/>\n\t<meta property=\"og:image:type\" content=\"image\/webp\" \/>\n<meta name=\"twitter:card\" content=\"summary_large_image\" \/>\n<meta name=\"twitter:label1\" content=\"Est. reading time\" \/>\n\t<meta name=\"twitter:data1\" content=\"2 minutes\" \/>\n<script type=\"application\/ld+json\" class=\"yoast-schema-graph\">{\"@context\":\"https:\/\/schema.org\",\"@graph\":[{\"@type\":\"WebPage\",\"@id\":\"https:\/\/www.miomiorun.com\/de\/produkt\/supernova-rise-2-damen\/\",\"url\":\"https:\/\/www.miomiorun.com\/de\/produkt\/supernova-rise-2-damen\/\",\"name\":\"Saucony Supernova Rise 2 damen - Damen-Laufschuhe MioMioRun\",\"isPartOf\":{\"@id\":\"https:\/\/www.miomiorun.com\/de\/#website\"},\"primaryImageOfPage\":{\"@id\":\"https:\/\/www.miomiorun.com\/de\/produkt\/supernova-rise-2-damen\/#primaryimage\"},\"image\":{\"@id\":\"https:\/\/www.miomiorun.com\/de\/produkt\/supernova-rise-2-damen\/#primaryimage\"},\"thumbnailUrl\":\"https:\/\/www.miomiorun.com\/app\/uploads\/2025\/01\/adidas-Supernova-Rise-2-W-ftwwht-lucp-IH8664.webp\",\"datePublished\":\"2025-01-16T12:01:38+00:00\",\"dateModified\":\"2025-01-30T13:27:34+00:00\",\"description\":\"Mit dem Supernova Rise 2 in der Damenversion wirst du nie aufh\u00f6ren, Fortschritte zu machen. Die Dreamstrike+ Zwischensohle besteht\",\"breadcrumb\":{\"@id\":\"https:\/\/www.miomiorun.com\/de\/produkt\/supernova-rise-2-damen\/#breadcrumb\"},\"inLanguage\":\"de-DE\",\"potentialAction\":[{\"@type\":\"ReadAction\",\"target\":[\"https:\/\/www.miomiorun.com\/de\/produkt\/supernova-rise-2-damen\/\"]}]},{\"@type\":\"ImageObject\",\"inLanguage\":\"de-DE\",\"@id\":\"https:\/\/www.miomiorun.com\/de\/produkt\/supernova-rise-2-damen\/#primaryimage\",\"url\":\"https:\/\/www.miomiorun.com\/app\/uploads\/2025\/01\/adidas-Supernova-Rise-2-W-ftwwht-lucp-IH8664.webp\",\"contentUrl\":\"https:\/\/www.miomiorun.com\/app\/uploads\/2025\/01\/adidas-Supernova-Rise-2-W-ftwwht-lucp-IH8664.webp\",\"width\":600,\"height\":600,\"caption\":\"adidas Supernova Rise 2 W ftwwht lucp IH8664\"},{\"@type\":\"BreadcrumbList\",\"@id\":\"https:\/\/www.miomiorun.com\/de\/produkt\/supernova-rise-2-damen\/#breadcrumb\",\"itemListElement\":[{\"@type\":\"ListItem\",\"position\":1,\"name\":\"Home\",\"item\":\"https:\/\/www.miomiorun.com\/de\/\"},{\"@type\":\"ListItem\",\"position\":2,\"name\":\"Shop\",\"item\":\"https:\/\/www.miomiorun.com\/shop\/\"},{\"@type\":\"ListItem\",\"position\":3,\"name\":\"Supernova Rise 2 damen\"}]},{\"@type\":\"WebSite\",\"@id\":\"https:\/\/www.miomiorun.com\/de\/#website\",\"url\":\"https:\/\/www.miomiorun.com\/de\/\",\"name\":\"MioMioRun\",\"description\":\"100% Lauf- und Trailshop\",\"publisher\":{\"@id\":\"https:\/\/www.miomiorun.com\/de\/#organization\"},\"potentialAction\":[{\"@type\":\"SearchAction\",\"target\":{\"@type\":\"EntryPoint\",\"urlTemplate\":\"https:\/\/www.miomiorun.com\/de\/?s={search_term_string}\"},\"query-input\":{\"@type\":\"PropertyValueSpecification\",\"valueRequired\":true,\"valueName\":\"search_term_string\"}}],\"inLanguage\":\"de-DE\"},{\"@type\":\"Organization\",\"@id\":\"https:\/\/www.miomiorun.com\/de\/#organization\",\"name\":\"MioMio Run\",\"url\":\"https:\/\/www.miomiorun.com\/de\/\",\"logo\":{\"@type\":\"ImageObject\",\"inLanguage\":\"de-DE\",\"@id\":\"https:\/\/www.miomiorun.com\/de\/#\/schema\/logo\/image\/\",\"url\":\"https:\/\/www.miomiorun.com\/app\/uploads\/2019\/12\/logomio.png\",\"contentUrl\":\"https:\/\/www.miomiorun.com\/app\/uploads\/2019\/12\/logomio.png\",\"width\":115,\"height\":82,\"caption\":\"MioMio Run\"},\"image\":{\"@id\":\"https:\/\/www.miomiorun.com\/de\/#\/schema\/logo\/image\/\"},\"sameAs\":[\"https:\/\/www.facebook.com\/miomiorun\/\",\"https:\/\/www.instagram.com\/miomiorun\/\"]}]}<\/script>\n<!-- \/ Yoast SEO plugin. -->","yoast_head_json":{"title":"Saucony Supernova Rise 2 damen - Damen-Laufschuhe MioMioRun","description":"Mit dem Supernova Rise 2 in der Damenversion wirst du nie aufh\u00f6ren, Fortschritte zu machen. Die Dreamstrike+ Zwischensohle besteht","robots":{"index":"index","follow":"follow","max-snippet":"max-snippet:-1","max-image-preview":"max-image-preview:large","max-video-preview":"max-video-preview:-1"},"canonical":"https:\/\/www.miomiorun.com\/de\/produkt\/supernova-rise-2-damen\/","og_locale":"de_DE","og_type":"article","og_title":"Saucony Supernova Rise 2 damen - Damen-Laufschuhe MioMioRun","og_description":"Mit dem Supernova Rise 2 in der Damenversion wirst du nie aufh\u00f6ren, Fortschritte zu machen. Die Dreamstrike+ Zwischensohle besteht","og_url":"https:\/\/www.miomiorun.com\/de\/produkt\/supernova-rise-2-damen\/","og_site_name":"MioMioRun","article_publisher":"https:\/\/www.facebook.com\/miomiorun\/","article_modified_time":"2025-01-30T13:27:34+00:00","og_image":[{"width":600,"height":600,"url":"https:\/\/www.miomiorun.com\/app\/uploads\/2025\/01\/adidas-Supernova-Rise-2-W-ftwwht-lucp-IH8664.webp","type":"image\/webp"}],"twitter_card":"summary_large_image","twitter_misc":{"Est. reading time":"2 minutes"},"schema":{"@context":"https:\/\/schema.org","@graph":[{"@type":"WebPage","@id":"https:\/\/www.miomiorun.com\/de\/produkt\/supernova-rise-2-damen\/","url":"https:\/\/www.miomiorun.com\/de\/produkt\/supernova-rise-2-damen\/","name":"Saucony Supernova Rise 2 damen - Damen-Laufschuhe MioMioRun","isPartOf":{"@id":"https:\/\/www.miomiorun.com\/de\/#website"},"primaryImageOfPage":{"@id":"https:\/\/www.miomiorun.com\/de\/produkt\/supernova-rise-2-damen\/#primaryimage"},"image":{"@id":"https:\/\/www.miomiorun.com\/de\/produkt\/supernova-rise-2-damen\/#primaryimage"},"thumbnailUrl":"https:\/\/www.miomiorun.com\/app\/uploads\/2025\/01\/adidas-Supernova-Rise-2-W-ftwwht-lucp-IH8664.webp","datePublished":"2025-01-16T12:01:38+00:00","dateModified":"2025-01-30T13:27:34+00:00","description":"Mit dem Supernova Rise 2 in der Damenversion wirst du nie aufh\u00f6ren, Fortschritte zu machen. Die Dreamstrike+ Zwischensohle besteht","breadcrumb":{"@id":"https:\/\/www.miomiorun.com\/de\/produkt\/supernova-rise-2-damen\/#breadcrumb"},"inLanguage":"de-DE","potentialAction":[{"@type":"ReadAction","target":["https:\/\/www.miomiorun.com\/de\/produkt\/supernova-rise-2-damen\/"]}]},{"@type":"ImageObject","inLanguage":"de-DE","@id":"https:\/\/www.miomiorun.com\/de\/produkt\/supernova-rise-2-damen\/#primaryimage","url":"https:\/\/www.miomiorun.com\/app\/uploads\/2025\/01\/adidas-Supernova-Rise-2-W-ftwwht-lucp-IH8664.webp","contentUrl":"https:\/\/www.miomiorun.com\/app\/uploads\/2025\/01\/adidas-Supernova-Rise-2-W-ftwwht-lucp-IH8664.webp","width":600,"height":600,"caption":"adidas Supernova Rise 2 W ftwwht lucp IH8664"},{"@type":"BreadcrumbList","@id":"https:\/\/www.miomiorun.com\/de\/produkt\/supernova-rise-2-damen\/#breadcrumb","itemListElement":[{"@type":"ListItem","position":1,"name":"Home","item":"https:\/\/www.miomiorun.com\/de\/"},{"@type":"ListItem","position":2,"name":"Shop","item":"https:\/\/www.miomiorun.com\/shop\/"},{"@type":"ListItem","position":3,"name":"Supernova Rise 2 damen"}]},{"@type":"WebSite","@id":"https:\/\/www.miomiorun.com\/de\/#website","url":"https:\/\/www.miomiorun.com\/de\/","name":"MioMioRun","description":"100% Lauf- und Trailshop","publisher":{"@id":"https:\/\/www.miomiorun.com\/de\/#organization"},"potentialAction":[{"@type":"SearchAction","target":{"@type":"EntryPoint","urlTemplate":"https:\/\/www.miomiorun.com\/de\/?s={search_term_string}"},"query-input":{"@type":"PropertyValueSpecification","valueRequired":true,"valueName":"search_term_string"}}],"inLanguage":"de-DE"},{"@type":"Organization","@id":"https:\/\/www.miomiorun.com\/de\/#organization","name":"MioMio Run","url":"https:\/\/www.miomiorun.com\/de\/","logo":{"@type":"ImageObject","inLanguage":"de-DE","@id":"https:\/\/www.miomiorun.com\/de\/#\/schema\/logo\/image\/","url":"https:\/\/www.miomiorun.com\/app\/uploads\/2019\/12\/logomio.png","contentUrl":"https:\/\/www.miomiorun.com\/app\/uploads\/2019\/12\/logomio.png","width":115,"height":82,"caption":"MioMio Run"},"image":{"@id":"https:\/\/www.miomiorun.com\/de\/#\/schema\/logo\/image\/"},"sameAs":["https:\/\/www.facebook.com\/miomiorun\/","https:\/\/www.instagram.com\/miomiorun\/"]}]}},"_links":{"self":[{"href":"https:\/\/www.miomiorun.com\/de\/wp-json\/wp\/v2\/product\/223441","targetHints":{"allow":["GET"]}}],"collection":[{"href":"https:\/\/www.miomiorun.com\/de\/wp-json\/wp\/v2\/product"}],"about":[{"href":"https:\/\/www.miomiorun.com\/de\/wp-json\/wp\/v2\/types\/product"}],"wp:featuredmedia":[{"embeddable":true,"href":"https:\/\/www.miomiorun.com\/de\/wp-json\/wp\/v2\/media\/225756"}],"wp:attachment":[{"href":"https:\/\/www.miomiorun.com\/de\/wp-json\/wp\/v2\/media?parent=223441"}],"wp:term":[{"taxonomy":"product_brand","embeddable":true,"href":"https:\/\/www.miomiorun.com\/de\/wp-json\/wp\/v2\/product_brand?post=223441"},{"taxonomy":"product_cat","embeddable":true,"href":"https:\/\/www.miomiorun.com\/de\/wp-json\/wp\/v2\/product_cat?post=223441"},{"taxonomy":"product_tag","embeddable":true,"href":"https:\/\/www.miomiorun.com\/de\/wp-json\/wp\/v2\/product_tag?post=223441"}],"curies":[{"name":"wp","href":"https:\/\/api.w.org\/{rel}","templated":true}]}}