{"id":222978,"date":"2025-01-15T18:12:00","date_gmt":"2025-01-15T17:12:00","guid":{"rendered":"https:\/\/miomiorun.com\/?post_type=product&#038;p=222978"},"modified":"2026-05-08T20:22:27","modified_gmt":"2026-05-08T18:22:27","slug":"mestari-1-5-damen","status":"publish","type":"product","link":"https:\/\/www.miomiorun.com\/de\/produkt\/mestari-1-5-damen\/","title":{"rendered":"Mestari 1.5 damen"},"content":{"rendered":"<div class=\"vc-row container\"><div class=\"vc-column\"><div class=\"vc-column-text\"><\/p>\n<h4>Technische Daten<\/h4>\n<p>.<br \/>\nKategorie: Optimale D\u00e4mpfung<br \/>\nVersatz: 8 mm<br \/>\nGewicht: 272 g<br \/>\nIdeal f\u00fcr: L\u00e4ufer, die einen Schuh mit guter D\u00e4mpfung und hervorragender Stabilit\u00e4t mit sanftem \u00dcbergang f\u00fcr mittlere bis lange L\u00e4ufe suchen.<br \/>\nGewicht des Athleten: 75-85 kg<br \/>\nLauftempo: mittel (5,00-6,00 min\/km)<br \/>\n<a href=\"https:\/\/miomiorun.com\/de\/leitfaden-fuer-technische-spezifikationen\/\">Leitfaden f\u00fcr technische Spezifikationen<\/a><\/p>\n<p><\/div><\/div><div class=\"vc-column\"><div class=\"vc-column-text\">Der <strong>Mestari Run 1.5 f\u00fcr Damen<\/strong> ist der Premium-Laufschuh von KARHU mit maximaler D\u00e4mpfung, perfekt f\u00fcr Neutrall\u00e4ufer oder L\u00e4ufer mit leichter bis mittlerer \u00dcberpronation. Mit einer gr\u00f6\u00dferen Sohlenh\u00f6he und einer verbesserten AeroFoam-D\u00e4mpfung bietet dieser Schuh die ideale Kombination aus Weichheit, Unterst\u00fctzung und Energier\u00fcckgabe.<\/p>\n<h2>Entdecken Sie den Mestari 1.5, den perfekten Schuh f\u00fcr \u00dcberpronierer.<\/h2>\n<p>Das raffinierte IdealKnit-Mesh-Obermaterial bietet ein luxuri\u00f6ses Gef\u00fchl am Fu\u00df und eine robuste Mittelfu\u00dfunterst\u00fctzung f\u00fcr zus\u00e4tzlichen Komfort. Der Mestari Run 1.5 hat ein modernes, gegliedertes Profil und ist Ihr idealer Laufschuh f\u00fcr ein reibungsloses und effizientes Lauferlebnis.<\/p>\n<h3>Eigenschaften:<\/h3>\n<ul>\n<li>Verbesserte AeroFoam-Mittelsohle f\u00fcr verbesserte Energier\u00fcckgabe und maximale D\u00e4mpfung.<\/li>\n<li>Verfeinertes IdealKnit-Mesh f\u00fcr Atmungsaktivit\u00e4t und Unterst\u00fctzung.<\/li>\n<li>Anatomisches Schn\u00fcrsystem f\u00fcr eine ma\u00dfgeschneiderte Passform und Komfort.<\/li>\n<li>Ein tiefes, mittellanges Fulcrum unterst\u00fctzt den Fu\u00df f\u00fcr einen reibungslosen \u00dcbergang.<\/li>\n<li>Eine Antriebseinheit sorgt f\u00fcr ein \u201erollendes\u201c Lauferlebnis.<\/li>\n<li>M-Lock-Schn\u00fcrsystem f\u00fcr sicheren Halt.<\/li>\n<\/ul>\n<p>&nbsp;<\/p>\n<p><img loading=\"lazy\" decoding=\"async\" class=\"\" src=\"https:\/\/cdn.shopify.com\/s\/files\/1\/0519\/4570\/1549\/files\/fulcrum_800x.png?v=1612961012\" width=\"205\" height=\"91\" \/><\/p>\n<p>Die KARHU Fulcrum-Technologie wurde entwickelt, um alle Kr\u00e4fte nach vorne zu leiten, die Bremskr\u00e4fte zu reduzieren und die nat\u00fcrliche Energie Ihres K\u00f6rpers zu nutzen, um eine sanftere Fahrt zu erm\u00f6glichen. Das nennen wir den Rolling Effect. Die Fulcrum-Technologie bietet: ausgewogene D\u00e4mpfung, mehr Unterst\u00fctzung, mehr Energie. Der Fusion ist mit einem dreiviertel langen Fulcrum ausgestattet.<\/div><\/div><\/div>\n","protected":false},"excerpt":{"rendered":"<ul>\n<li>Idealer Schuh f\u00fcr Pronatoren und Neutralfu\u00dfl\u00e4ufer.<\/li>\n<li>Super-ged\u00e4mpft ideal f\u00fcr lange Strecken<\/li>\n<\/ul>\n","protected":false},"featured_media":226203,"template":"","meta":{"_acf_changed":false,"inline_featured_image":false},"product_brand":[],"product_cat":[6474,6475],"product_tag":[3377,6224],"class_list":{"0":"post-222978","1":"product","2":"type-product","3":"status-publish","4":"has-post-thumbnail","6":"product_cat-damenschuhe","7":"product_cat-neutral","8":"product_tag-karhu-de","9":"product_tag-karhu-damen-de","10":"pa_attivita-gehen","11":"pa_attivita-lifestyle-de","12":"pa_attivita-running-de","13":"pa_colore-mestari-run-1-5-w-blue-haze-patina-green-de","14":"pa_colore-mestari-run-1-5-w-icicle-sterling-blue-de","15":"pa_colore-mestari-run-1-5-w-white-pastel-parchment-de","16":"pa_marca-karhu-de","17":"pa_sesso-damen","18":"pa_size-37-5-de","19":"pa_size-38-de","20":"pa_size-42-de","22":"first","23":"instock","24":"sale","25":"taxable","26":"shipping-taxable","27":"purchasable","28":"product-type-variable","29":"wvs-archive-product-wrapper"},"acf":[],"yoast_head":"<!-- This site is optimized with the Yoast SEO plugin v26.8 - https:\/\/yoast.com\/product\/yoast-seo-wordpress\/ -->\n<title>Karhu Mestari 1.5 damen - Laufschuhe MioMioRun<\/title>\n<meta name=\"description\" content=\"Der Mestari Run 1.5 f\u00fcr Damen ist der Premium-Laufschuh von KARHU mit maximaler D\u00e4mpfung, perfekt f\u00fcr Neutrall\u00e4ufer oder \u00dcberpronierer\" \/>\n<meta name=\"robots\" content=\"index, follow, max-snippet:-1, max-image-preview:large, max-video-preview:-1\" \/>\n<link rel=\"canonical\" href=\"https:\/\/www.miomiorun.com\/de\/produkt\/mestari-1-5-damen\/\" \/>\n<meta property=\"og:locale\" content=\"de_DE\" \/>\n<meta property=\"og:type\" content=\"article\" \/>\n<meta property=\"og:title\" content=\"Karhu Mestari 1.5 damen - Laufschuhe MioMioRun\" \/>\n<meta property=\"og:description\" content=\"Der Mestari Run 1.5 f\u00fcr Damen ist der Premium-Laufschuh von KARHU mit maximaler D\u00e4mpfung, perfekt f\u00fcr Neutrall\u00e4ufer oder \u00dcberpronierer\" \/>\n<meta property=\"og:url\" content=\"https:\/\/www.miomiorun.com\/de\/produkt\/mestari-1-5-damen\/\" \/>\n<meta property=\"og:site_name\" content=\"MioMioRun\" \/>\n<meta property=\"article:publisher\" content=\"https:\/\/www.facebook.com\/miomiorun\/\" \/>\n<meta property=\"article:modified_time\" content=\"2026-05-08T18:22:27+00:00\" \/>\n<meta property=\"og:image\" content=\"https:\/\/www.miomiorun.com\/app\/uploads\/2025\/01\/karhu-Mestari-run-1.5-W-sea-foam-excalibur-F205008.webp\" \/>\n\t<meta property=\"og:image:width\" content=\"600\" \/>\n\t<meta property=\"og:image:height\" content=\"600\" \/>\n\t<meta property=\"og:image:type\" content=\"image\/webp\" \/>\n<meta name=\"twitter:card\" content=\"summary_large_image\" \/>\n<meta name=\"twitter:label1\" content=\"Est. reading time\" \/>\n\t<meta name=\"twitter:data1\" content=\"2 minutes\" \/>\n<script type=\"application\/ld+json\" class=\"yoast-schema-graph\">{\"@context\":\"https:\/\/schema.org\",\"@graph\":[{\"@type\":\"WebPage\",\"@id\":\"https:\/\/www.miomiorun.com\/de\/produkt\/mestari-1-5-damen\/\",\"url\":\"https:\/\/www.miomiorun.com\/de\/produkt\/mestari-1-5-damen\/\",\"name\":\"Karhu Mestari 1.5 damen - Laufschuhe MioMioRun\",\"isPartOf\":{\"@id\":\"https:\/\/www.miomiorun.com\/de\/#website\"},\"primaryImageOfPage\":{\"@id\":\"https:\/\/www.miomiorun.com\/de\/produkt\/mestari-1-5-damen\/#primaryimage\"},\"image\":{\"@id\":\"https:\/\/www.miomiorun.com\/de\/produkt\/mestari-1-5-damen\/#primaryimage\"},\"thumbnailUrl\":\"https:\/\/www.miomiorun.com\/app\/uploads\/2025\/01\/karhu-Mestari-run-1.5-W-sea-foam-excalibur-F205008.webp\",\"datePublished\":\"2025-01-15T17:12:00+00:00\",\"dateModified\":\"2026-05-08T18:22:27+00:00\",\"description\":\"Der Mestari Run 1.5 f\u00fcr Damen ist der Premium-Laufschuh von KARHU mit maximaler D\u00e4mpfung, perfekt f\u00fcr Neutrall\u00e4ufer oder \u00dcberpronierer\",\"breadcrumb\":{\"@id\":\"https:\/\/www.miomiorun.com\/de\/produkt\/mestari-1-5-damen\/#breadcrumb\"},\"inLanguage\":\"de-DE\",\"potentialAction\":[{\"@type\":\"ReadAction\",\"target\":[\"https:\/\/www.miomiorun.com\/de\/produkt\/mestari-1-5-damen\/\"]}]},{\"@type\":\"ImageObject\",\"inLanguage\":\"de-DE\",\"@id\":\"https:\/\/www.miomiorun.com\/de\/produkt\/mestari-1-5-damen\/#primaryimage\",\"url\":\"https:\/\/www.miomiorun.com\/app\/uploads\/2025\/01\/karhu-Mestari-run-1.5-W-sea-foam-excalibur-F205008.webp\",\"contentUrl\":\"https:\/\/www.miomiorun.com\/app\/uploads\/2025\/01\/karhu-Mestari-run-1.5-W-sea-foam-excalibur-F205008.webp\",\"width\":600,\"height\":600,\"caption\":\"karhu Mestari run 1.5 W sea foam excalibur F205008\"},{\"@type\":\"BreadcrumbList\",\"@id\":\"https:\/\/www.miomiorun.com\/de\/produkt\/mestari-1-5-damen\/#breadcrumb\",\"itemListElement\":[{\"@type\":\"ListItem\",\"position\":1,\"name\":\"Home\",\"item\":\"https:\/\/www.miomiorun.com\/de\/\"},{\"@type\":\"ListItem\",\"position\":2,\"name\":\"Shop\",\"item\":\"https:\/\/www.miomiorun.com\/shop\/\"},{\"@type\":\"ListItem\",\"position\":3,\"name\":\"Mestari 1.5 damen\"}]},{\"@type\":\"WebSite\",\"@id\":\"https:\/\/www.miomiorun.com\/de\/#website\",\"url\":\"https:\/\/www.miomiorun.com\/de\/\",\"name\":\"MioMioRun\",\"description\":\"100% Lauf- und Trailshop\",\"publisher\":{\"@id\":\"https:\/\/www.miomiorun.com\/de\/#organization\"},\"potentialAction\":[{\"@type\":\"SearchAction\",\"target\":{\"@type\":\"EntryPoint\",\"urlTemplate\":\"https:\/\/www.miomiorun.com\/de\/?s={search_term_string}\"},\"query-input\":{\"@type\":\"PropertyValueSpecification\",\"valueRequired\":true,\"valueName\":\"search_term_string\"}}],\"inLanguage\":\"de-DE\"},{\"@type\":\"Organization\",\"@id\":\"https:\/\/www.miomiorun.com\/de\/#organization\",\"name\":\"MioMio Run\",\"url\":\"https:\/\/www.miomiorun.com\/de\/\",\"logo\":{\"@type\":\"ImageObject\",\"inLanguage\":\"de-DE\",\"@id\":\"https:\/\/www.miomiorun.com\/de\/#\/schema\/logo\/image\/\",\"url\":\"https:\/\/www.miomiorun.com\/app\/uploads\/2019\/12\/logomio.png\",\"contentUrl\":\"https:\/\/www.miomiorun.com\/app\/uploads\/2019\/12\/logomio.png\",\"width\":115,\"height\":82,\"caption\":\"MioMio Run\"},\"image\":{\"@id\":\"https:\/\/www.miomiorun.com\/de\/#\/schema\/logo\/image\/\"},\"sameAs\":[\"https:\/\/www.facebook.com\/miomiorun\/\",\"https:\/\/www.instagram.com\/miomiorun\/\"]}]}<\/script>\n<!-- \/ Yoast SEO plugin. -->","yoast_head_json":{"title":"Karhu Mestari 1.5 damen - Laufschuhe MioMioRun","description":"Der Mestari Run 1.5 f\u00fcr Damen ist der Premium-Laufschuh von KARHU mit maximaler D\u00e4mpfung, perfekt f\u00fcr Neutrall\u00e4ufer oder \u00dcberpronierer","robots":{"index":"index","follow":"follow","max-snippet":"max-snippet:-1","max-image-preview":"max-image-preview:large","max-video-preview":"max-video-preview:-1"},"canonical":"https:\/\/www.miomiorun.com\/de\/produkt\/mestari-1-5-damen\/","og_locale":"de_DE","og_type":"article","og_title":"Karhu Mestari 1.5 damen - Laufschuhe MioMioRun","og_description":"Der Mestari Run 1.5 f\u00fcr Damen ist der Premium-Laufschuh von KARHU mit maximaler D\u00e4mpfung, perfekt f\u00fcr Neutrall\u00e4ufer oder \u00dcberpronierer","og_url":"https:\/\/www.miomiorun.com\/de\/produkt\/mestari-1-5-damen\/","og_site_name":"MioMioRun","article_publisher":"https:\/\/www.facebook.com\/miomiorun\/","article_modified_time":"2026-05-08T18:22:27+00:00","og_image":[{"width":600,"height":600,"url":"https:\/\/www.miomiorun.com\/app\/uploads\/2025\/01\/karhu-Mestari-run-1.5-W-sea-foam-excalibur-F205008.webp","type":"image\/webp"}],"twitter_card":"summary_large_image","twitter_misc":{"Est. reading time":"2 minutes"},"schema":{"@context":"https:\/\/schema.org","@graph":[{"@type":"WebPage","@id":"https:\/\/www.miomiorun.com\/de\/produkt\/mestari-1-5-damen\/","url":"https:\/\/www.miomiorun.com\/de\/produkt\/mestari-1-5-damen\/","name":"Karhu Mestari 1.5 damen - Laufschuhe MioMioRun","isPartOf":{"@id":"https:\/\/www.miomiorun.com\/de\/#website"},"primaryImageOfPage":{"@id":"https:\/\/www.miomiorun.com\/de\/produkt\/mestari-1-5-damen\/#primaryimage"},"image":{"@id":"https:\/\/www.miomiorun.com\/de\/produkt\/mestari-1-5-damen\/#primaryimage"},"thumbnailUrl":"https:\/\/www.miomiorun.com\/app\/uploads\/2025\/01\/karhu-Mestari-run-1.5-W-sea-foam-excalibur-F205008.webp","datePublished":"2025-01-15T17:12:00+00:00","dateModified":"2026-05-08T18:22:27+00:00","description":"Der Mestari Run 1.5 f\u00fcr Damen ist der Premium-Laufschuh von KARHU mit maximaler D\u00e4mpfung, perfekt f\u00fcr Neutrall\u00e4ufer oder \u00dcberpronierer","breadcrumb":{"@id":"https:\/\/www.miomiorun.com\/de\/produkt\/mestari-1-5-damen\/#breadcrumb"},"inLanguage":"de-DE","potentialAction":[{"@type":"ReadAction","target":["https:\/\/www.miomiorun.com\/de\/produkt\/mestari-1-5-damen\/"]}]},{"@type":"ImageObject","inLanguage":"de-DE","@id":"https:\/\/www.miomiorun.com\/de\/produkt\/mestari-1-5-damen\/#primaryimage","url":"https:\/\/www.miomiorun.com\/app\/uploads\/2025\/01\/karhu-Mestari-run-1.5-W-sea-foam-excalibur-F205008.webp","contentUrl":"https:\/\/www.miomiorun.com\/app\/uploads\/2025\/01\/karhu-Mestari-run-1.5-W-sea-foam-excalibur-F205008.webp","width":600,"height":600,"caption":"karhu Mestari run 1.5 W sea foam excalibur F205008"},{"@type":"BreadcrumbList","@id":"https:\/\/www.miomiorun.com\/de\/produkt\/mestari-1-5-damen\/#breadcrumb","itemListElement":[{"@type":"ListItem","position":1,"name":"Home","item":"https:\/\/www.miomiorun.com\/de\/"},{"@type":"ListItem","position":2,"name":"Shop","item":"https:\/\/www.miomiorun.com\/shop\/"},{"@type":"ListItem","position":3,"name":"Mestari 1.5 damen"}]},{"@type":"WebSite","@id":"https:\/\/www.miomiorun.com\/de\/#website","url":"https:\/\/www.miomiorun.com\/de\/","name":"MioMioRun","description":"100% Lauf- und Trailshop","publisher":{"@id":"https:\/\/www.miomiorun.com\/de\/#organization"},"potentialAction":[{"@type":"SearchAction","target":{"@type":"EntryPoint","urlTemplate":"https:\/\/www.miomiorun.com\/de\/?s={search_term_string}"},"query-input":{"@type":"PropertyValueSpecification","valueRequired":true,"valueName":"search_term_string"}}],"inLanguage":"de-DE"},{"@type":"Organization","@id":"https:\/\/www.miomiorun.com\/de\/#organization","name":"MioMio Run","url":"https:\/\/www.miomiorun.com\/de\/","logo":{"@type":"ImageObject","inLanguage":"de-DE","@id":"https:\/\/www.miomiorun.com\/de\/#\/schema\/logo\/image\/","url":"https:\/\/www.miomiorun.com\/app\/uploads\/2019\/12\/logomio.png","contentUrl":"https:\/\/www.miomiorun.com\/app\/uploads\/2019\/12\/logomio.png","width":115,"height":82,"caption":"MioMio Run"},"image":{"@id":"https:\/\/www.miomiorun.com\/de\/#\/schema\/logo\/image\/"},"sameAs":["https:\/\/www.facebook.com\/miomiorun\/","https:\/\/www.instagram.com\/miomiorun\/"]}]}},"_links":{"self":[{"href":"https:\/\/www.miomiorun.com\/de\/wp-json\/wp\/v2\/product\/222978","targetHints":{"allow":["GET"]}}],"collection":[{"href":"https:\/\/www.miomiorun.com\/de\/wp-json\/wp\/v2\/product"}],"about":[{"href":"https:\/\/www.miomiorun.com\/de\/wp-json\/wp\/v2\/types\/product"}],"wp:featuredmedia":[{"embeddable":true,"href":"https:\/\/www.miomiorun.com\/de\/wp-json\/wp\/v2\/media\/226203"}],"wp:attachment":[{"href":"https:\/\/www.miomiorun.com\/de\/wp-json\/wp\/v2\/media?parent=222978"}],"wp:term":[{"taxonomy":"product_brand","embeddable":true,"href":"https:\/\/www.miomiorun.com\/de\/wp-json\/wp\/v2\/product_brand?post=222978"},{"taxonomy":"product_cat","embeddable":true,"href":"https:\/\/www.miomiorun.com\/de\/wp-json\/wp\/v2\/product_cat?post=222978"},{"taxonomy":"product_tag","embeddable":true,"href":"https:\/\/www.miomiorun.com\/de\/wp-json\/wp\/v2\/product_tag?post=222978"}],"curies":[{"name":"wp","href":"https:\/\/api.w.org\/{rel}","templated":true}]}}