{"id":222395,"date":"2025-01-14T15:02:05","date_gmt":"2025-01-14T14:02:05","guid":{"rendered":"https:\/\/miomiorun.com\/?post_type=product&#038;p=222395"},"modified":"2026-02-02T11:39:59","modified_gmt":"2026-02-02T10:39:59","slug":"fwd-via-herren","status":"publish","type":"product","link":"https:\/\/www.miomiorun.com\/de\/produkt\/fwd-via-herren\/","title":{"rendered":"Fwd Via herren"},"content":{"rendered":"<div class=\"vc-row container\"><div class=\"vc-column\"><div class=\"vc-column-text\"><\/p>\n<p><strong>Technische Daten<\/strong><\/p>\n<p>Kategorie: Top-D\u00e4mpfung<br \/>\nStapelh\u00f6he: 27 mm\/33 mm<br \/>\nVersatz: 4 mm<br \/>\nGewicht: 269,32 g<br \/>\nIdeal f\u00fcr: Stra\u00dfenl\u00e4ufer, die einen Schuh mit maximaler D\u00e4mpfung f\u00fcr einen noch komfortableren und effektiveren Lauf suchen, ideal f\u00fcr lange und mittlere Strecken.<br \/>\nGewicht des Athleten: &lt;70 kg<br \/>\nLauftempo: mittel (5.50 min\/km)<br \/>\n<a href=\"https:\/\/miomiorun.com\/de\/leitfaden-fuer-technische-spezifikationen\/\">Leitfaden f\u00fcr technische Spezifikationen<\/a><br \/>\n<\/div><\/div><div class=\"vc-column\"><div class=\"vc-column-text\"><\/p>\n<h2 class=\"swiper-button-container\">Machen Sie das Beste aus ihnen auf der Stra\u00dfe.<\/h2>\n<div class=\"swiper-button-container\">Mit maximaler D\u00e4mpfung, einem Rocker-Profil, einem niedrigen Drop und einem ger\u00e4umigeren Zehenraum ist die <strong>FWD VIA<\/strong> herrenversion bereit f\u00fcr den Einsatz.<br \/>\nMit einem brandneuen superkritischen Zwischensohlenschaum: Altra EGO\u2122 FLO. Dieser mit Stickstoff infundierte Schaum ist leicht, weich und sorgt f\u00fcr Komfort und D\u00e4mpfung.<br \/>\nEine geringe Sprengung von 4 mm vervollst\u00e4ndigt das Rocker-Profil des Schuhs, das Ihnen das Gef\u00fchl gibt, bei jedem Schritt vorw\u00e4rts zu kommen, und gleichzeitig eine effektive Bodenfreiheit gew\u00e4hrleistet.<\/div>\n<h3 class=\"swiper-button-container\">F\u00fcr ein so fl\u00fcssiges Laufgef\u00fchl, dass es sich anf\u00fchlt, als w\u00fcrden sie sich von alleine bewegen.<\/h3>\n<p class=\"swiper-button-container\">Das Obermaterial aus technischem Mesh sorgt f\u00fcr Atmungsaktivit\u00e4t, ohne dabei auf eine elegante \u00c4sthetik zu verzichten. Mit dem exklusiven FootShape Fit von Altra, der den Zehen mehr Bewegungsfreiheit und dem Vorfu\u00df mehr Platz bietet.<\/p>\n<div><\/div>\n<p class=\"swiper-button-container\"><strong>Also Schuhe schn\u00fcren, ein bisschen dehnen und los geht&#8217;s. Zwei Worte gen\u00fcgen, um diese Schuhe zu beschreiben: Komfort und Leichtigkeit. Es gibt nichts Besseres.<\/strong><\/p>\n<h2 class=\"text-container\">Warum werden Sie sie lieben?<\/h2>\n<p>&nbsp;<\/p>\n<p><img decoding=\"async\" class=\"e1hv7j1x3 css-nq7z2q e1j5awdb3\" src=\"https:\/\/cdn2.altrarunning.filoblu.com\/rx\/q_100,w_128,ofmt_webp\/media\/contentmanager\/content\/footshape.png\" srcset=\"https:\/\/cdn2.altrarunning.filoblu.com\/rx\/q_100,w_64,ofmt_webp\/media\/contentmanager\/content\/footshape.png 1x, https:\/\/cdn2.altrarunning.filoblu.com\/rx\/q_100,w_128,ofmt_webp\/media\/contentmanager\/content\/footshape.png 2x\" alt=\"FOOTSHAPE\u2122 TOE BOX\" data-nimg=\"fixed\" \/><\/p>\n<p><strong>FOOTSHAPE\u2122 TOE BOX<\/strong><\/p>\n<p><span data-sheets-value=\"{&quot;1&quot;:2,&quot;2&quot;:&quot;Permette alle dita dei tuoi piedi di rilassarsi e di distendersi naturalmente, garantendoti ancora pi\u00f9 comfort e stabilit\u00e0 sia in salita che in discesa.&quot;}\" data-sheets-userformat=\"{&quot;2&quot;:7043,&quot;3&quot;:{&quot;1&quot;:0},&quot;4&quot;:&#091;null,2,16777215&#093;,&quot;10&quot;:2,&quot;11&quot;:4,&quot;12&quot;:0,&quot;14&quot;:&#091;null,2,0&#093;,&quot;15&quot;:&quot;Arial, sans-serif&quot;}\">So k\u00f6nnen sich Ihre Zehen entspannen und nat\u00fcrlich strecken, was Ihnen sowohl bergauf als auch bergab noch mehr Komfort und Stabilit\u00e4t bietet.<\/span><\/p>\n<p>&nbsp;<\/p>\n<p><img decoding=\"async\" class=\"e1hv7j1x3 css-nq7z2q e1j5awdb3\" src=\"https:\/\/cdn2.altrarunning.filoblu.com\/rx\/q_100,w_128,ofmt_webp\/media\/contentmanager\/content\/240913_Shoe_Rocker_Shape__100x100.png\" srcset=\"https:\/\/cdn2.altrarunning.filoblu.com\/rx\/q_100,w_64,ofmt_webp\/media\/contentmanager\/content\/240913_Shoe_Rocker_Shape__100x100.png 1x, https:\/\/cdn2.altrarunning.filoblu.com\/rx\/q_100,w_128,ofmt_webp\/media\/contentmanager\/content\/240913_Shoe_Rocker_Shape__100x100.png 2x\" alt=\"Rocker Shape\" data-nimg=\"fixed\" \/><\/p>\n<p><strong>Rocker Shape<\/strong><\/p>\n<p>Unsere Rocker-Form wurde entwickelt, um Ihnen das Gef\u00fchl zu geben, bei jedem Schritt nach vorne zu kommen, und garantiert eine effektive Bodenfreiheit, ohne Ihren nat\u00fcrlichen Schritt zu beeintr\u00e4chtigen.<\/div><\/div><\/div>\n","protected":false},"excerpt":{"rendered":"<ul>\n<li>Supergepolsterter Schuh, ideal f\u00fcr den Stra\u00dfenlauf.<\/li>\n<li>Ideal f\u00fcr mittlere und lange Strecken.<\/li>\n<li>Tropfen 4 mm.<\/li>\n<\/ul>\n","protected":false},"featured_media":225595,"template":"","meta":{"_acf_changed":false,"inline_featured_image":false},"product_brand":[],"product_cat":[6519,6518],"product_tag":[13805,17997],"class_list":{"0":"post-222395","1":"product","2":"type-product","3":"status-publish","4":"has-post-thumbnail","6":"product_cat-herrenschuhe-outlet-de","7":"product_cat-sale-neutral-de","8":"product_tag-altra-de","9":"product_tag-altra-herren-de","10":"pa_attivita-gehen","11":"pa_attivita-running-de","12":"pa_colore-fwd-via-black-blue-de","13":"pa_colore-fwd-via-blue-yellow-de","14":"pa_marca-altra-de","15":"pa_sesso-herren","16":"pa_size-42-de","17":"pa_size-46-de","18":"pa_size-46-5-de","20":"first","21":"instock","22":"sale","23":"taxable","24":"shipping-taxable","25":"purchasable","26":"product-type-variable","27":"wvs-archive-product-wrapper"},"acf":[],"yoast_head":"<!-- This site is optimized with the Yoast SEO plugin v26.8 - https:\/\/yoast.com\/product\/yoast-seo-wordpress\/ -->\n<title>Altra Fwd Via herren - LaufschuheMioMioRun<\/title>\n<meta name=\"description\" content=\"Mit maximaler D\u00e4mpfung, einem Rocker-Profil, einem niedrigen Drop und einer ger\u00e4umigeren Zehenbox ist der FWD VIA bereit f\u00fcr den Einsatz.\" \/>\n<meta name=\"robots\" content=\"index, follow, max-snippet:-1, max-image-preview:large, max-video-preview:-1\" \/>\n<link rel=\"canonical\" href=\"https:\/\/www.miomiorun.com\/de\/produkt\/fwd-via-herren\/\" \/>\n<meta property=\"og:locale\" content=\"de_DE\" \/>\n<meta property=\"og:type\" content=\"article\" \/>\n<meta property=\"og:title\" content=\"Altra Fwd Via herren - LaufschuheMioMioRun\" \/>\n<meta property=\"og:description\" content=\"Mit maximaler D\u00e4mpfung, einem Rocker-Profil, einem niedrigen Drop und einer ger\u00e4umigeren Zehenbox ist der FWD VIA bereit f\u00fcr den Einsatz.\" \/>\n<meta property=\"og:url\" content=\"https:\/\/www.miomiorun.com\/de\/produkt\/fwd-via-herren\/\" \/>\n<meta property=\"og:site_name\" content=\"MioMioRun\" \/>\n<meta property=\"article:publisher\" content=\"https:\/\/www.facebook.com\/miomiorun\/\" \/>\n<meta property=\"article:modified_time\" content=\"2026-02-02T10:39:59+00:00\" \/>\n<meta property=\"og:image\" content=\"https:\/\/www.miomiorun.com\/app\/uploads\/2025\/01\/altra-FWD-VIA-BLK-ORN-AL0A85PN0131.webp\" \/>\n\t<meta property=\"og:image:width\" content=\"600\" \/>\n\t<meta property=\"og:image:height\" content=\"600\" \/>\n\t<meta property=\"og:image:type\" content=\"image\/webp\" \/>\n<meta name=\"twitter:card\" content=\"summary_large_image\" \/>\n<meta name=\"twitter:label1\" content=\"Est. reading time\" \/>\n\t<meta name=\"twitter:data1\" content=\"2 minutes\" \/>\n<script type=\"application\/ld+json\" class=\"yoast-schema-graph\">{\"@context\":\"https:\/\/schema.org\",\"@graph\":[{\"@type\":\"WebPage\",\"@id\":\"https:\/\/www.miomiorun.com\/de\/produkt\/fwd-via-herren\/\",\"url\":\"https:\/\/www.miomiorun.com\/de\/produkt\/fwd-via-herren\/\",\"name\":\"Altra Fwd Via herren - LaufschuheMioMioRun\",\"isPartOf\":{\"@id\":\"https:\/\/www.miomiorun.com\/de\/#website\"},\"primaryImageOfPage\":{\"@id\":\"https:\/\/www.miomiorun.com\/de\/produkt\/fwd-via-herren\/#primaryimage\"},\"image\":{\"@id\":\"https:\/\/www.miomiorun.com\/de\/produkt\/fwd-via-herren\/#primaryimage\"},\"thumbnailUrl\":\"https:\/\/www.miomiorun.com\/app\/uploads\/2025\/01\/altra-FWD-VIA-BLK-ORN-AL0A85PN0131.webp\",\"datePublished\":\"2025-01-14T14:02:05+00:00\",\"dateModified\":\"2026-02-02T10:39:59+00:00\",\"description\":\"Mit maximaler D\u00e4mpfung, einem Rocker-Profil, einem niedrigen Drop und einer ger\u00e4umigeren Zehenbox ist der FWD VIA bereit f\u00fcr den Einsatz.\",\"breadcrumb\":{\"@id\":\"https:\/\/www.miomiorun.com\/de\/produkt\/fwd-via-herren\/#breadcrumb\"},\"inLanguage\":\"de-DE\",\"potentialAction\":[{\"@type\":\"ReadAction\",\"target\":[\"https:\/\/www.miomiorun.com\/de\/produkt\/fwd-via-herren\/\"]}]},{\"@type\":\"ImageObject\",\"inLanguage\":\"de-DE\",\"@id\":\"https:\/\/www.miomiorun.com\/de\/produkt\/fwd-via-herren\/#primaryimage\",\"url\":\"https:\/\/www.miomiorun.com\/app\/uploads\/2025\/01\/altra-FWD-VIA-BLK-ORN-AL0A85PN0131.webp\",\"contentUrl\":\"https:\/\/www.miomiorun.com\/app\/uploads\/2025\/01\/altra-FWD-VIA-BLK-ORN-AL0A85PN0131.webp\",\"width\":600,\"height\":600,\"caption\":\"altra FWD VIA BLK ORN AL0A85PN0131\"},{\"@type\":\"BreadcrumbList\",\"@id\":\"https:\/\/www.miomiorun.com\/de\/produkt\/fwd-via-herren\/#breadcrumb\",\"itemListElement\":[{\"@type\":\"ListItem\",\"position\":1,\"name\":\"Home\",\"item\":\"https:\/\/www.miomiorun.com\/de\/\"},{\"@type\":\"ListItem\",\"position\":2,\"name\":\"Shop\",\"item\":\"https:\/\/www.miomiorun.com\/shop\/\"},{\"@type\":\"ListItem\",\"position\":3,\"name\":\"Fwd Via herren\"}]},{\"@type\":\"WebSite\",\"@id\":\"https:\/\/www.miomiorun.com\/de\/#website\",\"url\":\"https:\/\/www.miomiorun.com\/de\/\",\"name\":\"MioMioRun\",\"description\":\"100% Lauf- und Trailshop\",\"publisher\":{\"@id\":\"https:\/\/www.miomiorun.com\/de\/#organization\"},\"potentialAction\":[{\"@type\":\"SearchAction\",\"target\":{\"@type\":\"EntryPoint\",\"urlTemplate\":\"https:\/\/www.miomiorun.com\/de\/?s={search_term_string}\"},\"query-input\":{\"@type\":\"PropertyValueSpecification\",\"valueRequired\":true,\"valueName\":\"search_term_string\"}}],\"inLanguage\":\"de-DE\"},{\"@type\":\"Organization\",\"@id\":\"https:\/\/www.miomiorun.com\/de\/#organization\",\"name\":\"MioMio Run\",\"url\":\"https:\/\/www.miomiorun.com\/de\/\",\"logo\":{\"@type\":\"ImageObject\",\"inLanguage\":\"de-DE\",\"@id\":\"https:\/\/www.miomiorun.com\/de\/#\/schema\/logo\/image\/\",\"url\":\"https:\/\/www.miomiorun.com\/app\/uploads\/2019\/12\/logomio.png\",\"contentUrl\":\"https:\/\/www.miomiorun.com\/app\/uploads\/2019\/12\/logomio.png\",\"width\":115,\"height\":82,\"caption\":\"MioMio Run\"},\"image\":{\"@id\":\"https:\/\/www.miomiorun.com\/de\/#\/schema\/logo\/image\/\"},\"sameAs\":[\"https:\/\/www.facebook.com\/miomiorun\/\",\"https:\/\/www.instagram.com\/miomiorun\/\"]}]}<\/script>\n<!-- \/ Yoast SEO plugin. -->","yoast_head_json":{"title":"Altra Fwd Via herren - LaufschuheMioMioRun","description":"Mit maximaler D\u00e4mpfung, einem Rocker-Profil, einem niedrigen Drop und einer ger\u00e4umigeren Zehenbox ist der FWD VIA bereit f\u00fcr den Einsatz.","robots":{"index":"index","follow":"follow","max-snippet":"max-snippet:-1","max-image-preview":"max-image-preview:large","max-video-preview":"max-video-preview:-1"},"canonical":"https:\/\/www.miomiorun.com\/de\/produkt\/fwd-via-herren\/","og_locale":"de_DE","og_type":"article","og_title":"Altra Fwd Via herren - LaufschuheMioMioRun","og_description":"Mit maximaler D\u00e4mpfung, einem Rocker-Profil, einem niedrigen Drop und einer ger\u00e4umigeren Zehenbox ist der FWD VIA bereit f\u00fcr den Einsatz.","og_url":"https:\/\/www.miomiorun.com\/de\/produkt\/fwd-via-herren\/","og_site_name":"MioMioRun","article_publisher":"https:\/\/www.facebook.com\/miomiorun\/","article_modified_time":"2026-02-02T10:39:59+00:00","og_image":[{"width":600,"height":600,"url":"https:\/\/www.miomiorun.com\/app\/uploads\/2025\/01\/altra-FWD-VIA-BLK-ORN-AL0A85PN0131.webp","type":"image\/webp"}],"twitter_card":"summary_large_image","twitter_misc":{"Est. reading time":"2 minutes"},"schema":{"@context":"https:\/\/schema.org","@graph":[{"@type":"WebPage","@id":"https:\/\/www.miomiorun.com\/de\/produkt\/fwd-via-herren\/","url":"https:\/\/www.miomiorun.com\/de\/produkt\/fwd-via-herren\/","name":"Altra Fwd Via herren - LaufschuheMioMioRun","isPartOf":{"@id":"https:\/\/www.miomiorun.com\/de\/#website"},"primaryImageOfPage":{"@id":"https:\/\/www.miomiorun.com\/de\/produkt\/fwd-via-herren\/#primaryimage"},"image":{"@id":"https:\/\/www.miomiorun.com\/de\/produkt\/fwd-via-herren\/#primaryimage"},"thumbnailUrl":"https:\/\/www.miomiorun.com\/app\/uploads\/2025\/01\/altra-FWD-VIA-BLK-ORN-AL0A85PN0131.webp","datePublished":"2025-01-14T14:02:05+00:00","dateModified":"2026-02-02T10:39:59+00:00","description":"Mit maximaler D\u00e4mpfung, einem Rocker-Profil, einem niedrigen Drop und einer ger\u00e4umigeren Zehenbox ist der FWD VIA bereit f\u00fcr den Einsatz.","breadcrumb":{"@id":"https:\/\/www.miomiorun.com\/de\/produkt\/fwd-via-herren\/#breadcrumb"},"inLanguage":"de-DE","potentialAction":[{"@type":"ReadAction","target":["https:\/\/www.miomiorun.com\/de\/produkt\/fwd-via-herren\/"]}]},{"@type":"ImageObject","inLanguage":"de-DE","@id":"https:\/\/www.miomiorun.com\/de\/produkt\/fwd-via-herren\/#primaryimage","url":"https:\/\/www.miomiorun.com\/app\/uploads\/2025\/01\/altra-FWD-VIA-BLK-ORN-AL0A85PN0131.webp","contentUrl":"https:\/\/www.miomiorun.com\/app\/uploads\/2025\/01\/altra-FWD-VIA-BLK-ORN-AL0A85PN0131.webp","width":600,"height":600,"caption":"altra FWD VIA BLK ORN AL0A85PN0131"},{"@type":"BreadcrumbList","@id":"https:\/\/www.miomiorun.com\/de\/produkt\/fwd-via-herren\/#breadcrumb","itemListElement":[{"@type":"ListItem","position":1,"name":"Home","item":"https:\/\/www.miomiorun.com\/de\/"},{"@type":"ListItem","position":2,"name":"Shop","item":"https:\/\/www.miomiorun.com\/shop\/"},{"@type":"ListItem","position":3,"name":"Fwd Via herren"}]},{"@type":"WebSite","@id":"https:\/\/www.miomiorun.com\/de\/#website","url":"https:\/\/www.miomiorun.com\/de\/","name":"MioMioRun","description":"100% Lauf- und Trailshop","publisher":{"@id":"https:\/\/www.miomiorun.com\/de\/#organization"},"potentialAction":[{"@type":"SearchAction","target":{"@type":"EntryPoint","urlTemplate":"https:\/\/www.miomiorun.com\/de\/?s={search_term_string}"},"query-input":{"@type":"PropertyValueSpecification","valueRequired":true,"valueName":"search_term_string"}}],"inLanguage":"de-DE"},{"@type":"Organization","@id":"https:\/\/www.miomiorun.com\/de\/#organization","name":"MioMio Run","url":"https:\/\/www.miomiorun.com\/de\/","logo":{"@type":"ImageObject","inLanguage":"de-DE","@id":"https:\/\/www.miomiorun.com\/de\/#\/schema\/logo\/image\/","url":"https:\/\/www.miomiorun.com\/app\/uploads\/2019\/12\/logomio.png","contentUrl":"https:\/\/www.miomiorun.com\/app\/uploads\/2019\/12\/logomio.png","width":115,"height":82,"caption":"MioMio Run"},"image":{"@id":"https:\/\/www.miomiorun.com\/de\/#\/schema\/logo\/image\/"},"sameAs":["https:\/\/www.facebook.com\/miomiorun\/","https:\/\/www.instagram.com\/miomiorun\/"]}]}},"_links":{"self":[{"href":"https:\/\/www.miomiorun.com\/de\/wp-json\/wp\/v2\/product\/222395","targetHints":{"allow":["GET"]}}],"collection":[{"href":"https:\/\/www.miomiorun.com\/de\/wp-json\/wp\/v2\/product"}],"about":[{"href":"https:\/\/www.miomiorun.com\/de\/wp-json\/wp\/v2\/types\/product"}],"wp:featuredmedia":[{"embeddable":true,"href":"https:\/\/www.miomiorun.com\/de\/wp-json\/wp\/v2\/media\/225595"}],"wp:attachment":[{"href":"https:\/\/www.miomiorun.com\/de\/wp-json\/wp\/v2\/media?parent=222395"}],"wp:term":[{"taxonomy":"product_brand","embeddable":true,"href":"https:\/\/www.miomiorun.com\/de\/wp-json\/wp\/v2\/product_brand?post=222395"},{"taxonomy":"product_cat","embeddable":true,"href":"https:\/\/www.miomiorun.com\/de\/wp-json\/wp\/v2\/product_cat?post=222395"},{"taxonomy":"product_tag","embeddable":true,"href":"https:\/\/www.miomiorun.com\/de\/wp-json\/wp\/v2\/product_tag?post=222395"}],"curies":[{"name":"wp","href":"https:\/\/api.w.org\/{rel}","templated":true}]}}