{"id":222127,"date":"2025-01-13T19:14:51","date_gmt":"2025-01-13T18:14:51","guid":{"rendered":"https:\/\/miomiorun.com\/?post_type=product&#038;p=222127"},"modified":"2026-04-24T16:08:05","modified_gmt":"2026-04-24T14:08:05","slug":"catamount-4-herren","status":"publish","type":"product","link":"https:\/\/www.miomiorun.com\/de\/produkt\/catamount-4-herren\/","title":{"rendered":"Catamount 4 herren"},"content":{"rendered":"<div class=\"vc-row container\"><div class=\"vc-column\"><div class=\"vc-column-text\"><\/p>\n<h4>Technische Spezifikationen<\/h4>\n<p>Kategorie: Spitzenpolsterung<br \/>\nOffset: 6 mm<br \/>\nGewicht : 269 g<br \/>\nIdeal f\u00fcr : Athleten, die im Training und bei Trailrunning-Wettk\u00e4mpfen auf Geschwindigkeit und Reaktionsf\u00e4higkeit Wert legen und technische und anspruchsvolle Trails in Angriff nehmen, bei denen Reaktionsf\u00e4higkeit und Grip auf komplexem Terrain entscheidend sind.<br \/>\nGewicht des Athleten : 70-80 kg<br \/>\nLauftempo : mittelschnell (&lt;5.00 min\/km)<br \/>\n<a href=\"https:\/\/miomiorun.com\/de\/leitfaden-fuer-technische-spezifikationen\/\">Leitfaden f\u00fcr technische Spezifikationen<\/a><br \/>\n<\/div><\/div><div class=\"vc-column\"><div class=\"vc-column-text\">Der Brooks Catamount 4 ist ein Trailrunning-Schuh, der f\u00fcr Geschwindigkeit und Stabilit\u00e4t auf variablem Terrain entwickelt wurde. Die Zwischensohle mit stickstoffdurchsetzter DNA Flash v2 Technologie bietet reaktionsfreudige D\u00e4mpfung und hohe Energier\u00fcckgabe, ideal um anspruchsvolle Anstiege zu bew\u00e4ltigen und ein schnelles Tempo zu halten. Die TrailTack Green Gummilaufsohle aus recycelten Materialien bietet hervorragende Traktion auf trockenem und nassem Untergrund und sorgt mit 3,5 mm Stollen f\u00fcr Agilit\u00e4t und Grip. Das leichte und atmungsaktive einlagige Mesh-Obermaterial h\u00e4lt die F\u00fc\u00dfe k\u00fchl und trocken, w\u00e4hrend die integrierte SkyVault v2-Platte die Reaktionsf\u00e4higkeit und Geschwindigkeit verbessert und sich an Ihren Schritt anpasst.<\/p>\n<p><strong>Hauptmerkmale:<\/strong><\/p>\n<ul>\n<li><strong>Reaktive D\u00e4mpfung:<\/strong> Die mit Stickstoff infundierte DNA Flash v2 Zwischensohle bietet eine leichte D\u00e4mpfung mit hoher Energier\u00fcckgabe und f\u00f6rdert einen effizienteren Lauf.<\/li>\n<li><strong>All-Terrain-Traktion:<\/strong> Die TrailTack Green Gummilaufsohle mit 3,5 mm Stollen bietet Grip auf trockenen und nassen Oberfl\u00e4chen und erh\u00f6ht die Laufsicherheit.<\/li>\n<li><strong>Leicht und atmungsaktiv:<\/strong> Das einlagige Mesh-Obermaterial sorgt f\u00fcr eine leichte Passform und optimale Bel\u00fcftung und h\u00e4lt die F\u00fc\u00dfe auch bei l\u00e4ngerer Anstrengung k\u00fchl.<\/li>\n<li><strong>SkyVault v2 Platte:<\/strong> Die integrierte Platte in der Zwischensohle verbessert die Reaktionsf\u00e4higkeit und Geschwindigkeit, passt sich Ihrem Schritt an und bietet mehr Effizienz bei Anstiegen.<\/li>\n<\/ul>\n<p><strong>Warum den Brooks Catamount 4 w\u00e4hlen?<\/strong><\/p>\n<p>Der Brooks Catamount 4 ist die ideale Wahl f\u00fcr Trail-L\u00e4ufer, die Geschwindigkeit, Reaktionsf\u00e4higkeit und Stabilit\u00e4t auf variablen Trails kombinieren m\u00f6chten. Mit fortschrittlicher D\u00e4mpfung, \u00fcberlegene Traktion und ein leichtes, atmungsaktives Design, werden diese Schuhe k\u00f6nnen Sie auch die anspruchsvollsten Trails mit Vertrauen und Agilit\u00e4t zu bew\u00e4ltigen, die Verbesserung Ihrer Leistung und Komfort beim Laufen.<\/p>\n<p>Entdecken Sie den Brooks Catamount 4 und bringen Sie Ihr Trailrunning-Erlebnis auf die n\u00e4chste Stufe.<\/div><\/div><\/div>\n","protected":false},"excerpt":{"rendered":"<ul>\n<li><strong>Reaktive D\u00e4mpfung:<\/strong> Die DNA Flash v2 Zwischensohle bietet eine hohe Energier\u00fcckgabe und f\u00f6rdert ein effizientes Laufgef\u00fchl.<\/li>\n<li><strong>Hervorragende Traktion:<\/strong> Die TrailTack Green-Au\u00dfensohle bietet optimalen Grip auf trockenen und nassen Oberfl\u00e4chen.<\/li>\n<li><strong>Leichtigkeit und Komfort:<\/strong> Das einlagige Mesh-Obermaterial sorgt f\u00fcr Atmungsaktivit\u00e4t und eine bequeme Passform.<\/li>\n<\/ul>\n","protected":false},"featured_media":400965,"template":"","meta":{"_acf_changed":false,"inline_featured_image":false},"product_brand":[],"product_cat":[6507,6504],"product_tag":[3362,6207],"class_list":{"0":"post-222127","1":"product","2":"type-product","3":"status-publish","4":"has-post-thumbnail","6":"product_cat-herren-schuhe-de","7":"product_cat-trail","8":"product_tag-brooks-de","9":"product_tag-brooks-herren-de","10":"pa_attivita-outdoor-de","11":"pa_attivita-trail-de","12":"pa_colore-catamount-4-black-lime-blue-de","13":"pa_colore-catamount-4-green-green-gecko-atlantic-d","14":"pa_colore-catamount-4-legion-blue-celestial-flame-de","15":"pa_colore-catamount-4-quince-celestial-neo-ember-de","16":"pa_marca-brooks-de","17":"pa_sesso-herren","18":"pa_size-41-de","19":"pa_size-42-de","20":"pa_size-42-5-de","21":"pa_size-43-de","22":"pa_size-44-de","23":"pa_size-45-de","24":"pa_size-45-5-de","26":"first","27":"instock","28":"sale","29":"taxable","30":"shipping-taxable","31":"purchasable","32":"product-type-variable","33":"wvs-archive-product-wrapper"},"acf":[],"yoast_head":"<!-- This site is optimized with the Yoast SEO plugin v26.8 - https:\/\/yoast.com\/product\/yoast-seo-wordpress\/ -->\n<title>Brooks Catamount 4 herren - Herren-Trailschuhe MioMioRun.com<\/title>\n<meta name=\"description\" content=\"Brooks Catamount 4: Leichter, reaktionsfreudiger Trail-Schuh mit fortschrittlicher D\u00e4mpfung und hervorragender Traktion f\u00fcr variables Terrain.\" \/>\n<meta name=\"robots\" content=\"index, follow, max-snippet:-1, max-image-preview:large, max-video-preview:-1\" \/>\n<link rel=\"canonical\" href=\"https:\/\/www.miomiorun.com\/de\/produkt\/catamount-4-herren\/\" \/>\n<meta property=\"og:locale\" content=\"de_DE\" \/>\n<meta property=\"og:type\" content=\"article\" \/>\n<meta property=\"og:title\" content=\"Brooks Catamount 4 herren - Herren-Trailschuhe MioMioRun.com\" \/>\n<meta property=\"og:description\" content=\"Brooks Catamount 4: Leichter, reaktionsfreudiger Trail-Schuh mit fortschrittlicher D\u00e4mpfung und hervorragender Traktion f\u00fcr variables Terrain.\" \/>\n<meta property=\"og:url\" content=\"https:\/\/www.miomiorun.com\/de\/produkt\/catamount-4-herren\/\" \/>\n<meta property=\"og:site_name\" content=\"MioMioRun\" \/>\n<meta property=\"article:publisher\" content=\"https:\/\/www.facebook.com\/miomiorun\/\" \/>\n<meta property=\"article:modified_time\" content=\"2026-04-24T14:08:05+00:00\" \/>\n<meta property=\"og:image\" content=\"https:\/\/www.miomiorun.com\/app\/uploads\/2025\/01\/brooks-Catamount-4-quince-celestial-neo-ember-1104411D721.webp\" \/>\n\t<meta property=\"og:image:width\" content=\"600\" \/>\n\t<meta property=\"og:image:height\" content=\"600\" \/>\n\t<meta property=\"og:image:type\" content=\"image\/webp\" \/>\n<meta name=\"twitter:card\" content=\"summary_large_image\" \/>\n<meta name=\"twitter:label1\" content=\"Est. reading time\" \/>\n\t<meta name=\"twitter:data1\" content=\"2 minutes\" \/>\n<script type=\"application\/ld+json\" class=\"yoast-schema-graph\">{\"@context\":\"https:\/\/schema.org\",\"@graph\":[{\"@type\":\"WebPage\",\"@id\":\"https:\/\/www.miomiorun.com\/de\/produkt\/catamount-4-herren\/\",\"url\":\"https:\/\/www.miomiorun.com\/de\/produkt\/catamount-4-herren\/\",\"name\":\"Brooks Catamount 4 herren - Herren-Trailschuhe MioMioRun.com\",\"isPartOf\":{\"@id\":\"https:\/\/www.miomiorun.com\/de\/#website\"},\"primaryImageOfPage\":{\"@id\":\"https:\/\/www.miomiorun.com\/de\/produkt\/catamount-4-herren\/#primaryimage\"},\"image\":{\"@id\":\"https:\/\/www.miomiorun.com\/de\/produkt\/catamount-4-herren\/#primaryimage\"},\"thumbnailUrl\":\"https:\/\/www.miomiorun.com\/app\/uploads\/2026\/02\/brooks-Catamount-4-green-green-gecko-atlantic-d-1104411D360.webp\",\"datePublished\":\"2025-01-13T18:14:51+00:00\",\"dateModified\":\"2026-04-24T14:08:05+00:00\",\"description\":\"Brooks Catamount 4: Leichter, reaktionsfreudiger Trail-Schuh mit fortschrittlicher D\u00e4mpfung und hervorragender Traktion f\u00fcr variables Terrain.\",\"breadcrumb\":{\"@id\":\"https:\/\/www.miomiorun.com\/de\/produkt\/catamount-4-herren\/#breadcrumb\"},\"inLanguage\":\"de-DE\",\"potentialAction\":[{\"@type\":\"ReadAction\",\"target\":[\"https:\/\/www.miomiorun.com\/de\/produkt\/catamount-4-herren\/\"]}]},{\"@type\":\"ImageObject\",\"inLanguage\":\"de-DE\",\"@id\":\"https:\/\/www.miomiorun.com\/de\/produkt\/catamount-4-herren\/#primaryimage\",\"url\":\"https:\/\/www.miomiorun.com\/app\/uploads\/2026\/02\/brooks-Catamount-4-green-green-gecko-atlantic-d-1104411D360.webp\",\"contentUrl\":\"https:\/\/www.miomiorun.com\/app\/uploads\/2026\/02\/brooks-Catamount-4-green-green-gecko-atlantic-d-1104411D360.webp\",\"width\":720,\"height\":720,\"caption\":\"brooks Catamount 4 green green gecko atlantic d 1104411D360\"},{\"@type\":\"BreadcrumbList\",\"@id\":\"https:\/\/www.miomiorun.com\/de\/produkt\/catamount-4-herren\/#breadcrumb\",\"itemListElement\":[{\"@type\":\"ListItem\",\"position\":1,\"name\":\"Home\",\"item\":\"https:\/\/www.miomiorun.com\/de\/\"},{\"@type\":\"ListItem\",\"position\":2,\"name\":\"Shop\",\"item\":\"https:\/\/www.miomiorun.com\/shop\/\"},{\"@type\":\"ListItem\",\"position\":3,\"name\":\"Catamount 4 herren\"}]},{\"@type\":\"WebSite\",\"@id\":\"https:\/\/www.miomiorun.com\/de\/#website\",\"url\":\"https:\/\/www.miomiorun.com\/de\/\",\"name\":\"MioMioRun\",\"description\":\"100% Lauf- und Trailshop\",\"publisher\":{\"@id\":\"https:\/\/www.miomiorun.com\/de\/#organization\"},\"potentialAction\":[{\"@type\":\"SearchAction\",\"target\":{\"@type\":\"EntryPoint\",\"urlTemplate\":\"https:\/\/www.miomiorun.com\/de\/?s={search_term_string}\"},\"query-input\":{\"@type\":\"PropertyValueSpecification\",\"valueRequired\":true,\"valueName\":\"search_term_string\"}}],\"inLanguage\":\"de-DE\"},{\"@type\":\"Organization\",\"@id\":\"https:\/\/www.miomiorun.com\/de\/#organization\",\"name\":\"MioMio Run\",\"url\":\"https:\/\/www.miomiorun.com\/de\/\",\"logo\":{\"@type\":\"ImageObject\",\"inLanguage\":\"de-DE\",\"@id\":\"https:\/\/www.miomiorun.com\/de\/#\/schema\/logo\/image\/\",\"url\":\"https:\/\/www.miomiorun.com\/app\/uploads\/2019\/12\/logomio.png\",\"contentUrl\":\"https:\/\/www.miomiorun.com\/app\/uploads\/2019\/12\/logomio.png\",\"width\":115,\"height\":82,\"caption\":\"MioMio Run\"},\"image\":{\"@id\":\"https:\/\/www.miomiorun.com\/de\/#\/schema\/logo\/image\/\"},\"sameAs\":[\"https:\/\/www.facebook.com\/miomiorun\/\",\"https:\/\/www.instagram.com\/miomiorun\/\"]}]}<\/script>\n<!-- \/ Yoast SEO plugin. -->","yoast_head_json":{"title":"Brooks Catamount 4 herren - Herren-Trailschuhe MioMioRun.com","description":"Brooks Catamount 4: Leichter, reaktionsfreudiger Trail-Schuh mit fortschrittlicher D\u00e4mpfung und hervorragender Traktion f\u00fcr variables Terrain.","robots":{"index":"index","follow":"follow","max-snippet":"max-snippet:-1","max-image-preview":"max-image-preview:large","max-video-preview":"max-video-preview:-1"},"canonical":"https:\/\/www.miomiorun.com\/de\/produkt\/catamount-4-herren\/","og_locale":"de_DE","og_type":"article","og_title":"Brooks Catamount 4 herren - Herren-Trailschuhe MioMioRun.com","og_description":"Brooks Catamount 4: Leichter, reaktionsfreudiger Trail-Schuh mit fortschrittlicher D\u00e4mpfung und hervorragender Traktion f\u00fcr variables Terrain.","og_url":"https:\/\/www.miomiorun.com\/de\/produkt\/catamount-4-herren\/","og_site_name":"MioMioRun","article_publisher":"https:\/\/www.facebook.com\/miomiorun\/","article_modified_time":"2026-04-24T14:08:05+00:00","og_image":[{"width":600,"height":600,"url":"https:\/\/www.miomiorun.com\/app\/uploads\/2025\/01\/brooks-Catamount-4-quince-celestial-neo-ember-1104411D721.webp","type":"image\/webp"}],"twitter_card":"summary_large_image","twitter_misc":{"Est. reading time":"2 minutes"},"schema":{"@context":"https:\/\/schema.org","@graph":[{"@type":"WebPage","@id":"https:\/\/www.miomiorun.com\/de\/produkt\/catamount-4-herren\/","url":"https:\/\/www.miomiorun.com\/de\/produkt\/catamount-4-herren\/","name":"Brooks Catamount 4 herren - Herren-Trailschuhe MioMioRun.com","isPartOf":{"@id":"https:\/\/www.miomiorun.com\/de\/#website"},"primaryImageOfPage":{"@id":"https:\/\/www.miomiorun.com\/de\/produkt\/catamount-4-herren\/#primaryimage"},"image":{"@id":"https:\/\/www.miomiorun.com\/de\/produkt\/catamount-4-herren\/#primaryimage"},"thumbnailUrl":"https:\/\/www.miomiorun.com\/app\/uploads\/2026\/02\/brooks-Catamount-4-green-green-gecko-atlantic-d-1104411D360.webp","datePublished":"2025-01-13T18:14:51+00:00","dateModified":"2026-04-24T14:08:05+00:00","description":"Brooks Catamount 4: Leichter, reaktionsfreudiger Trail-Schuh mit fortschrittlicher D\u00e4mpfung und hervorragender Traktion f\u00fcr variables Terrain.","breadcrumb":{"@id":"https:\/\/www.miomiorun.com\/de\/produkt\/catamount-4-herren\/#breadcrumb"},"inLanguage":"de-DE","potentialAction":[{"@type":"ReadAction","target":["https:\/\/www.miomiorun.com\/de\/produkt\/catamount-4-herren\/"]}]},{"@type":"ImageObject","inLanguage":"de-DE","@id":"https:\/\/www.miomiorun.com\/de\/produkt\/catamount-4-herren\/#primaryimage","url":"https:\/\/www.miomiorun.com\/app\/uploads\/2026\/02\/brooks-Catamount-4-green-green-gecko-atlantic-d-1104411D360.webp","contentUrl":"https:\/\/www.miomiorun.com\/app\/uploads\/2026\/02\/brooks-Catamount-4-green-green-gecko-atlantic-d-1104411D360.webp","width":720,"height":720,"caption":"brooks Catamount 4 green green gecko atlantic d 1104411D360"},{"@type":"BreadcrumbList","@id":"https:\/\/www.miomiorun.com\/de\/produkt\/catamount-4-herren\/#breadcrumb","itemListElement":[{"@type":"ListItem","position":1,"name":"Home","item":"https:\/\/www.miomiorun.com\/de\/"},{"@type":"ListItem","position":2,"name":"Shop","item":"https:\/\/www.miomiorun.com\/shop\/"},{"@type":"ListItem","position":3,"name":"Catamount 4 herren"}]},{"@type":"WebSite","@id":"https:\/\/www.miomiorun.com\/de\/#website","url":"https:\/\/www.miomiorun.com\/de\/","name":"MioMioRun","description":"100% Lauf- und Trailshop","publisher":{"@id":"https:\/\/www.miomiorun.com\/de\/#organization"},"potentialAction":[{"@type":"SearchAction","target":{"@type":"EntryPoint","urlTemplate":"https:\/\/www.miomiorun.com\/de\/?s={search_term_string}"},"query-input":{"@type":"PropertyValueSpecification","valueRequired":true,"valueName":"search_term_string"}}],"inLanguage":"de-DE"},{"@type":"Organization","@id":"https:\/\/www.miomiorun.com\/de\/#organization","name":"MioMio Run","url":"https:\/\/www.miomiorun.com\/de\/","logo":{"@type":"ImageObject","inLanguage":"de-DE","@id":"https:\/\/www.miomiorun.com\/de\/#\/schema\/logo\/image\/","url":"https:\/\/www.miomiorun.com\/app\/uploads\/2019\/12\/logomio.png","contentUrl":"https:\/\/www.miomiorun.com\/app\/uploads\/2019\/12\/logomio.png","width":115,"height":82,"caption":"MioMio Run"},"image":{"@id":"https:\/\/www.miomiorun.com\/de\/#\/schema\/logo\/image\/"},"sameAs":["https:\/\/www.facebook.com\/miomiorun\/","https:\/\/www.instagram.com\/miomiorun\/"]}]}},"_links":{"self":[{"href":"https:\/\/www.miomiorun.com\/de\/wp-json\/wp\/v2\/product\/222127","targetHints":{"allow":["GET"]}}],"collection":[{"href":"https:\/\/www.miomiorun.com\/de\/wp-json\/wp\/v2\/product"}],"about":[{"href":"https:\/\/www.miomiorun.com\/de\/wp-json\/wp\/v2\/types\/product"}],"wp:featuredmedia":[{"embeddable":true,"href":"https:\/\/www.miomiorun.com\/de\/wp-json\/wp\/v2\/media\/400965"}],"wp:attachment":[{"href":"https:\/\/www.miomiorun.com\/de\/wp-json\/wp\/v2\/media?parent=222127"}],"wp:term":[{"taxonomy":"product_brand","embeddable":true,"href":"https:\/\/www.miomiorun.com\/de\/wp-json\/wp\/v2\/product_brand?post=222127"},{"taxonomy":"product_cat","embeddable":true,"href":"https:\/\/www.miomiorun.com\/de\/wp-json\/wp\/v2\/product_cat?post=222127"},{"taxonomy":"product_tag","embeddable":true,"href":"https:\/\/www.miomiorun.com\/de\/wp-json\/wp\/v2\/product_tag?post=222127"}],"curies":[{"name":"wp","href":"https:\/\/api.w.org\/{rel}","templated":true}]}}