{"id":221327,"date":"2025-01-08T16:45:40","date_gmt":"2025-01-08T15:45:40","guid":{"rendered":"https:\/\/miomiorun.com\/?post_type=product&#038;p=221327"},"modified":"2025-12-02T21:35:25","modified_gmt":"2025-12-02T20:35:25","slug":"bondi-9-herren","status":"publish","type":"product","link":"https:\/\/www.miomiorun.com\/de\/produkt\/bondi-9-herren\/","title":{"rendered":"Bondi 9 herren"},"content":{"rendered":"<div class=\"vc-row container\"><div class=\"vc-column\"><div class=\"vc-column-text\">[port_content_box border_top_colour=&#8221;black&#8221; border_radius=&#8221;20&#8243; border_top_width=&#8221;3&#8243; align=&#8221;centre&#8221;]<\/p>\n<h4>Technische Daten<\/h4>\n<p>Kategorie: Strukturierte D\u00e4mpfung<br \/>\nVersatz: 5 mm<br \/>\nGewicht: 297 g<br \/>\nIdeal f\u00fcr: mittelschwere bis schwere L\u00e4ufer und Walker mit neutralem Fu\u00df, die ein Modell mit maximaler D\u00e4mpfung und Struktur suchen, um lange Strecken zu laufen oder sogar zu gehen.<br \/>\nGewicht des Athleten : &gt;80 kg<br \/>\nLauftempo: langsam (&gt;6 min\/km)<br \/>\n<a href=\"https:\/\/miomiorun.com\/de\/leitfaden-fuer-technische-spezifikationen\/\">Leitfaden f\u00fcr technische Spezifikationen<\/a><\/p>\n<p>[\/porto_content_box]<\/div><\/div><div class=\"vc-column\"><div class=\"vc-column-text\"><\/p>\n<h3>Der Bondi 9 f\u00fcr Herren ist einer der widerstandsf\u00e4higsten Schuhe im HOKA-Sortiment und bietet die ultimative Weichheit, um jeden Tag Kilometer zu schaffen.<\/h3>\n<p>V\u00f6llig neu gestaltet, verf\u00fcgt er \u00fcber einen h\u00f6heren Stack und eine neue Premium-Schaumstoff-Zwischensohle, die das weiche und elastische Tragegef\u00fchl liefert, das zum Synonym f\u00fcr den Bondi geworden ist. Der 3D-geformte Kragen und das strukturierte Obermaterial aus Textil mit zonenspezifischer Atmungsaktivit\u00e4t erg\u00e4nzen dieses ultra-ged\u00e4mpfte Kultmodell mit Durabrasion Rubber an den am st\u00e4rksten beanspruchten Stellen.<\/p>\n<h3>Geeignet f\u00fcr:<\/h3>\n<ul>\n<li>Stra\u00dfe<\/li>\n<li>Wandern<\/li>\n<\/ul>\n<h3>MERKMALE:<\/h3>\n<ul>\n<li>3D-geformter Kragen<\/li>\n<li>EVA in einem innovativen Verfahren verarbeitet<\/li>\n<li>Technisches Mesh mit recyceltem Polyester (55%)<\/li>\n<li>Reflektierende Details auf dem Obermaterial<\/li>\n<li>Verl\u00e4ngerter Fersenzieher<\/li>\n<li>MetaRocker\u2122 Fl\u00fcssigkeit<\/li>\n<li>Active Foot Frame\u2122 konzentriert auf den R\u00fcckfu\u00df<\/li>\n<li>Geformte EVA-Einlegesohle<\/li>\n<li>Abriebfeste Gummi-Au\u00dfensohle<\/li>\n<\/ul>\n<h3>Neu<\/h3>\n<p>Die D\u00e4mpfung unter der Sohle wurde durch einen in einem innovativen Verfahren aufgebrachten Schaumstoff verbessert, die Stack-H\u00f6he wurde um 2 mm erh\u00f6ht, der Kragen wurde modifiziert und das Obermaterial aus Textil wurde f\u00fcr eine bequemere Passform angepasst.<\/p>\n<h3>Stabilit\u00e4t<\/h3>\n<p>Der Bondi 9 verf\u00fcgt \u00fcber ein symmetrisches, gepolstertes Bett ohne zus\u00e4tzliche orthop\u00e4dische Technologie. Entwickelt, um Ihnen die Unterst\u00fctzung zu geben, die Sie brauchen, ohne \u00fcberfl\u00fcssige Funktionen.<\/p>\n<h3>D\u00e4mpfung<\/h3>\n<p>Der Bondi 9 verf\u00fcgt \u00fcber ein h\u00f6heres Bett aus weicher D\u00e4mpfung, das f\u00fcr ein sanfteres Aufprall- und Tragegef\u00fchl sorgt.<\/div><\/div><\/div>\n","protected":false},"excerpt":{"rendered":"<ul>\n<li>Idealer Schuh zum Wandern.<\/li>\n<li>Maximale Weichheit, um jeden Tag Kilometer zu machen.<\/li>\n<\/ul>\n","protected":false},"featured_media":398618,"template":"","meta":{"_acf_changed":false,"inline_featured_image":false},"product_brand":[],"product_cat":[6507,6506],"product_tag":[3373,6226],"class_list":{"0":"post-221327","1":"product","2":"type-product","3":"status-publish","4":"has-post-thumbnail","6":"product_cat-herren-schuhe-de","7":"product_cat-neutrale-herren-schuhe-de","8":"product_tag-hoka-one-one-de","9":"product_tag-hoka-one-one-herren-de","10":"pa_attivita-gehen","11":"pa_attivita-running-de","12":"pa_colore-bondi-9-black-vermillion-de","13":"pa_colore-bondi-9-cobalt-blue-ultramarine","14":"pa_colore-bondi-9-grout-neon-yuzu","15":"pa_colore-bondi-9-neon-yuzu-sunlight","16":"pa_marca-hoka-de","17":"pa_sesso-herren","18":"pa_size-41-de","19":"pa_size-42-de","21":"pa_size-43-de","22":"pa_size-44-de","24":"pa_size-45-de","25":"pa_size-46-de","27":"pa_size-47-de","28":"pa_size-48-de","30":"first","31":"instock","32":"sale","33":"taxable","34":"shipping-taxable","35":"purchasable","36":"product-type-variable","37":"wvs-archive-product-wrapper"},"acf":[],"yoast_head":"<!-- This site is optimized with the Yoast SEO plugin v26.8 - https:\/\/yoast.com\/product\/yoast-seo-wordpress\/ -->\n<title>Hoka One One Bondi 9 herren - Laufschuhe - MioMioRun.com<\/title>\n<meta name=\"description\" content=\"La Bondi 9 \u00e8 una delle scarpe pi\u00f9 resistenti della gamma HOKA e offre la massima morbidezza per percorrere chilometri ogni giorno. Completamente rinnovate\" \/>\n<meta name=\"robots\" content=\"index, follow, max-snippet:-1, max-image-preview:large, max-video-preview:-1\" \/>\n<link rel=\"canonical\" href=\"https:\/\/www.miomiorun.com\/de\/produkt\/bondi-9-herren\/\" \/>\n<meta property=\"og:locale\" content=\"de_DE\" \/>\n<meta property=\"og:type\" content=\"article\" \/>\n<meta property=\"og:title\" content=\"Hoka One One Bondi 9 herren - Laufschuhe - MioMioRun.com\" \/>\n<meta property=\"og:description\" content=\"La Bondi 9 \u00e8 una delle scarpe pi\u00f9 resistenti della gamma HOKA e offre la massima morbidezza per percorrere chilometri ogni giorno. Completamente rinnovate\" \/>\n<meta property=\"og:url\" content=\"https:\/\/www.miomiorun.com\/de\/produkt\/bondi-9-herren\/\" \/>\n<meta property=\"og:site_name\" content=\"MioMioRun\" \/>\n<meta property=\"article:publisher\" content=\"https:\/\/www.facebook.com\/miomiorun\/\" \/>\n<meta property=\"article:modified_time\" content=\"2025-12-02T20:35:25+00:00\" \/>\n<meta property=\"og:image\" content=\"https:\/\/www.miomiorun.com\/app\/uploads\/2026\/02\/hoka-Bondi-9-neon-yuzu-sunlight-1162011-NYZS.webp\" \/>\n\t<meta property=\"og:image:width\" content=\"720\" \/>\n\t<meta property=\"og:image:height\" content=\"720\" \/>\n\t<meta property=\"og:image:type\" content=\"image\/webp\" \/>\n<meta name=\"twitter:card\" content=\"summary_large_image\" \/>\n<meta name=\"twitter:label1\" content=\"Est. reading time\" \/>\n\t<meta name=\"twitter:data1\" content=\"2 minutes\" \/>\n<script type=\"application\/ld+json\" class=\"yoast-schema-graph\">{\"@context\":\"https:\/\/schema.org\",\"@graph\":[{\"@type\":\"WebPage\",\"@id\":\"https:\/\/www.miomiorun.com\/de\/produkt\/bondi-9-herren\/\",\"url\":\"https:\/\/www.miomiorun.com\/de\/produkt\/bondi-9-herren\/\",\"name\":\"Hoka One One Bondi 9 herren - Laufschuhe - MioMioRun.com\",\"isPartOf\":{\"@id\":\"https:\/\/www.miomiorun.com\/de\/#website\"},\"primaryImageOfPage\":{\"@id\":\"https:\/\/www.miomiorun.com\/de\/produkt\/bondi-9-herren\/#primaryimage\"},\"image\":{\"@id\":\"https:\/\/www.miomiorun.com\/de\/produkt\/bondi-9-herren\/#primaryimage\"},\"thumbnailUrl\":\"https:\/\/www.miomiorun.com\/app\/uploads\/2026\/02\/hoka-Bondi-9-neon-yuzu-sunlight-1162011-NYZS.webp\",\"datePublished\":\"2025-01-08T15:45:40+00:00\",\"dateModified\":\"2025-12-02T20:35:25+00:00\",\"description\":\"La Bondi 9 \u00e8 una delle scarpe pi\u00f9 resistenti della gamma HOKA e offre la massima morbidezza per percorrere chilometri ogni giorno. Completamente rinnovate\",\"breadcrumb\":{\"@id\":\"https:\/\/www.miomiorun.com\/de\/produkt\/bondi-9-herren\/#breadcrumb\"},\"inLanguage\":\"de-DE\",\"potentialAction\":[{\"@type\":\"ReadAction\",\"target\":[\"https:\/\/www.miomiorun.com\/de\/produkt\/bondi-9-herren\/\"]}]},{\"@type\":\"ImageObject\",\"inLanguage\":\"de-DE\",\"@id\":\"https:\/\/www.miomiorun.com\/de\/produkt\/bondi-9-herren\/#primaryimage\",\"url\":\"https:\/\/www.miomiorun.com\/app\/uploads\/2026\/02\/hoka-Bondi-9-neon-yuzu-sunlight-1162011-NYZS.webp\",\"contentUrl\":\"https:\/\/www.miomiorun.com\/app\/uploads\/2026\/02\/hoka-Bondi-9-neon-yuzu-sunlight-1162011-NYZS.webp\",\"width\":720,\"height\":720,\"caption\":\"hoka Bondi 9 neon yuzu sunlight 1162011 NYZS\"},{\"@type\":\"BreadcrumbList\",\"@id\":\"https:\/\/www.miomiorun.com\/de\/produkt\/bondi-9-herren\/#breadcrumb\",\"itemListElement\":[{\"@type\":\"ListItem\",\"position\":1,\"name\":\"Home\",\"item\":\"https:\/\/www.miomiorun.com\/de\/\"},{\"@type\":\"ListItem\",\"position\":2,\"name\":\"Shop\",\"item\":\"https:\/\/www.miomiorun.com\/shop\/\"},{\"@type\":\"ListItem\",\"position\":3,\"name\":\"Bondi 9 herren\"}]},{\"@type\":\"WebSite\",\"@id\":\"https:\/\/www.miomiorun.com\/de\/#website\",\"url\":\"https:\/\/www.miomiorun.com\/de\/\",\"name\":\"MioMioRun\",\"description\":\"100% Lauf- und Trailshop\",\"publisher\":{\"@id\":\"https:\/\/www.miomiorun.com\/de\/#organization\"},\"potentialAction\":[{\"@type\":\"SearchAction\",\"target\":{\"@type\":\"EntryPoint\",\"urlTemplate\":\"https:\/\/www.miomiorun.com\/de\/?s={search_term_string}\"},\"query-input\":{\"@type\":\"PropertyValueSpecification\",\"valueRequired\":true,\"valueName\":\"search_term_string\"}}],\"inLanguage\":\"de-DE\"},{\"@type\":\"Organization\",\"@id\":\"https:\/\/www.miomiorun.com\/de\/#organization\",\"name\":\"MioMio Run\",\"url\":\"https:\/\/www.miomiorun.com\/de\/\",\"logo\":{\"@type\":\"ImageObject\",\"inLanguage\":\"de-DE\",\"@id\":\"https:\/\/www.miomiorun.com\/de\/#\/schema\/logo\/image\/\",\"url\":\"https:\/\/www.miomiorun.com\/app\/uploads\/2019\/12\/logomio.png\",\"contentUrl\":\"https:\/\/www.miomiorun.com\/app\/uploads\/2019\/12\/logomio.png\",\"width\":115,\"height\":82,\"caption\":\"MioMio Run\"},\"image\":{\"@id\":\"https:\/\/www.miomiorun.com\/de\/#\/schema\/logo\/image\/\"},\"sameAs\":[\"https:\/\/www.facebook.com\/miomiorun\/\",\"https:\/\/www.instagram.com\/miomiorun\/\"]}]}<\/script>\n<!-- \/ Yoast SEO plugin. -->","yoast_head_json":{"title":"Hoka One One Bondi 9 herren - Laufschuhe - MioMioRun.com","description":"La Bondi 9 \u00e8 una delle scarpe pi\u00f9 resistenti della gamma HOKA e offre la massima morbidezza per percorrere chilometri ogni giorno. Completamente rinnovate","robots":{"index":"index","follow":"follow","max-snippet":"max-snippet:-1","max-image-preview":"max-image-preview:large","max-video-preview":"max-video-preview:-1"},"canonical":"https:\/\/www.miomiorun.com\/de\/produkt\/bondi-9-herren\/","og_locale":"de_DE","og_type":"article","og_title":"Hoka One One Bondi 9 herren - Laufschuhe - MioMioRun.com","og_description":"La Bondi 9 \u00e8 una delle scarpe pi\u00f9 resistenti della gamma HOKA e offre la massima morbidezza per percorrere chilometri ogni giorno. Completamente rinnovate","og_url":"https:\/\/www.miomiorun.com\/de\/produkt\/bondi-9-herren\/","og_site_name":"MioMioRun","article_publisher":"https:\/\/www.facebook.com\/miomiorun\/","article_modified_time":"2025-12-02T20:35:25+00:00","og_image":[{"width":720,"height":720,"url":"https:\/\/www.miomiorun.com\/app\/uploads\/2026\/02\/hoka-Bondi-9-neon-yuzu-sunlight-1162011-NYZS.webp","type":"image\/webp"}],"twitter_card":"summary_large_image","twitter_misc":{"Est. reading time":"2 minutes"},"schema":{"@context":"https:\/\/schema.org","@graph":[{"@type":"WebPage","@id":"https:\/\/www.miomiorun.com\/de\/produkt\/bondi-9-herren\/","url":"https:\/\/www.miomiorun.com\/de\/produkt\/bondi-9-herren\/","name":"Hoka One One Bondi 9 herren - Laufschuhe - MioMioRun.com","isPartOf":{"@id":"https:\/\/www.miomiorun.com\/de\/#website"},"primaryImageOfPage":{"@id":"https:\/\/www.miomiorun.com\/de\/produkt\/bondi-9-herren\/#primaryimage"},"image":{"@id":"https:\/\/www.miomiorun.com\/de\/produkt\/bondi-9-herren\/#primaryimage"},"thumbnailUrl":"https:\/\/www.miomiorun.com\/app\/uploads\/2026\/02\/hoka-Bondi-9-neon-yuzu-sunlight-1162011-NYZS.webp","datePublished":"2025-01-08T15:45:40+00:00","dateModified":"2025-12-02T20:35:25+00:00","description":"La Bondi 9 \u00e8 una delle scarpe pi\u00f9 resistenti della gamma HOKA e offre la massima morbidezza per percorrere chilometri ogni giorno. Completamente rinnovate","breadcrumb":{"@id":"https:\/\/www.miomiorun.com\/de\/produkt\/bondi-9-herren\/#breadcrumb"},"inLanguage":"de-DE","potentialAction":[{"@type":"ReadAction","target":["https:\/\/www.miomiorun.com\/de\/produkt\/bondi-9-herren\/"]}]},{"@type":"ImageObject","inLanguage":"de-DE","@id":"https:\/\/www.miomiorun.com\/de\/produkt\/bondi-9-herren\/#primaryimage","url":"https:\/\/www.miomiorun.com\/app\/uploads\/2026\/02\/hoka-Bondi-9-neon-yuzu-sunlight-1162011-NYZS.webp","contentUrl":"https:\/\/www.miomiorun.com\/app\/uploads\/2026\/02\/hoka-Bondi-9-neon-yuzu-sunlight-1162011-NYZS.webp","width":720,"height":720,"caption":"hoka Bondi 9 neon yuzu sunlight 1162011 NYZS"},{"@type":"BreadcrumbList","@id":"https:\/\/www.miomiorun.com\/de\/produkt\/bondi-9-herren\/#breadcrumb","itemListElement":[{"@type":"ListItem","position":1,"name":"Home","item":"https:\/\/www.miomiorun.com\/de\/"},{"@type":"ListItem","position":2,"name":"Shop","item":"https:\/\/www.miomiorun.com\/shop\/"},{"@type":"ListItem","position":3,"name":"Bondi 9 herren"}]},{"@type":"WebSite","@id":"https:\/\/www.miomiorun.com\/de\/#website","url":"https:\/\/www.miomiorun.com\/de\/","name":"MioMioRun","description":"100% Lauf- und Trailshop","publisher":{"@id":"https:\/\/www.miomiorun.com\/de\/#organization"},"potentialAction":[{"@type":"SearchAction","target":{"@type":"EntryPoint","urlTemplate":"https:\/\/www.miomiorun.com\/de\/?s={search_term_string}"},"query-input":{"@type":"PropertyValueSpecification","valueRequired":true,"valueName":"search_term_string"}}],"inLanguage":"de-DE"},{"@type":"Organization","@id":"https:\/\/www.miomiorun.com\/de\/#organization","name":"MioMio Run","url":"https:\/\/www.miomiorun.com\/de\/","logo":{"@type":"ImageObject","inLanguage":"de-DE","@id":"https:\/\/www.miomiorun.com\/de\/#\/schema\/logo\/image\/","url":"https:\/\/www.miomiorun.com\/app\/uploads\/2019\/12\/logomio.png","contentUrl":"https:\/\/www.miomiorun.com\/app\/uploads\/2019\/12\/logomio.png","width":115,"height":82,"caption":"MioMio Run"},"image":{"@id":"https:\/\/www.miomiorun.com\/de\/#\/schema\/logo\/image\/"},"sameAs":["https:\/\/www.facebook.com\/miomiorun\/","https:\/\/www.instagram.com\/miomiorun\/"]}]}},"_links":{"self":[{"href":"https:\/\/www.miomiorun.com\/de\/wp-json\/wp\/v2\/product\/221327","targetHints":{"allow":["GET"]}}],"collection":[{"href":"https:\/\/www.miomiorun.com\/de\/wp-json\/wp\/v2\/product"}],"about":[{"href":"https:\/\/www.miomiorun.com\/de\/wp-json\/wp\/v2\/types\/product"}],"wp:featuredmedia":[{"embeddable":true,"href":"https:\/\/www.miomiorun.com\/de\/wp-json\/wp\/v2\/media\/398618"}],"wp:attachment":[{"href":"https:\/\/www.miomiorun.com\/de\/wp-json\/wp\/v2\/media?parent=221327"}],"wp:term":[{"taxonomy":"product_brand","embeddable":true,"href":"https:\/\/www.miomiorun.com\/de\/wp-json\/wp\/v2\/product_brand?post=221327"},{"taxonomy":"product_cat","embeddable":true,"href":"https:\/\/www.miomiorun.com\/de\/wp-json\/wp\/v2\/product_cat?post=221327"},{"taxonomy":"product_tag","embeddable":true,"href":"https:\/\/www.miomiorun.com\/de\/wp-json\/wp\/v2\/product_tag?post=221327"}],"curies":[{"name":"wp","href":"https:\/\/api.w.org\/{rel}","templated":true}]}}