{"id":220938,"date":"2024-12-28T18:29:15","date_gmt":"2024-12-28T17:29:15","guid":{"rendered":"https:\/\/miomiorun.com\/?post_type=product&#038;p=220938"},"modified":"2025-12-05T12:34:36","modified_gmt":"2025-12-05T11:34:36","slug":"tempus-2-herren","status":"publish","type":"product","link":"https:\/\/www.miomiorun.com\/de\/produkt\/tempus-2-herren\/","title":{"rendered":"Tempus 2 herren"},"content":{"rendered":"<div class=\"vc-row container\"><div class=\"vc-column\"><div class=\"vc-column-text\"><\/p>\n<h4>Technische Daten<\/h4>\n<p>Kategorie: Strukturierte D\u00e4mpfung<br \/>\nVersatz: 8 mm (32\/25)<br \/>\nGewicht: 269g<br \/>\nIdeal f\u00fcr : L\u00e4ufer, die Stabilit\u00e4t und Unterst\u00fctzung suchen, ohne dabei auf Leichtigkeit und Reaktionsf\u00e4higkeit zu verzichten. Perfekt f\u00fcr alle, die einen pronatorischen Laufstil haben oder Verletzungen auf mittleren und langen Strecken vorbeugen wollen. Diese Schuhe sind ideal f\u00fcr das t\u00e4gliche Training und f\u00fcr Wettk\u00e4mpfe und garantieren optimalen Komfort und Leistung.<br \/>\nGewicht des Athleten: 70-85 kg<br \/>\nLaufgeschwindigkeit: 5 min\/kg<br \/>\n<a href=\"https:\/\/miomiorun.com\/de\/leitfaden-fuer-technische-spezifikationen\/\">Leitfaden f\u00fcr technische Spezifikationen<\/a><\/p>\n<p><\/div><\/div><div class=\"vc-column\"><div class=\"vc-column-text\">Der <strong>Saucony Tempus 2<\/strong> ist ein Laufschuh, der die perfekte Balance zwischen D\u00e4mpfung und Unterst\u00fctzung bietet. Er ist ideal f\u00fcr L\u00e4ufer, die Stabilit\u00e4t suchen, ohne dabei auf Leichtigkeit und Reaktionsf\u00e4higkeit verzichten zu m\u00fcssen.<\/p>\n<p><strong>Hauptmerkmale:<\/strong><\/p>\n<ul>\n<li><strong>Fortschrittliche D\u00e4mpfung:<\/strong> Mit der PWRRUN PB-Technologie bieten diese Schuhe eine leichte und reaktionsfreudige D\u00e4mpfung, die den Aufprall bei jedem Schritt reduziert und eine optimale Energier\u00fcckgabe bietet.<\/li>\n<li><strong>Dynamische Unterst\u00fctzung:<\/strong> Das mediale Unterst\u00fctzungssystem bietet Stabilit\u00e4t, ohne \u00fcberm\u00e4\u00dfiges Gewicht hinzuzuf\u00fcgen, und passt sich der nat\u00fcrlichen Biomechanik des Fu\u00dfes an, um einen reibungsloseren Lauf zu erm\u00f6glichen.<\/li>\n<li><strong>Atmungsaktives Obermaterial:<\/strong> Das technische Mesh-Obermaterial bietet eine hervorragende Bel\u00fcftung und h\u00e4lt die F\u00fc\u00dfe auch bei den intensivsten Laufeinheiten k\u00fchl und trocken.<\/li>\n<li>Strapazierf\u00e4hige Laufsohle<strong>:<\/strong> Die strapazierf\u00e4hige Gummilaufsohle bietet Traktion auf einer Vielzahl von Oberfl\u00e4chen und sorgt f\u00fcr Sicherheit und Haltbarkeit.<\/li>\n<\/ul>\n<p><strong>Vorteile f\u00fcr den L\u00e4ufer:<\/strong><\/p>\n<ul>\n<li><strong>Langer Tragekomfort:<\/strong> Die PWRRUN PB-D\u00e4mpfung sorgt f\u00fcr ein weiches Gef\u00fchl unter dem Fu\u00df und erm\u00f6glicht es Ihnen, lange Strecken mit mehr Komfort zu bew\u00e4ltigen.<\/li>\n<li><strong>Kompromisslose Stabilit\u00e4t:<\/strong> Die dynamische mediale Unterst\u00fctzung hilft, eine \u00fcberm\u00e4\u00dfige Pronation zu kontrollieren, das Verletzungsrisiko zu reduzieren und die Laufeffizienz zu verbessern.<\/li>\n<li><strong>Geringes Gewicht:<\/strong> Trotz der unterst\u00fctzenden Eigenschaften bleibt der Tempus 2 leicht und erm\u00f6glicht einen agilen und schnelleren Lauf.<\/li>\n<\/ul>\n<p><strong>Warum den Saucony Tempus 2 w\u00e4hlen:<\/strong><\/p>\n<p>Der Saucony Tempus 2 ist eine ausgezeichnete Wahl f\u00fcr L\u00e4ufer, die eine Kombination aus reaktionsfreudiger D\u00e4mpfung und zuverl\u00e4ssigem Halt ben\u00f6tigen. Ob du dich auf einen Marathon vorbereitest oder einfach nur einen bequemen Schuh f\u00fcr deine t\u00e4glichen L\u00e4ufe suchst, der Tempus 2 bietet die Leistung und Qualit\u00e4t, die du von Saucony erwartest.<\/div><\/div><\/div>\n","protected":false},"excerpt":{"rendered":"<ul>\n<li><strong>PWRRUN PB reaktive D\u00e4mpfung:<\/strong> \u00fcberragender Komfort und Energier\u00fcckgabe bei jedem Schritt.<\/li>\n<li><strong>Dynamische mediale Unterst\u00fctzung:<\/strong> Stabilit\u00e4t ohne zu beschweren, ideal f\u00fcr L\u00e4ufer mit Pronation.<\/li>\n<li><strong>Atmungsaktives Obermaterial:<\/strong> Frische und Komfort auch bei den intensivsten L\u00e4ufen.<\/li>\n<\/ul>\n","protected":false},"featured_media":342452,"template":"","meta":{"_acf_changed":false,"inline_featured_image":false},"product_brand":[],"product_cat":[6507,6506],"product_tag":[3391,6311],"class_list":{"0":"post-220938","1":"product","2":"type-product","3":"status-publish","4":"has-post-thumbnail","6":"product_cat-herren-schuhe-de","7":"product_cat-neutrale-herren-schuhe-de","8":"product_tag-saucony-de","9":"product_tag-saucony-herren-de","10":"pa_attivita-gehen","11":"pa_attivita-running-de","12":"pa_marca-saucony-de","13":"pa_sesso-herren","14":"pa_size-42-de","15":"pa_size-42-5-de","16":"pa_size-43-de","17":"pa_size-44-de","18":"pa_size-44-5-de","19":"pa_size-45-de","20":"pa_size-46-de","21":"pa_size-46-5-de","23":"first","24":"instock","25":"taxable","26":"shipping-taxable","27":"purchasable","28":"product-type-variable","29":"has-default-attributes","30":"wvs-archive-product-wrapper"},"acf":[],"yoast_head":"<!-- This site is optimized with the Yoast SEO plugin v26.8 - https:\/\/yoast.com\/product\/yoast-seo-wordpress\/ -->\n<title>Saucony Tempus 2 herren - Herren-Laufschuhe MioMioRun<\/title>\n<meta name=\"description\" content=\"Saucony Tempus 2 Laufschuh: reaktionsfreudige D\u00e4mpfung, stabiler Halt und Leichtigkeit f\u00fcr Mittel- und Langstreckenl\u00e4ufer.\" \/>\n<meta name=\"robots\" content=\"index, follow, max-snippet:-1, max-image-preview:large, max-video-preview:-1\" \/>\n<link rel=\"canonical\" href=\"https:\/\/www.miomiorun.com\/de\/produkt\/tempus-2-herren\/\" \/>\n<meta property=\"og:locale\" content=\"de_DE\" \/>\n<meta property=\"og:type\" content=\"article\" \/>\n<meta property=\"og:title\" content=\"Saucony Tempus 2 herren - Herren-Laufschuhe MioMioRun\" \/>\n<meta property=\"og:description\" content=\"Saucony Tempus 2 Laufschuh: reaktionsfreudige D\u00e4mpfung, stabiler Halt und Leichtigkeit f\u00fcr Mittel- und Langstreckenl\u00e4ufer.\" \/>\n<meta property=\"og:url\" content=\"https:\/\/www.miomiorun.com\/de\/produkt\/tempus-2-herren\/\" \/>\n<meta property=\"og:site_name\" content=\"MioMioRun\" \/>\n<meta property=\"article:publisher\" content=\"https:\/\/www.facebook.com\/miomiorun\/\" \/>\n<meta property=\"article:modified_time\" content=\"2025-12-05T11:34:36+00:00\" \/>\n<meta property=\"og:image\" content=\"https:\/\/www.miomiorun.com\/app\/uploads\/2025\/09\/saucony-Tempus-2-lapis-white-S20973-285.webp\" \/>\n\t<meta property=\"og:image:width\" content=\"720\" \/>\n\t<meta property=\"og:image:height\" content=\"720\" \/>\n\t<meta property=\"og:image:type\" content=\"image\/webp\" \/>\n<meta name=\"twitter:card\" content=\"summary_large_image\" \/>\n<meta name=\"twitter:label1\" content=\"Est. reading time\" \/>\n\t<meta name=\"twitter:data1\" content=\"2 minutes\" \/>\n<script type=\"application\/ld+json\" class=\"yoast-schema-graph\">{\"@context\":\"https:\/\/schema.org\",\"@graph\":[{\"@type\":\"WebPage\",\"@id\":\"https:\/\/www.miomiorun.com\/de\/produkt\/tempus-2-herren\/\",\"url\":\"https:\/\/www.miomiorun.com\/de\/produkt\/tempus-2-herren\/\",\"name\":\"Saucony Tempus 2 herren - Herren-Laufschuhe MioMioRun\",\"isPartOf\":{\"@id\":\"https:\/\/www.miomiorun.com\/de\/#website\"},\"primaryImageOfPage\":{\"@id\":\"https:\/\/www.miomiorun.com\/de\/produkt\/tempus-2-herren\/#primaryimage\"},\"image\":{\"@id\":\"https:\/\/www.miomiorun.com\/de\/produkt\/tempus-2-herren\/#primaryimage\"},\"thumbnailUrl\":\"https:\/\/www.miomiorun.com\/app\/uploads\/2025\/09\/saucony-Tempus-2-lapis-white-S20973-285.webp\",\"datePublished\":\"2024-12-28T17:29:15+00:00\",\"dateModified\":\"2025-12-05T11:34:36+00:00\",\"description\":\"Saucony Tempus 2 Laufschuh: reaktionsfreudige D\u00e4mpfung, stabiler Halt und Leichtigkeit f\u00fcr Mittel- und Langstreckenl\u00e4ufer.\",\"breadcrumb\":{\"@id\":\"https:\/\/www.miomiorun.com\/de\/produkt\/tempus-2-herren\/#breadcrumb\"},\"inLanguage\":\"de-DE\",\"potentialAction\":[{\"@type\":\"ReadAction\",\"target\":[\"https:\/\/www.miomiorun.com\/de\/produkt\/tempus-2-herren\/\"]}]},{\"@type\":\"ImageObject\",\"inLanguage\":\"de-DE\",\"@id\":\"https:\/\/www.miomiorun.com\/de\/produkt\/tempus-2-herren\/#primaryimage\",\"url\":\"https:\/\/www.miomiorun.com\/app\/uploads\/2025\/09\/saucony-Tempus-2-lapis-white-S20973-285.webp\",\"contentUrl\":\"https:\/\/www.miomiorun.com\/app\/uploads\/2025\/09\/saucony-Tempus-2-lapis-white-S20973-285.webp\",\"width\":720,\"height\":720,\"caption\":\"saucony Tempus 2 lapis white S20973-285\"},{\"@type\":\"BreadcrumbList\",\"@id\":\"https:\/\/www.miomiorun.com\/de\/produkt\/tempus-2-herren\/#breadcrumb\",\"itemListElement\":[{\"@type\":\"ListItem\",\"position\":1,\"name\":\"Home\",\"item\":\"https:\/\/www.miomiorun.com\/de\/\"},{\"@type\":\"ListItem\",\"position\":2,\"name\":\"Shop\",\"item\":\"https:\/\/www.miomiorun.com\/shop\/\"},{\"@type\":\"ListItem\",\"position\":3,\"name\":\"Tempus 2 herren\"}]},{\"@type\":\"WebSite\",\"@id\":\"https:\/\/www.miomiorun.com\/de\/#website\",\"url\":\"https:\/\/www.miomiorun.com\/de\/\",\"name\":\"MioMioRun\",\"description\":\"100% Lauf- und Trailshop\",\"publisher\":{\"@id\":\"https:\/\/www.miomiorun.com\/de\/#organization\"},\"potentialAction\":[{\"@type\":\"SearchAction\",\"target\":{\"@type\":\"EntryPoint\",\"urlTemplate\":\"https:\/\/www.miomiorun.com\/de\/?s={search_term_string}\"},\"query-input\":{\"@type\":\"PropertyValueSpecification\",\"valueRequired\":true,\"valueName\":\"search_term_string\"}}],\"inLanguage\":\"de-DE\"},{\"@type\":\"Organization\",\"@id\":\"https:\/\/www.miomiorun.com\/de\/#organization\",\"name\":\"MioMio Run\",\"url\":\"https:\/\/www.miomiorun.com\/de\/\",\"logo\":{\"@type\":\"ImageObject\",\"inLanguage\":\"de-DE\",\"@id\":\"https:\/\/www.miomiorun.com\/de\/#\/schema\/logo\/image\/\",\"url\":\"https:\/\/www.miomiorun.com\/app\/uploads\/2019\/12\/logomio.png\",\"contentUrl\":\"https:\/\/www.miomiorun.com\/app\/uploads\/2019\/12\/logomio.png\",\"width\":115,\"height\":82,\"caption\":\"MioMio Run\"},\"image\":{\"@id\":\"https:\/\/www.miomiorun.com\/de\/#\/schema\/logo\/image\/\"},\"sameAs\":[\"https:\/\/www.facebook.com\/miomiorun\/\",\"https:\/\/www.instagram.com\/miomiorun\/\"]}]}<\/script>\n<!-- \/ Yoast SEO plugin. -->","yoast_head_json":{"title":"Saucony Tempus 2 herren - Herren-Laufschuhe MioMioRun","description":"Saucony Tempus 2 Laufschuh: reaktionsfreudige D\u00e4mpfung, stabiler Halt und Leichtigkeit f\u00fcr Mittel- und Langstreckenl\u00e4ufer.","robots":{"index":"index","follow":"follow","max-snippet":"max-snippet:-1","max-image-preview":"max-image-preview:large","max-video-preview":"max-video-preview:-1"},"canonical":"https:\/\/www.miomiorun.com\/de\/produkt\/tempus-2-herren\/","og_locale":"de_DE","og_type":"article","og_title":"Saucony Tempus 2 herren - Herren-Laufschuhe MioMioRun","og_description":"Saucony Tempus 2 Laufschuh: reaktionsfreudige D\u00e4mpfung, stabiler Halt und Leichtigkeit f\u00fcr Mittel- und Langstreckenl\u00e4ufer.","og_url":"https:\/\/www.miomiorun.com\/de\/produkt\/tempus-2-herren\/","og_site_name":"MioMioRun","article_publisher":"https:\/\/www.facebook.com\/miomiorun\/","article_modified_time":"2025-12-05T11:34:36+00:00","og_image":[{"width":720,"height":720,"url":"https:\/\/www.miomiorun.com\/app\/uploads\/2025\/09\/saucony-Tempus-2-lapis-white-S20973-285.webp","type":"image\/webp"}],"twitter_card":"summary_large_image","twitter_misc":{"Est. reading time":"2 minutes"},"schema":{"@context":"https:\/\/schema.org","@graph":[{"@type":"WebPage","@id":"https:\/\/www.miomiorun.com\/de\/produkt\/tempus-2-herren\/","url":"https:\/\/www.miomiorun.com\/de\/produkt\/tempus-2-herren\/","name":"Saucony Tempus 2 herren - Herren-Laufschuhe MioMioRun","isPartOf":{"@id":"https:\/\/www.miomiorun.com\/de\/#website"},"primaryImageOfPage":{"@id":"https:\/\/www.miomiorun.com\/de\/produkt\/tempus-2-herren\/#primaryimage"},"image":{"@id":"https:\/\/www.miomiorun.com\/de\/produkt\/tempus-2-herren\/#primaryimage"},"thumbnailUrl":"https:\/\/www.miomiorun.com\/app\/uploads\/2025\/09\/saucony-Tempus-2-lapis-white-S20973-285.webp","datePublished":"2024-12-28T17:29:15+00:00","dateModified":"2025-12-05T11:34:36+00:00","description":"Saucony Tempus 2 Laufschuh: reaktionsfreudige D\u00e4mpfung, stabiler Halt und Leichtigkeit f\u00fcr Mittel- und Langstreckenl\u00e4ufer.","breadcrumb":{"@id":"https:\/\/www.miomiorun.com\/de\/produkt\/tempus-2-herren\/#breadcrumb"},"inLanguage":"de-DE","potentialAction":[{"@type":"ReadAction","target":["https:\/\/www.miomiorun.com\/de\/produkt\/tempus-2-herren\/"]}]},{"@type":"ImageObject","inLanguage":"de-DE","@id":"https:\/\/www.miomiorun.com\/de\/produkt\/tempus-2-herren\/#primaryimage","url":"https:\/\/www.miomiorun.com\/app\/uploads\/2025\/09\/saucony-Tempus-2-lapis-white-S20973-285.webp","contentUrl":"https:\/\/www.miomiorun.com\/app\/uploads\/2025\/09\/saucony-Tempus-2-lapis-white-S20973-285.webp","width":720,"height":720,"caption":"saucony Tempus 2 lapis white S20973-285"},{"@type":"BreadcrumbList","@id":"https:\/\/www.miomiorun.com\/de\/produkt\/tempus-2-herren\/#breadcrumb","itemListElement":[{"@type":"ListItem","position":1,"name":"Home","item":"https:\/\/www.miomiorun.com\/de\/"},{"@type":"ListItem","position":2,"name":"Shop","item":"https:\/\/www.miomiorun.com\/shop\/"},{"@type":"ListItem","position":3,"name":"Tempus 2 herren"}]},{"@type":"WebSite","@id":"https:\/\/www.miomiorun.com\/de\/#website","url":"https:\/\/www.miomiorun.com\/de\/","name":"MioMioRun","description":"100% Lauf- und Trailshop","publisher":{"@id":"https:\/\/www.miomiorun.com\/de\/#organization"},"potentialAction":[{"@type":"SearchAction","target":{"@type":"EntryPoint","urlTemplate":"https:\/\/www.miomiorun.com\/de\/?s={search_term_string}"},"query-input":{"@type":"PropertyValueSpecification","valueRequired":true,"valueName":"search_term_string"}}],"inLanguage":"de-DE"},{"@type":"Organization","@id":"https:\/\/www.miomiorun.com\/de\/#organization","name":"MioMio Run","url":"https:\/\/www.miomiorun.com\/de\/","logo":{"@type":"ImageObject","inLanguage":"de-DE","@id":"https:\/\/www.miomiorun.com\/de\/#\/schema\/logo\/image\/","url":"https:\/\/www.miomiorun.com\/app\/uploads\/2019\/12\/logomio.png","contentUrl":"https:\/\/www.miomiorun.com\/app\/uploads\/2019\/12\/logomio.png","width":115,"height":82,"caption":"MioMio Run"},"image":{"@id":"https:\/\/www.miomiorun.com\/de\/#\/schema\/logo\/image\/"},"sameAs":["https:\/\/www.facebook.com\/miomiorun\/","https:\/\/www.instagram.com\/miomiorun\/"]}]}},"_links":{"self":[{"href":"https:\/\/www.miomiorun.com\/de\/wp-json\/wp\/v2\/product\/220938","targetHints":{"allow":["GET"]}}],"collection":[{"href":"https:\/\/www.miomiorun.com\/de\/wp-json\/wp\/v2\/product"}],"about":[{"href":"https:\/\/www.miomiorun.com\/de\/wp-json\/wp\/v2\/types\/product"}],"wp:featuredmedia":[{"embeddable":true,"href":"https:\/\/www.miomiorun.com\/de\/wp-json\/wp\/v2\/media\/342452"}],"wp:attachment":[{"href":"https:\/\/www.miomiorun.com\/de\/wp-json\/wp\/v2\/media?parent=220938"}],"wp:term":[{"taxonomy":"product_brand","embeddable":true,"href":"https:\/\/www.miomiorun.com\/de\/wp-json\/wp\/v2\/product_brand?post=220938"},{"taxonomy":"product_cat","embeddable":true,"href":"https:\/\/www.miomiorun.com\/de\/wp-json\/wp\/v2\/product_cat?post=220938"},{"taxonomy":"product_tag","embeddable":true,"href":"https:\/\/www.miomiorun.com\/de\/wp-json\/wp\/v2\/product_tag?post=220938"}],"curies":[{"name":"wp","href":"https:\/\/api.w.org\/{rel}","templated":true}]}}