{"id":220003,"date":"2024-12-19T10:00:03","date_gmt":"2024-12-19T09:00:03","guid":{"rendered":"https:\/\/miomiorun.com\/?post_type=product&#038;p=220003"},"modified":"2024-12-19T14:56:33","modified_gmt":"2024-12-19T13:56:33","slug":"active-extreme-x-rn-ls-damen","status":"publish","type":"product","link":"https:\/\/www.miomiorun.com\/de\/produkt\/active-extreme-x-rn-ls-damen\/","title":{"rendered":"Active Extreme X RN LS damen"},"content":{"rendered":"<p>Das <strong>Craft Active Extreme X RN LS<\/strong> ist ein lang\u00e4rmeliges Unterw\u00e4sche-Trikot, das f\u00fcr Sportler entwickelt wurde, die bei mildem bis kaltem Wetter hochintensive Aktivit\u00e4ten durchf\u00fchren.<\/p>\n<h3>Hauptmerkmale:<\/h3>\n<ul>\n<li>Leichtes und dehnbares Material: Aus d\u00fcnnem, hochelastischem Material gefertigt, bietet es eine eng anliegende Passform, die den Bewegungen des K\u00f6rpers folgt.<\/li>\n<li>Coolmax Air-Technologie: Hochentwickelte Fasern sorgen f\u00fcr einen hervorragenden Feuchtigkeitstransport, halten die Haut trocken und sorgen f\u00fcr optimalen Komfort bei k\u00f6rperlicher Aktivit\u00e4t.<\/li>\n<li>Strategische Mesh-Eins\u00e4tze: Sie sind unter den Armen angebracht und verbessern die Bel\u00fcftung in den Bereichen, in denen man am meisten schwitzt, was zu einer besseren Regulierung der K\u00f6rpertemperatur beitr\u00e4gt.<\/li>\n<li>Flache N\u00e4hte: Sie wurden entwickelt, um Hautreizungen zu minimieren, und garantieren auch bei l\u00e4ngerem Training einen hohen Tragekomfort.<\/li>\n<\/ul>\n<h3>Produktvorteile:<\/h3>\n<ul>\n<li>Optimales Feuchtigkeitsmanagement: Das fortschrittliche Gewebe nimmt den Schwei\u00df schnell auf, h\u00e4lt die Haut trocken und verhindert ein Ausk\u00fchlen w\u00e4hrend der Aktivit\u00e4tspausen.<\/li>\n<li>Bewegungsfreiheit: Die elastische Struktur und die ergonomische Passform sorgen f\u00fcr uneingeschr\u00e4nkte Bewegungsfreiheit, ideal f\u00fcr Sportarten mit hoher Intensit\u00e4t.<\/li>\n<li>Umweltvertr\u00e4glichkeit: Ein Teil der verwendeten Materialien besteht aus recyceltem Polyester und tr\u00e4gt so zur Reduzierung der Umweltbelastung bei.<\/li>\n<\/ul>\n<p>Dieses Trikot ist ideal f\u00fcr Aktivit\u00e4ten wie Laufen, Radfahren und Skifahren und bietet hohe Leistung und Komfort bei wechselnden Wetterbedingungen.<\/p>\n<p>&nbsp;<\/p>\n","protected":false},"excerpt":{"rendered":"<ul>\n<li>Coolmax Air-Technologie: Optimales Feuchtigkeitsmanagement, um die Haut auch bei intensiver Aktivit\u00e4t trocken zu halten.<\/li>\n<li>Bel\u00fcftete Mesh-Eins\u00e4tze: Verbessern die Atmungsaktivit\u00e4t in kritischen Bereichen und sorgen f\u00fcr Komfort und W\u00e4rmeregulierung.<\/li>\n<li>Nachhaltige Materialien: Teilweise aus recyceltem Polyester hergestellt, kombiniert es Leistung und Umweltbewusstsein.<\/li>\n<\/ul>\n","protected":false},"featured_media":54098,"template":"","meta":{"_acf_changed":false,"inline_featured_image":false},"product_brand":[],"product_cat":[6400,6401,6485],"product_tag":[6304,6232],"class_list":{"0":"post-220003","1":"product","2":"type-product","3":"status-publish","4":"has-post-thumbnail","6":"product_cat-damen","7":"product_cat-damenbekleidung","8":"product_cat-damenwaesche-de","9":"product_tag-craft-de","10":"product_tag-craft-damen-de","11":"pa_attivita-gehen","12":"pa_attivita-outdoor-de","13":"pa_attivita-running-de","14":"pa_attivita-trail-de","15":"pa_marca-craft-de","16":"pa_sesso-damen","17":"pa_size-large-de","19":"first","20":"instock","21":"sale","22":"taxable","23":"shipping-taxable","24":"purchasable","25":"product-type-variable","26":"wvs-archive-product-wrapper"},"acf":[],"yoast_head":"<!-- This site is optimized with the Yoast SEO plugin v26.8 - https:\/\/yoast.com\/product\/yoast-seo-wordpress\/ -->\n<title>Craft Active Extreme X RN LS damen - Thermisches Trikot - MioMioRun.com<\/title>\n<meta name=\"description\" content=\"Craft Active Extreme X RN LS Unterw\u00e4sche Trikot: leicht, atmungsaktiv und eng anliegend, ideal f\u00fcr hochintensive Sportarten in kalten Klimazonen.\" \/>\n<meta name=\"robots\" content=\"index, follow, max-snippet:-1, max-image-preview:large, max-video-preview:-1\" \/>\n<link rel=\"canonical\" href=\"https:\/\/www.miomiorun.com\/de\/produkt\/active-extreme-x-rn-ls-damen\/\" \/>\n<meta property=\"og:locale\" content=\"de_DE\" \/>\n<meta property=\"og:type\" content=\"article\" \/>\n<meta property=\"og:title\" content=\"Craft Active Extreme X RN LS damen - Thermisches Trikot - MioMioRun.com\" \/>\n<meta property=\"og:description\" content=\"Craft Active Extreme X RN LS Unterw\u00e4sche Trikot: leicht, atmungsaktiv und eng anliegend, ideal f\u00fcr hochintensive Sportarten in kalten Klimazonen.\" \/>\n<meta property=\"og:url\" content=\"https:\/\/www.miomiorun.com\/de\/produkt\/active-extreme-x-rn-ls-damen\/\" \/>\n<meta property=\"og:site_name\" content=\"MioMioRun\" \/>\n<meta property=\"article:publisher\" content=\"https:\/\/www.facebook.com\/miomiorun\/\" \/>\n<meta property=\"article:modified_time\" content=\"2024-12-19T13:56:33+00:00\" \/>\n<meta property=\"og:image\" content=\"https:\/\/www.miomiorun.com\/app\/uploads\/2021\/01\/craft-Active-Extreme-X-RN-LS-1909674-999000.jpg\" \/>\n\t<meta property=\"og:image:width\" content=\"600\" \/>\n\t<meta property=\"og:image:height\" content=\"600\" \/>\n\t<meta property=\"og:image:type\" content=\"image\/jpeg\" \/>\n<meta name=\"twitter:card\" content=\"summary_large_image\" \/>\n<meta name=\"twitter:label1\" content=\"Est. reading time\" \/>\n\t<meta name=\"twitter:data1\" content=\"1 minute\" \/>\n<script type=\"application\/ld+json\" class=\"yoast-schema-graph\">{\"@context\":\"https:\/\/schema.org\",\"@graph\":[{\"@type\":\"WebPage\",\"@id\":\"https:\/\/www.miomiorun.com\/de\/produkt\/active-extreme-x-rn-ls-damen\/\",\"url\":\"https:\/\/www.miomiorun.com\/de\/produkt\/active-extreme-x-rn-ls-damen\/\",\"name\":\"Craft Active Extreme X RN LS damen - Thermisches Trikot - MioMioRun.com\",\"isPartOf\":{\"@id\":\"https:\/\/www.miomiorun.com\/de\/#website\"},\"primaryImageOfPage\":{\"@id\":\"https:\/\/www.miomiorun.com\/de\/produkt\/active-extreme-x-rn-ls-damen\/#primaryimage\"},\"image\":{\"@id\":\"https:\/\/www.miomiorun.com\/de\/produkt\/active-extreme-x-rn-ls-damen\/#primaryimage\"},\"thumbnailUrl\":\"https:\/\/www.miomiorun.com\/app\/uploads\/2021\/01\/craft-Active-Extreme-X-RN-LS-1909674-999000.jpg\",\"datePublished\":\"2024-12-19T09:00:03+00:00\",\"dateModified\":\"2024-12-19T13:56:33+00:00\",\"description\":\"Craft Active Extreme X RN LS Unterw\u00e4sche Trikot: leicht, atmungsaktiv und eng anliegend, ideal f\u00fcr hochintensive Sportarten in kalten Klimazonen.\",\"breadcrumb\":{\"@id\":\"https:\/\/www.miomiorun.com\/de\/produkt\/active-extreme-x-rn-ls-damen\/#breadcrumb\"},\"inLanguage\":\"de-DE\",\"potentialAction\":[{\"@type\":\"ReadAction\",\"target\":[\"https:\/\/www.miomiorun.com\/de\/produkt\/active-extreme-x-rn-ls-damen\/\"]}]},{\"@type\":\"ImageObject\",\"inLanguage\":\"de-DE\",\"@id\":\"https:\/\/www.miomiorun.com\/de\/produkt\/active-extreme-x-rn-ls-damen\/#primaryimage\",\"url\":\"https:\/\/www.miomiorun.com\/app\/uploads\/2021\/01\/craft-Active-Extreme-X-RN-LS-1909674-999000.jpg\",\"contentUrl\":\"https:\/\/www.miomiorun.com\/app\/uploads\/2021\/01\/craft-Active-Extreme-X-RN-LS-1909674-999000.jpg\",\"width\":600,\"height\":600,\"caption\":\"craft active extreme x rn ls\"},{\"@type\":\"BreadcrumbList\",\"@id\":\"https:\/\/www.miomiorun.com\/de\/produkt\/active-extreme-x-rn-ls-damen\/#breadcrumb\",\"itemListElement\":[{\"@type\":\"ListItem\",\"position\":1,\"name\":\"Home\",\"item\":\"https:\/\/www.miomiorun.com\/de\/\"},{\"@type\":\"ListItem\",\"position\":2,\"name\":\"Shop\",\"item\":\"https:\/\/www.miomiorun.com\/shop\/\"},{\"@type\":\"ListItem\",\"position\":3,\"name\":\"Active Extreme X RN LS damen\"}]},{\"@type\":\"WebSite\",\"@id\":\"https:\/\/www.miomiorun.com\/de\/#website\",\"url\":\"https:\/\/www.miomiorun.com\/de\/\",\"name\":\"MioMioRun\",\"description\":\"100% Lauf- und Trailshop\",\"publisher\":{\"@id\":\"https:\/\/www.miomiorun.com\/de\/#organization\"},\"potentialAction\":[{\"@type\":\"SearchAction\",\"target\":{\"@type\":\"EntryPoint\",\"urlTemplate\":\"https:\/\/www.miomiorun.com\/de\/?s={search_term_string}\"},\"query-input\":{\"@type\":\"PropertyValueSpecification\",\"valueRequired\":true,\"valueName\":\"search_term_string\"}}],\"inLanguage\":\"de-DE\"},{\"@type\":\"Organization\",\"@id\":\"https:\/\/www.miomiorun.com\/de\/#organization\",\"name\":\"MioMio Run\",\"url\":\"https:\/\/www.miomiorun.com\/de\/\",\"logo\":{\"@type\":\"ImageObject\",\"inLanguage\":\"de-DE\",\"@id\":\"https:\/\/www.miomiorun.com\/de\/#\/schema\/logo\/image\/\",\"url\":\"https:\/\/www.miomiorun.com\/app\/uploads\/2019\/12\/logomio.png\",\"contentUrl\":\"https:\/\/www.miomiorun.com\/app\/uploads\/2019\/12\/logomio.png\",\"width\":115,\"height\":82,\"caption\":\"MioMio Run\"},\"image\":{\"@id\":\"https:\/\/www.miomiorun.com\/de\/#\/schema\/logo\/image\/\"},\"sameAs\":[\"https:\/\/www.facebook.com\/miomiorun\/\",\"https:\/\/www.instagram.com\/miomiorun\/\"]}]}<\/script>\n<!-- \/ Yoast SEO plugin. -->","yoast_head_json":{"title":"Craft Active Extreme X RN LS damen - Thermisches Trikot - MioMioRun.com","description":"Craft Active Extreme X RN LS Unterw\u00e4sche Trikot: leicht, atmungsaktiv und eng anliegend, ideal f\u00fcr hochintensive Sportarten in kalten Klimazonen.","robots":{"index":"index","follow":"follow","max-snippet":"max-snippet:-1","max-image-preview":"max-image-preview:large","max-video-preview":"max-video-preview:-1"},"canonical":"https:\/\/www.miomiorun.com\/de\/produkt\/active-extreme-x-rn-ls-damen\/","og_locale":"de_DE","og_type":"article","og_title":"Craft Active Extreme X RN LS damen - Thermisches Trikot - MioMioRun.com","og_description":"Craft Active Extreme X RN LS Unterw\u00e4sche Trikot: leicht, atmungsaktiv und eng anliegend, ideal f\u00fcr hochintensive Sportarten in kalten Klimazonen.","og_url":"https:\/\/www.miomiorun.com\/de\/produkt\/active-extreme-x-rn-ls-damen\/","og_site_name":"MioMioRun","article_publisher":"https:\/\/www.facebook.com\/miomiorun\/","article_modified_time":"2024-12-19T13:56:33+00:00","og_image":[{"width":600,"height":600,"url":"https:\/\/www.miomiorun.com\/app\/uploads\/2021\/01\/craft-Active-Extreme-X-RN-LS-1909674-999000.jpg","type":"image\/jpeg"}],"twitter_card":"summary_large_image","twitter_misc":{"Est. reading time":"1 minute"},"schema":{"@context":"https:\/\/schema.org","@graph":[{"@type":"WebPage","@id":"https:\/\/www.miomiorun.com\/de\/produkt\/active-extreme-x-rn-ls-damen\/","url":"https:\/\/www.miomiorun.com\/de\/produkt\/active-extreme-x-rn-ls-damen\/","name":"Craft Active Extreme X RN LS damen - Thermisches Trikot - MioMioRun.com","isPartOf":{"@id":"https:\/\/www.miomiorun.com\/de\/#website"},"primaryImageOfPage":{"@id":"https:\/\/www.miomiorun.com\/de\/produkt\/active-extreme-x-rn-ls-damen\/#primaryimage"},"image":{"@id":"https:\/\/www.miomiorun.com\/de\/produkt\/active-extreme-x-rn-ls-damen\/#primaryimage"},"thumbnailUrl":"https:\/\/www.miomiorun.com\/app\/uploads\/2021\/01\/craft-Active-Extreme-X-RN-LS-1909674-999000.jpg","datePublished":"2024-12-19T09:00:03+00:00","dateModified":"2024-12-19T13:56:33+00:00","description":"Craft Active Extreme X RN LS Unterw\u00e4sche Trikot: leicht, atmungsaktiv und eng anliegend, ideal f\u00fcr hochintensive Sportarten in kalten Klimazonen.","breadcrumb":{"@id":"https:\/\/www.miomiorun.com\/de\/produkt\/active-extreme-x-rn-ls-damen\/#breadcrumb"},"inLanguage":"de-DE","potentialAction":[{"@type":"ReadAction","target":["https:\/\/www.miomiorun.com\/de\/produkt\/active-extreme-x-rn-ls-damen\/"]}]},{"@type":"ImageObject","inLanguage":"de-DE","@id":"https:\/\/www.miomiorun.com\/de\/produkt\/active-extreme-x-rn-ls-damen\/#primaryimage","url":"https:\/\/www.miomiorun.com\/app\/uploads\/2021\/01\/craft-Active-Extreme-X-RN-LS-1909674-999000.jpg","contentUrl":"https:\/\/www.miomiorun.com\/app\/uploads\/2021\/01\/craft-Active-Extreme-X-RN-LS-1909674-999000.jpg","width":600,"height":600,"caption":"craft active extreme x rn ls"},{"@type":"BreadcrumbList","@id":"https:\/\/www.miomiorun.com\/de\/produkt\/active-extreme-x-rn-ls-damen\/#breadcrumb","itemListElement":[{"@type":"ListItem","position":1,"name":"Home","item":"https:\/\/www.miomiorun.com\/de\/"},{"@type":"ListItem","position":2,"name":"Shop","item":"https:\/\/www.miomiorun.com\/shop\/"},{"@type":"ListItem","position":3,"name":"Active Extreme X RN LS damen"}]},{"@type":"WebSite","@id":"https:\/\/www.miomiorun.com\/de\/#website","url":"https:\/\/www.miomiorun.com\/de\/","name":"MioMioRun","description":"100% Lauf- und Trailshop","publisher":{"@id":"https:\/\/www.miomiorun.com\/de\/#organization"},"potentialAction":[{"@type":"SearchAction","target":{"@type":"EntryPoint","urlTemplate":"https:\/\/www.miomiorun.com\/de\/?s={search_term_string}"},"query-input":{"@type":"PropertyValueSpecification","valueRequired":true,"valueName":"search_term_string"}}],"inLanguage":"de-DE"},{"@type":"Organization","@id":"https:\/\/www.miomiorun.com\/de\/#organization","name":"MioMio Run","url":"https:\/\/www.miomiorun.com\/de\/","logo":{"@type":"ImageObject","inLanguage":"de-DE","@id":"https:\/\/www.miomiorun.com\/de\/#\/schema\/logo\/image\/","url":"https:\/\/www.miomiorun.com\/app\/uploads\/2019\/12\/logomio.png","contentUrl":"https:\/\/www.miomiorun.com\/app\/uploads\/2019\/12\/logomio.png","width":115,"height":82,"caption":"MioMio Run"},"image":{"@id":"https:\/\/www.miomiorun.com\/de\/#\/schema\/logo\/image\/"},"sameAs":["https:\/\/www.facebook.com\/miomiorun\/","https:\/\/www.instagram.com\/miomiorun\/"]}]}},"_links":{"self":[{"href":"https:\/\/www.miomiorun.com\/de\/wp-json\/wp\/v2\/product\/220003","targetHints":{"allow":["GET"]}}],"collection":[{"href":"https:\/\/www.miomiorun.com\/de\/wp-json\/wp\/v2\/product"}],"about":[{"href":"https:\/\/www.miomiorun.com\/de\/wp-json\/wp\/v2\/types\/product"}],"wp:featuredmedia":[{"embeddable":true,"href":"https:\/\/www.miomiorun.com\/de\/wp-json\/wp\/v2\/media\/54098"}],"wp:attachment":[{"href":"https:\/\/www.miomiorun.com\/de\/wp-json\/wp\/v2\/media?parent=220003"}],"wp:term":[{"taxonomy":"product_brand","embeddable":true,"href":"https:\/\/www.miomiorun.com\/de\/wp-json\/wp\/v2\/product_brand?post=220003"},{"taxonomy":"product_cat","embeddable":true,"href":"https:\/\/www.miomiorun.com\/de\/wp-json\/wp\/v2\/product_cat?post=220003"},{"taxonomy":"product_tag","embeddable":true,"href":"https:\/\/www.miomiorun.com\/de\/wp-json\/wp\/v2\/product_tag?post=220003"}],"curies":[{"name":"wp","href":"https:\/\/api.w.org\/{rel}","templated":true}]}}