{"id":219941,"date":"2024-12-18T19:05:44","date_gmt":"2024-12-18T18:05:44","guid":{"rendered":"https:\/\/miomiorun.com\/?post_type=product&#038;p=219941"},"modified":"2024-12-19T15:02:58","modified_gmt":"2024-12-19T14:02:58","slug":"openswim-pro","status":"publish","type":"product","link":"https:\/\/www.miomiorun.com\/de\/produkt\/openswim-pro\/","title":{"rendered":"OpenSwim Pro"},"content":{"rendered":"<p><div class=\"vc-row container\"><div class=\"vc-column\"><div class=\"vc-column-text\">Der <strong>Shokz OpenSwim Pro<\/strong> ist ein Knochenleitungs-Kopfh\u00f6rer f\u00fcr Sportler und Wassersportler, der sowohl im Wasser als auch an Land ein hochwertiges Klangerlebnis bietet.<\/p>\n<p><strong>Hauptmerkmale:<\/strong><\/p>\n<ul>\n<li><strong>Duale Bluetooth- und MP3-Modi:<\/strong> Der OpenSwim Pro kombiniert Bluetooth 5.4-Konnektivit\u00e4t mit einem 32 GB gro\u00dfen internen Speicher, so dass Sie problemlos zwischen Musikstreaming und der Wiedergabe gespeicherter Titel wechseln k\u00f6nnen.<\/li>\n<li><strong>IP68-Wasserbest\u00e4ndigkeit:<\/strong> Die Kopfh\u00f6rer sind so konstruiert, dass sie bis zu 2 Stunden lang in bis zu 2 Meter Tiefe untergetaucht werden k\u00f6nnen, um optimale Leistung beim Schwimmen und anderen Wasseraktivit\u00e4ten zu gew\u00e4hrleisten.<\/li>\n<li><strong>Offenes Design:<\/strong> Die Knochenleitungstechnologie h\u00e4lt die Ohren frei, wodurch Sie Ihre Umgebung besser wahrnehmen k\u00f6nnen und der Tragekomfort auch bei l\u00e4ngeren Sessions gew\u00e4hrleistet ist.<\/li>\n<li><strong>Lange Akkulaufzeit:<\/strong> Sie bieten bis zu 9 Stunden ununterbrochene Wiedergabe und sorgen so f\u00fcr musikalische Begleitung bei intensiven Trainingseinheiten.<\/li>\n<li><strong>Intuitive Bedienelemente:<\/strong> Mit den leicht zu bedienenden Tasten k\u00f6nnen Sie die Wiedergabe und die Lautst\u00e4rke auch unterwegs steuern.<\/li>\n<\/ul>\n<p><strong>Technische Daten:<\/strong><\/p>\n<ul>\n<li><strong>Gewicht:<\/strong> 27,3 Gramm<\/li>\n<li><strong>Materialien:<\/strong> Silikon, Kunststoff und Nickel-Titan-Legierung<\/li>\n<li><strong>Aufladezeit:<\/strong> 1,5 Stunden<\/li>\n<li><strong>Schnellladefunktion:<\/strong> 10 Minuten Ladezeit bieten bis zu 3 Stunden Nutzungsdauer<\/li>\n<\/ul>\n<p><strong>Verpackungsinhalt:<\/strong><\/p>\n<ul>\n<li>OpenSwim Pro-Headset<\/li>\n<li>4-poliges magnetisches Ladekabel<\/li>\n<li>Schwimmende Ohrst\u00f6psel<\/li>\n<li>Silikonh\u00fclle<\/li>\n<li>Benutzerhandbuch<\/li>\n<\/ul>\n<p>Das Shokz OpenSwim Pro ist eine vielseitige L\u00f6sung f\u00fcr alle, die Audioqualit\u00e4t und Zuverl\u00e4ssigkeit in jeder Sportumgebung suchen.<\/div><\/div><\/div><div class=\"vc-row container\"><div class=\"vc-column\"><\/div><\/div><\/p>\n","protected":false},"excerpt":{"rendered":"<ul>\n<li><strong>Impermeabilit\u00e0 IP68<\/strong>: Perfette per il nuoto, resistono fino a 2 metri di profondit\u00e0.<\/li>\n<li><strong>Audio di alta qualit\u00e0 e memoria 32 GB<\/strong>: Ascolta musica senza smartphone con la modalit\u00e0 MP3.<\/li>\n<li><strong>Design Open-Ear<\/strong>: Comfort e sicurezza con orecchie libere durante ogni attivit\u00e0.<\/li>\n<\/ul>\n","protected":false},"featured_media":219933,"template":"","meta":{"_acf_changed":false,"inline_featured_image":false},"product_brand":[],"product_cat":[6342,6345],"product_tag":[3358],"class_list":{"0":"post-219941","1":"product","2":"type-product","3":"status-publish","4":"has-post-thumbnail","6":"product_cat-zubehoer","7":"product_cat-kopfhoerer-zubehoer-2-de","8":"product_tag-shokz-de","9":"pa_attivita-fitness-de","10":"pa_attivita-gehen","11":"pa_attivita-lifestyle-de","12":"pa_attivita-outdoor-de","13":"pa_attivita-running-de","14":"pa_attivita-trail-de","15":"pa_colore-openswim-pro-black-de","16":"pa_colore-openswim-pro-red-de","17":"pa_marca-shokz-de","18":"pa_sesso-damen","19":"pa_sesso-herren","21":"first","22":"outofstock","23":"taxable","24":"shipping-taxable","25":"product-type-variable","26":"wvs-archive-product-wrapper"},"acf":[],"yoast_head":"<!-- This site is optimized with the Yoast SEO plugin v26.8 - https:\/\/yoast.com\/product\/yoast-seo-wordpress\/ -->\n<title>Shokz OpenSwim Pro - MP3 Schwimmen MioMioRun<\/title>\n<meta name=\"description\" content=\"Entdecken Sie Shokz OpenSwim Pro: wasserdichte Knochenleitungs-Kopfh\u00f6rer, ideal f\u00fcr Schwimmen und Sport, mit hoher Audioqualit\u00e4t und 32 GB Speicher!\" \/>\n<meta name=\"robots\" content=\"index, follow, max-snippet:-1, max-image-preview:large, max-video-preview:-1\" \/>\n<link rel=\"canonical\" href=\"https:\/\/www.miomiorun.com\/de\/produkt\/openswim-pro\/\" \/>\n<meta property=\"og:locale\" content=\"de_DE\" \/>\n<meta property=\"og:type\" content=\"article\" \/>\n<meta property=\"og:title\" content=\"Shokz OpenSwim Pro - MP3 Schwimmen MioMioRun\" \/>\n<meta property=\"og:description\" content=\"Entdecken Sie Shokz OpenSwim Pro: wasserdichte Knochenleitungs-Kopfh\u00f6rer, ideal f\u00fcr Schwimmen und Sport, mit hoher Audioqualit\u00e4t und 32 GB Speicher!\" \/>\n<meta property=\"og:url\" content=\"https:\/\/www.miomiorun.com\/de\/produkt\/openswim-pro\/\" \/>\n<meta property=\"og:site_name\" content=\"MioMioRun\" \/>\n<meta property=\"article:publisher\" content=\"https:\/\/www.facebook.com\/miomiorun\/\" \/>\n<meta property=\"article:modified_time\" content=\"2024-12-19T14:02:58+00:00\" \/>\n<meta property=\"og:image\" content=\"https:\/\/www.miomiorun.com\/app\/uploads\/2024\/12\/shokz-Openswim-pro-black-S710-ST-GY.webp\" \/>\n\t<meta property=\"og:image:width\" content=\"600\" \/>\n\t<meta property=\"og:image:height\" content=\"600\" \/>\n\t<meta property=\"og:image:type\" content=\"image\/webp\" \/>\n<meta name=\"twitter:card\" content=\"summary_large_image\" \/>\n<meta name=\"twitter:label1\" content=\"Est. reading time\" \/>\n\t<meta name=\"twitter:data1\" content=\"2 minutes\" \/>\n<script type=\"application\/ld+json\" class=\"yoast-schema-graph\">{\"@context\":\"https:\/\/schema.org\",\"@graph\":[{\"@type\":\"WebPage\",\"@id\":\"https:\/\/www.miomiorun.com\/de\/produkt\/openswim-pro\/\",\"url\":\"https:\/\/www.miomiorun.com\/de\/produkt\/openswim-pro\/\",\"name\":\"Shokz OpenSwim Pro - MP3 Schwimmen MioMioRun\",\"isPartOf\":{\"@id\":\"https:\/\/www.miomiorun.com\/de\/#website\"},\"primaryImageOfPage\":{\"@id\":\"https:\/\/www.miomiorun.com\/de\/produkt\/openswim-pro\/#primaryimage\"},\"image\":{\"@id\":\"https:\/\/www.miomiorun.com\/de\/produkt\/openswim-pro\/#primaryimage\"},\"thumbnailUrl\":\"https:\/\/www.miomiorun.com\/app\/uploads\/2024\/12\/shokz-Openswim-pro-black-S710-ST-GY.webp\",\"datePublished\":\"2024-12-18T18:05:44+00:00\",\"dateModified\":\"2024-12-19T14:02:58+00:00\",\"description\":\"Entdecken Sie Shokz OpenSwim Pro: wasserdichte Knochenleitungs-Kopfh\u00f6rer, ideal f\u00fcr Schwimmen und Sport, mit hoher Audioqualit\u00e4t und 32 GB Speicher!\",\"breadcrumb\":{\"@id\":\"https:\/\/www.miomiorun.com\/de\/produkt\/openswim-pro\/#breadcrumb\"},\"inLanguage\":\"de-DE\",\"potentialAction\":[{\"@type\":\"ReadAction\",\"target\":[\"https:\/\/www.miomiorun.com\/de\/produkt\/openswim-pro\/\"]}]},{\"@type\":\"ImageObject\",\"inLanguage\":\"de-DE\",\"@id\":\"https:\/\/www.miomiorun.com\/de\/produkt\/openswim-pro\/#primaryimage\",\"url\":\"https:\/\/www.miomiorun.com\/app\/uploads\/2024\/12\/shokz-Openswim-pro-black-S710-ST-GY.webp\",\"contentUrl\":\"https:\/\/www.miomiorun.com\/app\/uploads\/2024\/12\/shokz-Openswim-pro-black-S710-ST-GY.webp\",\"width\":600,\"height\":600,\"caption\":\"shokz Openswim pro black S710-ST-GY\"},{\"@type\":\"BreadcrumbList\",\"@id\":\"https:\/\/www.miomiorun.com\/de\/produkt\/openswim-pro\/#breadcrumb\",\"itemListElement\":[{\"@type\":\"ListItem\",\"position\":1,\"name\":\"Home\",\"item\":\"https:\/\/www.miomiorun.com\/de\/\"},{\"@type\":\"ListItem\",\"position\":2,\"name\":\"Shop\",\"item\":\"https:\/\/www.miomiorun.com\/shop\/\"},{\"@type\":\"ListItem\",\"position\":3,\"name\":\"OpenSwim Pro\"}]},{\"@type\":\"WebSite\",\"@id\":\"https:\/\/www.miomiorun.com\/de\/#website\",\"url\":\"https:\/\/www.miomiorun.com\/de\/\",\"name\":\"MioMioRun\",\"description\":\"100% Lauf- und Trailshop\",\"publisher\":{\"@id\":\"https:\/\/www.miomiorun.com\/de\/#organization\"},\"potentialAction\":[{\"@type\":\"SearchAction\",\"target\":{\"@type\":\"EntryPoint\",\"urlTemplate\":\"https:\/\/www.miomiorun.com\/de\/?s={search_term_string}\"},\"query-input\":{\"@type\":\"PropertyValueSpecification\",\"valueRequired\":true,\"valueName\":\"search_term_string\"}}],\"inLanguage\":\"de-DE\"},{\"@type\":\"Organization\",\"@id\":\"https:\/\/www.miomiorun.com\/de\/#organization\",\"name\":\"MioMio Run\",\"url\":\"https:\/\/www.miomiorun.com\/de\/\",\"logo\":{\"@type\":\"ImageObject\",\"inLanguage\":\"de-DE\",\"@id\":\"https:\/\/www.miomiorun.com\/de\/#\/schema\/logo\/image\/\",\"url\":\"https:\/\/www.miomiorun.com\/app\/uploads\/2019\/12\/logomio.png\",\"contentUrl\":\"https:\/\/www.miomiorun.com\/app\/uploads\/2019\/12\/logomio.png\",\"width\":115,\"height\":82,\"caption\":\"MioMio Run\"},\"image\":{\"@id\":\"https:\/\/www.miomiorun.com\/de\/#\/schema\/logo\/image\/\"},\"sameAs\":[\"https:\/\/www.facebook.com\/miomiorun\/\",\"https:\/\/www.instagram.com\/miomiorun\/\"]}]}<\/script>\n<!-- \/ Yoast SEO plugin. -->","yoast_head_json":{"title":"Shokz OpenSwim Pro - MP3 Schwimmen MioMioRun","description":"Entdecken Sie Shokz OpenSwim Pro: wasserdichte Knochenleitungs-Kopfh\u00f6rer, ideal f\u00fcr Schwimmen und Sport, mit hoher Audioqualit\u00e4t und 32 GB Speicher!","robots":{"index":"index","follow":"follow","max-snippet":"max-snippet:-1","max-image-preview":"max-image-preview:large","max-video-preview":"max-video-preview:-1"},"canonical":"https:\/\/www.miomiorun.com\/de\/produkt\/openswim-pro\/","og_locale":"de_DE","og_type":"article","og_title":"Shokz OpenSwim Pro - MP3 Schwimmen MioMioRun","og_description":"Entdecken Sie Shokz OpenSwim Pro: wasserdichte Knochenleitungs-Kopfh\u00f6rer, ideal f\u00fcr Schwimmen und Sport, mit hoher Audioqualit\u00e4t und 32 GB Speicher!","og_url":"https:\/\/www.miomiorun.com\/de\/produkt\/openswim-pro\/","og_site_name":"MioMioRun","article_publisher":"https:\/\/www.facebook.com\/miomiorun\/","article_modified_time":"2024-12-19T14:02:58+00:00","og_image":[{"width":600,"height":600,"url":"https:\/\/www.miomiorun.com\/app\/uploads\/2024\/12\/shokz-Openswim-pro-black-S710-ST-GY.webp","type":"image\/webp"}],"twitter_card":"summary_large_image","twitter_misc":{"Est. reading time":"2 minutes"},"schema":{"@context":"https:\/\/schema.org","@graph":[{"@type":"WebPage","@id":"https:\/\/www.miomiorun.com\/de\/produkt\/openswim-pro\/","url":"https:\/\/www.miomiorun.com\/de\/produkt\/openswim-pro\/","name":"Shokz OpenSwim Pro - MP3 Schwimmen MioMioRun","isPartOf":{"@id":"https:\/\/www.miomiorun.com\/de\/#website"},"primaryImageOfPage":{"@id":"https:\/\/www.miomiorun.com\/de\/produkt\/openswim-pro\/#primaryimage"},"image":{"@id":"https:\/\/www.miomiorun.com\/de\/produkt\/openswim-pro\/#primaryimage"},"thumbnailUrl":"https:\/\/www.miomiorun.com\/app\/uploads\/2024\/12\/shokz-Openswim-pro-black-S710-ST-GY.webp","datePublished":"2024-12-18T18:05:44+00:00","dateModified":"2024-12-19T14:02:58+00:00","description":"Entdecken Sie Shokz OpenSwim Pro: wasserdichte Knochenleitungs-Kopfh\u00f6rer, ideal f\u00fcr Schwimmen und Sport, mit hoher Audioqualit\u00e4t und 32 GB Speicher!","breadcrumb":{"@id":"https:\/\/www.miomiorun.com\/de\/produkt\/openswim-pro\/#breadcrumb"},"inLanguage":"de-DE","potentialAction":[{"@type":"ReadAction","target":["https:\/\/www.miomiorun.com\/de\/produkt\/openswim-pro\/"]}]},{"@type":"ImageObject","inLanguage":"de-DE","@id":"https:\/\/www.miomiorun.com\/de\/produkt\/openswim-pro\/#primaryimage","url":"https:\/\/www.miomiorun.com\/app\/uploads\/2024\/12\/shokz-Openswim-pro-black-S710-ST-GY.webp","contentUrl":"https:\/\/www.miomiorun.com\/app\/uploads\/2024\/12\/shokz-Openswim-pro-black-S710-ST-GY.webp","width":600,"height":600,"caption":"shokz Openswim pro black S710-ST-GY"},{"@type":"BreadcrumbList","@id":"https:\/\/www.miomiorun.com\/de\/produkt\/openswim-pro\/#breadcrumb","itemListElement":[{"@type":"ListItem","position":1,"name":"Home","item":"https:\/\/www.miomiorun.com\/de\/"},{"@type":"ListItem","position":2,"name":"Shop","item":"https:\/\/www.miomiorun.com\/shop\/"},{"@type":"ListItem","position":3,"name":"OpenSwim Pro"}]},{"@type":"WebSite","@id":"https:\/\/www.miomiorun.com\/de\/#website","url":"https:\/\/www.miomiorun.com\/de\/","name":"MioMioRun","description":"100% Lauf- und Trailshop","publisher":{"@id":"https:\/\/www.miomiorun.com\/de\/#organization"},"potentialAction":[{"@type":"SearchAction","target":{"@type":"EntryPoint","urlTemplate":"https:\/\/www.miomiorun.com\/de\/?s={search_term_string}"},"query-input":{"@type":"PropertyValueSpecification","valueRequired":true,"valueName":"search_term_string"}}],"inLanguage":"de-DE"},{"@type":"Organization","@id":"https:\/\/www.miomiorun.com\/de\/#organization","name":"MioMio Run","url":"https:\/\/www.miomiorun.com\/de\/","logo":{"@type":"ImageObject","inLanguage":"de-DE","@id":"https:\/\/www.miomiorun.com\/de\/#\/schema\/logo\/image\/","url":"https:\/\/www.miomiorun.com\/app\/uploads\/2019\/12\/logomio.png","contentUrl":"https:\/\/www.miomiorun.com\/app\/uploads\/2019\/12\/logomio.png","width":115,"height":82,"caption":"MioMio Run"},"image":{"@id":"https:\/\/www.miomiorun.com\/de\/#\/schema\/logo\/image\/"},"sameAs":["https:\/\/www.facebook.com\/miomiorun\/","https:\/\/www.instagram.com\/miomiorun\/"]}]}},"_links":{"self":[{"href":"https:\/\/www.miomiorun.com\/de\/wp-json\/wp\/v2\/product\/219941","targetHints":{"allow":["GET"]}}],"collection":[{"href":"https:\/\/www.miomiorun.com\/de\/wp-json\/wp\/v2\/product"}],"about":[{"href":"https:\/\/www.miomiorun.com\/de\/wp-json\/wp\/v2\/types\/product"}],"wp:featuredmedia":[{"embeddable":true,"href":"https:\/\/www.miomiorun.com\/de\/wp-json\/wp\/v2\/media\/219933"}],"wp:attachment":[{"href":"https:\/\/www.miomiorun.com\/de\/wp-json\/wp\/v2\/media?parent=219941"}],"wp:term":[{"taxonomy":"product_brand","embeddable":true,"href":"https:\/\/www.miomiorun.com\/de\/wp-json\/wp\/v2\/product_brand?post=219941"},{"taxonomy":"product_cat","embeddable":true,"href":"https:\/\/www.miomiorun.com\/de\/wp-json\/wp\/v2\/product_cat?post=219941"},{"taxonomy":"product_tag","embeddable":true,"href":"https:\/\/www.miomiorun.com\/de\/wp-json\/wp\/v2\/product_tag?post=219941"}],"curies":[{"name":"wp","href":"https:\/\/api.w.org\/{rel}","templated":true}]}}