{"id":218981,"date":"2024-12-13T16:27:01","date_gmt":"2024-12-13T15:27:01","guid":{"rendered":"https:\/\/miomiorun.com\/?post_type=product&#038;p=218981"},"modified":"2026-05-08T22:25:48","modified_gmt":"2026-05-08T20:25:48","slug":"light-run-kurz","status":"publish","type":"product","link":"https:\/\/www.miomiorun.com\/de\/produkt\/light-run-kurz\/","title":{"rendered":"Light Run Kurz"},"content":{"rendered":"<p><div class=\"vc-row container\"><div class=\"vc-column\"><div class=\"vc-column-text\">Die in Frankreich hergestellten Light Run Laufsocken sind die ideale Wahl f\u00fcr L\u00e4ufer, die au\u00dfergew\u00f6hnliche Leichtigkeit, Atmungsaktivit\u00e4t und Komfort suchen. Mit einem Gewicht von nur 12 Gramm (Gr\u00f6\u00dfe 42\/44) f\u00fchlen sich diese ultraleichten Socken wie eine zweite Haut an und erm\u00f6glichen eine nat\u00fcrliche, uneingeschr\u00e4nkte Bewegung beim Laufen.<\/p>\n<p>Die bel\u00fcftete Mesh-Struktur garantiert einen effektiven Schwei\u00dftransport und h\u00e4lt die F\u00fc\u00dfe auch bei den intensivsten Einheiten k\u00fchl und trocken. Die anatomische 3D-Einlegesohle im Vorfu\u00dfbereich verbessert den Komfort und die Propriozeption und bietet gezielte Unterst\u00fctzung, wo sie am meisten ben\u00f6tigt wird.<\/p>\n<p>Dar\u00fcber hinaus sorgt die 360\u00b0-St\u00fctzung und Stabilisierung von Fu\u00df und Kn\u00f6chel f\u00fcr optimalen Halt, stabilisiert den Fu\u00df im Schuh und reduziert das Verletzungsrisiko. Hergestellt aus umweltfreundlicher SENSIL ECOCARE Mikrofaser, kombinieren die Light Run Socken Weichheit und Leichtigkeit f\u00fcr ein unvergleichliches Lauferlebnis.<\/div><\/div><\/div><div class=\"vc-row container\"><div class=\"vc-column\"><div class=\"vc-column-text\"><img decoding=\"async\" src=\"https:\/\/miomiorun.com\/wp-content\/uploads\/2023\/04\/bv-sport-run-elite.jpg\" alt=\"https:\/\/miomiorun.com\/wp-content\/uploads\/2023\/04\/bv-sport-run-elite.jpg\" \/><\/div><\/div><div class=\"vc-column\"><div class=\"vc-column-text\"><\/p>\n<h3>Technologien:<\/h3>\n<div class=\"col-sm-5 col-12\">\n<p><strong>1) Anatomische 3D-Sohle<\/strong><\/p>\n<p>Technik: 3D-Netz an der Vorderseite des Fu\u00dfes<\/p>\n<p>Wirkung: Aktivierung der sensorischen Rezeptoren der Fu\u00dfsohle unter Ber\u00fccksichtigung der Anatomie.<\/p>\n<p>Vorteile: Verbessert den Komfort und die Propioaktivit\u00e4t<\/p>\n<p><strong>2) 360\u00b0 Unterst\u00fctzung und Stabilisierung von Fu\u00df und Kn\u00f6chel<\/strong><\/p>\n<p>Technik: Rippenstrick im Bereich des Sprunggelenks.<\/p>\n<p>Wirkung: St\u00fctzt und stabilisiert das Sprunggelenk ohne Kompression.<\/p>\n<p>Vorteile: Optimale Kn\u00f6chelunterst\u00fctzung beim Laufen<\/p>\n<p class=\"title\"><strong>3) Atmungsaktives Mesh<\/strong><\/p>\n<p>Technik: Leichtes, wabenf\u00f6rmiges Gestrick auf der Oberseite des Fu\u00dfes.<\/p>\n<p>Wirkung: Beschleunigt die W\u00e4rmeregulierung. Optimale Bel\u00fcftung.<\/p>\n<p>Vorteile: Leitet effektiv den Schwei\u00df ab.<\/p>\n<p class=\"title\"><strong>4) SENSIL ECOCARE<\/strong><\/p>\n<p>Technik: \u00d6kologische Faser, die aus Pre-Consumer-Abf\u00e4llen hergestellt wird.<\/p>\n<p>Ma\u00dfnahme: Der Produktionsprozess minimiert den Abfall, reduziert den Energieverbrauch und schont die nat\u00fcrlichen Ressourcen.<\/p>\n<p>Vorteile: Reduziert die Umweltbelastung.<\/p>\n<p class=\"title\"><strong>5) Breiter C\u00f4te-Rand<\/strong><\/p>\n<p>Technik: Verst\u00e4rktes Band am oberen Rand des Strumpfes.<\/p>\n<p>Wirkung: H\u00e4lt die Socke effektiv fest, ohne zu spannen.<\/p>\n<p>Vorteile: Verbessert den Halt der Socke.<\/p>\n<\/div>\n<p><\/div><\/div><\/div><\/p>\n","protected":false},"excerpt":{"rendered":"<p>Ultraleicht: Sie wiegen nur 12 Gramm und f\u00fchlen sich an wie eine zweite Haut.<br \/>\nHervorragende Atmungsaktivit\u00e4t: Die bel\u00fcftete Netzstruktur h\u00e4lt die F\u00fc\u00dfe k\u00fchl und trocken.<br \/>\nAnatomische Unterst\u00fctzung: 3D-Einlegesohle und 360\u00b0-Stabilisierung garantieren Komfort und Verletzungsprophylaxe.<\/p>\n","protected":false},"featured_media":218970,"template":"","meta":{"_acf_changed":false,"inline_featured_image":false},"product_brand":[],"product_cat":[6540,6514,6401,6402],"product_tag":[15504,15510,15507],"class_list":{"0":"post-218981","1":"product","2":"type-product","3":"status-publish","4":"has-post-thumbnail","6":"product_cat-herrenbekleidung","7":"product_cat-socken","8":"product_cat-damenbekleidung","9":"product_cat-damensocken-de","10":"product_tag-bv-sport-de","11":"product_tag-bv-sport-damen","12":"product_tag-bv-sport-herren","13":"pa_attivita-gehen","14":"pa_attivita-running-de","15":"pa_colore-light-run-courte-blanc-bleu-de","16":"pa_colore-light-run-courte-blanc-gris-de","17":"pa_colore-light-run-courte-blanc-jaune-de","18":"pa_colore-light-run-courte-blanc-turquoise-de","19":"pa_colore-light-run-courte-noir-bleu-de","20":"pa_marca-bv-sport-de","21":"pa_sesso-damen","22":"pa_sesso-herren","23":"pa_size-36-38-de","24":"pa_size-39-41-de","25":"pa_size-42-44-de","26":"pa_size-45-47-de","28":"first","29":"instock","30":"sale","31":"taxable","32":"shipping-taxable","33":"purchasable","34":"product-type-variable","35":"wvs-archive-product-wrapper"},"acf":[],"yoast_head":"<!-- This site is optimized with the Yoast SEO plugin v26.8 - https:\/\/yoast.com\/product\/yoast-seo-wordpress\/ -->\n<title>Bv SportLight Run Kurz - Laufsocken - MioMioRun.com<\/title>\n<meta name=\"description\" content=\"Entdecken Sie die ultraleichten Light Run-Laufsocken, die aus umweltfreundlichen Materialien hergestellt werden. Sie bieten optimale Atmungsaktivit\u00e4t\" \/>\n<meta name=\"robots\" content=\"index, follow, max-snippet:-1, max-image-preview:large, max-video-preview:-1\" \/>\n<link rel=\"canonical\" href=\"https:\/\/www.miomiorun.com\/de\/produkt\/light-run-kurz\/\" \/>\n<meta property=\"og:locale\" content=\"de_DE\" \/>\n<meta property=\"og:type\" content=\"article\" \/>\n<meta property=\"og:title\" content=\"Bv SportLight Run Kurz - Laufsocken - MioMioRun.com\" \/>\n<meta property=\"og:description\" content=\"Entdecken Sie die ultraleichten Light Run-Laufsocken, die aus umweltfreundlichen Materialien hergestellt werden. Sie bieten optimale Atmungsaktivit\u00e4t\" \/>\n<meta property=\"og:url\" content=\"https:\/\/www.miomiorun.com\/de\/produkt\/light-run-kurz\/\" \/>\n<meta property=\"og:site_name\" content=\"MioMioRun\" \/>\n<meta property=\"article:publisher\" content=\"https:\/\/www.facebook.com\/miomiorun\/\" \/>\n<meta property=\"article:modified_time\" content=\"2026-05-08T20:25:48+00:00\" \/>\n<meta property=\"og:image\" content=\"https:\/\/www.miomiorun.com\/app\/uploads\/2024\/12\/bv-sport-Light-run-courte-blanc-turquoise-304-004.webp\" \/>\n\t<meta property=\"og:image:width\" content=\"600\" \/>\n\t<meta property=\"og:image:height\" content=\"600\" \/>\n\t<meta property=\"og:image:type\" content=\"image\/webp\" \/>\n<meta name=\"twitter:card\" content=\"summary_large_image\" \/>\n<meta name=\"twitter:label1\" content=\"Est. reading time\" \/>\n\t<meta name=\"twitter:data1\" content=\"1 minute\" \/>\n<script type=\"application\/ld+json\" class=\"yoast-schema-graph\">{\"@context\":\"https:\/\/schema.org\",\"@graph\":[{\"@type\":\"WebPage\",\"@id\":\"https:\/\/www.miomiorun.com\/de\/produkt\/light-run-kurz\/\",\"url\":\"https:\/\/www.miomiorun.com\/de\/produkt\/light-run-kurz\/\",\"name\":\"Bv SportLight Run Kurz - Laufsocken - MioMioRun.com\",\"isPartOf\":{\"@id\":\"https:\/\/www.miomiorun.com\/de\/#website\"},\"primaryImageOfPage\":{\"@id\":\"https:\/\/www.miomiorun.com\/de\/produkt\/light-run-kurz\/#primaryimage\"},\"image\":{\"@id\":\"https:\/\/www.miomiorun.com\/de\/produkt\/light-run-kurz\/#primaryimage\"},\"thumbnailUrl\":\"https:\/\/www.miomiorun.com\/app\/uploads\/2024\/12\/bv-sport-Light-run-courte-blanc-turquoise-304-004.webp\",\"datePublished\":\"2024-12-13T15:27:01+00:00\",\"dateModified\":\"2026-05-08T20:25:48+00:00\",\"description\":\"Entdecken Sie die ultraleichten Light Run-Laufsocken, die aus umweltfreundlichen Materialien hergestellt werden. Sie bieten optimale Atmungsaktivit\u00e4t\",\"breadcrumb\":{\"@id\":\"https:\/\/www.miomiorun.com\/de\/produkt\/light-run-kurz\/#breadcrumb\"},\"inLanguage\":\"de-DE\",\"potentialAction\":[{\"@type\":\"ReadAction\",\"target\":[\"https:\/\/www.miomiorun.com\/de\/produkt\/light-run-kurz\/\"]}]},{\"@type\":\"ImageObject\",\"inLanguage\":\"de-DE\",\"@id\":\"https:\/\/www.miomiorun.com\/de\/produkt\/light-run-kurz\/#primaryimage\",\"url\":\"https:\/\/www.miomiorun.com\/app\/uploads\/2024\/12\/bv-sport-Light-run-courte-blanc-turquoise-304-004.webp\",\"contentUrl\":\"https:\/\/www.miomiorun.com\/app\/uploads\/2024\/12\/bv-sport-Light-run-courte-blanc-turquoise-304-004.webp\",\"width\":600,\"height\":600,\"caption\":\"bv sport Light run courte blanc turquoise 304 004\"},{\"@type\":\"BreadcrumbList\",\"@id\":\"https:\/\/www.miomiorun.com\/de\/produkt\/light-run-kurz\/#breadcrumb\",\"itemListElement\":[{\"@type\":\"ListItem\",\"position\":1,\"name\":\"Home\",\"item\":\"https:\/\/www.miomiorun.com\/de\/\"},{\"@type\":\"ListItem\",\"position\":2,\"name\":\"Shop\",\"item\":\"https:\/\/www.miomiorun.com\/shop\/\"},{\"@type\":\"ListItem\",\"position\":3,\"name\":\"Light Run Kurz\"}]},{\"@type\":\"WebSite\",\"@id\":\"https:\/\/www.miomiorun.com\/de\/#website\",\"url\":\"https:\/\/www.miomiorun.com\/de\/\",\"name\":\"MioMioRun\",\"description\":\"100% Lauf- und Trailshop\",\"publisher\":{\"@id\":\"https:\/\/www.miomiorun.com\/de\/#organization\"},\"potentialAction\":[{\"@type\":\"SearchAction\",\"target\":{\"@type\":\"EntryPoint\",\"urlTemplate\":\"https:\/\/www.miomiorun.com\/de\/?s={search_term_string}\"},\"query-input\":{\"@type\":\"PropertyValueSpecification\",\"valueRequired\":true,\"valueName\":\"search_term_string\"}}],\"inLanguage\":\"de-DE\"},{\"@type\":\"Organization\",\"@id\":\"https:\/\/www.miomiorun.com\/de\/#organization\",\"name\":\"MioMio Run\",\"url\":\"https:\/\/www.miomiorun.com\/de\/\",\"logo\":{\"@type\":\"ImageObject\",\"inLanguage\":\"de-DE\",\"@id\":\"https:\/\/www.miomiorun.com\/de\/#\/schema\/logo\/image\/\",\"url\":\"https:\/\/www.miomiorun.com\/app\/uploads\/2019\/12\/logomio.png\",\"contentUrl\":\"https:\/\/www.miomiorun.com\/app\/uploads\/2019\/12\/logomio.png\",\"width\":115,\"height\":82,\"caption\":\"MioMio Run\"},\"image\":{\"@id\":\"https:\/\/www.miomiorun.com\/de\/#\/schema\/logo\/image\/\"},\"sameAs\":[\"https:\/\/www.facebook.com\/miomiorun\/\",\"https:\/\/www.instagram.com\/miomiorun\/\"]}]}<\/script>\n<!-- \/ Yoast SEO plugin. -->","yoast_head_json":{"title":"Bv SportLight Run Kurz - Laufsocken - MioMioRun.com","description":"Entdecken Sie die ultraleichten Light Run-Laufsocken, die aus umweltfreundlichen Materialien hergestellt werden. Sie bieten optimale Atmungsaktivit\u00e4t","robots":{"index":"index","follow":"follow","max-snippet":"max-snippet:-1","max-image-preview":"max-image-preview:large","max-video-preview":"max-video-preview:-1"},"canonical":"https:\/\/www.miomiorun.com\/de\/produkt\/light-run-kurz\/","og_locale":"de_DE","og_type":"article","og_title":"Bv SportLight Run Kurz - Laufsocken - MioMioRun.com","og_description":"Entdecken Sie die ultraleichten Light Run-Laufsocken, die aus umweltfreundlichen Materialien hergestellt werden. Sie bieten optimale Atmungsaktivit\u00e4t","og_url":"https:\/\/www.miomiorun.com\/de\/produkt\/light-run-kurz\/","og_site_name":"MioMioRun","article_publisher":"https:\/\/www.facebook.com\/miomiorun\/","article_modified_time":"2026-05-08T20:25:48+00:00","og_image":[{"width":600,"height":600,"url":"https:\/\/www.miomiorun.com\/app\/uploads\/2024\/12\/bv-sport-Light-run-courte-blanc-turquoise-304-004.webp","type":"image\/webp"}],"twitter_card":"summary_large_image","twitter_misc":{"Est. reading time":"1 minute"},"schema":{"@context":"https:\/\/schema.org","@graph":[{"@type":"WebPage","@id":"https:\/\/www.miomiorun.com\/de\/produkt\/light-run-kurz\/","url":"https:\/\/www.miomiorun.com\/de\/produkt\/light-run-kurz\/","name":"Bv SportLight Run Kurz - Laufsocken - MioMioRun.com","isPartOf":{"@id":"https:\/\/www.miomiorun.com\/de\/#website"},"primaryImageOfPage":{"@id":"https:\/\/www.miomiorun.com\/de\/produkt\/light-run-kurz\/#primaryimage"},"image":{"@id":"https:\/\/www.miomiorun.com\/de\/produkt\/light-run-kurz\/#primaryimage"},"thumbnailUrl":"https:\/\/www.miomiorun.com\/app\/uploads\/2024\/12\/bv-sport-Light-run-courte-blanc-turquoise-304-004.webp","datePublished":"2024-12-13T15:27:01+00:00","dateModified":"2026-05-08T20:25:48+00:00","description":"Entdecken Sie die ultraleichten Light Run-Laufsocken, die aus umweltfreundlichen Materialien hergestellt werden. Sie bieten optimale Atmungsaktivit\u00e4t","breadcrumb":{"@id":"https:\/\/www.miomiorun.com\/de\/produkt\/light-run-kurz\/#breadcrumb"},"inLanguage":"de-DE","potentialAction":[{"@type":"ReadAction","target":["https:\/\/www.miomiorun.com\/de\/produkt\/light-run-kurz\/"]}]},{"@type":"ImageObject","inLanguage":"de-DE","@id":"https:\/\/www.miomiorun.com\/de\/produkt\/light-run-kurz\/#primaryimage","url":"https:\/\/www.miomiorun.com\/app\/uploads\/2024\/12\/bv-sport-Light-run-courte-blanc-turquoise-304-004.webp","contentUrl":"https:\/\/www.miomiorun.com\/app\/uploads\/2024\/12\/bv-sport-Light-run-courte-blanc-turquoise-304-004.webp","width":600,"height":600,"caption":"bv sport Light run courte blanc turquoise 304 004"},{"@type":"BreadcrumbList","@id":"https:\/\/www.miomiorun.com\/de\/produkt\/light-run-kurz\/#breadcrumb","itemListElement":[{"@type":"ListItem","position":1,"name":"Home","item":"https:\/\/www.miomiorun.com\/de\/"},{"@type":"ListItem","position":2,"name":"Shop","item":"https:\/\/www.miomiorun.com\/shop\/"},{"@type":"ListItem","position":3,"name":"Light Run Kurz"}]},{"@type":"WebSite","@id":"https:\/\/www.miomiorun.com\/de\/#website","url":"https:\/\/www.miomiorun.com\/de\/","name":"MioMioRun","description":"100% Lauf- und Trailshop","publisher":{"@id":"https:\/\/www.miomiorun.com\/de\/#organization"},"potentialAction":[{"@type":"SearchAction","target":{"@type":"EntryPoint","urlTemplate":"https:\/\/www.miomiorun.com\/de\/?s={search_term_string}"},"query-input":{"@type":"PropertyValueSpecification","valueRequired":true,"valueName":"search_term_string"}}],"inLanguage":"de-DE"},{"@type":"Organization","@id":"https:\/\/www.miomiorun.com\/de\/#organization","name":"MioMio Run","url":"https:\/\/www.miomiorun.com\/de\/","logo":{"@type":"ImageObject","inLanguage":"de-DE","@id":"https:\/\/www.miomiorun.com\/de\/#\/schema\/logo\/image\/","url":"https:\/\/www.miomiorun.com\/app\/uploads\/2019\/12\/logomio.png","contentUrl":"https:\/\/www.miomiorun.com\/app\/uploads\/2019\/12\/logomio.png","width":115,"height":82,"caption":"MioMio Run"},"image":{"@id":"https:\/\/www.miomiorun.com\/de\/#\/schema\/logo\/image\/"},"sameAs":["https:\/\/www.facebook.com\/miomiorun\/","https:\/\/www.instagram.com\/miomiorun\/"]}]}},"_links":{"self":[{"href":"https:\/\/www.miomiorun.com\/de\/wp-json\/wp\/v2\/product\/218981","targetHints":{"allow":["GET"]}}],"collection":[{"href":"https:\/\/www.miomiorun.com\/de\/wp-json\/wp\/v2\/product"}],"about":[{"href":"https:\/\/www.miomiorun.com\/de\/wp-json\/wp\/v2\/types\/product"}],"wp:featuredmedia":[{"embeddable":true,"href":"https:\/\/www.miomiorun.com\/de\/wp-json\/wp\/v2\/media\/218970"}],"wp:attachment":[{"href":"https:\/\/www.miomiorun.com\/de\/wp-json\/wp\/v2\/media?parent=218981"}],"wp:term":[{"taxonomy":"product_brand","embeddable":true,"href":"https:\/\/www.miomiorun.com\/de\/wp-json\/wp\/v2\/product_brand?post=218981"},{"taxonomy":"product_cat","embeddable":true,"href":"https:\/\/www.miomiorun.com\/de\/wp-json\/wp\/v2\/product_cat?post=218981"},{"taxonomy":"product_tag","embeddable":true,"href":"https:\/\/www.miomiorun.com\/de\/wp-json\/wp\/v2\/product_tag?post=218981"}],"curies":[{"name":"wp","href":"https:\/\/api.w.org\/{rel}","templated":true}]}}