{"id":218807,"date":"2024-12-12T18:43:34","date_gmt":"2024-12-12T17:43:34","guid":{"rendered":"https:\/\/miomiorun.com\/?post_type=product&#038;p=218807"},"modified":"2025-01-09T14:22:43","modified_gmt":"2025-01-09T13:22:43","slug":"no-show-socks-3-0-damen","status":"publish","type":"product","link":"https:\/\/www.miomiorun.com\/de\/produkt\/no-show-socks-3-0-damen\/","title":{"rendered":"No Show Socks 3.0 damen"},"content":{"rendered":"<p>Die CEP Compression <strong>No Show Socks 3.0<\/strong> f\u00fcr Frauen bieten \u00fcberragenden Komfort, den Sie kaum sehen werden. Unsere bew\u00e4hrte Materialmischung hilft, Blasen zu vermeiden, indem sie eine perfekte Passform bietet. Unsere No-Show-Kompressionssocken f\u00fcr L\u00e4ufer bieten eine nahtlose, eng anliegende Passform, die konsequent auf Komfort und Leistung ausgelegt ist. Integriert in unsere erstklassigen feuchtigkeitsableitenden Fasern finden Sie keine bessere Kompressionssocke.<\/p>\n<ul>\n<li>Gezielte Kompression zur Linderung von Schwellungen und Schmerzen<\/li>\n<li>Leistungsstarke Polsterung entlang des Fu\u00dfbetts verhindert Blasenbildung<\/li>\n<li>HEIQ-Klimamanagement k\u00fchlt die Haut bei Aktivit\u00e4t<\/li>\n<li>Keine sichtbare H\u00f6he mit Fersenlasche f\u00fcr einen rutschfesten Sitz<\/li>\n<li>Atmungsaktive Garne sind robust und langlebig<\/li>\n<li>Kompression am Fu\u00df zur Linderung von Plantarfasziitis<\/li>\n<\/ul>\n<p>Material: 90% Polyamid, 10% Elastan<\/p>\n","protected":false},"excerpt":{"rendered":"<p>Die CEP Compression No Show Socks 3.0 f\u00fcr Frauen bieten \u00fcberragenden Komfort, den Sie kaum sehen werden. Unsere bew\u00e4hrte Materialmischung hilft, Blasen zu vermeiden, indem sie eine perfekte Passform bietet. Unsere No-Show-Kompressionssocken f\u00fcr L\u00e4ufer bieten eine nahtlose, eng anliegende Passform, die konsequent auf Komfort und Leistung ausgelegt ist. Integriert in unsere erstklassigen feuchtigkeitsableitenden Fasern finden &hellip; <a href=\"https:\/\/www.miomiorun.com\/de\/produkt\/no-show-socks-3-0-damen\/\">Continued<\/a><\/p>\n","protected":false},"featured_media":53542,"template":"","meta":{"_acf_changed":false,"inline_featured_image":false},"product_brand":[],"product_cat":[6401,6402],"product_tag":[3408,6210],"class_list":{"0":"post-218807","1":"product","2":"type-product","3":"status-publish","4":"has-post-thumbnail","6":"product_cat-damenbekleidung","7":"product_cat-damensocken-de","8":"product_tag-cep-de","9":"product_tag-cep-damen-de","10":"pa_attivita-fitness-de","11":"pa_attivita-gehen","12":"pa_attivita-running-de","13":"pa_colore-no-show-socks-3-0-w-ice-grey-de","14":"pa_marca-cep-de","15":"pa_sesso-damen","16":"pa_size-37-40-de","18":"first","19":"instock","20":"sale","21":"taxable","22":"shipping-taxable","23":"purchasable","24":"product-type-variable","25":"has-default-attributes","26":"wvs-archive-product-wrapper"},"acf":[],"yoast_head":"<!-- This site is optimized with the Yoast SEO plugin v26.8 - https:\/\/yoast.com\/product\/yoast-seo-wordpress\/ -->\n<title>Cep No Show Socks 3.0 damen - Laufende Socken - MioMioRun<\/title>\n<meta name=\"description\" content=\"Die CEP Compression No Show Socks 3.0 f\u00fcr Frauen bieten h\u00f6chsten Komfort. Die Mischung der Materialien hilft, Blasen zu verhindern, indem sie eine perfekte\" \/>\n<meta name=\"robots\" content=\"index, follow, max-snippet:-1, max-image-preview:large, max-video-preview:-1\" \/>\n<link rel=\"canonical\" href=\"https:\/\/www.miomiorun.com\/de\/produkt\/no-show-socks-3-0-damen\/\" \/>\n<meta property=\"og:locale\" content=\"de_DE\" \/>\n<meta property=\"og:type\" content=\"article\" \/>\n<meta property=\"og:title\" content=\"Cep No Show Socks 3.0 damen - Laufende Socken - MioMioRun\" \/>\n<meta property=\"og:description\" content=\"Die CEP Compression No Show Socks 3.0 f\u00fcr Frauen bieten h\u00f6chsten Komfort. Die Mischung der Materialien hilft, Blasen zu verhindern, indem sie eine perfekte\" \/>\n<meta property=\"og:url\" content=\"https:\/\/www.miomiorun.com\/de\/produkt\/no-show-socks-3-0-damen\/\" \/>\n<meta property=\"og:site_name\" content=\"MioMioRun\" \/>\n<meta property=\"article:publisher\" content=\"https:\/\/www.facebook.com\/miomiorun\/\" \/>\n<meta property=\"article:modified_time\" content=\"2025-01-09T13:22:43+00:00\" \/>\n<meta property=\"og:image\" content=\"https:\/\/www.miomiorun.com\/app\/uploads\/2020\/10\/cep-No-Show-Compression-Socks-3.0-WP46FX.jpg\" \/>\n\t<meta property=\"og:image:width\" content=\"600\" \/>\n\t<meta property=\"og:image:height\" content=\"600\" \/>\n\t<meta property=\"og:image:type\" content=\"image\/jpeg\" \/>\n<meta name=\"twitter:card\" content=\"summary_large_image\" \/>\n<meta name=\"twitter:label1\" content=\"Est. reading time\" \/>\n\t<meta name=\"twitter:data1\" content=\"1 minute\" \/>\n<script type=\"application\/ld+json\" class=\"yoast-schema-graph\">{\"@context\":\"https:\/\/schema.org\",\"@graph\":[{\"@type\":\"WebPage\",\"@id\":\"https:\/\/www.miomiorun.com\/de\/produkt\/no-show-socks-3-0-damen\/\",\"url\":\"https:\/\/www.miomiorun.com\/de\/produkt\/no-show-socks-3-0-damen\/\",\"name\":\"Cep No Show Socks 3.0 damen - Laufende Socken - MioMioRun\",\"isPartOf\":{\"@id\":\"https:\/\/www.miomiorun.com\/de\/#website\"},\"primaryImageOfPage\":{\"@id\":\"https:\/\/www.miomiorun.com\/de\/produkt\/no-show-socks-3-0-damen\/#primaryimage\"},\"image\":{\"@id\":\"https:\/\/www.miomiorun.com\/de\/produkt\/no-show-socks-3-0-damen\/#primaryimage\"},\"thumbnailUrl\":\"https:\/\/www.miomiorun.com\/app\/uploads\/2020\/10\/cep-No-Show-Compression-Socks-3.0-WP46FX.jpg\",\"datePublished\":\"2024-12-12T17:43:34+00:00\",\"dateModified\":\"2025-01-09T13:22:43+00:00\",\"description\":\"Die CEP Compression No Show Socks 3.0 f\u00fcr Frauen bieten h\u00f6chsten Komfort. Die Mischung der Materialien hilft, Blasen zu verhindern, indem sie eine perfekte\",\"breadcrumb\":{\"@id\":\"https:\/\/www.miomiorun.com\/de\/produkt\/no-show-socks-3-0-damen\/#breadcrumb\"},\"inLanguage\":\"de-DE\",\"potentialAction\":[{\"@type\":\"ReadAction\",\"target\":[\"https:\/\/www.miomiorun.com\/de\/produkt\/no-show-socks-3-0-damen\/\"]}]},{\"@type\":\"ImageObject\",\"inLanguage\":\"de-DE\",\"@id\":\"https:\/\/www.miomiorun.com\/de\/produkt\/no-show-socks-3-0-damen\/#primaryimage\",\"url\":\"https:\/\/www.miomiorun.com\/app\/uploads\/2020\/10\/cep-No-Show-Compression-Socks-3.0-WP46FX.jpg\",\"contentUrl\":\"https:\/\/www.miomiorun.com\/app\/uploads\/2020\/10\/cep-No-Show-Compression-Socks-3.0-WP46FX.jpg\",\"width\":600,\"height\":600,\"caption\":\"cep no show compression socks\"},{\"@type\":\"BreadcrumbList\",\"@id\":\"https:\/\/www.miomiorun.com\/de\/produkt\/no-show-socks-3-0-damen\/#breadcrumb\",\"itemListElement\":[{\"@type\":\"ListItem\",\"position\":1,\"name\":\"Home\",\"item\":\"https:\/\/www.miomiorun.com\/de\/\"},{\"@type\":\"ListItem\",\"position\":2,\"name\":\"Shop\",\"item\":\"https:\/\/www.miomiorun.com\/shop\/\"},{\"@type\":\"ListItem\",\"position\":3,\"name\":\"No Show Socks 3.0 damen\"}]},{\"@type\":\"WebSite\",\"@id\":\"https:\/\/www.miomiorun.com\/de\/#website\",\"url\":\"https:\/\/www.miomiorun.com\/de\/\",\"name\":\"MioMioRun\",\"description\":\"100% Lauf- und Trailshop\",\"publisher\":{\"@id\":\"https:\/\/www.miomiorun.com\/de\/#organization\"},\"potentialAction\":[{\"@type\":\"SearchAction\",\"target\":{\"@type\":\"EntryPoint\",\"urlTemplate\":\"https:\/\/www.miomiorun.com\/de\/?s={search_term_string}\"},\"query-input\":{\"@type\":\"PropertyValueSpecification\",\"valueRequired\":true,\"valueName\":\"search_term_string\"}}],\"inLanguage\":\"de-DE\"},{\"@type\":\"Organization\",\"@id\":\"https:\/\/www.miomiorun.com\/de\/#organization\",\"name\":\"MioMio Run\",\"url\":\"https:\/\/www.miomiorun.com\/de\/\",\"logo\":{\"@type\":\"ImageObject\",\"inLanguage\":\"de-DE\",\"@id\":\"https:\/\/www.miomiorun.com\/de\/#\/schema\/logo\/image\/\",\"url\":\"https:\/\/www.miomiorun.com\/app\/uploads\/2019\/12\/logomio.png\",\"contentUrl\":\"https:\/\/www.miomiorun.com\/app\/uploads\/2019\/12\/logomio.png\",\"width\":115,\"height\":82,\"caption\":\"MioMio Run\"},\"image\":{\"@id\":\"https:\/\/www.miomiorun.com\/de\/#\/schema\/logo\/image\/\"},\"sameAs\":[\"https:\/\/www.facebook.com\/miomiorun\/\",\"https:\/\/www.instagram.com\/miomiorun\/\"]}]}<\/script>\n<!-- \/ Yoast SEO plugin. -->","yoast_head_json":{"title":"Cep No Show Socks 3.0 damen - Laufende Socken - MioMioRun","description":"Die CEP Compression No Show Socks 3.0 f\u00fcr Frauen bieten h\u00f6chsten Komfort. Die Mischung der Materialien hilft, Blasen zu verhindern, indem sie eine perfekte","robots":{"index":"index","follow":"follow","max-snippet":"max-snippet:-1","max-image-preview":"max-image-preview:large","max-video-preview":"max-video-preview:-1"},"canonical":"https:\/\/www.miomiorun.com\/de\/produkt\/no-show-socks-3-0-damen\/","og_locale":"de_DE","og_type":"article","og_title":"Cep No Show Socks 3.0 damen - Laufende Socken - MioMioRun","og_description":"Die CEP Compression No Show Socks 3.0 f\u00fcr Frauen bieten h\u00f6chsten Komfort. Die Mischung der Materialien hilft, Blasen zu verhindern, indem sie eine perfekte","og_url":"https:\/\/www.miomiorun.com\/de\/produkt\/no-show-socks-3-0-damen\/","og_site_name":"MioMioRun","article_publisher":"https:\/\/www.facebook.com\/miomiorun\/","article_modified_time":"2025-01-09T13:22:43+00:00","og_image":[{"width":600,"height":600,"url":"https:\/\/www.miomiorun.com\/app\/uploads\/2020\/10\/cep-No-Show-Compression-Socks-3.0-WP46FX.jpg","type":"image\/jpeg"}],"twitter_card":"summary_large_image","twitter_misc":{"Est. reading time":"1 minute"},"schema":{"@context":"https:\/\/schema.org","@graph":[{"@type":"WebPage","@id":"https:\/\/www.miomiorun.com\/de\/produkt\/no-show-socks-3-0-damen\/","url":"https:\/\/www.miomiorun.com\/de\/produkt\/no-show-socks-3-0-damen\/","name":"Cep No Show Socks 3.0 damen - Laufende Socken - MioMioRun","isPartOf":{"@id":"https:\/\/www.miomiorun.com\/de\/#website"},"primaryImageOfPage":{"@id":"https:\/\/www.miomiorun.com\/de\/produkt\/no-show-socks-3-0-damen\/#primaryimage"},"image":{"@id":"https:\/\/www.miomiorun.com\/de\/produkt\/no-show-socks-3-0-damen\/#primaryimage"},"thumbnailUrl":"https:\/\/www.miomiorun.com\/app\/uploads\/2020\/10\/cep-No-Show-Compression-Socks-3.0-WP46FX.jpg","datePublished":"2024-12-12T17:43:34+00:00","dateModified":"2025-01-09T13:22:43+00:00","description":"Die CEP Compression No Show Socks 3.0 f\u00fcr Frauen bieten h\u00f6chsten Komfort. Die Mischung der Materialien hilft, Blasen zu verhindern, indem sie eine perfekte","breadcrumb":{"@id":"https:\/\/www.miomiorun.com\/de\/produkt\/no-show-socks-3-0-damen\/#breadcrumb"},"inLanguage":"de-DE","potentialAction":[{"@type":"ReadAction","target":["https:\/\/www.miomiorun.com\/de\/produkt\/no-show-socks-3-0-damen\/"]}]},{"@type":"ImageObject","inLanguage":"de-DE","@id":"https:\/\/www.miomiorun.com\/de\/produkt\/no-show-socks-3-0-damen\/#primaryimage","url":"https:\/\/www.miomiorun.com\/app\/uploads\/2020\/10\/cep-No-Show-Compression-Socks-3.0-WP46FX.jpg","contentUrl":"https:\/\/www.miomiorun.com\/app\/uploads\/2020\/10\/cep-No-Show-Compression-Socks-3.0-WP46FX.jpg","width":600,"height":600,"caption":"cep no show compression socks"},{"@type":"BreadcrumbList","@id":"https:\/\/www.miomiorun.com\/de\/produkt\/no-show-socks-3-0-damen\/#breadcrumb","itemListElement":[{"@type":"ListItem","position":1,"name":"Home","item":"https:\/\/www.miomiorun.com\/de\/"},{"@type":"ListItem","position":2,"name":"Shop","item":"https:\/\/www.miomiorun.com\/shop\/"},{"@type":"ListItem","position":3,"name":"No Show Socks 3.0 damen"}]},{"@type":"WebSite","@id":"https:\/\/www.miomiorun.com\/de\/#website","url":"https:\/\/www.miomiorun.com\/de\/","name":"MioMioRun","description":"100% Lauf- und Trailshop","publisher":{"@id":"https:\/\/www.miomiorun.com\/de\/#organization"},"potentialAction":[{"@type":"SearchAction","target":{"@type":"EntryPoint","urlTemplate":"https:\/\/www.miomiorun.com\/de\/?s={search_term_string}"},"query-input":{"@type":"PropertyValueSpecification","valueRequired":true,"valueName":"search_term_string"}}],"inLanguage":"de-DE"},{"@type":"Organization","@id":"https:\/\/www.miomiorun.com\/de\/#organization","name":"MioMio Run","url":"https:\/\/www.miomiorun.com\/de\/","logo":{"@type":"ImageObject","inLanguage":"de-DE","@id":"https:\/\/www.miomiorun.com\/de\/#\/schema\/logo\/image\/","url":"https:\/\/www.miomiorun.com\/app\/uploads\/2019\/12\/logomio.png","contentUrl":"https:\/\/www.miomiorun.com\/app\/uploads\/2019\/12\/logomio.png","width":115,"height":82,"caption":"MioMio Run"},"image":{"@id":"https:\/\/www.miomiorun.com\/de\/#\/schema\/logo\/image\/"},"sameAs":["https:\/\/www.facebook.com\/miomiorun\/","https:\/\/www.instagram.com\/miomiorun\/"]}]}},"_links":{"self":[{"href":"https:\/\/www.miomiorun.com\/de\/wp-json\/wp\/v2\/product\/218807","targetHints":{"allow":["GET"]}}],"collection":[{"href":"https:\/\/www.miomiorun.com\/de\/wp-json\/wp\/v2\/product"}],"about":[{"href":"https:\/\/www.miomiorun.com\/de\/wp-json\/wp\/v2\/types\/product"}],"wp:featuredmedia":[{"embeddable":true,"href":"https:\/\/www.miomiorun.com\/de\/wp-json\/wp\/v2\/media\/53542"}],"wp:attachment":[{"href":"https:\/\/www.miomiorun.com\/de\/wp-json\/wp\/v2\/media?parent=218807"}],"wp:term":[{"taxonomy":"product_brand","embeddable":true,"href":"https:\/\/www.miomiorun.com\/de\/wp-json\/wp\/v2\/product_brand?post=218807"},{"taxonomy":"product_cat","embeddable":true,"href":"https:\/\/www.miomiorun.com\/de\/wp-json\/wp\/v2\/product_cat?post=218807"},{"taxonomy":"product_tag","embeddable":true,"href":"https:\/\/www.miomiorun.com\/de\/wp-json\/wp\/v2\/product_tag?post=218807"}],"curies":[{"name":"wp","href":"https:\/\/api.w.org\/{rel}","templated":true}]}}