{"id":218621,"date":"2024-12-12T16:36:13","date_gmt":"2024-12-12T15:36:13","guid":{"rendered":"https:\/\/miomiorun.com\/?post_type=product&#038;p=218621"},"modified":"2026-05-08T22:25:54","modified_gmt":"2026-05-08T20:25:54","slug":"akyra-ii-damen","status":"publish","type":"product","link":"https:\/\/www.miomiorun.com\/de\/produkt\/akyra-ii-damen\/","title":{"rendered":"Akyra II damen"},"content":{"rendered":"<div class=\"vc-row container\"><div class=\"vc-column\"><div class=\"vc-column-text\"><\/p>\n<p><strong>Technische Daten<\/strong><\/p>\n<p>Kategorie: Top-D\u00e4mpfung<br \/>\nVersatz: 9 mm<br \/>\nGewicht: 305 g<br \/>\nIdeal f\u00fcr: Bergl\u00e4ufer, die ein solides und robustes Modell suchen, das Traktion, Schutz und eine bequeme Passform sowohl auf langen als auch auf mittleren Strecken w\u00e4hrend der Wintersaison bietet.<br \/>\nGewicht des Athleten: 70-90 kg<br \/>\nLauftempo : langsam (&gt;5.30 min\/km)<br \/>\n<a href=\"https:\/\/miomiorun.com\/de\/leitfaden-fuer-technische-spezifikationen\/\">Leitfaden f\u00fcr technische Spezifikationen<\/a><\/p>\n<p><\/div><\/div><div class=\"vc-column\"><div class=\"vc-column-text\">Der <strong>Akyra II<\/strong> f\u00fcr Damen ist der perfekte Schuh f\u00fcr alle, die Schutz und Unterst\u00fctzung suchen, aber nicht auf Agilit\u00e4t und Geschwindigkeit verzichten wollen. Das 3D Grid\u2122 KPU Obermaterial und die Impact Brake System\u2122 Au\u00dfensohle sorgen f\u00fcr Stabilit\u00e4t und Schutz, w\u00e4hrend der Trail Rocker\u2122 in Kombination mit der bequemen und flexiblen Passform jedem Schritt Dynamik verleiht.<\/p>\n<h3>Technische Daten<\/h3>\n<p><b>E<b>inlegesohle:<\/b> Ortholite 5 mm Hiking<b>Zwischensohle:<\/b> EVA-Injektion mit BIO-basierten Komponenten Futter<b>:<\/b> Mesh-Anti-Rutsch-Au\u00dfensohle:<\/b><\/p>\n<p>Dual Compound Frixion XT Red mit Trail Rocker+ Impact Brake<b>SystemBerglaufObermaterial:<\/b>3<b>-lagige<\/b> Obermaterialkonstruktion+ 3D Grid\u2122 Konstruktion aus KPU<\/p>\n<h3>Eigenschaften:<\/h3>\n<ul>\n<li>Garantierte Stabilit\u00e4t und Fu\u00dfschutz dank 3D Grid\u2122 in KPU<\/li>\n<li>Komfort und Atmungsaktivit\u00e4t dank 3-lagiger Oberkonstruktion<\/li>\n<li>Sohle mit exklusivem Trail Rocker\u2122 System: f\u00f6rdert ein nat\u00fcrliches Abrollen des Fu\u00dfes<\/li>\n<\/ul>\n<p>&nbsp;<\/p>\n<p><a class=\"d-flex flex-column align-items-center text-center\"> <img loading=\"lazy\" decoding=\"async\" class=\"ls-is-cached lazyloaded\" src=\"https:\/\/www.lasportiva.com\/media\/techinfo_icons\/friction-red.png\" alt=\"La Sportiva\" width=\"75\" height=\"75\" data-src=\"https:\/\/www.lasportiva.com\/media\/techinfo_icons\/friction-red.png\" \/> <\/a><\/p>\n<p><a class=\"d-flex flex-column align-items-center text-center\"><strong>Frixion XT Red: <\/strong>Die FriXion\u00ae-Mischungen von La Sportiva wurden entwickelt, um Lauffl\u00e4chen mit unterschiedlichen Grip- und Haltbarkeitsparametern zu schaffen, je nach Art der Nutzung und des Gel\u00e4ndes, auf dem die La Sportiva-Schuhe eingesetzt werden.<\/a><\/p>\n<p><a class=\"d-flex flex-column align-items-center text-center\"> <img loading=\"lazy\" decoding=\"async\" class=\"lazyloaded\" src=\"https:\/\/www.lasportiva.com\/media\/techinfo_icons\/o\/r\/ortholitehybridred_75x75_1.png\" alt=\"La Sportiva\" width=\"75\" height=\"75\" data-src=\"https:\/\/www.lasportiva.com\/media\/techinfo_icons\/o\/r\/ortholitehybridred_75x75_1.png\" \/><\/a><\/p>\n<p><a class=\"d-flex flex-column align-items-center text-center\"><strong> Ortholite_Red: <\/strong> Die Modelle der Mountain Running\u00ae-Linie sind mit der exklusiven umweltfreundlichen Einlegesohle La Sportiva by OrthoLite\u00ae Hybrid ausgestattet, die zu 20% aus recycelten Materialien aus dem Produktionszyklus besteht. Diese Einlegesohlen sind sowohl f\u00fcr M\u00e4nner- als auch f\u00fcr Frauenf\u00fc\u00dfe konzipiert und weisen je nach Durchschnittsgewicht des Tr\u00e4gers unterschiedliche Dicken und Materialien auf.<\/a><\/p>\n<p><a class=\"d-flex flex-column align-items-center text-center\"> <img loading=\"lazy\" decoding=\"async\" class=\"ls-is-cached lazyloaded\" src=\"https:\/\/www.lasportiva.com\/media\/techinfo_icons\/impact-brake-system.png\" alt=\"La Sportiva\" width=\"75\" height=\"75\" data-src=\"https:\/\/www.lasportiva.com\/media\/techinfo_icons\/impact-brake-system.png\" \/> <\/a><\/p>\n<p><strong><a class=\"d-flex flex-column align-items-center text-center\">Impact Brake System Mountain <\/a><\/strong><a class=\"d-flex flex-column align-items-center text-center\"><br \/>\nR<strong>unning:<\/strong> <strong>Innovatives, auf der Sohle angebrachtes System, das den Aufprall d\u00e4mpft, die Traktion unterst\u00fctzt und beim Bremsen h\u00e4lt.<\/strong> Vom Forschungs- und Entwicklungszentrum von La Sportiva konzipiert und entwickelt, bietet es echte Vorteile beim Laufen, indem es die negativen Auswirkungen auf den Boden reduziert. Die besondere Anordnung der Bl\u00f6cke sorgt daf\u00fcr, dass einige von ihnen zuerst mit dem Boden in Ber\u00fchrung kommen und die Lauffl\u00e4che weicher machen.<\/a><\/div><\/div><\/div>\n","protected":false},"excerpt":{"rendered":"<ul>\n<li>Umh\u00fcllend, bequem und sch\u00fctzend.<\/li>\n<li>Ideal f\u00fcr lange Off-Road-Touren.<\/li>\n<\/ul>\n","protected":false},"featured_media":218589,"template":"","meta":{"_acf_changed":false,"inline_featured_image":false},"product_brand":[],"product_cat":[6474,6491],"product_tag":[6248,6220],"class_list":{"0":"post-218621","1":"product","2":"type-product","3":"status-publish","4":"has-post-thumbnail","6":"product_cat-damenschuhe","7":"product_cat-damentrailschuhe","8":"product_tag-la-sportiva-de","9":"product_tag-la-sportiva-damen-de","10":"pa_attivita-outdoor-de","11":"pa_colore-akyra-ii-w-carbon-cherry-tomato-de","12":"pa_colore-akyra-ii-w-limestone-chalk-de","13":"pa_colore-akyra-ii-w-moonlight-zest-de","14":"pa_marca-la-sportiva-de","15":"pa_sesso-damen","16":"pa_size-38-de","17":"pa_size-38-5-de","18":"pa_size-39-de","19":"pa_size-39-5-de","20":"pa_size-40-de","21":"pa_size-40-5-de","22":"pa_size-41-de","23":"pa_size-41-5-de","24":"pa_size-42-de","26":"first","27":"instock","28":"sale","29":"taxable","30":"shipping-taxable","31":"purchasable","32":"product-type-variable","33":"wvs-archive-product-wrapper"},"acf":[],"yoast_head":"<!-- This site is optimized with the Yoast SEO plugin v26.8 - https:\/\/yoast.com\/product\/yoast-seo-wordpress\/ -->\n<title>La sportiva Akyra II damen - Damen-Trail-Schuhe MioMioRun<\/title>\n<meta name=\"description\" content=\"Der Akyra II f\u00fcr Damen ist das perfekte Schuhwerk f\u00fcr alle, die Schutz und Halt suchen, aber nicht auf Beweglichkeit und Geschwindigkeit verzichten wollen.\" \/>\n<meta name=\"robots\" content=\"index, follow, max-snippet:-1, max-image-preview:large, max-video-preview:-1\" \/>\n<link rel=\"canonical\" href=\"https:\/\/www.miomiorun.com\/de\/produkt\/akyra-ii-damen\/\" \/>\n<meta property=\"og:locale\" content=\"de_DE\" \/>\n<meta property=\"og:type\" content=\"article\" \/>\n<meta property=\"og:title\" content=\"La sportiva Akyra II damen - Damen-Trail-Schuhe MioMioRun\" \/>\n<meta property=\"og:description\" content=\"Der Akyra II f\u00fcr Damen ist das perfekte Schuhwerk f\u00fcr alle, die Schutz und Halt suchen, aber nicht auf Beweglichkeit und Geschwindigkeit verzichten wollen.\" \/>\n<meta property=\"og:url\" content=\"https:\/\/www.miomiorun.com\/de\/produkt\/akyra-ii-damen\/\" \/>\n<meta property=\"og:site_name\" content=\"MioMioRun\" \/>\n<meta property=\"article:publisher\" content=\"https:\/\/www.facebook.com\/miomiorun\/\" \/>\n<meta property=\"article:modified_time\" content=\"2026-05-08T20:25:54+00:00\" \/>\n<meta property=\"og:image\" content=\"https:\/\/www.miomiorun.com\/app\/uploads\/2024\/12\/la-sportiva-Akyra-II-W-carbon-cherry-tomato-44G900322.webp\" \/>\n\t<meta property=\"og:image:width\" content=\"600\" \/>\n\t<meta property=\"og:image:height\" content=\"600\" \/>\n\t<meta property=\"og:image:type\" content=\"image\/webp\" \/>\n<meta name=\"twitter:card\" content=\"summary_large_image\" \/>\n<meta name=\"twitter:label1\" content=\"Est. reading time\" \/>\n\t<meta name=\"twitter:data1\" content=\"2 minutes\" \/>\n<script type=\"application\/ld+json\" class=\"yoast-schema-graph\">{\"@context\":\"https:\/\/schema.org\",\"@graph\":[{\"@type\":\"WebPage\",\"@id\":\"https:\/\/www.miomiorun.com\/de\/produkt\/akyra-ii-damen\/\",\"url\":\"https:\/\/www.miomiorun.com\/de\/produkt\/akyra-ii-damen\/\",\"name\":\"La sportiva Akyra II damen - Damen-Trail-Schuhe MioMioRun\",\"isPartOf\":{\"@id\":\"https:\/\/www.miomiorun.com\/de\/#website\"},\"primaryImageOfPage\":{\"@id\":\"https:\/\/www.miomiorun.com\/de\/produkt\/akyra-ii-damen\/#primaryimage\"},\"image\":{\"@id\":\"https:\/\/www.miomiorun.com\/de\/produkt\/akyra-ii-damen\/#primaryimage\"},\"thumbnailUrl\":\"https:\/\/www.miomiorun.com\/app\/uploads\/2024\/12\/la-sportiva-Akyra-II-W-carbon-cherry-tomato-44G900322.webp\",\"datePublished\":\"2024-12-12T15:36:13+00:00\",\"dateModified\":\"2026-05-08T20:25:54+00:00\",\"description\":\"Der Akyra II f\u00fcr Damen ist das perfekte Schuhwerk f\u00fcr alle, die Schutz und Halt suchen, aber nicht auf Beweglichkeit und Geschwindigkeit verzichten wollen.\",\"breadcrumb\":{\"@id\":\"https:\/\/www.miomiorun.com\/de\/produkt\/akyra-ii-damen\/#breadcrumb\"},\"inLanguage\":\"de-DE\",\"potentialAction\":[{\"@type\":\"ReadAction\",\"target\":[\"https:\/\/www.miomiorun.com\/de\/produkt\/akyra-ii-damen\/\"]}]},{\"@type\":\"ImageObject\",\"inLanguage\":\"de-DE\",\"@id\":\"https:\/\/www.miomiorun.com\/de\/produkt\/akyra-ii-damen\/#primaryimage\",\"url\":\"https:\/\/www.miomiorun.com\/app\/uploads\/2024\/12\/la-sportiva-Akyra-II-W-carbon-cherry-tomato-44G900322.webp\",\"contentUrl\":\"https:\/\/www.miomiorun.com\/app\/uploads\/2024\/12\/la-sportiva-Akyra-II-W-carbon-cherry-tomato-44G900322.webp\",\"width\":600,\"height\":600,\"caption\":\"la sportiva Akyra II W carbon cherry tomato 44G900322\"},{\"@type\":\"BreadcrumbList\",\"@id\":\"https:\/\/www.miomiorun.com\/de\/produkt\/akyra-ii-damen\/#breadcrumb\",\"itemListElement\":[{\"@type\":\"ListItem\",\"position\":1,\"name\":\"Home\",\"item\":\"https:\/\/www.miomiorun.com\/de\/\"},{\"@type\":\"ListItem\",\"position\":2,\"name\":\"Shop\",\"item\":\"https:\/\/www.miomiorun.com\/shop\/\"},{\"@type\":\"ListItem\",\"position\":3,\"name\":\"Akyra II damen\"}]},{\"@type\":\"WebSite\",\"@id\":\"https:\/\/www.miomiorun.com\/de\/#website\",\"url\":\"https:\/\/www.miomiorun.com\/de\/\",\"name\":\"MioMioRun\",\"description\":\"100% Lauf- und Trailshop\",\"publisher\":{\"@id\":\"https:\/\/www.miomiorun.com\/de\/#organization\"},\"potentialAction\":[{\"@type\":\"SearchAction\",\"target\":{\"@type\":\"EntryPoint\",\"urlTemplate\":\"https:\/\/www.miomiorun.com\/de\/?s={search_term_string}\"},\"query-input\":{\"@type\":\"PropertyValueSpecification\",\"valueRequired\":true,\"valueName\":\"search_term_string\"}}],\"inLanguage\":\"de-DE\"},{\"@type\":\"Organization\",\"@id\":\"https:\/\/www.miomiorun.com\/de\/#organization\",\"name\":\"MioMio Run\",\"url\":\"https:\/\/www.miomiorun.com\/de\/\",\"logo\":{\"@type\":\"ImageObject\",\"inLanguage\":\"de-DE\",\"@id\":\"https:\/\/www.miomiorun.com\/de\/#\/schema\/logo\/image\/\",\"url\":\"https:\/\/www.miomiorun.com\/app\/uploads\/2019\/12\/logomio.png\",\"contentUrl\":\"https:\/\/www.miomiorun.com\/app\/uploads\/2019\/12\/logomio.png\",\"width\":115,\"height\":82,\"caption\":\"MioMio Run\"},\"image\":{\"@id\":\"https:\/\/www.miomiorun.com\/de\/#\/schema\/logo\/image\/\"},\"sameAs\":[\"https:\/\/www.facebook.com\/miomiorun\/\",\"https:\/\/www.instagram.com\/miomiorun\/\"]}]}<\/script>\n<!-- \/ Yoast SEO plugin. -->","yoast_head_json":{"title":"La sportiva Akyra II damen - Damen-Trail-Schuhe MioMioRun","description":"Der Akyra II f\u00fcr Damen ist das perfekte Schuhwerk f\u00fcr alle, die Schutz und Halt suchen, aber nicht auf Beweglichkeit und Geschwindigkeit verzichten wollen.","robots":{"index":"index","follow":"follow","max-snippet":"max-snippet:-1","max-image-preview":"max-image-preview:large","max-video-preview":"max-video-preview:-1"},"canonical":"https:\/\/www.miomiorun.com\/de\/produkt\/akyra-ii-damen\/","og_locale":"de_DE","og_type":"article","og_title":"La sportiva Akyra II damen - Damen-Trail-Schuhe MioMioRun","og_description":"Der Akyra II f\u00fcr Damen ist das perfekte Schuhwerk f\u00fcr alle, die Schutz und Halt suchen, aber nicht auf Beweglichkeit und Geschwindigkeit verzichten wollen.","og_url":"https:\/\/www.miomiorun.com\/de\/produkt\/akyra-ii-damen\/","og_site_name":"MioMioRun","article_publisher":"https:\/\/www.facebook.com\/miomiorun\/","article_modified_time":"2026-05-08T20:25:54+00:00","og_image":[{"width":600,"height":600,"url":"https:\/\/www.miomiorun.com\/app\/uploads\/2024\/12\/la-sportiva-Akyra-II-W-carbon-cherry-tomato-44G900322.webp","type":"image\/webp"}],"twitter_card":"summary_large_image","twitter_misc":{"Est. reading time":"2 minutes"},"schema":{"@context":"https:\/\/schema.org","@graph":[{"@type":"WebPage","@id":"https:\/\/www.miomiorun.com\/de\/produkt\/akyra-ii-damen\/","url":"https:\/\/www.miomiorun.com\/de\/produkt\/akyra-ii-damen\/","name":"La sportiva Akyra II damen - Damen-Trail-Schuhe MioMioRun","isPartOf":{"@id":"https:\/\/www.miomiorun.com\/de\/#website"},"primaryImageOfPage":{"@id":"https:\/\/www.miomiorun.com\/de\/produkt\/akyra-ii-damen\/#primaryimage"},"image":{"@id":"https:\/\/www.miomiorun.com\/de\/produkt\/akyra-ii-damen\/#primaryimage"},"thumbnailUrl":"https:\/\/www.miomiorun.com\/app\/uploads\/2024\/12\/la-sportiva-Akyra-II-W-carbon-cherry-tomato-44G900322.webp","datePublished":"2024-12-12T15:36:13+00:00","dateModified":"2026-05-08T20:25:54+00:00","description":"Der Akyra II f\u00fcr Damen ist das perfekte Schuhwerk f\u00fcr alle, die Schutz und Halt suchen, aber nicht auf Beweglichkeit und Geschwindigkeit verzichten wollen.","breadcrumb":{"@id":"https:\/\/www.miomiorun.com\/de\/produkt\/akyra-ii-damen\/#breadcrumb"},"inLanguage":"de-DE","potentialAction":[{"@type":"ReadAction","target":["https:\/\/www.miomiorun.com\/de\/produkt\/akyra-ii-damen\/"]}]},{"@type":"ImageObject","inLanguage":"de-DE","@id":"https:\/\/www.miomiorun.com\/de\/produkt\/akyra-ii-damen\/#primaryimage","url":"https:\/\/www.miomiorun.com\/app\/uploads\/2024\/12\/la-sportiva-Akyra-II-W-carbon-cherry-tomato-44G900322.webp","contentUrl":"https:\/\/www.miomiorun.com\/app\/uploads\/2024\/12\/la-sportiva-Akyra-II-W-carbon-cherry-tomato-44G900322.webp","width":600,"height":600,"caption":"la sportiva Akyra II W carbon cherry tomato 44G900322"},{"@type":"BreadcrumbList","@id":"https:\/\/www.miomiorun.com\/de\/produkt\/akyra-ii-damen\/#breadcrumb","itemListElement":[{"@type":"ListItem","position":1,"name":"Home","item":"https:\/\/www.miomiorun.com\/de\/"},{"@type":"ListItem","position":2,"name":"Shop","item":"https:\/\/www.miomiorun.com\/shop\/"},{"@type":"ListItem","position":3,"name":"Akyra II damen"}]},{"@type":"WebSite","@id":"https:\/\/www.miomiorun.com\/de\/#website","url":"https:\/\/www.miomiorun.com\/de\/","name":"MioMioRun","description":"100% Lauf- und Trailshop","publisher":{"@id":"https:\/\/www.miomiorun.com\/de\/#organization"},"potentialAction":[{"@type":"SearchAction","target":{"@type":"EntryPoint","urlTemplate":"https:\/\/www.miomiorun.com\/de\/?s={search_term_string}"},"query-input":{"@type":"PropertyValueSpecification","valueRequired":true,"valueName":"search_term_string"}}],"inLanguage":"de-DE"},{"@type":"Organization","@id":"https:\/\/www.miomiorun.com\/de\/#organization","name":"MioMio Run","url":"https:\/\/www.miomiorun.com\/de\/","logo":{"@type":"ImageObject","inLanguage":"de-DE","@id":"https:\/\/www.miomiorun.com\/de\/#\/schema\/logo\/image\/","url":"https:\/\/www.miomiorun.com\/app\/uploads\/2019\/12\/logomio.png","contentUrl":"https:\/\/www.miomiorun.com\/app\/uploads\/2019\/12\/logomio.png","width":115,"height":82,"caption":"MioMio Run"},"image":{"@id":"https:\/\/www.miomiorun.com\/de\/#\/schema\/logo\/image\/"},"sameAs":["https:\/\/www.facebook.com\/miomiorun\/","https:\/\/www.instagram.com\/miomiorun\/"]}]}},"_links":{"self":[{"href":"https:\/\/www.miomiorun.com\/de\/wp-json\/wp\/v2\/product\/218621","targetHints":{"allow":["GET"]}}],"collection":[{"href":"https:\/\/www.miomiorun.com\/de\/wp-json\/wp\/v2\/product"}],"about":[{"href":"https:\/\/www.miomiorun.com\/de\/wp-json\/wp\/v2\/types\/product"}],"wp:featuredmedia":[{"embeddable":true,"href":"https:\/\/www.miomiorun.com\/de\/wp-json\/wp\/v2\/media\/218589"}],"wp:attachment":[{"href":"https:\/\/www.miomiorun.com\/de\/wp-json\/wp\/v2\/media?parent=218621"}],"wp:term":[{"taxonomy":"product_brand","embeddable":true,"href":"https:\/\/www.miomiorun.com\/de\/wp-json\/wp\/v2\/product_brand?post=218621"},{"taxonomy":"product_cat","embeddable":true,"href":"https:\/\/www.miomiorun.com\/de\/wp-json\/wp\/v2\/product_cat?post=218621"},{"taxonomy":"product_tag","embeddable":true,"href":"https:\/\/www.miomiorun.com\/de\/wp-json\/wp\/v2\/product_tag?post=218621"}],"curies":[{"name":"wp","href":"https:\/\/api.w.org\/{rel}","templated":true}]}}