{"id":218492,"date":"2024-12-12T15:00:48","date_gmt":"2024-12-12T14:00:48","guid":{"rendered":"https:\/\/miomiorun.com\/?post_type=product&#038;p=218492"},"modified":"2026-03-12T07:32:37","modified_gmt":"2026-03-12T06:32:37","slug":"x-ultra-4-gtx-damen","status":"publish","type":"product","link":"https:\/\/www.miomiorun.com\/de\/produkt\/x-ultra-4-gtx-damen\/","title":{"rendered":"X Ultra 4 GTX damen"},"content":{"rendered":"<div class=\"vc-row container\"><div class=\"vc-column\"><div class=\"vc-column-text\"><\/p>\n<p><strong>Technische Daten<\/strong><\/p>\n<p>Kategorie: Top-D\u00e4mpfung<br \/>\nGewicht: 313 g<br \/>\nIdeal f\u00fcr: Bergl\u00e4ufer, die ein solides und robustes Modell suchen, das sowohl auf langen als auch auf mittleren Distanzen in der Wintersaison Traktion, Schutz und eine bequeme Passform bietet und mit einer Gore-Tex-Membran ausgestattet ist, die vor Regen sch\u00fctzt.<br \/>\nGewicht des Athleten: 60-80 kg<br \/>\nLauftempo : langsam (&gt;5.30 min\/km)<br \/>\n<a href=\"https:\/\/miomiorun.com\/de\/leitfaden-fuer-technische-spezifikationen\/\">Leitfaden f\u00fcr technische Spezifikationen<\/a><\/p>\n<p><\/div><\/div><div class=\"vc-column\"><div class=\"vc-column-text\">Der <strong>X Ultra 4 Gtx<\/strong> ist ein Damenschuh, der sich perfekt an die Morphologie des weiblichen Fu\u00dfes anpasst: weichere Manschette, anatomisches Design und Advanced Chassis\u2122 mit geringerer Dichte f\u00fcr mehr Stabilit\u00e4t.<\/p>\n<p>In der Damenversion bietet der X ULTRA 4 zus\u00e4tzlich GORE-TEX-Schutz und eine griffige Sohle, um Aufstiege und Abfahrten in vollem Tempo zu bew\u00e4ltigen und die Abenteuerlust in 360\u00b0 zu erleben.<\/p>\n<h3>Perfekt f\u00fcr:<\/h3>\n<p><span class=\"\">Tageswanderung,<\/span> <span class=\"\">Wandern, Alpines Gel\u00e4nde, Gemischtes Gel\u00e4nde<\/span>.<\/p>\n<p><strong>H\u00f6he:<\/strong> Niedriges Profil<\/p>\n<p><strong>Fu\u00dfschutz:<\/strong> Hoch<\/p>\n<p><strong>Fu\u00dfst\u00fctze:<\/strong> Hoch<\/p>\n<p><strong>Outdoor-Gel\u00e4nde:<\/strong> Alpines Gel\u00e4nde, gemischtes Gel\u00e4nde<\/p>\n<p><strong>Wasserdichtigkeit:<\/strong> GORE-TEX\u00ae<\/p>\n<p>&nbsp;<\/p>\n<h2>Eigenschaften:<\/h2>\n<div class=\"pdp-gap-m\">\n<p class=\"pdp-sidebar-popin-details_subtitle\"><strong>SOLE<\/strong><\/p>\n<ul>\n<li><b>Chevron-Stollen<\/b>: Tiefes Stollenmuster mit multidirektionalem Grip f\u00fcr verbesserte Traktion auf weichem Untergrund wie Schlamm oder losem Boden.<\/li>\n<li>All <b>Terrain<\/b> Contagrip\u00ae: Die All Terrain Contagrip\u00ae Sohle ist f\u00fcr eine Vielzahl von Untergr\u00fcnden geeignet. Sie garantiert Haltbarkeit und Sicherheit auf nassem, trockenem, hartem oder weichem Untergrund.<\/li>\n<\/ul>\n<\/div>\n<div class=\"pdp-gap-m\">\n<p class=\"pdp-sidebar-popin-details_subtitle\"><strong>CHASSIS\u2122<\/strong><\/p>\n<p><b>AdvancedCHASSIS\u2122<\/b>: Das Advanced Chassis\u2122 ist ein in die Sohle integrierter, konturierter Einsatz. Es bietet nicht nur hervorragenden Seitenhalt und beruhigenden Schutz, sondern auch optimale Bewegungsfreiheit und Flexibilit\u00e4t.<\/p>\n<\/div>\n<div class=\"pdp-gap-m\">\n<p class=\"pdp-sidebar-popin-details_subtitle\"><strong>OBERMATERIAL<\/strong><\/p>\n<ul>\n<li><b>Anti-Schmutz-Mesh<\/b>: Eng anliegendes Mesh, das verhindert, dass sich Schmutz zwischen Fu\u00df und Fu\u00dfbett festsetzt.<\/li>\n<li><b>Synthetisches<\/b> Obermaterial: Synthetisches Obermaterial f\u00fcr hohe Strapazierf\u00e4higkeit und Schutz bei Outdoor-Sportarten.<\/li>\n<li><b>Wasserabweisend<\/b>: Spezielle Behandlung, die verhindert, dass der Stoff bei leichtem Regen und Wolkenbr\u00fcchen Wasser aufnimmt, und bietet zus\u00e4tzlichen Schutz.<\/li>\n<\/ul>\n<\/div>\n<div class=\"pdp-gap-m\">\n<p class=\"pdp-sidebar-popin-details_subtitle\"><strong>FUTTERMATERIAL<\/strong><\/p>\n<p><b>Textilfutter<\/b>: weiches, atmungsaktives Futter f\u00fcr hohen Tragekomfort.<\/p>\n<\/div>\n<div class=\"pdp-gap-m\">\n<p class=\"pdp-sidebar-popin-details_subtitle\"><strong>OBERE KONSTRUKTION<\/strong><\/p>\n<ul>\n<li><b>Schn\u00fcrsenkeltasche<\/b>: Zur Aufbewahrung des Quicklace\u2122-Schn\u00fcrsystems.<\/li>\n<li><strong>Zehenschutz<\/strong><\/li>\n<li><b>SensiFIT\u2122<\/b>: Die SensiFit\u2122-Konstruktion umschlie\u00dft den Fu\u00df von der Zwischensohle bis zum Schn\u00fcrsystem und sorgt so f\u00fcr eine pr\u00e4zise, sichere und praktisch ma\u00dfgeschneiderte Passform.<\/li>\n<li><b>Geschwei\u00dftes<\/b> Obermaterial: Die nahtlose Obermaterialkonstruktion bietet eine Passform und ein Tragegef\u00fchl, das so glatt wie ein Handschuh ist.<\/li>\n<li><strong>Frauenspezifische Konstruktion<\/strong><\/li>\n<li><b>Schutzkappe<\/b>: Eine Schicht aus Leder, synthetischem Material oder Gummi um den Fu\u00df, die die medialen und lateralen Seiten sch\u00fctzt.<\/li>\n<li><b>Active Support\u2122<\/b>: Diese beweglichen Flossen halten den Fu\u00df an Ort und Stelle und unterst\u00fctzen seine Bewegungen, indem sie sich an seine Form und sein Volumen anpassen.<\/li>\n<\/ul>\n<\/div>\n<div class=\"pdp-gap-m\">\n<p class=\"pdp-sidebar-popin-details_subtitle\"><strong>FUSSBETT<\/strong><\/p>\n<p>Geformtes <b>OrthoLite\u00ae-Fu\u00dfbett<\/b>: Diese OrthoLite\u00ae-Einlegesohle passt sich den Konturen Ihres Fu\u00dfes an und bietet hervorragende D\u00e4mpfung, Atmungsaktivit\u00e4t und Haltbarkeit, um den Komfort und die Leistung unserer Schuhe zu optimieren.<\/p>\n<\/div>\n<div class=\"pdp-gap-m\">\n<p class=\"pdp-sidebar-popin-details_subtitle\"><strong>LACING-SYSTEM<\/strong><\/p>\n<p><b>quickLACE\u2122<\/b>: D\u00fcnner, stabiler Schn\u00fcrsenkel f\u00fcr die Schn\u00fcrung mit einem Zug. Vereinfacht das An- und Ausziehen des Schuhs.<\/p>\n<\/div>\n<div class=\"pdp-gap-m\">\n<p class=\"pdp-sidebar-popin-details_subtitle\"><strong>MEMBRANE<\/strong><\/p>\n<p><b>GORE-TEX\u00ae<\/b>: GORE-TEX\u00ae h\u00e4lt die F\u00fc\u00dfe trocken, innen und au\u00dfen.<\/p>\n<\/div>\n<div class=\"pdp-gap-m\">\n<p class=\"pdp-sidebar-popin-details_subtitle\"><strong>NACHHALTIGKEIT<\/strong><\/p>\n<p><b>PFC-frei<\/b>: Um die Umweltbelastung zu reduzieren, garantieren wir die Wasserabweisung unserer Schuhe ohne sch\u00e4dliche PFCs. Unsere wasserdichten GORE-TEX Modelle sind PFC-frei.<\/p>\n<\/div>\n<p><\/div><\/div><\/div>\n","protected":false},"excerpt":{"rendered":"<ul>\n<li>Ideale Schuhe f\u00fcr Aufstiege und Abfahrten bei vollem Tempo.<\/li>\n<li>Mit Gore-Tex-Membran, um Sie vor N\u00e4sse zu sch\u00fctzen.<\/li>\n<\/ul>\n","protected":false},"featured_media":219429,"template":"","meta":{"_acf_changed":false,"inline_featured_image":false},"product_brand":[],"product_cat":[6501,6536],"product_tag":[20480,20485],"class_list":{"0":"post-218492","1":"product","2":"type-product","3":"status-publish","4":"has-post-thumbnail","6":"product_cat-sale-damen-schuhe-de","7":"product_cat-sale-damen-trail-de","8":"product_tag-salomon-de","9":"product_tag-salomon-damen","10":"pa_attivita-outdoor-de","11":"pa_colore-x-ultra-4-gtx-w-black-stowea-opal-de","12":"pa_marca-salomon-de","13":"pa_sesso-damen","14":"pa_size-41-de","16":"first","17":"outofstock","18":"taxable","19":"shipping-taxable","20":"product-type-variable","21":"wvs-archive-product-wrapper"},"acf":[],"yoast_head":"<!-- This site is optimized with the Yoast SEO plugin v26.8 - https:\/\/yoast.com\/product\/yoast-seo-wordpress\/ -->\n<title>Salomon X Ultra 4 GTX damen - Damen-Trail-Schuhe MioMioRun<\/title>\n<meta name=\"description\" content=\"Salomon X ULTRA 4 GTX W: Wanderschuh f\u00fcr Damen, GORE-TEX Schutz, Stabilit\u00e4t und hoher Grip f\u00fcr Wanderungen in jedem Gel\u00e4nde.\" \/>\n<meta name=\"robots\" content=\"index, follow, max-snippet:-1, max-image-preview:large, max-video-preview:-1\" \/>\n<link rel=\"canonical\" href=\"https:\/\/www.miomiorun.com\/de\/produkt\/x-ultra-4-gtx-damen\/\" \/>\n<meta property=\"og:locale\" content=\"de_DE\" \/>\n<meta property=\"og:type\" content=\"article\" \/>\n<meta property=\"og:title\" content=\"Salomon X Ultra 4 GTX damen - Damen-Trail-Schuhe MioMioRun\" \/>\n<meta property=\"og:description\" content=\"Salomon X ULTRA 4 GTX W: Wanderschuh f\u00fcr Damen, GORE-TEX Schutz, Stabilit\u00e4t und hoher Grip f\u00fcr Wanderungen in jedem Gel\u00e4nde.\" \/>\n<meta property=\"og:url\" content=\"https:\/\/www.miomiorun.com\/de\/produkt\/x-ultra-4-gtx-damen\/\" \/>\n<meta property=\"og:site_name\" content=\"MioMioRun\" \/>\n<meta property=\"article:publisher\" content=\"https:\/\/www.facebook.com\/miomiorun\/\" \/>\n<meta property=\"article:modified_time\" content=\"2026-03-12T06:32:37+00:00\" \/>\n<meta property=\"og:image\" content=\"https:\/\/www.miomiorun.com\/app\/uploads\/2024\/12\/salomon-X-ULTRA-4-GTX-W-black-stowea-opal-L41289600.webp\" \/>\n\t<meta property=\"og:image:width\" content=\"600\" \/>\n\t<meta property=\"og:image:height\" content=\"600\" \/>\n\t<meta property=\"og:image:type\" content=\"image\/webp\" \/>\n<meta name=\"twitter:card\" content=\"summary_large_image\" \/>\n<meta name=\"twitter:label1\" content=\"Est. reading time\" \/>\n\t<meta name=\"twitter:data1\" content=\"3 minutes\" \/>\n<script type=\"application\/ld+json\" class=\"yoast-schema-graph\">{\"@context\":\"https:\/\/schema.org\",\"@graph\":[{\"@type\":\"WebPage\",\"@id\":\"https:\/\/www.miomiorun.com\/de\/produkt\/x-ultra-4-gtx-damen\/\",\"url\":\"https:\/\/www.miomiorun.com\/de\/produkt\/x-ultra-4-gtx-damen\/\",\"name\":\"Salomon X Ultra 4 GTX damen - Damen-Trail-Schuhe MioMioRun\",\"isPartOf\":{\"@id\":\"https:\/\/www.miomiorun.com\/de\/#website\"},\"primaryImageOfPage\":{\"@id\":\"https:\/\/www.miomiorun.com\/de\/produkt\/x-ultra-4-gtx-damen\/#primaryimage\"},\"image\":{\"@id\":\"https:\/\/www.miomiorun.com\/de\/produkt\/x-ultra-4-gtx-damen\/#primaryimage\"},\"thumbnailUrl\":\"https:\/\/www.miomiorun.com\/app\/uploads\/2024\/12\/salomon-X-ULTRA-4-GTX-W-black-stowea-opal-L41289600.webp\",\"datePublished\":\"2024-12-12T14:00:48+00:00\",\"dateModified\":\"2026-03-12T06:32:37+00:00\",\"description\":\"Salomon X ULTRA 4 GTX W: Wanderschuh f\u00fcr Damen, GORE-TEX Schutz, Stabilit\u00e4t und hoher Grip f\u00fcr Wanderungen in jedem Gel\u00e4nde.\",\"breadcrumb\":{\"@id\":\"https:\/\/www.miomiorun.com\/de\/produkt\/x-ultra-4-gtx-damen\/#breadcrumb\"},\"inLanguage\":\"de-DE\",\"potentialAction\":[{\"@type\":\"ReadAction\",\"target\":[\"https:\/\/www.miomiorun.com\/de\/produkt\/x-ultra-4-gtx-damen\/\"]}]},{\"@type\":\"ImageObject\",\"inLanguage\":\"de-DE\",\"@id\":\"https:\/\/www.miomiorun.com\/de\/produkt\/x-ultra-4-gtx-damen\/#primaryimage\",\"url\":\"https:\/\/www.miomiorun.com\/app\/uploads\/2024\/12\/salomon-X-ULTRA-4-GTX-W-black-stowea-opal-L41289600.webp\",\"contentUrl\":\"https:\/\/www.miomiorun.com\/app\/uploads\/2024\/12\/salomon-X-ULTRA-4-GTX-W-black-stowea-opal-L41289600.webp\",\"width\":600,\"height\":600,\"caption\":\"salomon X ULTRA 4 GTX W black stowea opal L41289600\"},{\"@type\":\"BreadcrumbList\",\"@id\":\"https:\/\/www.miomiorun.com\/de\/produkt\/x-ultra-4-gtx-damen\/#breadcrumb\",\"itemListElement\":[{\"@type\":\"ListItem\",\"position\":1,\"name\":\"Home\",\"item\":\"https:\/\/www.miomiorun.com\/de\/\"},{\"@type\":\"ListItem\",\"position\":2,\"name\":\"Shop\",\"item\":\"https:\/\/www.miomiorun.com\/shop\/\"},{\"@type\":\"ListItem\",\"position\":3,\"name\":\"X Ultra 4 GTX damen\"}]},{\"@type\":\"WebSite\",\"@id\":\"https:\/\/www.miomiorun.com\/de\/#website\",\"url\":\"https:\/\/www.miomiorun.com\/de\/\",\"name\":\"MioMioRun\",\"description\":\"100% Lauf- und Trailshop\",\"publisher\":{\"@id\":\"https:\/\/www.miomiorun.com\/de\/#organization\"},\"potentialAction\":[{\"@type\":\"SearchAction\",\"target\":{\"@type\":\"EntryPoint\",\"urlTemplate\":\"https:\/\/www.miomiorun.com\/de\/?s={search_term_string}\"},\"query-input\":{\"@type\":\"PropertyValueSpecification\",\"valueRequired\":true,\"valueName\":\"search_term_string\"}}],\"inLanguage\":\"de-DE\"},{\"@type\":\"Organization\",\"@id\":\"https:\/\/www.miomiorun.com\/de\/#organization\",\"name\":\"MioMio Run\",\"url\":\"https:\/\/www.miomiorun.com\/de\/\",\"logo\":{\"@type\":\"ImageObject\",\"inLanguage\":\"de-DE\",\"@id\":\"https:\/\/www.miomiorun.com\/de\/#\/schema\/logo\/image\/\",\"url\":\"https:\/\/www.miomiorun.com\/app\/uploads\/2019\/12\/logomio.png\",\"contentUrl\":\"https:\/\/www.miomiorun.com\/app\/uploads\/2019\/12\/logomio.png\",\"width\":115,\"height\":82,\"caption\":\"MioMio Run\"},\"image\":{\"@id\":\"https:\/\/www.miomiorun.com\/de\/#\/schema\/logo\/image\/\"},\"sameAs\":[\"https:\/\/www.facebook.com\/miomiorun\/\",\"https:\/\/www.instagram.com\/miomiorun\/\"]}]}<\/script>\n<!-- \/ Yoast SEO plugin. -->","yoast_head_json":{"title":"Salomon X Ultra 4 GTX damen - Damen-Trail-Schuhe MioMioRun","description":"Salomon X ULTRA 4 GTX W: Wanderschuh f\u00fcr Damen, GORE-TEX Schutz, Stabilit\u00e4t und hoher Grip f\u00fcr Wanderungen in jedem Gel\u00e4nde.","robots":{"index":"index","follow":"follow","max-snippet":"max-snippet:-1","max-image-preview":"max-image-preview:large","max-video-preview":"max-video-preview:-1"},"canonical":"https:\/\/www.miomiorun.com\/de\/produkt\/x-ultra-4-gtx-damen\/","og_locale":"de_DE","og_type":"article","og_title":"Salomon X Ultra 4 GTX damen - Damen-Trail-Schuhe MioMioRun","og_description":"Salomon X ULTRA 4 GTX W: Wanderschuh f\u00fcr Damen, GORE-TEX Schutz, Stabilit\u00e4t und hoher Grip f\u00fcr Wanderungen in jedem Gel\u00e4nde.","og_url":"https:\/\/www.miomiorun.com\/de\/produkt\/x-ultra-4-gtx-damen\/","og_site_name":"MioMioRun","article_publisher":"https:\/\/www.facebook.com\/miomiorun\/","article_modified_time":"2026-03-12T06:32:37+00:00","og_image":[{"width":600,"height":600,"url":"https:\/\/www.miomiorun.com\/app\/uploads\/2024\/12\/salomon-X-ULTRA-4-GTX-W-black-stowea-opal-L41289600.webp","type":"image\/webp"}],"twitter_card":"summary_large_image","twitter_misc":{"Est. reading time":"3 minutes"},"schema":{"@context":"https:\/\/schema.org","@graph":[{"@type":"WebPage","@id":"https:\/\/www.miomiorun.com\/de\/produkt\/x-ultra-4-gtx-damen\/","url":"https:\/\/www.miomiorun.com\/de\/produkt\/x-ultra-4-gtx-damen\/","name":"Salomon X Ultra 4 GTX damen - Damen-Trail-Schuhe MioMioRun","isPartOf":{"@id":"https:\/\/www.miomiorun.com\/de\/#website"},"primaryImageOfPage":{"@id":"https:\/\/www.miomiorun.com\/de\/produkt\/x-ultra-4-gtx-damen\/#primaryimage"},"image":{"@id":"https:\/\/www.miomiorun.com\/de\/produkt\/x-ultra-4-gtx-damen\/#primaryimage"},"thumbnailUrl":"https:\/\/www.miomiorun.com\/app\/uploads\/2024\/12\/salomon-X-ULTRA-4-GTX-W-black-stowea-opal-L41289600.webp","datePublished":"2024-12-12T14:00:48+00:00","dateModified":"2026-03-12T06:32:37+00:00","description":"Salomon X ULTRA 4 GTX W: Wanderschuh f\u00fcr Damen, GORE-TEX Schutz, Stabilit\u00e4t und hoher Grip f\u00fcr Wanderungen in jedem Gel\u00e4nde.","breadcrumb":{"@id":"https:\/\/www.miomiorun.com\/de\/produkt\/x-ultra-4-gtx-damen\/#breadcrumb"},"inLanguage":"de-DE","potentialAction":[{"@type":"ReadAction","target":["https:\/\/www.miomiorun.com\/de\/produkt\/x-ultra-4-gtx-damen\/"]}]},{"@type":"ImageObject","inLanguage":"de-DE","@id":"https:\/\/www.miomiorun.com\/de\/produkt\/x-ultra-4-gtx-damen\/#primaryimage","url":"https:\/\/www.miomiorun.com\/app\/uploads\/2024\/12\/salomon-X-ULTRA-4-GTX-W-black-stowea-opal-L41289600.webp","contentUrl":"https:\/\/www.miomiorun.com\/app\/uploads\/2024\/12\/salomon-X-ULTRA-4-GTX-W-black-stowea-opal-L41289600.webp","width":600,"height":600,"caption":"salomon X ULTRA 4 GTX W black stowea opal L41289600"},{"@type":"BreadcrumbList","@id":"https:\/\/www.miomiorun.com\/de\/produkt\/x-ultra-4-gtx-damen\/#breadcrumb","itemListElement":[{"@type":"ListItem","position":1,"name":"Home","item":"https:\/\/www.miomiorun.com\/de\/"},{"@type":"ListItem","position":2,"name":"Shop","item":"https:\/\/www.miomiorun.com\/shop\/"},{"@type":"ListItem","position":3,"name":"X Ultra 4 GTX damen"}]},{"@type":"WebSite","@id":"https:\/\/www.miomiorun.com\/de\/#website","url":"https:\/\/www.miomiorun.com\/de\/","name":"MioMioRun","description":"100% Lauf- und Trailshop","publisher":{"@id":"https:\/\/www.miomiorun.com\/de\/#organization"},"potentialAction":[{"@type":"SearchAction","target":{"@type":"EntryPoint","urlTemplate":"https:\/\/www.miomiorun.com\/de\/?s={search_term_string}"},"query-input":{"@type":"PropertyValueSpecification","valueRequired":true,"valueName":"search_term_string"}}],"inLanguage":"de-DE"},{"@type":"Organization","@id":"https:\/\/www.miomiorun.com\/de\/#organization","name":"MioMio Run","url":"https:\/\/www.miomiorun.com\/de\/","logo":{"@type":"ImageObject","inLanguage":"de-DE","@id":"https:\/\/www.miomiorun.com\/de\/#\/schema\/logo\/image\/","url":"https:\/\/www.miomiorun.com\/app\/uploads\/2019\/12\/logomio.png","contentUrl":"https:\/\/www.miomiorun.com\/app\/uploads\/2019\/12\/logomio.png","width":115,"height":82,"caption":"MioMio Run"},"image":{"@id":"https:\/\/www.miomiorun.com\/de\/#\/schema\/logo\/image\/"},"sameAs":["https:\/\/www.facebook.com\/miomiorun\/","https:\/\/www.instagram.com\/miomiorun\/"]}]}},"_links":{"self":[{"href":"https:\/\/www.miomiorun.com\/de\/wp-json\/wp\/v2\/product\/218492","targetHints":{"allow":["GET"]}}],"collection":[{"href":"https:\/\/www.miomiorun.com\/de\/wp-json\/wp\/v2\/product"}],"about":[{"href":"https:\/\/www.miomiorun.com\/de\/wp-json\/wp\/v2\/types\/product"}],"wp:featuredmedia":[{"embeddable":true,"href":"https:\/\/www.miomiorun.com\/de\/wp-json\/wp\/v2\/media\/219429"}],"wp:attachment":[{"href":"https:\/\/www.miomiorun.com\/de\/wp-json\/wp\/v2\/media?parent=218492"}],"wp:term":[{"taxonomy":"product_brand","embeddable":true,"href":"https:\/\/www.miomiorun.com\/de\/wp-json\/wp\/v2\/product_brand?post=218492"},{"taxonomy":"product_cat","embeddable":true,"href":"https:\/\/www.miomiorun.com\/de\/wp-json\/wp\/v2\/product_cat?post=218492"},{"taxonomy":"product_tag","embeddable":true,"href":"https:\/\/www.miomiorun.com\/de\/wp-json\/wp\/v2\/product_tag?post=218492"}],"curies":[{"name":"wp","href":"https:\/\/api.w.org\/{rel}","templated":true}]}}