{"id":218451,"date":"2024-12-12T14:48:11","date_gmt":"2024-12-12T13:48:11","guid":{"rendered":"https:\/\/miomiorun.com\/?post_type=product&#038;p=218451"},"modified":"2025-11-30T01:37:39","modified_gmt":"2025-11-30T00:37:39","slug":"x-ultra-360-mid-gtx-herren","status":"publish","type":"product","link":"https:\/\/www.miomiorun.com\/de\/produkt\/x-ultra-360-mid-gtx-herren\/","title":{"rendered":"X Ultra 360 Mid GTX herren"},"content":{"rendered":"<div class=\"vc-row container\"><div class=\"vc-column\"><div class=\"vc-column-text\"><\/p>\n<p><strong>Technische Daten<\/strong><\/p>\n<p>Kategorie: Top-D\u00e4mpfung<br \/>\nGewicht: 393 g<br \/>\nIdeal f\u00fcr: Liebhaber von Trekking und langen Wanderungen, die ein gut gepolstertes und sch\u00fctzendes Modell suchen, das mit Gore-Tex-Membranen ausgestattet ist, um ihre F\u00fc\u00dfe auch bei Regen trocken zu halten, und das in der Lage ist, maximalen Komfort \u00fcber sehr lange Strecken zu \u00fcbertragen.<br \/>\nGewicht des Athleten: 70-90 kg<br \/>\nLauftempo : langsam (&gt;5.30 min\/km)<br \/>\n<a href=\"https:\/\/miomiorun.com\/de\/leitfaden-fuer-technische-spezifikationen\/\">Leitfaden f\u00fcr technische Spezifikationen<\/a><\/p>\n<p><\/div><\/div><div class=\"vc-column\"><div class=\"vc-column-text\">Der <strong>X Ultra 360 Mid GORE-TEX<\/strong> Herren-Wanderschuh ist das Beste aus einer ultra-erprobten Linie und bereit, lange Strecken zu bew\u00e4ltigen.<\/p>\n<p>Basierend auf dem Erbe der X Ultra-Modelle, bietet es All-Terrain-Grip, Stabilit\u00e4t und Schutz, wo immer Sie wagen wollen. Er verf\u00fcgt \u00fcber eine gepolsterte Zwischensohle, wasserdichten GORE-TEX-Schutz, einen sch\u00fctzenden Mittelschuhschnitt und ein robustes Obermaterial aus recycelten Materialien.<\/p>\n<h2 class=\"best-for_title\">Perfekt f\u00fcr:<\/h2>\n<ul>\n<li>Tagesausfl\u00fcge<\/li>\n<li>Wandern<\/li>\n<li>Leichte Pfade, gemischtes Terrain<\/li>\n<\/ul>\n<p><strong>H\u00f6he: <\/strong>Mittleres Profil<\/p>\n<p><strong>Fu\u00dfschutz:<\/strong> Hoch<\/p>\n<p><strong>Fu\u00dfst\u00fctze:<\/strong> Stabil<\/p>\n<p><strong>Outdoor-Terrain: <\/strong>Gemischtes Terrain, Leichte Trails<\/p>\n<p><strong>Wasserdichtigkeit:<\/strong> GORE-TEX\u00ae<\/p>\n<h2><\/h2>\n<h2>Eigenschaften:<\/h2>\n<div class=\"pdp-gap-m\">\n<p class=\"pdp-sidebar-popin-details_subtitle\"><strong>SOLE<\/strong><\/p>\n<p>All <b>Terrain<\/b> Contagrip\u00ae: Die All Terrain Contagrip\u00ae-Sohle ist f\u00fcr eine Vielzahl von Untergr\u00fcnden geeignet. Sie garantiert Widerstandsf\u00e4higkeit und Sicherheit auf nassem, trockenem, hartem oder weichem Untergrund.<\/p>\n<\/div>\n<div class=\"pdp-gap-m\">\n<p class=\"pdp-sidebar-popin-details_subtitle\"><strong>MITTELSCHUH<\/strong><\/p>\n<p><b>EnergyCell\u2122<\/b>: Leistungsstarker EVA-Schaumstoff f\u00fcr hervorragende Sto\u00dfd\u00e4mpfung.<\/p>\n<\/div>\n<div class=\"pdp-gap-m\">\n<p class=\"pdp-sidebar-popin-details_subtitle\"><strong>CHASSIS\u2122<\/strong><\/p>\n<p><b>advancedCHASSIS\u2122<\/b>: Das Advanced Chassis\u2122 ist ein in die Sohle integrierter, konturierter Einsatz. Es bietet nicht nur hervorragenden Seitenhalt und beruhigenden Schutz, sondern auch optimale Bewegungsfreiheit und Flexibilit\u00e4t.<\/p>\n<\/div>\n<div class=\"pdp-gap-m\">\n<p class=\"pdp-sidebar-popin-details_subtitle\"><strong>OBERMATERIAL<\/strong><\/p>\n<p><b>Synthetisches<\/b> Obermaterial: Synthetisches Obermaterial f\u00fcr hohe Strapazierf\u00e4higkeit und Schutz bei Outdoor-Sportarten.<\/p>\n<\/div>\n<div class=\"pdp-gap-m\">\n<p class=\"pdp-sidebar-popin-details_subtitle\"><strong>FUTTERMATERIAL<\/strong><\/p>\n<p><b>Textilfutter<\/b>: weiches, atmungsaktives Futter f\u00fcr hohen Tragekomfort.<\/p>\n<\/div>\n<div class=\"pdp-gap-m\">\n<p class=\"pdp-sidebar-popin-details_subtitle\"><strong>OBERE KONSTRUKTION<\/strong><\/p>\n<ul>\n<li><b>Schn\u00fcrsenkeltasche<\/b>: Zur Aufbewahrung des Quicklace\u2122-Schn\u00fcrsystems.<\/li>\n<li>Zehenschutz<\/li>\n<li><b>SensiFIT\u2122<\/b>: Die SensiFit\u2122-Konstruktion umschlie\u00dft den Fu\u00df von der Zwischensohle bis zum Schn\u00fcrsystem und sorgt so f\u00fcr eine pr\u00e4zise, sichere und praktisch ma\u00dfgeschneiderte Passform.<\/li>\n<li><b>Geschwei\u00dftes<\/b> Obermaterial: Die nahtlose Konstruktion des Obermaterials sorgt f\u00fcr eine Passform und ein Tragegef\u00fchl, das so geschmeidig ist wie ein Handschuh.<\/li>\n<li><b>Schutzkappe<\/b>: Eine Schicht aus Leder, synthetischem Material oder Gummi um den Fu\u00df, die die mediale und laterale Seite sch\u00fctzt.<\/li>\n<\/ul>\n<\/div>\n<div class=\"pdp-gap-m\">\n<p class=\"pdp-sidebar-popin-details_subtitle\"><strong>FUSSBETT<\/strong><\/p>\n<p>Geformtes <b>OrthoLite\u00ae-Fu\u00dfbett<\/b>: Diese OrthoLite\u00ae-Einlegesohle passt sich den Konturen Ihres Fu\u00dfes an und bietet ein hohes Ma\u00df an D\u00e4mpfung, Atmungsaktivit\u00e4t und Strapazierf\u00e4higkeit, um den Komfort und die Leistung unserer Schuhe zu optimieren.<\/p>\n<\/div>\n<div class=\"pdp-gap-m\">\n<p class=\"pdp-sidebar-popin-details_subtitle\"><strong>LACING-SYSTEM<\/strong><\/p>\n<p><b>QuickLACE\u2122<\/b>: D\u00fcnner, stabiler Schn\u00fcrsenkel f\u00fcr die Schn\u00fcrung mit einem Zug. Vereinfacht das An- und Ausziehen des Schuhs.<\/p>\n<\/div>\n<div class=\"pdp-gap-m\">\n<p class=\"pdp-sidebar-popin-details_subtitle\"><strong>MEMBRANE<\/strong><\/p>\n<p><b>GORE-TEX\u00ae<\/b>: GORE-TEX\u00ae h\u00e4lt die F\u00fc\u00dfe trocken, innen und au\u00dfen.<\/p>\n<\/div>\n<div class=\"pdp-gap-m\">\n<p class=\"pdp-sidebar-popin-details_subtitle\"><strong>NACHHALTIGKEIT<\/strong><\/p>\n<ul>\n<li><b>Recyceltes<\/b> Material: Materialien, die aus recycelten Produkten wie PET-Flaschen oder Schrott gewonnen werden<\/li>\n<li>PFCec-frei<\/li>\n<\/ul>\n<\/div>\n<p><\/div><\/div><\/div>\n","protected":false},"excerpt":{"rendered":"","protected":false},"featured_media":219620,"template":"","meta":{"_acf_changed":false,"inline_featured_image":false},"product_brand":[],"product_cat":[6507,6504],"product_tag":[20480,20489],"class_list":{"0":"post-218451","1":"product","2":"type-product","3":"status-publish","4":"has-post-thumbnail","6":"product_cat-herren-schuhe-de","7":"product_cat-trail","8":"product_tag-salomon-de","9":"product_tag-salomon-herren","10":"pa_attivita-outdoor-de","11":"pa_colore-x-ultra-360-mid-gtx-black-magnet-pewter-de","12":"pa_colore-x-ultra-360-mid-gtx-phantm-drstan-rum-ra-de","13":"pa_marca-salomon-de","14":"pa_sesso-herren","15":"pa_size-41-de","16":"pa_size-44-de","17":"pa_size-46-de","18":"pa_size-47-de","20":"first","21":"instock","22":"sale","23":"taxable","24":"shipping-taxable","25":"purchasable","26":"product-type-variable","27":"wvs-archive-product-wrapper"},"acf":[],"yoast_head":"<!-- This site is optimized with the Yoast SEO plugin v26.8 - https:\/\/yoast.com\/product\/yoast-seo-wordpress\/ -->\n<title>SalomonX Ultra 360 Mid GTX herren - Herren-Trail-Schuhe MioMioRun<\/title>\n<meta name=\"description\" content=\"Der X Ultra 360 Mid GORE-TEX Herren-Wanderschuh ist das Beste aus einer ultra-erprobten Linie und bereit, lange Strecken zu bew\u00e4ltigen.\" \/>\n<meta name=\"robots\" content=\"index, follow, max-snippet:-1, max-image-preview:large, max-video-preview:-1\" \/>\n<link rel=\"canonical\" href=\"https:\/\/www.miomiorun.com\/de\/produkt\/x-ultra-360-mid-gtx-herren\/\" \/>\n<meta property=\"og:locale\" content=\"de_DE\" \/>\n<meta property=\"og:type\" content=\"article\" \/>\n<meta property=\"og:title\" content=\"SalomonX Ultra 360 Mid GTX herren - Herren-Trail-Schuhe MioMioRun\" \/>\n<meta property=\"og:description\" content=\"Der X Ultra 360 Mid GORE-TEX Herren-Wanderschuh ist das Beste aus einer ultra-erprobten Linie und bereit, lange Strecken zu bew\u00e4ltigen.\" \/>\n<meta property=\"og:url\" content=\"https:\/\/www.miomiorun.com\/de\/produkt\/x-ultra-360-mid-gtx-herren\/\" \/>\n<meta property=\"og:site_name\" content=\"MioMioRun\" \/>\n<meta property=\"article:publisher\" content=\"https:\/\/www.facebook.com\/miomiorun\/\" \/>\n<meta property=\"article:modified_time\" content=\"2025-11-30T00:37:39+00:00\" \/>\n<meta property=\"og:image\" content=\"https:\/\/www.miomiorun.com\/app\/uploads\/2024\/12\/salomon-X-ULTRA-360-MID-GTX-Black-Magnet-Pewter-L47447600.webp\" \/>\n\t<meta property=\"og:image:width\" content=\"600\" \/>\n\t<meta property=\"og:image:height\" content=\"600\" \/>\n\t<meta property=\"og:image:type\" content=\"image\/webp\" \/>\n<meta name=\"twitter:card\" content=\"summary_large_image\" \/>\n<meta name=\"twitter:label1\" content=\"Est. reading time\" \/>\n\t<meta name=\"twitter:data1\" content=\"2 minutes\" \/>\n<script type=\"application\/ld+json\" class=\"yoast-schema-graph\">{\"@context\":\"https:\/\/schema.org\",\"@graph\":[{\"@type\":\"WebPage\",\"@id\":\"https:\/\/www.miomiorun.com\/de\/produkt\/x-ultra-360-mid-gtx-herren\/\",\"url\":\"https:\/\/www.miomiorun.com\/de\/produkt\/x-ultra-360-mid-gtx-herren\/\",\"name\":\"SalomonX Ultra 360 Mid GTX herren - Herren-Trail-Schuhe MioMioRun\",\"isPartOf\":{\"@id\":\"https:\/\/www.miomiorun.com\/de\/#website\"},\"primaryImageOfPage\":{\"@id\":\"https:\/\/www.miomiorun.com\/de\/produkt\/x-ultra-360-mid-gtx-herren\/#primaryimage\"},\"image\":{\"@id\":\"https:\/\/www.miomiorun.com\/de\/produkt\/x-ultra-360-mid-gtx-herren\/#primaryimage\"},\"thumbnailUrl\":\"https:\/\/www.miomiorun.com\/app\/uploads\/2024\/12\/salomon-X-ULTRA-360-MID-GTX-Black-Magnet-Pewter-L47447600.webp\",\"datePublished\":\"2024-12-12T13:48:11+00:00\",\"dateModified\":\"2025-11-30T00:37:39+00:00\",\"description\":\"Der X Ultra 360 Mid GORE-TEX Herren-Wanderschuh ist das Beste aus einer ultra-erprobten Linie und bereit, lange Strecken zu bew\u00e4ltigen.\",\"breadcrumb\":{\"@id\":\"https:\/\/www.miomiorun.com\/de\/produkt\/x-ultra-360-mid-gtx-herren\/#breadcrumb\"},\"inLanguage\":\"de-DE\",\"potentialAction\":[{\"@type\":\"ReadAction\",\"target\":[\"https:\/\/www.miomiorun.com\/de\/produkt\/x-ultra-360-mid-gtx-herren\/\"]}]},{\"@type\":\"ImageObject\",\"inLanguage\":\"de-DE\",\"@id\":\"https:\/\/www.miomiorun.com\/de\/produkt\/x-ultra-360-mid-gtx-herren\/#primaryimage\",\"url\":\"https:\/\/www.miomiorun.com\/app\/uploads\/2024\/12\/salomon-X-ULTRA-360-MID-GTX-Black-Magnet-Pewter-L47447600.webp\",\"contentUrl\":\"https:\/\/www.miomiorun.com\/app\/uploads\/2024\/12\/salomon-X-ULTRA-360-MID-GTX-Black-Magnet-Pewter-L47447600.webp\",\"width\":600,\"height\":600,\"caption\":\"salomon X ULTRA 360 MID GTX Black Magnet Pewter L47447600\"},{\"@type\":\"BreadcrumbList\",\"@id\":\"https:\/\/www.miomiorun.com\/de\/produkt\/x-ultra-360-mid-gtx-herren\/#breadcrumb\",\"itemListElement\":[{\"@type\":\"ListItem\",\"position\":1,\"name\":\"Home\",\"item\":\"https:\/\/www.miomiorun.com\/de\/\"},{\"@type\":\"ListItem\",\"position\":2,\"name\":\"Shop\",\"item\":\"https:\/\/www.miomiorun.com\/shop\/\"},{\"@type\":\"ListItem\",\"position\":3,\"name\":\"X Ultra 360 Mid GTX herren\"}]},{\"@type\":\"WebSite\",\"@id\":\"https:\/\/www.miomiorun.com\/de\/#website\",\"url\":\"https:\/\/www.miomiorun.com\/de\/\",\"name\":\"MioMioRun\",\"description\":\"100% Lauf- und Trailshop\",\"publisher\":{\"@id\":\"https:\/\/www.miomiorun.com\/de\/#organization\"},\"potentialAction\":[{\"@type\":\"SearchAction\",\"target\":{\"@type\":\"EntryPoint\",\"urlTemplate\":\"https:\/\/www.miomiorun.com\/de\/?s={search_term_string}\"},\"query-input\":{\"@type\":\"PropertyValueSpecification\",\"valueRequired\":true,\"valueName\":\"search_term_string\"}}],\"inLanguage\":\"de-DE\"},{\"@type\":\"Organization\",\"@id\":\"https:\/\/www.miomiorun.com\/de\/#organization\",\"name\":\"MioMio Run\",\"url\":\"https:\/\/www.miomiorun.com\/de\/\",\"logo\":{\"@type\":\"ImageObject\",\"inLanguage\":\"de-DE\",\"@id\":\"https:\/\/www.miomiorun.com\/de\/#\/schema\/logo\/image\/\",\"url\":\"https:\/\/www.miomiorun.com\/app\/uploads\/2019\/12\/logomio.png\",\"contentUrl\":\"https:\/\/www.miomiorun.com\/app\/uploads\/2019\/12\/logomio.png\",\"width\":115,\"height\":82,\"caption\":\"MioMio Run\"},\"image\":{\"@id\":\"https:\/\/www.miomiorun.com\/de\/#\/schema\/logo\/image\/\"},\"sameAs\":[\"https:\/\/www.facebook.com\/miomiorun\/\",\"https:\/\/www.instagram.com\/miomiorun\/\"]}]}<\/script>\n<!-- \/ Yoast SEO plugin. -->","yoast_head_json":{"title":"SalomonX Ultra 360 Mid GTX herren - Herren-Trail-Schuhe MioMioRun","description":"Der X Ultra 360 Mid GORE-TEX Herren-Wanderschuh ist das Beste aus einer ultra-erprobten Linie und bereit, lange Strecken zu bew\u00e4ltigen.","robots":{"index":"index","follow":"follow","max-snippet":"max-snippet:-1","max-image-preview":"max-image-preview:large","max-video-preview":"max-video-preview:-1"},"canonical":"https:\/\/www.miomiorun.com\/de\/produkt\/x-ultra-360-mid-gtx-herren\/","og_locale":"de_DE","og_type":"article","og_title":"SalomonX Ultra 360 Mid GTX herren - Herren-Trail-Schuhe MioMioRun","og_description":"Der X Ultra 360 Mid GORE-TEX Herren-Wanderschuh ist das Beste aus einer ultra-erprobten Linie und bereit, lange Strecken zu bew\u00e4ltigen.","og_url":"https:\/\/www.miomiorun.com\/de\/produkt\/x-ultra-360-mid-gtx-herren\/","og_site_name":"MioMioRun","article_publisher":"https:\/\/www.facebook.com\/miomiorun\/","article_modified_time":"2025-11-30T00:37:39+00:00","og_image":[{"width":600,"height":600,"url":"https:\/\/www.miomiorun.com\/app\/uploads\/2024\/12\/salomon-X-ULTRA-360-MID-GTX-Black-Magnet-Pewter-L47447600.webp","type":"image\/webp"}],"twitter_card":"summary_large_image","twitter_misc":{"Est. reading time":"2 minutes"},"schema":{"@context":"https:\/\/schema.org","@graph":[{"@type":"WebPage","@id":"https:\/\/www.miomiorun.com\/de\/produkt\/x-ultra-360-mid-gtx-herren\/","url":"https:\/\/www.miomiorun.com\/de\/produkt\/x-ultra-360-mid-gtx-herren\/","name":"SalomonX Ultra 360 Mid GTX herren - Herren-Trail-Schuhe MioMioRun","isPartOf":{"@id":"https:\/\/www.miomiorun.com\/de\/#website"},"primaryImageOfPage":{"@id":"https:\/\/www.miomiorun.com\/de\/produkt\/x-ultra-360-mid-gtx-herren\/#primaryimage"},"image":{"@id":"https:\/\/www.miomiorun.com\/de\/produkt\/x-ultra-360-mid-gtx-herren\/#primaryimage"},"thumbnailUrl":"https:\/\/www.miomiorun.com\/app\/uploads\/2024\/12\/salomon-X-ULTRA-360-MID-GTX-Black-Magnet-Pewter-L47447600.webp","datePublished":"2024-12-12T13:48:11+00:00","dateModified":"2025-11-30T00:37:39+00:00","description":"Der X Ultra 360 Mid GORE-TEX Herren-Wanderschuh ist das Beste aus einer ultra-erprobten Linie und bereit, lange Strecken zu bew\u00e4ltigen.","breadcrumb":{"@id":"https:\/\/www.miomiorun.com\/de\/produkt\/x-ultra-360-mid-gtx-herren\/#breadcrumb"},"inLanguage":"de-DE","potentialAction":[{"@type":"ReadAction","target":["https:\/\/www.miomiorun.com\/de\/produkt\/x-ultra-360-mid-gtx-herren\/"]}]},{"@type":"ImageObject","inLanguage":"de-DE","@id":"https:\/\/www.miomiorun.com\/de\/produkt\/x-ultra-360-mid-gtx-herren\/#primaryimage","url":"https:\/\/www.miomiorun.com\/app\/uploads\/2024\/12\/salomon-X-ULTRA-360-MID-GTX-Black-Magnet-Pewter-L47447600.webp","contentUrl":"https:\/\/www.miomiorun.com\/app\/uploads\/2024\/12\/salomon-X-ULTRA-360-MID-GTX-Black-Magnet-Pewter-L47447600.webp","width":600,"height":600,"caption":"salomon X ULTRA 360 MID GTX Black Magnet Pewter L47447600"},{"@type":"BreadcrumbList","@id":"https:\/\/www.miomiorun.com\/de\/produkt\/x-ultra-360-mid-gtx-herren\/#breadcrumb","itemListElement":[{"@type":"ListItem","position":1,"name":"Home","item":"https:\/\/www.miomiorun.com\/de\/"},{"@type":"ListItem","position":2,"name":"Shop","item":"https:\/\/www.miomiorun.com\/shop\/"},{"@type":"ListItem","position":3,"name":"X Ultra 360 Mid GTX herren"}]},{"@type":"WebSite","@id":"https:\/\/www.miomiorun.com\/de\/#website","url":"https:\/\/www.miomiorun.com\/de\/","name":"MioMioRun","description":"100% Lauf- und Trailshop","publisher":{"@id":"https:\/\/www.miomiorun.com\/de\/#organization"},"potentialAction":[{"@type":"SearchAction","target":{"@type":"EntryPoint","urlTemplate":"https:\/\/www.miomiorun.com\/de\/?s={search_term_string}"},"query-input":{"@type":"PropertyValueSpecification","valueRequired":true,"valueName":"search_term_string"}}],"inLanguage":"de-DE"},{"@type":"Organization","@id":"https:\/\/www.miomiorun.com\/de\/#organization","name":"MioMio Run","url":"https:\/\/www.miomiorun.com\/de\/","logo":{"@type":"ImageObject","inLanguage":"de-DE","@id":"https:\/\/www.miomiorun.com\/de\/#\/schema\/logo\/image\/","url":"https:\/\/www.miomiorun.com\/app\/uploads\/2019\/12\/logomio.png","contentUrl":"https:\/\/www.miomiorun.com\/app\/uploads\/2019\/12\/logomio.png","width":115,"height":82,"caption":"MioMio Run"},"image":{"@id":"https:\/\/www.miomiorun.com\/de\/#\/schema\/logo\/image\/"},"sameAs":["https:\/\/www.facebook.com\/miomiorun\/","https:\/\/www.instagram.com\/miomiorun\/"]}]}},"_links":{"self":[{"href":"https:\/\/www.miomiorun.com\/de\/wp-json\/wp\/v2\/product\/218451","targetHints":{"allow":["GET"]}}],"collection":[{"href":"https:\/\/www.miomiorun.com\/de\/wp-json\/wp\/v2\/product"}],"about":[{"href":"https:\/\/www.miomiorun.com\/de\/wp-json\/wp\/v2\/types\/product"}],"wp:featuredmedia":[{"embeddable":true,"href":"https:\/\/www.miomiorun.com\/de\/wp-json\/wp\/v2\/media\/219620"}],"wp:attachment":[{"href":"https:\/\/www.miomiorun.com\/de\/wp-json\/wp\/v2\/media?parent=218451"}],"wp:term":[{"taxonomy":"product_brand","embeddable":true,"href":"https:\/\/www.miomiorun.com\/de\/wp-json\/wp\/v2\/product_brand?post=218451"},{"taxonomy":"product_cat","embeddable":true,"href":"https:\/\/www.miomiorun.com\/de\/wp-json\/wp\/v2\/product_cat?post=218451"},{"taxonomy":"product_tag","embeddable":true,"href":"https:\/\/www.miomiorun.com\/de\/wp-json\/wp\/v2\/product_tag?post=218451"}],"curies":[{"name":"wp","href":"https:\/\/api.w.org\/{rel}","templated":true}]}}