{"id":218246,"date":"2024-12-11T16:55:31","date_gmt":"2024-12-11T15:55:31","guid":{"rendered":"https:\/\/miomiorun.com\/?post_type=product&#038;p=218246"},"modified":"2026-05-08T22:26:21","modified_gmt":"2026-05-08T20:26:21","slug":"t-shirt-laufen-adizero-herren","status":"publish","type":"product","link":"https:\/\/www.miomiorun.com\/de\/produkt\/t-shirt-laufen-adizero-herren\/","title":{"rendered":"T-shirt Laufen Adizero herren"},"content":{"rendered":"<div class=\"text-content___13aRm\">\n<div class=\"text-content___13aRm\">\n<p>Das Adizero Laufshirt von adidas wurde f\u00fcr alle entwickelt, die auf der Suche nach \u00fcberragender Leistung und kompromisslosem Komfort sind. Es stellt die perfekte Balance zwischen Technologie und Stil dar. Das aus ultraleichten Materialien gefertigte Shirt bietet ein frisches Tragegef\u00fchl und Bewegungsfreiheit, damit du dich ganz auf deine Leistung konzentrieren kannst.<\/p>\n<p>Dank des schnelltrocknenden Materials leitet das Adizero T-Shirt Schwei\u00df von der Haut weg und h\u00e4lt dich auch bei den anspruchsvollsten L\u00e4ufen trocken. Das atmungsaktive Design sorgt f\u00fcr eine optimale Bel\u00fcftung und h\u00e4lt die ideale K\u00f6rpertemperatur jederzeit aufrecht. Perfekt f\u00fcr hei\u00dfe Tage oder hochintensives Training, passt es sich den Bed\u00fcrfnissen der anspruchsvollsten L\u00e4ufer an.<\/p>\n<p>Der minimalistische Stil ist eine Hommage an die funktionelle Einfachheit: Klare Linien und dezente Details, erg\u00e4nzt durch das kultige adidas Logo, machen dieses Trikot zu einem vielseitigen Kleidungsst\u00fcck sowohl f\u00fcr das Training als auch f\u00fcr einen sportlichen Alltagslook. Die optimale Passform und die ergonomische Konstruktion sorgen f\u00fcr einen Sitz, der sich perfekt an den K\u00f6rper anpasst und Reibung und Unbehagen reduziert.<\/p>\n<p>Ob du ein Rennen, eine lange Trainingseinheit oder einen einfachen Abendlauf in Angriff nimmst, das Adizero Laufshirt ist der perfekte Begleiter, um deine Ziele mit Stil und Komfort zu erreichen. W\u00e4hlen Sie das Beste f\u00fcr Ihre Laufeinheiten und entdecken Sie den Unterschied, den das Tragen eines Kleidungsst\u00fccks macht, das mit dem Gedanken an den Athleten entworfen wurde.<\/p>\n<p><strong>Merkmale:<\/strong><\/div>\n<div><\/div>\n<div class=\"text-content___13aRm\">Enge Passform<br \/>\nRundhalsausschnitt<br \/>\n83% Polyester (recycelt) \/ 17% Elastan<br \/>\nLeichtes Material<br \/>\nAEROREADY<br \/>\nReflektierendes Logo<\/div>\n<div class=\"accordion__content___29x9h\">\n<div class=\"content-padding___2kVWQ\">\n<div class=\"care___2GwB4\" data-auto-id=\"pdp-content-care\">\n<div class=\"care-instructions___3scEd\">\n<p>&nbsp;<\/p>\n<\/div>\n<\/div>\n<\/div>\n<\/div>\n<\/div>\n<p>&nbsp;<\/p>\n<p>&nbsp;<\/p>\n<p>&nbsp;<\/p>\n<p>&nbsp;<\/p>\n","protected":false},"excerpt":{"rendered":"<ul>\n<li><strong>Ultraleichte und atmungsaktive Materialien:<\/strong> garantieren ein frisches und freies Gef\u00fchl bei jedem Lauf.<\/li>\n<li><strong>Schnell trocknendes Gewebe:<\/strong> h\u00e4lt die Haut auch bei den intensivsten Trainingseinheiten trocken.<\/li>\n<li><strong>Ergonomisches, minimalistisches Design:<\/strong> bietet Komfort, reduziert Reibung und passt zu einem vielseitigen Sportstil.<\/li>\n<\/ul>\n","protected":false},"featured_media":218237,"template":"","meta":{"_acf_changed":false,"inline_featured_image":false},"product_brand":[],"product_cat":[6540,6508],"product_tag":[3403,6307],"class_list":{"0":"post-218246","1":"product","2":"type-product","3":"status-publish","4":"has-post-thumbnail","6":"product_cat-herrenbekleidung","7":"product_cat-herrent-shirt","8":"product_tag-adidas-de","9":"product_tag-adidas-herren-de","10":"pa_attivita-gehen","11":"pa_attivita-running-de","12":"pa_colore-adizero-tee-black-m-de","13":"pa_marca-adidas-de","14":"pa_sesso-herren","15":"pa_size-small-de","16":"pa_size-large-de","18":"first","19":"instock","20":"sale","21":"taxable","22":"shipping-taxable","23":"purchasable","24":"product-type-variable","25":"wvs-archive-product-wrapper"},"acf":[],"yoast_head":"<!-- This site is optimized with the Yoast SEO plugin v26.8 - https:\/\/yoast.com\/product\/yoast-seo-wordpress\/ -->\n<title>Adidas T-shirt Laufen Adizero herren - T-Shirt Laufen - MioMioRun<\/title>\n<meta name=\"description\" content=\"Adizero Lauf-T-Shirt: Leichtigkeit und Atmungsaktivit\u00e4t f\u00fcr deine L\u00e4ufe. Schnell trocknendes Material und ergonomisches Design f\u00fcr hohe Leistung.\" \/>\n<meta name=\"robots\" content=\"index, follow, max-snippet:-1, max-image-preview:large, max-video-preview:-1\" \/>\n<link rel=\"canonical\" href=\"https:\/\/www.miomiorun.com\/de\/produkt\/t-shirt-laufen-adizero-herren\/\" \/>\n<meta property=\"og:locale\" content=\"de_DE\" \/>\n<meta property=\"og:type\" content=\"article\" \/>\n<meta property=\"og:title\" content=\"Adidas T-shirt Laufen Adizero herren - T-Shirt Laufen - MioMioRun\" \/>\n<meta property=\"og:description\" content=\"Adizero Lauf-T-Shirt: Leichtigkeit und Atmungsaktivit\u00e4t f\u00fcr deine L\u00e4ufe. Schnell trocknendes Material und ergonomisches Design f\u00fcr hohe Leistung.\" \/>\n<meta property=\"og:url\" content=\"https:\/\/www.miomiorun.com\/de\/produkt\/t-shirt-laufen-adizero-herren\/\" \/>\n<meta property=\"og:site_name\" content=\"MioMioRun\" \/>\n<meta property=\"article:publisher\" content=\"https:\/\/www.facebook.com\/miomiorun\/\" \/>\n<meta property=\"article:modified_time\" content=\"2026-05-08T20:26:21+00:00\" \/>\n<meta property=\"og:image\" content=\"https:\/\/www.miomiorun.com\/app\/uploads\/2024\/12\/adidas-Adizero-tee-black-M-IX2831.webp\" \/>\n\t<meta property=\"og:image:width\" content=\"600\" \/>\n\t<meta property=\"og:image:height\" content=\"600\" \/>\n\t<meta property=\"og:image:type\" content=\"image\/webp\" \/>\n<meta name=\"twitter:card\" content=\"summary_large_image\" \/>\n<meta name=\"twitter:label1\" content=\"Est. reading time\" \/>\n\t<meta name=\"twitter:data1\" content=\"1 minute\" \/>\n<script type=\"application\/ld+json\" class=\"yoast-schema-graph\">{\"@context\":\"https:\/\/schema.org\",\"@graph\":[{\"@type\":\"WebPage\",\"@id\":\"https:\/\/www.miomiorun.com\/de\/produkt\/t-shirt-laufen-adizero-herren\/\",\"url\":\"https:\/\/www.miomiorun.com\/de\/produkt\/t-shirt-laufen-adizero-herren\/\",\"name\":\"Adidas T-shirt Laufen Adizero herren - T-Shirt Laufen - MioMioRun\",\"isPartOf\":{\"@id\":\"https:\/\/www.miomiorun.com\/de\/#website\"},\"primaryImageOfPage\":{\"@id\":\"https:\/\/www.miomiorun.com\/de\/produkt\/t-shirt-laufen-adizero-herren\/#primaryimage\"},\"image\":{\"@id\":\"https:\/\/www.miomiorun.com\/de\/produkt\/t-shirt-laufen-adizero-herren\/#primaryimage\"},\"thumbnailUrl\":\"https:\/\/www.miomiorun.com\/app\/uploads\/2024\/12\/adidas-Adizero-tee-black-M-IX2831.webp\",\"datePublished\":\"2024-12-11T15:55:31+00:00\",\"dateModified\":\"2026-05-08T20:26:21+00:00\",\"description\":\"Adizero Lauf-T-Shirt: Leichtigkeit und Atmungsaktivit\u00e4t f\u00fcr deine L\u00e4ufe. Schnell trocknendes Material und ergonomisches Design f\u00fcr hohe Leistung.\",\"breadcrumb\":{\"@id\":\"https:\/\/www.miomiorun.com\/de\/produkt\/t-shirt-laufen-adizero-herren\/#breadcrumb\"},\"inLanguage\":\"de-DE\",\"potentialAction\":[{\"@type\":\"ReadAction\",\"target\":[\"https:\/\/www.miomiorun.com\/de\/produkt\/t-shirt-laufen-adizero-herren\/\"]}]},{\"@type\":\"ImageObject\",\"inLanguage\":\"de-DE\",\"@id\":\"https:\/\/www.miomiorun.com\/de\/produkt\/t-shirt-laufen-adizero-herren\/#primaryimage\",\"url\":\"https:\/\/www.miomiorun.com\/app\/uploads\/2024\/12\/adidas-Adizero-tee-black-M-IX2831.webp\",\"contentUrl\":\"https:\/\/www.miomiorun.com\/app\/uploads\/2024\/12\/adidas-Adizero-tee-black-M-IX2831.webp\",\"width\":600,\"height\":600,\"caption\":\"adidas Adizero tee black M IX2831\"},{\"@type\":\"BreadcrumbList\",\"@id\":\"https:\/\/www.miomiorun.com\/de\/produkt\/t-shirt-laufen-adizero-herren\/#breadcrumb\",\"itemListElement\":[{\"@type\":\"ListItem\",\"position\":1,\"name\":\"Home\",\"item\":\"https:\/\/www.miomiorun.com\/de\/\"},{\"@type\":\"ListItem\",\"position\":2,\"name\":\"Shop\",\"item\":\"https:\/\/www.miomiorun.com\/shop\/\"},{\"@type\":\"ListItem\",\"position\":3,\"name\":\"T-shirt Laufen Adizero herren\"}]},{\"@type\":\"WebSite\",\"@id\":\"https:\/\/www.miomiorun.com\/de\/#website\",\"url\":\"https:\/\/www.miomiorun.com\/de\/\",\"name\":\"MioMioRun\",\"description\":\"100% Lauf- und Trailshop\",\"publisher\":{\"@id\":\"https:\/\/www.miomiorun.com\/de\/#organization\"},\"potentialAction\":[{\"@type\":\"SearchAction\",\"target\":{\"@type\":\"EntryPoint\",\"urlTemplate\":\"https:\/\/www.miomiorun.com\/de\/?s={search_term_string}\"},\"query-input\":{\"@type\":\"PropertyValueSpecification\",\"valueRequired\":true,\"valueName\":\"search_term_string\"}}],\"inLanguage\":\"de-DE\"},{\"@type\":\"Organization\",\"@id\":\"https:\/\/www.miomiorun.com\/de\/#organization\",\"name\":\"MioMio Run\",\"url\":\"https:\/\/www.miomiorun.com\/de\/\",\"logo\":{\"@type\":\"ImageObject\",\"inLanguage\":\"de-DE\",\"@id\":\"https:\/\/www.miomiorun.com\/de\/#\/schema\/logo\/image\/\",\"url\":\"https:\/\/www.miomiorun.com\/app\/uploads\/2019\/12\/logomio.png\",\"contentUrl\":\"https:\/\/www.miomiorun.com\/app\/uploads\/2019\/12\/logomio.png\",\"width\":115,\"height\":82,\"caption\":\"MioMio Run\"},\"image\":{\"@id\":\"https:\/\/www.miomiorun.com\/de\/#\/schema\/logo\/image\/\"},\"sameAs\":[\"https:\/\/www.facebook.com\/miomiorun\/\",\"https:\/\/www.instagram.com\/miomiorun\/\"]}]}<\/script>\n<!-- \/ Yoast SEO plugin. -->","yoast_head_json":{"title":"Adidas T-shirt Laufen Adizero herren - T-Shirt Laufen - MioMioRun","description":"Adizero Lauf-T-Shirt: Leichtigkeit und Atmungsaktivit\u00e4t f\u00fcr deine L\u00e4ufe. Schnell trocknendes Material und ergonomisches Design f\u00fcr hohe Leistung.","robots":{"index":"index","follow":"follow","max-snippet":"max-snippet:-1","max-image-preview":"max-image-preview:large","max-video-preview":"max-video-preview:-1"},"canonical":"https:\/\/www.miomiorun.com\/de\/produkt\/t-shirt-laufen-adizero-herren\/","og_locale":"de_DE","og_type":"article","og_title":"Adidas T-shirt Laufen Adizero herren - T-Shirt Laufen - MioMioRun","og_description":"Adizero Lauf-T-Shirt: Leichtigkeit und Atmungsaktivit\u00e4t f\u00fcr deine L\u00e4ufe. Schnell trocknendes Material und ergonomisches Design f\u00fcr hohe Leistung.","og_url":"https:\/\/www.miomiorun.com\/de\/produkt\/t-shirt-laufen-adizero-herren\/","og_site_name":"MioMioRun","article_publisher":"https:\/\/www.facebook.com\/miomiorun\/","article_modified_time":"2026-05-08T20:26:21+00:00","og_image":[{"width":600,"height":600,"url":"https:\/\/www.miomiorun.com\/app\/uploads\/2024\/12\/adidas-Adizero-tee-black-M-IX2831.webp","type":"image\/webp"}],"twitter_card":"summary_large_image","twitter_misc":{"Est. reading time":"1 minute"},"schema":{"@context":"https:\/\/schema.org","@graph":[{"@type":"WebPage","@id":"https:\/\/www.miomiorun.com\/de\/produkt\/t-shirt-laufen-adizero-herren\/","url":"https:\/\/www.miomiorun.com\/de\/produkt\/t-shirt-laufen-adizero-herren\/","name":"Adidas T-shirt Laufen Adizero herren - T-Shirt Laufen - MioMioRun","isPartOf":{"@id":"https:\/\/www.miomiorun.com\/de\/#website"},"primaryImageOfPage":{"@id":"https:\/\/www.miomiorun.com\/de\/produkt\/t-shirt-laufen-adizero-herren\/#primaryimage"},"image":{"@id":"https:\/\/www.miomiorun.com\/de\/produkt\/t-shirt-laufen-adizero-herren\/#primaryimage"},"thumbnailUrl":"https:\/\/www.miomiorun.com\/app\/uploads\/2024\/12\/adidas-Adizero-tee-black-M-IX2831.webp","datePublished":"2024-12-11T15:55:31+00:00","dateModified":"2026-05-08T20:26:21+00:00","description":"Adizero Lauf-T-Shirt: Leichtigkeit und Atmungsaktivit\u00e4t f\u00fcr deine L\u00e4ufe. Schnell trocknendes Material und ergonomisches Design f\u00fcr hohe Leistung.","breadcrumb":{"@id":"https:\/\/www.miomiorun.com\/de\/produkt\/t-shirt-laufen-adizero-herren\/#breadcrumb"},"inLanguage":"de-DE","potentialAction":[{"@type":"ReadAction","target":["https:\/\/www.miomiorun.com\/de\/produkt\/t-shirt-laufen-adizero-herren\/"]}]},{"@type":"ImageObject","inLanguage":"de-DE","@id":"https:\/\/www.miomiorun.com\/de\/produkt\/t-shirt-laufen-adizero-herren\/#primaryimage","url":"https:\/\/www.miomiorun.com\/app\/uploads\/2024\/12\/adidas-Adizero-tee-black-M-IX2831.webp","contentUrl":"https:\/\/www.miomiorun.com\/app\/uploads\/2024\/12\/adidas-Adizero-tee-black-M-IX2831.webp","width":600,"height":600,"caption":"adidas Adizero tee black M IX2831"},{"@type":"BreadcrumbList","@id":"https:\/\/www.miomiorun.com\/de\/produkt\/t-shirt-laufen-adizero-herren\/#breadcrumb","itemListElement":[{"@type":"ListItem","position":1,"name":"Home","item":"https:\/\/www.miomiorun.com\/de\/"},{"@type":"ListItem","position":2,"name":"Shop","item":"https:\/\/www.miomiorun.com\/shop\/"},{"@type":"ListItem","position":3,"name":"T-shirt Laufen Adizero herren"}]},{"@type":"WebSite","@id":"https:\/\/www.miomiorun.com\/de\/#website","url":"https:\/\/www.miomiorun.com\/de\/","name":"MioMioRun","description":"100% Lauf- und Trailshop","publisher":{"@id":"https:\/\/www.miomiorun.com\/de\/#organization"},"potentialAction":[{"@type":"SearchAction","target":{"@type":"EntryPoint","urlTemplate":"https:\/\/www.miomiorun.com\/de\/?s={search_term_string}"},"query-input":{"@type":"PropertyValueSpecification","valueRequired":true,"valueName":"search_term_string"}}],"inLanguage":"de-DE"},{"@type":"Organization","@id":"https:\/\/www.miomiorun.com\/de\/#organization","name":"MioMio Run","url":"https:\/\/www.miomiorun.com\/de\/","logo":{"@type":"ImageObject","inLanguage":"de-DE","@id":"https:\/\/www.miomiorun.com\/de\/#\/schema\/logo\/image\/","url":"https:\/\/www.miomiorun.com\/app\/uploads\/2019\/12\/logomio.png","contentUrl":"https:\/\/www.miomiorun.com\/app\/uploads\/2019\/12\/logomio.png","width":115,"height":82,"caption":"MioMio Run"},"image":{"@id":"https:\/\/www.miomiorun.com\/de\/#\/schema\/logo\/image\/"},"sameAs":["https:\/\/www.facebook.com\/miomiorun\/","https:\/\/www.instagram.com\/miomiorun\/"]}]}},"_links":{"self":[{"href":"https:\/\/www.miomiorun.com\/de\/wp-json\/wp\/v2\/product\/218246","targetHints":{"allow":["GET"]}}],"collection":[{"href":"https:\/\/www.miomiorun.com\/de\/wp-json\/wp\/v2\/product"}],"about":[{"href":"https:\/\/www.miomiorun.com\/de\/wp-json\/wp\/v2\/types\/product"}],"wp:featuredmedia":[{"embeddable":true,"href":"https:\/\/www.miomiorun.com\/de\/wp-json\/wp\/v2\/media\/218237"}],"wp:attachment":[{"href":"https:\/\/www.miomiorun.com\/de\/wp-json\/wp\/v2\/media?parent=218246"}],"wp:term":[{"taxonomy":"product_brand","embeddable":true,"href":"https:\/\/www.miomiorun.com\/de\/wp-json\/wp\/v2\/product_brand?post=218246"},{"taxonomy":"product_cat","embeddable":true,"href":"https:\/\/www.miomiorun.com\/de\/wp-json\/wp\/v2\/product_cat?post=218246"},{"taxonomy":"product_tag","embeddable":true,"href":"https:\/\/www.miomiorun.com\/de\/wp-json\/wp\/v2\/product_tag?post=218246"}],"curies":[{"name":"wp","href":"https:\/\/api.w.org\/{rel}","templated":true}]}}