{"id":218213,"date":"2024-12-11T16:33:28","date_gmt":"2024-12-11T15:33:28","guid":{"rendered":"https:\/\/miomiorun.com\/?post_type=product&#038;p=218213"},"modified":"2025-01-23T13:38:39","modified_gmt":"2025-01-23T12:38:39","slug":"z-n-e-full-zip-hooded-damen","status":"publish","type":"product","link":"https:\/\/www.miomiorun.com\/de\/produkt\/z-n-e-full-zip-hooded-damen\/","title":{"rendered":"Z.N.E Full Zip Hooded damen"},"content":{"rendered":"<div class=\"text-content___13aRm\">\n<h2>Adidas Z.N.E. Jacke in der Damenversion f\u00fcr alle, die jeden stillen Moment voll auskosten wollen.<\/h2>\n<p>Mach den Rei\u00dfverschluss zu und konzentriere dich auf das Beste mit diesem adidas Sweatshirt. Die doppelte, dreilagige Garnkonstruktion speichert die W\u00e4rme, w\u00e4hrend die Kapuze dich komplett bedeckt, um dich von der Welt um dich herum zu isolieren, wenn du etwas Zeit f\u00fcr dich brauchst.<\/p>\n<h3>Merkmale:<\/h3>\n<ul class=\"gl-list\">\n<li class=\"gl-vspace-bpall-small\">Normale Passform<\/li>\n<li class=\"gl-vspace-bpall-small\">Durchgehender Rei\u00dfverschluss und Kapuze<\/li>\n<li class=\"gl-vspace-bpall-small\">57% Polyester (recycelt) \/ 43% Baumwolle<\/li>\n<li class=\"gl-vspace-bpall-small\">Fronttaschen mit Rei\u00dfverschluss<\/li>\n<li class=\"gl-vspace-bpall-small\">Dreilagiges Gewebe<\/li>\n<\/ul>\n<h2 style=\"text-align: center;\">Technologien:<\/h2>\n<h3 style=\"text-align: left;\">PRIMEKNIT<\/h3>\n<p>3-Lagen-Gewebe mit technischem Mesh-Futter f\u00fcr Komfort, W\u00e4rme und Leichtigkeit kombiniert mit einem einzigartigen sportlichen Look.<\/p>\n<h3>SPORTSWEAR-BAND<\/h3>\n<p>Die grafischen Sportswear-Tape-Streifen sind von den Linien inspiriert, die Spielfelder auf der ganzen Welt markieren und die globale Einheit durch den Sport symbolisieren.<\/p>\n<h3>PREMIUM-DETAILS<\/h3>\n<p>Mit den kontrastierenden, matten Gummirei\u00dfverschl\u00fcssen, Zugb\u00e4ndern und Kordeln braucht man nur einen Moment, um die ADIDAS Z.N.E.-Kleidung anzuziehen, den Rei\u00dfverschluss zu schlie\u00dfen und sich als Teil des Teams zu f\u00fchlen.<\/p>\n<\/div>\n<p>&nbsp;<\/p>\n<div class=\"text-content___13aRm\">\n<div class=\"_cell_1l2ee_18 _with-content_1l2ee_27\" data-auto-id=\"bs-body\">\n<div class=\"_banner-split_1l2ee_31 _color-theme-white_1l2ee_110\">\n<div class=\"_cell_1l2ee_18 _with-content_1l2ee_27\" data-auto-id=\"bs-body\">\n<div class=\"_banner-split_1l2ee_31 _color-theme-white_1l2ee_110\">\n<div class=\"_cell_1l2ee_18 _with-content_1l2ee_27\" data-auto-id=\"bs-body\">\n<div class=\"_banner-split_1l2ee_31 _color-theme-white_1l2ee_110\">\n<p data-auto-id=\"bs-summary\">\n<\/div>\n<\/div>\n<\/div>\n<\/div>\n<\/div>\n<\/div>\n<\/div>\n","protected":false},"excerpt":{"rendered":"<ul>\n<li>Lang\u00e4rmeliges Sweatshirt mit Kapuze.<\/li>\n<li>Ideal zum Tragen bei allen Outdoor-Aktivit\u00e4ten oder tags\u00fcber f\u00fcr einen sportlichen Stil.<\/li>\n<\/ul>\n","protected":false},"featured_media":218208,"template":"","meta":{"_acf_changed":false,"inline_featured_image":false},"product_brand":[],"product_cat":[6401,6486],"product_tag":[3403,6309],"class_list":{"0":"post-218213","1":"product","2":"type-product","3":"status-publish","4":"has-post-thumbnail","6":"product_cat-damenbekleidung","7":"product_cat-damenlangarmshirts","8":"product_tag-adidas-de","9":"product_tag-adidas-damen-de","10":"pa_attivita-fitness-de","11":"pa_attivita-lifestyle-de","12":"pa_colore-w-z-n-e-fz-black-de","13":"pa_colore-w-z-n-e-fz-white-de","14":"pa_marca-adidas-de","15":"pa_sesso-damen","16":"pa_size-extra-small-de","17":"pa_size-small-de","18":"pa_size-medium-de","20":"first","21":"instock","22":"sale","23":"taxable","24":"shipping-taxable","25":"purchasable","26":"product-type-variable","27":"wvs-archive-product-wrapper"},"acf":[],"yoast_head":"<!-- This site is optimized with the Yoast SEO plugin v26.8 - https:\/\/yoast.com\/product\/yoast-seo-wordpress\/ -->\n<title>Adidas Z.N.E Full Zip Hooded damen - l\u00e4uft - MioMioRun.com<\/title>\n<meta name=\"description\" content=\"adidas Z.N.E. Jacke in der Damenversion f\u00fcr alle, die jeden Moment der Stille voll auskosten wollen. Mach den Rei\u00dfverschluss zu und konzentriere dich voll und ganz.\" \/>\n<meta name=\"robots\" content=\"index, follow, max-snippet:-1, max-image-preview:large, max-video-preview:-1\" \/>\n<link rel=\"canonical\" href=\"https:\/\/www.miomiorun.com\/de\/produkt\/z-n-e-full-zip-hooded-damen\/\" \/>\n<meta property=\"og:locale\" content=\"de_DE\" \/>\n<meta property=\"og:type\" content=\"article\" \/>\n<meta property=\"og:title\" content=\"Adidas Z.N.E Full Zip Hooded damen - l\u00e4uft - MioMioRun.com\" \/>\n<meta property=\"og:description\" content=\"adidas Z.N.E. Jacke in der Damenversion f\u00fcr alle, die jeden Moment der Stille voll auskosten wollen. Mach den Rei\u00dfverschluss zu und konzentriere dich voll und ganz.\" \/>\n<meta property=\"og:url\" content=\"https:\/\/www.miomiorun.com\/de\/produkt\/z-n-e-full-zip-hooded-damen\/\" \/>\n<meta property=\"og:site_name\" content=\"MioMioRun\" \/>\n<meta property=\"article:publisher\" content=\"https:\/\/www.facebook.com\/miomiorun\/\" \/>\n<meta property=\"article:modified_time\" content=\"2025-01-23T12:38:39+00:00\" \/>\n<meta property=\"og:image\" content=\"https:\/\/www.miomiorun.com\/app\/uploads\/2024\/12\/adidas-W-Z.N.E.-FZ-black-JE7848.webp\" \/>\n\t<meta property=\"og:image:width\" content=\"600\" \/>\n\t<meta property=\"og:image:height\" content=\"600\" \/>\n\t<meta property=\"og:image:type\" content=\"image\/webp\" \/>\n<meta name=\"twitter:card\" content=\"summary_large_image\" \/>\n<meta name=\"twitter:label1\" content=\"Est. reading time\" \/>\n\t<meta name=\"twitter:data1\" content=\"1 minute\" \/>\n<script type=\"application\/ld+json\" class=\"yoast-schema-graph\">{\"@context\":\"https:\/\/schema.org\",\"@graph\":[{\"@type\":\"WebPage\",\"@id\":\"https:\/\/www.miomiorun.com\/de\/produkt\/z-n-e-full-zip-hooded-damen\/\",\"url\":\"https:\/\/www.miomiorun.com\/de\/produkt\/z-n-e-full-zip-hooded-damen\/\",\"name\":\"Adidas Z.N.E Full Zip Hooded damen - l\u00e4uft - MioMioRun.com\",\"isPartOf\":{\"@id\":\"https:\/\/www.miomiorun.com\/de\/#website\"},\"primaryImageOfPage\":{\"@id\":\"https:\/\/www.miomiorun.com\/de\/produkt\/z-n-e-full-zip-hooded-damen\/#primaryimage\"},\"image\":{\"@id\":\"https:\/\/www.miomiorun.com\/de\/produkt\/z-n-e-full-zip-hooded-damen\/#primaryimage\"},\"thumbnailUrl\":\"https:\/\/www.miomiorun.com\/app\/uploads\/2024\/12\/adidas-W-Z.N.E.-FZ-black-JE7848.webp\",\"datePublished\":\"2024-12-11T15:33:28+00:00\",\"dateModified\":\"2025-01-23T12:38:39+00:00\",\"description\":\"adidas Z.N.E. Jacke in der Damenversion f\u00fcr alle, die jeden Moment der Stille voll auskosten wollen. Mach den Rei\u00dfverschluss zu und konzentriere dich voll und ganz.\",\"breadcrumb\":{\"@id\":\"https:\/\/www.miomiorun.com\/de\/produkt\/z-n-e-full-zip-hooded-damen\/#breadcrumb\"},\"inLanguage\":\"de-DE\",\"potentialAction\":[{\"@type\":\"ReadAction\",\"target\":[\"https:\/\/www.miomiorun.com\/de\/produkt\/z-n-e-full-zip-hooded-damen\/\"]}]},{\"@type\":\"ImageObject\",\"inLanguage\":\"de-DE\",\"@id\":\"https:\/\/www.miomiorun.com\/de\/produkt\/z-n-e-full-zip-hooded-damen\/#primaryimage\",\"url\":\"https:\/\/www.miomiorun.com\/app\/uploads\/2024\/12\/adidas-W-Z.N.E.-FZ-black-JE7848.webp\",\"contentUrl\":\"https:\/\/www.miomiorun.com\/app\/uploads\/2024\/12\/adidas-W-Z.N.E.-FZ-black-JE7848.webp\",\"width\":600,\"height\":600,\"caption\":\"adidas W Z.N.E. FZ black JE7848\"},{\"@type\":\"BreadcrumbList\",\"@id\":\"https:\/\/www.miomiorun.com\/de\/produkt\/z-n-e-full-zip-hooded-damen\/#breadcrumb\",\"itemListElement\":[{\"@type\":\"ListItem\",\"position\":1,\"name\":\"Home\",\"item\":\"https:\/\/www.miomiorun.com\/de\/\"},{\"@type\":\"ListItem\",\"position\":2,\"name\":\"Shop\",\"item\":\"https:\/\/www.miomiorun.com\/shop\/\"},{\"@type\":\"ListItem\",\"position\":3,\"name\":\"Z.N.E Full Zip Hooded damen\"}]},{\"@type\":\"WebSite\",\"@id\":\"https:\/\/www.miomiorun.com\/de\/#website\",\"url\":\"https:\/\/www.miomiorun.com\/de\/\",\"name\":\"MioMioRun\",\"description\":\"100% Lauf- und Trailshop\",\"publisher\":{\"@id\":\"https:\/\/www.miomiorun.com\/de\/#organization\"},\"potentialAction\":[{\"@type\":\"SearchAction\",\"target\":{\"@type\":\"EntryPoint\",\"urlTemplate\":\"https:\/\/www.miomiorun.com\/de\/?s={search_term_string}\"},\"query-input\":{\"@type\":\"PropertyValueSpecification\",\"valueRequired\":true,\"valueName\":\"search_term_string\"}}],\"inLanguage\":\"de-DE\"},{\"@type\":\"Organization\",\"@id\":\"https:\/\/www.miomiorun.com\/de\/#organization\",\"name\":\"MioMio Run\",\"url\":\"https:\/\/www.miomiorun.com\/de\/\",\"logo\":{\"@type\":\"ImageObject\",\"inLanguage\":\"de-DE\",\"@id\":\"https:\/\/www.miomiorun.com\/de\/#\/schema\/logo\/image\/\",\"url\":\"https:\/\/www.miomiorun.com\/app\/uploads\/2019\/12\/logomio.png\",\"contentUrl\":\"https:\/\/www.miomiorun.com\/app\/uploads\/2019\/12\/logomio.png\",\"width\":115,\"height\":82,\"caption\":\"MioMio Run\"},\"image\":{\"@id\":\"https:\/\/www.miomiorun.com\/de\/#\/schema\/logo\/image\/\"},\"sameAs\":[\"https:\/\/www.facebook.com\/miomiorun\/\",\"https:\/\/www.instagram.com\/miomiorun\/\"]}]}<\/script>\n<!-- \/ Yoast SEO plugin. -->","yoast_head_json":{"title":"Adidas Z.N.E Full Zip Hooded damen - l\u00e4uft - MioMioRun.com","description":"adidas Z.N.E. Jacke in der Damenversion f\u00fcr alle, die jeden Moment der Stille voll auskosten wollen. Mach den Rei\u00dfverschluss zu und konzentriere dich voll und ganz.","robots":{"index":"index","follow":"follow","max-snippet":"max-snippet:-1","max-image-preview":"max-image-preview:large","max-video-preview":"max-video-preview:-1"},"canonical":"https:\/\/www.miomiorun.com\/de\/produkt\/z-n-e-full-zip-hooded-damen\/","og_locale":"de_DE","og_type":"article","og_title":"Adidas Z.N.E Full Zip Hooded damen - l\u00e4uft - MioMioRun.com","og_description":"adidas Z.N.E. Jacke in der Damenversion f\u00fcr alle, die jeden Moment der Stille voll auskosten wollen. Mach den Rei\u00dfverschluss zu und konzentriere dich voll und ganz.","og_url":"https:\/\/www.miomiorun.com\/de\/produkt\/z-n-e-full-zip-hooded-damen\/","og_site_name":"MioMioRun","article_publisher":"https:\/\/www.facebook.com\/miomiorun\/","article_modified_time":"2025-01-23T12:38:39+00:00","og_image":[{"width":600,"height":600,"url":"https:\/\/www.miomiorun.com\/app\/uploads\/2024\/12\/adidas-W-Z.N.E.-FZ-black-JE7848.webp","type":"image\/webp"}],"twitter_card":"summary_large_image","twitter_misc":{"Est. reading time":"1 minute"},"schema":{"@context":"https:\/\/schema.org","@graph":[{"@type":"WebPage","@id":"https:\/\/www.miomiorun.com\/de\/produkt\/z-n-e-full-zip-hooded-damen\/","url":"https:\/\/www.miomiorun.com\/de\/produkt\/z-n-e-full-zip-hooded-damen\/","name":"Adidas Z.N.E Full Zip Hooded damen - l\u00e4uft - MioMioRun.com","isPartOf":{"@id":"https:\/\/www.miomiorun.com\/de\/#website"},"primaryImageOfPage":{"@id":"https:\/\/www.miomiorun.com\/de\/produkt\/z-n-e-full-zip-hooded-damen\/#primaryimage"},"image":{"@id":"https:\/\/www.miomiorun.com\/de\/produkt\/z-n-e-full-zip-hooded-damen\/#primaryimage"},"thumbnailUrl":"https:\/\/www.miomiorun.com\/app\/uploads\/2024\/12\/adidas-W-Z.N.E.-FZ-black-JE7848.webp","datePublished":"2024-12-11T15:33:28+00:00","dateModified":"2025-01-23T12:38:39+00:00","description":"adidas Z.N.E. Jacke in der Damenversion f\u00fcr alle, die jeden Moment der Stille voll auskosten wollen. Mach den Rei\u00dfverschluss zu und konzentriere dich voll und ganz.","breadcrumb":{"@id":"https:\/\/www.miomiorun.com\/de\/produkt\/z-n-e-full-zip-hooded-damen\/#breadcrumb"},"inLanguage":"de-DE","potentialAction":[{"@type":"ReadAction","target":["https:\/\/www.miomiorun.com\/de\/produkt\/z-n-e-full-zip-hooded-damen\/"]}]},{"@type":"ImageObject","inLanguage":"de-DE","@id":"https:\/\/www.miomiorun.com\/de\/produkt\/z-n-e-full-zip-hooded-damen\/#primaryimage","url":"https:\/\/www.miomiorun.com\/app\/uploads\/2024\/12\/adidas-W-Z.N.E.-FZ-black-JE7848.webp","contentUrl":"https:\/\/www.miomiorun.com\/app\/uploads\/2024\/12\/adidas-W-Z.N.E.-FZ-black-JE7848.webp","width":600,"height":600,"caption":"adidas W Z.N.E. FZ black JE7848"},{"@type":"BreadcrumbList","@id":"https:\/\/www.miomiorun.com\/de\/produkt\/z-n-e-full-zip-hooded-damen\/#breadcrumb","itemListElement":[{"@type":"ListItem","position":1,"name":"Home","item":"https:\/\/www.miomiorun.com\/de\/"},{"@type":"ListItem","position":2,"name":"Shop","item":"https:\/\/www.miomiorun.com\/shop\/"},{"@type":"ListItem","position":3,"name":"Z.N.E Full Zip Hooded damen"}]},{"@type":"WebSite","@id":"https:\/\/www.miomiorun.com\/de\/#website","url":"https:\/\/www.miomiorun.com\/de\/","name":"MioMioRun","description":"100% Lauf- und Trailshop","publisher":{"@id":"https:\/\/www.miomiorun.com\/de\/#organization"},"potentialAction":[{"@type":"SearchAction","target":{"@type":"EntryPoint","urlTemplate":"https:\/\/www.miomiorun.com\/de\/?s={search_term_string}"},"query-input":{"@type":"PropertyValueSpecification","valueRequired":true,"valueName":"search_term_string"}}],"inLanguage":"de-DE"},{"@type":"Organization","@id":"https:\/\/www.miomiorun.com\/de\/#organization","name":"MioMio Run","url":"https:\/\/www.miomiorun.com\/de\/","logo":{"@type":"ImageObject","inLanguage":"de-DE","@id":"https:\/\/www.miomiorun.com\/de\/#\/schema\/logo\/image\/","url":"https:\/\/www.miomiorun.com\/app\/uploads\/2019\/12\/logomio.png","contentUrl":"https:\/\/www.miomiorun.com\/app\/uploads\/2019\/12\/logomio.png","width":115,"height":82,"caption":"MioMio Run"},"image":{"@id":"https:\/\/www.miomiorun.com\/de\/#\/schema\/logo\/image\/"},"sameAs":["https:\/\/www.facebook.com\/miomiorun\/","https:\/\/www.instagram.com\/miomiorun\/"]}]}},"_links":{"self":[{"href":"https:\/\/www.miomiorun.com\/de\/wp-json\/wp\/v2\/product\/218213","targetHints":{"allow":["GET"]}}],"collection":[{"href":"https:\/\/www.miomiorun.com\/de\/wp-json\/wp\/v2\/product"}],"about":[{"href":"https:\/\/www.miomiorun.com\/de\/wp-json\/wp\/v2\/types\/product"}],"wp:featuredmedia":[{"embeddable":true,"href":"https:\/\/www.miomiorun.com\/de\/wp-json\/wp\/v2\/media\/218208"}],"wp:attachment":[{"href":"https:\/\/www.miomiorun.com\/de\/wp-json\/wp\/v2\/media?parent=218213"}],"wp:term":[{"taxonomy":"product_brand","embeddable":true,"href":"https:\/\/www.miomiorun.com\/de\/wp-json\/wp\/v2\/product_brand?post=218213"},{"taxonomy":"product_cat","embeddable":true,"href":"https:\/\/www.miomiorun.com\/de\/wp-json\/wp\/v2\/product_cat?post=218213"},{"taxonomy":"product_tag","embeddable":true,"href":"https:\/\/www.miomiorun.com\/de\/wp-json\/wp\/v2\/product_tag?post=218213"}],"curies":[{"name":"wp","href":"https:\/\/api.w.org\/{rel}","templated":true}]}}