{"id":217484,"date":"2024-12-05T14:18:13","date_gmt":"2024-12-05T13:18:13","guid":{"rendered":"https:\/\/miomiorun.com\/?post_type=product&#038;p=217484"},"modified":"2025-11-21T16:08:04","modified_gmt":"2025-11-21T15:08:04","slug":"sherpa-reversible-jacket-herren","status":"publish","type":"product","link":"https:\/\/www.miomiorun.com\/de\/produkt\/sherpa-reversible-jacket-herren\/","title":{"rendered":"Sherpa Reversible Jacket herren"},"content":{"rendered":"<h3>Winddichte und wasserabweisende Sherpa-Wendejacke f\u00fcr Herren: f\u00fcr das t\u00e4gliche Abenteuer konzipiert.<\/h3>\n<p>Diese Jacke aus einlagigem Pro-Meteo-Gewebe sch\u00fctzt Sie beim t\u00e4glichen Pendeln und bei mehrt\u00e4gigen Wanderungen vor Wind. Das Nylongewebe mit PFAS-freier wasserabweisender DWR-Behandlung sch\u00fctzt Sie vor Regen. Dank des vollst\u00e4ndig wendbaren Designs k\u00f6nnen Sie Ihren Look je nach Tageszeit w\u00e4hlen. Das atmungsaktive Thermostrickgewebe h\u00e4lt Sie an k\u00e4lteren Tagen warm. Au\u00dferdem k\u00f6nnen Sie sie bei niedrigen Temperaturen und mit wenig Waschmittel waschen und trocknen. Zwei Hand- und eine Brusttasche mit Rei\u00dfverschluss bewahren Ihre pers\u00f6nlichen Gegenst\u00e4nde sicher auf, w\u00e4hrend die elastische Kapuze, die \u00c4rmelb\u00fcndchen und der Saum die Jacke stets an Ort und Stelle halten. Die Men&#8217;s Reversible Sherpa Jacket ist ein bequemes, trendiges Kleidungsst\u00fcck, das Ihren Abenteuern und entspannten Tagen einen Hauch von Stil verleiht.<\/p>\n<h3>Eigenschaften:<\/h3>\n<ul>\n<li>Kapuzenjacke f\u00fcr M\u00e4nner<\/li>\n<li>Nylon DWR-Gewebe<\/li>\n<li>Thermostrickgewebe mit Lammfell-Effekt, atmungsaktiv und pflegeleicht<\/li>\n<li>Rei\u00dfverschluss in der Mitte der Vorderseite, Rei\u00dfverschlusstaschen an den H\u00e4nden, Brusttasche mit Rei\u00dfverschluss<\/li>\n<li>Kapuze, \u00c4rmelb\u00fcndchen und Saum mit elastischem Abschluss<\/li>\n<li>Vollst\u00e4ndig wendbar<\/li>\n<li>Ideales Kleidungsst\u00fcck f\u00fcr verschiedene Outdoor-Aktivit\u00e4ten und Freizeitbesch\u00e4ftigungen<\/li>\n<li>Gewicht: 730,0 g<\/li>\n<\/ul>\n<div>\n<h2 style=\"text-align: center;\">Vorteile<\/h2>\n<div class=\"content__image tw-relative tw-w-[3.2rem]\"><img loading=\"lazy\" decoding=\"async\" class=\"tw-absolute tw-top-0 tw-left-0 tw-w-full tw-h-full\" src=\"https:\/\/www.montura.com\/cdn\/shop\/files\/002_WaterResistantDWR_Black.svg?v=1709125500&amp;width=200\" srcset=\"\/\/www.montura.com\/cdn\/shop\/files\/002_WaterResistantDWR_Black.svg?v=1709125500&amp;width=200 200w\" alt=\"\" width=\"50\" height=\"50\" \/><\/div>\n<div><\/div>\n<h2 class=\"content__image tw-relative tw-w-[3.2rem]\">Wasserabweisend (DWR)<\/h2>\n<p>Eine auf den Stoff aufgebrachte wasserabweisende Schicht bietet leichten Schutz vor Feuchtigkeit von au\u00dfen.<\/p>\n<p>&nbsp;<\/p>\n<div class=\"content__image tw-relative tw-w-[3.2rem]\"><img loading=\"lazy\" decoding=\"async\" class=\"tw-absolute tw-top-0 tw-left-0 tw-w-full tw-h-full\" src=\"https:\/\/www.montura.com\/cdn\/shop\/files\/003_Windproof_Black.svg?v=1709125529&amp;width=200\" srcset=\"\/\/www.montura.com\/cdn\/shop\/files\/003_Windproof_Black.svg?v=1709125529&amp;width=200 200w\" alt=\"\" width=\"50\" height=\"50\" \/><\/div>\n<h2>Winddicht<\/h2>\n<p>Das Gewebe verhindert das Eindringen von Wind und verringert so das Risiko des Ausk\u00fchlens.<\/p>\n<p>&nbsp;<\/p>\n<p><img loading=\"lazy\" decoding=\"async\" class=\"tw-absolute tw-top-0 tw-left-0 tw-w-full tw-h-full\" src=\"https:\/\/www.montura.com\/cdn\/shop\/files\/012_RecycledMaterial_Black.svg?v=1709125426&amp;width=200\" srcset=\"\/\/www.montura.com\/cdn\/shop\/files\/012_RecycledMaterial_Black.svg?v=1709125426&amp;width=200 200w\" alt=\"\" width=\"49\" height=\"49\" \/><\/p>\n<h2>Recycelte Materialien<\/h2>\n<p>Dieses Produkt wird aus recycelten Materialien hergestellt und tr\u00e4gt dazu bei, Abfall und die Verwendung neuer Materialien zu reduzieren.<\/p>\n<p>&nbsp;<\/p>\n<\/div>\n","protected":false},"excerpt":{"rendered":"<ul>\n<li>Perfekte Jacke f\u00fcr Wanderungen in den Bergen.<\/li>\n<li>Sch\u00fctzt Sie vor Wind und leichtem Regen.<\/li>\n<li>Beidseitig tragbare Jacke.<\/li>\n<\/ul>\n","protected":false},"featured_media":380747,"template":"","meta":{"_acf_changed":false,"inline_featured_image":false},"product_brand":[],"product_cat":[6515,6540,6512],"product_tag":[3379,6270],"class_list":{"0":"post-217484","1":"product","2":"type-product","3":"status-publish","4":"has-post-thumbnail","6":"product_cat-herren-de","7":"product_cat-herrenbekleidung","8":"product_cat-jacken","9":"product_tag-montura-de","10":"product_tag-montura-herren-de","11":"pa_attivita-gehen","12":"pa_attivita-lifestyle-de","13":"pa_attivita-outdoor-de","14":"pa_colore-sherpa-reversible-jacket-black-verde-sal-de","15":"pa_marca-montura-de","16":"pa_sesso-herren","17":"pa_size-medium-de","18":"pa_size-extra-large-de","20":"first","21":"outofstock","22":"taxable","23":"shipping-taxable","24":"purchasable","25":"product-type-variable","26":"wvs-archive-product-wrapper"},"acf":[],"yoast_head":"<!-- This site is optimized with the Yoast SEO plugin v26.8 - https:\/\/yoast.com\/product\/yoast-seo-wordpress\/ -->\n<title>Montura Sherpa Reversible Jacket herren - Outdoor - MioMioRun<\/title>\n<meta name=\"description\" content=\"Winddichte und wasserabweisende Sherpa-Wendejacke f\u00fcr Herren: f\u00fcr das t\u00e4gliche Abenteuer konzipiert. Hergestellt aus einlagigem Pro-Meteo-Gewebe.\" \/>\n<meta name=\"robots\" content=\"index, follow, max-snippet:-1, max-image-preview:large, max-video-preview:-1\" \/>\n<link rel=\"canonical\" href=\"https:\/\/www.miomiorun.com\/de\/produkt\/sherpa-reversible-jacket-herren\/\" \/>\n<meta property=\"og:locale\" content=\"de_DE\" \/>\n<meta property=\"og:type\" content=\"article\" \/>\n<meta property=\"og:title\" content=\"Montura Sherpa Reversible Jacket herren - Outdoor - MioMioRun\" \/>\n<meta property=\"og:description\" content=\"Winddichte und wasserabweisende Sherpa-Wendejacke f\u00fcr Herren: f\u00fcr das t\u00e4gliche Abenteuer konzipiert. Hergestellt aus einlagigem Pro-Meteo-Gewebe.\" \/>\n<meta property=\"og:url\" content=\"https:\/\/www.miomiorun.com\/de\/produkt\/sherpa-reversible-jacket-herren\/\" \/>\n<meta property=\"og:site_name\" content=\"MioMioRun\" \/>\n<meta property=\"article:publisher\" content=\"https:\/\/www.facebook.com\/miomiorun\/\" \/>\n<meta property=\"article:modified_time\" content=\"2025-11-21T15:08:04+00:00\" \/>\n<meta property=\"og:image\" content=\"https:\/\/www.miomiorun.com\/app\/uploads\/2024\/12\/montura-Sherpa-reversible-jacket-verde-salvia-br-MJAC78X.49140.webp\" \/>\n\t<meta property=\"og:image:width\" content=\"600\" \/>\n\t<meta property=\"og:image:height\" content=\"600\" \/>\n\t<meta property=\"og:image:type\" content=\"image\/webp\" \/>\n<meta name=\"twitter:card\" content=\"summary_large_image\" \/>\n<meta name=\"twitter:label1\" content=\"Est. reading time\" \/>\n\t<meta name=\"twitter:data1\" content=\"2 minutes\" \/>\n<script type=\"application\/ld+json\" class=\"yoast-schema-graph\">{\"@context\":\"https:\/\/schema.org\",\"@graph\":[{\"@type\":\"WebPage\",\"@id\":\"https:\/\/www.miomiorun.com\/de\/produkt\/sherpa-reversible-jacket-herren\/\",\"url\":\"https:\/\/www.miomiorun.com\/de\/produkt\/sherpa-reversible-jacket-herren\/\",\"name\":\"Montura Sherpa Reversible Jacket herren - Outdoor - MioMioRun\",\"isPartOf\":{\"@id\":\"https:\/\/www.miomiorun.com\/de\/#website\"},\"primaryImageOfPage\":{\"@id\":\"https:\/\/www.miomiorun.com\/de\/produkt\/sherpa-reversible-jacket-herren\/#primaryimage\"},\"image\":{\"@id\":\"https:\/\/www.miomiorun.com\/de\/produkt\/sherpa-reversible-jacket-herren\/#primaryimage\"},\"thumbnailUrl\":\"https:\/\/www.miomiorun.com\/app\/uploads\/2025\/12\/montura-Sherpa-reversible-jacket-black-verde-sal-MJAC78X.9049.webp\",\"datePublished\":\"2024-12-05T13:18:13+00:00\",\"dateModified\":\"2025-11-21T15:08:04+00:00\",\"description\":\"Winddichte und wasserabweisende Sherpa-Wendejacke f\u00fcr Herren: f\u00fcr das t\u00e4gliche Abenteuer konzipiert. Hergestellt aus einlagigem Pro-Meteo-Gewebe.\",\"breadcrumb\":{\"@id\":\"https:\/\/www.miomiorun.com\/de\/produkt\/sherpa-reversible-jacket-herren\/#breadcrumb\"},\"inLanguage\":\"de-DE\",\"potentialAction\":[{\"@type\":\"ReadAction\",\"target\":[\"https:\/\/www.miomiorun.com\/de\/produkt\/sherpa-reversible-jacket-herren\/\"]}]},{\"@type\":\"ImageObject\",\"inLanguage\":\"de-DE\",\"@id\":\"https:\/\/www.miomiorun.com\/de\/produkt\/sherpa-reversible-jacket-herren\/#primaryimage\",\"url\":\"https:\/\/www.miomiorun.com\/app\/uploads\/2025\/12\/montura-Sherpa-reversible-jacket-black-verde-sal-MJAC78X.9049.webp\",\"contentUrl\":\"https:\/\/www.miomiorun.com\/app\/uploads\/2025\/12\/montura-Sherpa-reversible-jacket-black-verde-sal-MJAC78X.9049.webp\",\"width\":720,\"height\":720,\"caption\":\"montura Sherpa reversible jacket black verde sal MJAC78X.9049\"},{\"@type\":\"BreadcrumbList\",\"@id\":\"https:\/\/www.miomiorun.com\/de\/produkt\/sherpa-reversible-jacket-herren\/#breadcrumb\",\"itemListElement\":[{\"@type\":\"ListItem\",\"position\":1,\"name\":\"Home\",\"item\":\"https:\/\/www.miomiorun.com\/de\/\"},{\"@type\":\"ListItem\",\"position\":2,\"name\":\"Shop\",\"item\":\"https:\/\/www.miomiorun.com\/shop\/\"},{\"@type\":\"ListItem\",\"position\":3,\"name\":\"Sherpa Reversible Jacket herren\"}]},{\"@type\":\"WebSite\",\"@id\":\"https:\/\/www.miomiorun.com\/de\/#website\",\"url\":\"https:\/\/www.miomiorun.com\/de\/\",\"name\":\"MioMioRun\",\"description\":\"100% Lauf- und Trailshop\",\"publisher\":{\"@id\":\"https:\/\/www.miomiorun.com\/de\/#organization\"},\"potentialAction\":[{\"@type\":\"SearchAction\",\"target\":{\"@type\":\"EntryPoint\",\"urlTemplate\":\"https:\/\/www.miomiorun.com\/de\/?s={search_term_string}\"},\"query-input\":{\"@type\":\"PropertyValueSpecification\",\"valueRequired\":true,\"valueName\":\"search_term_string\"}}],\"inLanguage\":\"de-DE\"},{\"@type\":\"Organization\",\"@id\":\"https:\/\/www.miomiorun.com\/de\/#organization\",\"name\":\"MioMio Run\",\"url\":\"https:\/\/www.miomiorun.com\/de\/\",\"logo\":{\"@type\":\"ImageObject\",\"inLanguage\":\"de-DE\",\"@id\":\"https:\/\/www.miomiorun.com\/de\/#\/schema\/logo\/image\/\",\"url\":\"https:\/\/www.miomiorun.com\/app\/uploads\/2019\/12\/logomio.png\",\"contentUrl\":\"https:\/\/www.miomiorun.com\/app\/uploads\/2019\/12\/logomio.png\",\"width\":115,\"height\":82,\"caption\":\"MioMio Run\"},\"image\":{\"@id\":\"https:\/\/www.miomiorun.com\/de\/#\/schema\/logo\/image\/\"},\"sameAs\":[\"https:\/\/www.facebook.com\/miomiorun\/\",\"https:\/\/www.instagram.com\/miomiorun\/\"]}]}<\/script>\n<!-- \/ Yoast SEO plugin. -->","yoast_head_json":{"title":"Montura Sherpa Reversible Jacket herren - Outdoor - MioMioRun","description":"Winddichte und wasserabweisende Sherpa-Wendejacke f\u00fcr Herren: f\u00fcr das t\u00e4gliche Abenteuer konzipiert. Hergestellt aus einlagigem Pro-Meteo-Gewebe.","robots":{"index":"index","follow":"follow","max-snippet":"max-snippet:-1","max-image-preview":"max-image-preview:large","max-video-preview":"max-video-preview:-1"},"canonical":"https:\/\/www.miomiorun.com\/de\/produkt\/sherpa-reversible-jacket-herren\/","og_locale":"de_DE","og_type":"article","og_title":"Montura Sherpa Reversible Jacket herren - Outdoor - MioMioRun","og_description":"Winddichte und wasserabweisende Sherpa-Wendejacke f\u00fcr Herren: f\u00fcr das t\u00e4gliche Abenteuer konzipiert. Hergestellt aus einlagigem Pro-Meteo-Gewebe.","og_url":"https:\/\/www.miomiorun.com\/de\/produkt\/sherpa-reversible-jacket-herren\/","og_site_name":"MioMioRun","article_publisher":"https:\/\/www.facebook.com\/miomiorun\/","article_modified_time":"2025-11-21T15:08:04+00:00","og_image":[{"width":600,"height":600,"url":"https:\/\/www.miomiorun.com\/app\/uploads\/2024\/12\/montura-Sherpa-reversible-jacket-verde-salvia-br-MJAC78X.49140.webp","type":"image\/webp"}],"twitter_card":"summary_large_image","twitter_misc":{"Est. reading time":"2 minutes"},"schema":{"@context":"https:\/\/schema.org","@graph":[{"@type":"WebPage","@id":"https:\/\/www.miomiorun.com\/de\/produkt\/sherpa-reversible-jacket-herren\/","url":"https:\/\/www.miomiorun.com\/de\/produkt\/sherpa-reversible-jacket-herren\/","name":"Montura Sherpa Reversible Jacket herren - Outdoor - MioMioRun","isPartOf":{"@id":"https:\/\/www.miomiorun.com\/de\/#website"},"primaryImageOfPage":{"@id":"https:\/\/www.miomiorun.com\/de\/produkt\/sherpa-reversible-jacket-herren\/#primaryimage"},"image":{"@id":"https:\/\/www.miomiorun.com\/de\/produkt\/sherpa-reversible-jacket-herren\/#primaryimage"},"thumbnailUrl":"https:\/\/www.miomiorun.com\/app\/uploads\/2025\/12\/montura-Sherpa-reversible-jacket-black-verde-sal-MJAC78X.9049.webp","datePublished":"2024-12-05T13:18:13+00:00","dateModified":"2025-11-21T15:08:04+00:00","description":"Winddichte und wasserabweisende Sherpa-Wendejacke f\u00fcr Herren: f\u00fcr das t\u00e4gliche Abenteuer konzipiert. Hergestellt aus einlagigem Pro-Meteo-Gewebe.","breadcrumb":{"@id":"https:\/\/www.miomiorun.com\/de\/produkt\/sherpa-reversible-jacket-herren\/#breadcrumb"},"inLanguage":"de-DE","potentialAction":[{"@type":"ReadAction","target":["https:\/\/www.miomiorun.com\/de\/produkt\/sherpa-reversible-jacket-herren\/"]}]},{"@type":"ImageObject","inLanguage":"de-DE","@id":"https:\/\/www.miomiorun.com\/de\/produkt\/sherpa-reversible-jacket-herren\/#primaryimage","url":"https:\/\/www.miomiorun.com\/app\/uploads\/2025\/12\/montura-Sherpa-reversible-jacket-black-verde-sal-MJAC78X.9049.webp","contentUrl":"https:\/\/www.miomiorun.com\/app\/uploads\/2025\/12\/montura-Sherpa-reversible-jacket-black-verde-sal-MJAC78X.9049.webp","width":720,"height":720,"caption":"montura Sherpa reversible jacket black verde sal MJAC78X.9049"},{"@type":"BreadcrumbList","@id":"https:\/\/www.miomiorun.com\/de\/produkt\/sherpa-reversible-jacket-herren\/#breadcrumb","itemListElement":[{"@type":"ListItem","position":1,"name":"Home","item":"https:\/\/www.miomiorun.com\/de\/"},{"@type":"ListItem","position":2,"name":"Shop","item":"https:\/\/www.miomiorun.com\/shop\/"},{"@type":"ListItem","position":3,"name":"Sherpa Reversible Jacket herren"}]},{"@type":"WebSite","@id":"https:\/\/www.miomiorun.com\/de\/#website","url":"https:\/\/www.miomiorun.com\/de\/","name":"MioMioRun","description":"100% Lauf- und Trailshop","publisher":{"@id":"https:\/\/www.miomiorun.com\/de\/#organization"},"potentialAction":[{"@type":"SearchAction","target":{"@type":"EntryPoint","urlTemplate":"https:\/\/www.miomiorun.com\/de\/?s={search_term_string}"},"query-input":{"@type":"PropertyValueSpecification","valueRequired":true,"valueName":"search_term_string"}}],"inLanguage":"de-DE"},{"@type":"Organization","@id":"https:\/\/www.miomiorun.com\/de\/#organization","name":"MioMio Run","url":"https:\/\/www.miomiorun.com\/de\/","logo":{"@type":"ImageObject","inLanguage":"de-DE","@id":"https:\/\/www.miomiorun.com\/de\/#\/schema\/logo\/image\/","url":"https:\/\/www.miomiorun.com\/app\/uploads\/2019\/12\/logomio.png","contentUrl":"https:\/\/www.miomiorun.com\/app\/uploads\/2019\/12\/logomio.png","width":115,"height":82,"caption":"MioMio Run"},"image":{"@id":"https:\/\/www.miomiorun.com\/de\/#\/schema\/logo\/image\/"},"sameAs":["https:\/\/www.facebook.com\/miomiorun\/","https:\/\/www.instagram.com\/miomiorun\/"]}]}},"_links":{"self":[{"href":"https:\/\/www.miomiorun.com\/de\/wp-json\/wp\/v2\/product\/217484","targetHints":{"allow":["GET"]}}],"collection":[{"href":"https:\/\/www.miomiorun.com\/de\/wp-json\/wp\/v2\/product"}],"about":[{"href":"https:\/\/www.miomiorun.com\/de\/wp-json\/wp\/v2\/types\/product"}],"wp:featuredmedia":[{"embeddable":true,"href":"https:\/\/www.miomiorun.com\/de\/wp-json\/wp\/v2\/media\/380747"}],"wp:attachment":[{"href":"https:\/\/www.miomiorun.com\/de\/wp-json\/wp\/v2\/media?parent=217484"}],"wp:term":[{"taxonomy":"product_brand","embeddable":true,"href":"https:\/\/www.miomiorun.com\/de\/wp-json\/wp\/v2\/product_brand?post=217484"},{"taxonomy":"product_cat","embeddable":true,"href":"https:\/\/www.miomiorun.com\/de\/wp-json\/wp\/v2\/product_cat?post=217484"},{"taxonomy":"product_tag","embeddable":true,"href":"https:\/\/www.miomiorun.com\/de\/wp-json\/wp\/v2\/product_tag?post=217484"}],"curies":[{"name":"wp","href":"https:\/\/api.w.org\/{rel}","templated":true}]}}