{"id":217361,"date":"2024-12-04T12:13:56","date_gmt":"2024-12-04T11:13:56","guid":{"rendered":"https:\/\/miomiorun.com\/?post_type=product&#038;p=217361"},"modified":"2025-01-23T14:06:35","modified_gmt":"2025-01-23T13:06:35","slug":"rival-terry-jogger-herren","status":"publish","type":"product","link":"https:\/\/www.miomiorun.com\/de\/produkt\/rival-terry-jogger-herren\/","title":{"rendered":"Rival terry jogger herren"},"content":{"rendered":"<p><strong>\u00dcberragender Komfort, zeitloser Stil.<\/strong><br \/>\nDie Rival Frottee-Jogginghose f\u00fcr Herren bietet die perfekte Kombination aus Funktionalit\u00e4t, Leistung und Stil. Diese Jogginghose ist der ideale Begleiter f\u00fcr alle Tageszeiten, vom Aufw\u00e4rmen vor dem Training bis zum entspannten Nachmittag. Sie ist ein Muss f\u00fcr alle, die ein vielseitiges und leistungsstarkes Kleidungsst\u00fcck suchen.<\/p>\n<p><strong>Hauptmerkmale:<\/strong><\/p>\n<ol>\n<li><strong>Hochwertiger French Terry-Stoff:<\/strong><br \/>\nDie Rival Frottee-Jogginghose aus leichtem und vielseitigem Material bietet eine glatte Au\u00dfenschicht f\u00fcr einen sauberen und modernen Look, w\u00e4hrend die weiche und warme Innenschicht Sie in Komfort einh\u00fcllt. Es ist das perfekte Material, um Sie zu w\u00e4rmen, ohne Sie zu beschweren.<\/li>\n<li><strong>Fortschrittliche Feuchtigkeitsmanagement-Technologie:<\/strong><br \/>\nDas Material ist so konzipiert, dass es Schwei\u00df schnell aufnimmt und schnell trocknet, damit Sie bei jeder Aktivit\u00e4t trocken und komfortabel bleiben, egal ob Sie im Fitnessstudio schwitzen oder sich zu Hause entspannen.<\/li>\n<li><strong>Ergonomisches Design f\u00fcr maximalen Komfort:<\/strong><br \/>\n&#8211; Der elastische Bund, der mit einem externen Kordelzug verstellt werden kann, erm\u00f6glicht eine individuelle Passform und sorgt f\u00fcr einen perfekten Sitz, ohne zu spannen.<br \/>\n&#8211; Die elastischen B\u00fcndchen an den Kn\u00f6cheln halten die Hose an Ort und Stelle und bieten einen modernen, taillierten Look, perfekt f\u00fcr den Streetwear-Stil.<br \/>\n&#8211; Der taillierte Schnitt ist weder zu eng noch zu weit und passt sich Ihren Bewegungen an, ohne sie zu behindern.<\/li>\n<li><strong>Funktionelle Details:<\/strong><br \/>\n&#8211; Offene Seitentaschen: Ideal f\u00fcr die Mitnahme von Kleinigkeiten wie Telefon, Schl\u00fcssel oder Portemonnaie, ohne dabei an Funktionalit\u00e4t einzub\u00fc\u00dfen.<br \/>\n&#8211; Vielseitiger Einsatz: Perfekt zum Aufw\u00e4rmen, f\u00fcr die Erholung nach dem Training oder an faulen Tagen. Diese Jogginghose passt sich an jede Situation an.<\/li>\n<li><strong>Eine Mischung aus Stil und Funktionalit\u00e4t:<\/strong><br \/>\nDie Rival-Jogginghose aus Frottee ist in einem schlichten und essentiellen Design erh\u00e4ltlich und bietet die M\u00f6glichkeit, Leistung und Stil in einem Kleidungsst\u00fcck zu vereinen. Die schlichte Linienf\u00fchrung macht es leicht, sie mit jedem Outfit zu kombinieren, sei es ein l\u00e4ssiges Sweatshirt oder ein Sportshirt.<\/li>\n<\/ol>\n<p><strong>Perfekt f\u00fcr:<\/strong><br \/>\nDiese Jogginghose ist ideal f\u00fcr alle aktiven M\u00e4nner, die ein vielseitiges, bequemes und funktionelles Kleidungsst\u00fcck suchen. Sie sind f\u00fcr Fitness, Sport und Freizeit konzipiert und damit eine perfekte Wahl f\u00fcr jede Tageszeit. Egal, wohin dich dein Lebensstil f\u00fchrt, die UA Rival Terry Jogginghose wird immer an deiner Seite sein.<\/p>\n","protected":false},"excerpt":{"rendered":"<ul class=\"m-long-description__features\">\n<li>Sie bietet eine glatte Au\u00dfenschicht und eine warme, weiche Innenschicht, die in jeder Situation f\u00fcr Komfort sorgt.<\/li>\n<li>Das Material absorbiert effektiv Schwei\u00df und trocknet schnell, damit Sie bei k\u00f6rperlicher Aktivit\u00e4t trocken bleiben.<\/li>\n<li>Der elastische Bund mit au\u00dfenliegendem Kordelzug und der einfache Schnitt sorgen f\u00fcr eine bequeme und anpassungsf\u00e4hige Passform.<\/li>\n<\/ul>\n","protected":false},"featured_media":217355,"template":"","meta":{"_acf_changed":false,"inline_featured_image":false},"product_brand":[],"product_cat":[6540,6509],"product_tag":[20482,20497],"class_list":{"0":"post-217361","1":"product","2":"type-product","3":"status-publish","4":"has-post-thumbnail","6":"product_cat-herrenbekleidung","7":"product_cat-lange-hosen","8":"product_tag-under-armour-de","9":"product_tag-under-armour-herren","10":"pa_attivita-gehen","11":"pa_attivita-lifestyle-de","12":"pa_attivita-running-de","13":"pa_colore-rival-terry-jogger-black-m-de","14":"pa_marca-under-armour-de","15":"pa_sesso-herren","16":"pa_size-extra-small-de","17":"pa_size-medium-de","19":"first","20":"instock","21":"sale","22":"taxable","23":"shipping-taxable","24":"purchasable","25":"product-type-variable","26":"wvs-archive-product-wrapper"},"acf":[],"yoast_head":"<!-- This site is optimized with the Yoast SEO plugin v26.8 - https:\/\/yoast.com\/product\/yoast-seo-wordpress\/ -->\n<title>BrooksRival terry jogger herren - Lange Hosen - MioMioRun<\/title>\n<meta name=\"description\" content=\"Entdecken Sie die UA Rival Terry Jogger f\u00fcr M\u00e4nner: Komfort und W\u00e4rme in leichtem, schwei\u00dfabsorbierendem und schnelltrocknendem French Terry Material.\" \/>\n<meta name=\"robots\" content=\"index, follow, max-snippet:-1, max-image-preview:large, max-video-preview:-1\" \/>\n<link rel=\"canonical\" href=\"https:\/\/www.miomiorun.com\/de\/produkt\/rival-terry-jogger-herren\/\" \/>\n<meta property=\"og:locale\" content=\"de_DE\" \/>\n<meta property=\"og:type\" content=\"article\" \/>\n<meta property=\"og:title\" content=\"BrooksRival terry jogger herren - Lange Hosen - MioMioRun\" \/>\n<meta property=\"og:description\" content=\"Entdecken Sie die UA Rival Terry Jogger f\u00fcr M\u00e4nner: Komfort und W\u00e4rme in leichtem, schwei\u00dfabsorbierendem und schnelltrocknendem French Terry Material.\" \/>\n<meta property=\"og:url\" content=\"https:\/\/www.miomiorun.com\/de\/produkt\/rival-terry-jogger-herren\/\" \/>\n<meta property=\"og:site_name\" content=\"MioMioRun\" \/>\n<meta property=\"article:publisher\" content=\"https:\/\/www.facebook.com\/miomiorun\/\" \/>\n<meta property=\"article:modified_time\" content=\"2025-01-23T13:06:35+00:00\" \/>\n<meta property=\"og:image\" content=\"https:\/\/www.miomiorun.com\/app\/uploads\/2024\/12\/under-armour-Rival-terry-jogger-black-M-1380843-0001.webp\" \/>\n\t<meta property=\"og:image:width\" content=\"600\" \/>\n\t<meta property=\"og:image:height\" content=\"600\" \/>\n\t<meta property=\"og:image:type\" content=\"image\/webp\" \/>\n<meta name=\"twitter:card\" content=\"summary_large_image\" \/>\n<meta name=\"twitter:label1\" content=\"Est. reading time\" \/>\n\t<meta name=\"twitter:data1\" content=\"2 minutes\" \/>\n<script type=\"application\/ld+json\" class=\"yoast-schema-graph\">{\"@context\":\"https:\/\/schema.org\",\"@graph\":[{\"@type\":\"WebPage\",\"@id\":\"https:\/\/www.miomiorun.com\/de\/produkt\/rival-terry-jogger-herren\/\",\"url\":\"https:\/\/www.miomiorun.com\/de\/produkt\/rival-terry-jogger-herren\/\",\"name\":\"BrooksRival terry jogger herren - Lange Hosen - MioMioRun\",\"isPartOf\":{\"@id\":\"https:\/\/www.miomiorun.com\/de\/#website\"},\"primaryImageOfPage\":{\"@id\":\"https:\/\/www.miomiorun.com\/de\/produkt\/rival-terry-jogger-herren\/#primaryimage\"},\"image\":{\"@id\":\"https:\/\/www.miomiorun.com\/de\/produkt\/rival-terry-jogger-herren\/#primaryimage\"},\"thumbnailUrl\":\"https:\/\/www.miomiorun.com\/app\/uploads\/2024\/12\/under-armour-Rival-terry-jogger-black-M-1380843-0001.webp\",\"datePublished\":\"2024-12-04T11:13:56+00:00\",\"dateModified\":\"2025-01-23T13:06:35+00:00\",\"description\":\"Entdecken Sie die UA Rival Terry Jogger f\u00fcr M\u00e4nner: Komfort und W\u00e4rme in leichtem, schwei\u00dfabsorbierendem und schnelltrocknendem French Terry Material.\",\"breadcrumb\":{\"@id\":\"https:\/\/www.miomiorun.com\/de\/produkt\/rival-terry-jogger-herren\/#breadcrumb\"},\"inLanguage\":\"de-DE\",\"potentialAction\":[{\"@type\":\"ReadAction\",\"target\":[\"https:\/\/www.miomiorun.com\/de\/produkt\/rival-terry-jogger-herren\/\"]}]},{\"@type\":\"ImageObject\",\"inLanguage\":\"de-DE\",\"@id\":\"https:\/\/www.miomiorun.com\/de\/produkt\/rival-terry-jogger-herren\/#primaryimage\",\"url\":\"https:\/\/www.miomiorun.com\/app\/uploads\/2024\/12\/under-armour-Rival-terry-jogger-black-M-1380843-0001.webp\",\"contentUrl\":\"https:\/\/www.miomiorun.com\/app\/uploads\/2024\/12\/under-armour-Rival-terry-jogger-black-M-1380843-0001.webp\",\"width\":600,\"height\":600,\"caption\":\"under armour Rival terry jogger black M 1380843-0001\"},{\"@type\":\"BreadcrumbList\",\"@id\":\"https:\/\/www.miomiorun.com\/de\/produkt\/rival-terry-jogger-herren\/#breadcrumb\",\"itemListElement\":[{\"@type\":\"ListItem\",\"position\":1,\"name\":\"Home\",\"item\":\"https:\/\/www.miomiorun.com\/de\/\"},{\"@type\":\"ListItem\",\"position\":2,\"name\":\"Shop\",\"item\":\"https:\/\/www.miomiorun.com\/shop\/\"},{\"@type\":\"ListItem\",\"position\":3,\"name\":\"Rival terry jogger herren\"}]},{\"@type\":\"WebSite\",\"@id\":\"https:\/\/www.miomiorun.com\/de\/#website\",\"url\":\"https:\/\/www.miomiorun.com\/de\/\",\"name\":\"MioMioRun\",\"description\":\"100% Lauf- und Trailshop\",\"publisher\":{\"@id\":\"https:\/\/www.miomiorun.com\/de\/#organization\"},\"potentialAction\":[{\"@type\":\"SearchAction\",\"target\":{\"@type\":\"EntryPoint\",\"urlTemplate\":\"https:\/\/www.miomiorun.com\/de\/?s={search_term_string}\"},\"query-input\":{\"@type\":\"PropertyValueSpecification\",\"valueRequired\":true,\"valueName\":\"search_term_string\"}}],\"inLanguage\":\"de-DE\"},{\"@type\":\"Organization\",\"@id\":\"https:\/\/www.miomiorun.com\/de\/#organization\",\"name\":\"MioMio Run\",\"url\":\"https:\/\/www.miomiorun.com\/de\/\",\"logo\":{\"@type\":\"ImageObject\",\"inLanguage\":\"de-DE\",\"@id\":\"https:\/\/www.miomiorun.com\/de\/#\/schema\/logo\/image\/\",\"url\":\"https:\/\/www.miomiorun.com\/app\/uploads\/2019\/12\/logomio.png\",\"contentUrl\":\"https:\/\/www.miomiorun.com\/app\/uploads\/2019\/12\/logomio.png\",\"width\":115,\"height\":82,\"caption\":\"MioMio Run\"},\"image\":{\"@id\":\"https:\/\/www.miomiorun.com\/de\/#\/schema\/logo\/image\/\"},\"sameAs\":[\"https:\/\/www.facebook.com\/miomiorun\/\",\"https:\/\/www.instagram.com\/miomiorun\/\"]}]}<\/script>\n<!-- \/ Yoast SEO plugin. -->","yoast_head_json":{"title":"BrooksRival terry jogger herren - Lange Hosen - MioMioRun","description":"Entdecken Sie die UA Rival Terry Jogger f\u00fcr M\u00e4nner: Komfort und W\u00e4rme in leichtem, schwei\u00dfabsorbierendem und schnelltrocknendem French Terry Material.","robots":{"index":"index","follow":"follow","max-snippet":"max-snippet:-1","max-image-preview":"max-image-preview:large","max-video-preview":"max-video-preview:-1"},"canonical":"https:\/\/www.miomiorun.com\/de\/produkt\/rival-terry-jogger-herren\/","og_locale":"de_DE","og_type":"article","og_title":"BrooksRival terry jogger herren - Lange Hosen - MioMioRun","og_description":"Entdecken Sie die UA Rival Terry Jogger f\u00fcr M\u00e4nner: Komfort und W\u00e4rme in leichtem, schwei\u00dfabsorbierendem und schnelltrocknendem French Terry Material.","og_url":"https:\/\/www.miomiorun.com\/de\/produkt\/rival-terry-jogger-herren\/","og_site_name":"MioMioRun","article_publisher":"https:\/\/www.facebook.com\/miomiorun\/","article_modified_time":"2025-01-23T13:06:35+00:00","og_image":[{"width":600,"height":600,"url":"https:\/\/www.miomiorun.com\/app\/uploads\/2024\/12\/under-armour-Rival-terry-jogger-black-M-1380843-0001.webp","type":"image\/webp"}],"twitter_card":"summary_large_image","twitter_misc":{"Est. reading time":"2 minutes"},"schema":{"@context":"https:\/\/schema.org","@graph":[{"@type":"WebPage","@id":"https:\/\/www.miomiorun.com\/de\/produkt\/rival-terry-jogger-herren\/","url":"https:\/\/www.miomiorun.com\/de\/produkt\/rival-terry-jogger-herren\/","name":"BrooksRival terry jogger herren - Lange Hosen - MioMioRun","isPartOf":{"@id":"https:\/\/www.miomiorun.com\/de\/#website"},"primaryImageOfPage":{"@id":"https:\/\/www.miomiorun.com\/de\/produkt\/rival-terry-jogger-herren\/#primaryimage"},"image":{"@id":"https:\/\/www.miomiorun.com\/de\/produkt\/rival-terry-jogger-herren\/#primaryimage"},"thumbnailUrl":"https:\/\/www.miomiorun.com\/app\/uploads\/2024\/12\/under-armour-Rival-terry-jogger-black-M-1380843-0001.webp","datePublished":"2024-12-04T11:13:56+00:00","dateModified":"2025-01-23T13:06:35+00:00","description":"Entdecken Sie die UA Rival Terry Jogger f\u00fcr M\u00e4nner: Komfort und W\u00e4rme in leichtem, schwei\u00dfabsorbierendem und schnelltrocknendem French Terry Material.","breadcrumb":{"@id":"https:\/\/www.miomiorun.com\/de\/produkt\/rival-terry-jogger-herren\/#breadcrumb"},"inLanguage":"de-DE","potentialAction":[{"@type":"ReadAction","target":["https:\/\/www.miomiorun.com\/de\/produkt\/rival-terry-jogger-herren\/"]}]},{"@type":"ImageObject","inLanguage":"de-DE","@id":"https:\/\/www.miomiorun.com\/de\/produkt\/rival-terry-jogger-herren\/#primaryimage","url":"https:\/\/www.miomiorun.com\/app\/uploads\/2024\/12\/under-armour-Rival-terry-jogger-black-M-1380843-0001.webp","contentUrl":"https:\/\/www.miomiorun.com\/app\/uploads\/2024\/12\/under-armour-Rival-terry-jogger-black-M-1380843-0001.webp","width":600,"height":600,"caption":"under armour Rival terry jogger black M 1380843-0001"},{"@type":"BreadcrumbList","@id":"https:\/\/www.miomiorun.com\/de\/produkt\/rival-terry-jogger-herren\/#breadcrumb","itemListElement":[{"@type":"ListItem","position":1,"name":"Home","item":"https:\/\/www.miomiorun.com\/de\/"},{"@type":"ListItem","position":2,"name":"Shop","item":"https:\/\/www.miomiorun.com\/shop\/"},{"@type":"ListItem","position":3,"name":"Rival terry jogger herren"}]},{"@type":"WebSite","@id":"https:\/\/www.miomiorun.com\/de\/#website","url":"https:\/\/www.miomiorun.com\/de\/","name":"MioMioRun","description":"100% Lauf- und Trailshop","publisher":{"@id":"https:\/\/www.miomiorun.com\/de\/#organization"},"potentialAction":[{"@type":"SearchAction","target":{"@type":"EntryPoint","urlTemplate":"https:\/\/www.miomiorun.com\/de\/?s={search_term_string}"},"query-input":{"@type":"PropertyValueSpecification","valueRequired":true,"valueName":"search_term_string"}}],"inLanguage":"de-DE"},{"@type":"Organization","@id":"https:\/\/www.miomiorun.com\/de\/#organization","name":"MioMio Run","url":"https:\/\/www.miomiorun.com\/de\/","logo":{"@type":"ImageObject","inLanguage":"de-DE","@id":"https:\/\/www.miomiorun.com\/de\/#\/schema\/logo\/image\/","url":"https:\/\/www.miomiorun.com\/app\/uploads\/2019\/12\/logomio.png","contentUrl":"https:\/\/www.miomiorun.com\/app\/uploads\/2019\/12\/logomio.png","width":115,"height":82,"caption":"MioMio Run"},"image":{"@id":"https:\/\/www.miomiorun.com\/de\/#\/schema\/logo\/image\/"},"sameAs":["https:\/\/www.facebook.com\/miomiorun\/","https:\/\/www.instagram.com\/miomiorun\/"]}]}},"_links":{"self":[{"href":"https:\/\/www.miomiorun.com\/de\/wp-json\/wp\/v2\/product\/217361","targetHints":{"allow":["GET"]}}],"collection":[{"href":"https:\/\/www.miomiorun.com\/de\/wp-json\/wp\/v2\/product"}],"about":[{"href":"https:\/\/www.miomiorun.com\/de\/wp-json\/wp\/v2\/types\/product"}],"wp:featuredmedia":[{"embeddable":true,"href":"https:\/\/www.miomiorun.com\/de\/wp-json\/wp\/v2\/media\/217355"}],"wp:attachment":[{"href":"https:\/\/www.miomiorun.com\/de\/wp-json\/wp\/v2\/media?parent=217361"}],"wp:term":[{"taxonomy":"product_brand","embeddable":true,"href":"https:\/\/www.miomiorun.com\/de\/wp-json\/wp\/v2\/product_brand?post=217361"},{"taxonomy":"product_cat","embeddable":true,"href":"https:\/\/www.miomiorun.com\/de\/wp-json\/wp\/v2\/product_cat?post=217361"},{"taxonomy":"product_tag","embeddable":true,"href":"https:\/\/www.miomiorun.com\/de\/wp-json\/wp\/v2\/product_tag?post=217361"}],"curies":[{"name":"wp","href":"https:\/\/api.w.org\/{rel}","templated":true}]}}