{"id":217331,"date":"2024-12-04T11:50:48","date_gmt":"2024-12-04T10:50:48","guid":{"rendered":"https:\/\/miomiorun.com\/?post_type=product&#038;p=217331"},"modified":"2025-02-06T15:09:28","modified_gmt":"2025-02-06T14:09:28","slug":"launch-elite-cold-weather-tights-herren","status":"publish","type":"product","link":"https:\/\/www.miomiorun.com\/de\/produkt\/launch-elite-cold-weather-tights-herren\/","title":{"rendered":"Launch elite Cold Weather tights herren"},"content":{"rendered":"<p><strong>Leistung auf h\u00f6chstem Niveau, auch an den k\u00e4ltesten Tagen.<\/strong><br \/>\nDie UA Launch Elite Cold Weather Men&#8217;s Leggings sind die ideale Wahl f\u00fcr alle, die sich von kalten Temperaturen nicht aufhalten lassen wollen. Entwickelt mit fortschrittlicher Technologie, bieten diese Leggings die perfekte Balance aus Komfort, W\u00e4rme und Atmungsaktivit\u00e4t, so dass Sie bei jedem Training Ihr Bestes geben k\u00f6nnen, auch unter den schwierigsten Bedingungen.<\/p>\n<p><strong>Hauptmerkmale:<\/strong><\/p>\n<ul>\n<li><strong>Hochwertige Materialien:<\/strong><br \/>\nDiese Leggings aus innovativem, w\u00e4rmeregulierendem Material speichern die K\u00f6rperw\u00e4rme und halten Sie warm, ohne dass Sie auf Leichtigkeit verzichten m\u00fcssen. Die Atmungsaktivit\u00e4t ist garantiert, sodass Sie bei intensiven Aktivit\u00e4ten nicht \u00fcberhitzen.<\/li>\n<li><strong>Au\u00dfergew\u00f6hnliche Passform und Komfort:<\/strong><br \/>\nDer k\u00f6rpernahe Schnitt und das ergonomische Design bieten eine perfekte Passform, die den nat\u00fcrlichen Bewegungen des K\u00f6rpers folgt. Die N\u00e4hte sind so konzipiert, dass sie nicht scheuern und Irritationen vorbeugen, so dass auch bei l\u00e4ngeren Trainingseinheiten maximaler Komfort gew\u00e4hrleistet ist.<\/li>\n<li><strong>Clevere Details:<\/strong><br \/>\nReflektierende Eins\u00e4tze: Strategisch platziert, erh\u00f6hen sie die Sichtbarkeit bei schlechten Lichtverh\u00e4ltnissen und sorgen f\u00fcr mehr Sicherheit bei L\u00e4ufen am fr\u00fchen Morgen oder am Abend.<br \/>\nFunktionelle Taschen: Ideal, um kleine Dinge wie Schl\u00fcssel oder Karten zu verstauen, ohne auf Funktionalit\u00e4t verzichten zu m\u00fcssen.<\/li>\n<li><strong>Anti-Feuchtigkeits-Technologie:<\/strong><br \/>\nDer Stoff wurde so behandelt, dass er Schwei\u00df schnell ableitet und die Haut auch bei intensivsten Trainingseinheiten trocken bleibt.<\/li>\n<\/ul>\n<p><strong>Ideal f\u00fcr:<\/strong><br \/>\nDiese Leggings sind f\u00fcr L\u00e4ufer und Sportler konzipiert, die ein vielseitiges, leistungsstarkes Kleidungsst\u00fcck f\u00fcr die Herausforderungen des Winters suchen. Egal, ob Sie drau\u00dfen laufen oder drinnen trainieren, die UA Launch Elite Cold Weather Leggings sind der perfekte Begleiter, um Ihre Leistung zu verbessern.<\/p>\n","protected":false},"excerpt":{"rendered":"<ul>\n<li>H\u00e4lt den K\u00f6rper an den k\u00e4ltesten Tagen warm, ohne die Atmungsaktivit\u00e4t zu beeintr\u00e4chtigen, ideal f\u00fcr intensives Training im Winter.<\/li>\n<li>Enge Passform und scheuerhemmende N\u00e4hte f\u00fcr nat\u00fcrliche, reizfreie Bewegung auch bei l\u00e4ngsten Sitzungen.<\/li>\n<li>Reflektierende Details f\u00fcr bessere Sichtbarkeit bei schlechten Lichtverh\u00e4ltnissen und praktische Taschen f\u00fcr das N\u00f6tigste.<\/li>\n<\/ul>\n","protected":false},"featured_media":217325,"template":"","meta":{"_acf_changed":false,"inline_featured_image":false},"product_brand":[],"product_cat":[6540,6509],"product_tag":[20482,20497],"class_list":{"0":"post-217331","1":"product","2":"type-product","3":"status-publish","4":"has-post-thumbnail","6":"product_cat-herrenbekleidung","7":"product_cat-lange-hosen","8":"product_tag-under-armour-de","9":"product_tag-under-armour-herren","10":"pa_attivita-gehen","11":"pa_attivita-running-de","12":"pa_colore-launch-elite-cw-tights-m-de","13":"pa_marca-under-armour-de","14":"pa_sesso-herren","15":"pa_size-medium-de","17":"first","18":"instock","19":"sale","20":"taxable","21":"shipping-taxable","22":"purchasable","23":"product-type-variable","24":"wvs-archive-product-wrapper"},"acf":[],"yoast_head":"<!-- This site is optimized with the Yoast SEO plugin v26.8 - https:\/\/yoast.com\/product\/yoast-seo-wordpress\/ -->\n<title>Under ArmourLaunch elite Cold Weather tights herren - Lange Hosen - MioMioRun<\/title>\n<meta name=\"description\" content=\"Entdecken Sie die UA Launch Elite Cold Weather Leggings f\u00fcr M\u00e4nner: mit w\u00e4rmeregulierenden Materialien, reflektierenden Details und unvergleichlichem Komfort.\" \/>\n<meta name=\"robots\" content=\"index, follow, max-snippet:-1, max-image-preview:large, max-video-preview:-1\" \/>\n<link rel=\"canonical\" href=\"https:\/\/www.miomiorun.com\/de\/produkt\/launch-elite-cold-weather-tights-herren\/\" \/>\n<meta property=\"og:locale\" content=\"de_DE\" \/>\n<meta property=\"og:type\" content=\"article\" \/>\n<meta property=\"og:title\" content=\"Under ArmourLaunch elite Cold Weather tights herren - Lange Hosen - MioMioRun\" \/>\n<meta property=\"og:description\" content=\"Entdecken Sie die UA Launch Elite Cold Weather Leggings f\u00fcr M\u00e4nner: mit w\u00e4rmeregulierenden Materialien, reflektierenden Details und unvergleichlichem Komfort.\" \/>\n<meta property=\"og:url\" content=\"https:\/\/www.miomiorun.com\/de\/produkt\/launch-elite-cold-weather-tights-herren\/\" \/>\n<meta property=\"og:site_name\" content=\"MioMioRun\" \/>\n<meta property=\"article:publisher\" content=\"https:\/\/www.facebook.com\/miomiorun\/\" \/>\n<meta property=\"article:modified_time\" content=\"2025-02-06T14:09:28+00:00\" \/>\n<meta property=\"og:image\" content=\"https:\/\/www.miomiorun.com\/app\/uploads\/2024\/12\/under-armour-Launch-elite-CW-tights-M-1386678-001.webp\" \/>\n\t<meta property=\"og:image:width\" content=\"600\" \/>\n\t<meta property=\"og:image:height\" content=\"600\" \/>\n\t<meta property=\"og:image:type\" content=\"image\/webp\" \/>\n<meta name=\"twitter:card\" content=\"summary_large_image\" \/>\n<meta name=\"twitter:label1\" content=\"Est. reading time\" \/>\n\t<meta name=\"twitter:data1\" content=\"1 minute\" \/>\n<script type=\"application\/ld+json\" class=\"yoast-schema-graph\">{\"@context\":\"https:\/\/schema.org\",\"@graph\":[{\"@type\":\"WebPage\",\"@id\":\"https:\/\/www.miomiorun.com\/de\/produkt\/launch-elite-cold-weather-tights-herren\/\",\"url\":\"https:\/\/www.miomiorun.com\/de\/produkt\/launch-elite-cold-weather-tights-herren\/\",\"name\":\"Under ArmourLaunch elite Cold Weather tights herren - Lange Hosen - MioMioRun\",\"isPartOf\":{\"@id\":\"https:\/\/www.miomiorun.com\/de\/#website\"},\"primaryImageOfPage\":{\"@id\":\"https:\/\/www.miomiorun.com\/de\/produkt\/launch-elite-cold-weather-tights-herren\/#primaryimage\"},\"image\":{\"@id\":\"https:\/\/www.miomiorun.com\/de\/produkt\/launch-elite-cold-weather-tights-herren\/#primaryimage\"},\"thumbnailUrl\":\"https:\/\/www.miomiorun.com\/app\/uploads\/2024\/12\/under-armour-Launch-elite-CW-tights-M-1386678-001.webp\",\"datePublished\":\"2024-12-04T10:50:48+00:00\",\"dateModified\":\"2025-02-06T14:09:28+00:00\",\"description\":\"Entdecken Sie die UA Launch Elite Cold Weather Leggings f\u00fcr M\u00e4nner: mit w\u00e4rmeregulierenden Materialien, reflektierenden Details und unvergleichlichem Komfort.\",\"breadcrumb\":{\"@id\":\"https:\/\/www.miomiorun.com\/de\/produkt\/launch-elite-cold-weather-tights-herren\/#breadcrumb\"},\"inLanguage\":\"de-DE\",\"potentialAction\":[{\"@type\":\"ReadAction\",\"target\":[\"https:\/\/www.miomiorun.com\/de\/produkt\/launch-elite-cold-weather-tights-herren\/\"]}]},{\"@type\":\"ImageObject\",\"inLanguage\":\"de-DE\",\"@id\":\"https:\/\/www.miomiorun.com\/de\/produkt\/launch-elite-cold-weather-tights-herren\/#primaryimage\",\"url\":\"https:\/\/www.miomiorun.com\/app\/uploads\/2024\/12\/under-armour-Launch-elite-CW-tights-M-1386678-001.webp\",\"contentUrl\":\"https:\/\/www.miomiorun.com\/app\/uploads\/2024\/12\/under-armour-Launch-elite-CW-tights-M-1386678-001.webp\",\"width\":600,\"height\":600,\"caption\":\"under armour Launch elite CW tights M 1386678-001\"},{\"@type\":\"BreadcrumbList\",\"@id\":\"https:\/\/www.miomiorun.com\/de\/produkt\/launch-elite-cold-weather-tights-herren\/#breadcrumb\",\"itemListElement\":[{\"@type\":\"ListItem\",\"position\":1,\"name\":\"Home\",\"item\":\"https:\/\/www.miomiorun.com\/de\/\"},{\"@type\":\"ListItem\",\"position\":2,\"name\":\"Shop\",\"item\":\"https:\/\/www.miomiorun.com\/shop\/\"},{\"@type\":\"ListItem\",\"position\":3,\"name\":\"Launch elite Cold Weather tights herren\"}]},{\"@type\":\"WebSite\",\"@id\":\"https:\/\/www.miomiorun.com\/de\/#website\",\"url\":\"https:\/\/www.miomiorun.com\/de\/\",\"name\":\"MioMioRun\",\"description\":\"100% Lauf- und Trailshop\",\"publisher\":{\"@id\":\"https:\/\/www.miomiorun.com\/de\/#organization\"},\"potentialAction\":[{\"@type\":\"SearchAction\",\"target\":{\"@type\":\"EntryPoint\",\"urlTemplate\":\"https:\/\/www.miomiorun.com\/de\/?s={search_term_string}\"},\"query-input\":{\"@type\":\"PropertyValueSpecification\",\"valueRequired\":true,\"valueName\":\"search_term_string\"}}],\"inLanguage\":\"de-DE\"},{\"@type\":\"Organization\",\"@id\":\"https:\/\/www.miomiorun.com\/de\/#organization\",\"name\":\"MioMio Run\",\"url\":\"https:\/\/www.miomiorun.com\/de\/\",\"logo\":{\"@type\":\"ImageObject\",\"inLanguage\":\"de-DE\",\"@id\":\"https:\/\/www.miomiorun.com\/de\/#\/schema\/logo\/image\/\",\"url\":\"https:\/\/www.miomiorun.com\/app\/uploads\/2019\/12\/logomio.png\",\"contentUrl\":\"https:\/\/www.miomiorun.com\/app\/uploads\/2019\/12\/logomio.png\",\"width\":115,\"height\":82,\"caption\":\"MioMio Run\"},\"image\":{\"@id\":\"https:\/\/www.miomiorun.com\/de\/#\/schema\/logo\/image\/\"},\"sameAs\":[\"https:\/\/www.facebook.com\/miomiorun\/\",\"https:\/\/www.instagram.com\/miomiorun\/\"]}]}<\/script>\n<!-- \/ Yoast SEO plugin. -->","yoast_head_json":{"title":"Under ArmourLaunch elite Cold Weather tights herren - Lange Hosen - MioMioRun","description":"Entdecken Sie die UA Launch Elite Cold Weather Leggings f\u00fcr M\u00e4nner: mit w\u00e4rmeregulierenden Materialien, reflektierenden Details und unvergleichlichem Komfort.","robots":{"index":"index","follow":"follow","max-snippet":"max-snippet:-1","max-image-preview":"max-image-preview:large","max-video-preview":"max-video-preview:-1"},"canonical":"https:\/\/www.miomiorun.com\/de\/produkt\/launch-elite-cold-weather-tights-herren\/","og_locale":"de_DE","og_type":"article","og_title":"Under ArmourLaunch elite Cold Weather tights herren - Lange Hosen - MioMioRun","og_description":"Entdecken Sie die UA Launch Elite Cold Weather Leggings f\u00fcr M\u00e4nner: mit w\u00e4rmeregulierenden Materialien, reflektierenden Details und unvergleichlichem Komfort.","og_url":"https:\/\/www.miomiorun.com\/de\/produkt\/launch-elite-cold-weather-tights-herren\/","og_site_name":"MioMioRun","article_publisher":"https:\/\/www.facebook.com\/miomiorun\/","article_modified_time":"2025-02-06T14:09:28+00:00","og_image":[{"width":600,"height":600,"url":"https:\/\/www.miomiorun.com\/app\/uploads\/2024\/12\/under-armour-Launch-elite-CW-tights-M-1386678-001.webp","type":"image\/webp"}],"twitter_card":"summary_large_image","twitter_misc":{"Est. reading time":"1 minute"},"schema":{"@context":"https:\/\/schema.org","@graph":[{"@type":"WebPage","@id":"https:\/\/www.miomiorun.com\/de\/produkt\/launch-elite-cold-weather-tights-herren\/","url":"https:\/\/www.miomiorun.com\/de\/produkt\/launch-elite-cold-weather-tights-herren\/","name":"Under ArmourLaunch elite Cold Weather tights herren - Lange Hosen - MioMioRun","isPartOf":{"@id":"https:\/\/www.miomiorun.com\/de\/#website"},"primaryImageOfPage":{"@id":"https:\/\/www.miomiorun.com\/de\/produkt\/launch-elite-cold-weather-tights-herren\/#primaryimage"},"image":{"@id":"https:\/\/www.miomiorun.com\/de\/produkt\/launch-elite-cold-weather-tights-herren\/#primaryimage"},"thumbnailUrl":"https:\/\/www.miomiorun.com\/app\/uploads\/2024\/12\/under-armour-Launch-elite-CW-tights-M-1386678-001.webp","datePublished":"2024-12-04T10:50:48+00:00","dateModified":"2025-02-06T14:09:28+00:00","description":"Entdecken Sie die UA Launch Elite Cold Weather Leggings f\u00fcr M\u00e4nner: mit w\u00e4rmeregulierenden Materialien, reflektierenden Details und unvergleichlichem Komfort.","breadcrumb":{"@id":"https:\/\/www.miomiorun.com\/de\/produkt\/launch-elite-cold-weather-tights-herren\/#breadcrumb"},"inLanguage":"de-DE","potentialAction":[{"@type":"ReadAction","target":["https:\/\/www.miomiorun.com\/de\/produkt\/launch-elite-cold-weather-tights-herren\/"]}]},{"@type":"ImageObject","inLanguage":"de-DE","@id":"https:\/\/www.miomiorun.com\/de\/produkt\/launch-elite-cold-weather-tights-herren\/#primaryimage","url":"https:\/\/www.miomiorun.com\/app\/uploads\/2024\/12\/under-armour-Launch-elite-CW-tights-M-1386678-001.webp","contentUrl":"https:\/\/www.miomiorun.com\/app\/uploads\/2024\/12\/under-armour-Launch-elite-CW-tights-M-1386678-001.webp","width":600,"height":600,"caption":"under armour Launch elite CW tights M 1386678-001"},{"@type":"BreadcrumbList","@id":"https:\/\/www.miomiorun.com\/de\/produkt\/launch-elite-cold-weather-tights-herren\/#breadcrumb","itemListElement":[{"@type":"ListItem","position":1,"name":"Home","item":"https:\/\/www.miomiorun.com\/de\/"},{"@type":"ListItem","position":2,"name":"Shop","item":"https:\/\/www.miomiorun.com\/shop\/"},{"@type":"ListItem","position":3,"name":"Launch elite Cold Weather tights herren"}]},{"@type":"WebSite","@id":"https:\/\/www.miomiorun.com\/de\/#website","url":"https:\/\/www.miomiorun.com\/de\/","name":"MioMioRun","description":"100% Lauf- und Trailshop","publisher":{"@id":"https:\/\/www.miomiorun.com\/de\/#organization"},"potentialAction":[{"@type":"SearchAction","target":{"@type":"EntryPoint","urlTemplate":"https:\/\/www.miomiorun.com\/de\/?s={search_term_string}"},"query-input":{"@type":"PropertyValueSpecification","valueRequired":true,"valueName":"search_term_string"}}],"inLanguage":"de-DE"},{"@type":"Organization","@id":"https:\/\/www.miomiorun.com\/de\/#organization","name":"MioMio Run","url":"https:\/\/www.miomiorun.com\/de\/","logo":{"@type":"ImageObject","inLanguage":"de-DE","@id":"https:\/\/www.miomiorun.com\/de\/#\/schema\/logo\/image\/","url":"https:\/\/www.miomiorun.com\/app\/uploads\/2019\/12\/logomio.png","contentUrl":"https:\/\/www.miomiorun.com\/app\/uploads\/2019\/12\/logomio.png","width":115,"height":82,"caption":"MioMio Run"},"image":{"@id":"https:\/\/www.miomiorun.com\/de\/#\/schema\/logo\/image\/"},"sameAs":["https:\/\/www.facebook.com\/miomiorun\/","https:\/\/www.instagram.com\/miomiorun\/"]}]}},"_links":{"self":[{"href":"https:\/\/www.miomiorun.com\/de\/wp-json\/wp\/v2\/product\/217331","targetHints":{"allow":["GET"]}}],"collection":[{"href":"https:\/\/www.miomiorun.com\/de\/wp-json\/wp\/v2\/product"}],"about":[{"href":"https:\/\/www.miomiorun.com\/de\/wp-json\/wp\/v2\/types\/product"}],"wp:featuredmedia":[{"embeddable":true,"href":"https:\/\/www.miomiorun.com\/de\/wp-json\/wp\/v2\/media\/217325"}],"wp:attachment":[{"href":"https:\/\/www.miomiorun.com\/de\/wp-json\/wp\/v2\/media?parent=217331"}],"wp:term":[{"taxonomy":"product_brand","embeddable":true,"href":"https:\/\/www.miomiorun.com\/de\/wp-json\/wp\/v2\/product_brand?post=217331"},{"taxonomy":"product_cat","embeddable":true,"href":"https:\/\/www.miomiorun.com\/de\/wp-json\/wp\/v2\/product_cat?post=217331"},{"taxonomy":"product_tag","embeddable":true,"href":"https:\/\/www.miomiorun.com\/de\/wp-json\/wp\/v2\/product_tag?post=217331"}],"curies":[{"name":"wp","href":"https:\/\/api.w.org\/{rel}","templated":true}]}}