{"id":217015,"date":"2024-12-03T14:35:16","date_gmt":"2024-12-03T13:35:16","guid":{"rendered":"https:\/\/miomiorun.com\/?post_type=product&#038;p=217015"},"modified":"2026-02-17T17:05:00","modified_gmt":"2026-02-17T16:05:00","slug":"peregrine-15-damen","status":"publish","type":"product","link":"https:\/\/www.miomiorun.com\/de\/produkt\/peregrine-15-damen\/","title":{"rendered":"Peregrine 15 damen"},"content":{"rendered":"<div class=\"vc-row container\"><div class=\"vc-column\"><div class=\"vc-column-text\">[portage_content_box border_top_color = &#8220;schwarz&#8221; border_radius = &#8220;20&#8221; border_top_width = &#8220;3&#8221; align = &#8220;center&#8221;]<\/p>\n<p><strong> Technische Daten <\/strong><\/p>\n<p>Kategorie: Spitzend\u00e4mpfung<br \/>\nVerschiebung: 4 mm (28\/24mm)<br \/>\nGewicht: 242 g<br \/>\nIdeal f\u00fcr: L\u00e4ufer, Trailrunner und Walker, die ein nicht zu schweres Modell suchen, das f\u00fcr weichen Halt und Elastizit\u00e4t sorgt und auch in anspruchsvollem Berggel\u00e4nde guten Halt bietet.<br \/>\nSportlergewicht: 70-80 kg<br \/>\nLaufgeschwindigkeit: mittel (5.00-5.30 min\/km)<br \/>\n<a href=\"https:\/\/miomiorun.com\/de\/leitfaden-fuer-technische-spezifikationen\/\">Leitfaden f\u00fcr technische Spezifikationen<\/a><\/p>\n<p>[\/porto_content_box]<\/div><\/div><div class=\"vc-column\"><div class=\"vc-column-text\"><\/p>\n<h3>Der Peregrine 15 f\u00fcr Damen ist der neutral d\u00e4mpfende Trailrunning-Schuh, der nach dem schnellsten Vogel der Welt benannt wurde.<\/h3>\n<p>Der Peregrine 15 ist gebaut, um die h\u00e4rtesten Gel\u00e4nde mit aggressiven 5 mm Stollen, eine neu formulierte PWRRUN D\u00e4mpfungssystem und unvergleichlichen Schutz vor Schmutz und Ger\u00f6ll, alle in einem leichten, Low-Profile-Paket zu bew\u00e4ltigen.<\/p>\n<h3>Eigenschaften:<\/h3>\n<ul>\n<li>Eine neue PWRRUN-Schaumstoffmischung bietet mehr D\u00e4mpfung, Komfort und Flexibilit\u00e4t als je zuvor.<\/li>\n<li>Neu formulierte, fl\u00e4chendeckende PWRTRAC-Gummiau\u00dfensohle f\u00fcr maximale Haltbarkeit und Traktion<\/li>\n<li>Hochfestes Mesh-Obermaterial mit zus\u00e4tzlichem Schutz in Bereichen mit hohem Abrieb und einem D-Ring f\u00fcr Gamaschenkompatibilit\u00e4t<\/li>\n<li>Bestens geeignet f\u00fcr technische Traill\u00e4ufe<\/li>\n<li>PWRRUN D\u00c4MPFUNG<\/li>\n<li>PWRRUN+ EINSOLE<\/li>\n<li>NACHHALTIGKEIT: Dieses Modell ist vegan und enth\u00e4lt recycelte Materialien<\/li>\n<\/ul>\n<p><\/div><\/div><\/div>\n","protected":false},"excerpt":{"rendered":"<ul>\n<li>Idealer Trail-Schuh f\u00fcr alle Arten von Bergwanderungen.<\/li>\n<li>Hyper griffig auf dem Boden und langlebig.<\/li>\n<\/ul>\n","protected":false},"featured_media":217755,"template":"","meta":{"_acf_changed":false,"inline_featured_image":false},"product_brand":[],"product_cat":[6501,6536],"product_tag":[3391,33804],"class_list":{"0":"post-217015","1":"product","2":"type-product","3":"status-publish","4":"has-post-thumbnail","6":"product_cat-sale-damen-schuhe-de","7":"product_cat-sale-damen-trail-de","8":"product_tag-saucony-de","9":"product_tag-saucony-donna-de","10":"pa_attivita-outdoor-de","11":"pa_attivita-trail-de","12":"pa_colore-peregrine-15-w-coral-salmon-de","13":"pa_colore-peregrine-15-w-wine-kodiak-de","14":"pa_marca-saucony-de","15":"pa_sesso-damen","16":"pa_size-38-de","17":"pa_size-38-5-de","18":"pa_size-40-de","19":"pa_size-40-5-de","20":"pa_size-41-de","22":"first","23":"instock","24":"sale","25":"taxable","26":"shipping-taxable","27":"purchasable","28":"product-type-variable","29":"wvs-archive-product-wrapper"},"acf":[],"yoast_head":"<!-- This site is optimized with the Yoast SEO plugin v26.8 - https:\/\/yoast.com\/product\/yoast-seo-wordpress\/ -->\n<title>sauconyPeregrine 15 damen - Laufschuhe zu verkaufen MioMioRun<\/title>\n<meta name=\"description\" content=\"Der Peregrine 15 ist dank aggressiver 5-mm-Spikes und dem PWRRUN-D\u00e4mpfungssystem f\u00fcr h\u00e4rtestes Terrain ausgelegt.\" \/>\n<meta name=\"robots\" content=\"index, follow, max-snippet:-1, max-image-preview:large, max-video-preview:-1\" \/>\n<link rel=\"canonical\" href=\"https:\/\/www.miomiorun.com\/de\/produkt\/peregrine-15-damen\/\" \/>\n<meta property=\"og:locale\" content=\"de_DE\" \/>\n<meta property=\"og:type\" content=\"article\" \/>\n<meta property=\"og:title\" content=\"sauconyPeregrine 15 damen - Laufschuhe zu verkaufen MioMioRun\" \/>\n<meta property=\"og:description\" content=\"Der Peregrine 15 ist dank aggressiver 5-mm-Spikes und dem PWRRUN-D\u00e4mpfungssystem f\u00fcr h\u00e4rtestes Terrain ausgelegt.\" \/>\n<meta property=\"og:url\" content=\"https:\/\/www.miomiorun.com\/de\/produkt\/peregrine-15-damen\/\" \/>\n<meta property=\"og:site_name\" content=\"MioMioRun\" \/>\n<meta property=\"article:publisher\" content=\"https:\/\/www.facebook.com\/miomiorun\/\" \/>\n<meta property=\"article:modified_time\" content=\"2026-02-17T16:05:00+00:00\" \/>\n<meta property=\"og:image\" content=\"https:\/\/www.miomiorun.com\/app\/uploads\/2024\/12\/saucony-Peregrine-15-W-magenta-black-S10990-161.webp\" \/>\n\t<meta property=\"og:image:width\" content=\"600\" \/>\n\t<meta property=\"og:image:height\" content=\"600\" \/>\n\t<meta property=\"og:image:type\" content=\"image\/webp\" \/>\n<meta name=\"twitter:card\" content=\"summary_large_image\" \/>\n<meta name=\"twitter:label1\" content=\"Est. reading time\" \/>\n\t<meta name=\"twitter:data1\" content=\"2 minutes\" \/>\n<script type=\"application\/ld+json\" class=\"yoast-schema-graph\">{\"@context\":\"https:\/\/schema.org\",\"@graph\":[{\"@type\":\"WebPage\",\"@id\":\"https:\/\/www.miomiorun.com\/de\/produkt\/peregrine-15-damen\/\",\"url\":\"https:\/\/www.miomiorun.com\/de\/produkt\/peregrine-15-damen\/\",\"name\":\"sauconyPeregrine 15 damen - Laufschuhe zu verkaufen MioMioRun\",\"isPartOf\":{\"@id\":\"https:\/\/www.miomiorun.com\/de\/#website\"},\"primaryImageOfPage\":{\"@id\":\"https:\/\/www.miomiorun.com\/de\/produkt\/peregrine-15-damen\/#primaryimage\"},\"image\":{\"@id\":\"https:\/\/www.miomiorun.com\/de\/produkt\/peregrine-15-damen\/#primaryimage\"},\"thumbnailUrl\":\"https:\/\/www.miomiorun.com\/app\/uploads\/2024\/12\/saucony-Peregrine-15-W-magenta-black-S10990-161.webp\",\"datePublished\":\"2024-12-03T13:35:16+00:00\",\"dateModified\":\"2026-02-17T16:05:00+00:00\",\"description\":\"Der Peregrine 15 ist dank aggressiver 5-mm-Spikes und dem PWRRUN-D\u00e4mpfungssystem f\u00fcr h\u00e4rtestes Terrain ausgelegt.\",\"breadcrumb\":{\"@id\":\"https:\/\/www.miomiorun.com\/de\/produkt\/peregrine-15-damen\/#breadcrumb\"},\"inLanguage\":\"de-DE\",\"potentialAction\":[{\"@type\":\"ReadAction\",\"target\":[\"https:\/\/www.miomiorun.com\/de\/produkt\/peregrine-15-damen\/\"]}]},{\"@type\":\"ImageObject\",\"inLanguage\":\"de-DE\",\"@id\":\"https:\/\/www.miomiorun.com\/de\/produkt\/peregrine-15-damen\/#primaryimage\",\"url\":\"https:\/\/www.miomiorun.com\/app\/uploads\/2024\/12\/saucony-Peregrine-15-W-magenta-black-S10990-161.webp\",\"contentUrl\":\"https:\/\/www.miomiorun.com\/app\/uploads\/2024\/12\/saucony-Peregrine-15-W-magenta-black-S10990-161.webp\",\"width\":600,\"height\":600,\"caption\":\"saucony Peregrine 15 W magenta black S10990-161\"},{\"@type\":\"BreadcrumbList\",\"@id\":\"https:\/\/www.miomiorun.com\/de\/produkt\/peregrine-15-damen\/#breadcrumb\",\"itemListElement\":[{\"@type\":\"ListItem\",\"position\":1,\"name\":\"Home\",\"item\":\"https:\/\/www.miomiorun.com\/de\/\"},{\"@type\":\"ListItem\",\"position\":2,\"name\":\"Shop\",\"item\":\"https:\/\/www.miomiorun.com\/shop\/\"},{\"@type\":\"ListItem\",\"position\":3,\"name\":\"Peregrine 15 damen\"}]},{\"@type\":\"WebSite\",\"@id\":\"https:\/\/www.miomiorun.com\/de\/#website\",\"url\":\"https:\/\/www.miomiorun.com\/de\/\",\"name\":\"MioMioRun\",\"description\":\"100% Lauf- und Trailshop\",\"publisher\":{\"@id\":\"https:\/\/www.miomiorun.com\/de\/#organization\"},\"potentialAction\":[{\"@type\":\"SearchAction\",\"target\":{\"@type\":\"EntryPoint\",\"urlTemplate\":\"https:\/\/www.miomiorun.com\/de\/?s={search_term_string}\"},\"query-input\":{\"@type\":\"PropertyValueSpecification\",\"valueRequired\":true,\"valueName\":\"search_term_string\"}}],\"inLanguage\":\"de-DE\"},{\"@type\":\"Organization\",\"@id\":\"https:\/\/www.miomiorun.com\/de\/#organization\",\"name\":\"MioMio Run\",\"url\":\"https:\/\/www.miomiorun.com\/de\/\",\"logo\":{\"@type\":\"ImageObject\",\"inLanguage\":\"de-DE\",\"@id\":\"https:\/\/www.miomiorun.com\/de\/#\/schema\/logo\/image\/\",\"url\":\"https:\/\/www.miomiorun.com\/app\/uploads\/2019\/12\/logomio.png\",\"contentUrl\":\"https:\/\/www.miomiorun.com\/app\/uploads\/2019\/12\/logomio.png\",\"width\":115,\"height\":82,\"caption\":\"MioMio Run\"},\"image\":{\"@id\":\"https:\/\/www.miomiorun.com\/de\/#\/schema\/logo\/image\/\"},\"sameAs\":[\"https:\/\/www.facebook.com\/miomiorun\/\",\"https:\/\/www.instagram.com\/miomiorun\/\"]}]}<\/script>\n<!-- \/ Yoast SEO plugin. -->","yoast_head_json":{"title":"sauconyPeregrine 15 damen - Laufschuhe zu verkaufen MioMioRun","description":"Der Peregrine 15 ist dank aggressiver 5-mm-Spikes und dem PWRRUN-D\u00e4mpfungssystem f\u00fcr h\u00e4rtestes Terrain ausgelegt.","robots":{"index":"index","follow":"follow","max-snippet":"max-snippet:-1","max-image-preview":"max-image-preview:large","max-video-preview":"max-video-preview:-1"},"canonical":"https:\/\/www.miomiorun.com\/de\/produkt\/peregrine-15-damen\/","og_locale":"de_DE","og_type":"article","og_title":"sauconyPeregrine 15 damen - Laufschuhe zu verkaufen MioMioRun","og_description":"Der Peregrine 15 ist dank aggressiver 5-mm-Spikes und dem PWRRUN-D\u00e4mpfungssystem f\u00fcr h\u00e4rtestes Terrain ausgelegt.","og_url":"https:\/\/www.miomiorun.com\/de\/produkt\/peregrine-15-damen\/","og_site_name":"MioMioRun","article_publisher":"https:\/\/www.facebook.com\/miomiorun\/","article_modified_time":"2026-02-17T16:05:00+00:00","og_image":[{"width":600,"height":600,"url":"https:\/\/www.miomiorun.com\/app\/uploads\/2024\/12\/saucony-Peregrine-15-W-magenta-black-S10990-161.webp","type":"image\/webp"}],"twitter_card":"summary_large_image","twitter_misc":{"Est. reading time":"2 minutes"},"schema":{"@context":"https:\/\/schema.org","@graph":[{"@type":"WebPage","@id":"https:\/\/www.miomiorun.com\/de\/produkt\/peregrine-15-damen\/","url":"https:\/\/www.miomiorun.com\/de\/produkt\/peregrine-15-damen\/","name":"sauconyPeregrine 15 damen - Laufschuhe zu verkaufen MioMioRun","isPartOf":{"@id":"https:\/\/www.miomiorun.com\/de\/#website"},"primaryImageOfPage":{"@id":"https:\/\/www.miomiorun.com\/de\/produkt\/peregrine-15-damen\/#primaryimage"},"image":{"@id":"https:\/\/www.miomiorun.com\/de\/produkt\/peregrine-15-damen\/#primaryimage"},"thumbnailUrl":"https:\/\/www.miomiorun.com\/app\/uploads\/2024\/12\/saucony-Peregrine-15-W-magenta-black-S10990-161.webp","datePublished":"2024-12-03T13:35:16+00:00","dateModified":"2026-02-17T16:05:00+00:00","description":"Der Peregrine 15 ist dank aggressiver 5-mm-Spikes und dem PWRRUN-D\u00e4mpfungssystem f\u00fcr h\u00e4rtestes Terrain ausgelegt.","breadcrumb":{"@id":"https:\/\/www.miomiorun.com\/de\/produkt\/peregrine-15-damen\/#breadcrumb"},"inLanguage":"de-DE","potentialAction":[{"@type":"ReadAction","target":["https:\/\/www.miomiorun.com\/de\/produkt\/peregrine-15-damen\/"]}]},{"@type":"ImageObject","inLanguage":"de-DE","@id":"https:\/\/www.miomiorun.com\/de\/produkt\/peregrine-15-damen\/#primaryimage","url":"https:\/\/www.miomiorun.com\/app\/uploads\/2024\/12\/saucony-Peregrine-15-W-magenta-black-S10990-161.webp","contentUrl":"https:\/\/www.miomiorun.com\/app\/uploads\/2024\/12\/saucony-Peregrine-15-W-magenta-black-S10990-161.webp","width":600,"height":600,"caption":"saucony Peregrine 15 W magenta black S10990-161"},{"@type":"BreadcrumbList","@id":"https:\/\/www.miomiorun.com\/de\/produkt\/peregrine-15-damen\/#breadcrumb","itemListElement":[{"@type":"ListItem","position":1,"name":"Home","item":"https:\/\/www.miomiorun.com\/de\/"},{"@type":"ListItem","position":2,"name":"Shop","item":"https:\/\/www.miomiorun.com\/shop\/"},{"@type":"ListItem","position":3,"name":"Peregrine 15 damen"}]},{"@type":"WebSite","@id":"https:\/\/www.miomiorun.com\/de\/#website","url":"https:\/\/www.miomiorun.com\/de\/","name":"MioMioRun","description":"100% Lauf- und Trailshop","publisher":{"@id":"https:\/\/www.miomiorun.com\/de\/#organization"},"potentialAction":[{"@type":"SearchAction","target":{"@type":"EntryPoint","urlTemplate":"https:\/\/www.miomiorun.com\/de\/?s={search_term_string}"},"query-input":{"@type":"PropertyValueSpecification","valueRequired":true,"valueName":"search_term_string"}}],"inLanguage":"de-DE"},{"@type":"Organization","@id":"https:\/\/www.miomiorun.com\/de\/#organization","name":"MioMio Run","url":"https:\/\/www.miomiorun.com\/de\/","logo":{"@type":"ImageObject","inLanguage":"de-DE","@id":"https:\/\/www.miomiorun.com\/de\/#\/schema\/logo\/image\/","url":"https:\/\/www.miomiorun.com\/app\/uploads\/2019\/12\/logomio.png","contentUrl":"https:\/\/www.miomiorun.com\/app\/uploads\/2019\/12\/logomio.png","width":115,"height":82,"caption":"MioMio Run"},"image":{"@id":"https:\/\/www.miomiorun.com\/de\/#\/schema\/logo\/image\/"},"sameAs":["https:\/\/www.facebook.com\/miomiorun\/","https:\/\/www.instagram.com\/miomiorun\/"]}]}},"_links":{"self":[{"href":"https:\/\/www.miomiorun.com\/de\/wp-json\/wp\/v2\/product\/217015","targetHints":{"allow":["GET"]}}],"collection":[{"href":"https:\/\/www.miomiorun.com\/de\/wp-json\/wp\/v2\/product"}],"about":[{"href":"https:\/\/www.miomiorun.com\/de\/wp-json\/wp\/v2\/types\/product"}],"wp:featuredmedia":[{"embeddable":true,"href":"https:\/\/www.miomiorun.com\/de\/wp-json\/wp\/v2\/media\/217755"}],"wp:attachment":[{"href":"https:\/\/www.miomiorun.com\/de\/wp-json\/wp\/v2\/media?parent=217015"}],"wp:term":[{"taxonomy":"product_brand","embeddable":true,"href":"https:\/\/www.miomiorun.com\/de\/wp-json\/wp\/v2\/product_brand?post=217015"},{"taxonomy":"product_cat","embeddable":true,"href":"https:\/\/www.miomiorun.com\/de\/wp-json\/wp\/v2\/product_cat?post=217015"},{"taxonomy":"product_tag","embeddable":true,"href":"https:\/\/www.miomiorun.com\/de\/wp-json\/wp\/v2\/product_tag?post=217015"}],"curies":[{"name":"wp","href":"https:\/\/api.w.org\/{rel}","templated":true}]}}