{"id":216798,"date":"2024-12-03T13:56:58","date_gmt":"2024-12-03T12:56:58","guid":{"rendered":"https:\/\/miomiorun.com\/?post_type=product&#038;p=216798"},"modified":"2026-03-02T16:35:09","modified_gmt":"2026-03-02T15:35:09","slug":"ride-18-damen","status":"publish","type":"product","link":"https:\/\/www.miomiorun.com\/de\/produkt\/ride-18-damen\/","title":{"rendered":"Ride 18 damen"},"content":{"rendered":"<div class=\"vc-row container\"><div class=\"vc-column\"><div class=\"vc-column-text\"><\/p>\n<h4>Technische Daten<\/h4>\n<p>Kategorie: Strukturierte D\u00e4mpfung<br \/>\nVersatz: 8 mm (35\/27)<br \/>\nGewicht: 228g<br \/>\nIdeal f\u00fcr : Der Ride ist der ideale Schuh f\u00fcr Athleten mit durchschnittlichem Gewicht und Schrittl\u00e4nge, die eine hervorragende D\u00e4mpfung f\u00fcr Mittel- bis Langstreckentraining oder Rennen suchen, und er erweist sich auch als hervorragender Begleiter beim Wandern.<br \/>\nGewicht des Athleten: 55-70 kg<br \/>\nLaufgeschwindigkeit: 5 min\/kg<br \/>\n<a href=\"https:\/\/miomiorun.com\/de\/leitfaden-fuer-technische-spezifikationen\/\">Leitfaden f\u00fcr technische Spezifikationen<\/a><\/p>\n<p><\/div><\/div><div class=\"vc-column\"><div class=\"vc-column-text\"><\/p>\n<h3 style=\"text-align: center;\">Ride 18, der Schuh mit neutraler D\u00e4mpfung und traditioneller Sanduhrform f\u00fcr ein komfortables Laufgef\u00fchl und einen sanften \u00dcbergang von der Ferse zu den Zehen.<\/h3>\n<p>Der Ride 18 f\u00fcr Damen ist der Trainingsschuh mit neutraler D\u00e4mpfung. Er ist der vielseitigste Schuh in Saucony&#8217;s Laufsortiment und bietet die Innovation von Premium-Schaumstoff und Komfort, der sich bei einem 10-Meilen-Lauf genauso gut anf\u00fchlt wie bei einer Fitnessstudio-Session oder einem wohlverdienten Erholungsspaziergang.<\/p>\n<h3>Eigenschaften:<\/h3>\n<ul>\n<li>Die Neutral Cushioning Schuhe haben eine traditionelle Sanduhrform, die ein gut ged\u00e4mpftes Laufgef\u00fchl mit einem agilen \u00dcbergang von der<\/li>\n<li>Ferse zu den Zehen bietet.<\/li>\n<li>Jetzt verf\u00fcgen sie \u00fcber PWRRUN+, unseren fortschrittlichen Perlenschaum, der eine au\u00dfergew\u00f6hnliche Mischung aus D\u00e4mpfung und<\/li>\n<li>Haltbarkeit bietet. Nach mehr als zwei Jahrzehnten ist der Ride 18 der komfortabelste und reaktionsfreudigste Ride aller Zeiten.<\/li>\n<li>Erh\u00f6hter Schutz und Haltbarkeit mit XT-900 Abdeckung von der Ferse bis zu den Zehen.<\/li>\n<li>Klares, modernes Mesh-Design mit sicherer und bequemer Passform.<\/li>\n<li>Optimal f\u00fcr den t\u00e4glichen Lauf<\/li>\n<li>PWRRUN+ D\u00c4MPFUNG<\/li>\n<li>PWRRUN+ EINSOLE<\/li>\n<li>NACHHALTIGKEIT :Dieses Modell ist vegan und enth\u00e4lt recycelte Materialien<\/li>\n<\/ul>\n<p><\/div><\/div><\/div>\n","protected":false},"excerpt":{"rendered":"<ul>\n<li>Ein idealer Schuh f\u00fcr lange Strecken, aber auch f\u00fcr einen entspannten Spaziergang und f\u00fcr den Einsatz im Fitnessstudio.<\/li>\n<li>Au\u00dfergew\u00f6hnlicher Komfort.<\/li>\n<\/ul>\n","protected":false},"featured_media":217806,"template":"","meta":{"_acf_changed":false,"inline_featured_image":false},"product_brand":[],"product_cat":[6474,6475],"product_tag":[3391,33804],"class_list":{"0":"post-216798","1":"product","2":"type-product","3":"status-publish","4":"has-post-thumbnail","6":"product_cat-damenschuhe","7":"product_cat-neutral","8":"product_tag-saucony-de","9":"product_tag-saucony-donna-de","10":"pa_attivita-gehen","11":"pa_attivita-lifestyle-de","12":"pa_attivita-running-de","13":"pa_colore-ride-18-w-cool-white-de","14":"pa_colore-ride-18-w-coral-salmon-de","15":"pa_colore-ride-18-w-ice-melt-dream-de","16":"pa_colore-ride-18-w-vanilla-de","17":"pa_colore-ride-18-w-white-gum-de","18":"pa_marca-saucony-de","19":"pa_sesso-damen","20":"pa_size-37-5-de","21":"pa_size-38-de","22":"pa_size-38-5-de","23":"pa_size-40-de","24":"pa_size-40-5-de","26":"first","27":"instock","28":"sale","29":"taxable","30":"shipping-taxable","31":"purchasable","32":"product-type-variable","33":"wvs-archive-product-wrapper"},"acf":[],"yoast_head":"<!-- This site is optimized with the Yoast SEO plugin v26.8 - https:\/\/yoast.com\/product\/yoast-seo-wordpress\/ -->\n<title>Saucony Ride 18 damen - Damen-Laufschuhe MioMioRun<\/title>\n<meta name=\"description\" content=\"Der Ride 18 f\u00fcr Damen ist ein Trainingsschuh mit neutraler D\u00e4mpfung. Gebaut als der vielseitigste Schuh in Saucony&#039;s Lauflinie\" \/>\n<meta name=\"robots\" content=\"index, follow, max-snippet:-1, max-image-preview:large, max-video-preview:-1\" \/>\n<link rel=\"canonical\" href=\"https:\/\/www.miomiorun.com\/de\/produkt\/ride-18-damen\/\" \/>\n<meta property=\"og:locale\" content=\"de_DE\" \/>\n<meta property=\"og:type\" content=\"article\" \/>\n<meta property=\"og:title\" content=\"Saucony Ride 18 damen - Damen-Laufschuhe MioMioRun\" \/>\n<meta property=\"og:description\" content=\"Der Ride 18 f\u00fcr Damen ist ein Trainingsschuh mit neutraler D\u00e4mpfung. Gebaut als der vielseitigste Schuh in Saucony&#039;s Lauflinie\" \/>\n<meta property=\"og:url\" content=\"https:\/\/www.miomiorun.com\/de\/produkt\/ride-18-damen\/\" \/>\n<meta property=\"og:site_name\" content=\"MioMioRun\" \/>\n<meta property=\"article:publisher\" content=\"https:\/\/www.facebook.com\/miomiorun\/\" \/>\n<meta property=\"article:modified_time\" content=\"2026-03-02T15:35:09+00:00\" \/>\n<meta property=\"og:image\" content=\"https:\/\/www.miomiorun.com\/app\/uploads\/2024\/12\/saucony-Ride-18-W-peach-sunny-S11000-140.webp\" \/>\n\t<meta property=\"og:image:width\" content=\"600\" \/>\n\t<meta property=\"og:image:height\" content=\"600\" \/>\n\t<meta property=\"og:image:type\" content=\"image\/webp\" \/>\n<meta name=\"twitter:card\" content=\"summary_large_image\" \/>\n<meta name=\"twitter:label1\" content=\"Est. reading time\" \/>\n\t<meta name=\"twitter:data1\" content=\"2 minutes\" \/>\n<script type=\"application\/ld+json\" class=\"yoast-schema-graph\">{\"@context\":\"https:\/\/schema.org\",\"@graph\":[{\"@type\":\"WebPage\",\"@id\":\"https:\/\/www.miomiorun.com\/de\/produkt\/ride-18-damen\/\",\"url\":\"https:\/\/www.miomiorun.com\/de\/produkt\/ride-18-damen\/\",\"name\":\"Saucony Ride 18 damen - Damen-Laufschuhe MioMioRun\",\"isPartOf\":{\"@id\":\"https:\/\/www.miomiorun.com\/de\/#website\"},\"primaryImageOfPage\":{\"@id\":\"https:\/\/www.miomiorun.com\/de\/produkt\/ride-18-damen\/#primaryimage\"},\"image\":{\"@id\":\"https:\/\/www.miomiorun.com\/de\/produkt\/ride-18-damen\/#primaryimage\"},\"thumbnailUrl\":\"https:\/\/www.miomiorun.com\/app\/uploads\/2024\/12\/saucony-Ride-18-W-peach-sunny-S11000-140.webp\",\"datePublished\":\"2024-12-03T12:56:58+00:00\",\"dateModified\":\"2026-03-02T15:35:09+00:00\",\"description\":\"Der Ride 18 f\u00fcr Damen ist ein Trainingsschuh mit neutraler D\u00e4mpfung. Gebaut als der vielseitigste Schuh in Saucony's Lauflinie\",\"breadcrumb\":{\"@id\":\"https:\/\/www.miomiorun.com\/de\/produkt\/ride-18-damen\/#breadcrumb\"},\"inLanguage\":\"de-DE\",\"potentialAction\":[{\"@type\":\"ReadAction\",\"target\":[\"https:\/\/www.miomiorun.com\/de\/produkt\/ride-18-damen\/\"]}]},{\"@type\":\"ImageObject\",\"inLanguage\":\"de-DE\",\"@id\":\"https:\/\/www.miomiorun.com\/de\/produkt\/ride-18-damen\/#primaryimage\",\"url\":\"https:\/\/www.miomiorun.com\/app\/uploads\/2024\/12\/saucony-Ride-18-W-peach-sunny-S11000-140.webp\",\"contentUrl\":\"https:\/\/www.miomiorun.com\/app\/uploads\/2024\/12\/saucony-Ride-18-W-peach-sunny-S11000-140.webp\",\"width\":600,\"height\":600,\"caption\":\"saucony Ride 18 W peach sunny S11000-140\"},{\"@type\":\"BreadcrumbList\",\"@id\":\"https:\/\/www.miomiorun.com\/de\/produkt\/ride-18-damen\/#breadcrumb\",\"itemListElement\":[{\"@type\":\"ListItem\",\"position\":1,\"name\":\"Home\",\"item\":\"https:\/\/www.miomiorun.com\/de\/\"},{\"@type\":\"ListItem\",\"position\":2,\"name\":\"Shop\",\"item\":\"https:\/\/www.miomiorun.com\/shop\/\"},{\"@type\":\"ListItem\",\"position\":3,\"name\":\"Ride 18 damen\"}]},{\"@type\":\"WebSite\",\"@id\":\"https:\/\/www.miomiorun.com\/de\/#website\",\"url\":\"https:\/\/www.miomiorun.com\/de\/\",\"name\":\"MioMioRun\",\"description\":\"100% Lauf- und Trailshop\",\"publisher\":{\"@id\":\"https:\/\/www.miomiorun.com\/de\/#organization\"},\"potentialAction\":[{\"@type\":\"SearchAction\",\"target\":{\"@type\":\"EntryPoint\",\"urlTemplate\":\"https:\/\/www.miomiorun.com\/de\/?s={search_term_string}\"},\"query-input\":{\"@type\":\"PropertyValueSpecification\",\"valueRequired\":true,\"valueName\":\"search_term_string\"}}],\"inLanguage\":\"de-DE\"},{\"@type\":\"Organization\",\"@id\":\"https:\/\/www.miomiorun.com\/de\/#organization\",\"name\":\"MioMio Run\",\"url\":\"https:\/\/www.miomiorun.com\/de\/\",\"logo\":{\"@type\":\"ImageObject\",\"inLanguage\":\"de-DE\",\"@id\":\"https:\/\/www.miomiorun.com\/de\/#\/schema\/logo\/image\/\",\"url\":\"https:\/\/www.miomiorun.com\/app\/uploads\/2019\/12\/logomio.png\",\"contentUrl\":\"https:\/\/www.miomiorun.com\/app\/uploads\/2019\/12\/logomio.png\",\"width\":115,\"height\":82,\"caption\":\"MioMio Run\"},\"image\":{\"@id\":\"https:\/\/www.miomiorun.com\/de\/#\/schema\/logo\/image\/\"},\"sameAs\":[\"https:\/\/www.facebook.com\/miomiorun\/\",\"https:\/\/www.instagram.com\/miomiorun\/\"]}]}<\/script>\n<!-- \/ Yoast SEO plugin. -->","yoast_head_json":{"title":"Saucony Ride 18 damen - Damen-Laufschuhe MioMioRun","description":"Der Ride 18 f\u00fcr Damen ist ein Trainingsschuh mit neutraler D\u00e4mpfung. Gebaut als der vielseitigste Schuh in Saucony's Lauflinie","robots":{"index":"index","follow":"follow","max-snippet":"max-snippet:-1","max-image-preview":"max-image-preview:large","max-video-preview":"max-video-preview:-1"},"canonical":"https:\/\/www.miomiorun.com\/de\/produkt\/ride-18-damen\/","og_locale":"de_DE","og_type":"article","og_title":"Saucony Ride 18 damen - Damen-Laufschuhe MioMioRun","og_description":"Der Ride 18 f\u00fcr Damen ist ein Trainingsschuh mit neutraler D\u00e4mpfung. Gebaut als der vielseitigste Schuh in Saucony's Lauflinie","og_url":"https:\/\/www.miomiorun.com\/de\/produkt\/ride-18-damen\/","og_site_name":"MioMioRun","article_publisher":"https:\/\/www.facebook.com\/miomiorun\/","article_modified_time":"2026-03-02T15:35:09+00:00","og_image":[{"width":600,"height":600,"url":"https:\/\/www.miomiorun.com\/app\/uploads\/2024\/12\/saucony-Ride-18-W-peach-sunny-S11000-140.webp","type":"image\/webp"}],"twitter_card":"summary_large_image","twitter_misc":{"Est. reading time":"2 minutes"},"schema":{"@context":"https:\/\/schema.org","@graph":[{"@type":"WebPage","@id":"https:\/\/www.miomiorun.com\/de\/produkt\/ride-18-damen\/","url":"https:\/\/www.miomiorun.com\/de\/produkt\/ride-18-damen\/","name":"Saucony Ride 18 damen - Damen-Laufschuhe MioMioRun","isPartOf":{"@id":"https:\/\/www.miomiorun.com\/de\/#website"},"primaryImageOfPage":{"@id":"https:\/\/www.miomiorun.com\/de\/produkt\/ride-18-damen\/#primaryimage"},"image":{"@id":"https:\/\/www.miomiorun.com\/de\/produkt\/ride-18-damen\/#primaryimage"},"thumbnailUrl":"https:\/\/www.miomiorun.com\/app\/uploads\/2024\/12\/saucony-Ride-18-W-peach-sunny-S11000-140.webp","datePublished":"2024-12-03T12:56:58+00:00","dateModified":"2026-03-02T15:35:09+00:00","description":"Der Ride 18 f\u00fcr Damen ist ein Trainingsschuh mit neutraler D\u00e4mpfung. Gebaut als der vielseitigste Schuh in Saucony's Lauflinie","breadcrumb":{"@id":"https:\/\/www.miomiorun.com\/de\/produkt\/ride-18-damen\/#breadcrumb"},"inLanguage":"de-DE","potentialAction":[{"@type":"ReadAction","target":["https:\/\/www.miomiorun.com\/de\/produkt\/ride-18-damen\/"]}]},{"@type":"ImageObject","inLanguage":"de-DE","@id":"https:\/\/www.miomiorun.com\/de\/produkt\/ride-18-damen\/#primaryimage","url":"https:\/\/www.miomiorun.com\/app\/uploads\/2024\/12\/saucony-Ride-18-W-peach-sunny-S11000-140.webp","contentUrl":"https:\/\/www.miomiorun.com\/app\/uploads\/2024\/12\/saucony-Ride-18-W-peach-sunny-S11000-140.webp","width":600,"height":600,"caption":"saucony Ride 18 W peach sunny S11000-140"},{"@type":"BreadcrumbList","@id":"https:\/\/www.miomiorun.com\/de\/produkt\/ride-18-damen\/#breadcrumb","itemListElement":[{"@type":"ListItem","position":1,"name":"Home","item":"https:\/\/www.miomiorun.com\/de\/"},{"@type":"ListItem","position":2,"name":"Shop","item":"https:\/\/www.miomiorun.com\/shop\/"},{"@type":"ListItem","position":3,"name":"Ride 18 damen"}]},{"@type":"WebSite","@id":"https:\/\/www.miomiorun.com\/de\/#website","url":"https:\/\/www.miomiorun.com\/de\/","name":"MioMioRun","description":"100% Lauf- und Trailshop","publisher":{"@id":"https:\/\/www.miomiorun.com\/de\/#organization"},"potentialAction":[{"@type":"SearchAction","target":{"@type":"EntryPoint","urlTemplate":"https:\/\/www.miomiorun.com\/de\/?s={search_term_string}"},"query-input":{"@type":"PropertyValueSpecification","valueRequired":true,"valueName":"search_term_string"}}],"inLanguage":"de-DE"},{"@type":"Organization","@id":"https:\/\/www.miomiorun.com\/de\/#organization","name":"MioMio Run","url":"https:\/\/www.miomiorun.com\/de\/","logo":{"@type":"ImageObject","inLanguage":"de-DE","@id":"https:\/\/www.miomiorun.com\/de\/#\/schema\/logo\/image\/","url":"https:\/\/www.miomiorun.com\/app\/uploads\/2019\/12\/logomio.png","contentUrl":"https:\/\/www.miomiorun.com\/app\/uploads\/2019\/12\/logomio.png","width":115,"height":82,"caption":"MioMio Run"},"image":{"@id":"https:\/\/www.miomiorun.com\/de\/#\/schema\/logo\/image\/"},"sameAs":["https:\/\/www.facebook.com\/miomiorun\/","https:\/\/www.instagram.com\/miomiorun\/"]}]}},"_links":{"self":[{"href":"https:\/\/www.miomiorun.com\/de\/wp-json\/wp\/v2\/product\/216798","targetHints":{"allow":["GET"]}}],"collection":[{"href":"https:\/\/www.miomiorun.com\/de\/wp-json\/wp\/v2\/product"}],"about":[{"href":"https:\/\/www.miomiorun.com\/de\/wp-json\/wp\/v2\/types\/product"}],"wp:featuredmedia":[{"embeddable":true,"href":"https:\/\/www.miomiorun.com\/de\/wp-json\/wp\/v2\/media\/217806"}],"wp:attachment":[{"href":"https:\/\/www.miomiorun.com\/de\/wp-json\/wp\/v2\/media?parent=216798"}],"wp:term":[{"taxonomy":"product_brand","embeddable":true,"href":"https:\/\/www.miomiorun.com\/de\/wp-json\/wp\/v2\/product_brand?post=216798"},{"taxonomy":"product_cat","embeddable":true,"href":"https:\/\/www.miomiorun.com\/de\/wp-json\/wp\/v2\/product_cat?post=216798"},{"taxonomy":"product_tag","embeddable":true,"href":"https:\/\/www.miomiorun.com\/de\/wp-json\/wp\/v2\/product_tag?post=216798"}],"curies":[{"name":"wp","href":"https:\/\/api.w.org\/{rel}","templated":true}]}}