{"id":213569,"date":"2024-10-29T15:34:59","date_gmt":"2024-10-29T14:34:59","guid":{"rendered":"https:\/\/miomiorun.com\/?post_type=product&#038;p=213569"},"modified":"2026-04-27T22:29:55","modified_gmt":"2026-04-27T20:29:55","slug":"limited-2024-mid-cut-socken-damen","status":"publish","type":"product","link":"https:\/\/www.miomiorun.com\/de\/produkt\/limited-2024-mid-cut-socken-damen\/","title":{"rendered":"Limited 2024 Mid Cut Socken damen"},"content":{"rendered":"<h2>Maximale Kontrolle, weniger Verletzungsgefahr und Blasenrisiko dank der Run Limited 2024. Mid Cut Damensocken.<\/h2>\n<p>Die Run Limited 2024 Mid Cut Damensocken fallen durch ihre eleganten Neon-Akzente immer auf. Das ANTI-SLIP PROFIL bietet mehr Halt und Kontrolle im Schuh. Hinzu kommt der Kompressionseffekt: Die mit Tiefensensoren stabilisierten Gelenke sind weniger verletzungsanf\u00e4llig und auch die Blasengefahr wird reduziert.<\/p>\n<h3>Mehr Kontrolle und direktes Laufgef\u00fchl<\/h3>\n<p>Wenn Sie Ihr neues Lauflimit testen, wollen Sie keinen Millimeter verlieren. Sie wollen die Energie direkt auf die Stra\u00dfe \u00fcbertragen. Ein Hin- und Herrutschen im Schuh w\u00e4re da nur hinderlich. Die Run Limited 2024 Socken verhindern genau das, dank der elegant angeordneten Streifen des ANTI-SLIP PROFILs. Sie sp\u00fcren mehr Halt und Kontrolle im Schuh und genie\u00dfen ein direktes Laufgef\u00fchl.<\/p>\n<h3>Mehr Stabilit\u00e4t durch Kompression<\/h3>\n<p>Gut durchblutete Gelenke sind beweglicher und widerstandsf\u00e4higer. Die mittelhohen Laufsocken erreichen dies durch ihre hautnahe Kompression. Sie sorgt f\u00fcr eine tiefe sensorische Stimulation der Sprunggelenke. Das erh\u00f6ht die Gelenkstabilit\u00e4t und hilft, das Verletzungsrisiko zu verringern.<\/p>\n<h3>Weniger Blasen, mehr Lauffreude<\/h3>\n<p>Blasen ruinieren nicht nur das Hochgef\u00fchl eines jeden L\u00e4ufers, sondern auch die folgenden L\u00e4ufe. Denn sie hindern Sie daran, Ihre pers\u00f6nliche Bestleistung zu erzielen. Das Gegenmittel: die Kombination aus komfortablem, \u00d6kotex-zertifiziertem Recyclingmaterial in den Laufsocken und deren Kompressionspassform. Kein Scheuern und das Risiko von Blasenbildung wird reduziert.<\/p>\n<p><strong>Eigenschaften:<\/strong><\/p>\n<ul>\n<li>\u00a0ANTI-SLIP-PROFIL erh\u00f6ht die Griffigkeit des Schuhs durch unterschiedlich angeordnete Streifen f\u00fcr mehr Kontrolle und ein direktes Laufgef\u00fchl.<\/li>\n<li>Die Kompressionspassform stimuliert die Gelenke mit tiefen sensorischen Reizen und schafft mehr Stabilit\u00e4t. Das Verletzungsrisiko wird reduziert.<\/li>\n<li>Das komfortable Recyclingmaterial und die kompressive Passform minimieren die Blasenbildung.<\/li>\n<li>Material: 86 % Polyamid, 14 % Elastan.<\/li>\n<\/ul>\n","protected":false},"excerpt":{"rendered":"<ul>\n<li><strong>Bessere Kontrolle und Stabilit\u00e4t:<\/strong> Das ANTI-SLIP PROFIL verbessert den Halt im Schuh und sorgt f\u00fcr ein stabileres und pr\u00e4ziseres Fahrverhalten.<\/li>\n<li><strong>Geringeres Verletzungsrisiko:<\/strong> Die Kompression stimuliert die Gelenke, erh\u00f6ht die Stabilit\u00e4t und reduziert die Verletzungsgefahr.<\/li>\n<li><strong>Komfortable, blasenhemmende Materialien:<\/strong> Die Kompressionspassform und die recycelten Materialien minimieren das Risiko von Blasenbildung und sorgen f\u00fcr ein nahtloses Laufgef\u00fchl.<\/li>\n<\/ul>\n","protected":false},"featured_media":219913,"template":"","meta":{"_acf_changed":false,"inline_featured_image":false},"product_brand":[],"product_cat":[6400,6401,6402],"product_tag":[3408,6210],"class_list":{"0":"post-213569","1":"product","2":"type-product","3":"status-publish","4":"has-post-thumbnail","6":"product_cat-damen","7":"product_cat-damenbekleidung","8":"product_cat-damensocken-de","9":"product_tag-cep-de","10":"product_tag-cep-damen-de","11":"pa_attivita-gehen","12":"pa_attivita-running-de","13":"pa_colore-ltd-edition-2024-mid-cut-black-neon-pi-w-de","14":"pa_colore-ltd-edition-2024-mid-cut-cream-neon-w-de","15":"pa_marca-cep-de","16":"pa_sesso-damen","17":"pa_size-34-37-de","18":"pa_size-37-40-de","19":"pa_size-40-43-de","21":"first","22":"instock","23":"sale","24":"taxable","25":"shipping-taxable","26":"purchasable","27":"product-type-variable","28":"wvs-archive-product-wrapper"},"acf":[],"yoast_head":"<!-- This site is optimized with the Yoast SEO plugin v26.8 - https:\/\/yoast.com\/product\/yoast-seo-wordpress\/ -->\n<title>Cep Limited 2024 Mid Cut Socken damen - Laufende Socken - MioMioRun<\/title>\n<meta name=\"description\" content=\"LDie Run Limited 2024 Mid Cut Damensocken fallen dank ihrer eleganten Neon-Akzente immer auf. Das ANTI-SLIP PROFIL bietet mehr Grip\" \/>\n<meta name=\"robots\" content=\"index, follow, max-snippet:-1, max-image-preview:large, max-video-preview:-1\" \/>\n<link rel=\"canonical\" href=\"https:\/\/www.miomiorun.com\/de\/produkt\/limited-2024-mid-cut-socken-damen\/\" \/>\n<meta property=\"og:locale\" content=\"de_DE\" \/>\n<meta property=\"og:type\" content=\"article\" \/>\n<meta property=\"og:title\" content=\"Cep Limited 2024 Mid Cut Socken damen - Laufende Socken - MioMioRun\" \/>\n<meta property=\"og:description\" content=\"LDie Run Limited 2024 Mid Cut Damensocken fallen dank ihrer eleganten Neon-Akzente immer auf. Das ANTI-SLIP PROFIL bietet mehr Grip\" \/>\n<meta property=\"og:url\" content=\"https:\/\/www.miomiorun.com\/de\/produkt\/limited-2024-mid-cut-socken-damen\/\" \/>\n<meta property=\"og:site_name\" content=\"MioMioRun\" \/>\n<meta property=\"article:publisher\" content=\"https:\/\/www.facebook.com\/miomiorun\/\" \/>\n<meta property=\"article:modified_time\" content=\"2026-04-27T20:29:55+00:00\" \/>\n<meta property=\"og:image\" content=\"https:\/\/www.miomiorun.com\/app\/uploads\/2024\/12\/cep-Ltd-edition-2024-mid-cut-black-neon-pi-W-CPWP7CEC-891.webp\" \/>\n\t<meta property=\"og:image:width\" content=\"600\" \/>\n\t<meta property=\"og:image:height\" content=\"600\" \/>\n\t<meta property=\"og:image:type\" content=\"image\/webp\" \/>\n<meta name=\"twitter:card\" content=\"summary_large_image\" \/>\n<meta name=\"twitter:label1\" content=\"Est. reading time\" \/>\n\t<meta name=\"twitter:data1\" content=\"1 minute\" \/>\n<script type=\"application\/ld+json\" class=\"yoast-schema-graph\">{\"@context\":\"https:\/\/schema.org\",\"@graph\":[{\"@type\":\"WebPage\",\"@id\":\"https:\/\/www.miomiorun.com\/de\/produkt\/limited-2024-mid-cut-socken-damen\/\",\"url\":\"https:\/\/www.miomiorun.com\/de\/produkt\/limited-2024-mid-cut-socken-damen\/\",\"name\":\"Cep Limited 2024 Mid Cut Socken damen - Laufende Socken - MioMioRun\",\"isPartOf\":{\"@id\":\"https:\/\/www.miomiorun.com\/de\/#website\"},\"primaryImageOfPage\":{\"@id\":\"https:\/\/www.miomiorun.com\/de\/produkt\/limited-2024-mid-cut-socken-damen\/#primaryimage\"},\"image\":{\"@id\":\"https:\/\/www.miomiorun.com\/de\/produkt\/limited-2024-mid-cut-socken-damen\/#primaryimage\"},\"thumbnailUrl\":\"https:\/\/www.miomiorun.com\/app\/uploads\/2024\/12\/cep-Ltd-edition-2024-mid-cut-black-neon-pi-W-CPWP7CEC-891.webp\",\"datePublished\":\"2024-10-29T14:34:59+00:00\",\"dateModified\":\"2026-04-27T20:29:55+00:00\",\"description\":\"LDie Run Limited 2024 Mid Cut Damensocken fallen dank ihrer eleganten Neon-Akzente immer auf. Das ANTI-SLIP PROFIL bietet mehr Grip\",\"breadcrumb\":{\"@id\":\"https:\/\/www.miomiorun.com\/de\/produkt\/limited-2024-mid-cut-socken-damen\/#breadcrumb\"},\"inLanguage\":\"de-DE\",\"potentialAction\":[{\"@type\":\"ReadAction\",\"target\":[\"https:\/\/www.miomiorun.com\/de\/produkt\/limited-2024-mid-cut-socken-damen\/\"]}]},{\"@type\":\"ImageObject\",\"inLanguage\":\"de-DE\",\"@id\":\"https:\/\/www.miomiorun.com\/de\/produkt\/limited-2024-mid-cut-socken-damen\/#primaryimage\",\"url\":\"https:\/\/www.miomiorun.com\/app\/uploads\/2024\/12\/cep-Ltd-edition-2024-mid-cut-black-neon-pi-W-CPWP7CEC-891.webp\",\"contentUrl\":\"https:\/\/www.miomiorun.com\/app\/uploads\/2024\/12\/cep-Ltd-edition-2024-mid-cut-black-neon-pi-W-CPWP7CEC-891.webp\",\"width\":600,\"height\":600,\"caption\":\"cep Ltd edition 2024 mid cut black neon pi W CPWP7CEC-891\"},{\"@type\":\"BreadcrumbList\",\"@id\":\"https:\/\/www.miomiorun.com\/de\/produkt\/limited-2024-mid-cut-socken-damen\/#breadcrumb\",\"itemListElement\":[{\"@type\":\"ListItem\",\"position\":1,\"name\":\"Home\",\"item\":\"https:\/\/www.miomiorun.com\/de\/\"},{\"@type\":\"ListItem\",\"position\":2,\"name\":\"Shop\",\"item\":\"https:\/\/www.miomiorun.com\/shop\/\"},{\"@type\":\"ListItem\",\"position\":3,\"name\":\"Limited 2024 Mid Cut Socken damen\"}]},{\"@type\":\"WebSite\",\"@id\":\"https:\/\/www.miomiorun.com\/de\/#website\",\"url\":\"https:\/\/www.miomiorun.com\/de\/\",\"name\":\"MioMioRun\",\"description\":\"100% Lauf- und Trailshop\",\"publisher\":{\"@id\":\"https:\/\/www.miomiorun.com\/de\/#organization\"},\"potentialAction\":[{\"@type\":\"SearchAction\",\"target\":{\"@type\":\"EntryPoint\",\"urlTemplate\":\"https:\/\/www.miomiorun.com\/de\/?s={search_term_string}\"},\"query-input\":{\"@type\":\"PropertyValueSpecification\",\"valueRequired\":true,\"valueName\":\"search_term_string\"}}],\"inLanguage\":\"de-DE\"},{\"@type\":\"Organization\",\"@id\":\"https:\/\/www.miomiorun.com\/de\/#organization\",\"name\":\"MioMio Run\",\"url\":\"https:\/\/www.miomiorun.com\/de\/\",\"logo\":{\"@type\":\"ImageObject\",\"inLanguage\":\"de-DE\",\"@id\":\"https:\/\/www.miomiorun.com\/de\/#\/schema\/logo\/image\/\",\"url\":\"https:\/\/www.miomiorun.com\/app\/uploads\/2019\/12\/logomio.png\",\"contentUrl\":\"https:\/\/www.miomiorun.com\/app\/uploads\/2019\/12\/logomio.png\",\"width\":115,\"height\":82,\"caption\":\"MioMio Run\"},\"image\":{\"@id\":\"https:\/\/www.miomiorun.com\/de\/#\/schema\/logo\/image\/\"},\"sameAs\":[\"https:\/\/www.facebook.com\/miomiorun\/\",\"https:\/\/www.instagram.com\/miomiorun\/\"]}]}<\/script>\n<!-- \/ Yoast SEO plugin. -->","yoast_head_json":{"title":"Cep Limited 2024 Mid Cut Socken damen - Laufende Socken - MioMioRun","description":"LDie Run Limited 2024 Mid Cut Damensocken fallen dank ihrer eleganten Neon-Akzente immer auf. Das ANTI-SLIP PROFIL bietet mehr Grip","robots":{"index":"index","follow":"follow","max-snippet":"max-snippet:-1","max-image-preview":"max-image-preview:large","max-video-preview":"max-video-preview:-1"},"canonical":"https:\/\/www.miomiorun.com\/de\/produkt\/limited-2024-mid-cut-socken-damen\/","og_locale":"de_DE","og_type":"article","og_title":"Cep Limited 2024 Mid Cut Socken damen - Laufende Socken - MioMioRun","og_description":"LDie Run Limited 2024 Mid Cut Damensocken fallen dank ihrer eleganten Neon-Akzente immer auf. Das ANTI-SLIP PROFIL bietet mehr Grip","og_url":"https:\/\/www.miomiorun.com\/de\/produkt\/limited-2024-mid-cut-socken-damen\/","og_site_name":"MioMioRun","article_publisher":"https:\/\/www.facebook.com\/miomiorun\/","article_modified_time":"2026-04-27T20:29:55+00:00","og_image":[{"width":600,"height":600,"url":"https:\/\/www.miomiorun.com\/app\/uploads\/2024\/12\/cep-Ltd-edition-2024-mid-cut-black-neon-pi-W-CPWP7CEC-891.webp","type":"image\/webp"}],"twitter_card":"summary_large_image","twitter_misc":{"Est. reading time":"1 minute"},"schema":{"@context":"https:\/\/schema.org","@graph":[{"@type":"WebPage","@id":"https:\/\/www.miomiorun.com\/de\/produkt\/limited-2024-mid-cut-socken-damen\/","url":"https:\/\/www.miomiorun.com\/de\/produkt\/limited-2024-mid-cut-socken-damen\/","name":"Cep Limited 2024 Mid Cut Socken damen - Laufende Socken - MioMioRun","isPartOf":{"@id":"https:\/\/www.miomiorun.com\/de\/#website"},"primaryImageOfPage":{"@id":"https:\/\/www.miomiorun.com\/de\/produkt\/limited-2024-mid-cut-socken-damen\/#primaryimage"},"image":{"@id":"https:\/\/www.miomiorun.com\/de\/produkt\/limited-2024-mid-cut-socken-damen\/#primaryimage"},"thumbnailUrl":"https:\/\/www.miomiorun.com\/app\/uploads\/2024\/12\/cep-Ltd-edition-2024-mid-cut-black-neon-pi-W-CPWP7CEC-891.webp","datePublished":"2024-10-29T14:34:59+00:00","dateModified":"2026-04-27T20:29:55+00:00","description":"LDie Run Limited 2024 Mid Cut Damensocken fallen dank ihrer eleganten Neon-Akzente immer auf. Das ANTI-SLIP PROFIL bietet mehr Grip","breadcrumb":{"@id":"https:\/\/www.miomiorun.com\/de\/produkt\/limited-2024-mid-cut-socken-damen\/#breadcrumb"},"inLanguage":"de-DE","potentialAction":[{"@type":"ReadAction","target":["https:\/\/www.miomiorun.com\/de\/produkt\/limited-2024-mid-cut-socken-damen\/"]}]},{"@type":"ImageObject","inLanguage":"de-DE","@id":"https:\/\/www.miomiorun.com\/de\/produkt\/limited-2024-mid-cut-socken-damen\/#primaryimage","url":"https:\/\/www.miomiorun.com\/app\/uploads\/2024\/12\/cep-Ltd-edition-2024-mid-cut-black-neon-pi-W-CPWP7CEC-891.webp","contentUrl":"https:\/\/www.miomiorun.com\/app\/uploads\/2024\/12\/cep-Ltd-edition-2024-mid-cut-black-neon-pi-W-CPWP7CEC-891.webp","width":600,"height":600,"caption":"cep Ltd edition 2024 mid cut black neon pi W CPWP7CEC-891"},{"@type":"BreadcrumbList","@id":"https:\/\/www.miomiorun.com\/de\/produkt\/limited-2024-mid-cut-socken-damen\/#breadcrumb","itemListElement":[{"@type":"ListItem","position":1,"name":"Home","item":"https:\/\/www.miomiorun.com\/de\/"},{"@type":"ListItem","position":2,"name":"Shop","item":"https:\/\/www.miomiorun.com\/shop\/"},{"@type":"ListItem","position":3,"name":"Limited 2024 Mid Cut Socken damen"}]},{"@type":"WebSite","@id":"https:\/\/www.miomiorun.com\/de\/#website","url":"https:\/\/www.miomiorun.com\/de\/","name":"MioMioRun","description":"100% Lauf- und Trailshop","publisher":{"@id":"https:\/\/www.miomiorun.com\/de\/#organization"},"potentialAction":[{"@type":"SearchAction","target":{"@type":"EntryPoint","urlTemplate":"https:\/\/www.miomiorun.com\/de\/?s={search_term_string}"},"query-input":{"@type":"PropertyValueSpecification","valueRequired":true,"valueName":"search_term_string"}}],"inLanguage":"de-DE"},{"@type":"Organization","@id":"https:\/\/www.miomiorun.com\/de\/#organization","name":"MioMio Run","url":"https:\/\/www.miomiorun.com\/de\/","logo":{"@type":"ImageObject","inLanguage":"de-DE","@id":"https:\/\/www.miomiorun.com\/de\/#\/schema\/logo\/image\/","url":"https:\/\/www.miomiorun.com\/app\/uploads\/2019\/12\/logomio.png","contentUrl":"https:\/\/www.miomiorun.com\/app\/uploads\/2019\/12\/logomio.png","width":115,"height":82,"caption":"MioMio Run"},"image":{"@id":"https:\/\/www.miomiorun.com\/de\/#\/schema\/logo\/image\/"},"sameAs":["https:\/\/www.facebook.com\/miomiorun\/","https:\/\/www.instagram.com\/miomiorun\/"]}]}},"_links":{"self":[{"href":"https:\/\/www.miomiorun.com\/de\/wp-json\/wp\/v2\/product\/213569","targetHints":{"allow":["GET"]}}],"collection":[{"href":"https:\/\/www.miomiorun.com\/de\/wp-json\/wp\/v2\/product"}],"about":[{"href":"https:\/\/www.miomiorun.com\/de\/wp-json\/wp\/v2\/types\/product"}],"wp:featuredmedia":[{"embeddable":true,"href":"https:\/\/www.miomiorun.com\/de\/wp-json\/wp\/v2\/media\/219913"}],"wp:attachment":[{"href":"https:\/\/www.miomiorun.com\/de\/wp-json\/wp\/v2\/media?parent=213569"}],"wp:term":[{"taxonomy":"product_brand","embeddable":true,"href":"https:\/\/www.miomiorun.com\/de\/wp-json\/wp\/v2\/product_brand?post=213569"},{"taxonomy":"product_cat","embeddable":true,"href":"https:\/\/www.miomiorun.com\/de\/wp-json\/wp\/v2\/product_cat?post=213569"},{"taxonomy":"product_tag","embeddable":true,"href":"https:\/\/www.miomiorun.com\/de\/wp-json\/wp\/v2\/product_tag?post=213569"}],"curies":[{"name":"wp","href":"https:\/\/api.w.org\/{rel}","templated":true}]}}