{"id":213333,"date":"2024-10-29T14:16:40","date_gmt":"2024-10-29T13:16:40","guid":{"rendered":"https:\/\/miomiorun.com\/?post_type=product&#038;p=213333"},"modified":"2026-05-08T22:27:24","modified_gmt":"2026-05-08T20:27:24","slug":"akyra-ii-herren","status":"publish","type":"product","link":"https:\/\/www.miomiorun.com\/de\/produkt\/akyra-ii-herren\/","title":{"rendered":"Akyra II herren"},"content":{"rendered":"<div class=\"vc-row container\"><div class=\"vc-column\"><div class=\"vc-column-text\"><\/p>\n<p><strong>Technische Daten<\/strong><\/p>\n<p>Kategorie: Top-D\u00e4mpfung<br \/>\nVersatz: 9 mm<br \/>\nGewicht: 365 g<br \/>\nIdeal f\u00fcr: Bergl\u00e4ufer, die ein solides und robustes Modell suchen, das sowohl auf langen als auch auf mittleren Distanzen in der Wintersaison Traktion, Schutz und eine bequeme Passform bietet.<br \/>\nGewicht des Athleten: 70-90 kg<br \/>\nLauftempo : langsam (&gt;5.30 min\/km)<br \/>\n<a href=\"https:\/\/miomiorun.com\/de\/leitfaden-fuer-technische-spezifikationen\/\">Leitfaden f\u00fcr technische Spezifikationen<\/a><\/p>\n<p><\/div><\/div><div class=\"vc-column\"><div class=\"vc-column-text\">Der <strong>Akyra II<\/strong> f\u00fcr Herren ist der perfekte Schuh f\u00fcr alle, die Schutz und Unterst\u00fctzung suchen, aber nicht auf Agilit\u00e4t und Geschwindigkeit verzichten wollen. Das 3D Grid\u2122 KPU-Obermaterial und die Impact Brake System\u2122-Au\u00dfensohle bieten Stabilit\u00e4t und Schutz, w\u00e4hrend der Trail Rocker\u2122 in Kombination mit der bequemen und flexiblen Passform jedem Schritt Dynamik verleiht.<\/p>\n<h3>Technische Informationen<\/h3>\n<p><strong>Einlegesohle:<\/strong><br \/>\nOrtholite 5 mm Wandersohle<br \/>\n<strong>Zwischensohle:<\/strong><br \/>\nSpritzgegossenes EVA mit BIO-basierten Komponenten<br \/>\n<strong>Innenfutter:<\/strong><br \/>\nRutschfestes Mesh<br \/>\n<strong>Laufsohle:<\/strong><br \/>\nDual Compound Frixion XT Red mit Trail Rocker+ Impact Brake System Berglauf<br \/>\n<strong>Obermaterial:<\/strong><br \/>\n3-lagige Obermaterialkonstruktion+ 3D Grid\u2122 Konstruktion in KPU<\/p>\n<h3>Eigenschaften:<\/h3>\n<ul>\n<li>Garantierte Stabilit\u00e4t und Fu\u00dfschutz dank 3D Grid\u2122 in KPU<\/li>\n<li>Komfort und Atmungsaktivit\u00e4t dank der 3-lagigen Oberkonstruktion<\/li>\n<li>Sohle mit exklusivem Trail Rocker\u2122 System: f\u00f6rdert ein nat\u00fcrliches Abrollen des Fu\u00dfes<\/li>\n<\/ul>\n<p><a class=\"d-flex flex-column align-items-center text-center\"> <img loading=\"lazy\" decoding=\"async\" class=\" ls-is-cached lazyloaded\" src=\"https:\/\/www.lasportiva.com\/media\/techinfo_icons\/friction-red.png\" alt=\"La Sportiva\" width=\"75\" height=\"75\" data-src=\"https:\/\/www.lasportiva.com\/media\/techinfo_icons\/friction-red.png\" \/> <\/a><\/p>\n<p><strong>Frixion XT Red:<\/strong> Die FriXion\u00ae-Mischungen von La Sportiva wurden entwickelt, um Lauffl\u00e4chen mit unterschiedlichen Grip- und Strapazierf\u00e4higkeitsparametern zu schaffen, je nach Art der Nutzung und des Gel\u00e4ndes, auf dem die La Sportiva-Schuhe eingesetzt werden.<\/p>\n<p><a class=\"d-flex flex-column align-items-center text-center\"> <img loading=\"lazy\" decoding=\"async\" class=\" lazyloaded\" src=\"https:\/\/www.lasportiva.com\/media\/techinfo_icons\/o\/r\/ortholitehybridred_75x75_1.png\" alt=\"La Sportiva\" width=\"75\" height=\"75\" data-src=\"https:\/\/www.lasportiva.com\/media\/techinfo_icons\/o\/r\/ortholitehybridred_75x75_1.png\" \/><\/a><\/p>\n<p><strong>Ortholite_Red:<\/strong> Die Modelle der Mountain Running\u00ae-Linie sind mit den exklusiven, umweltfreundlichen La Sportiva by OrthoLite\u00ae Hybrid-Einlegesohlen ausgestattet, die zu 20 % aus recycelten Materialien aus dem Produktionszyklus bestehen. Diese Einlegesohlen sind sowohl f\u00fcr M\u00e4nner- als auch f\u00fcr Frauenf\u00fc\u00dfe konzipiert und nehmen unterschiedliche Dicken und Materialien in Bezug auf das durchschnittliche Gewicht des Benutzers an.<\/p>\n<p><a class=\"d-flex flex-column align-items-center text-center\"> <img loading=\"lazy\" decoding=\"async\" class=\" ls-is-cached lazyloaded\" src=\"https:\/\/www.lasportiva.com\/media\/techinfo_icons\/impact-brake-system.png\" alt=\"La Sportiva\" width=\"75\" height=\"75\" data-src=\"https:\/\/www.lasportiva.com\/media\/techinfo_icons\/impact-brake-system.png\" \/> <\/a><\/p>\n<p><strong>Impact Brake System Mountain Running:<\/strong> Innovatives, auf die Sohle aufgebrachtes System, das St\u00f6\u00dfe absorbiert, die Traktion unterst\u00fctzt und beim Bremsen h\u00e4lt.<br \/>\nEs wurde vom Forschungs- und Entwicklungszentrum von La Sportiva konzipiert und entwickelt und bietet echte Vorteile beim Laufen, indem es die negativen Auswirkungen auf den Boden reduziert. Die besondere Anordnung der Bl\u00f6cke sorgt daf\u00fcr, dass einige von ihnen zuerst mit dem Boden in Ber\u00fchrung kommen und so die Lauffl\u00e4che weicher machen.<\/div><\/div><\/div>\n","protected":false},"excerpt":{"rendered":"<ul>\n<li>Umh\u00fcllend, bequem und sch\u00fctzend.<\/li>\n<li>Ideal f\u00fcr lange Off-Road-Touren.<\/li>\n<\/ul>\n","protected":false},"featured_media":215881,"template":"","meta":{"_acf_changed":false,"inline_featured_image":false},"product_brand":[],"product_cat":[6507,6504],"product_tag":[6248,6218],"class_list":{"0":"post-213333","1":"product","2":"type-product","3":"status-publish","4":"has-post-thumbnail","6":"product_cat-herren-schuhe-de","7":"product_cat-trail","8":"product_tag-la-sportiva-de","9":"product_tag-la-sportiva-herren-de","10":"pa_attivita-outdoor-de","11":"pa_colore-akyra-ii-hurricane-cherry-tomato-de","12":"pa_colore-akyra-ii-night-sky-cypress-de","13":"pa_colore-akyra-ii-tropic-blue-bamboo-de","14":"pa_marca-la-sportiva-de","15":"pa_sesso-herren","16":"pa_size-42-de","17":"pa_size-42-5-de","18":"pa_size-43-de","19":"pa_size-43-5-de","20":"pa_size-44-de","21":"pa_size-44-5-de","22":"pa_size-45-de","23":"pa_size-45-5-de","24":"pa_size-46-de","25":"pa_size-46-5-de","27":"first","28":"instock","29":"sale","30":"taxable","31":"shipping-taxable","32":"purchasable","33":"product-type-variable","34":"wvs-archive-product-wrapper"},"acf":[],"yoast_head":"<!-- This site is optimized with the Yoast SEO plugin v26.8 - https:\/\/yoast.com\/product\/yoast-seo-wordpress\/ -->\n<title>La sportiva Akyra II herren - Herren-Trail-Schuhe MioMioRun<\/title>\n<meta name=\"description\" content=\"Der Akyra II f\u00fcr Herren ist der perfekte Schuh f\u00fcr alle, die Schutz und Halt suchen, aber nicht auf Beweglichkeit und Geschwindigkeit verzichten wollen.\" \/>\n<meta name=\"robots\" content=\"index, follow, max-snippet:-1, max-image-preview:large, max-video-preview:-1\" \/>\n<link rel=\"canonical\" href=\"https:\/\/www.miomiorun.com\/de\/produkt\/akyra-ii-herren\/\" \/>\n<meta property=\"og:locale\" content=\"de_DE\" \/>\n<meta property=\"og:type\" content=\"article\" \/>\n<meta property=\"og:title\" content=\"La sportiva Akyra II herren - Herren-Trail-Schuhe MioMioRun\" \/>\n<meta property=\"og:description\" content=\"Der Akyra II f\u00fcr Herren ist der perfekte Schuh f\u00fcr alle, die Schutz und Halt suchen, aber nicht auf Beweglichkeit und Geschwindigkeit verzichten wollen.\" \/>\n<meta property=\"og:url\" content=\"https:\/\/www.miomiorun.com\/de\/produkt\/akyra-ii-herren\/\" \/>\n<meta property=\"og:site_name\" content=\"MioMioRun\" \/>\n<meta property=\"article:publisher\" content=\"https:\/\/www.facebook.com\/miomiorun\/\" \/>\n<meta property=\"article:modified_time\" content=\"2026-05-08T20:27:24+00:00\" \/>\n<meta property=\"og:image\" content=\"https:\/\/www.miomiorun.com\/app\/uploads\/2024\/11\/La-Sportiva-Akyra-II-Hurricane-cherry-tomato-44F642322.webp\" \/>\n\t<meta property=\"og:image:width\" content=\"600\" \/>\n\t<meta property=\"og:image:height\" content=\"600\" \/>\n\t<meta property=\"og:image:type\" content=\"image\/webp\" \/>\n<meta name=\"twitter:card\" content=\"summary_large_image\" \/>\n<meta name=\"twitter:label1\" content=\"Est. reading time\" \/>\n\t<meta name=\"twitter:data1\" content=\"2 minutes\" \/>\n<script type=\"application\/ld+json\" class=\"yoast-schema-graph\">{\"@context\":\"https:\/\/schema.org\",\"@graph\":[{\"@type\":\"WebPage\",\"@id\":\"https:\/\/www.miomiorun.com\/de\/produkt\/akyra-ii-herren\/\",\"url\":\"https:\/\/www.miomiorun.com\/de\/produkt\/akyra-ii-herren\/\",\"name\":\"La sportiva Akyra II herren - Herren-Trail-Schuhe MioMioRun\",\"isPartOf\":{\"@id\":\"https:\/\/www.miomiorun.com\/de\/#website\"},\"primaryImageOfPage\":{\"@id\":\"https:\/\/www.miomiorun.com\/de\/produkt\/akyra-ii-herren\/#primaryimage\"},\"image\":{\"@id\":\"https:\/\/www.miomiorun.com\/de\/produkt\/akyra-ii-herren\/#primaryimage\"},\"thumbnailUrl\":\"https:\/\/www.miomiorun.com\/app\/uploads\/2024\/11\/La-Sportiva-Akyra-II-Hurricane-cherry-tomato-44F642322.webp\",\"datePublished\":\"2024-10-29T13:16:40+00:00\",\"dateModified\":\"2026-05-08T20:27:24+00:00\",\"description\":\"Der Akyra II f\u00fcr Herren ist der perfekte Schuh f\u00fcr alle, die Schutz und Halt suchen, aber nicht auf Beweglichkeit und Geschwindigkeit verzichten wollen.\",\"breadcrumb\":{\"@id\":\"https:\/\/www.miomiorun.com\/de\/produkt\/akyra-ii-herren\/#breadcrumb\"},\"inLanguage\":\"de-DE\",\"potentialAction\":[{\"@type\":\"ReadAction\",\"target\":[\"https:\/\/www.miomiorun.com\/de\/produkt\/akyra-ii-herren\/\"]}]},{\"@type\":\"ImageObject\",\"inLanguage\":\"de-DE\",\"@id\":\"https:\/\/www.miomiorun.com\/de\/produkt\/akyra-ii-herren\/#primaryimage\",\"url\":\"https:\/\/www.miomiorun.com\/app\/uploads\/2024\/11\/La-Sportiva-Akyra-II-Hurricane-cherry-tomato-44F642322.webp\",\"contentUrl\":\"https:\/\/www.miomiorun.com\/app\/uploads\/2024\/11\/La-Sportiva-Akyra-II-Hurricane-cherry-tomato-44F642322.webp\",\"width\":600,\"height\":600,\"caption\":\"La Sportiva Akyra II Hurricane cherry tomato 44F642322\"},{\"@type\":\"BreadcrumbList\",\"@id\":\"https:\/\/www.miomiorun.com\/de\/produkt\/akyra-ii-herren\/#breadcrumb\",\"itemListElement\":[{\"@type\":\"ListItem\",\"position\":1,\"name\":\"Home\",\"item\":\"https:\/\/www.miomiorun.com\/de\/\"},{\"@type\":\"ListItem\",\"position\":2,\"name\":\"Shop\",\"item\":\"https:\/\/www.miomiorun.com\/shop\/\"},{\"@type\":\"ListItem\",\"position\":3,\"name\":\"Akyra II herren\"}]},{\"@type\":\"WebSite\",\"@id\":\"https:\/\/www.miomiorun.com\/de\/#website\",\"url\":\"https:\/\/www.miomiorun.com\/de\/\",\"name\":\"MioMioRun\",\"description\":\"100% Lauf- und Trailshop\",\"publisher\":{\"@id\":\"https:\/\/www.miomiorun.com\/de\/#organization\"},\"potentialAction\":[{\"@type\":\"SearchAction\",\"target\":{\"@type\":\"EntryPoint\",\"urlTemplate\":\"https:\/\/www.miomiorun.com\/de\/?s={search_term_string}\"},\"query-input\":{\"@type\":\"PropertyValueSpecification\",\"valueRequired\":true,\"valueName\":\"search_term_string\"}}],\"inLanguage\":\"de-DE\"},{\"@type\":\"Organization\",\"@id\":\"https:\/\/www.miomiorun.com\/de\/#organization\",\"name\":\"MioMio Run\",\"url\":\"https:\/\/www.miomiorun.com\/de\/\",\"logo\":{\"@type\":\"ImageObject\",\"inLanguage\":\"de-DE\",\"@id\":\"https:\/\/www.miomiorun.com\/de\/#\/schema\/logo\/image\/\",\"url\":\"https:\/\/www.miomiorun.com\/app\/uploads\/2019\/12\/logomio.png\",\"contentUrl\":\"https:\/\/www.miomiorun.com\/app\/uploads\/2019\/12\/logomio.png\",\"width\":115,\"height\":82,\"caption\":\"MioMio Run\"},\"image\":{\"@id\":\"https:\/\/www.miomiorun.com\/de\/#\/schema\/logo\/image\/\"},\"sameAs\":[\"https:\/\/www.facebook.com\/miomiorun\/\",\"https:\/\/www.instagram.com\/miomiorun\/\"]}]}<\/script>\n<!-- \/ Yoast SEO plugin. -->","yoast_head_json":{"title":"La sportiva Akyra II herren - Herren-Trail-Schuhe MioMioRun","description":"Der Akyra II f\u00fcr Herren ist der perfekte Schuh f\u00fcr alle, die Schutz und Halt suchen, aber nicht auf Beweglichkeit und Geschwindigkeit verzichten wollen.","robots":{"index":"index","follow":"follow","max-snippet":"max-snippet:-1","max-image-preview":"max-image-preview:large","max-video-preview":"max-video-preview:-1"},"canonical":"https:\/\/www.miomiorun.com\/de\/produkt\/akyra-ii-herren\/","og_locale":"de_DE","og_type":"article","og_title":"La sportiva Akyra II herren - Herren-Trail-Schuhe MioMioRun","og_description":"Der Akyra II f\u00fcr Herren ist der perfekte Schuh f\u00fcr alle, die Schutz und Halt suchen, aber nicht auf Beweglichkeit und Geschwindigkeit verzichten wollen.","og_url":"https:\/\/www.miomiorun.com\/de\/produkt\/akyra-ii-herren\/","og_site_name":"MioMioRun","article_publisher":"https:\/\/www.facebook.com\/miomiorun\/","article_modified_time":"2026-05-08T20:27:24+00:00","og_image":[{"width":600,"height":600,"url":"https:\/\/www.miomiorun.com\/app\/uploads\/2024\/11\/La-Sportiva-Akyra-II-Hurricane-cherry-tomato-44F642322.webp","type":"image\/webp"}],"twitter_card":"summary_large_image","twitter_misc":{"Est. reading time":"2 minutes"},"schema":{"@context":"https:\/\/schema.org","@graph":[{"@type":"WebPage","@id":"https:\/\/www.miomiorun.com\/de\/produkt\/akyra-ii-herren\/","url":"https:\/\/www.miomiorun.com\/de\/produkt\/akyra-ii-herren\/","name":"La sportiva Akyra II herren - Herren-Trail-Schuhe MioMioRun","isPartOf":{"@id":"https:\/\/www.miomiorun.com\/de\/#website"},"primaryImageOfPage":{"@id":"https:\/\/www.miomiorun.com\/de\/produkt\/akyra-ii-herren\/#primaryimage"},"image":{"@id":"https:\/\/www.miomiorun.com\/de\/produkt\/akyra-ii-herren\/#primaryimage"},"thumbnailUrl":"https:\/\/www.miomiorun.com\/app\/uploads\/2024\/11\/La-Sportiva-Akyra-II-Hurricane-cherry-tomato-44F642322.webp","datePublished":"2024-10-29T13:16:40+00:00","dateModified":"2026-05-08T20:27:24+00:00","description":"Der Akyra II f\u00fcr Herren ist der perfekte Schuh f\u00fcr alle, die Schutz und Halt suchen, aber nicht auf Beweglichkeit und Geschwindigkeit verzichten wollen.","breadcrumb":{"@id":"https:\/\/www.miomiorun.com\/de\/produkt\/akyra-ii-herren\/#breadcrumb"},"inLanguage":"de-DE","potentialAction":[{"@type":"ReadAction","target":["https:\/\/www.miomiorun.com\/de\/produkt\/akyra-ii-herren\/"]}]},{"@type":"ImageObject","inLanguage":"de-DE","@id":"https:\/\/www.miomiorun.com\/de\/produkt\/akyra-ii-herren\/#primaryimage","url":"https:\/\/www.miomiorun.com\/app\/uploads\/2024\/11\/La-Sportiva-Akyra-II-Hurricane-cherry-tomato-44F642322.webp","contentUrl":"https:\/\/www.miomiorun.com\/app\/uploads\/2024\/11\/La-Sportiva-Akyra-II-Hurricane-cherry-tomato-44F642322.webp","width":600,"height":600,"caption":"La Sportiva Akyra II Hurricane cherry tomato 44F642322"},{"@type":"BreadcrumbList","@id":"https:\/\/www.miomiorun.com\/de\/produkt\/akyra-ii-herren\/#breadcrumb","itemListElement":[{"@type":"ListItem","position":1,"name":"Home","item":"https:\/\/www.miomiorun.com\/de\/"},{"@type":"ListItem","position":2,"name":"Shop","item":"https:\/\/www.miomiorun.com\/shop\/"},{"@type":"ListItem","position":3,"name":"Akyra II herren"}]},{"@type":"WebSite","@id":"https:\/\/www.miomiorun.com\/de\/#website","url":"https:\/\/www.miomiorun.com\/de\/","name":"MioMioRun","description":"100% Lauf- und Trailshop","publisher":{"@id":"https:\/\/www.miomiorun.com\/de\/#organization"},"potentialAction":[{"@type":"SearchAction","target":{"@type":"EntryPoint","urlTemplate":"https:\/\/www.miomiorun.com\/de\/?s={search_term_string}"},"query-input":{"@type":"PropertyValueSpecification","valueRequired":true,"valueName":"search_term_string"}}],"inLanguage":"de-DE"},{"@type":"Organization","@id":"https:\/\/www.miomiorun.com\/de\/#organization","name":"MioMio Run","url":"https:\/\/www.miomiorun.com\/de\/","logo":{"@type":"ImageObject","inLanguage":"de-DE","@id":"https:\/\/www.miomiorun.com\/de\/#\/schema\/logo\/image\/","url":"https:\/\/www.miomiorun.com\/app\/uploads\/2019\/12\/logomio.png","contentUrl":"https:\/\/www.miomiorun.com\/app\/uploads\/2019\/12\/logomio.png","width":115,"height":82,"caption":"MioMio Run"},"image":{"@id":"https:\/\/www.miomiorun.com\/de\/#\/schema\/logo\/image\/"},"sameAs":["https:\/\/www.facebook.com\/miomiorun\/","https:\/\/www.instagram.com\/miomiorun\/"]}]}},"_links":{"self":[{"href":"https:\/\/www.miomiorun.com\/de\/wp-json\/wp\/v2\/product\/213333","targetHints":{"allow":["GET"]}}],"collection":[{"href":"https:\/\/www.miomiorun.com\/de\/wp-json\/wp\/v2\/product"}],"about":[{"href":"https:\/\/www.miomiorun.com\/de\/wp-json\/wp\/v2\/types\/product"}],"wp:featuredmedia":[{"embeddable":true,"href":"https:\/\/www.miomiorun.com\/de\/wp-json\/wp\/v2\/media\/215881"}],"wp:attachment":[{"href":"https:\/\/www.miomiorun.com\/de\/wp-json\/wp\/v2\/media?parent=213333"}],"wp:term":[{"taxonomy":"product_brand","embeddable":true,"href":"https:\/\/www.miomiorun.com\/de\/wp-json\/wp\/v2\/product_brand?post=213333"},{"taxonomy":"product_cat","embeddable":true,"href":"https:\/\/www.miomiorun.com\/de\/wp-json\/wp\/v2\/product_cat?post=213333"},{"taxonomy":"product_tag","embeddable":true,"href":"https:\/\/www.miomiorun.com\/de\/wp-json\/wp\/v2\/product_tag?post=213333"}],"curies":[{"name":"wp","href":"https:\/\/api.w.org\/{rel}","templated":true}]}}