{"id":213285,"date":"2024-10-29T13:56:38","date_gmt":"2024-10-29T12:56:38","guid":{"rendered":"https:\/\/miomiorun.com\/?post_type=product&#038;p=213285"},"modified":"2025-01-30T15:26:25","modified_gmt":"2025-01-30T14:26:25","slug":"neutrals-plueschhosen-herren","status":"publish","type":"product","link":"https:\/\/www.miomiorun.com\/de\/produkt\/neutrals-plueschhosen-herren\/","title":{"rendered":"Neutrals Pl\u00fcschhosen herren"},"content":{"rendered":"<p><strong>Neutrals ist eine Herrenhose<\/strong> aus gauziertem Fleece und zeichnet sich durch ein klares, schn\u00f6rkelloses Design aus, das sie sowohl f\u00fcr sportliche Aktivit\u00e4ten als auch f\u00fcr die Freizeit geeignet macht, ohne dabei auf Stil zu verzichten.<\/p>\n<h3>Eigenschaften:<\/h3>\n<ul>\n<li>Elastischer Bund mit verstellbarem Innenkordelzug<\/li>\n<li>Ges\u00e4\u00dftasche<\/li>\n<li>Elastischer Saum<\/li>\n<li>Schwarzes Jacquard-Etikett mit Logo<\/li>\n<li>Normale Passform<\/li>\n<li>Material: 100% Baumwolle<\/li>\n<\/ul>\n<h3>Waschen und Pflege<\/h3>\n<ul>\n<li>Maschinenw\u00e4sche bei 30\u00b0.<\/li>\n<li>B\u00fcgeln bei niedriger Temperatur (max. 110\u00b0)<\/li>\n<li>Nicht chemisch reinigen<\/li>\n<li>Nicht im Trockner trocknen<\/li>\n<li>Nicht bleichen<\/li>\n<\/ul>\n<p>&nbsp;<\/p>\n<div class=\"o-feature-callout__feature-copy\">\n<div class=\"o-feature-callout__feature-copy\">\n<p>&nbsp;<\/p>\n<\/div>\n<\/div>\n","protected":false},"excerpt":{"rendered":"<ul class=\"m-long-description__features\">\n<li>Sichtbar in der Dunkelheit<\/li>\n<li>Komfortabler Bezug<\/li>\n<li>Bequemer Stauraum<\/li>\n<\/ul>\n","protected":false},"featured_media":218052,"template":"","meta":{"_acf_changed":false,"inline_featured_image":false},"product_brand":[],"product_cat":[6540,6509],"product_tag":[21257],"class_list":{"0":"post-213285","1":"product","2":"type-product","3":"status-publish","4":"has-post-thumbnail","6":"product_cat-herrenbekleidung","7":"product_cat-lange-hosen","8":"product_tag-everlast-herren-de","9":"pa_attivita-lifestyle-de","10":"pa_colore-pantalone-felpa-m-black-de-2","11":"pa_colore-pantalone-felpa-m-blue-navy-de","12":"pa_marca-everlast-de","13":"pa_sesso-herren","14":"pa_size-small-de","15":"pa_size-medium-de","16":"pa_size-large-de","18":"first","19":"instock","20":"sale","21":"taxable","22":"shipping-taxable","23":"purchasable","24":"product-type-variable","25":"wvs-archive-product-wrapper"},"acf":[],"yoast_head":"<!-- This site is optimized with the Yoast SEO plugin v26.8 - https:\/\/yoast.com\/product\/yoast-seo-wordpress\/ -->\n<title>EverlastNeutrals Pl\u00fcschhosen herren - Lange Hosen - MioMioRun<\/title>\n<meta name=\"description\" content=\"Warme und bequeme Hose aus Gaze-FleeceIdeal f\u00fcr ganzt\u00e4giges Tragen und t\u00e4gliche sportliche Aktivit\u00e4ten.\" \/>\n<meta name=\"robots\" content=\"index, follow, max-snippet:-1, max-image-preview:large, max-video-preview:-1\" \/>\n<link rel=\"canonical\" href=\"https:\/\/www.miomiorun.com\/de\/produkt\/neutrals-plueschhosen-herren\/\" \/>\n<meta property=\"og:locale\" content=\"de_DE\" \/>\n<meta property=\"og:type\" content=\"article\" \/>\n<meta property=\"og:title\" content=\"EverlastNeutrals Pl\u00fcschhosen herren - Lange Hosen - MioMioRun\" \/>\n<meta property=\"og:description\" content=\"Warme und bequeme Hose aus Gaze-FleeceIdeal f\u00fcr ganzt\u00e4giges Tragen und t\u00e4gliche sportliche Aktivit\u00e4ten.\" \/>\n<meta property=\"og:url\" content=\"https:\/\/www.miomiorun.com\/de\/produkt\/neutrals-plueschhosen-herren\/\" \/>\n<meta property=\"og:site_name\" content=\"MioMioRun\" \/>\n<meta property=\"article:publisher\" content=\"https:\/\/www.facebook.com\/miomiorun\/\" \/>\n<meta property=\"article:modified_time\" content=\"2025-01-30T14:26:25+00:00\" \/>\n<meta property=\"og:image\" content=\"https:\/\/www.miomiorun.com\/app\/uploads\/2024\/12\/everlast-Pantalone-felpa-M-blue-navy-37M196F88.4000.webp\" \/>\n\t<meta property=\"og:image:width\" content=\"600\" \/>\n\t<meta property=\"og:image:height\" content=\"600\" \/>\n\t<meta property=\"og:image:type\" content=\"image\/webp\" \/>\n<meta name=\"twitter:card\" content=\"summary_large_image\" \/>\n<script type=\"application\/ld+json\" class=\"yoast-schema-graph\">{\"@context\":\"https:\/\/schema.org\",\"@graph\":[{\"@type\":\"WebPage\",\"@id\":\"https:\/\/www.miomiorun.com\/de\/produkt\/neutrals-plueschhosen-herren\/\",\"url\":\"https:\/\/www.miomiorun.com\/de\/produkt\/neutrals-plueschhosen-herren\/\",\"name\":\"EverlastNeutrals Pl\u00fcschhosen herren - Lange Hosen - MioMioRun\",\"isPartOf\":{\"@id\":\"https:\/\/www.miomiorun.com\/de\/#website\"},\"primaryImageOfPage\":{\"@id\":\"https:\/\/www.miomiorun.com\/de\/produkt\/neutrals-plueschhosen-herren\/#primaryimage\"},\"image\":{\"@id\":\"https:\/\/www.miomiorun.com\/de\/produkt\/neutrals-plueschhosen-herren\/#primaryimage\"},\"thumbnailUrl\":\"https:\/\/www.miomiorun.com\/app\/uploads\/2024\/12\/everlast-Pantalone-felpa-M-blue-navy-37M196F88.4000.webp\",\"datePublished\":\"2024-10-29T12:56:38+00:00\",\"dateModified\":\"2025-01-30T14:26:25+00:00\",\"description\":\"Warme und bequeme Hose aus Gaze-FleeceIdeal f\u00fcr ganzt\u00e4giges Tragen und t\u00e4gliche sportliche Aktivit\u00e4ten.\",\"breadcrumb\":{\"@id\":\"https:\/\/www.miomiorun.com\/de\/produkt\/neutrals-plueschhosen-herren\/#breadcrumb\"},\"inLanguage\":\"de-DE\",\"potentialAction\":[{\"@type\":\"ReadAction\",\"target\":[\"https:\/\/www.miomiorun.com\/de\/produkt\/neutrals-plueschhosen-herren\/\"]}]},{\"@type\":\"ImageObject\",\"inLanguage\":\"de-DE\",\"@id\":\"https:\/\/www.miomiorun.com\/de\/produkt\/neutrals-plueschhosen-herren\/#primaryimage\",\"url\":\"https:\/\/www.miomiorun.com\/app\/uploads\/2024\/12\/everlast-Pantalone-felpa-M-blue-navy-37M196F88.4000.webp\",\"contentUrl\":\"https:\/\/www.miomiorun.com\/app\/uploads\/2024\/12\/everlast-Pantalone-felpa-M-blue-navy-37M196F88.4000.webp\",\"width\":600,\"height\":600,\"caption\":\"everlast Pantalone felpa M blue navy 37M196F88.4000\"},{\"@type\":\"BreadcrumbList\",\"@id\":\"https:\/\/www.miomiorun.com\/de\/produkt\/neutrals-plueschhosen-herren\/#breadcrumb\",\"itemListElement\":[{\"@type\":\"ListItem\",\"position\":1,\"name\":\"Home\",\"item\":\"https:\/\/www.miomiorun.com\/de\/\"},{\"@type\":\"ListItem\",\"position\":2,\"name\":\"Shop\",\"item\":\"https:\/\/www.miomiorun.com\/shop\/\"},{\"@type\":\"ListItem\",\"position\":3,\"name\":\"Neutrals Pl\u00fcschhosen herren\"}]},{\"@type\":\"WebSite\",\"@id\":\"https:\/\/www.miomiorun.com\/de\/#website\",\"url\":\"https:\/\/www.miomiorun.com\/de\/\",\"name\":\"MioMioRun\",\"description\":\"100% Lauf- und Trailshop\",\"publisher\":{\"@id\":\"https:\/\/www.miomiorun.com\/de\/#organization\"},\"potentialAction\":[{\"@type\":\"SearchAction\",\"target\":{\"@type\":\"EntryPoint\",\"urlTemplate\":\"https:\/\/www.miomiorun.com\/de\/?s={search_term_string}\"},\"query-input\":{\"@type\":\"PropertyValueSpecification\",\"valueRequired\":true,\"valueName\":\"search_term_string\"}}],\"inLanguage\":\"de-DE\"},{\"@type\":\"Organization\",\"@id\":\"https:\/\/www.miomiorun.com\/de\/#organization\",\"name\":\"MioMio Run\",\"url\":\"https:\/\/www.miomiorun.com\/de\/\",\"logo\":{\"@type\":\"ImageObject\",\"inLanguage\":\"de-DE\",\"@id\":\"https:\/\/www.miomiorun.com\/de\/#\/schema\/logo\/image\/\",\"url\":\"https:\/\/www.miomiorun.com\/app\/uploads\/2019\/12\/logomio.png\",\"contentUrl\":\"https:\/\/www.miomiorun.com\/app\/uploads\/2019\/12\/logomio.png\",\"width\":115,\"height\":82,\"caption\":\"MioMio Run\"},\"image\":{\"@id\":\"https:\/\/www.miomiorun.com\/de\/#\/schema\/logo\/image\/\"},\"sameAs\":[\"https:\/\/www.facebook.com\/miomiorun\/\",\"https:\/\/www.instagram.com\/miomiorun\/\"]}]}<\/script>\n<!-- \/ Yoast SEO plugin. -->","yoast_head_json":{"title":"EverlastNeutrals Pl\u00fcschhosen herren - Lange Hosen - MioMioRun","description":"Warme und bequeme Hose aus Gaze-FleeceIdeal f\u00fcr ganzt\u00e4giges Tragen und t\u00e4gliche sportliche Aktivit\u00e4ten.","robots":{"index":"index","follow":"follow","max-snippet":"max-snippet:-1","max-image-preview":"max-image-preview:large","max-video-preview":"max-video-preview:-1"},"canonical":"https:\/\/www.miomiorun.com\/de\/produkt\/neutrals-plueschhosen-herren\/","og_locale":"de_DE","og_type":"article","og_title":"EverlastNeutrals Pl\u00fcschhosen herren - Lange Hosen - MioMioRun","og_description":"Warme und bequeme Hose aus Gaze-FleeceIdeal f\u00fcr ganzt\u00e4giges Tragen und t\u00e4gliche sportliche Aktivit\u00e4ten.","og_url":"https:\/\/www.miomiorun.com\/de\/produkt\/neutrals-plueschhosen-herren\/","og_site_name":"MioMioRun","article_publisher":"https:\/\/www.facebook.com\/miomiorun\/","article_modified_time":"2025-01-30T14:26:25+00:00","og_image":[{"width":600,"height":600,"url":"https:\/\/www.miomiorun.com\/app\/uploads\/2024\/12\/everlast-Pantalone-felpa-M-blue-navy-37M196F88.4000.webp","type":"image\/webp"}],"twitter_card":"summary_large_image","schema":{"@context":"https:\/\/schema.org","@graph":[{"@type":"WebPage","@id":"https:\/\/www.miomiorun.com\/de\/produkt\/neutrals-plueschhosen-herren\/","url":"https:\/\/www.miomiorun.com\/de\/produkt\/neutrals-plueschhosen-herren\/","name":"EverlastNeutrals Pl\u00fcschhosen herren - Lange Hosen - MioMioRun","isPartOf":{"@id":"https:\/\/www.miomiorun.com\/de\/#website"},"primaryImageOfPage":{"@id":"https:\/\/www.miomiorun.com\/de\/produkt\/neutrals-plueschhosen-herren\/#primaryimage"},"image":{"@id":"https:\/\/www.miomiorun.com\/de\/produkt\/neutrals-plueschhosen-herren\/#primaryimage"},"thumbnailUrl":"https:\/\/www.miomiorun.com\/app\/uploads\/2024\/12\/everlast-Pantalone-felpa-M-blue-navy-37M196F88.4000.webp","datePublished":"2024-10-29T12:56:38+00:00","dateModified":"2025-01-30T14:26:25+00:00","description":"Warme und bequeme Hose aus Gaze-FleeceIdeal f\u00fcr ganzt\u00e4giges Tragen und t\u00e4gliche sportliche Aktivit\u00e4ten.","breadcrumb":{"@id":"https:\/\/www.miomiorun.com\/de\/produkt\/neutrals-plueschhosen-herren\/#breadcrumb"},"inLanguage":"de-DE","potentialAction":[{"@type":"ReadAction","target":["https:\/\/www.miomiorun.com\/de\/produkt\/neutrals-plueschhosen-herren\/"]}]},{"@type":"ImageObject","inLanguage":"de-DE","@id":"https:\/\/www.miomiorun.com\/de\/produkt\/neutrals-plueschhosen-herren\/#primaryimage","url":"https:\/\/www.miomiorun.com\/app\/uploads\/2024\/12\/everlast-Pantalone-felpa-M-blue-navy-37M196F88.4000.webp","contentUrl":"https:\/\/www.miomiorun.com\/app\/uploads\/2024\/12\/everlast-Pantalone-felpa-M-blue-navy-37M196F88.4000.webp","width":600,"height":600,"caption":"everlast Pantalone felpa M blue navy 37M196F88.4000"},{"@type":"BreadcrumbList","@id":"https:\/\/www.miomiorun.com\/de\/produkt\/neutrals-plueschhosen-herren\/#breadcrumb","itemListElement":[{"@type":"ListItem","position":1,"name":"Home","item":"https:\/\/www.miomiorun.com\/de\/"},{"@type":"ListItem","position":2,"name":"Shop","item":"https:\/\/www.miomiorun.com\/shop\/"},{"@type":"ListItem","position":3,"name":"Neutrals Pl\u00fcschhosen herren"}]},{"@type":"WebSite","@id":"https:\/\/www.miomiorun.com\/de\/#website","url":"https:\/\/www.miomiorun.com\/de\/","name":"MioMioRun","description":"100% Lauf- und Trailshop","publisher":{"@id":"https:\/\/www.miomiorun.com\/de\/#organization"},"potentialAction":[{"@type":"SearchAction","target":{"@type":"EntryPoint","urlTemplate":"https:\/\/www.miomiorun.com\/de\/?s={search_term_string}"},"query-input":{"@type":"PropertyValueSpecification","valueRequired":true,"valueName":"search_term_string"}}],"inLanguage":"de-DE"},{"@type":"Organization","@id":"https:\/\/www.miomiorun.com\/de\/#organization","name":"MioMio Run","url":"https:\/\/www.miomiorun.com\/de\/","logo":{"@type":"ImageObject","inLanguage":"de-DE","@id":"https:\/\/www.miomiorun.com\/de\/#\/schema\/logo\/image\/","url":"https:\/\/www.miomiorun.com\/app\/uploads\/2019\/12\/logomio.png","contentUrl":"https:\/\/www.miomiorun.com\/app\/uploads\/2019\/12\/logomio.png","width":115,"height":82,"caption":"MioMio Run"},"image":{"@id":"https:\/\/www.miomiorun.com\/de\/#\/schema\/logo\/image\/"},"sameAs":["https:\/\/www.facebook.com\/miomiorun\/","https:\/\/www.instagram.com\/miomiorun\/"]}]}},"_links":{"self":[{"href":"https:\/\/www.miomiorun.com\/de\/wp-json\/wp\/v2\/product\/213285","targetHints":{"allow":["GET"]}}],"collection":[{"href":"https:\/\/www.miomiorun.com\/de\/wp-json\/wp\/v2\/product"}],"about":[{"href":"https:\/\/www.miomiorun.com\/de\/wp-json\/wp\/v2\/types\/product"}],"wp:featuredmedia":[{"embeddable":true,"href":"https:\/\/www.miomiorun.com\/de\/wp-json\/wp\/v2\/media\/218052"}],"wp:attachment":[{"href":"https:\/\/www.miomiorun.com\/de\/wp-json\/wp\/v2\/media?parent=213285"}],"wp:term":[{"taxonomy":"product_brand","embeddable":true,"href":"https:\/\/www.miomiorun.com\/de\/wp-json\/wp\/v2\/product_brand?post=213285"},{"taxonomy":"product_cat","embeddable":true,"href":"https:\/\/www.miomiorun.com\/de\/wp-json\/wp\/v2\/product_cat?post=213285"},{"taxonomy":"product_tag","embeddable":true,"href":"https:\/\/www.miomiorun.com\/de\/wp-json\/wp\/v2\/product_tag?post=213285"}],"curies":[{"name":"wp","href":"https:\/\/api.w.org\/{rel}","templated":true}]}}