{"id":212876,"date":"2024-10-24T13:07:53","date_gmt":"2024-10-24T11:07:53","guid":{"rendered":"https:\/\/miomiorun.com\/?post_type=product&#038;p=212876"},"modified":"2025-12-05T13:02:34","modified_gmt":"2025-12-05T12:02:34","slug":"velociti-pro","status":"publish","type":"product","link":"https:\/\/www.miomiorun.com\/de\/produkt\/velociti-pro\/","title":{"rendered":"Velociti Pro"},"content":{"rendered":"<div class=\"vc-row container\"><div class=\"vc-column\"><div class=\"vc-column-text\"><\/p>\n<h4>Technische Daten<\/h4>\n<p>Kategorie: Reactive Cushioning<br \/>\nOffset: 8 mm<br \/>\nGewicht: 252 g<br \/>\nIdeal f\u00fcr: fortgeschrittene L\u00e4ufer, die gleichzeitig hohe Leistung und Laufkomfort suchen, um bei Langstreckenl\u00e4ufen wie einem Marathon gute Leistungen zu erbringen und die einen Pebax-Plattenschuh ben\u00f6tigen.<br \/>\nGewicht des Athleten: 60-80 kg<br \/>\nLauftempo: schnell (&gt;4.00 min\/km)<br \/>\n<a href=\"https:\/\/miomiorun.com\/de\/leitfaden-fuer-technische-spezifikationen\/\">Spezifikation<\/a><\/p>\n<p><\/div><div class=\"vc-column-text\"><\/p>\n<p><div style=\"width: 640px;\" class=\"wp-video\"><video class=\"wp-video-shortcode\" id=\"video-212876-1\" width=\"640\" height=\"480\" loop autoplay preload=\"auto\" controls=\"controls\"><source type=\"video\/mp4\" src=\"https:\/\/miomiorun.com\/wp-content\/uploads\/2024\/10\/under-armour-Velociti-Pro-white.mp4?_=1\" \/><a href=\"https:\/\/miomiorun.com\/wp-content\/uploads\/2024\/10\/under-armour-Velociti-Pro-white.mp4\">https:\/\/miomiorun.com\/wp-content\/uploads\/2024\/10\/under-armour-Velociti-Pro-white.mp4<\/a><\/video><\/div><\/p>\n<p><\/div><\/div><div class=\"vc-column\"><div class=\"vc-column-text\"><strong>Under Armour Velociti Pro &#8211; Leistung ohne Kompromisse<\/strong><br \/>\nEntfalten Sie Ihr volles Potenzial mit dem <strong>Under Armour Velociti Pro<\/strong>, dem Schuh f\u00fcr Sportler, die Geschwindigkeit, Komfort und Pr\u00e4zision suchen. Ideal f\u00fcr erfahrene L\u00e4ufer, kombinieren diese Schuhe eine leichte Konstruktion mit fortschrittlichen Technologien, um au\u00dfergew\u00f6hnliche Leistung zu gew\u00e4hrleisten.<\/p>\n<p><strong>Hauptmerkmale:<\/strong><\/p>\n<ul>\n<li><strong>UA HOVR\u2122 D\u00e4mpfung<\/strong>: Sorgt f\u00fcr eine \u00fcberragende Energier\u00fcckgabe und reduziert den Aufprall beim Laufen.<\/li>\n<li><strong>Leichtes, atmungsaktives Obermaterial<\/strong>: Sorgt f\u00fcr optimalen Komfort auch bei den intensivsten Trainingseinheiten.<\/li>\n<li><strong>Pebax\u00ae Plate Technologie<\/strong>: Bietet Stabilit\u00e4t und einen reaktiven Schub, um die Geschwindigkeit zu maximieren.<\/li>\n<li><strong>High Traction Rubber Outsole<\/strong>: Perfekt f\u00fcr jeden Untergrund, mit au\u00dfergew\u00f6hnlicher Strapazierf\u00e4higkeit.<\/li>\n<li><strong>MapMyRun\u2122 Verbindung<\/strong>: \u00dcberwache deinen Fortschritt und analysiere deine Leistung mit integrierter Technologie.<\/li>\n<\/ul>\n<p><strong>F\u00fcr wen sind sie?<\/strong><br \/>\nDie Under Armour Velociti Pro sind die ideale Wahl f\u00fcr ambitionierte L\u00e4ufer, die ihre Zeiten verbessern und neue H\u00f6hen erreichen wollen, dank der perfekten Balance aus Leichtigkeit, Reaktionsf\u00e4higkeit und Unterst\u00fctzung.<\/div><\/div><\/div>\n","protected":false},"excerpt":{"rendered":"<ul>\n<li>Schneller und leichter Marathon- und Trainingsschuh<\/li>\n<li>Mit Pebax-Platte<\/li>\n<\/ul>\n","protected":false},"featured_media":215109,"template":"","meta":{"_acf_changed":false,"inline_featured_image":false},"product_brand":[],"product_cat":[6507,6506,6474,6475],"product_tag":[20482,20495,20497],"class_list":{"0":"post-212876","1":"product","2":"type-product","3":"status-publish","4":"has-post-thumbnail","6":"product_cat-herren-schuhe-de","7":"product_cat-neutrale-herren-schuhe-de","8":"product_cat-damenschuhe","9":"product_cat-neutral","10":"product_tag-under-armour-de","11":"product_tag-under-armour-damen","12":"product_tag-under-armour-herren","13":"pa_attivita-running-de","14":"pa_colore-velociti-pro-black-castlerock-de","15":"pa_colore-velociti-pro-m-morph-green","16":"pa_colore-velociti-pro-w-de","17":"pa_colore-velociti-pro-w-white-distant-gray-de","18":"pa_colore-velociti-pro-white-hydro-green-black-de","19":"pa_colore-velociti-pro-white-hyper-green-metallic","20":"pa_marca-under-armour-de","21":"pa_sesso-damen","22":"pa_sesso-herren","23":"pa_size-38-de","24":"pa_size-38-5-de","25":"pa_size-39-de","26":"pa_size-40-de","27":"pa_size-40-5-de","28":"pa_size-41-de","29":"pa_size-42-de","30":"pa_size-42-5-de","31":"pa_size-44-de","32":"pa_size-45-de","33":"pa_size-45-5-de","35":"first","36":"instock","37":"sale","38":"taxable","39":"shipping-taxable","40":"purchasable","41":"product-type-variable","42":"wvs-archive-product-wrapper"},"acf":[],"yoast_head":"<!-- This site is optimized with the Yoast SEO plugin v26.8 - https:\/\/yoast.com\/product\/yoast-seo-wordpress\/ -->\n<title>Under Armour Velociti Pro - Laufschuhe MioMioRun<\/title>\n<meta name=\"description\" content=\"Entdecken Sie den Under Armour Velociti Pro: leichte, reaktionsfreudige Laufschuhe mit fortschrittlicher Technologie f\u00fcr \u00fcberlegene Leistung, f\u00fcr die anspruchsvollsten L\u00e4ufer!\" \/>\n<meta name=\"robots\" content=\"index, follow, max-snippet:-1, max-image-preview:large, max-video-preview:-1\" \/>\n<link rel=\"canonical\" href=\"https:\/\/www.miomiorun.com\/de\/produkt\/velociti-pro\/\" \/>\n<meta property=\"og:locale\" content=\"de_DE\" \/>\n<meta property=\"og:type\" content=\"article\" \/>\n<meta property=\"og:title\" content=\"Under Armour Velociti Pro - Laufschuhe MioMioRun\" \/>\n<meta property=\"og:description\" content=\"Entdecken Sie den Under Armour Velociti Pro: leichte, reaktionsfreudige Laufschuhe mit fortschrittlicher Technologie f\u00fcr \u00fcberlegene Leistung, f\u00fcr die anspruchsvollsten L\u00e4ufer!\" \/>\n<meta property=\"og:url\" content=\"https:\/\/www.miomiorun.com\/de\/produkt\/velociti-pro\/\" \/>\n<meta property=\"og:site_name\" content=\"MioMioRun\" \/>\n<meta property=\"article:publisher\" content=\"https:\/\/www.facebook.com\/miomiorun\/\" \/>\n<meta property=\"article:modified_time\" content=\"2025-12-05T12:02:34+00:00\" \/>\n<meta property=\"og:image\" content=\"https:\/\/www.miomiorun.com\/app\/uploads\/2024\/11\/under-armour-Velociti-Pro-M-morph-green-3027560-0300.webp\" \/>\n\t<meta property=\"og:image:width\" content=\"600\" \/>\n\t<meta property=\"og:image:height\" content=\"600\" \/>\n\t<meta property=\"og:image:type\" content=\"image\/webp\" \/>\n<meta name=\"twitter:card\" content=\"summary_large_image\" \/>\n<meta name=\"twitter:label1\" content=\"Est. reading time\" \/>\n\t<meta name=\"twitter:data1\" content=\"3 minutes\" \/>\n<script type=\"application\/ld+json\" class=\"yoast-schema-graph\">{\"@context\":\"https:\/\/schema.org\",\"@graph\":[{\"@type\":\"WebPage\",\"@id\":\"https:\/\/www.miomiorun.com\/de\/produkt\/velociti-pro\/\",\"url\":\"https:\/\/www.miomiorun.com\/de\/produkt\/velociti-pro\/\",\"name\":\"Under Armour Velociti Pro - Laufschuhe MioMioRun\",\"isPartOf\":{\"@id\":\"https:\/\/www.miomiorun.com\/de\/#website\"},\"primaryImageOfPage\":{\"@id\":\"https:\/\/www.miomiorun.com\/de\/produkt\/velociti-pro\/#primaryimage\"},\"image\":{\"@id\":\"https:\/\/www.miomiorun.com\/de\/produkt\/velociti-pro\/#primaryimage\"},\"thumbnailUrl\":\"https:\/\/www.miomiorun.com\/app\/uploads\/2024\/11\/under-armour-Velociti-Pro-M-morph-green-3027560-0300.webp\",\"datePublished\":\"2024-10-24T11:07:53+00:00\",\"dateModified\":\"2025-12-05T12:02:34+00:00\",\"description\":\"Entdecken Sie den Under Armour Velociti Pro: leichte, reaktionsfreudige Laufschuhe mit fortschrittlicher Technologie f\u00fcr \u00fcberlegene Leistung, f\u00fcr die anspruchsvollsten L\u00e4ufer!\",\"breadcrumb\":{\"@id\":\"https:\/\/www.miomiorun.com\/de\/produkt\/velociti-pro\/#breadcrumb\"},\"inLanguage\":\"de-DE\",\"potentialAction\":[{\"@type\":\"ReadAction\",\"target\":[\"https:\/\/www.miomiorun.com\/de\/produkt\/velociti-pro\/\"]}]},{\"@type\":\"ImageObject\",\"inLanguage\":\"de-DE\",\"@id\":\"https:\/\/www.miomiorun.com\/de\/produkt\/velociti-pro\/#primaryimage\",\"url\":\"https:\/\/www.miomiorun.com\/app\/uploads\/2024\/11\/under-armour-Velociti-Pro-M-morph-green-3027560-0300.webp\",\"contentUrl\":\"https:\/\/www.miomiorun.com\/app\/uploads\/2024\/11\/under-armour-Velociti-Pro-M-morph-green-3027560-0300.webp\",\"width\":600,\"height\":600,\"caption\":\"under armour Velociti Pro M morph green 3027560 0300\"},{\"@type\":\"BreadcrumbList\",\"@id\":\"https:\/\/www.miomiorun.com\/de\/produkt\/velociti-pro\/#breadcrumb\",\"itemListElement\":[{\"@type\":\"ListItem\",\"position\":1,\"name\":\"Home\",\"item\":\"https:\/\/www.miomiorun.com\/de\/\"},{\"@type\":\"ListItem\",\"position\":2,\"name\":\"Shop\",\"item\":\"https:\/\/www.miomiorun.com\/shop\/\"},{\"@type\":\"ListItem\",\"position\":3,\"name\":\"Velociti Pro\"}]},{\"@type\":\"WebSite\",\"@id\":\"https:\/\/www.miomiorun.com\/de\/#website\",\"url\":\"https:\/\/www.miomiorun.com\/de\/\",\"name\":\"MioMioRun\",\"description\":\"100% Lauf- und Trailshop\",\"publisher\":{\"@id\":\"https:\/\/www.miomiorun.com\/de\/#organization\"},\"potentialAction\":[{\"@type\":\"SearchAction\",\"target\":{\"@type\":\"EntryPoint\",\"urlTemplate\":\"https:\/\/www.miomiorun.com\/de\/?s={search_term_string}\"},\"query-input\":{\"@type\":\"PropertyValueSpecification\",\"valueRequired\":true,\"valueName\":\"search_term_string\"}}],\"inLanguage\":\"de-DE\"},{\"@type\":\"Organization\",\"@id\":\"https:\/\/www.miomiorun.com\/de\/#organization\",\"name\":\"MioMio Run\",\"url\":\"https:\/\/www.miomiorun.com\/de\/\",\"logo\":{\"@type\":\"ImageObject\",\"inLanguage\":\"de-DE\",\"@id\":\"https:\/\/www.miomiorun.com\/de\/#\/schema\/logo\/image\/\",\"url\":\"https:\/\/www.miomiorun.com\/app\/uploads\/2019\/12\/logomio.png\",\"contentUrl\":\"https:\/\/www.miomiorun.com\/app\/uploads\/2019\/12\/logomio.png\",\"width\":115,\"height\":82,\"caption\":\"MioMio Run\"},\"image\":{\"@id\":\"https:\/\/www.miomiorun.com\/de\/#\/schema\/logo\/image\/\"},\"sameAs\":[\"https:\/\/www.facebook.com\/miomiorun\/\",\"https:\/\/www.instagram.com\/miomiorun\/\"]}]}<\/script>\n<!-- \/ Yoast SEO plugin. -->","yoast_head_json":{"title":"Under Armour Velociti Pro - Laufschuhe MioMioRun","description":"Entdecken Sie den Under Armour Velociti Pro: leichte, reaktionsfreudige Laufschuhe mit fortschrittlicher Technologie f\u00fcr \u00fcberlegene Leistung, f\u00fcr die anspruchsvollsten L\u00e4ufer!","robots":{"index":"index","follow":"follow","max-snippet":"max-snippet:-1","max-image-preview":"max-image-preview:large","max-video-preview":"max-video-preview:-1"},"canonical":"https:\/\/www.miomiorun.com\/de\/produkt\/velociti-pro\/","og_locale":"de_DE","og_type":"article","og_title":"Under Armour Velociti Pro - Laufschuhe MioMioRun","og_description":"Entdecken Sie den Under Armour Velociti Pro: leichte, reaktionsfreudige Laufschuhe mit fortschrittlicher Technologie f\u00fcr \u00fcberlegene Leistung, f\u00fcr die anspruchsvollsten L\u00e4ufer!","og_url":"https:\/\/www.miomiorun.com\/de\/produkt\/velociti-pro\/","og_site_name":"MioMioRun","article_publisher":"https:\/\/www.facebook.com\/miomiorun\/","article_modified_time":"2025-12-05T12:02:34+00:00","og_image":[{"width":600,"height":600,"url":"https:\/\/www.miomiorun.com\/app\/uploads\/2024\/11\/under-armour-Velociti-Pro-M-morph-green-3027560-0300.webp","type":"image\/webp"}],"twitter_card":"summary_large_image","twitter_misc":{"Est. reading time":"3 minutes"},"schema":{"@context":"https:\/\/schema.org","@graph":[{"@type":"WebPage","@id":"https:\/\/www.miomiorun.com\/de\/produkt\/velociti-pro\/","url":"https:\/\/www.miomiorun.com\/de\/produkt\/velociti-pro\/","name":"Under Armour Velociti Pro - Laufschuhe MioMioRun","isPartOf":{"@id":"https:\/\/www.miomiorun.com\/de\/#website"},"primaryImageOfPage":{"@id":"https:\/\/www.miomiorun.com\/de\/produkt\/velociti-pro\/#primaryimage"},"image":{"@id":"https:\/\/www.miomiorun.com\/de\/produkt\/velociti-pro\/#primaryimage"},"thumbnailUrl":"https:\/\/www.miomiorun.com\/app\/uploads\/2024\/11\/under-armour-Velociti-Pro-M-morph-green-3027560-0300.webp","datePublished":"2024-10-24T11:07:53+00:00","dateModified":"2025-12-05T12:02:34+00:00","description":"Entdecken Sie den Under Armour Velociti Pro: leichte, reaktionsfreudige Laufschuhe mit fortschrittlicher Technologie f\u00fcr \u00fcberlegene Leistung, f\u00fcr die anspruchsvollsten L\u00e4ufer!","breadcrumb":{"@id":"https:\/\/www.miomiorun.com\/de\/produkt\/velociti-pro\/#breadcrumb"},"inLanguage":"de-DE","potentialAction":[{"@type":"ReadAction","target":["https:\/\/www.miomiorun.com\/de\/produkt\/velociti-pro\/"]}]},{"@type":"ImageObject","inLanguage":"de-DE","@id":"https:\/\/www.miomiorun.com\/de\/produkt\/velociti-pro\/#primaryimage","url":"https:\/\/www.miomiorun.com\/app\/uploads\/2024\/11\/under-armour-Velociti-Pro-M-morph-green-3027560-0300.webp","contentUrl":"https:\/\/www.miomiorun.com\/app\/uploads\/2024\/11\/under-armour-Velociti-Pro-M-morph-green-3027560-0300.webp","width":600,"height":600,"caption":"under armour Velociti Pro M morph green 3027560 0300"},{"@type":"BreadcrumbList","@id":"https:\/\/www.miomiorun.com\/de\/produkt\/velociti-pro\/#breadcrumb","itemListElement":[{"@type":"ListItem","position":1,"name":"Home","item":"https:\/\/www.miomiorun.com\/de\/"},{"@type":"ListItem","position":2,"name":"Shop","item":"https:\/\/www.miomiorun.com\/shop\/"},{"@type":"ListItem","position":3,"name":"Velociti Pro"}]},{"@type":"WebSite","@id":"https:\/\/www.miomiorun.com\/de\/#website","url":"https:\/\/www.miomiorun.com\/de\/","name":"MioMioRun","description":"100% Lauf- und Trailshop","publisher":{"@id":"https:\/\/www.miomiorun.com\/de\/#organization"},"potentialAction":[{"@type":"SearchAction","target":{"@type":"EntryPoint","urlTemplate":"https:\/\/www.miomiorun.com\/de\/?s={search_term_string}"},"query-input":{"@type":"PropertyValueSpecification","valueRequired":true,"valueName":"search_term_string"}}],"inLanguage":"de-DE"},{"@type":"Organization","@id":"https:\/\/www.miomiorun.com\/de\/#organization","name":"MioMio Run","url":"https:\/\/www.miomiorun.com\/de\/","logo":{"@type":"ImageObject","inLanguage":"de-DE","@id":"https:\/\/www.miomiorun.com\/de\/#\/schema\/logo\/image\/","url":"https:\/\/www.miomiorun.com\/app\/uploads\/2019\/12\/logomio.png","contentUrl":"https:\/\/www.miomiorun.com\/app\/uploads\/2019\/12\/logomio.png","width":115,"height":82,"caption":"MioMio Run"},"image":{"@id":"https:\/\/www.miomiorun.com\/de\/#\/schema\/logo\/image\/"},"sameAs":["https:\/\/www.facebook.com\/miomiorun\/","https:\/\/www.instagram.com\/miomiorun\/"]}]}},"_links":{"self":[{"href":"https:\/\/www.miomiorun.com\/de\/wp-json\/wp\/v2\/product\/212876","targetHints":{"allow":["GET"]}}],"collection":[{"href":"https:\/\/www.miomiorun.com\/de\/wp-json\/wp\/v2\/product"}],"about":[{"href":"https:\/\/www.miomiorun.com\/de\/wp-json\/wp\/v2\/types\/product"}],"wp:featuredmedia":[{"embeddable":true,"href":"https:\/\/www.miomiorun.com\/de\/wp-json\/wp\/v2\/media\/215109"}],"wp:attachment":[{"href":"https:\/\/www.miomiorun.com\/de\/wp-json\/wp\/v2\/media?parent=212876"}],"wp:term":[{"taxonomy":"product_brand","embeddable":true,"href":"https:\/\/www.miomiorun.com\/de\/wp-json\/wp\/v2\/product_brand?post=212876"},{"taxonomy":"product_cat","embeddable":true,"href":"https:\/\/www.miomiorun.com\/de\/wp-json\/wp\/v2\/product_cat?post=212876"},{"taxonomy":"product_tag","embeddable":true,"href":"https:\/\/www.miomiorun.com\/de\/wp-json\/wp\/v2\/product_tag?post=212876"}],"curies":[{"name":"wp","href":"https:\/\/api.w.org\/{rel}","templated":true}]}}