{"id":212858,"date":"2024-10-24T12:42:36","date_gmt":"2024-10-24T10:42:36","guid":{"rendered":"https:\/\/miomiorun.com\/?post_type=product&#038;p=212858"},"modified":"2026-02-13T11:58:21","modified_gmt":"2026-02-13T10:58:21","slug":"rival-fleece-textured-glitch-herren","status":"publish","type":"product","link":"https:\/\/www.miomiorun.com\/de\/produkt\/rival-fleece-textured-glitch-herren\/","title":{"rendered":"Rival Fleece Textured Glitch herren"},"content":{"rendered":"<h2 style=\"text-align: center\">Leicht, bequem und innen extrem weich: Dieses Herren-Sweatshirt ist ideal, um warm zu bleiben und f\u00fcr jede Art von Aktivit\u00e4t bereit zu sein.<\/h2>\n<h3>Eigenschaften:<\/h3>\n<div id=\"acc-1\" class=\"g-accordion-content collapse show\">\n<ul class=\"t-tabs_data\">\n<li class=\"t-tabs_list\">Fleece aus strukturierter Baumwollmischung mit geb\u00fcrsteter Innenseite f\u00fcr zus\u00e4tzliche W\u00e4rme<\/li>\n<li class=\"t-tabs_list\">K\u00e4ngurutasche vorne<\/li>\n<li class=\"t-tabs_list\">Rippb\u00fcndchen an \u00c4rmeln und Saum<\/li>\n<li class=\"t-tabs_list\">Raglan\u00e4rmel<\/li>\n<li>Material: 60 % Baumwolle\/40 % Polyester<\/li>\n<\/ul>\n<\/div>\n<h3>Passform und Pflege:<\/h3>\n<div id=\"acc-3\" class=\"g-accordion-content collapse\">\n<ul class=\"t-tabs_data\">\n<li class=\"t-tabs_list\"><span class=\"t-bold_font\">Bequem:&nbsp;<\/span>Weiterer Schnitt f\u00fcr maximalen Komfort.<\/li>\n<li class=\"t-tabs_list\">Kalt in der Waschmaschine mit \u00e4hnlichen Farben waschen<\/li>\n<li class=\"t-tabs_list\">Kein Bleichmittel verwenden<\/li>\n<li class=\"t-tabs_list\">Bei niedriger Temperatur im Trockner trocknen<\/li>\n<li class=\"t-tabs_list\">Nicht b\u00fcgeln<\/li>\n<li class=\"t-tabs_list\">Keinen Weichsp\u00fcler verwenden<\/li>\n<li class=\"t-tabs_list\">Nicht chemisch reinigen<\/li>\n<\/ul>\n<\/div>\n<p>&nbsp;<\/p>\n<p>&nbsp;<\/p>\n<p id=\"tw-target-text\" class=\"tw-data-text tw-text-large XcVN5d tw-ta\" dir=\"ltr\" data-placeholder=\"Traduzione\"><span class=\"Y2IQFc\" lang=\"it\">&nbsp;<\/span><\/p>\n","protected":false},"excerpt":{"rendered":"<ul>\n<li>Sweatshirt aus Baumwoll-Fleece-Mischgewebe, das dich an kalten Tagen warm h\u00e4lt.<\/li>\n<li>Perfekt f\u00fcr jede Aktivit\u00e4t.<\/li>\n<\/ul>\n","protected":false},"featured_media":217318,"template":"","meta":{"_acf_changed":false,"inline_featured_image":false},"product_brand":[],"product_cat":[6540,6541],"product_tag":[20482,20497],"class_list":{"0":"post-212858","1":"product","2":"type-product","3":"status-publish","4":"has-post-thumbnail","6":"product_cat-herrenbekleidung","7":"product_cat-langarmshirt","8":"product_tag-under-armour-de","9":"product_tag-under-armour-herren","10":"pa_attivita-lifestyle-de","11":"pa_colore-rival-flc-txtr-cg-hoodie-summit-white-de","12":"pa_marca-under-armour-de","13":"pa_sesso-herren","14":"pa_size-small-de","15":"pa_size-large-de","17":"first","18":"instock","19":"sale","20":"taxable","21":"shipping-taxable","22":"purchasable","23":"product-type-variable","24":"wvs-archive-product-wrapper"},"acf":[],"yoast_head":"<!-- This site is optimized with the Yoast SEO plugin v26.8 - https:\/\/yoast.com\/product\/yoast-seo-wordpress\/ -->\n<title>Under Armour Rival Fleece Textured Glitch herren -Felpa-Lauf- MioMioRun<\/title>\n<meta name=\"description\" content=\"Leicht, bequem und innen extrem weich: Dieses Herren-Sweatshirt ist ideal, um sich an kalten Tagen warm zu halten.\" \/>\n<meta name=\"robots\" content=\"index, follow, max-snippet:-1, max-image-preview:large, max-video-preview:-1\" \/>\n<link rel=\"canonical\" href=\"https:\/\/www.miomiorun.com\/de\/produkt\/rival-fleece-textured-glitch-herren\/\" \/>\n<meta property=\"og:locale\" content=\"de_DE\" \/>\n<meta property=\"og:type\" content=\"article\" \/>\n<meta property=\"og:title\" content=\"Under Armour Rival Fleece Textured Glitch herren -Felpa-Lauf- MioMioRun\" \/>\n<meta property=\"og:description\" content=\"Leicht, bequem und innen extrem weich: Dieses Herren-Sweatshirt ist ideal, um sich an kalten Tagen warm zu halten.\" \/>\n<meta property=\"og:url\" content=\"https:\/\/www.miomiorun.com\/de\/produkt\/rival-fleece-textured-glitch-herren\/\" \/>\n<meta property=\"og:site_name\" content=\"MioMioRun\" \/>\n<meta property=\"article:publisher\" content=\"https:\/\/www.facebook.com\/miomiorun\/\" \/>\n<meta property=\"article:modified_time\" content=\"2026-02-13T10:58:21+00:00\" \/>\n<meta property=\"og:image\" content=\"https:\/\/www.miomiorun.com\/app\/uploads\/2024\/12\/Under-Armour-Rival-FLC-TXTR-CG-hoodie-summit-white-1389428-0110.webp\" \/>\n\t<meta property=\"og:image:width\" content=\"600\" \/>\n\t<meta property=\"og:image:height\" content=\"600\" \/>\n\t<meta property=\"og:image:type\" content=\"image\/webp\" \/>\n<meta name=\"twitter:card\" content=\"summary_large_image\" \/>\n<script type=\"application\/ld+json\" class=\"yoast-schema-graph\">{\"@context\":\"https:\/\/schema.org\",\"@graph\":[{\"@type\":\"WebPage\",\"@id\":\"https:\/\/www.miomiorun.com\/de\/produkt\/rival-fleece-textured-glitch-herren\/\",\"url\":\"https:\/\/www.miomiorun.com\/de\/produkt\/rival-fleece-textured-glitch-herren\/\",\"name\":\"Under Armour Rival Fleece Textured Glitch herren -Felpa-Lauf- MioMioRun\",\"isPartOf\":{\"@id\":\"https:\/\/www.miomiorun.com\/de\/#website\"},\"primaryImageOfPage\":{\"@id\":\"https:\/\/www.miomiorun.com\/de\/produkt\/rival-fleece-textured-glitch-herren\/#primaryimage\"},\"image\":{\"@id\":\"https:\/\/www.miomiorun.com\/de\/produkt\/rival-fleece-textured-glitch-herren\/#primaryimage\"},\"thumbnailUrl\":\"https:\/\/www.miomiorun.com\/app\/uploads\/2024\/12\/Under-Armour-Rival-FLC-TXTR-CG-hoodie-summit-white-1389428-0110.webp\",\"datePublished\":\"2024-10-24T10:42:36+00:00\",\"dateModified\":\"2026-02-13T10:58:21+00:00\",\"description\":\"Leicht, bequem und innen extrem weich: Dieses Herren-Sweatshirt ist ideal, um sich an kalten Tagen warm zu halten.\",\"breadcrumb\":{\"@id\":\"https:\/\/www.miomiorun.com\/de\/produkt\/rival-fleece-textured-glitch-herren\/#breadcrumb\"},\"inLanguage\":\"de-DE\",\"potentialAction\":[{\"@type\":\"ReadAction\",\"target\":[\"https:\/\/www.miomiorun.com\/de\/produkt\/rival-fleece-textured-glitch-herren\/\"]}]},{\"@type\":\"ImageObject\",\"inLanguage\":\"de-DE\",\"@id\":\"https:\/\/www.miomiorun.com\/de\/produkt\/rival-fleece-textured-glitch-herren\/#primaryimage\",\"url\":\"https:\/\/www.miomiorun.com\/app\/uploads\/2024\/12\/Under-Armour-Rival-FLC-TXTR-CG-hoodie-summit-white-1389428-0110.webp\",\"contentUrl\":\"https:\/\/www.miomiorun.com\/app\/uploads\/2024\/12\/Under-Armour-Rival-FLC-TXTR-CG-hoodie-summit-white-1389428-0110.webp\",\"width\":600,\"height\":600,\"caption\":\"Under Armour Rival FLC TXTR CG hoodie summit white 1389428-0110\"},{\"@type\":\"BreadcrumbList\",\"@id\":\"https:\/\/www.miomiorun.com\/de\/produkt\/rival-fleece-textured-glitch-herren\/#breadcrumb\",\"itemListElement\":[{\"@type\":\"ListItem\",\"position\":1,\"name\":\"Home\",\"item\":\"https:\/\/www.miomiorun.com\/de\/\"},{\"@type\":\"ListItem\",\"position\":2,\"name\":\"Shop\",\"item\":\"https:\/\/www.miomiorun.com\/shop\/\"},{\"@type\":\"ListItem\",\"position\":3,\"name\":\"Rival Fleece Textured Glitch herren\"}]},{\"@type\":\"WebSite\",\"@id\":\"https:\/\/www.miomiorun.com\/de\/#website\",\"url\":\"https:\/\/www.miomiorun.com\/de\/\",\"name\":\"MioMioRun\",\"description\":\"100% Lauf- und Trailshop\",\"publisher\":{\"@id\":\"https:\/\/www.miomiorun.com\/de\/#organization\"},\"potentialAction\":[{\"@type\":\"SearchAction\",\"target\":{\"@type\":\"EntryPoint\",\"urlTemplate\":\"https:\/\/www.miomiorun.com\/de\/?s={search_term_string}\"},\"query-input\":{\"@type\":\"PropertyValueSpecification\",\"valueRequired\":true,\"valueName\":\"search_term_string\"}}],\"inLanguage\":\"de-DE\"},{\"@type\":\"Organization\",\"@id\":\"https:\/\/www.miomiorun.com\/de\/#organization\",\"name\":\"MioMio Run\",\"url\":\"https:\/\/www.miomiorun.com\/de\/\",\"logo\":{\"@type\":\"ImageObject\",\"inLanguage\":\"de-DE\",\"@id\":\"https:\/\/www.miomiorun.com\/de\/#\/schema\/logo\/image\/\",\"url\":\"https:\/\/www.miomiorun.com\/app\/uploads\/2019\/12\/logomio.png\",\"contentUrl\":\"https:\/\/www.miomiorun.com\/app\/uploads\/2019\/12\/logomio.png\",\"width\":115,\"height\":82,\"caption\":\"MioMio Run\"},\"image\":{\"@id\":\"https:\/\/www.miomiorun.com\/de\/#\/schema\/logo\/image\/\"},\"sameAs\":[\"https:\/\/www.facebook.com\/miomiorun\/\",\"https:\/\/www.instagram.com\/miomiorun\/\"]}]}<\/script>\n<!-- \/ Yoast SEO plugin. -->","yoast_head_json":{"title":"Under Armour Rival Fleece Textured Glitch herren -Felpa-Lauf- MioMioRun","description":"Leicht, bequem und innen extrem weich: Dieses Herren-Sweatshirt ist ideal, um sich an kalten Tagen warm zu halten.","robots":{"index":"index","follow":"follow","max-snippet":"max-snippet:-1","max-image-preview":"max-image-preview:large","max-video-preview":"max-video-preview:-1"},"canonical":"https:\/\/www.miomiorun.com\/de\/produkt\/rival-fleece-textured-glitch-herren\/","og_locale":"de_DE","og_type":"article","og_title":"Under Armour Rival Fleece Textured Glitch herren -Felpa-Lauf- MioMioRun","og_description":"Leicht, bequem und innen extrem weich: Dieses Herren-Sweatshirt ist ideal, um sich an kalten Tagen warm zu halten.","og_url":"https:\/\/www.miomiorun.com\/de\/produkt\/rival-fleece-textured-glitch-herren\/","og_site_name":"MioMioRun","article_publisher":"https:\/\/www.facebook.com\/miomiorun\/","article_modified_time":"2026-02-13T10:58:21+00:00","og_image":[{"width":600,"height":600,"url":"https:\/\/www.miomiorun.com\/app\/uploads\/2024\/12\/Under-Armour-Rival-FLC-TXTR-CG-hoodie-summit-white-1389428-0110.webp","type":"image\/webp"}],"twitter_card":"summary_large_image","schema":{"@context":"https:\/\/schema.org","@graph":[{"@type":"WebPage","@id":"https:\/\/www.miomiorun.com\/de\/produkt\/rival-fleece-textured-glitch-herren\/","url":"https:\/\/www.miomiorun.com\/de\/produkt\/rival-fleece-textured-glitch-herren\/","name":"Under Armour Rival Fleece Textured Glitch herren -Felpa-Lauf- MioMioRun","isPartOf":{"@id":"https:\/\/www.miomiorun.com\/de\/#website"},"primaryImageOfPage":{"@id":"https:\/\/www.miomiorun.com\/de\/produkt\/rival-fleece-textured-glitch-herren\/#primaryimage"},"image":{"@id":"https:\/\/www.miomiorun.com\/de\/produkt\/rival-fleece-textured-glitch-herren\/#primaryimage"},"thumbnailUrl":"https:\/\/www.miomiorun.com\/app\/uploads\/2024\/12\/Under-Armour-Rival-FLC-TXTR-CG-hoodie-summit-white-1389428-0110.webp","datePublished":"2024-10-24T10:42:36+00:00","dateModified":"2026-02-13T10:58:21+00:00","description":"Leicht, bequem und innen extrem weich: Dieses Herren-Sweatshirt ist ideal, um sich an kalten Tagen warm zu halten.","breadcrumb":{"@id":"https:\/\/www.miomiorun.com\/de\/produkt\/rival-fleece-textured-glitch-herren\/#breadcrumb"},"inLanguage":"de-DE","potentialAction":[{"@type":"ReadAction","target":["https:\/\/www.miomiorun.com\/de\/produkt\/rival-fleece-textured-glitch-herren\/"]}]},{"@type":"ImageObject","inLanguage":"de-DE","@id":"https:\/\/www.miomiorun.com\/de\/produkt\/rival-fleece-textured-glitch-herren\/#primaryimage","url":"https:\/\/www.miomiorun.com\/app\/uploads\/2024\/12\/Under-Armour-Rival-FLC-TXTR-CG-hoodie-summit-white-1389428-0110.webp","contentUrl":"https:\/\/www.miomiorun.com\/app\/uploads\/2024\/12\/Under-Armour-Rival-FLC-TXTR-CG-hoodie-summit-white-1389428-0110.webp","width":600,"height":600,"caption":"Under Armour Rival FLC TXTR CG hoodie summit white 1389428-0110"},{"@type":"BreadcrumbList","@id":"https:\/\/www.miomiorun.com\/de\/produkt\/rival-fleece-textured-glitch-herren\/#breadcrumb","itemListElement":[{"@type":"ListItem","position":1,"name":"Home","item":"https:\/\/www.miomiorun.com\/de\/"},{"@type":"ListItem","position":2,"name":"Shop","item":"https:\/\/www.miomiorun.com\/shop\/"},{"@type":"ListItem","position":3,"name":"Rival Fleece Textured Glitch herren"}]},{"@type":"WebSite","@id":"https:\/\/www.miomiorun.com\/de\/#website","url":"https:\/\/www.miomiorun.com\/de\/","name":"MioMioRun","description":"100% Lauf- und Trailshop","publisher":{"@id":"https:\/\/www.miomiorun.com\/de\/#organization"},"potentialAction":[{"@type":"SearchAction","target":{"@type":"EntryPoint","urlTemplate":"https:\/\/www.miomiorun.com\/de\/?s={search_term_string}"},"query-input":{"@type":"PropertyValueSpecification","valueRequired":true,"valueName":"search_term_string"}}],"inLanguage":"de-DE"},{"@type":"Organization","@id":"https:\/\/www.miomiorun.com\/de\/#organization","name":"MioMio Run","url":"https:\/\/www.miomiorun.com\/de\/","logo":{"@type":"ImageObject","inLanguage":"de-DE","@id":"https:\/\/www.miomiorun.com\/de\/#\/schema\/logo\/image\/","url":"https:\/\/www.miomiorun.com\/app\/uploads\/2019\/12\/logomio.png","contentUrl":"https:\/\/www.miomiorun.com\/app\/uploads\/2019\/12\/logomio.png","width":115,"height":82,"caption":"MioMio Run"},"image":{"@id":"https:\/\/www.miomiorun.com\/de\/#\/schema\/logo\/image\/"},"sameAs":["https:\/\/www.facebook.com\/miomiorun\/","https:\/\/www.instagram.com\/miomiorun\/"]}]}},"_links":{"self":[{"href":"https:\/\/www.miomiorun.com\/de\/wp-json\/wp\/v2\/product\/212858","targetHints":{"allow":["GET"]}}],"collection":[{"href":"https:\/\/www.miomiorun.com\/de\/wp-json\/wp\/v2\/product"}],"about":[{"href":"https:\/\/www.miomiorun.com\/de\/wp-json\/wp\/v2\/types\/product"}],"wp:featuredmedia":[{"embeddable":true,"href":"https:\/\/www.miomiorun.com\/de\/wp-json\/wp\/v2\/media\/217318"}],"wp:attachment":[{"href":"https:\/\/www.miomiorun.com\/de\/wp-json\/wp\/v2\/media?parent=212858"}],"wp:term":[{"taxonomy":"product_brand","embeddable":true,"href":"https:\/\/www.miomiorun.com\/de\/wp-json\/wp\/v2\/product_brand?post=212858"},{"taxonomy":"product_cat","embeddable":true,"href":"https:\/\/www.miomiorun.com\/de\/wp-json\/wp\/v2\/product_cat?post=212858"},{"taxonomy":"product_tag","embeddable":true,"href":"https:\/\/www.miomiorun.com\/de\/wp-json\/wp\/v2\/product_tag?post=212858"}],"curies":[{"name":"wp","href":"https:\/\/api.w.org\/{rel}","templated":true}]}}