{"id":212799,"date":"2024-10-23T19:09:11","date_gmt":"2024-10-23T17:09:11","guid":{"rendered":"https:\/\/miomiorun.com\/?post_type=product&#038;p=212799"},"modified":"2026-05-08T22:20:38","modified_gmt":"2026-05-08T20:20:38","slug":"vanish-cold-weather-leggings-damen","status":"publish","type":"product","link":"https:\/\/www.miomiorun.com\/de\/produkt\/vanish-cold-weather-leggings-damen\/","title":{"rendered":"Vanish Cold Weather Leggings damen"},"content":{"rendered":"<div id=\"tw-target-text-container\" class=\"tw-ta-container F0azHf tw-nfl\" tabindex=\"0\">\n<p>Die <strong> Vanish Cold Weather Leggings<\/strong> f\u00fcr Damen sind perfekte Laufhosen, die die Haut trocken halten, dank eines weichen Futters, das an kalten Tagen die W\u00e4rme speichert und sich bei jeder Bewegung dehnt. Perfekt f\u00fcr intensives Training.<\/p>\n<h3>Eigenschaften:<\/h3>\n<div id=\"acc-1\" class=\"g-accordion-content collapse show\">\n<div id=\"acc-1\" class=\"g-accordion-content collapse show\">\n<ul class=\"t-tabs_data\">\n<li class=\"t-tabs_list\">Ultrawarmer, strukturierter Strickstoff mit zus\u00e4tzlichem Stretch f\u00fcr Komfort, der Ihren Bewegungen folgt<\/li>\n<li class=\"t-tabs_list\">Doppellagiger Stoff auf der R\u00fcckseite der Beine und der oberen Vorderseite f\u00fcr ideale W\u00e4rme, mit weich geb\u00fcrsteter Innenseite und glatter Au\u00dfenseite<\/li>\n<li class=\"t-tabs_list\">Das Material absorbiert Schwei\u00df und trocknet sehr schnell<\/li>\n<li class=\"t-tabs_list\">4-Wege-Stretch-Material verbessert die Bewegungsfreiheit<\/li>\n<li class=\"t-tabs_list\">Der hoch taillierte Bund von Under Armour bietet optimale Abdeckung und Unterst\u00fctzung und macht jede Bewegung mit, ohne zu verrutschen<\/li>\n<li class=\"t-tabs_list\">Seitliche Beuteltaschen<\/li>\n<li class=\"t-tabs_list\">Reflektierendes Band und Logodetails f\u00fcr bessere Sichtbarkeit bei schlechten Lichtverh\u00e4ltnissen<\/li>\n<li class=\"t-tabs_list\">K\u00f6rper: 88% Polyester\/12% Elastan<\/li>\n<li class=\"t-tabs_list\">Material: 87% Polyester\/13% Elastan<\/li>\n<\/ul>\n<\/div>\n<h3>Passform und Pflege<\/h3>\n<div id=\"acc-3\" class=\"g-accordion-content collapse\">\n<div id=\"acc-3\" class=\"g-accordion-content collapse\">\n<div id=\"acc-3\" class=\"g-accordion-content collapse\">\n<ul class=\"t-tabs_data\">\n<li class=\"t-tabs_list\"><span class=\"t-bold_font\">Kompression: <\/span>Ultra eng, wie eine zweite Haut.<\/li>\n<li class=\"t-tabs_list\">Maschinenw\u00e4sche kalt mit \u00e4hnlichen Farben<\/li>\n<li class=\"t-tabs_list\">Falls erforderlich, nur chlorfreies Bleichmittel verwenden<\/li>\n<li class=\"t-tabs_list\">Im W\u00e4schetrockner bei niedriger Temperatur trocknen<\/li>\n<li class=\"t-tabs_list\">Nicht b\u00fcgeln<\/li>\n<li class=\"t-tabs_list\">Keine Weichsp\u00fcler verwenden<\/li>\n<li class=\"t-tabs_list\">Nicht chemisch reinigen<\/li>\n<\/ul>\n<\/div>\n<\/div>\n<\/div>\n<\/div>\n<\/div>\n<div id=\"tw-target-rmn-container\" class=\"tw-target-rmn tw-ta-container F0azHf tw-nfl\">\n<pre id=\"tw-target-rmn\" class=\"tw-data-placeholder tw-text-small tw-ta\" dir=\"ltr\" data-placeholder=\"\">\r\n\r\n<\/pre>\n<\/div>\n","protected":false},"excerpt":{"rendered":"<ul>\n<li>Fortgeschrittene Trainingshose.<\/li>\n<li>Ideal f\u00fcr Aktivit\u00e4ten im Freien.<\/li>\n<\/ul>\n","protected":false},"featured_media":217308,"template":"","meta":{"_acf_changed":false,"inline_featured_image":false},"product_brand":[],"product_cat":[6401,6487],"product_tag":[20482,20495],"class_list":{"0":"post-212799","1":"product","2":"type-product","3":"status-publish","4":"has-post-thumbnail","6":"product_cat-damenbekleidung","7":"product_cat-damenhosen","8":"product_tag-under-armour-de","9":"product_tag-under-armour-damen","10":"pa_attivita-gehen","11":"pa_attivita-running-de","12":"pa_colore-vanish-cw-legging-black-w-de","13":"pa_marca-under-armour-de","14":"pa_sesso-damen","15":"pa_size-small-de","16":"pa_size-medium-de","17":"pa_size-large-de","19":"first","20":"instock","21":"sale","22":"taxable","23":"shipping-taxable","24":"purchasable","25":"product-type-variable","26":"wvs-archive-product-wrapper"},"acf":[],"yoast_head":"<!-- This site is optimized with the Yoast SEO plugin v26.8 - https:\/\/yoast.com\/product\/yoast-seo-wordpress\/ -->\n<title>Under Armour Vanish Cold Weather Leggings damen - Leggings damen - MioMioRun<\/title>\n<meta name=\"description\" content=\"Vanish Cold Weather Leggings f\u00fcr Frauen sind perfekte Laufhosen, die die Haut trocken und warm halten. Weitere Informationen finden Sie unter\" \/>\n<meta name=\"robots\" content=\"index, follow, max-snippet:-1, max-image-preview:large, max-video-preview:-1\" \/>\n<link rel=\"canonical\" href=\"https:\/\/www.miomiorun.com\/de\/produkt\/vanish-cold-weather-leggings-damen\/\" \/>\n<meta property=\"og:locale\" content=\"de_DE\" \/>\n<meta property=\"og:type\" content=\"article\" \/>\n<meta property=\"og:title\" content=\"Under Armour Vanish Cold Weather Leggings damen - Leggings damen - MioMioRun\" \/>\n<meta property=\"og:description\" content=\"Vanish Cold Weather Leggings f\u00fcr Frauen sind perfekte Laufhosen, die die Haut trocken und warm halten. Weitere Informationen finden Sie unter\" \/>\n<meta property=\"og:url\" content=\"https:\/\/www.miomiorun.com\/de\/produkt\/vanish-cold-weather-leggings-damen\/\" \/>\n<meta property=\"og:site_name\" content=\"MioMioRun\" \/>\n<meta property=\"article:publisher\" content=\"https:\/\/www.facebook.com\/miomiorun\/\" \/>\n<meta property=\"article:modified_time\" content=\"2026-05-08T20:20:38+00:00\" \/>\n<meta property=\"og:image\" content=\"https:\/\/www.miomiorun.com\/app\/uploads\/2024\/12\/Under-Armour-Vanish-CW-legging-black-W-1386418-0001.webp\" \/>\n\t<meta property=\"og:image:width\" content=\"600\" \/>\n\t<meta property=\"og:image:height\" content=\"600\" \/>\n\t<meta property=\"og:image:type\" content=\"image\/webp\" \/>\n<meta name=\"twitter:card\" content=\"summary_large_image\" \/>\n<meta name=\"twitter:label1\" content=\"Est. reading time\" \/>\n\t<meta name=\"twitter:data1\" content=\"1 minute\" \/>\n<script type=\"application\/ld+json\" class=\"yoast-schema-graph\">{\"@context\":\"https:\/\/schema.org\",\"@graph\":[{\"@type\":\"WebPage\",\"@id\":\"https:\/\/www.miomiorun.com\/de\/produkt\/vanish-cold-weather-leggings-damen\/\",\"url\":\"https:\/\/www.miomiorun.com\/de\/produkt\/vanish-cold-weather-leggings-damen\/\",\"name\":\"Under Armour Vanish Cold Weather Leggings damen - Leggings damen - MioMioRun\",\"isPartOf\":{\"@id\":\"https:\/\/www.miomiorun.com\/de\/#website\"},\"primaryImageOfPage\":{\"@id\":\"https:\/\/www.miomiorun.com\/de\/produkt\/vanish-cold-weather-leggings-damen\/#primaryimage\"},\"image\":{\"@id\":\"https:\/\/www.miomiorun.com\/de\/produkt\/vanish-cold-weather-leggings-damen\/#primaryimage\"},\"thumbnailUrl\":\"https:\/\/www.miomiorun.com\/app\/uploads\/2024\/12\/Under-Armour-Vanish-CW-legging-black-W-1386418-0001.webp\",\"datePublished\":\"2024-10-23T17:09:11+00:00\",\"dateModified\":\"2026-05-08T20:20:38+00:00\",\"description\":\"Vanish Cold Weather Leggings f\u00fcr Frauen sind perfekte Laufhosen, die die Haut trocken und warm halten. Weitere Informationen finden Sie unter\",\"breadcrumb\":{\"@id\":\"https:\/\/www.miomiorun.com\/de\/produkt\/vanish-cold-weather-leggings-damen\/#breadcrumb\"},\"inLanguage\":\"de-DE\",\"potentialAction\":[{\"@type\":\"ReadAction\",\"target\":[\"https:\/\/www.miomiorun.com\/de\/produkt\/vanish-cold-weather-leggings-damen\/\"]}]},{\"@type\":\"ImageObject\",\"inLanguage\":\"de-DE\",\"@id\":\"https:\/\/www.miomiorun.com\/de\/produkt\/vanish-cold-weather-leggings-damen\/#primaryimage\",\"url\":\"https:\/\/www.miomiorun.com\/app\/uploads\/2024\/12\/Under-Armour-Vanish-CW-legging-black-W-1386418-0001.webp\",\"contentUrl\":\"https:\/\/www.miomiorun.com\/app\/uploads\/2024\/12\/Under-Armour-Vanish-CW-legging-black-W-1386418-0001.webp\",\"width\":600,\"height\":600,\"caption\":\"Under Armour Vanish CW legging black W 1386418-0001\"},{\"@type\":\"BreadcrumbList\",\"@id\":\"https:\/\/www.miomiorun.com\/de\/produkt\/vanish-cold-weather-leggings-damen\/#breadcrumb\",\"itemListElement\":[{\"@type\":\"ListItem\",\"position\":1,\"name\":\"Home\",\"item\":\"https:\/\/www.miomiorun.com\/de\/\"},{\"@type\":\"ListItem\",\"position\":2,\"name\":\"Shop\",\"item\":\"https:\/\/www.miomiorun.com\/shop\/\"},{\"@type\":\"ListItem\",\"position\":3,\"name\":\"Vanish Cold Weather Leggings damen\"}]},{\"@type\":\"WebSite\",\"@id\":\"https:\/\/www.miomiorun.com\/de\/#website\",\"url\":\"https:\/\/www.miomiorun.com\/de\/\",\"name\":\"MioMioRun\",\"description\":\"100% Lauf- und Trailshop\",\"publisher\":{\"@id\":\"https:\/\/www.miomiorun.com\/de\/#organization\"},\"potentialAction\":[{\"@type\":\"SearchAction\",\"target\":{\"@type\":\"EntryPoint\",\"urlTemplate\":\"https:\/\/www.miomiorun.com\/de\/?s={search_term_string}\"},\"query-input\":{\"@type\":\"PropertyValueSpecification\",\"valueRequired\":true,\"valueName\":\"search_term_string\"}}],\"inLanguage\":\"de-DE\"},{\"@type\":\"Organization\",\"@id\":\"https:\/\/www.miomiorun.com\/de\/#organization\",\"name\":\"MioMio Run\",\"url\":\"https:\/\/www.miomiorun.com\/de\/\",\"logo\":{\"@type\":\"ImageObject\",\"inLanguage\":\"de-DE\",\"@id\":\"https:\/\/www.miomiorun.com\/de\/#\/schema\/logo\/image\/\",\"url\":\"https:\/\/www.miomiorun.com\/app\/uploads\/2019\/12\/logomio.png\",\"contentUrl\":\"https:\/\/www.miomiorun.com\/app\/uploads\/2019\/12\/logomio.png\",\"width\":115,\"height\":82,\"caption\":\"MioMio Run\"},\"image\":{\"@id\":\"https:\/\/www.miomiorun.com\/de\/#\/schema\/logo\/image\/\"},\"sameAs\":[\"https:\/\/www.facebook.com\/miomiorun\/\",\"https:\/\/www.instagram.com\/miomiorun\/\"]}]}<\/script>\n<!-- \/ Yoast SEO plugin. -->","yoast_head_json":{"title":"Under Armour Vanish Cold Weather Leggings damen - Leggings damen - MioMioRun","description":"Vanish Cold Weather Leggings f\u00fcr Frauen sind perfekte Laufhosen, die die Haut trocken und warm halten. Weitere Informationen finden Sie unter","robots":{"index":"index","follow":"follow","max-snippet":"max-snippet:-1","max-image-preview":"max-image-preview:large","max-video-preview":"max-video-preview:-1"},"canonical":"https:\/\/www.miomiorun.com\/de\/produkt\/vanish-cold-weather-leggings-damen\/","og_locale":"de_DE","og_type":"article","og_title":"Under Armour Vanish Cold Weather Leggings damen - Leggings damen - MioMioRun","og_description":"Vanish Cold Weather Leggings f\u00fcr Frauen sind perfekte Laufhosen, die die Haut trocken und warm halten. Weitere Informationen finden Sie unter","og_url":"https:\/\/www.miomiorun.com\/de\/produkt\/vanish-cold-weather-leggings-damen\/","og_site_name":"MioMioRun","article_publisher":"https:\/\/www.facebook.com\/miomiorun\/","article_modified_time":"2026-05-08T20:20:38+00:00","og_image":[{"width":600,"height":600,"url":"https:\/\/www.miomiorun.com\/app\/uploads\/2024\/12\/Under-Armour-Vanish-CW-legging-black-W-1386418-0001.webp","type":"image\/webp"}],"twitter_card":"summary_large_image","twitter_misc":{"Est. reading time":"1 minute"},"schema":{"@context":"https:\/\/schema.org","@graph":[{"@type":"WebPage","@id":"https:\/\/www.miomiorun.com\/de\/produkt\/vanish-cold-weather-leggings-damen\/","url":"https:\/\/www.miomiorun.com\/de\/produkt\/vanish-cold-weather-leggings-damen\/","name":"Under Armour Vanish Cold Weather Leggings damen - Leggings damen - MioMioRun","isPartOf":{"@id":"https:\/\/www.miomiorun.com\/de\/#website"},"primaryImageOfPage":{"@id":"https:\/\/www.miomiorun.com\/de\/produkt\/vanish-cold-weather-leggings-damen\/#primaryimage"},"image":{"@id":"https:\/\/www.miomiorun.com\/de\/produkt\/vanish-cold-weather-leggings-damen\/#primaryimage"},"thumbnailUrl":"https:\/\/www.miomiorun.com\/app\/uploads\/2024\/12\/Under-Armour-Vanish-CW-legging-black-W-1386418-0001.webp","datePublished":"2024-10-23T17:09:11+00:00","dateModified":"2026-05-08T20:20:38+00:00","description":"Vanish Cold Weather Leggings f\u00fcr Frauen sind perfekte Laufhosen, die die Haut trocken und warm halten. Weitere Informationen finden Sie unter","breadcrumb":{"@id":"https:\/\/www.miomiorun.com\/de\/produkt\/vanish-cold-weather-leggings-damen\/#breadcrumb"},"inLanguage":"de-DE","potentialAction":[{"@type":"ReadAction","target":["https:\/\/www.miomiorun.com\/de\/produkt\/vanish-cold-weather-leggings-damen\/"]}]},{"@type":"ImageObject","inLanguage":"de-DE","@id":"https:\/\/www.miomiorun.com\/de\/produkt\/vanish-cold-weather-leggings-damen\/#primaryimage","url":"https:\/\/www.miomiorun.com\/app\/uploads\/2024\/12\/Under-Armour-Vanish-CW-legging-black-W-1386418-0001.webp","contentUrl":"https:\/\/www.miomiorun.com\/app\/uploads\/2024\/12\/Under-Armour-Vanish-CW-legging-black-W-1386418-0001.webp","width":600,"height":600,"caption":"Under Armour Vanish CW legging black W 1386418-0001"},{"@type":"BreadcrumbList","@id":"https:\/\/www.miomiorun.com\/de\/produkt\/vanish-cold-weather-leggings-damen\/#breadcrumb","itemListElement":[{"@type":"ListItem","position":1,"name":"Home","item":"https:\/\/www.miomiorun.com\/de\/"},{"@type":"ListItem","position":2,"name":"Shop","item":"https:\/\/www.miomiorun.com\/shop\/"},{"@type":"ListItem","position":3,"name":"Vanish Cold Weather Leggings damen"}]},{"@type":"WebSite","@id":"https:\/\/www.miomiorun.com\/de\/#website","url":"https:\/\/www.miomiorun.com\/de\/","name":"MioMioRun","description":"100% Lauf- und Trailshop","publisher":{"@id":"https:\/\/www.miomiorun.com\/de\/#organization"},"potentialAction":[{"@type":"SearchAction","target":{"@type":"EntryPoint","urlTemplate":"https:\/\/www.miomiorun.com\/de\/?s={search_term_string}"},"query-input":{"@type":"PropertyValueSpecification","valueRequired":true,"valueName":"search_term_string"}}],"inLanguage":"de-DE"},{"@type":"Organization","@id":"https:\/\/www.miomiorun.com\/de\/#organization","name":"MioMio Run","url":"https:\/\/www.miomiorun.com\/de\/","logo":{"@type":"ImageObject","inLanguage":"de-DE","@id":"https:\/\/www.miomiorun.com\/de\/#\/schema\/logo\/image\/","url":"https:\/\/www.miomiorun.com\/app\/uploads\/2019\/12\/logomio.png","contentUrl":"https:\/\/www.miomiorun.com\/app\/uploads\/2019\/12\/logomio.png","width":115,"height":82,"caption":"MioMio Run"},"image":{"@id":"https:\/\/www.miomiorun.com\/de\/#\/schema\/logo\/image\/"},"sameAs":["https:\/\/www.facebook.com\/miomiorun\/","https:\/\/www.instagram.com\/miomiorun\/"]}]}},"_links":{"self":[{"href":"https:\/\/www.miomiorun.com\/de\/wp-json\/wp\/v2\/product\/212799","targetHints":{"allow":["GET"]}}],"collection":[{"href":"https:\/\/www.miomiorun.com\/de\/wp-json\/wp\/v2\/product"}],"about":[{"href":"https:\/\/www.miomiorun.com\/de\/wp-json\/wp\/v2\/types\/product"}],"wp:featuredmedia":[{"embeddable":true,"href":"https:\/\/www.miomiorun.com\/de\/wp-json\/wp\/v2\/media\/217308"}],"wp:attachment":[{"href":"https:\/\/www.miomiorun.com\/de\/wp-json\/wp\/v2\/media?parent=212799"}],"wp:term":[{"taxonomy":"product_brand","embeddable":true,"href":"https:\/\/www.miomiorun.com\/de\/wp-json\/wp\/v2\/product_brand?post=212799"},{"taxonomy":"product_cat","embeddable":true,"href":"https:\/\/www.miomiorun.com\/de\/wp-json\/wp\/v2\/product_cat?post=212799"},{"taxonomy":"product_tag","embeddable":true,"href":"https:\/\/www.miomiorun.com\/de\/wp-json\/wp\/v2\/product_tag?post=212799"}],"curies":[{"name":"wp","href":"https:\/\/api.w.org\/{rel}","templated":true}]}}