{"id":212779,"date":"2024-10-23T18:56:25","date_gmt":"2024-10-23T16:56:25","guid":{"rendered":"https:\/\/miomiorun.com\/?post_type=product&#038;p=212779"},"modified":"2025-03-21T09:57:56","modified_gmt":"2025-03-21T08:57:56","slug":"vanish-cold-weather-%c2%bd-zip-damen","status":"publish","type":"product","link":"https:\/\/www.miomiorun.com\/de\/produkt\/vanish-cold-weather-%c2%bd-zip-damen\/","title":{"rendered":"Vanish Cold Weather \u00bd Zip damen"},"content":{"rendered":"<p>Das <strong>Vanish Cold Weather \u00bd Zip<\/strong> Trikot f\u00fcr Damen h\u00e4lt die Haut trocken, dank eines weichen Futters, das an kalten Tagen die W\u00e4rme speichert und sich bei jeder Bewegung dehnt. Perfekt f\u00fcr das Tragen bei intensiven Workouts an kalten Wintertagen.<\/p>\n<h3>Eigenschaften:<\/h3>\n<div id=\"acc-1\" class=\"g-accordion-content collapse show\">\n<div id=\"acc-1\" class=\"g-accordion-content collapse show\">\n<ul class=\"t-tabs_data\">\n<li class=\"t-tabs_list\">Ultrawarmer, strukturierter Strickstoff mit zus\u00e4tzlichem Stretch f\u00fcr Komfort, der Ihren Bewegungen folgt<\/li>\n<li class=\"t-tabs_list\">Doppellagiger Stoff an der K\u00f6rperseite und an den unteren \u00c4rmeln f\u00fcr ideale W\u00e4rme, mit weich geb\u00fcrsteter Innenseite und glatter Au\u00dfenseite<\/li>\n<li class=\"t-tabs_list\">Das Material absorbiert Schwei\u00df und trocknet sehr schnell<\/li>\n<li class=\"t-tabs_list\">4-Wege-Stretchmaterial verbessert die Bewegungsfreiheit<\/li>\n<li class=\"t-tabs_list\">Gro\u00dfe \u00bd-Rei\u00dfverschluss\u00f6ffnung an der Vorderseite f\u00fcr einfaches Schichten<\/li>\n<li class=\"t-tabs_list\">Eingebaute Daumenl\u00f6cher, um die \u00c4rmel an Ort und Stelle zu halten<\/li>\n<li class=\"t-tabs_list\">Reflektierendes Band und Logodetails f\u00fcr bessere Sichtbarkeit bei schlechten Lichtverh\u00e4ltnissen<\/li>\n<li>Material:Panels: 87% Polyester\/13% Elastan<\/li>\n<\/ul>\n<\/div>\n<h3>Passform und Pflege:<\/h3>\n<div id=\"acc-3\" class=\"g-accordion-content collapse\">\n<div id=\"acc-3\" class=\"g-accordion-content collapse\">\n<ul class=\"t-tabs_data\">\n<li class=\"t-tabs_list\"><span class=\"t-bold_font\">Eng anliegend: <\/span>Wesentliche Passform, weder zu eng noch zu weit.<\/li>\n<li class=\"t-tabs_list\">Maschinenw\u00e4sche kalt mit \u00e4hnlichen Farben<\/li>\n<li class=\"t-tabs_list\">Falls erforderlich, nur chlorfreies Bleichmittel verwenden<\/li>\n<li class=\"t-tabs_list\">Im W\u00e4schetrockner bei niedriger Temperatur trocknen<\/li>\n<li class=\"t-tabs_list\">Nicht b\u00fcgeln<\/li>\n<li class=\"t-tabs_list\">Keine Weichsp\u00fcler verwenden<\/li>\n<li class=\"t-tabs_list\">Nicht chemisch reinigen<\/li>\n<\/ul>\n<\/div>\n<\/div>\n<\/div>\n","protected":false},"excerpt":{"rendered":"<ul>\n<li>Warmes, leichtes technisches Trikot.<\/li>\n<li>Perfekt zum Tragen bei intensivem Training.<\/li>\n<\/ul>\n","protected":false},"featured_media":217301,"template":"","meta":{"_acf_changed":false,"inline_featured_image":false},"product_brand":[],"product_cat":[6401,6486],"product_tag":[20482,20495],"class_list":{"0":"post-212779","1":"product","2":"type-product","3":"status-publish","4":"has-post-thumbnail","6":"product_cat-damenbekleidung","7":"product_cat-damenlangarmshirts","8":"product_tag-under-armour-de","9":"product_tag-under-armour-damen","10":"pa_attivita-gehen","11":"pa_attivita-running-de","12":"pa_colore-vanish-cw-1-2-zip-w-de","13":"pa_marca-under-armour-de","14":"pa_sesso-damen","15":"pa_size-small-de","17":"first","18":"instock","19":"sale","20":"taxable","21":"shipping-taxable","22":"purchasable","23":"product-type-variable","24":"wvs-archive-product-wrapper"},"acf":[],"yoast_head":"<!-- This site is optimized with the Yoast SEO plugin v26.8 - https:\/\/yoast.com\/product\/yoast-seo-wordpress\/ -->\n<title>Under Armour Vanish Cold Weather \u00bd Zip damen -Damen-Sweatshirt - MioMioRun<\/title>\n<meta name=\"description\" content=\"Das Vanish Cold Weather \u00bd Zip Shirt f\u00fcr Damen h\u00e4lt die Haut trocken, dank eines weichen Futters, das die W\u00e4rme an kalten Tagen speichert\" \/>\n<meta name=\"robots\" content=\"index, follow, max-snippet:-1, max-image-preview:large, max-video-preview:-1\" \/>\n<link rel=\"canonical\" href=\"https:\/\/www.miomiorun.com\/de\/produkt\/vanish-cold-weather-%c2%bd-zip-damen\/\" \/>\n<meta property=\"og:locale\" content=\"de_DE\" \/>\n<meta property=\"og:type\" content=\"article\" \/>\n<meta property=\"og:title\" content=\"Under Armour Vanish Cold Weather \u00bd Zip damen -Damen-Sweatshirt - MioMioRun\" \/>\n<meta property=\"og:description\" content=\"Das Vanish Cold Weather \u00bd Zip Shirt f\u00fcr Damen h\u00e4lt die Haut trocken, dank eines weichen Futters, das die W\u00e4rme an kalten Tagen speichert\" \/>\n<meta property=\"og:url\" content=\"https:\/\/www.miomiorun.com\/de\/produkt\/vanish-cold-weather-%c2%bd-zip-damen\/\" \/>\n<meta property=\"og:site_name\" content=\"MioMioRun\" \/>\n<meta property=\"article:publisher\" content=\"https:\/\/www.facebook.com\/miomiorun\/\" \/>\n<meta property=\"article:modified_time\" content=\"2025-03-21T08:57:56+00:00\" \/>\n<meta property=\"og:image\" content=\"https:\/\/www.miomiorun.com\/app\/uploads\/2024\/12\/Under-Armour-Vanish-CW-1mez-zip-W-1386417-0464.webp\" \/>\n\t<meta property=\"og:image:width\" content=\"600\" \/>\n\t<meta property=\"og:image:height\" content=\"600\" \/>\n\t<meta property=\"og:image:type\" content=\"image\/webp\" \/>\n<meta name=\"twitter:card\" content=\"summary_large_image\" \/>\n<meta name=\"twitter:label1\" content=\"Est. reading time\" \/>\n\t<meta name=\"twitter:data1\" content=\"1 minute\" \/>\n<script type=\"application\/ld+json\" class=\"yoast-schema-graph\">{\"@context\":\"https:\/\/schema.org\",\"@graph\":[{\"@type\":\"WebPage\",\"@id\":\"https:\/\/www.miomiorun.com\/de\/produkt\/vanish-cold-weather-%c2%bd-zip-damen\/\",\"url\":\"https:\/\/www.miomiorun.com\/de\/produkt\/vanish-cold-weather-%c2%bd-zip-damen\/\",\"name\":\"Under Armour Vanish Cold Weather \u00bd Zip damen -Damen-Sweatshirt - MioMioRun\",\"isPartOf\":{\"@id\":\"https:\/\/www.miomiorun.com\/de\/#website\"},\"primaryImageOfPage\":{\"@id\":\"https:\/\/www.miomiorun.com\/de\/produkt\/vanish-cold-weather-%c2%bd-zip-damen\/#primaryimage\"},\"image\":{\"@id\":\"https:\/\/www.miomiorun.com\/de\/produkt\/vanish-cold-weather-%c2%bd-zip-damen\/#primaryimage\"},\"thumbnailUrl\":\"https:\/\/www.miomiorun.com\/app\/uploads\/2024\/12\/Under-Armour-Vanish-CW-1mez-zip-W-1386417-0464.webp\",\"datePublished\":\"2024-10-23T16:56:25+00:00\",\"dateModified\":\"2025-03-21T08:57:56+00:00\",\"description\":\"Das Vanish Cold Weather \u00bd Zip Shirt f\u00fcr Damen h\u00e4lt die Haut trocken, dank eines weichen Futters, das die W\u00e4rme an kalten Tagen speichert\",\"breadcrumb\":{\"@id\":\"https:\/\/www.miomiorun.com\/de\/produkt\/vanish-cold-weather-%c2%bd-zip-damen\/#breadcrumb\"},\"inLanguage\":\"de-DE\",\"potentialAction\":[{\"@type\":\"ReadAction\",\"target\":[\"https:\/\/www.miomiorun.com\/de\/produkt\/vanish-cold-weather-%c2%bd-zip-damen\/\"]}]},{\"@type\":\"ImageObject\",\"inLanguage\":\"de-DE\",\"@id\":\"https:\/\/www.miomiorun.com\/de\/produkt\/vanish-cold-weather-%c2%bd-zip-damen\/#primaryimage\",\"url\":\"https:\/\/www.miomiorun.com\/app\/uploads\/2024\/12\/Under-Armour-Vanish-CW-1mez-zip-W-1386417-0464.webp\",\"contentUrl\":\"https:\/\/www.miomiorun.com\/app\/uploads\/2024\/12\/Under-Armour-Vanish-CW-1mez-zip-W-1386417-0464.webp\",\"width\":600,\"height\":600,\"caption\":\"Under Armour Vanish CW 1mez zip W 1386417-0464\"},{\"@type\":\"BreadcrumbList\",\"@id\":\"https:\/\/www.miomiorun.com\/de\/produkt\/vanish-cold-weather-%c2%bd-zip-damen\/#breadcrumb\",\"itemListElement\":[{\"@type\":\"ListItem\",\"position\":1,\"name\":\"Home\",\"item\":\"https:\/\/www.miomiorun.com\/de\/\"},{\"@type\":\"ListItem\",\"position\":2,\"name\":\"Shop\",\"item\":\"https:\/\/www.miomiorun.com\/shop\/\"},{\"@type\":\"ListItem\",\"position\":3,\"name\":\"Vanish Cold Weather \u00bd Zip damen\"}]},{\"@type\":\"WebSite\",\"@id\":\"https:\/\/www.miomiorun.com\/de\/#website\",\"url\":\"https:\/\/www.miomiorun.com\/de\/\",\"name\":\"MioMioRun\",\"description\":\"100% Lauf- und Trailshop\",\"publisher\":{\"@id\":\"https:\/\/www.miomiorun.com\/de\/#organization\"},\"potentialAction\":[{\"@type\":\"SearchAction\",\"target\":{\"@type\":\"EntryPoint\",\"urlTemplate\":\"https:\/\/www.miomiorun.com\/de\/?s={search_term_string}\"},\"query-input\":{\"@type\":\"PropertyValueSpecification\",\"valueRequired\":true,\"valueName\":\"search_term_string\"}}],\"inLanguage\":\"de-DE\"},{\"@type\":\"Organization\",\"@id\":\"https:\/\/www.miomiorun.com\/de\/#organization\",\"name\":\"MioMio Run\",\"url\":\"https:\/\/www.miomiorun.com\/de\/\",\"logo\":{\"@type\":\"ImageObject\",\"inLanguage\":\"de-DE\",\"@id\":\"https:\/\/www.miomiorun.com\/de\/#\/schema\/logo\/image\/\",\"url\":\"https:\/\/www.miomiorun.com\/app\/uploads\/2019\/12\/logomio.png\",\"contentUrl\":\"https:\/\/www.miomiorun.com\/app\/uploads\/2019\/12\/logomio.png\",\"width\":115,\"height\":82,\"caption\":\"MioMio Run\"},\"image\":{\"@id\":\"https:\/\/www.miomiorun.com\/de\/#\/schema\/logo\/image\/\"},\"sameAs\":[\"https:\/\/www.facebook.com\/miomiorun\/\",\"https:\/\/www.instagram.com\/miomiorun\/\"]}]}<\/script>\n<!-- \/ Yoast SEO plugin. -->","yoast_head_json":{"title":"Under Armour Vanish Cold Weather \u00bd Zip damen -Damen-Sweatshirt - MioMioRun","description":"Das Vanish Cold Weather \u00bd Zip Shirt f\u00fcr Damen h\u00e4lt die Haut trocken, dank eines weichen Futters, das die W\u00e4rme an kalten Tagen speichert","robots":{"index":"index","follow":"follow","max-snippet":"max-snippet:-1","max-image-preview":"max-image-preview:large","max-video-preview":"max-video-preview:-1"},"canonical":"https:\/\/www.miomiorun.com\/de\/produkt\/vanish-cold-weather-%c2%bd-zip-damen\/","og_locale":"de_DE","og_type":"article","og_title":"Under Armour Vanish Cold Weather \u00bd Zip damen -Damen-Sweatshirt - MioMioRun","og_description":"Das Vanish Cold Weather \u00bd Zip Shirt f\u00fcr Damen h\u00e4lt die Haut trocken, dank eines weichen Futters, das die W\u00e4rme an kalten Tagen speichert","og_url":"https:\/\/www.miomiorun.com\/de\/produkt\/vanish-cold-weather-%c2%bd-zip-damen\/","og_site_name":"MioMioRun","article_publisher":"https:\/\/www.facebook.com\/miomiorun\/","article_modified_time":"2025-03-21T08:57:56+00:00","og_image":[{"width":600,"height":600,"url":"https:\/\/www.miomiorun.com\/app\/uploads\/2024\/12\/Under-Armour-Vanish-CW-1mez-zip-W-1386417-0464.webp","type":"image\/webp"}],"twitter_card":"summary_large_image","twitter_misc":{"Est. reading time":"1 minute"},"schema":{"@context":"https:\/\/schema.org","@graph":[{"@type":"WebPage","@id":"https:\/\/www.miomiorun.com\/de\/produkt\/vanish-cold-weather-%c2%bd-zip-damen\/","url":"https:\/\/www.miomiorun.com\/de\/produkt\/vanish-cold-weather-%c2%bd-zip-damen\/","name":"Under Armour Vanish Cold Weather \u00bd Zip damen -Damen-Sweatshirt - MioMioRun","isPartOf":{"@id":"https:\/\/www.miomiorun.com\/de\/#website"},"primaryImageOfPage":{"@id":"https:\/\/www.miomiorun.com\/de\/produkt\/vanish-cold-weather-%c2%bd-zip-damen\/#primaryimage"},"image":{"@id":"https:\/\/www.miomiorun.com\/de\/produkt\/vanish-cold-weather-%c2%bd-zip-damen\/#primaryimage"},"thumbnailUrl":"https:\/\/www.miomiorun.com\/app\/uploads\/2024\/12\/Under-Armour-Vanish-CW-1mez-zip-W-1386417-0464.webp","datePublished":"2024-10-23T16:56:25+00:00","dateModified":"2025-03-21T08:57:56+00:00","description":"Das Vanish Cold Weather \u00bd Zip Shirt f\u00fcr Damen h\u00e4lt die Haut trocken, dank eines weichen Futters, das die W\u00e4rme an kalten Tagen speichert","breadcrumb":{"@id":"https:\/\/www.miomiorun.com\/de\/produkt\/vanish-cold-weather-%c2%bd-zip-damen\/#breadcrumb"},"inLanguage":"de-DE","potentialAction":[{"@type":"ReadAction","target":["https:\/\/www.miomiorun.com\/de\/produkt\/vanish-cold-weather-%c2%bd-zip-damen\/"]}]},{"@type":"ImageObject","inLanguage":"de-DE","@id":"https:\/\/www.miomiorun.com\/de\/produkt\/vanish-cold-weather-%c2%bd-zip-damen\/#primaryimage","url":"https:\/\/www.miomiorun.com\/app\/uploads\/2024\/12\/Under-Armour-Vanish-CW-1mez-zip-W-1386417-0464.webp","contentUrl":"https:\/\/www.miomiorun.com\/app\/uploads\/2024\/12\/Under-Armour-Vanish-CW-1mez-zip-W-1386417-0464.webp","width":600,"height":600,"caption":"Under Armour Vanish CW 1mez zip W 1386417-0464"},{"@type":"BreadcrumbList","@id":"https:\/\/www.miomiorun.com\/de\/produkt\/vanish-cold-weather-%c2%bd-zip-damen\/#breadcrumb","itemListElement":[{"@type":"ListItem","position":1,"name":"Home","item":"https:\/\/www.miomiorun.com\/de\/"},{"@type":"ListItem","position":2,"name":"Shop","item":"https:\/\/www.miomiorun.com\/shop\/"},{"@type":"ListItem","position":3,"name":"Vanish Cold Weather \u00bd Zip damen"}]},{"@type":"WebSite","@id":"https:\/\/www.miomiorun.com\/de\/#website","url":"https:\/\/www.miomiorun.com\/de\/","name":"MioMioRun","description":"100% Lauf- und Trailshop","publisher":{"@id":"https:\/\/www.miomiorun.com\/de\/#organization"},"potentialAction":[{"@type":"SearchAction","target":{"@type":"EntryPoint","urlTemplate":"https:\/\/www.miomiorun.com\/de\/?s={search_term_string}"},"query-input":{"@type":"PropertyValueSpecification","valueRequired":true,"valueName":"search_term_string"}}],"inLanguage":"de-DE"},{"@type":"Organization","@id":"https:\/\/www.miomiorun.com\/de\/#organization","name":"MioMio Run","url":"https:\/\/www.miomiorun.com\/de\/","logo":{"@type":"ImageObject","inLanguage":"de-DE","@id":"https:\/\/www.miomiorun.com\/de\/#\/schema\/logo\/image\/","url":"https:\/\/www.miomiorun.com\/app\/uploads\/2019\/12\/logomio.png","contentUrl":"https:\/\/www.miomiorun.com\/app\/uploads\/2019\/12\/logomio.png","width":115,"height":82,"caption":"MioMio Run"},"image":{"@id":"https:\/\/www.miomiorun.com\/de\/#\/schema\/logo\/image\/"},"sameAs":["https:\/\/www.facebook.com\/miomiorun\/","https:\/\/www.instagram.com\/miomiorun\/"]}]}},"_links":{"self":[{"href":"https:\/\/www.miomiorun.com\/de\/wp-json\/wp\/v2\/product\/212779","targetHints":{"allow":["GET"]}}],"collection":[{"href":"https:\/\/www.miomiorun.com\/de\/wp-json\/wp\/v2\/product"}],"about":[{"href":"https:\/\/www.miomiorun.com\/de\/wp-json\/wp\/v2\/types\/product"}],"wp:featuredmedia":[{"embeddable":true,"href":"https:\/\/www.miomiorun.com\/de\/wp-json\/wp\/v2\/media\/217301"}],"wp:attachment":[{"href":"https:\/\/www.miomiorun.com\/de\/wp-json\/wp\/v2\/media?parent=212779"}],"wp:term":[{"taxonomy":"product_brand","embeddable":true,"href":"https:\/\/www.miomiorun.com\/de\/wp-json\/wp\/v2\/product_brand?post=212779"},{"taxonomy":"product_cat","embeddable":true,"href":"https:\/\/www.miomiorun.com\/de\/wp-json\/wp\/v2\/product_cat?post=212779"},{"taxonomy":"product_tag","embeddable":true,"href":"https:\/\/www.miomiorun.com\/de\/wp-json\/wp\/v2\/product_tag?post=212779"}],"curies":[{"name":"wp","href":"https:\/\/api.w.org\/{rel}","templated":true}]}}