{"id":212686,"date":"2024-10-22T16:06:41","date_gmt":"2024-10-22T14:06:41","guid":{"rendered":"https:\/\/miomiorun.com\/?post_type=product&#038;p=212686"},"modified":"2026-05-08T22:20:59","modified_gmt":"2026-05-08T20:20:59","slug":"fly-by-3-shorts-damen","status":"publish","type":"product","link":"https:\/\/www.miomiorun.com\/de\/produkt\/fly-by-3-shorts-damen\/","title":{"rendered":"Fly by 3 Shorts damen"},"content":{"rendered":"<p>Die <strong>Fly by 3<\/strong> Women&#8217;s <strong>Shorts<\/strong> haben ein leichtes, weiches, atmungsaktives und schnell trocknendes Material, einen neuen Bund und eine seitliche Rei\u00dfverschlusstasche zum Verstauen von kleinen pers\u00f6nlichen Gegenst\u00e4nden.<\/p>\n<h3>Eigenschaften:<\/h3>\n<div id=\"acc-1\" class=\"g-accordion-content collapse show\">\n<ul class=\"t-tabs_data\">\n<li class=\"t-tabs_list\">Der Stoff ist leicht, bequem und langlebig<\/li>\n<li class=\"t-tabs_list\">Das Material absorbiert Schwei\u00df und trocknet sehr schnell<\/li>\n<li class=\"t-tabs_list\">Atmungsaktive Mesh-Eins\u00e4tze sorgen f\u00fcr bessere Bel\u00fcftung<\/li>\n<li class=\"t-tabs_list\">Eingebauter Slip f\u00fcr zus\u00e4tzliche Abdeckung<\/li>\n<li class=\"t-tabs_list\">Geraffter, mittelhoher Bund mit innerem Kordelzug f\u00fcr maximalen Komfort<\/li>\n<li class=\"t-tabs_list\">Unsichtbare Rei\u00dfverschlusstasche auf der rechten Seite f\u00fcr Kopfh\u00f6rer, Schl\u00fcssel oder Kredit-\/Ausweiskarte<\/li>\n<li class=\"t-tabs_list\">Der Hauptstoff besteht zu mindestens 90 % aus recyceltem Polyester aus Gewebe, ausgenommen Verzierungen und Dekorationen<\/li>\n<li>Stoff: 100% Polyester<\/li>\n<\/ul>\n<\/div>\n<h3 class=\"css-8rgusf\">Passform und Pflege:<\/h3>\n<div id=\"acc-3\" class=\"g-accordion-content collapse\">\n<ul class=\"t-tabs_data\">\n<li class=\"t-tabs_list\">Bequem<span class=\"t-bold_font\">: <\/span>Lockerer Schnitt f\u00fcr maximalen Komfort.<\/li>\n<li class=\"t-tabs_list\">Maschinenw\u00e4sche kalt mit \u00e4hnlichen Farben<\/li>\n<li class=\"t-tabs_list\">Falls erforderlich, nur chlorfreies Bleichmittel verwenden<\/li>\n<li class=\"t-tabs_list\">Im W\u00e4schetrockner bei niedriger Temperatur trocknen<\/li>\n<li class=\"t-tabs_list\">Nicht b\u00fcgeln<\/li>\n<li class=\"t-tabs_list\">Keine Weichsp\u00fcler verwenden<\/li>\n<li class=\"t-tabs_list\">Nicht chemisch reinigen<\/li>\n<\/ul>\n<\/div>\n<p>&nbsp;<\/p>\n<p>&nbsp;<\/p>\n","protected":false},"excerpt":{"rendered":"<ul>\n<li>Shorts ideal f\u00fcr jedes hochintensive Outdoor-Training.<\/li>\n<li>Ausgestattet mit einer seitlichen Rei\u00dfverschlusstasche f\u00fcr die Aufbewahrung kleiner Gegenst\u00e4nde.<\/li>\n<\/ul>\n","protected":false},"featured_media":215575,"template":"","meta":{"_acf_changed":false,"inline_featured_image":false},"product_brand":[],"product_cat":[6400,6401,6488],"product_tag":[20482,20495],"class_list":{"0":"post-212686","1":"product","2":"type-product","3":"status-publish","4":"has-post-thumbnail","6":"product_cat-damen","7":"product_cat-damenbekleidung","8":"product_cat-damenshorts-de","9":"product_tag-under-armour-de","10":"product_tag-under-armour-damen","11":"pa_attivita-running-de","12":"pa_colore-fly-by-3-shorts-black-w-de","13":"pa_marca-under-armour-de","14":"pa_sesso-damen","15":"pa_size-small-de","16":"pa_size-medium-de","17":"pa_size-large-de","19":"first","20":"instock","21":"sale","22":"taxable","23":"shipping-taxable","24":"purchasable","25":"product-type-variable","26":"wvs-archive-product-wrapper"},"acf":[],"yoast_head":"<!-- This site is optimized with the Yoast SEO plugin v26.8 - https:\/\/yoast.com\/product\/yoast-seo-wordpress\/ -->\n<title>Under Armour Fly by 3 Shorts damen -Damen-Rock- MioMioRun<\/title>\n<meta name=\"description\" content=\"Fly by 3 Women&#039;s Shorts haben ein leichtes, weiches, atmungsaktives und schnell trocknendes Material, einen neuen Bund und eine Seitentasche\" \/>\n<meta name=\"robots\" content=\"index, follow, max-snippet:-1, max-image-preview:large, max-video-preview:-1\" \/>\n<link rel=\"canonical\" href=\"https:\/\/www.miomiorun.com\/de\/produkt\/fly-by-3-shorts-damen\/\" \/>\n<meta property=\"og:locale\" content=\"de_DE\" \/>\n<meta property=\"og:type\" content=\"article\" \/>\n<meta property=\"og:title\" content=\"Under Armour Fly by 3 Shorts damen -Damen-Rock- MioMioRun\" \/>\n<meta property=\"og:description\" content=\"Fly by 3 Women&#039;s Shorts haben ein leichtes, weiches, atmungsaktives und schnell trocknendes Material, einen neuen Bund und eine Seitentasche\" \/>\n<meta property=\"og:url\" content=\"https:\/\/www.miomiorun.com\/de\/produkt\/fly-by-3-shorts-damen\/\" \/>\n<meta property=\"og:site_name\" content=\"MioMioRun\" \/>\n<meta property=\"article:publisher\" content=\"https:\/\/www.facebook.com\/miomiorun\/\" \/>\n<meta property=\"article:modified_time\" content=\"2026-05-08T20:20:59+00:00\" \/>\n<meta property=\"og:image\" content=\"https:\/\/www.miomiorun.com\/app\/uploads\/2024\/11\/under-armour-Fly-by-3-shorts-black-W-1382438-0001.webp\" \/>\n\t<meta property=\"og:image:width\" content=\"600\" \/>\n\t<meta property=\"og:image:height\" content=\"600\" \/>\n\t<meta property=\"og:image:type\" content=\"image\/webp\" \/>\n<meta name=\"twitter:card\" content=\"summary_large_image\" \/>\n<meta name=\"twitter:label1\" content=\"Est. reading time\" \/>\n\t<meta name=\"twitter:data1\" content=\"2 minutes\" \/>\n<script type=\"application\/ld+json\" class=\"yoast-schema-graph\">{\"@context\":\"https:\/\/schema.org\",\"@graph\":[{\"@type\":\"WebPage\",\"@id\":\"https:\/\/www.miomiorun.com\/de\/produkt\/fly-by-3-shorts-damen\/\",\"url\":\"https:\/\/www.miomiorun.com\/de\/produkt\/fly-by-3-shorts-damen\/\",\"name\":\"Under Armour Fly by 3 Shorts damen -Damen-Rock- MioMioRun\",\"isPartOf\":{\"@id\":\"https:\/\/www.miomiorun.com\/de\/#website\"},\"primaryImageOfPage\":{\"@id\":\"https:\/\/www.miomiorun.com\/de\/produkt\/fly-by-3-shorts-damen\/#primaryimage\"},\"image\":{\"@id\":\"https:\/\/www.miomiorun.com\/de\/produkt\/fly-by-3-shorts-damen\/#primaryimage\"},\"thumbnailUrl\":\"https:\/\/www.miomiorun.com\/app\/uploads\/2024\/11\/under-armour-Fly-by-3-shorts-black-W-1382438-0001.webp\",\"datePublished\":\"2024-10-22T14:06:41+00:00\",\"dateModified\":\"2026-05-08T20:20:59+00:00\",\"description\":\"Fly by 3 Women's Shorts haben ein leichtes, weiches, atmungsaktives und schnell trocknendes Material, einen neuen Bund und eine Seitentasche\",\"breadcrumb\":{\"@id\":\"https:\/\/www.miomiorun.com\/de\/produkt\/fly-by-3-shorts-damen\/#breadcrumb\"},\"inLanguage\":\"de-DE\",\"potentialAction\":[{\"@type\":\"ReadAction\",\"target\":[\"https:\/\/www.miomiorun.com\/de\/produkt\/fly-by-3-shorts-damen\/\"]}]},{\"@type\":\"ImageObject\",\"inLanguage\":\"de-DE\",\"@id\":\"https:\/\/www.miomiorun.com\/de\/produkt\/fly-by-3-shorts-damen\/#primaryimage\",\"url\":\"https:\/\/www.miomiorun.com\/app\/uploads\/2024\/11\/under-armour-Fly-by-3-shorts-black-W-1382438-0001.webp\",\"contentUrl\":\"https:\/\/www.miomiorun.com\/app\/uploads\/2024\/11\/under-armour-Fly-by-3-shorts-black-W-1382438-0001.webp\",\"width\":600,\"height\":600,\"caption\":\"under armour Fly by 3 shorts black W 1382438-0001\"},{\"@type\":\"BreadcrumbList\",\"@id\":\"https:\/\/www.miomiorun.com\/de\/produkt\/fly-by-3-shorts-damen\/#breadcrumb\",\"itemListElement\":[{\"@type\":\"ListItem\",\"position\":1,\"name\":\"Home\",\"item\":\"https:\/\/www.miomiorun.com\/de\/\"},{\"@type\":\"ListItem\",\"position\":2,\"name\":\"Shop\",\"item\":\"https:\/\/www.miomiorun.com\/shop\/\"},{\"@type\":\"ListItem\",\"position\":3,\"name\":\"Fly by 3 Shorts damen\"}]},{\"@type\":\"WebSite\",\"@id\":\"https:\/\/www.miomiorun.com\/de\/#website\",\"url\":\"https:\/\/www.miomiorun.com\/de\/\",\"name\":\"MioMioRun\",\"description\":\"100% Lauf- und Trailshop\",\"publisher\":{\"@id\":\"https:\/\/www.miomiorun.com\/de\/#organization\"},\"potentialAction\":[{\"@type\":\"SearchAction\",\"target\":{\"@type\":\"EntryPoint\",\"urlTemplate\":\"https:\/\/www.miomiorun.com\/de\/?s={search_term_string}\"},\"query-input\":{\"@type\":\"PropertyValueSpecification\",\"valueRequired\":true,\"valueName\":\"search_term_string\"}}],\"inLanguage\":\"de-DE\"},{\"@type\":\"Organization\",\"@id\":\"https:\/\/www.miomiorun.com\/de\/#organization\",\"name\":\"MioMio Run\",\"url\":\"https:\/\/www.miomiorun.com\/de\/\",\"logo\":{\"@type\":\"ImageObject\",\"inLanguage\":\"de-DE\",\"@id\":\"https:\/\/www.miomiorun.com\/de\/#\/schema\/logo\/image\/\",\"url\":\"https:\/\/www.miomiorun.com\/app\/uploads\/2019\/12\/logomio.png\",\"contentUrl\":\"https:\/\/www.miomiorun.com\/app\/uploads\/2019\/12\/logomio.png\",\"width\":115,\"height\":82,\"caption\":\"MioMio Run\"},\"image\":{\"@id\":\"https:\/\/www.miomiorun.com\/de\/#\/schema\/logo\/image\/\"},\"sameAs\":[\"https:\/\/www.facebook.com\/miomiorun\/\",\"https:\/\/www.instagram.com\/miomiorun\/\"]}]}<\/script>\n<!-- \/ Yoast SEO plugin. -->","yoast_head_json":{"title":"Under Armour Fly by 3 Shorts damen -Damen-Rock- MioMioRun","description":"Fly by 3 Women's Shorts haben ein leichtes, weiches, atmungsaktives und schnell trocknendes Material, einen neuen Bund und eine Seitentasche","robots":{"index":"index","follow":"follow","max-snippet":"max-snippet:-1","max-image-preview":"max-image-preview:large","max-video-preview":"max-video-preview:-1"},"canonical":"https:\/\/www.miomiorun.com\/de\/produkt\/fly-by-3-shorts-damen\/","og_locale":"de_DE","og_type":"article","og_title":"Under Armour Fly by 3 Shorts damen -Damen-Rock- MioMioRun","og_description":"Fly by 3 Women's Shorts haben ein leichtes, weiches, atmungsaktives und schnell trocknendes Material, einen neuen Bund und eine Seitentasche","og_url":"https:\/\/www.miomiorun.com\/de\/produkt\/fly-by-3-shorts-damen\/","og_site_name":"MioMioRun","article_publisher":"https:\/\/www.facebook.com\/miomiorun\/","article_modified_time":"2026-05-08T20:20:59+00:00","og_image":[{"width":600,"height":600,"url":"https:\/\/www.miomiorun.com\/app\/uploads\/2024\/11\/under-armour-Fly-by-3-shorts-black-W-1382438-0001.webp","type":"image\/webp"}],"twitter_card":"summary_large_image","twitter_misc":{"Est. reading time":"2 minutes"},"schema":{"@context":"https:\/\/schema.org","@graph":[{"@type":"WebPage","@id":"https:\/\/www.miomiorun.com\/de\/produkt\/fly-by-3-shorts-damen\/","url":"https:\/\/www.miomiorun.com\/de\/produkt\/fly-by-3-shorts-damen\/","name":"Under Armour Fly by 3 Shorts damen -Damen-Rock- MioMioRun","isPartOf":{"@id":"https:\/\/www.miomiorun.com\/de\/#website"},"primaryImageOfPage":{"@id":"https:\/\/www.miomiorun.com\/de\/produkt\/fly-by-3-shorts-damen\/#primaryimage"},"image":{"@id":"https:\/\/www.miomiorun.com\/de\/produkt\/fly-by-3-shorts-damen\/#primaryimage"},"thumbnailUrl":"https:\/\/www.miomiorun.com\/app\/uploads\/2024\/11\/under-armour-Fly-by-3-shorts-black-W-1382438-0001.webp","datePublished":"2024-10-22T14:06:41+00:00","dateModified":"2026-05-08T20:20:59+00:00","description":"Fly by 3 Women's Shorts haben ein leichtes, weiches, atmungsaktives und schnell trocknendes Material, einen neuen Bund und eine Seitentasche","breadcrumb":{"@id":"https:\/\/www.miomiorun.com\/de\/produkt\/fly-by-3-shorts-damen\/#breadcrumb"},"inLanguage":"de-DE","potentialAction":[{"@type":"ReadAction","target":["https:\/\/www.miomiorun.com\/de\/produkt\/fly-by-3-shorts-damen\/"]}]},{"@type":"ImageObject","inLanguage":"de-DE","@id":"https:\/\/www.miomiorun.com\/de\/produkt\/fly-by-3-shorts-damen\/#primaryimage","url":"https:\/\/www.miomiorun.com\/app\/uploads\/2024\/11\/under-armour-Fly-by-3-shorts-black-W-1382438-0001.webp","contentUrl":"https:\/\/www.miomiorun.com\/app\/uploads\/2024\/11\/under-armour-Fly-by-3-shorts-black-W-1382438-0001.webp","width":600,"height":600,"caption":"under armour Fly by 3 shorts black W 1382438-0001"},{"@type":"BreadcrumbList","@id":"https:\/\/www.miomiorun.com\/de\/produkt\/fly-by-3-shorts-damen\/#breadcrumb","itemListElement":[{"@type":"ListItem","position":1,"name":"Home","item":"https:\/\/www.miomiorun.com\/de\/"},{"@type":"ListItem","position":2,"name":"Shop","item":"https:\/\/www.miomiorun.com\/shop\/"},{"@type":"ListItem","position":3,"name":"Fly by 3 Shorts damen"}]},{"@type":"WebSite","@id":"https:\/\/www.miomiorun.com\/de\/#website","url":"https:\/\/www.miomiorun.com\/de\/","name":"MioMioRun","description":"100% Lauf- und Trailshop","publisher":{"@id":"https:\/\/www.miomiorun.com\/de\/#organization"},"potentialAction":[{"@type":"SearchAction","target":{"@type":"EntryPoint","urlTemplate":"https:\/\/www.miomiorun.com\/de\/?s={search_term_string}"},"query-input":{"@type":"PropertyValueSpecification","valueRequired":true,"valueName":"search_term_string"}}],"inLanguage":"de-DE"},{"@type":"Organization","@id":"https:\/\/www.miomiorun.com\/de\/#organization","name":"MioMio Run","url":"https:\/\/www.miomiorun.com\/de\/","logo":{"@type":"ImageObject","inLanguage":"de-DE","@id":"https:\/\/www.miomiorun.com\/de\/#\/schema\/logo\/image\/","url":"https:\/\/www.miomiorun.com\/app\/uploads\/2019\/12\/logomio.png","contentUrl":"https:\/\/www.miomiorun.com\/app\/uploads\/2019\/12\/logomio.png","width":115,"height":82,"caption":"MioMio Run"},"image":{"@id":"https:\/\/www.miomiorun.com\/de\/#\/schema\/logo\/image\/"},"sameAs":["https:\/\/www.facebook.com\/miomiorun\/","https:\/\/www.instagram.com\/miomiorun\/"]}]}},"_links":{"self":[{"href":"https:\/\/www.miomiorun.com\/de\/wp-json\/wp\/v2\/product\/212686","targetHints":{"allow":["GET"]}}],"collection":[{"href":"https:\/\/www.miomiorun.com\/de\/wp-json\/wp\/v2\/product"}],"about":[{"href":"https:\/\/www.miomiorun.com\/de\/wp-json\/wp\/v2\/types\/product"}],"wp:featuredmedia":[{"embeddable":true,"href":"https:\/\/www.miomiorun.com\/de\/wp-json\/wp\/v2\/media\/215575"}],"wp:attachment":[{"href":"https:\/\/www.miomiorun.com\/de\/wp-json\/wp\/v2\/media?parent=212686"}],"wp:term":[{"taxonomy":"product_brand","embeddable":true,"href":"https:\/\/www.miomiorun.com\/de\/wp-json\/wp\/v2\/product_brand?post=212686"},{"taxonomy":"product_cat","embeddable":true,"href":"https:\/\/www.miomiorun.com\/de\/wp-json\/wp\/v2\/product_cat?post=212686"},{"taxonomy":"product_tag","embeddable":true,"href":"https:\/\/www.miomiorun.com\/de\/wp-json\/wp\/v2\/product_tag?post=212686"}],"curies":[{"name":"wp","href":"https:\/\/api.w.org\/{rel}","templated":true}]}}