{"id":212637,"date":"2024-10-22T15:30:59","date_gmt":"2024-10-22T13:30:59","guid":{"rendered":"https:\/\/miomiorun.com\/?post_type=product&#038;p=212637"},"modified":"2026-02-13T11:57:35","modified_gmt":"2026-02-13T10:57:35","slug":"launch-elite-cold-weather-%c2%bd-zip-herren","status":"publish","type":"product","link":"https:\/\/www.miomiorun.com\/de\/produkt\/launch-elite-cold-weather-%c2%bd-zip-herren\/","title":{"rendered":"Launch Elite Cold Weather \u00bd Zip herren"},"content":{"rendered":"<h2 style=\"text-align: center\">Laufen im Winter ist hart: Es ist kalt und die Tage sind kurz. Diese Ausr\u00fcstung wurde speziell entwickelt, damit du beim Laufen am fr\u00fchen Morgen oder am Abend dein Bestes geben kannst.<\/h2>\n<p style=\"text-align: left\"><strong>Das Launch Elite Cold Weather \u00bd Zip<\/strong> f\u00fcr Herren ist ein sehr warmes, leichtes Shirt mit reflektierenden Details, die f\u00fcr gute Sichtbarkeit sorgen.<\/p>\n<h3>Eigenschaften:<\/h3>\n<div id=\"acc-1\" class=\"g-accordion-content collapse show\">\n<ul class=\"t-tabs_data\">\n<li class=\"t-tabs_list\">Das doppelt gestrickte Material ist weich, elastisch und warm und sorgt f\u00fcr h\u00f6chsten Komfort und Bewegungsfreiheit<\/li>\n<li class=\"t-tabs_list\">Das Material absorbiert Schwei\u00df und trocknet sehr schnell. <\/li>\n<li class=\"t-tabs_list\">Das in vier Richtungen elastische Material verbessert die Beweglichkeit. <\/li>\n<li class=\"t-tabs_list\">Der UPF 50+ sch\u00fctzt die Haut vor sch\u00e4dlichen Sonnenstrahlen. <\/li>\n<li class=\"t-tabs_list\">Brusttasche mit Rei\u00dfverschluss zur Aufbewahrung von Schl\u00fcsseln oder Kreditkarten bei l\u00e4ngeren L\u00e4ufen<\/li>\n<li class=\"t-tabs_list\">Gro\u00dfer \u00bd-Rei\u00dfverschluss f\u00fcr einfaches Anziehen mehrerer Schichten und Seitenschlitze f\u00fcr bessere Atmungsaktivit\u00e4t<\/li>\n<li class=\"t-tabs_list\">360\u00b0-Reflektivit\u00e4t f\u00fcr bessere Sichtbarkeit bei L\u00e4ufen bei schlechten Lichtverh\u00e4ltnissen<\/li>\n<li>Material: 88 % Polyester\/12 % Elasthan<\/li>\n<\/ul>\n<\/div>\n<h3>Passform und Pflege:<\/h3>\n<div id=\"acc-3\" class=\"g-accordion-content collapse\">\n<ul class=\"t-tabs_data\">\n<li class=\"t-tabs_list\"><span class=\"t-bold_font\">Passform:&nbsp;<\/span>Essentielle Passform, weder zu eng noch zu weit. <\/li>\n<li class=\"t-tabs_list\">Kalt in der Waschmaschine mit \u00e4hnlichen Farben waschen. <\/li>\n<li class=\"t-tabs_list\">Falls erforderlich, nur chlorfreies Bleichmittel verwenden<\/li>\n<li class=\"t-tabs_list\">Bei niedriger Temperatur im Trockner trocknen<\/li>\n<li class=\"t-tabs_list\">Nicht b\u00fcgeln<\/li>\n<li class=\"t-tabs_list\">Keinen Weichsp\u00fcler verwenden<\/li>\n<li class=\"t-tabs_list\">Nicht chemisch reinigen<\/li>\n<\/ul>\n<\/div>\n<p>&nbsp;<\/p>\n<p>&nbsp;<\/p>\n<p id=\"tw-target-text\" class=\"tw-data-text tw-text-large XcVN5d tw-ta\" dir=\"ltr\" data-placeholder=\"Traduzione\"><span class=\"Y2IQFc\" lang=\"it\">&nbsp;<\/span><\/p>\n","protected":false},"excerpt":{"rendered":"<ul>\n<li>Funktionsshirt, das dich an kalten Tagen warm h\u00e4lt.<\/li>\n<li>Perfekt zum Laufen an kalten Wintertagen.<\/li>\n<\/ul>\n","protected":false},"featured_media":215353,"template":"","meta":{"_acf_changed":false,"inline_featured_image":false},"product_brand":[],"product_cat":[6540,6541],"product_tag":[20482,20497],"class_list":{"0":"post-212637","1":"product","2":"type-product","3":"status-publish","4":"has-post-thumbnail","6":"product_cat-herrenbekleidung","7":"product_cat-langarmshirt","8":"product_tag-under-armour-de","9":"product_tag-under-armour-herren","10":"pa_attivita-gehen","11":"pa_attivita-running-de","12":"pa_colore-launch-elite-cw-half-zip-black-m-de","13":"pa_marca-under-armour-de","14":"pa_sesso-herren","15":"pa_size-large-de","16":"pa_size-extra-large-de","18":"first","19":"instock","20":"sale","21":"taxable","22":"shipping-taxable","23":"purchasable","24":"product-type-variable","25":"wvs-archive-product-wrapper"},"acf":[],"yoast_head":"<!-- This site is optimized with the Yoast SEO plugin v26.8 - https:\/\/yoast.com\/product\/yoast-seo-wordpress\/ -->\n<title>Under Armour Launch Elite Cold Weather \u00bd Zip herren - Trikot - MioMioRun<\/title>\n<meta name=\"description\" content=\"Laufen im Winter ist hart: Es ist kalt und die Tage sind kurz. Diese Ausr\u00fcstung wurde speziell entwickelt, damit Sie beim Laufen Ihr Bestes geben k\u00f6nnen.\" \/>\n<meta name=\"robots\" content=\"index, follow, max-snippet:-1, max-image-preview:large, max-video-preview:-1\" \/>\n<link rel=\"canonical\" href=\"https:\/\/www.miomiorun.com\/de\/produkt\/launch-elite-cold-weather-%c2%bd-zip-herren\/\" \/>\n<meta property=\"og:locale\" content=\"de_DE\" \/>\n<meta property=\"og:type\" content=\"article\" \/>\n<meta property=\"og:title\" content=\"Under Armour Launch Elite Cold Weather \u00bd Zip herren - Trikot - MioMioRun\" \/>\n<meta property=\"og:description\" content=\"Laufen im Winter ist hart: Es ist kalt und die Tage sind kurz. Diese Ausr\u00fcstung wurde speziell entwickelt, damit Sie beim Laufen Ihr Bestes geben k\u00f6nnen.\" \/>\n<meta property=\"og:url\" content=\"https:\/\/www.miomiorun.com\/de\/produkt\/launch-elite-cold-weather-%c2%bd-zip-herren\/\" \/>\n<meta property=\"og:site_name\" content=\"MioMioRun\" \/>\n<meta property=\"article:publisher\" content=\"https:\/\/www.facebook.com\/miomiorun\/\" \/>\n<meta property=\"article:modified_time\" content=\"2026-02-13T10:57:35+00:00\" \/>\n<meta property=\"og:image\" content=\"https:\/\/www.miomiorun.com\/app\/uploads\/2024\/11\/Under-Armour-Launch-elite-CW-half-zip-black-M-1386676-0001.webp\" \/>\n\t<meta property=\"og:image:width\" content=\"600\" \/>\n\t<meta property=\"og:image:height\" content=\"600\" \/>\n\t<meta property=\"og:image:type\" content=\"image\/webp\" \/>\n<meta name=\"twitter:card\" content=\"summary_large_image\" \/>\n<meta name=\"twitter:label1\" content=\"Est. reading time\" \/>\n\t<meta name=\"twitter:data1\" content=\"1 minute\" \/>\n<script type=\"application\/ld+json\" class=\"yoast-schema-graph\">{\"@context\":\"https:\/\/schema.org\",\"@graph\":[{\"@type\":\"WebPage\",\"@id\":\"https:\/\/www.miomiorun.com\/de\/produkt\/launch-elite-cold-weather-%c2%bd-zip-herren\/\",\"url\":\"https:\/\/www.miomiorun.com\/de\/produkt\/launch-elite-cold-weather-%c2%bd-zip-herren\/\",\"name\":\"Under Armour Launch Elite Cold Weather \u00bd Zip herren - Trikot - MioMioRun\",\"isPartOf\":{\"@id\":\"https:\/\/www.miomiorun.com\/de\/#website\"},\"primaryImageOfPage\":{\"@id\":\"https:\/\/www.miomiorun.com\/de\/produkt\/launch-elite-cold-weather-%c2%bd-zip-herren\/#primaryimage\"},\"image\":{\"@id\":\"https:\/\/www.miomiorun.com\/de\/produkt\/launch-elite-cold-weather-%c2%bd-zip-herren\/#primaryimage\"},\"thumbnailUrl\":\"https:\/\/www.miomiorun.com\/app\/uploads\/2024\/11\/Under-Armour-Launch-elite-CW-half-zip-black-M-1386676-0001.webp\",\"datePublished\":\"2024-10-22T13:30:59+00:00\",\"dateModified\":\"2026-02-13T10:57:35+00:00\",\"description\":\"Laufen im Winter ist hart: Es ist kalt und die Tage sind kurz. Diese Ausr\u00fcstung wurde speziell entwickelt, damit Sie beim Laufen Ihr Bestes geben k\u00f6nnen.\",\"breadcrumb\":{\"@id\":\"https:\/\/www.miomiorun.com\/de\/produkt\/launch-elite-cold-weather-%c2%bd-zip-herren\/#breadcrumb\"},\"inLanguage\":\"de-DE\",\"potentialAction\":[{\"@type\":\"ReadAction\",\"target\":[\"https:\/\/www.miomiorun.com\/de\/produkt\/launch-elite-cold-weather-%c2%bd-zip-herren\/\"]}]},{\"@type\":\"ImageObject\",\"inLanguage\":\"de-DE\",\"@id\":\"https:\/\/www.miomiorun.com\/de\/produkt\/launch-elite-cold-weather-%c2%bd-zip-herren\/#primaryimage\",\"url\":\"https:\/\/www.miomiorun.com\/app\/uploads\/2024\/11\/Under-Armour-Launch-elite-CW-half-zip-black-M-1386676-0001.webp\",\"contentUrl\":\"https:\/\/www.miomiorun.com\/app\/uploads\/2024\/11\/Under-Armour-Launch-elite-CW-half-zip-black-M-1386676-0001.webp\",\"width\":600,\"height\":600,\"caption\":\"Under Armour Launch elite CW half zip black M 1386676-0001\"},{\"@type\":\"BreadcrumbList\",\"@id\":\"https:\/\/www.miomiorun.com\/de\/produkt\/launch-elite-cold-weather-%c2%bd-zip-herren\/#breadcrumb\",\"itemListElement\":[{\"@type\":\"ListItem\",\"position\":1,\"name\":\"Home\",\"item\":\"https:\/\/www.miomiorun.com\/de\/\"},{\"@type\":\"ListItem\",\"position\":2,\"name\":\"Shop\",\"item\":\"https:\/\/www.miomiorun.com\/shop\/\"},{\"@type\":\"ListItem\",\"position\":3,\"name\":\"Launch Elite Cold Weather \u00bd Zip herren\"}]},{\"@type\":\"WebSite\",\"@id\":\"https:\/\/www.miomiorun.com\/de\/#website\",\"url\":\"https:\/\/www.miomiorun.com\/de\/\",\"name\":\"MioMioRun\",\"description\":\"100% Lauf- und Trailshop\",\"publisher\":{\"@id\":\"https:\/\/www.miomiorun.com\/de\/#organization\"},\"potentialAction\":[{\"@type\":\"SearchAction\",\"target\":{\"@type\":\"EntryPoint\",\"urlTemplate\":\"https:\/\/www.miomiorun.com\/de\/?s={search_term_string}\"},\"query-input\":{\"@type\":\"PropertyValueSpecification\",\"valueRequired\":true,\"valueName\":\"search_term_string\"}}],\"inLanguage\":\"de-DE\"},{\"@type\":\"Organization\",\"@id\":\"https:\/\/www.miomiorun.com\/de\/#organization\",\"name\":\"MioMio Run\",\"url\":\"https:\/\/www.miomiorun.com\/de\/\",\"logo\":{\"@type\":\"ImageObject\",\"inLanguage\":\"de-DE\",\"@id\":\"https:\/\/www.miomiorun.com\/de\/#\/schema\/logo\/image\/\",\"url\":\"https:\/\/www.miomiorun.com\/app\/uploads\/2019\/12\/logomio.png\",\"contentUrl\":\"https:\/\/www.miomiorun.com\/app\/uploads\/2019\/12\/logomio.png\",\"width\":115,\"height\":82,\"caption\":\"MioMio Run\"},\"image\":{\"@id\":\"https:\/\/www.miomiorun.com\/de\/#\/schema\/logo\/image\/\"},\"sameAs\":[\"https:\/\/www.facebook.com\/miomiorun\/\",\"https:\/\/www.instagram.com\/miomiorun\/\"]}]}<\/script>\n<!-- \/ Yoast SEO plugin. -->","yoast_head_json":{"title":"Under Armour Launch Elite Cold Weather \u00bd Zip herren - Trikot - MioMioRun","description":"Laufen im Winter ist hart: Es ist kalt und die Tage sind kurz. Diese Ausr\u00fcstung wurde speziell entwickelt, damit Sie beim Laufen Ihr Bestes geben k\u00f6nnen.","robots":{"index":"index","follow":"follow","max-snippet":"max-snippet:-1","max-image-preview":"max-image-preview:large","max-video-preview":"max-video-preview:-1"},"canonical":"https:\/\/www.miomiorun.com\/de\/produkt\/launch-elite-cold-weather-%c2%bd-zip-herren\/","og_locale":"de_DE","og_type":"article","og_title":"Under Armour Launch Elite Cold Weather \u00bd Zip herren - Trikot - MioMioRun","og_description":"Laufen im Winter ist hart: Es ist kalt und die Tage sind kurz. Diese Ausr\u00fcstung wurde speziell entwickelt, damit Sie beim Laufen Ihr Bestes geben k\u00f6nnen.","og_url":"https:\/\/www.miomiorun.com\/de\/produkt\/launch-elite-cold-weather-%c2%bd-zip-herren\/","og_site_name":"MioMioRun","article_publisher":"https:\/\/www.facebook.com\/miomiorun\/","article_modified_time":"2026-02-13T10:57:35+00:00","og_image":[{"width":600,"height":600,"url":"https:\/\/www.miomiorun.com\/app\/uploads\/2024\/11\/Under-Armour-Launch-elite-CW-half-zip-black-M-1386676-0001.webp","type":"image\/webp"}],"twitter_card":"summary_large_image","twitter_misc":{"Est. reading time":"1 minute"},"schema":{"@context":"https:\/\/schema.org","@graph":[{"@type":"WebPage","@id":"https:\/\/www.miomiorun.com\/de\/produkt\/launch-elite-cold-weather-%c2%bd-zip-herren\/","url":"https:\/\/www.miomiorun.com\/de\/produkt\/launch-elite-cold-weather-%c2%bd-zip-herren\/","name":"Under Armour Launch Elite Cold Weather \u00bd Zip herren - Trikot - MioMioRun","isPartOf":{"@id":"https:\/\/www.miomiorun.com\/de\/#website"},"primaryImageOfPage":{"@id":"https:\/\/www.miomiorun.com\/de\/produkt\/launch-elite-cold-weather-%c2%bd-zip-herren\/#primaryimage"},"image":{"@id":"https:\/\/www.miomiorun.com\/de\/produkt\/launch-elite-cold-weather-%c2%bd-zip-herren\/#primaryimage"},"thumbnailUrl":"https:\/\/www.miomiorun.com\/app\/uploads\/2024\/11\/Under-Armour-Launch-elite-CW-half-zip-black-M-1386676-0001.webp","datePublished":"2024-10-22T13:30:59+00:00","dateModified":"2026-02-13T10:57:35+00:00","description":"Laufen im Winter ist hart: Es ist kalt und die Tage sind kurz. Diese Ausr\u00fcstung wurde speziell entwickelt, damit Sie beim Laufen Ihr Bestes geben k\u00f6nnen.","breadcrumb":{"@id":"https:\/\/www.miomiorun.com\/de\/produkt\/launch-elite-cold-weather-%c2%bd-zip-herren\/#breadcrumb"},"inLanguage":"de-DE","potentialAction":[{"@type":"ReadAction","target":["https:\/\/www.miomiorun.com\/de\/produkt\/launch-elite-cold-weather-%c2%bd-zip-herren\/"]}]},{"@type":"ImageObject","inLanguage":"de-DE","@id":"https:\/\/www.miomiorun.com\/de\/produkt\/launch-elite-cold-weather-%c2%bd-zip-herren\/#primaryimage","url":"https:\/\/www.miomiorun.com\/app\/uploads\/2024\/11\/Under-Armour-Launch-elite-CW-half-zip-black-M-1386676-0001.webp","contentUrl":"https:\/\/www.miomiorun.com\/app\/uploads\/2024\/11\/Under-Armour-Launch-elite-CW-half-zip-black-M-1386676-0001.webp","width":600,"height":600,"caption":"Under Armour Launch elite CW half zip black M 1386676-0001"},{"@type":"BreadcrumbList","@id":"https:\/\/www.miomiorun.com\/de\/produkt\/launch-elite-cold-weather-%c2%bd-zip-herren\/#breadcrumb","itemListElement":[{"@type":"ListItem","position":1,"name":"Home","item":"https:\/\/www.miomiorun.com\/de\/"},{"@type":"ListItem","position":2,"name":"Shop","item":"https:\/\/www.miomiorun.com\/shop\/"},{"@type":"ListItem","position":3,"name":"Launch Elite Cold Weather \u00bd Zip herren"}]},{"@type":"WebSite","@id":"https:\/\/www.miomiorun.com\/de\/#website","url":"https:\/\/www.miomiorun.com\/de\/","name":"MioMioRun","description":"100% Lauf- und Trailshop","publisher":{"@id":"https:\/\/www.miomiorun.com\/de\/#organization"},"potentialAction":[{"@type":"SearchAction","target":{"@type":"EntryPoint","urlTemplate":"https:\/\/www.miomiorun.com\/de\/?s={search_term_string}"},"query-input":{"@type":"PropertyValueSpecification","valueRequired":true,"valueName":"search_term_string"}}],"inLanguage":"de-DE"},{"@type":"Organization","@id":"https:\/\/www.miomiorun.com\/de\/#organization","name":"MioMio Run","url":"https:\/\/www.miomiorun.com\/de\/","logo":{"@type":"ImageObject","inLanguage":"de-DE","@id":"https:\/\/www.miomiorun.com\/de\/#\/schema\/logo\/image\/","url":"https:\/\/www.miomiorun.com\/app\/uploads\/2019\/12\/logomio.png","contentUrl":"https:\/\/www.miomiorun.com\/app\/uploads\/2019\/12\/logomio.png","width":115,"height":82,"caption":"MioMio Run"},"image":{"@id":"https:\/\/www.miomiorun.com\/de\/#\/schema\/logo\/image\/"},"sameAs":["https:\/\/www.facebook.com\/miomiorun\/","https:\/\/www.instagram.com\/miomiorun\/"]}]}},"_links":{"self":[{"href":"https:\/\/www.miomiorun.com\/de\/wp-json\/wp\/v2\/product\/212637","targetHints":{"allow":["GET"]}}],"collection":[{"href":"https:\/\/www.miomiorun.com\/de\/wp-json\/wp\/v2\/product"}],"about":[{"href":"https:\/\/www.miomiorun.com\/de\/wp-json\/wp\/v2\/types\/product"}],"wp:featuredmedia":[{"embeddable":true,"href":"https:\/\/www.miomiorun.com\/de\/wp-json\/wp\/v2\/media\/215353"}],"wp:attachment":[{"href":"https:\/\/www.miomiorun.com\/de\/wp-json\/wp\/v2\/media?parent=212637"}],"wp:term":[{"taxonomy":"product_brand","embeddable":true,"href":"https:\/\/www.miomiorun.com\/de\/wp-json\/wp\/v2\/product_brand?post=212637"},{"taxonomy":"product_cat","embeddable":true,"href":"https:\/\/www.miomiorun.com\/de\/wp-json\/wp\/v2\/product_cat?post=212637"},{"taxonomy":"product_tag","embeddable":true,"href":"https:\/\/www.miomiorun.com\/de\/wp-json\/wp\/v2\/product_tag?post=212637"}],"curies":[{"name":"wp","href":"https:\/\/api.w.org\/{rel}","templated":true}]}}