{"id":212591,"date":"2024-10-22T15:21:10","date_gmt":"2024-10-22T13:21:10","guid":{"rendered":"https:\/\/miomiorun.com\/?post_type=product&#038;p=212591"},"modified":"2025-03-21T11:46:25","modified_gmt":"2025-03-21T10:46:25","slug":"launch-shortsleeve-damen","status":"publish","type":"product","link":"https:\/\/www.miomiorun.com\/de\/produkt\/launch-shortsleeve-damen\/","title":{"rendered":"Launch Shortsleeve damen"},"content":{"rendered":"<h3 style=\"text-align: center;\">Um l\u00e4nger und schneller zu laufen, brauchst du au\u00dfergew\u00f6hnlichen Komfort, Elastizit\u00e4t und Leichtigkeit.<\/h3>\n<p>Das<strong> Launch Shortsleeve<\/strong> Trikot f\u00fcr Frauen bietet dir all das. Du wirst dich fast so f\u00fchlen, als w\u00fcrdest du es nicht tragen.<\/p>\n<h3>Eigenschaften:<\/h3>\n<div id=\"acc-1\" class=\"g-accordion-content collapse show\">\n<div id=\"acc-1\" class=\"g-accordion-content collapse show\">\n<ul class=\"t-tabs_data\">\n<li class=\"t-tabs_list\">Weiches, leichtes und atmungsaktives Material<\/li>\n<li class=\"t-tabs_list\">Das Material absorbiert den Schwei\u00df und trocknet sehr schnell<\/li>\n<li class=\"t-tabs_list\">\u00dcberlappender Saum f\u00fcr bessere Bel\u00fcftung<\/li>\n<li class=\"t-tabs_list\">Reflektierende Details f\u00fcr bessere Sichtbarkeit beim Rennen bei schlechten Lichtverh\u00e4ltnissen<\/li>\n<li>Material: 94% Polyester\/6% Elastarell<\/li>\n<\/ul>\n<\/div>\n<h3>Passform und Pflege<\/h3>\n<div id=\"acc-3\" class=\"g-accordion-content collapse\">\n<div id=\"acc-3\" class=\"g-accordion-content collapse\">\n<ul class=\"t-tabs_data\">\n<li class=\"t-tabs_list\">Passform<span class=\"t-bold_font\">: <\/span>Wesentliche Passform, weder zu eng noch zu weit.<\/li>\n<li class=\"t-tabs_list\">Maschinenw\u00e4sche kalt mit \u00e4hnlichen Farben<\/li>\n<li class=\"t-tabs_list\">Falls erforderlich, nur chlorfreies Bleichmittel verwenden<\/li>\n<li class=\"t-tabs_list\">Im W\u00e4schetrockner bei niedriger Temperatur trocknen<\/li>\n<li class=\"t-tabs_list\">Nicht b\u00fcgeln<\/li>\n<li class=\"t-tabs_list\">Keine Weichsp\u00fcler verwenden<\/li>\n<li class=\"t-tabs_list\">Nicht chemisch reinigen<\/li>\n<\/ul>\n<\/div>\n<\/div>\n<\/div>\n<p>&nbsp;<\/p>\n<p>&nbsp;<\/p>\n","protected":false},"excerpt":{"rendered":"<ul class=\"m-long-description__features\">\n<li class=\"m-long-description__feature\">Ideale Passform zum Laufen.<\/li>\n<li class=\"m-long-description__feature\">Mit reflektierenden Details f\u00fcr bessere Sichtbarkeit.<\/li>\n<\/ul>\n","protected":false},"featured_media":215672,"template":"","meta":{"_acf_changed":false,"inline_featured_image":false},"product_brand":[],"product_cat":[6401,6489],"product_tag":[20482,20495],"class_list":{"0":"post-212591","1":"product","2":"type-product","3":"status-publish","4":"has-post-thumbnail","6":"product_cat-damenbekleidung","7":"product_cat-dament-shirt-de","8":"product_tag-under-armour-de","9":"product_tag-under-armour-damen","10":"pa_attivita-fitness-de","11":"pa_attivita-gehen","12":"pa_attivita-lifestyle-de","13":"pa_attivita-running-de","14":"pa_colore-launch-shortsleeve-black-w-de","15":"pa_colore-launch-shortsleeve-nimbus-blue-w-de","16":"pa_marca-under-armour-de","17":"pa_sesso-damen","18":"pa_size-extra-small-de","19":"pa_size-small-de","20":"pa_size-medium-de","21":"pa_size-large-de","23":"first","24":"instock","25":"sale","26":"taxable","27":"shipping-taxable","28":"purchasable","29":"product-type-variable","30":"wvs-archive-product-wrapper"},"acf":[],"yoast_head":"<!-- This site is optimized with the Yoast SEO plugin v26.8 - https:\/\/yoast.com\/product\/yoast-seo-wordpress\/ -->\n<title>Under Armour Launch Shortsleeve damen - T-Shirt running- MioMioRun<\/title>\n<meta name=\"description\" content=\"Per correre pi\u00f9 a lungo e pi\u00f9 veloce, hai bisogno di comfort, elasticit\u00e0 e leggerezza eccezionali.La maglia Launch Shortsleeve ti offre tutto questo.\" \/>\n<meta name=\"robots\" content=\"index, follow, max-snippet:-1, max-image-preview:large, max-video-preview:-1\" \/>\n<link rel=\"canonical\" href=\"https:\/\/www.miomiorun.com\/de\/produkt\/launch-shortsleeve-damen\/\" \/>\n<meta property=\"og:locale\" content=\"de_DE\" \/>\n<meta property=\"og:type\" content=\"article\" \/>\n<meta property=\"og:title\" content=\"Under Armour Launch Shortsleeve damen - T-Shirt running- MioMioRun\" \/>\n<meta property=\"og:description\" content=\"Per correre pi\u00f9 a lungo e pi\u00f9 veloce, hai bisogno di comfort, elasticit\u00e0 e leggerezza eccezionali.La maglia Launch Shortsleeve ti offre tutto questo.\" \/>\n<meta property=\"og:url\" content=\"https:\/\/www.miomiorun.com\/de\/produkt\/launch-shortsleeve-damen\/\" \/>\n<meta property=\"og:site_name\" content=\"MioMioRun\" \/>\n<meta property=\"article:publisher\" content=\"https:\/\/www.facebook.com\/miomiorun\/\" \/>\n<meta property=\"article:modified_time\" content=\"2025-03-21T10:46:25+00:00\" \/>\n<meta property=\"og:image\" content=\"https:\/\/www.miomiorun.com\/app\/uploads\/2024\/11\/under-armour-Launch-shortsleeve-nimbus-blue-W-1382434-0464.webp\" \/>\n\t<meta property=\"og:image:width\" content=\"600\" \/>\n\t<meta property=\"og:image:height\" content=\"600\" \/>\n\t<meta property=\"og:image:type\" content=\"image\/webp\" \/>\n<meta name=\"twitter:card\" content=\"summary_large_image\" \/>\n<meta name=\"twitter:label1\" content=\"Est. reading time\" \/>\n\t<meta name=\"twitter:data1\" content=\"2 minutes\" \/>\n<script type=\"application\/ld+json\" class=\"yoast-schema-graph\">{\"@context\":\"https:\/\/schema.org\",\"@graph\":[{\"@type\":\"WebPage\",\"@id\":\"https:\/\/www.miomiorun.com\/de\/produkt\/launch-shortsleeve-damen\/\",\"url\":\"https:\/\/www.miomiorun.com\/de\/produkt\/launch-shortsleeve-damen\/\",\"name\":\"Under Armour Launch Shortsleeve damen - T-Shirt running- MioMioRun\",\"isPartOf\":{\"@id\":\"https:\/\/www.miomiorun.com\/de\/#website\"},\"primaryImageOfPage\":{\"@id\":\"https:\/\/www.miomiorun.com\/de\/produkt\/launch-shortsleeve-damen\/#primaryimage\"},\"image\":{\"@id\":\"https:\/\/www.miomiorun.com\/de\/produkt\/launch-shortsleeve-damen\/#primaryimage\"},\"thumbnailUrl\":\"https:\/\/www.miomiorun.com\/app\/uploads\/2024\/11\/under-armour-Launch-shortsleeve-nimbus-blue-W-1382434-0464.webp\",\"datePublished\":\"2024-10-22T13:21:10+00:00\",\"dateModified\":\"2025-03-21T10:46:25+00:00\",\"description\":\"Per correre pi\u00f9 a lungo e pi\u00f9 veloce, hai bisogno di comfort, elasticit\u00e0 e leggerezza eccezionali.La maglia Launch Shortsleeve ti offre tutto questo.\",\"breadcrumb\":{\"@id\":\"https:\/\/www.miomiorun.com\/de\/produkt\/launch-shortsleeve-damen\/#breadcrumb\"},\"inLanguage\":\"de-DE\",\"potentialAction\":[{\"@type\":\"ReadAction\",\"target\":[\"https:\/\/www.miomiorun.com\/de\/produkt\/launch-shortsleeve-damen\/\"]}]},{\"@type\":\"ImageObject\",\"inLanguage\":\"de-DE\",\"@id\":\"https:\/\/www.miomiorun.com\/de\/produkt\/launch-shortsleeve-damen\/#primaryimage\",\"url\":\"https:\/\/www.miomiorun.com\/app\/uploads\/2024\/11\/under-armour-Launch-shortsleeve-nimbus-blue-W-1382434-0464.webp\",\"contentUrl\":\"https:\/\/www.miomiorun.com\/app\/uploads\/2024\/11\/under-armour-Launch-shortsleeve-nimbus-blue-W-1382434-0464.webp\",\"width\":600,\"height\":600,\"caption\":\"under armour Launch shortsleeve nimbus blue W 1382434-0464\"},{\"@type\":\"BreadcrumbList\",\"@id\":\"https:\/\/www.miomiorun.com\/de\/produkt\/launch-shortsleeve-damen\/#breadcrumb\",\"itemListElement\":[{\"@type\":\"ListItem\",\"position\":1,\"name\":\"Home\",\"item\":\"https:\/\/www.miomiorun.com\/de\/\"},{\"@type\":\"ListItem\",\"position\":2,\"name\":\"Shop\",\"item\":\"https:\/\/www.miomiorun.com\/shop\/\"},{\"@type\":\"ListItem\",\"position\":3,\"name\":\"Launch Shortsleeve damen\"}]},{\"@type\":\"WebSite\",\"@id\":\"https:\/\/www.miomiorun.com\/de\/#website\",\"url\":\"https:\/\/www.miomiorun.com\/de\/\",\"name\":\"MioMioRun\",\"description\":\"100% Lauf- und Trailshop\",\"publisher\":{\"@id\":\"https:\/\/www.miomiorun.com\/de\/#organization\"},\"potentialAction\":[{\"@type\":\"SearchAction\",\"target\":{\"@type\":\"EntryPoint\",\"urlTemplate\":\"https:\/\/www.miomiorun.com\/de\/?s={search_term_string}\"},\"query-input\":{\"@type\":\"PropertyValueSpecification\",\"valueRequired\":true,\"valueName\":\"search_term_string\"}}],\"inLanguage\":\"de-DE\"},{\"@type\":\"Organization\",\"@id\":\"https:\/\/www.miomiorun.com\/de\/#organization\",\"name\":\"MioMio Run\",\"url\":\"https:\/\/www.miomiorun.com\/de\/\",\"logo\":{\"@type\":\"ImageObject\",\"inLanguage\":\"de-DE\",\"@id\":\"https:\/\/www.miomiorun.com\/de\/#\/schema\/logo\/image\/\",\"url\":\"https:\/\/www.miomiorun.com\/app\/uploads\/2019\/12\/logomio.png\",\"contentUrl\":\"https:\/\/www.miomiorun.com\/app\/uploads\/2019\/12\/logomio.png\",\"width\":115,\"height\":82,\"caption\":\"MioMio Run\"},\"image\":{\"@id\":\"https:\/\/www.miomiorun.com\/de\/#\/schema\/logo\/image\/\"},\"sameAs\":[\"https:\/\/www.facebook.com\/miomiorun\/\",\"https:\/\/www.instagram.com\/miomiorun\/\"]}]}<\/script>\n<!-- \/ Yoast SEO plugin. -->","yoast_head_json":{"title":"Under Armour Launch Shortsleeve damen - T-Shirt running- MioMioRun","description":"Per correre pi\u00f9 a lungo e pi\u00f9 veloce, hai bisogno di comfort, elasticit\u00e0 e leggerezza eccezionali.La maglia Launch Shortsleeve ti offre tutto questo.","robots":{"index":"index","follow":"follow","max-snippet":"max-snippet:-1","max-image-preview":"max-image-preview:large","max-video-preview":"max-video-preview:-1"},"canonical":"https:\/\/www.miomiorun.com\/de\/produkt\/launch-shortsleeve-damen\/","og_locale":"de_DE","og_type":"article","og_title":"Under Armour Launch Shortsleeve damen - T-Shirt running- MioMioRun","og_description":"Per correre pi\u00f9 a lungo e pi\u00f9 veloce, hai bisogno di comfort, elasticit\u00e0 e leggerezza eccezionali.La maglia Launch Shortsleeve ti offre tutto questo.","og_url":"https:\/\/www.miomiorun.com\/de\/produkt\/launch-shortsleeve-damen\/","og_site_name":"MioMioRun","article_publisher":"https:\/\/www.facebook.com\/miomiorun\/","article_modified_time":"2025-03-21T10:46:25+00:00","og_image":[{"width":600,"height":600,"url":"https:\/\/www.miomiorun.com\/app\/uploads\/2024\/11\/under-armour-Launch-shortsleeve-nimbus-blue-W-1382434-0464.webp","type":"image\/webp"}],"twitter_card":"summary_large_image","twitter_misc":{"Est. reading time":"2 minutes"},"schema":{"@context":"https:\/\/schema.org","@graph":[{"@type":"WebPage","@id":"https:\/\/www.miomiorun.com\/de\/produkt\/launch-shortsleeve-damen\/","url":"https:\/\/www.miomiorun.com\/de\/produkt\/launch-shortsleeve-damen\/","name":"Under Armour Launch Shortsleeve damen - T-Shirt running- MioMioRun","isPartOf":{"@id":"https:\/\/www.miomiorun.com\/de\/#website"},"primaryImageOfPage":{"@id":"https:\/\/www.miomiorun.com\/de\/produkt\/launch-shortsleeve-damen\/#primaryimage"},"image":{"@id":"https:\/\/www.miomiorun.com\/de\/produkt\/launch-shortsleeve-damen\/#primaryimage"},"thumbnailUrl":"https:\/\/www.miomiorun.com\/app\/uploads\/2024\/11\/under-armour-Launch-shortsleeve-nimbus-blue-W-1382434-0464.webp","datePublished":"2024-10-22T13:21:10+00:00","dateModified":"2025-03-21T10:46:25+00:00","description":"Per correre pi\u00f9 a lungo e pi\u00f9 veloce, hai bisogno di comfort, elasticit\u00e0 e leggerezza eccezionali.La maglia Launch Shortsleeve ti offre tutto questo.","breadcrumb":{"@id":"https:\/\/www.miomiorun.com\/de\/produkt\/launch-shortsleeve-damen\/#breadcrumb"},"inLanguage":"de-DE","potentialAction":[{"@type":"ReadAction","target":["https:\/\/www.miomiorun.com\/de\/produkt\/launch-shortsleeve-damen\/"]}]},{"@type":"ImageObject","inLanguage":"de-DE","@id":"https:\/\/www.miomiorun.com\/de\/produkt\/launch-shortsleeve-damen\/#primaryimage","url":"https:\/\/www.miomiorun.com\/app\/uploads\/2024\/11\/under-armour-Launch-shortsleeve-nimbus-blue-W-1382434-0464.webp","contentUrl":"https:\/\/www.miomiorun.com\/app\/uploads\/2024\/11\/under-armour-Launch-shortsleeve-nimbus-blue-W-1382434-0464.webp","width":600,"height":600,"caption":"under armour Launch shortsleeve nimbus blue W 1382434-0464"},{"@type":"BreadcrumbList","@id":"https:\/\/www.miomiorun.com\/de\/produkt\/launch-shortsleeve-damen\/#breadcrumb","itemListElement":[{"@type":"ListItem","position":1,"name":"Home","item":"https:\/\/www.miomiorun.com\/de\/"},{"@type":"ListItem","position":2,"name":"Shop","item":"https:\/\/www.miomiorun.com\/shop\/"},{"@type":"ListItem","position":3,"name":"Launch Shortsleeve damen"}]},{"@type":"WebSite","@id":"https:\/\/www.miomiorun.com\/de\/#website","url":"https:\/\/www.miomiorun.com\/de\/","name":"MioMioRun","description":"100% Lauf- und Trailshop","publisher":{"@id":"https:\/\/www.miomiorun.com\/de\/#organization"},"potentialAction":[{"@type":"SearchAction","target":{"@type":"EntryPoint","urlTemplate":"https:\/\/www.miomiorun.com\/de\/?s={search_term_string}"},"query-input":{"@type":"PropertyValueSpecification","valueRequired":true,"valueName":"search_term_string"}}],"inLanguage":"de-DE"},{"@type":"Organization","@id":"https:\/\/www.miomiorun.com\/de\/#organization","name":"MioMio Run","url":"https:\/\/www.miomiorun.com\/de\/","logo":{"@type":"ImageObject","inLanguage":"de-DE","@id":"https:\/\/www.miomiorun.com\/de\/#\/schema\/logo\/image\/","url":"https:\/\/www.miomiorun.com\/app\/uploads\/2019\/12\/logomio.png","contentUrl":"https:\/\/www.miomiorun.com\/app\/uploads\/2019\/12\/logomio.png","width":115,"height":82,"caption":"MioMio Run"},"image":{"@id":"https:\/\/www.miomiorun.com\/de\/#\/schema\/logo\/image\/"},"sameAs":["https:\/\/www.facebook.com\/miomiorun\/","https:\/\/www.instagram.com\/miomiorun\/"]}]}},"_links":{"self":[{"href":"https:\/\/www.miomiorun.com\/de\/wp-json\/wp\/v2\/product\/212591","targetHints":{"allow":["GET"]}}],"collection":[{"href":"https:\/\/www.miomiorun.com\/de\/wp-json\/wp\/v2\/product"}],"about":[{"href":"https:\/\/www.miomiorun.com\/de\/wp-json\/wp\/v2\/types\/product"}],"wp:featuredmedia":[{"embeddable":true,"href":"https:\/\/www.miomiorun.com\/de\/wp-json\/wp\/v2\/media\/215672"}],"wp:attachment":[{"href":"https:\/\/www.miomiorun.com\/de\/wp-json\/wp\/v2\/media?parent=212591"}],"wp:term":[{"taxonomy":"product_brand","embeddable":true,"href":"https:\/\/www.miomiorun.com\/de\/wp-json\/wp\/v2\/product_brand?post=212591"},{"taxonomy":"product_cat","embeddable":true,"href":"https:\/\/www.miomiorun.com\/de\/wp-json\/wp\/v2\/product_cat?post=212591"},{"taxonomy":"product_tag","embeddable":true,"href":"https:\/\/www.miomiorun.com\/de\/wp-json\/wp\/v2\/product_tag?post=212591"}],"curies":[{"name":"wp","href":"https:\/\/api.w.org\/{rel}","templated":true}]}}