{"id":212456,"date":"2024-10-22T14:07:15","date_gmt":"2024-10-22T12:07:15","guid":{"rendered":"https:\/\/miomiorun.com\/?post_type=product&#038;p=212456"},"modified":"2026-01-28T09:00:24","modified_gmt":"2026-01-28T08:00:24","slug":"pinnacle-down-jkt-damen","status":"publish","type":"product","link":"https:\/\/www.miomiorun.com\/de\/produkt\/pinnacle-down-jkt-damen\/","title":{"rendered":"Pinnacle Down JKT damen"},"content":{"rendered":"<p>Die <strong>Pinnacle Down JKT<\/strong> f\u00fcr Damen ist ein wattiertes Kleidungsst\u00fcck aus recycelter Daune f\u00fcr Skitouren, das eine hervorragende W\u00e4rmeisolierung und Leichtigkeit garantiert.<\/p>\n<p>&nbsp;<\/p>\n<p>&nbsp;<\/p>\n<p><img decoding=\"async\" class=\"img-responsive margin-bottom-sm\" src=\"https:\/\/www.lasportiva.com\/media\/techinfo_icons\/Breathability_75x75.png\" \/><\/p>\n<p><strong>Atmungsaktivit\u00e4t: <\/strong>Hochgradig atmungsaktive Produkte f\u00fcr optimalen Klimakomfort.<\/p>\n<p>&nbsp;<\/p>\n<p><a class=\"d-flex flex-column align-items-center text-center\"> <img loading=\"lazy\" decoding=\"async\" class=\"lazyloaded\" src=\"https:\/\/www.lasportiva.com\/media\/techinfo_icons\/regular-fit.png\" alt=\"La Sportiva\" width=\"75\" height=\"75\" data-src=\"https:\/\/www.lasportiva.com\/media\/techinfo_icons\/regular-fit.png\" \/> <\/a><\/p>\n<p><a class=\"d-flex flex-column align-items-center text-center\"><strong>Normale Passform: <\/strong>Technischer und bequemer Schnitt.<\/a><\/p>\n<p>&nbsp;<\/p>\n<p><img decoding=\"async\" class=\"img-responsive margin-bottom-sm\" src=\"https:\/\/www.lasportiva.com\/media\/techinfo_icons\/Lightweight_75x75.png\" \/><\/p>\n<p><strong>Leichtigkeit:<\/strong><br \/>\nProdukte, die das Gewicht auf ein Minimum reduzieren.<\/p>\n<p>&nbsp;<\/p>\n<p><img decoding=\"async\" class=\"img-responsive margin-bottom-sm\" src=\"https:\/\/www.lasportiva.com\/media\/techinfo_icons\/Insulation_75x75.png\" \/><\/p>\n<p><strong>W\u00e4rmed\u00e4mmung:<\/strong><br \/>\nProdukte, die bei niedrigen Temperaturen verwendet werden k\u00f6nnen.<\/p>\n<p>&nbsp;<\/p>\n<p><a class=\"d-flex flex-column align-items-center text-center\"> <img loading=\"lazy\" decoding=\"async\" class=\"lazyloaded\" src=\"https:\/\/www.lasportiva.com\/media\/techinfo_icons\/L4.png\" alt=\"La Sportiva\" width=\"75\" height=\"75\" data-src=\"https:\/\/www.lasportiva.com\/media\/techinfo_icons\/L4.png\" \/> <\/a><\/p>\n<p><strong><a class=\"d-flex flex-column align-items-center text-center\">L4 (Isolierschicht) : <\/a><\/strong><a class=\"d-flex flex-column align-items-center text-center\">Thermische Schicht mit Polsterung: h\u00e4lt die K\u00f6rpertemperatur in sehr kalten Umgebungen hoch.<\/a><\/p>\n<p>&nbsp;<\/p>\n<p><img decoding=\"async\" src=\"https:\/\/www.lasportiva.com\/media\/RECYCLEDfabric_insulation_Icone_75x75_2.png\" alt=\"\" \/><\/p>\n<p>La Sportiva stellt seit 1928 am Fu\u00dfe der Dolomiten Produkte f\u00fcr die Berge her: Deshalb schenken wir jedem Detail, das einen Unterschied f\u00fcr die Umwelt machen kann, die gr\u00f6\u00dfte Aufmerksamkeit. Mit den Logos <strong>RECYCLED FABRIC &amp; INSULATIONS<\/strong> haben wir umweltfreundliche Produkte gekennzeichnet, die dank der Wahl der Produktions- und Konstruktionsverfahren Materialien verwenden, die aus der Wiederverwendung von Kunststoffen stammen, so dass der Verbraucher einen umweltbewussten und respektvollen Kauf t\u00e4tigen kann.<\/p>\n<p><strong>RECYCLED FABRIC<\/strong><br \/>\nPolyesterfasern, die aus recycelten Plastikflaschen und umweltfreundlichen Verfahren hergestellt werden.<br \/>\n&#8211; Kleidungsst\u00fccke aus <strong>RECYCLED FABRIC-Geweben<\/strong> tragen zur Verringerung der Umweltbelastung bei<br \/>\n&#8211; Alle petrochemischen Substanzen wurden durch das Recycling von Plastikflaschen ersetzt<br \/>\n&#8211; Der Produktionsprozess von recycelten Fasern reduziert die CO2-Emissionen in die Atmosph\u00e4re um etwa 54%- Langfristige Haltbarkeit und Qualit\u00e4t garantiert<\/p>\n<p><strong>RECYCLED<\/strong> INSULATION<br \/>\nOb nat\u00fcrliche oder synthetische Isolierung, La Sportiva bietet jetzt zahlreiche Isolationsl\u00f6sungen aus umweltfreundlichen Materialien an.<br \/>\n&#8211; Kleidungsst\u00fccke mit dem <strong>RECYCLED INSULATION-Logo<\/strong> tragen dazu bei, die nat\u00fcrlichen Ressourcen zu sch\u00fctzen und die Umweltbelastung zu reduzieren<br \/>\n&#8211; Die Daunenf\u00fcllung wurde durch die ausschlie\u00dfliche Verwendung von zertifizierten und kontrollierten recycelten Federn ersetzt, um die Kohlendioxidemissionen zu reduzieren<br \/>\n&#8211; Die synthetischen F\u00fcllungen bestehen aus <strong>PRIMALOFT\u00ae Silver ECO<\/strong>: Leichter, isolierend und mit verbessertem Komfort und hervorragender wasserabweisender Wirkung<br \/>\n&#8211; Hervorragende Leistung in kalten Umgebungen auch bei l\u00e4ngerem Gebrauch<\/p>\n<p><strong>RECYCLED FABRIC &amp; INSULATION<\/strong><br \/>\nBei Produkten mit diesem Logo werden recycelte und umweltfreundliche Materialien sowohl im Au\u00dfenstoff als auch in der Innenpolsterung verwendet.<\/p>\n<p>&nbsp;<\/p>\n<p><a class=\"d-flex flex-column align-items-center text-center\"> <img loading=\"lazy\" decoding=\"async\" class=\"lazyloaded\" src=\"https:\/\/www.lasportiva.com\/media\/techinfo_icons\/p\/u\/pure_75x75.png\" alt=\"La Sportiva\" width=\"75\" height=\"75\" data-src=\"https:\/\/www.lasportiva.com\/media\/techinfo_icons\/p\/u\/pure_75x75.png\" \/><\/a><\/p>\n<p><strong><a class=\"d-flex flex-column align-items-center text-center\">P.U.R.E. RECYCELTE DAUNEN\u00ae : <\/a><\/strong><a class=\"d-flex flex-column align-items-center text-center\"><strong>DIE ERSTE GRS-ZERTIFIZIERTE RECYCLED-DAUNE<\/strong>. Daunen sind das beste Isoliermaterial der Welt. Sie h\u00e4lt Sie warm und bietet h\u00f6chsten Komfort.<\/a><\/p>\n<p>&nbsp;<\/p>\n<p><b>Materialien:<\/b><br \/>\nFutter: (WSL03) 100% Recyceltes PolyamidF\u00fcllung: 100% WHITE regenerierte Daunen[90% Daunen, 10% Federn] (80g)<br \/>\n<b>Gewicht:<\/b><br \/>\n310<br \/>\n<b>Passform:<\/b><br \/>\nNormale Passform<\/p>\n<p>&nbsp;<\/p>\n<div class=\"item-block collapsible-plus active\" role=\"tablist\" data-collapsible=\"true\">\n<div class=\"data item title\" tabindex=\"0\" role=\"tab\" aria-expanded=\"true\" aria-selected=\"true\" data-role=\"title\">\n<h3 id=\"tab-label-plus\" class=\"switch-title\">Plus<\/h3>\n<ul>\n<li class=\"switch-title\">1 Brusttasche mit Rei\u00dfverschluss.<\/li>\n<li class=\"switch-title\">2 Fronttaschen mit Rei\u00dfverschluss.<\/li>\n<li class=\"switch-title\">Verstellbare, ergonomisch geformte und gepolsterte Kapuze.<\/li>\n<li class=\"switch-title\">Materialien und Konstruktion, die das Kleidungsst\u00fcck komprimierbar und bequem machen.<\/li>\n<li class=\"switch-title\">Innere Kompressionstasche aus Mesh.<\/li>\n<li class=\"switch-title\">Reflektierende Details.<\/li>\n<\/ul>\n<\/div>\n<\/div>\n<p>&nbsp;<\/p>\n","protected":false},"excerpt":{"rendered":"<ul>\n<li>Recycelte Daunenjacke, perfekt f\u00fcr Skitouren.<\/li>\n<li>Zu tragen, wenn die Temperaturen sehr kalt sind.<\/li>\n<\/ul>\n","protected":false},"featured_media":216632,"template":"","meta":{"_acf_changed":false,"inline_featured_image":false},"product_brand":[],"product_cat":[6400,6401,6404],"product_tag":[6248,6220],"class_list":{"0":"post-212456","1":"product","2":"type-product","3":"status-publish","4":"has-post-thumbnail","6":"product_cat-damen","7":"product_cat-damenbekleidung","8":"product_cat-damenjacken","9":"product_tag-la-sportiva-de","10":"product_tag-la-sportiva-damen-de","11":"pa_attivita-gehen","12":"pa_attivita-lifestyle-de","13":"pa_attivita-outdoor-de","14":"pa_colore-pinnacle-down-jkt-springtime-w-de","15":"pa_marca-la-sportiva-de","16":"pa_sesso-damen","17":"pa_size-extra-small-de","18":"pa_size-small-de","19":"pa_size-medium-de","21":"first","22":"instock","23":"sale","24":"taxable","25":"shipping-taxable","26":"purchasable","27":"product-type-variable","28":"wvs-archive-product-wrapper"},"acf":[],"yoast_head":"<!-- This site is optimized with the Yoast SEO plugin v26.8 - https:\/\/yoast.com\/product\/yoast-seo-wordpress\/ -->\n<title>La Sportiva Pinnacle Down JKT damen - Bergsteigerjacke MioMioRun.com<\/title>\n<meta name=\"description\" content=\"Die Pinnacle Down JKT f\u00fcr Damen ist ein wattiertes Kleidungsst\u00fcck aus recycelter Daune f\u00fcr Skitouren, das eine hervorragende W\u00e4rmeisolierung und Leichtigkeit garantiert.\" \/>\n<meta name=\"robots\" content=\"index, follow, max-snippet:-1, max-image-preview:large, max-video-preview:-1\" \/>\n<link rel=\"canonical\" href=\"https:\/\/www.miomiorun.com\/de\/produkt\/pinnacle-down-jkt-damen\/\" \/>\n<meta property=\"og:locale\" content=\"de_DE\" \/>\n<meta property=\"og:type\" content=\"article\" \/>\n<meta property=\"og:title\" content=\"La Sportiva Pinnacle Down JKT damen - Bergsteigerjacke MioMioRun.com\" \/>\n<meta property=\"og:description\" content=\"Die Pinnacle Down JKT f\u00fcr Damen ist ein wattiertes Kleidungsst\u00fcck aus recycelter Daune f\u00fcr Skitouren, das eine hervorragende W\u00e4rmeisolierung und Leichtigkeit garantiert.\" \/>\n<meta property=\"og:url\" content=\"https:\/\/www.miomiorun.com\/de\/produkt\/pinnacle-down-jkt-damen\/\" \/>\n<meta property=\"og:site_name\" content=\"MioMioRun\" \/>\n<meta property=\"article:publisher\" content=\"https:\/\/www.facebook.com\/miomiorun\/\" \/>\n<meta property=\"article:modified_time\" content=\"2026-01-28T08:00:24+00:00\" \/>\n<meta property=\"og:image\" content=\"https:\/\/www.miomiorun.com\/app\/uploads\/2024\/11\/la-sportiva-Pinnacle-down-jkt-springtime-W-M47411411.webp\" \/>\n\t<meta property=\"og:image:width\" content=\"600\" \/>\n\t<meta property=\"og:image:height\" content=\"600\" \/>\n\t<meta property=\"og:image:type\" content=\"image\/webp\" \/>\n<meta name=\"twitter:card\" content=\"summary_large_image\" \/>\n<meta name=\"twitter:label1\" content=\"Est. reading time\" \/>\n\t<meta name=\"twitter:data1\" content=\"2 minutes\" \/>\n<script type=\"application\/ld+json\" class=\"yoast-schema-graph\">{\"@context\":\"https:\/\/schema.org\",\"@graph\":[{\"@type\":\"WebPage\",\"@id\":\"https:\/\/www.miomiorun.com\/de\/produkt\/pinnacle-down-jkt-damen\/\",\"url\":\"https:\/\/www.miomiorun.com\/de\/produkt\/pinnacle-down-jkt-damen\/\",\"name\":\"La Sportiva Pinnacle Down JKT damen - Bergsteigerjacke MioMioRun.com\",\"isPartOf\":{\"@id\":\"https:\/\/www.miomiorun.com\/de\/#website\"},\"primaryImageOfPage\":{\"@id\":\"https:\/\/www.miomiorun.com\/de\/produkt\/pinnacle-down-jkt-damen\/#primaryimage\"},\"image\":{\"@id\":\"https:\/\/www.miomiorun.com\/de\/produkt\/pinnacle-down-jkt-damen\/#primaryimage\"},\"thumbnailUrl\":\"https:\/\/www.miomiorun.com\/app\/uploads\/2024\/11\/la-sportiva-Pinnacle-down-jkt-springtime-W-M47411411.webp\",\"datePublished\":\"2024-10-22T12:07:15+00:00\",\"dateModified\":\"2026-01-28T08:00:24+00:00\",\"description\":\"Die Pinnacle Down JKT f\u00fcr Damen ist ein wattiertes Kleidungsst\u00fcck aus recycelter Daune f\u00fcr Skitouren, das eine hervorragende W\u00e4rmeisolierung und Leichtigkeit garantiert.\",\"breadcrumb\":{\"@id\":\"https:\/\/www.miomiorun.com\/de\/produkt\/pinnacle-down-jkt-damen\/#breadcrumb\"},\"inLanguage\":\"de-DE\",\"potentialAction\":[{\"@type\":\"ReadAction\",\"target\":[\"https:\/\/www.miomiorun.com\/de\/produkt\/pinnacle-down-jkt-damen\/\"]}]},{\"@type\":\"ImageObject\",\"inLanguage\":\"de-DE\",\"@id\":\"https:\/\/www.miomiorun.com\/de\/produkt\/pinnacle-down-jkt-damen\/#primaryimage\",\"url\":\"https:\/\/www.miomiorun.com\/app\/uploads\/2024\/11\/la-sportiva-Pinnacle-down-jkt-springtime-W-M47411411.webp\",\"contentUrl\":\"https:\/\/www.miomiorun.com\/app\/uploads\/2024\/11\/la-sportiva-Pinnacle-down-jkt-springtime-W-M47411411.webp\",\"width\":600,\"height\":600,\"caption\":\"la sportiva Pinnacle down jkt springtime W M47411411\"},{\"@type\":\"BreadcrumbList\",\"@id\":\"https:\/\/www.miomiorun.com\/de\/produkt\/pinnacle-down-jkt-damen\/#breadcrumb\",\"itemListElement\":[{\"@type\":\"ListItem\",\"position\":1,\"name\":\"Home\",\"item\":\"https:\/\/www.miomiorun.com\/de\/\"},{\"@type\":\"ListItem\",\"position\":2,\"name\":\"Shop\",\"item\":\"https:\/\/www.miomiorun.com\/shop\/\"},{\"@type\":\"ListItem\",\"position\":3,\"name\":\"Pinnacle Down JKT damen\"}]},{\"@type\":\"WebSite\",\"@id\":\"https:\/\/www.miomiorun.com\/de\/#website\",\"url\":\"https:\/\/www.miomiorun.com\/de\/\",\"name\":\"MioMioRun\",\"description\":\"100% Lauf- und Trailshop\",\"publisher\":{\"@id\":\"https:\/\/www.miomiorun.com\/de\/#organization\"},\"potentialAction\":[{\"@type\":\"SearchAction\",\"target\":{\"@type\":\"EntryPoint\",\"urlTemplate\":\"https:\/\/www.miomiorun.com\/de\/?s={search_term_string}\"},\"query-input\":{\"@type\":\"PropertyValueSpecification\",\"valueRequired\":true,\"valueName\":\"search_term_string\"}}],\"inLanguage\":\"de-DE\"},{\"@type\":\"Organization\",\"@id\":\"https:\/\/www.miomiorun.com\/de\/#organization\",\"name\":\"MioMio Run\",\"url\":\"https:\/\/www.miomiorun.com\/de\/\",\"logo\":{\"@type\":\"ImageObject\",\"inLanguage\":\"de-DE\",\"@id\":\"https:\/\/www.miomiorun.com\/de\/#\/schema\/logo\/image\/\",\"url\":\"https:\/\/www.miomiorun.com\/app\/uploads\/2019\/12\/logomio.png\",\"contentUrl\":\"https:\/\/www.miomiorun.com\/app\/uploads\/2019\/12\/logomio.png\",\"width\":115,\"height\":82,\"caption\":\"MioMio Run\"},\"image\":{\"@id\":\"https:\/\/www.miomiorun.com\/de\/#\/schema\/logo\/image\/\"},\"sameAs\":[\"https:\/\/www.facebook.com\/miomiorun\/\",\"https:\/\/www.instagram.com\/miomiorun\/\"]}]}<\/script>\n<!-- \/ Yoast SEO plugin. -->","yoast_head_json":{"title":"La Sportiva Pinnacle Down JKT damen - Bergsteigerjacke MioMioRun.com","description":"Die Pinnacle Down JKT f\u00fcr Damen ist ein wattiertes Kleidungsst\u00fcck aus recycelter Daune f\u00fcr Skitouren, das eine hervorragende W\u00e4rmeisolierung und Leichtigkeit garantiert.","robots":{"index":"index","follow":"follow","max-snippet":"max-snippet:-1","max-image-preview":"max-image-preview:large","max-video-preview":"max-video-preview:-1"},"canonical":"https:\/\/www.miomiorun.com\/de\/produkt\/pinnacle-down-jkt-damen\/","og_locale":"de_DE","og_type":"article","og_title":"La Sportiva Pinnacle Down JKT damen - Bergsteigerjacke MioMioRun.com","og_description":"Die Pinnacle Down JKT f\u00fcr Damen ist ein wattiertes Kleidungsst\u00fcck aus recycelter Daune f\u00fcr Skitouren, das eine hervorragende W\u00e4rmeisolierung und Leichtigkeit garantiert.","og_url":"https:\/\/www.miomiorun.com\/de\/produkt\/pinnacle-down-jkt-damen\/","og_site_name":"MioMioRun","article_publisher":"https:\/\/www.facebook.com\/miomiorun\/","article_modified_time":"2026-01-28T08:00:24+00:00","og_image":[{"width":600,"height":600,"url":"https:\/\/www.miomiorun.com\/app\/uploads\/2024\/11\/la-sportiva-Pinnacle-down-jkt-springtime-W-M47411411.webp","type":"image\/webp"}],"twitter_card":"summary_large_image","twitter_misc":{"Est. reading time":"2 minutes"},"schema":{"@context":"https:\/\/schema.org","@graph":[{"@type":"WebPage","@id":"https:\/\/www.miomiorun.com\/de\/produkt\/pinnacle-down-jkt-damen\/","url":"https:\/\/www.miomiorun.com\/de\/produkt\/pinnacle-down-jkt-damen\/","name":"La Sportiva Pinnacle Down JKT damen - Bergsteigerjacke MioMioRun.com","isPartOf":{"@id":"https:\/\/www.miomiorun.com\/de\/#website"},"primaryImageOfPage":{"@id":"https:\/\/www.miomiorun.com\/de\/produkt\/pinnacle-down-jkt-damen\/#primaryimage"},"image":{"@id":"https:\/\/www.miomiorun.com\/de\/produkt\/pinnacle-down-jkt-damen\/#primaryimage"},"thumbnailUrl":"https:\/\/www.miomiorun.com\/app\/uploads\/2024\/11\/la-sportiva-Pinnacle-down-jkt-springtime-W-M47411411.webp","datePublished":"2024-10-22T12:07:15+00:00","dateModified":"2026-01-28T08:00:24+00:00","description":"Die Pinnacle Down JKT f\u00fcr Damen ist ein wattiertes Kleidungsst\u00fcck aus recycelter Daune f\u00fcr Skitouren, das eine hervorragende W\u00e4rmeisolierung und Leichtigkeit garantiert.","breadcrumb":{"@id":"https:\/\/www.miomiorun.com\/de\/produkt\/pinnacle-down-jkt-damen\/#breadcrumb"},"inLanguage":"de-DE","potentialAction":[{"@type":"ReadAction","target":["https:\/\/www.miomiorun.com\/de\/produkt\/pinnacle-down-jkt-damen\/"]}]},{"@type":"ImageObject","inLanguage":"de-DE","@id":"https:\/\/www.miomiorun.com\/de\/produkt\/pinnacle-down-jkt-damen\/#primaryimage","url":"https:\/\/www.miomiorun.com\/app\/uploads\/2024\/11\/la-sportiva-Pinnacle-down-jkt-springtime-W-M47411411.webp","contentUrl":"https:\/\/www.miomiorun.com\/app\/uploads\/2024\/11\/la-sportiva-Pinnacle-down-jkt-springtime-W-M47411411.webp","width":600,"height":600,"caption":"la sportiva Pinnacle down jkt springtime W M47411411"},{"@type":"BreadcrumbList","@id":"https:\/\/www.miomiorun.com\/de\/produkt\/pinnacle-down-jkt-damen\/#breadcrumb","itemListElement":[{"@type":"ListItem","position":1,"name":"Home","item":"https:\/\/www.miomiorun.com\/de\/"},{"@type":"ListItem","position":2,"name":"Shop","item":"https:\/\/www.miomiorun.com\/shop\/"},{"@type":"ListItem","position":3,"name":"Pinnacle Down JKT damen"}]},{"@type":"WebSite","@id":"https:\/\/www.miomiorun.com\/de\/#website","url":"https:\/\/www.miomiorun.com\/de\/","name":"MioMioRun","description":"100% Lauf- und Trailshop","publisher":{"@id":"https:\/\/www.miomiorun.com\/de\/#organization"},"potentialAction":[{"@type":"SearchAction","target":{"@type":"EntryPoint","urlTemplate":"https:\/\/www.miomiorun.com\/de\/?s={search_term_string}"},"query-input":{"@type":"PropertyValueSpecification","valueRequired":true,"valueName":"search_term_string"}}],"inLanguage":"de-DE"},{"@type":"Organization","@id":"https:\/\/www.miomiorun.com\/de\/#organization","name":"MioMio Run","url":"https:\/\/www.miomiorun.com\/de\/","logo":{"@type":"ImageObject","inLanguage":"de-DE","@id":"https:\/\/www.miomiorun.com\/de\/#\/schema\/logo\/image\/","url":"https:\/\/www.miomiorun.com\/app\/uploads\/2019\/12\/logomio.png","contentUrl":"https:\/\/www.miomiorun.com\/app\/uploads\/2019\/12\/logomio.png","width":115,"height":82,"caption":"MioMio Run"},"image":{"@id":"https:\/\/www.miomiorun.com\/de\/#\/schema\/logo\/image\/"},"sameAs":["https:\/\/www.facebook.com\/miomiorun\/","https:\/\/www.instagram.com\/miomiorun\/"]}]}},"_links":{"self":[{"href":"https:\/\/www.miomiorun.com\/de\/wp-json\/wp\/v2\/product\/212456","targetHints":{"allow":["GET"]}}],"collection":[{"href":"https:\/\/www.miomiorun.com\/de\/wp-json\/wp\/v2\/product"}],"about":[{"href":"https:\/\/www.miomiorun.com\/de\/wp-json\/wp\/v2\/types\/product"}],"wp:featuredmedia":[{"embeddable":true,"href":"https:\/\/www.miomiorun.com\/de\/wp-json\/wp\/v2\/media\/216632"}],"wp:attachment":[{"href":"https:\/\/www.miomiorun.com\/de\/wp-json\/wp\/v2\/media?parent=212456"}],"wp:term":[{"taxonomy":"product_brand","embeddable":true,"href":"https:\/\/www.miomiorun.com\/de\/wp-json\/wp\/v2\/product_brand?post=212456"},{"taxonomy":"product_cat","embeddable":true,"href":"https:\/\/www.miomiorun.com\/de\/wp-json\/wp\/v2\/product_cat?post=212456"},{"taxonomy":"product_tag","embeddable":true,"href":"https:\/\/www.miomiorun.com\/de\/wp-json\/wp\/v2\/product_tag?post=212456"}],"curies":[{"name":"wp","href":"https:\/\/api.w.org\/{rel}","templated":true}]}}