{"id":212379,"date":"2024-10-22T13:31:54","date_gmt":"2024-10-22T11:31:54","guid":{"rendered":"https:\/\/miomiorun.com\/?post_type=product&#038;p=212379"},"modified":"2025-03-14T10:25:05","modified_gmt":"2025-03-14T09:25:05","slug":"track-t-shirt-herren","status":"publish","type":"product","link":"https:\/\/www.miomiorun.com\/de\/produkt\/track-t-shirt-herren\/","title":{"rendered":"Track T-Shirt herren"},"content":{"rendered":"<div class=\"data item content\" role=\"tabpanel\" aria-hidden=\"false\" data-role=\"content\" aria-labelledby=\"tab-label-techinfo\">\n<div class=\"techinfo-container\">\n<h2 style=\"text-align: center;\"><strong>Die Berge stehen im Mittelpunkt unserer unvergesslichsten Abenteuer, sei es beim Klettern an Felsw\u00e4nden, beim Durchqueren von T\u00e4lern, die von einer weichen wei\u00dfen Decke bedeckt sind, oder beim Laufen auf Pfaden, die in die Stille der Natur eintauchen.<\/strong><\/h2>\n<p>&nbsp;<\/p>\n<p>Mit diesem wunderbaren <strong>Track-T-Shirt<\/strong> f\u00fcr M\u00e4nner k\u00f6nnen Sie all das erleben.<\/p>\n<h3>Eigenschaften:<\/h3>\n<p>&nbsp;<\/p>\n<p><a class=\"d-flex flex-column align-items-center text-center\"><img loading=\"lazy\" decoding=\"async\" class=\"lazyloaded\" src=\"https:\/\/www.lasportiva.com\/media\/techinfo_icons\/slim-fit.png\" alt=\"La Sportiva\" width=\"75\" height=\"75\" data-src=\"https:\/\/www.lasportiva.com\/media\/techinfo_icons\/slim-fit.png\" \/><\/a><\/p>\n<p><a class=\"d-flex flex-column align-items-center text-center\">Schmale Passform<strong>:<\/strong>Sehr enge Passform f\u00fcr maximale Leistung im Rennen.<\/a><\/p>\n<\/div>\n<\/div>\n<p>&nbsp;<\/p>\n<p><a class=\"d-flex flex-column align-items-center text-center\"> <img loading=\"lazy\" decoding=\"async\" class=\"lazyloaded\" src=\"https:\/\/www.lasportiva.com\/media\/techinfo_icons\/leggerezza.png\" alt=\"La Sportiva\" width=\"75\" height=\"75\" data-src=\"https:\/\/www.lasportiva.com\/media\/techinfo_icons\/leggerezza.png\" \/> <\/a><\/p>\n<p><strong>Leichtigkeit: <\/strong>Produkte, die das Gewicht auf ein Minimum reduzieren.<\/p>\n<p>&nbsp;<\/p>\n<p><a class=\"d-flex flex-column align-items-center text-center\"> <img loading=\"lazy\" decoding=\"async\" class=\"lazyloaded\" src=\"https:\/\/www.lasportiva.com\/media\/techinfo_icons\/organic-cotton.png\" alt=\"La Sportiva\" width=\"75\" height=\"75\" data-src=\"https:\/\/www.lasportiva.com\/media\/techinfo_icons\/organic-cotton.png\" \/> <\/a><\/p>\n<p><strong><a class=\"d-flex flex-column align-items-center text-center\">Bio-Baumwolle : <\/a><\/strong><a class=\"d-flex flex-column align-items-center text-center\"><strong>La Sportiva hat sich bei der Entwicklung seiner Baumwoll-T-Shirt-Linie ganz bewusst f\u00fcr die<\/strong><strong>Verwendung von 100 % zertifizierter Bio-Baumwolle entschieden, um die Umwelt, die uns umgibt, zu schonen und dem Endverbraucher klare Vorteile zu bieten.<\/strong><br \/>\nBio-Baumwolle stammt aus Plantagen, die ohne Pestizide oder chemische Substanzen behandelt werden, die weniger Wasser verbrauchen als der traditionelle Anbau und bei denen kein GVO-Saatgut verwendet wird. Die Entscheidung f\u00fcr Bio-Baumwolle ist nicht nur umweltfreundlich, sondern der Tr\u00e4ger sp\u00fcrt auch sofort den Unterschied: Sie verursacht keine Hautreizungen, ist weicher als herk\u00f6mmliche Baumwolle, atmungsaktiver und viel bequemer.<\/a><\/p>\n<p>&nbsp;<\/p>\n<p><a class=\"d-flex flex-column align-items-center text-center\"> <img loading=\"lazy\" decoding=\"async\" class=\"lazyloaded\" src=\"https:\/\/www.lasportiva.com\/media\/techinfo_icons\/L1.png\" alt=\"La Sportiva\" width=\"75\" height=\"75\" data-src=\"https:\/\/www.lasportiva.com\/media\/techinfo_icons\/L1.png\" \/> <\/a><\/p>\n<p><a class=\"d-flex flex-column align-items-center text-center\"><strong>L1 (Basisschicht): <\/strong>Schicht, die direkt mit der Haut in Ber\u00fchrung kommt. Sie f\u00f6rdert die Schwei\u00dfableitung f\u00fcr einen besseren Klimakomfort bei k\u00f6rperlicher Aktivit\u00e4t.<\/a><\/p>\n","protected":false},"excerpt":{"rendered":"<ul>\n<li>Schnell trocknendes Gewebe aus 100% Bio-Baumwolle.<\/li>\n<li>Ideal zum Wandern und f\u00fcr Aktivit\u00e4ten in den Bergen.<\/li>\n<\/ul>\n","protected":false},"featured_media":215964,"template":"","meta":{"_acf_changed":false,"inline_featured_image":false},"product_brand":[],"product_cat":[6515,6540,6508],"product_tag":[6248,6218],"class_list":{"0":"post-212379","1":"product","2":"type-product","3":"status-publish","4":"has-post-thumbnail","6":"product_cat-herren-de","7":"product_cat-herrenbekleidung","8":"product_cat-herrent-shirt","9":"product_tag-la-sportiva-de","10":"product_tag-la-sportiva-herren-de","11":"pa_attivita-outdoor-de","12":"pa_attivita-trail-de","13":"pa_colore-track-t-shirt-white-m-de","14":"pa_marca-la-sportiva-de","15":"pa_sesso-herren","16":"pa_size-small-de","17":"pa_size-medium-de","18":"pa_size-extra-large-de","20":"first","21":"instock","22":"sale","23":"taxable","24":"shipping-taxable","25":"purchasable","26":"product-type-variable","27":"wvs-archive-product-wrapper"},"acf":[],"yoast_head":"<!-- This site is optimized with the Yoast SEO plugin v26.8 - https:\/\/yoast.com\/product\/yoast-seo-wordpress\/ -->\n<title>La Sportiva Track T-Shirt herren - Lauf-T-Shirt- MioMioRun<\/title>\n<meta name=\"description\" content=\"Das Track T-Shirt f\u00fcr M\u00e4nner ist ein T-Shirt aus Bio-Baumwolle, das sich perfekt f\u00fcr alle Bergsportaktivit\u00e4ten eignet, selbst f\u00fcr die h\u00e4rtesten.\" \/>\n<meta name=\"robots\" content=\"index, follow, max-snippet:-1, max-image-preview:large, max-video-preview:-1\" \/>\n<link rel=\"canonical\" href=\"https:\/\/www.miomiorun.com\/de\/produkt\/track-t-shirt-herren\/\" \/>\n<meta property=\"og:locale\" content=\"de_DE\" \/>\n<meta property=\"og:type\" content=\"article\" \/>\n<meta property=\"og:title\" content=\"La Sportiva Track T-Shirt herren - Lauf-T-Shirt- MioMioRun\" \/>\n<meta property=\"og:description\" content=\"Das Track T-Shirt f\u00fcr M\u00e4nner ist ein T-Shirt aus Bio-Baumwolle, das sich perfekt f\u00fcr alle Bergsportaktivit\u00e4ten eignet, selbst f\u00fcr die h\u00e4rtesten.\" \/>\n<meta property=\"og:url\" content=\"https:\/\/www.miomiorun.com\/de\/produkt\/track-t-shirt-herren\/\" \/>\n<meta property=\"og:site_name\" content=\"MioMioRun\" \/>\n<meta property=\"article:publisher\" content=\"https:\/\/www.facebook.com\/miomiorun\/\" \/>\n<meta property=\"article:modified_time\" content=\"2025-03-14T09:25:05+00:00\" \/>\n<meta property=\"og:image\" content=\"https:\/\/www.miomiorun.com\/app\/uploads\/2024\/11\/la-sportiva-Track-t-shirt-white-M-F26000000.webp\" \/>\n\t<meta property=\"og:image:width\" content=\"600\" \/>\n\t<meta property=\"og:image:height\" content=\"600\" \/>\n\t<meta property=\"og:image:type\" content=\"image\/webp\" \/>\n<meta name=\"twitter:card\" content=\"summary_large_image\" \/>\n<meta name=\"twitter:label1\" content=\"Est. reading time\" \/>\n\t<meta name=\"twitter:data1\" content=\"2 minutes\" \/>\n<script type=\"application\/ld+json\" class=\"yoast-schema-graph\">{\"@context\":\"https:\/\/schema.org\",\"@graph\":[{\"@type\":\"WebPage\",\"@id\":\"https:\/\/www.miomiorun.com\/de\/produkt\/track-t-shirt-herren\/\",\"url\":\"https:\/\/www.miomiorun.com\/de\/produkt\/track-t-shirt-herren\/\",\"name\":\"La Sportiva Track T-Shirt herren - Lauf-T-Shirt- MioMioRun\",\"isPartOf\":{\"@id\":\"https:\/\/www.miomiorun.com\/de\/#website\"},\"primaryImageOfPage\":{\"@id\":\"https:\/\/www.miomiorun.com\/de\/produkt\/track-t-shirt-herren\/#primaryimage\"},\"image\":{\"@id\":\"https:\/\/www.miomiorun.com\/de\/produkt\/track-t-shirt-herren\/#primaryimage\"},\"thumbnailUrl\":\"https:\/\/www.miomiorun.com\/app\/uploads\/2024\/11\/la-sportiva-Track-t-shirt-white-M-F26000000.webp\",\"datePublished\":\"2024-10-22T11:31:54+00:00\",\"dateModified\":\"2025-03-14T09:25:05+00:00\",\"description\":\"Das Track T-Shirt f\u00fcr M\u00e4nner ist ein T-Shirt aus Bio-Baumwolle, das sich perfekt f\u00fcr alle Bergsportaktivit\u00e4ten eignet, selbst f\u00fcr die h\u00e4rtesten.\",\"breadcrumb\":{\"@id\":\"https:\/\/www.miomiorun.com\/de\/produkt\/track-t-shirt-herren\/#breadcrumb\"},\"inLanguage\":\"de-DE\",\"potentialAction\":[{\"@type\":\"ReadAction\",\"target\":[\"https:\/\/www.miomiorun.com\/de\/produkt\/track-t-shirt-herren\/\"]}]},{\"@type\":\"ImageObject\",\"inLanguage\":\"de-DE\",\"@id\":\"https:\/\/www.miomiorun.com\/de\/produkt\/track-t-shirt-herren\/#primaryimage\",\"url\":\"https:\/\/www.miomiorun.com\/app\/uploads\/2024\/11\/la-sportiva-Track-t-shirt-white-M-F26000000.webp\",\"contentUrl\":\"https:\/\/www.miomiorun.com\/app\/uploads\/2024\/11\/la-sportiva-Track-t-shirt-white-M-F26000000.webp\",\"width\":600,\"height\":600,\"caption\":\"la sportiva Track t-shirt white M F26000000\"},{\"@type\":\"BreadcrumbList\",\"@id\":\"https:\/\/www.miomiorun.com\/de\/produkt\/track-t-shirt-herren\/#breadcrumb\",\"itemListElement\":[{\"@type\":\"ListItem\",\"position\":1,\"name\":\"Home\",\"item\":\"https:\/\/www.miomiorun.com\/de\/\"},{\"@type\":\"ListItem\",\"position\":2,\"name\":\"Shop\",\"item\":\"https:\/\/www.miomiorun.com\/shop\/\"},{\"@type\":\"ListItem\",\"position\":3,\"name\":\"Track T-Shirt herren\"}]},{\"@type\":\"WebSite\",\"@id\":\"https:\/\/www.miomiorun.com\/de\/#website\",\"url\":\"https:\/\/www.miomiorun.com\/de\/\",\"name\":\"MioMioRun\",\"description\":\"100% Lauf- und Trailshop\",\"publisher\":{\"@id\":\"https:\/\/www.miomiorun.com\/de\/#organization\"},\"potentialAction\":[{\"@type\":\"SearchAction\",\"target\":{\"@type\":\"EntryPoint\",\"urlTemplate\":\"https:\/\/www.miomiorun.com\/de\/?s={search_term_string}\"},\"query-input\":{\"@type\":\"PropertyValueSpecification\",\"valueRequired\":true,\"valueName\":\"search_term_string\"}}],\"inLanguage\":\"de-DE\"},{\"@type\":\"Organization\",\"@id\":\"https:\/\/www.miomiorun.com\/de\/#organization\",\"name\":\"MioMio Run\",\"url\":\"https:\/\/www.miomiorun.com\/de\/\",\"logo\":{\"@type\":\"ImageObject\",\"inLanguage\":\"de-DE\",\"@id\":\"https:\/\/www.miomiorun.com\/de\/#\/schema\/logo\/image\/\",\"url\":\"https:\/\/www.miomiorun.com\/app\/uploads\/2019\/12\/logomio.png\",\"contentUrl\":\"https:\/\/www.miomiorun.com\/app\/uploads\/2019\/12\/logomio.png\",\"width\":115,\"height\":82,\"caption\":\"MioMio Run\"},\"image\":{\"@id\":\"https:\/\/www.miomiorun.com\/de\/#\/schema\/logo\/image\/\"},\"sameAs\":[\"https:\/\/www.facebook.com\/miomiorun\/\",\"https:\/\/www.instagram.com\/miomiorun\/\"]}]}<\/script>\n<!-- \/ Yoast SEO plugin. -->","yoast_head_json":{"title":"La Sportiva Track T-Shirt herren - Lauf-T-Shirt- MioMioRun","description":"Das Track T-Shirt f\u00fcr M\u00e4nner ist ein T-Shirt aus Bio-Baumwolle, das sich perfekt f\u00fcr alle Bergsportaktivit\u00e4ten eignet, selbst f\u00fcr die h\u00e4rtesten.","robots":{"index":"index","follow":"follow","max-snippet":"max-snippet:-1","max-image-preview":"max-image-preview:large","max-video-preview":"max-video-preview:-1"},"canonical":"https:\/\/www.miomiorun.com\/de\/produkt\/track-t-shirt-herren\/","og_locale":"de_DE","og_type":"article","og_title":"La Sportiva Track T-Shirt herren - Lauf-T-Shirt- MioMioRun","og_description":"Das Track T-Shirt f\u00fcr M\u00e4nner ist ein T-Shirt aus Bio-Baumwolle, das sich perfekt f\u00fcr alle Bergsportaktivit\u00e4ten eignet, selbst f\u00fcr die h\u00e4rtesten.","og_url":"https:\/\/www.miomiorun.com\/de\/produkt\/track-t-shirt-herren\/","og_site_name":"MioMioRun","article_publisher":"https:\/\/www.facebook.com\/miomiorun\/","article_modified_time":"2025-03-14T09:25:05+00:00","og_image":[{"width":600,"height":600,"url":"https:\/\/www.miomiorun.com\/app\/uploads\/2024\/11\/la-sportiva-Track-t-shirt-white-M-F26000000.webp","type":"image\/webp"}],"twitter_card":"summary_large_image","twitter_misc":{"Est. reading time":"2 minutes"},"schema":{"@context":"https:\/\/schema.org","@graph":[{"@type":"WebPage","@id":"https:\/\/www.miomiorun.com\/de\/produkt\/track-t-shirt-herren\/","url":"https:\/\/www.miomiorun.com\/de\/produkt\/track-t-shirt-herren\/","name":"La Sportiva Track T-Shirt herren - Lauf-T-Shirt- MioMioRun","isPartOf":{"@id":"https:\/\/www.miomiorun.com\/de\/#website"},"primaryImageOfPage":{"@id":"https:\/\/www.miomiorun.com\/de\/produkt\/track-t-shirt-herren\/#primaryimage"},"image":{"@id":"https:\/\/www.miomiorun.com\/de\/produkt\/track-t-shirt-herren\/#primaryimage"},"thumbnailUrl":"https:\/\/www.miomiorun.com\/app\/uploads\/2024\/11\/la-sportiva-Track-t-shirt-white-M-F26000000.webp","datePublished":"2024-10-22T11:31:54+00:00","dateModified":"2025-03-14T09:25:05+00:00","description":"Das Track T-Shirt f\u00fcr M\u00e4nner ist ein T-Shirt aus Bio-Baumwolle, das sich perfekt f\u00fcr alle Bergsportaktivit\u00e4ten eignet, selbst f\u00fcr die h\u00e4rtesten.","breadcrumb":{"@id":"https:\/\/www.miomiorun.com\/de\/produkt\/track-t-shirt-herren\/#breadcrumb"},"inLanguage":"de-DE","potentialAction":[{"@type":"ReadAction","target":["https:\/\/www.miomiorun.com\/de\/produkt\/track-t-shirt-herren\/"]}]},{"@type":"ImageObject","inLanguage":"de-DE","@id":"https:\/\/www.miomiorun.com\/de\/produkt\/track-t-shirt-herren\/#primaryimage","url":"https:\/\/www.miomiorun.com\/app\/uploads\/2024\/11\/la-sportiva-Track-t-shirt-white-M-F26000000.webp","contentUrl":"https:\/\/www.miomiorun.com\/app\/uploads\/2024\/11\/la-sportiva-Track-t-shirt-white-M-F26000000.webp","width":600,"height":600,"caption":"la sportiva Track t-shirt white M F26000000"},{"@type":"BreadcrumbList","@id":"https:\/\/www.miomiorun.com\/de\/produkt\/track-t-shirt-herren\/#breadcrumb","itemListElement":[{"@type":"ListItem","position":1,"name":"Home","item":"https:\/\/www.miomiorun.com\/de\/"},{"@type":"ListItem","position":2,"name":"Shop","item":"https:\/\/www.miomiorun.com\/shop\/"},{"@type":"ListItem","position":3,"name":"Track T-Shirt herren"}]},{"@type":"WebSite","@id":"https:\/\/www.miomiorun.com\/de\/#website","url":"https:\/\/www.miomiorun.com\/de\/","name":"MioMioRun","description":"100% Lauf- und Trailshop","publisher":{"@id":"https:\/\/www.miomiorun.com\/de\/#organization"},"potentialAction":[{"@type":"SearchAction","target":{"@type":"EntryPoint","urlTemplate":"https:\/\/www.miomiorun.com\/de\/?s={search_term_string}"},"query-input":{"@type":"PropertyValueSpecification","valueRequired":true,"valueName":"search_term_string"}}],"inLanguage":"de-DE"},{"@type":"Organization","@id":"https:\/\/www.miomiorun.com\/de\/#organization","name":"MioMio Run","url":"https:\/\/www.miomiorun.com\/de\/","logo":{"@type":"ImageObject","inLanguage":"de-DE","@id":"https:\/\/www.miomiorun.com\/de\/#\/schema\/logo\/image\/","url":"https:\/\/www.miomiorun.com\/app\/uploads\/2019\/12\/logomio.png","contentUrl":"https:\/\/www.miomiorun.com\/app\/uploads\/2019\/12\/logomio.png","width":115,"height":82,"caption":"MioMio Run"},"image":{"@id":"https:\/\/www.miomiorun.com\/de\/#\/schema\/logo\/image\/"},"sameAs":["https:\/\/www.facebook.com\/miomiorun\/","https:\/\/www.instagram.com\/miomiorun\/"]}]}},"_links":{"self":[{"href":"https:\/\/www.miomiorun.com\/de\/wp-json\/wp\/v2\/product\/212379","targetHints":{"allow":["GET"]}}],"collection":[{"href":"https:\/\/www.miomiorun.com\/de\/wp-json\/wp\/v2\/product"}],"about":[{"href":"https:\/\/www.miomiorun.com\/de\/wp-json\/wp\/v2\/types\/product"}],"wp:featuredmedia":[{"embeddable":true,"href":"https:\/\/www.miomiorun.com\/de\/wp-json\/wp\/v2\/media\/215964"}],"wp:attachment":[{"href":"https:\/\/www.miomiorun.com\/de\/wp-json\/wp\/v2\/media?parent=212379"}],"wp:term":[{"taxonomy":"product_brand","embeddable":true,"href":"https:\/\/www.miomiorun.com\/de\/wp-json\/wp\/v2\/product_brand?post=212379"},{"taxonomy":"product_cat","embeddable":true,"href":"https:\/\/www.miomiorun.com\/de\/wp-json\/wp\/v2\/product_cat?post=212379"},{"taxonomy":"product_tag","embeddable":true,"href":"https:\/\/www.miomiorun.com\/de\/wp-json\/wp\/v2\/product_tag?post=212379"}],"curies":[{"name":"wp","href":"https:\/\/api.w.org\/{rel}","templated":true}]}}