{"id":212252,"date":"2024-10-19T19:00:35","date_gmt":"2024-10-19T17:00:35","guid":{"rendered":"https:\/\/miomiorun.com\/?post_type=product&#038;p=212252"},"modified":"2026-05-08T22:22:06","modified_gmt":"2026-05-08T20:22:06","slug":"fusion-midweight-glove-2-0","status":"publish","type":"product","link":"https:\/\/www.miomiorun.com\/de\/produkt\/fusion-midweight-glove-2-0\/","title":{"rendered":"Fusion Midweight Glove 2.0"},"content":{"rendered":"<h2>K\u00fchles Wetter im Anmarsch? Diese leichten Unisex Fusion Midweight Glove 2.0 Thermohandschuhe reduzieren die K\u00e4lte dank einer warmen, atmungsaktiven Abdeckung.<\/h2>\n<p>Technologische Kompatibilit\u00e4t und ein weicher Stoffabschnitt, der speziell zum Abwischen der Nase entwickelt wurde, sorgen f\u00fcr optimalen Komfort w\u00e4hrend der Aktivit\u00e4t.<\/p>\n<h3>Ideal f\u00fcr<\/h3>\n<div aria-hidden=\"true\"><\/div>\n<div class=\"m-long-description__best-for-icon\" aria-hidden=\"true\"><img loading=\"lazy\" decoding=\"async\" class=\"a-responsive-image__img\" src=\"https:\/\/www.brooksrunning.com\/on\/demandware.static\/-\/Sites-brooks-master-catalog\/default\/dw76d19a15\/specs\/PDP-BestFor-APP-Warmth.svg\" alt=\"\" width=\"70\" height=\"70\" \/><\/div>\n<div class=\"m-long-description__best-for-text\"><strong>W\u00e4rme<\/strong><\/div>\n<div><\/div>\n<div><\/div>\n<div>\n<div class=\"m-long-description__best-for-icon\" aria-hidden=\"true\"><img loading=\"lazy\" decoding=\"async\" class=\"a-responsive-image__img\" src=\"https:\/\/www.brooksrunning.com\/on\/demandware.static\/-\/Sites-brooks-master-catalog\/default\/dw1f25d077\/specs\/PDP-BestFor-APP-BRA-Easy-On-Off.svg\" alt=\"\" width=\"71\" height=\"71\" \/><\/div>\n<div class=\"m-long-description__best-for-text\"><strong>F\u00f6rdert die manuelle Geschicklichkeit<\/strong><\/div>\n<\/div>\n<div><\/div>\n<div><\/div>\n<div>\n<div class=\"m-long-description__best-for-icon\" aria-hidden=\"true\"><img loading=\"lazy\" decoding=\"async\" class=\"a-responsive-image__img\" src=\"https:\/\/www.brooksrunning.com\/on\/demandware.static\/-\/Sites-brooks-master-catalog\/default\/dw15aa617a\/specs\/PDP-BestFor-APP-Thermo_Regulation.svg\" alt=\"\" width=\"66\" height=\"66\" \/><\/div>\n<div class=\"m-long-description__best-for-text\"><strong>Schutz vor Sonne und K\u00e4lte<\/strong><\/div>\n<\/div>\n<div><\/div>\n<div><\/div>\n<div>\n<div class=\"m-long-description__best-for-icon\" aria-hidden=\"true\"><img loading=\"lazy\" decoding=\"async\" class=\"a-responsive-image__img\" src=\"https:\/\/www.brooksrunning.com\/on\/demandware.static\/-\/Sites-brooks-master-catalog\/default\/dw0b862db1\/specs\/PDP-BestFor-APP-Thumb-Holes.svg\" alt=\"\" width=\"65\" height=\"65\" \/><\/div>\n<div class=\"m-long-description__best-for-text\"><strong>Zum Reinigen der Nase mit dem Daumenr\u00fccken<\/strong><\/div>\n<\/div>\n<div><\/div>\n<h3>Eigenschaften:<\/h3>\n<ul class=\"m-long-description__features\">\n<li class=\"m-long-description__feature\">Ideale W\u00e4rme.<\/li>\n<li class=\"m-long-description__feature\">\n<div class=\"m-long-description__feature--bullets\" aria-hidden=\"true\">Digitale Kompatibilit\u00e4t.<\/div>\n<\/li>\n<li class=\"m-long-description__feature\">\n<div class=\"m-long-description__feature--bullets\" aria-hidden=\"true\">Zum Reinigen der Nase mit dem Daumenr\u00fccken.<\/div>\n<\/li>\n<li class=\"m-long-description__feature\">\n<div class=\"m-long-description__feature--bullets\" aria-hidden=\"true\">Brechende Details.<\/div>\n<\/li>\n<\/ul>\n<h3>Pflegehinweise:<\/h3>\n<p>Um das optimale Aussehen und die Leistungsf\u00e4higkeit Ihrer Brooks-Produkte zu erhalten, empfehlen wir, sie vor dem Tragen separat in der Maschine zu waschen. Verwenden Sie keinen Weichsp\u00fcler, sondern ein Feinwaschmittel und trocknen Sie bei niedriger Temperatur.<\/p>\n<p>&nbsp;<\/p>\n<p>&nbsp;<\/p>\n<div><\/div>\n<div><\/div>\n<p>&nbsp;<\/p>\n<p dir=\"ltr\" data-placeholder=\"Traduzione\">\n","protected":false},"excerpt":{"rendered":"<ul>\n<li>Thermische und leichte Handschuhe, die Ihre H\u00e4nde bei sportlichen Aktivit\u00e4ten warm halten.<\/li>\n<li>Reflektierende Details, um beim Laufen besser sichtbar zu sein.<\/li>\n<\/ul>\n","protected":false},"featured_media":215089,"template":"","meta":{"_acf_changed":false,"inline_featured_image":false},"product_brand":[],"product_cat":[6342,6375],"product_tag":[3362,6205,6207],"class_list":{"0":"post-212252","1":"product","2":"type-product","3":"status-publish","4":"has-post-thumbnail","6":"product_cat-zubehoer","7":"product_cat-laufhandschuhe-zubehoer-2-de","8":"product_tag-brooks-de","9":"product_tag-brooks-damen-de","10":"product_tag-brooks-herren-de","11":"pa_attivita-gehen","12":"pa_attivita-running-de","13":"pa_marca-brooks-de","14":"pa_sesso-damen","15":"pa_sesso-herren","16":"pa_size-small-de","17":"pa_size-medium-de","19":"first","20":"instock","21":"sale","22":"taxable","23":"shipping-taxable","24":"purchasable","25":"product-type-variable","26":"wvs-archive-product-wrapper"},"acf":[],"yoast_head":"<!-- This site is optimized with the Yoast SEO plugin v26.8 - https:\/\/yoast.com\/product\/yoast-seo-wordpress\/ -->\n<title>Brooks Fusion Midweight Glove 2.0 - Laufhandschuhe - MioMioRun.com<\/title>\n<meta name=\"description\" content=\"K\u00fchles Wetter im Anmarsch? Diese leichten Unisex Fusion Midweight Glove 2.0 Thermohandschuhe reduzieren die K\u00e4lte mit warmer, atmungsaktiver Abdeckung.\" \/>\n<meta name=\"robots\" content=\"index, follow, max-snippet:-1, max-image-preview:large, max-video-preview:-1\" \/>\n<link rel=\"canonical\" href=\"https:\/\/www.miomiorun.com\/de\/produkt\/fusion-midweight-glove-2-0\/\" \/>\n<meta property=\"og:locale\" content=\"de_DE\" \/>\n<meta property=\"og:type\" content=\"article\" \/>\n<meta property=\"og:title\" content=\"Brooks Fusion Midweight Glove 2.0 - Laufhandschuhe - MioMioRun.com\" \/>\n<meta property=\"og:description\" content=\"K\u00fchles Wetter im Anmarsch? Diese leichten Unisex Fusion Midweight Glove 2.0 Thermohandschuhe reduzieren die K\u00e4lte mit warmer, atmungsaktiver Abdeckung.\" \/>\n<meta property=\"og:url\" content=\"https:\/\/www.miomiorun.com\/de\/produkt\/fusion-midweight-glove-2-0\/\" \/>\n<meta property=\"og:site_name\" content=\"MioMioRun\" \/>\n<meta property=\"article:publisher\" content=\"https:\/\/www.facebook.com\/miomiorun\/\" \/>\n<meta property=\"article:modified_time\" content=\"2026-05-08T20:22:06+00:00\" \/>\n<meta property=\"og:image\" content=\"https:\/\/www.miomiorun.com\/app\/uploads\/2024\/10\/brooks-Fusion-midweight-glove-2.0-280525829.webp\" \/>\n\t<meta property=\"og:image:width\" content=\"600\" \/>\n\t<meta property=\"og:image:height\" content=\"600\" \/>\n\t<meta property=\"og:image:type\" content=\"image\/webp\" \/>\n<meta name=\"twitter:card\" content=\"summary_large_image\" \/>\n<meta name=\"twitter:label1\" content=\"Est. reading time\" \/>\n\t<meta name=\"twitter:data1\" content=\"1 minute\" \/>\n<script type=\"application\/ld+json\" class=\"yoast-schema-graph\">{\"@context\":\"https:\/\/schema.org\",\"@graph\":[{\"@type\":\"WebPage\",\"@id\":\"https:\/\/www.miomiorun.com\/de\/produkt\/fusion-midweight-glove-2-0\/\",\"url\":\"https:\/\/www.miomiorun.com\/de\/produkt\/fusion-midweight-glove-2-0\/\",\"name\":\"Brooks Fusion Midweight Glove 2.0 - Laufhandschuhe - MioMioRun.com\",\"isPartOf\":{\"@id\":\"https:\/\/www.miomiorun.com\/de\/#website\"},\"primaryImageOfPage\":{\"@id\":\"https:\/\/www.miomiorun.com\/de\/produkt\/fusion-midweight-glove-2-0\/#primaryimage\"},\"image\":{\"@id\":\"https:\/\/www.miomiorun.com\/de\/produkt\/fusion-midweight-glove-2-0\/#primaryimage\"},\"thumbnailUrl\":\"https:\/\/www.miomiorun.com\/app\/uploads\/2024\/10\/brooks-Fusion-midweight-glove-2.0-280525829.webp\",\"datePublished\":\"2024-10-19T17:00:35+00:00\",\"dateModified\":\"2026-05-08T20:22:06+00:00\",\"description\":\"K\u00fchles Wetter im Anmarsch? Diese leichten Unisex Fusion Midweight Glove 2.0 Thermohandschuhe reduzieren die K\u00e4lte mit warmer, atmungsaktiver Abdeckung.\",\"breadcrumb\":{\"@id\":\"https:\/\/www.miomiorun.com\/de\/produkt\/fusion-midweight-glove-2-0\/#breadcrumb\"},\"inLanguage\":\"de-DE\",\"potentialAction\":[{\"@type\":\"ReadAction\",\"target\":[\"https:\/\/www.miomiorun.com\/de\/produkt\/fusion-midweight-glove-2-0\/\"]}]},{\"@type\":\"ImageObject\",\"inLanguage\":\"de-DE\",\"@id\":\"https:\/\/www.miomiorun.com\/de\/produkt\/fusion-midweight-glove-2-0\/#primaryimage\",\"url\":\"https:\/\/www.miomiorun.com\/app\/uploads\/2024\/10\/brooks-Fusion-midweight-glove-2.0-280525829.webp\",\"contentUrl\":\"https:\/\/www.miomiorun.com\/app\/uploads\/2024\/10\/brooks-Fusion-midweight-glove-2.0-280525829.webp\",\"width\":600,\"height\":600,\"caption\":\"brooks Fusion midweight glove 2.0 280525829\"},{\"@type\":\"BreadcrumbList\",\"@id\":\"https:\/\/www.miomiorun.com\/de\/produkt\/fusion-midweight-glove-2-0\/#breadcrumb\",\"itemListElement\":[{\"@type\":\"ListItem\",\"position\":1,\"name\":\"Home\",\"item\":\"https:\/\/www.miomiorun.com\/de\/\"},{\"@type\":\"ListItem\",\"position\":2,\"name\":\"Shop\",\"item\":\"https:\/\/www.miomiorun.com\/shop\/\"},{\"@type\":\"ListItem\",\"position\":3,\"name\":\"Fusion Midweight Glove 2.0\"}]},{\"@type\":\"WebSite\",\"@id\":\"https:\/\/www.miomiorun.com\/de\/#website\",\"url\":\"https:\/\/www.miomiorun.com\/de\/\",\"name\":\"MioMioRun\",\"description\":\"100% Lauf- und Trailshop\",\"publisher\":{\"@id\":\"https:\/\/www.miomiorun.com\/de\/#organization\"},\"potentialAction\":[{\"@type\":\"SearchAction\",\"target\":{\"@type\":\"EntryPoint\",\"urlTemplate\":\"https:\/\/www.miomiorun.com\/de\/?s={search_term_string}\"},\"query-input\":{\"@type\":\"PropertyValueSpecification\",\"valueRequired\":true,\"valueName\":\"search_term_string\"}}],\"inLanguage\":\"de-DE\"},{\"@type\":\"Organization\",\"@id\":\"https:\/\/www.miomiorun.com\/de\/#organization\",\"name\":\"MioMio Run\",\"url\":\"https:\/\/www.miomiorun.com\/de\/\",\"logo\":{\"@type\":\"ImageObject\",\"inLanguage\":\"de-DE\",\"@id\":\"https:\/\/www.miomiorun.com\/de\/#\/schema\/logo\/image\/\",\"url\":\"https:\/\/www.miomiorun.com\/app\/uploads\/2019\/12\/logomio.png\",\"contentUrl\":\"https:\/\/www.miomiorun.com\/app\/uploads\/2019\/12\/logomio.png\",\"width\":115,\"height\":82,\"caption\":\"MioMio Run\"},\"image\":{\"@id\":\"https:\/\/www.miomiorun.com\/de\/#\/schema\/logo\/image\/\"},\"sameAs\":[\"https:\/\/www.facebook.com\/miomiorun\/\",\"https:\/\/www.instagram.com\/miomiorun\/\"]}]}<\/script>\n<!-- \/ Yoast SEO plugin. -->","yoast_head_json":{"title":"Brooks Fusion Midweight Glove 2.0 - Laufhandschuhe - MioMioRun.com","description":"K\u00fchles Wetter im Anmarsch? Diese leichten Unisex Fusion Midweight Glove 2.0 Thermohandschuhe reduzieren die K\u00e4lte mit warmer, atmungsaktiver Abdeckung.","robots":{"index":"index","follow":"follow","max-snippet":"max-snippet:-1","max-image-preview":"max-image-preview:large","max-video-preview":"max-video-preview:-1"},"canonical":"https:\/\/www.miomiorun.com\/de\/produkt\/fusion-midweight-glove-2-0\/","og_locale":"de_DE","og_type":"article","og_title":"Brooks Fusion Midweight Glove 2.0 - Laufhandschuhe - MioMioRun.com","og_description":"K\u00fchles Wetter im Anmarsch? Diese leichten Unisex Fusion Midweight Glove 2.0 Thermohandschuhe reduzieren die K\u00e4lte mit warmer, atmungsaktiver Abdeckung.","og_url":"https:\/\/www.miomiorun.com\/de\/produkt\/fusion-midweight-glove-2-0\/","og_site_name":"MioMioRun","article_publisher":"https:\/\/www.facebook.com\/miomiorun\/","article_modified_time":"2026-05-08T20:22:06+00:00","og_image":[{"width":600,"height":600,"url":"https:\/\/www.miomiorun.com\/app\/uploads\/2024\/10\/brooks-Fusion-midweight-glove-2.0-280525829.webp","type":"image\/webp"}],"twitter_card":"summary_large_image","twitter_misc":{"Est. reading time":"1 minute"},"schema":{"@context":"https:\/\/schema.org","@graph":[{"@type":"WebPage","@id":"https:\/\/www.miomiorun.com\/de\/produkt\/fusion-midweight-glove-2-0\/","url":"https:\/\/www.miomiorun.com\/de\/produkt\/fusion-midweight-glove-2-0\/","name":"Brooks Fusion Midweight Glove 2.0 - Laufhandschuhe - MioMioRun.com","isPartOf":{"@id":"https:\/\/www.miomiorun.com\/de\/#website"},"primaryImageOfPage":{"@id":"https:\/\/www.miomiorun.com\/de\/produkt\/fusion-midweight-glove-2-0\/#primaryimage"},"image":{"@id":"https:\/\/www.miomiorun.com\/de\/produkt\/fusion-midweight-glove-2-0\/#primaryimage"},"thumbnailUrl":"https:\/\/www.miomiorun.com\/app\/uploads\/2024\/10\/brooks-Fusion-midweight-glove-2.0-280525829.webp","datePublished":"2024-10-19T17:00:35+00:00","dateModified":"2026-05-08T20:22:06+00:00","description":"K\u00fchles Wetter im Anmarsch? Diese leichten Unisex Fusion Midweight Glove 2.0 Thermohandschuhe reduzieren die K\u00e4lte mit warmer, atmungsaktiver Abdeckung.","breadcrumb":{"@id":"https:\/\/www.miomiorun.com\/de\/produkt\/fusion-midweight-glove-2-0\/#breadcrumb"},"inLanguage":"de-DE","potentialAction":[{"@type":"ReadAction","target":["https:\/\/www.miomiorun.com\/de\/produkt\/fusion-midweight-glove-2-0\/"]}]},{"@type":"ImageObject","inLanguage":"de-DE","@id":"https:\/\/www.miomiorun.com\/de\/produkt\/fusion-midweight-glove-2-0\/#primaryimage","url":"https:\/\/www.miomiorun.com\/app\/uploads\/2024\/10\/brooks-Fusion-midweight-glove-2.0-280525829.webp","contentUrl":"https:\/\/www.miomiorun.com\/app\/uploads\/2024\/10\/brooks-Fusion-midweight-glove-2.0-280525829.webp","width":600,"height":600,"caption":"brooks Fusion midweight glove 2.0 280525829"},{"@type":"BreadcrumbList","@id":"https:\/\/www.miomiorun.com\/de\/produkt\/fusion-midweight-glove-2-0\/#breadcrumb","itemListElement":[{"@type":"ListItem","position":1,"name":"Home","item":"https:\/\/www.miomiorun.com\/de\/"},{"@type":"ListItem","position":2,"name":"Shop","item":"https:\/\/www.miomiorun.com\/shop\/"},{"@type":"ListItem","position":3,"name":"Fusion Midweight Glove 2.0"}]},{"@type":"WebSite","@id":"https:\/\/www.miomiorun.com\/de\/#website","url":"https:\/\/www.miomiorun.com\/de\/","name":"MioMioRun","description":"100% Lauf- und Trailshop","publisher":{"@id":"https:\/\/www.miomiorun.com\/de\/#organization"},"potentialAction":[{"@type":"SearchAction","target":{"@type":"EntryPoint","urlTemplate":"https:\/\/www.miomiorun.com\/de\/?s={search_term_string}"},"query-input":{"@type":"PropertyValueSpecification","valueRequired":true,"valueName":"search_term_string"}}],"inLanguage":"de-DE"},{"@type":"Organization","@id":"https:\/\/www.miomiorun.com\/de\/#organization","name":"MioMio Run","url":"https:\/\/www.miomiorun.com\/de\/","logo":{"@type":"ImageObject","inLanguage":"de-DE","@id":"https:\/\/www.miomiorun.com\/de\/#\/schema\/logo\/image\/","url":"https:\/\/www.miomiorun.com\/app\/uploads\/2019\/12\/logomio.png","contentUrl":"https:\/\/www.miomiorun.com\/app\/uploads\/2019\/12\/logomio.png","width":115,"height":82,"caption":"MioMio Run"},"image":{"@id":"https:\/\/www.miomiorun.com\/de\/#\/schema\/logo\/image\/"},"sameAs":["https:\/\/www.facebook.com\/miomiorun\/","https:\/\/www.instagram.com\/miomiorun\/"]}]}},"_links":{"self":[{"href":"https:\/\/www.miomiorun.com\/de\/wp-json\/wp\/v2\/product\/212252","targetHints":{"allow":["GET"]}}],"collection":[{"href":"https:\/\/www.miomiorun.com\/de\/wp-json\/wp\/v2\/product"}],"about":[{"href":"https:\/\/www.miomiorun.com\/de\/wp-json\/wp\/v2\/types\/product"}],"wp:featuredmedia":[{"embeddable":true,"href":"https:\/\/www.miomiorun.com\/de\/wp-json\/wp\/v2\/media\/215089"}],"wp:attachment":[{"href":"https:\/\/www.miomiorun.com\/de\/wp-json\/wp\/v2\/media?parent=212252"}],"wp:term":[{"taxonomy":"product_brand","embeddable":true,"href":"https:\/\/www.miomiorun.com\/de\/wp-json\/wp\/v2\/product_brand?post=212252"},{"taxonomy":"product_cat","embeddable":true,"href":"https:\/\/www.miomiorun.com\/de\/wp-json\/wp\/v2\/product_cat?post=212252"},{"taxonomy":"product_tag","embeddable":true,"href":"https:\/\/www.miomiorun.com\/de\/wp-json\/wp\/v2\/product_tag?post=212252"}],"curies":[{"name":"wp","href":"https:\/\/api.w.org\/{rel}","templated":true}]}}