{"id":212194,"date":"2024-10-19T17:40:48","date_gmt":"2024-10-19T15:40:48","guid":{"rendered":"https:\/\/miomiorun.com\/?post_type=product&#038;p=212194"},"modified":"2026-01-16T08:34:56","modified_gmt":"2026-01-16T07:34:56","slug":"ghost-max-2-damen","status":"publish","type":"product","link":"https:\/\/www.miomiorun.com\/de\/produkt\/ghost-max-2-damen\/","title":{"rendered":"Ghost Max 2 damen"},"content":{"rendered":"<div class=\"vc-row container\"><div class=\"vc-column\"><div class=\"vc-column-text\"><\/p>\n<h4>Specifiche tecniche<\/h4>\n<p>Categoria: Ammortizzazione strutturata<br \/>\nOffset: 6mm<br \/>\nPeso: 255 g<br \/>\nIdeale per : runners dall&#8217;appoggio neutro alla ricerca di un modello in grado di fornire una buona ammortizzazione e un&#8217;ottima versatilit\u00e0 per corse e camminate su lunghe o medie distanze.<br \/>\nPeso dell&#8217;atleta : 60 kg<br \/>\nPasso di corsa : medio (5 min\/km)<br \/>\n<a href=\"https:\/\/miomiorun.com\/de\/leitfaden-fuer-technische-spezifikationen\/\">Guida alle specifiche tecniche<\/a><\/p>\n<p><\/div><\/div><div class=\"vc-column\"><div class=\"vc-column-text\">Der <strong>Ghost Max 2<\/strong> Laufschuh f\u00fcr Damen ist weich, geschmeidig und sch\u00fctzend und bietet maximalen Komfort beim Laufen und Gehen. Mit weicher, leichter D\u00e4mpfung, einem gebogenen Leisten, der aktiv den reibungslosen \u00dcbergang vom Bodenaufprall zum Abheben f\u00f6rdert, und einer breiten Basis f\u00fcr zus\u00e4tzliche Stabilit\u00e4t ist der Ghost Max 2 bereit f\u00fcr Action.<\/p>\n<h3>Der <b> Ghost Max 2 <\/b> wurde f\u00fcr L\u00e4ufer und L\u00e4uferinnen entwickelt, die eine gute Dosis Schutz in ihren Laufschuhen w\u00fcnschen oder ben\u00f6tigen.<\/h3>\n<h3><strong>Eigenschaften:<\/strong><\/h3>\n<ul>\n<li><strong>DNA LOFT v3-Mischung<\/strong>: Die DNA LOFT v3-Mischung sorgt f\u00fcr einen extrem weichen Bodenaufprall und bietet ein weiches und sch\u00fctzendes Gef\u00fchl, ohne die Reaktionsf\u00e4higkeit zu beeintr\u00e4chtigen.<\/li>\n<li><strong>GlideRoll Rocker Technology<\/strong>: Diese exklusive Eigenschaft wurde entwickelt, um einen unterst\u00fctzten \u00dcbergang von der Ferse zu den Zehen zu f\u00f6rdern, was wiederum hilft, den Druck unter dem Vorfu\u00df zu reduzieren.<\/li>\n<li><strong>Doppeltes Jacquard-Gewebe<\/strong>: Das zweifarbige Design ist nicht nur ein \u00e4sthetisches Detail, sondern wurde f\u00fcr Weichheit, Atmungsaktivit\u00e4t, Haltbarkeit und Flexibilit\u00e4t entwickelt.<\/li>\n<li><strong>Carbon Neutral<\/strong>: Als CarbonNeutral\u00ae-zertifizierter Schuh schont der Ghost Max 2 nicht nur Ihre F\u00fc\u00dfe, sondern auch unseren Planeten.<\/li>\n<li>MAX-D\u00e4mpfung.<\/li>\n<li>Sch\u00fctzendes Design.<\/li>\n<li>Unterst\u00fctzte \u00dcberg\u00e4nge.<\/li>\n<li>Stabiler Hub.<\/li>\n<\/ul>\n<h3><strong>Ideal f\u00fcr<\/strong><\/h3>\n<p>&nbsp;<\/p>\n<div class=\"m-long-description__best-for-icon\" aria-hidden=\"true\"><img loading=\"lazy\" decoding=\"async\" class=\"a-responsive-image__img\" src=\"https:\/\/www.brooksrunning.com\/on\/demandware.static\/-\/Sites-brooks-master-catalog\/default\/dwee8d28ad\/specs\/PDP-BestFor-FTW-Max-Cushion.svg\" alt=\"\" width=\"70\" height=\"70\" \/><\/div>\n<div class=\"m-long-description__best-for-icon\" aria-hidden=\"true\"><strong>Maximale D\u00e4mpfung<\/strong><\/div>\n<div aria-hidden=\"true\"><\/div>\n<div aria-hidden=\"true\">\n<div aria-hidden=\"true\"><\/div>\n<div class=\"m-long-description__best-for-icon\" aria-hidden=\"true\"><img loading=\"lazy\" decoding=\"async\" class=\"a-responsive-image__img\" src=\"https:\/\/www.brooksrunning.com\/on\/demandware.static\/-\/Sites-brooks-master-catalog\/default\/dwdf8b4e34\/specs\/PDP-BestFor-FTW-Road.svg\" alt=\"\" width=\"70\" height=\"70\" \/><\/div>\n<div><\/div>\n<div class=\"m-long-description__best-for-text\"><strong>Stra\u00dfenfahrt<\/strong><\/div>\n<\/div>\n<div><\/div>\n<div><\/div>\n<div>\n<div class=\"m-long-description__best-for-icon\" aria-hidden=\"true\"><img loading=\"lazy\" decoding=\"async\" class=\"a-responsive-image__img\" src=\"https:\/\/www.brooksrunning.com\/on\/demandware.static\/-\/Sites-brooks-master-catalog\/default\/dwb19bcc7d\/specs\/PDP-BestFor-FTW-Rocker.svg\" alt=\"\" width=\"70\" height=\"70\" \/><\/div>\n<div class=\"m-long-description__best-for-text\"><strong>Unterst\u00fctzte \u00dcberg\u00e4nge<\/strong><\/div>\n<\/div>\n<div><\/div>\n<div><\/div>\n<div>\n<div class=\"m-long-description__best-for-icon\" aria-hidden=\"true\"><img loading=\"lazy\" decoding=\"async\" class=\"a-responsive-image__img\" src=\"https:\/\/www.brooksrunning.com\/on\/demandware.static\/-\/Sites-brooks-master-catalog\/default\/dwea695240\/specs\/PDP-BestFor-FTW-Walking.svg\" alt=\"\" width=\"69\" height=\"67\" \/><\/div>\n<div><\/div>\n<div class=\"m-long-description__best-for-text\"><strong>Gehen<\/strong><\/div>\n<\/div>\n<div><\/div>\n<div><\/div>\n<div>\n<h2 class=\"a-type-h2\">MAX D\u00e4mpfung. MAX Schutz. MAX Komfort.<\/h2>\n<p>IDEAL F\u00dcR DEN RENNSPORT<\/p>\n<h3>Unterst\u00fctzte \u00dcberg\u00e4nge<\/h3>\n<p>Der GlideRoll Rocker, die charakteristische W\u00f6lbung im Zehen- und Fersenbereich, unterst\u00fctzt aktiv sanfte \u00dcberg\u00e4nge von der Ferse zu den Zehen und sorgt so f\u00fcr ein angenehm leichtes Laufgef\u00fchl.<\/p>\n<\/div>\n<p>&nbsp;<\/p>\n<p>ZU WEICH? NIEMALS.<\/p>\n<h3>Sch\u00fctzende D\u00e4mpfung<\/h3>\n<p>Der Ghost Max 2 wurde im Vergleich zur Vorg\u00e4ngerversion aktualisiert und verf\u00fcgt nun \u00fcber eine leichte, mit Nitro infundierte DNA LOFT V3-D\u00e4mpfungsmischung f\u00fcr ein sch\u00fctzendes Gef\u00fchl und ein angenehmes Aufprallverhalten.<\/p>\n<p>&nbsp;<\/p>\n<p>SOLIDE GRUNDLAGE<\/p>\n<h3>Stabile Fahrt<\/h3>\n<p>Die breite Basis und die erh\u00f6hten Seitenw\u00e4nde bieten eine inh\u00e4rente Stabilit\u00e4t, die ein fantastisches Gef\u00fchl der Sicherheit vermittelt.<\/p>\n<p>&nbsp;<\/div><\/div><\/div>\n","protected":false},"excerpt":{"rendered":"<ul>\n<li>Ideale Schutzpolsterung f\u00fcr sicheres Laufen.<\/li>\n<li>Perfekt zum Laufen und Gehen.<\/li>\n<\/ul>\n","protected":false},"featured_media":262508,"template":"","meta":{"_acf_changed":false,"inline_featured_image":false},"product_brand":[],"product_cat":[6501,6538],"product_tag":[3362,6205],"class_list":{"0":"post-212194","1":"product","2":"type-product","3":"status-publish","4":"has-post-thumbnail","6":"product_cat-sale-damen-schuhe-de","7":"product_cat-neutral-damen-sale-de","8":"product_tag-brooks-de","9":"product_tag-brooks-damen-de","10":"pa_attivita-gehen","11":"pa_attivita-running-de","12":"pa_colore-ghost-max-2-w-baltic-sea-bonnie-blue-pea-de","13":"pa_colore-ghost-max-2-w-black-white-orchid-ice-de","14":"pa_colore-ghost-max-2-w-white-hot-coral-de","15":"pa_colore-ghost-max-2-w-white-peach-coral-de","16":"pa_marca-brooks-de","17":"pa_sesso-damen","18":"pa_size-38-de","19":"pa_size-38-5-de","20":"pa_size-39-de","21":"pa_size-40-de","22":"pa_size-40-5-de","24":"first","25":"instock","26":"taxable","27":"shipping-taxable","28":"purchasable","29":"product-type-variable","30":"wvs-archive-product-wrapper"},"acf":[],"yoast_head":"<!-- This site is optimized with the Yoast SEO plugin v26.8 - https:\/\/yoast.com\/product\/yoast-seo-wordpress\/ -->\n<title>Brooks Ghost Max 2 damen - Laufschuhe - MioMioRun.com<\/title>\n<meta name=\"description\" content=\"Die Ghost Max 2 Laufschuhe f\u00fcr Frauen sind weich, geschmeidig und sch\u00fctzend und bieten jederzeit maximalen Komfort beim Laufen oder Gehen.\" \/>\n<meta name=\"robots\" content=\"index, follow, max-snippet:-1, max-image-preview:large, max-video-preview:-1\" \/>\n<link rel=\"canonical\" href=\"https:\/\/www.miomiorun.com\/de\/produkt\/ghost-max-2-damen\/\" \/>\n<meta property=\"og:locale\" content=\"de_DE\" \/>\n<meta property=\"og:type\" content=\"article\" \/>\n<meta property=\"og:title\" content=\"Brooks Ghost Max 2 damen - Laufschuhe - MioMioRun.com\" \/>\n<meta property=\"og:description\" content=\"Die Ghost Max 2 Laufschuhe f\u00fcr Frauen sind weich, geschmeidig und sch\u00fctzend und bieten jederzeit maximalen Komfort beim Laufen oder Gehen.\" \/>\n<meta property=\"og:url\" content=\"https:\/\/www.miomiorun.com\/de\/produkt\/ghost-max-2-damen\/\" \/>\n<meta property=\"og:site_name\" content=\"MioMioRun\" \/>\n<meta property=\"article:publisher\" content=\"https:\/\/www.facebook.com\/miomiorun\/\" \/>\n<meta property=\"article:modified_time\" content=\"2026-01-16T07:34:56+00:00\" \/>\n<meta property=\"og:image\" content=\"https:\/\/www.miomiorun.com\/app\/uploads\/2025\/03\/brooks-Ghost-Max-2-W-white-hot-coral-1204201B174.webp\" \/>\n\t<meta property=\"og:image:width\" content=\"600\" \/>\n\t<meta property=\"og:image:height\" content=\"600\" \/>\n\t<meta property=\"og:image:type\" content=\"image\/webp\" \/>\n<meta name=\"twitter:card\" content=\"summary_large_image\" \/>\n<meta name=\"twitter:label1\" content=\"Est. reading time\" \/>\n\t<meta name=\"twitter:data1\" content=\"2 minutes\" \/>\n<script type=\"application\/ld+json\" class=\"yoast-schema-graph\">{\"@context\":\"https:\/\/schema.org\",\"@graph\":[{\"@type\":\"WebPage\",\"@id\":\"https:\/\/www.miomiorun.com\/de\/produkt\/ghost-max-2-damen\/\",\"url\":\"https:\/\/www.miomiorun.com\/de\/produkt\/ghost-max-2-damen\/\",\"name\":\"Brooks Ghost Max 2 damen - Laufschuhe - MioMioRun.com\",\"isPartOf\":{\"@id\":\"https:\/\/www.miomiorun.com\/de\/#website\"},\"primaryImageOfPage\":{\"@id\":\"https:\/\/www.miomiorun.com\/de\/produkt\/ghost-max-2-damen\/#primaryimage\"},\"image\":{\"@id\":\"https:\/\/www.miomiorun.com\/de\/produkt\/ghost-max-2-damen\/#primaryimage\"},\"thumbnailUrl\":\"https:\/\/www.miomiorun.com\/app\/uploads\/2025\/03\/brooks-Ghost-Max-2-W-white-hot-coral-1204201B174.webp\",\"datePublished\":\"2024-10-19T15:40:48+00:00\",\"dateModified\":\"2026-01-16T07:34:56+00:00\",\"description\":\"Die Ghost Max 2 Laufschuhe f\u00fcr Frauen sind weich, geschmeidig und sch\u00fctzend und bieten jederzeit maximalen Komfort beim Laufen oder Gehen.\",\"breadcrumb\":{\"@id\":\"https:\/\/www.miomiorun.com\/de\/produkt\/ghost-max-2-damen\/#breadcrumb\"},\"inLanguage\":\"de-DE\",\"potentialAction\":[{\"@type\":\"ReadAction\",\"target\":[\"https:\/\/www.miomiorun.com\/de\/produkt\/ghost-max-2-damen\/\"]}]},{\"@type\":\"ImageObject\",\"inLanguage\":\"de-DE\",\"@id\":\"https:\/\/www.miomiorun.com\/de\/produkt\/ghost-max-2-damen\/#primaryimage\",\"url\":\"https:\/\/www.miomiorun.com\/app\/uploads\/2025\/03\/brooks-Ghost-Max-2-W-white-hot-coral-1204201B174.webp\",\"contentUrl\":\"https:\/\/www.miomiorun.com\/app\/uploads\/2025\/03\/brooks-Ghost-Max-2-W-white-hot-coral-1204201B174.webp\",\"width\":600,\"height\":600,\"caption\":\"brooks Ghost Max 2 W white hot coral 1204201B174\"},{\"@type\":\"BreadcrumbList\",\"@id\":\"https:\/\/www.miomiorun.com\/de\/produkt\/ghost-max-2-damen\/#breadcrumb\",\"itemListElement\":[{\"@type\":\"ListItem\",\"position\":1,\"name\":\"Home\",\"item\":\"https:\/\/www.miomiorun.com\/de\/\"},{\"@type\":\"ListItem\",\"position\":2,\"name\":\"Shop\",\"item\":\"https:\/\/www.miomiorun.com\/shop\/\"},{\"@type\":\"ListItem\",\"position\":3,\"name\":\"Ghost Max 2 damen\"}]},{\"@type\":\"WebSite\",\"@id\":\"https:\/\/www.miomiorun.com\/de\/#website\",\"url\":\"https:\/\/www.miomiorun.com\/de\/\",\"name\":\"MioMioRun\",\"description\":\"100% Lauf- und Trailshop\",\"publisher\":{\"@id\":\"https:\/\/www.miomiorun.com\/de\/#organization\"},\"potentialAction\":[{\"@type\":\"SearchAction\",\"target\":{\"@type\":\"EntryPoint\",\"urlTemplate\":\"https:\/\/www.miomiorun.com\/de\/?s={search_term_string}\"},\"query-input\":{\"@type\":\"PropertyValueSpecification\",\"valueRequired\":true,\"valueName\":\"search_term_string\"}}],\"inLanguage\":\"de-DE\"},{\"@type\":\"Organization\",\"@id\":\"https:\/\/www.miomiorun.com\/de\/#organization\",\"name\":\"MioMio Run\",\"url\":\"https:\/\/www.miomiorun.com\/de\/\",\"logo\":{\"@type\":\"ImageObject\",\"inLanguage\":\"de-DE\",\"@id\":\"https:\/\/www.miomiorun.com\/de\/#\/schema\/logo\/image\/\",\"url\":\"https:\/\/www.miomiorun.com\/app\/uploads\/2019\/12\/logomio.png\",\"contentUrl\":\"https:\/\/www.miomiorun.com\/app\/uploads\/2019\/12\/logomio.png\",\"width\":115,\"height\":82,\"caption\":\"MioMio Run\"},\"image\":{\"@id\":\"https:\/\/www.miomiorun.com\/de\/#\/schema\/logo\/image\/\"},\"sameAs\":[\"https:\/\/www.facebook.com\/miomiorun\/\",\"https:\/\/www.instagram.com\/miomiorun\/\"]}]}<\/script>\n<!-- \/ Yoast SEO plugin. -->","yoast_head_json":{"title":"Brooks Ghost Max 2 damen - Laufschuhe - MioMioRun.com","description":"Die Ghost Max 2 Laufschuhe f\u00fcr Frauen sind weich, geschmeidig und sch\u00fctzend und bieten jederzeit maximalen Komfort beim Laufen oder Gehen.","robots":{"index":"index","follow":"follow","max-snippet":"max-snippet:-1","max-image-preview":"max-image-preview:large","max-video-preview":"max-video-preview:-1"},"canonical":"https:\/\/www.miomiorun.com\/de\/produkt\/ghost-max-2-damen\/","og_locale":"de_DE","og_type":"article","og_title":"Brooks Ghost Max 2 damen - Laufschuhe - MioMioRun.com","og_description":"Die Ghost Max 2 Laufschuhe f\u00fcr Frauen sind weich, geschmeidig und sch\u00fctzend und bieten jederzeit maximalen Komfort beim Laufen oder Gehen.","og_url":"https:\/\/www.miomiorun.com\/de\/produkt\/ghost-max-2-damen\/","og_site_name":"MioMioRun","article_publisher":"https:\/\/www.facebook.com\/miomiorun\/","article_modified_time":"2026-01-16T07:34:56+00:00","og_image":[{"width":600,"height":600,"url":"https:\/\/www.miomiorun.com\/app\/uploads\/2025\/03\/brooks-Ghost-Max-2-W-white-hot-coral-1204201B174.webp","type":"image\/webp"}],"twitter_card":"summary_large_image","twitter_misc":{"Est. reading time":"2 minutes"},"schema":{"@context":"https:\/\/schema.org","@graph":[{"@type":"WebPage","@id":"https:\/\/www.miomiorun.com\/de\/produkt\/ghost-max-2-damen\/","url":"https:\/\/www.miomiorun.com\/de\/produkt\/ghost-max-2-damen\/","name":"Brooks Ghost Max 2 damen - Laufschuhe - MioMioRun.com","isPartOf":{"@id":"https:\/\/www.miomiorun.com\/de\/#website"},"primaryImageOfPage":{"@id":"https:\/\/www.miomiorun.com\/de\/produkt\/ghost-max-2-damen\/#primaryimage"},"image":{"@id":"https:\/\/www.miomiorun.com\/de\/produkt\/ghost-max-2-damen\/#primaryimage"},"thumbnailUrl":"https:\/\/www.miomiorun.com\/app\/uploads\/2025\/03\/brooks-Ghost-Max-2-W-white-hot-coral-1204201B174.webp","datePublished":"2024-10-19T15:40:48+00:00","dateModified":"2026-01-16T07:34:56+00:00","description":"Die Ghost Max 2 Laufschuhe f\u00fcr Frauen sind weich, geschmeidig und sch\u00fctzend und bieten jederzeit maximalen Komfort beim Laufen oder Gehen.","breadcrumb":{"@id":"https:\/\/www.miomiorun.com\/de\/produkt\/ghost-max-2-damen\/#breadcrumb"},"inLanguage":"de-DE","potentialAction":[{"@type":"ReadAction","target":["https:\/\/www.miomiorun.com\/de\/produkt\/ghost-max-2-damen\/"]}]},{"@type":"ImageObject","inLanguage":"de-DE","@id":"https:\/\/www.miomiorun.com\/de\/produkt\/ghost-max-2-damen\/#primaryimage","url":"https:\/\/www.miomiorun.com\/app\/uploads\/2025\/03\/brooks-Ghost-Max-2-W-white-hot-coral-1204201B174.webp","contentUrl":"https:\/\/www.miomiorun.com\/app\/uploads\/2025\/03\/brooks-Ghost-Max-2-W-white-hot-coral-1204201B174.webp","width":600,"height":600,"caption":"brooks Ghost Max 2 W white hot coral 1204201B174"},{"@type":"BreadcrumbList","@id":"https:\/\/www.miomiorun.com\/de\/produkt\/ghost-max-2-damen\/#breadcrumb","itemListElement":[{"@type":"ListItem","position":1,"name":"Home","item":"https:\/\/www.miomiorun.com\/de\/"},{"@type":"ListItem","position":2,"name":"Shop","item":"https:\/\/www.miomiorun.com\/shop\/"},{"@type":"ListItem","position":3,"name":"Ghost Max 2 damen"}]},{"@type":"WebSite","@id":"https:\/\/www.miomiorun.com\/de\/#website","url":"https:\/\/www.miomiorun.com\/de\/","name":"MioMioRun","description":"100% Lauf- und Trailshop","publisher":{"@id":"https:\/\/www.miomiorun.com\/de\/#organization"},"potentialAction":[{"@type":"SearchAction","target":{"@type":"EntryPoint","urlTemplate":"https:\/\/www.miomiorun.com\/de\/?s={search_term_string}"},"query-input":{"@type":"PropertyValueSpecification","valueRequired":true,"valueName":"search_term_string"}}],"inLanguage":"de-DE"},{"@type":"Organization","@id":"https:\/\/www.miomiorun.com\/de\/#organization","name":"MioMio Run","url":"https:\/\/www.miomiorun.com\/de\/","logo":{"@type":"ImageObject","inLanguage":"de-DE","@id":"https:\/\/www.miomiorun.com\/de\/#\/schema\/logo\/image\/","url":"https:\/\/www.miomiorun.com\/app\/uploads\/2019\/12\/logomio.png","contentUrl":"https:\/\/www.miomiorun.com\/app\/uploads\/2019\/12\/logomio.png","width":115,"height":82,"caption":"MioMio Run"},"image":{"@id":"https:\/\/www.miomiorun.com\/de\/#\/schema\/logo\/image\/"},"sameAs":["https:\/\/www.facebook.com\/miomiorun\/","https:\/\/www.instagram.com\/miomiorun\/"]}]}},"_links":{"self":[{"href":"https:\/\/www.miomiorun.com\/de\/wp-json\/wp\/v2\/product\/212194","targetHints":{"allow":["GET"]}}],"collection":[{"href":"https:\/\/www.miomiorun.com\/de\/wp-json\/wp\/v2\/product"}],"about":[{"href":"https:\/\/www.miomiorun.com\/de\/wp-json\/wp\/v2\/types\/product"}],"wp:featuredmedia":[{"embeddable":true,"href":"https:\/\/www.miomiorun.com\/de\/wp-json\/wp\/v2\/media\/262508"}],"wp:attachment":[{"href":"https:\/\/www.miomiorun.com\/de\/wp-json\/wp\/v2\/media?parent=212194"}],"wp:term":[{"taxonomy":"product_brand","embeddable":true,"href":"https:\/\/www.miomiorun.com\/de\/wp-json\/wp\/v2\/product_brand?post=212194"},{"taxonomy":"product_cat","embeddable":true,"href":"https:\/\/www.miomiorun.com\/de\/wp-json\/wp\/v2\/product_cat?post=212194"},{"taxonomy":"product_tag","embeddable":true,"href":"https:\/\/www.miomiorun.com\/de\/wp-json\/wp\/v2\/product_tag?post=212194"}],"curies":[{"name":"wp","href":"https:\/\/api.w.org\/{rel}","templated":true}]}}